{"id":275,"date":"2022-06-22T21:18:22","date_gmt":"2022-06-23T00:18:22","guid":{"rendered":"https:\/\/atividademapa.com\/?page_id=275"},"modified":"2025-07-09T07:09:14","modified_gmt":"2025-07-09T10:09:14","slug":"faq","status":"publish","type":"page","link":"https:\/\/atividademapa.com\/?page_id=275","title":{"rendered":"Perguntas Frequentes"},"content":{"rendered":"\t\t<div data-elementor-type=\"wp-page\" data-elementor-id=\"275\" class=\"elementor elementor-275\" data-elementor-post-type=\"page\">\n\t\t\t\t\t\t<section class=\"wd-negative-gap elementor-section elementor-top-section elementor-element elementor-element-a89bdcb elementor-section-boxed elementor-section-height-default elementor-section-height-default\" data-id=\"a89bdcb\" data-element_type=\"section\" data-e-type=\"section\">\n\t\t\t\t\t\t<div class=\"elementor-container elementor-column-gap-default\">\n\t\t\t\t\t<div class=\"elementor-column elementor-col-100 elementor-top-column elementor-element elementor-element-71c1ca3\" data-id=\"71c1ca3\" data-element_type=\"column\" data-e-type=\"column\">\n\t\t\t<div class=\"elementor-widget-wrap elementor-element-populated\">\n\t\t\t\t\t\t<div class=\"elementor-element elementor-element-f5258b9 color-scheme-inherit text-left elementor-widget elementor-widget-text-editor\" data-id=\"f5258b9\" data-element_type=\"widget\" data-e-type=\"widget\" data-widget_type=\"text-editor.default\">\n\t\t\t\t<div class=\"elementor-widget-container\">\n\t\t\t\t\t\t\t\t\t<ul><li><strong>O que \u00e9 um M.A.P.A resolvido?<\/strong><\/li><\/ul><p>\u00c9 uma Atividade M.A.P.A com todas as resolu\u00e7\u00f5es desenvolvida por nossa equipe multidisciplinar de escritores, e que tem a finalidade t\u00e3o somente de apoio; para que o aluno tenha um exemplo, e consiga elaborar seu pr\u00f3prio trabalho. Sabemos das dificuldades de quem estuda a dist\u00e2ncia, e que as institui\u00e7\u00f5es muitas vezes deixam a desejar neste tipo de suporte, n\u00e3o sanando todas as d\u00favidas dos alunos.<\/p><ul><li><strong>Como se realizam os envios?<\/strong><\/li><\/ul><p>Ap\u00f3s o pagamento confirmado, voc\u00ea ser\u00e1 imediatamente direcionado para o link de download. Voc\u00ea tamb\u00e9m poder\u00e1 acessar seus downloads em Minha Conta. O link tamb\u00e9m ser\u00e1 enviado para e-mail cadastrado; sendo assim; preencha corretamente os dados no momento da compra.<\/p><p>Caso n\u00e3o receba o e-mail com o link, verifique no lixo eletr\u00f4nico ou caixa de spam.<\/p><ul><li><strong>Qual o formato do arquivo ?<\/strong><\/li><\/ul><p>O arquivo recebido ser\u00e1 no formato original do formul\u00e1rio de entrega<\/p><ul><li><strong>O M.A.P.A fornecido \u00e9 exclusivo\u00a0 ?<\/strong><\/li><\/ul><p>N\u00e3o,\u00a0 trata-se de um exemplo resolvido para que o aluno tenha um modelo, e consiga elaborar seu pr\u00f3prio trabalho.\u00a0<\/p><ul><li><strong>O modelo c\u00f3pia \u00e9 completo?<\/strong><\/li><\/ul><p>Sim, O trabalho \u00e9 completo contemplando inclusive a resolu\u00e7\u00e3o de c\u00e1lculos quando houver.<\/p><ul><li><strong>Preciso de uma M.A.P.A Exclusivo?<\/strong><\/li><\/ul><p>Dispomos de um suporte para te ajudar com isto. Por\u00e9m, devido ao grande n\u00famero de temas e cursos, cada caso ser\u00e1 analisado individualmente de acordo com a necessidade do cliente.<\/p>\t\t\t\t\t\t\t\t<\/div>\n\t\t\t\t<\/div>\n\t\t\t\t\t<\/div>\n\t\t<\/div>\n\t\t\t\t\t<\/div>\n\t\t<\/section>\n\t\t\t\t<\/div>\n\t\t","protected":false},"excerpt":{"rendered":"<p>O que \u00e9 um M.A.P.A resolvido? \u00c9 uma Atividade M.A.P.A com todas as resolu\u00e7\u00f5es desenvolvida por nossa equipe multidisciplinar de<\/p>\n","protected":false},"author":2,"featured_media":0,"parent":0,"menu_order":0,"comment_status":"closed","ping_status":"closed","template":"","meta":{"_monsterinsights_skip_tracking":false,"_monsterinsights_sitenote_active":false,"_monsterinsights_sitenote_note":"","_monsterinsights_sitenote_category":0,"footnotes":""},"class_list":["post-275","page","type-page","status-publish","hentry"],"yoast_head":"<!-- This site is optimized with the Yoast SEO plugin v27.4 - https:\/\/yoast.com\/product\/yoast-seo-wordpress\/ -->\n<title>Perguntas Frequentes &#8902; Atividade Mapa<\/title>\n<meta name=\"robots\" content=\"index, follow, max-snippet:-1, max-image-preview:large, max-video-preview:-1\" \/>\n<link rel=\"canonical\" href=\"https:\/\/atividademapa.com\/?page_id=275\" \/>\n<meta property=\"og:locale\" content=\"pt_BR\" \/>\n<meta property=\"og:type\" content=\"article\" \/>\n<meta property=\"og:title\" content=\"Perguntas Frequentes &#8902; Atividade Mapa\" \/>\n<meta property=\"og:description\" content=\"O que \u00e9 um M.A.P.A resolvido? \u00c9 uma Atividade M.A.P.A com todas as resolu\u00e7\u00f5es desenvolvida por nossa equipe multidisciplinar de\" \/>\n<meta property=\"og:url\" content=\"https:\/\/atividademapa.com\/?page_id=275\" \/>\n<meta property=\"og:site_name\" content=\"Atividade Mapa\" \/>\n<meta property=\"article:modified_time\" content=\"2025-07-09T10:09:14+00:00\" \/>\n<meta name=\"twitter:card\" content=\"summary_large_image\" \/>\n<meta name=\"twitter:label1\" content=\"Est. tempo de leitura\" \/>\n\t<meta name=\"twitter:data1\" content=\"1 minuto\" \/>\n<script type=\"application\/ld+json\" class=\"yoast-schema-graph\">{\"@context\":\"https:\\\/\\\/schema.org\",\"@graph\":[{\"@type\":\"WebPage\",\"@id\":\"https:\\\/\\\/atividademapa.com\\\/?page_id=275\",\"url\":\"https:\\\/\\\/atividademapa.com\\\/?page_id=275\",\"name\":\"Perguntas Frequentes &#8902; Atividade Mapa\",\"isPartOf\":{\"@id\":\"https:\\\/\\\/atividademapa.com\\\/#website\"},\"datePublished\":\"2022-06-23T00:18:22+00:00\",\"dateModified\":\"2025-07-09T10:09:14+00:00\",\"breadcrumb\":{\"@id\":\"https:\\\/\\\/atividademapa.com\\\/?page_id=275#breadcrumb\"},\"inLanguage\":\"pt-BR\",\"potentialAction\":[{\"@type\":\"ReadAction\",\"target\":[\"https:\\\/\\\/atividademapa.com\\\/?page_id=275\"]}]},{\"@type\":\"BreadcrumbList\",\"@id\":\"https:\\\/\\\/atividademapa.com\\\/?page_id=275#breadcrumb\",\"itemListElement\":[{\"@type\":\"ListItem\",\"position\":1,\"name\":\"In\u00edcio\",\"item\":\"https:\\\/\\\/atividademapa.com\\\/\"},{\"@type\":\"ListItem\",\"position\":2,\"name\":\"Perguntas Frequentes\"}]},{\"@type\":\"WebSite\",\"@id\":\"https:\\\/\\\/atividademapa.com\\\/#website\",\"url\":\"https:\\\/\\\/atividademapa.com\\\/\",\"name\":\"Atividade Mapa\",\"description\":\"StudeO | Unicesumar\",\"publisher\":{\"@id\":\"https:\\\/\\\/atividademapa.com\\\/#organization\"},\"potentialAction\":[{\"@type\":\"SearchAction\",\"target\":{\"@type\":\"EntryPoint\",\"urlTemplate\":\"https:\\\/\\\/atividademapa.com\\\/?s={search_term_string}\"},\"query-input\":{\"@type\":\"PropertyValueSpecification\",\"valueRequired\":true,\"valueName\":\"search_term_string\"}}],\"inLanguage\":\"pt-BR\"},{\"@type\":\"Organization\",\"@id\":\"https:\\\/\\\/atividademapa.com\\\/#organization\",\"name\":\"Atividade MAPA\",\"url\":\"https:\\\/\\\/atividademapa.com\\\/\",\"logo\":{\"@type\":\"ImageObject\",\"inLanguage\":\"pt-BR\",\"@id\":\"https:\\\/\\\/atividademapa.com\\\/#\\\/schema\\\/logo\\\/image\\\/\",\"url\":\"https:\\\/\\\/i0.wp.com\\\/atividademapa.com\\\/wp-content\\\/uploads\\\/2023\\\/02\\\/ATIVIDADE.png?fit=600%2C300&ssl=1\",\"contentUrl\":\"https:\\\/\\\/i0.wp.com\\\/atividademapa.com\\\/wp-content\\\/uploads\\\/2023\\\/02\\\/ATIVIDADE.png?fit=600%2C300&ssl=1\",\"width\":600,\"height\":300,\"caption\":\"Atividade MAPA\"},\"image\":{\"@id\":\"https:\\\/\\\/atividademapa.com\\\/#\\\/schema\\\/logo\\\/image\\\/\"}}]}<\/script>\n<!-- \/ Yoast SEO plugin. -->","yoast_head_json":{"title":"Perguntas Frequentes &#8902; Atividade Mapa","robots":{"index":"index","follow":"follow","max-snippet":"max-snippet:-1","max-image-preview":"max-image-preview:large","max-video-preview":"max-video-preview:-1"},"canonical":"https:\/\/atividademapa.com\/?page_id=275","og_locale":"pt_BR","og_type":"article","og_title":"Perguntas Frequentes &#8902; Atividade Mapa","og_description":"O que \u00e9 um M.A.P.A resolvido? \u00c9 uma Atividade M.A.P.A com todas as resolu\u00e7\u00f5es desenvolvida por nossa equipe multidisciplinar de","og_url":"https:\/\/atividademapa.com\/?page_id=275","og_site_name":"Atividade Mapa","article_modified_time":"2025-07-09T10:09:14+00:00","twitter_card":"summary_large_image","twitter_misc":{"Est. tempo de leitura":"1 minuto"},"schema":{"@context":"https:\/\/schema.org","@graph":[{"@type":"WebPage","@id":"https:\/\/atividademapa.com\/?page_id=275","url":"https:\/\/atividademapa.com\/?page_id=275","name":"Perguntas Frequentes &#8902; Atividade Mapa","isPartOf":{"@id":"https:\/\/atividademapa.com\/#website"},"datePublished":"2022-06-23T00:18:22+00:00","dateModified":"2025-07-09T10:09:14+00:00","breadcrumb":{"@id":"https:\/\/atividademapa.com\/?page_id=275#breadcrumb"},"inLanguage":"pt-BR","potentialAction":[{"@type":"ReadAction","target":["https:\/\/atividademapa.com\/?page_id=275"]}]},{"@type":"BreadcrumbList","@id":"https:\/\/atividademapa.com\/?page_id=275#breadcrumb","itemListElement":[{"@type":"ListItem","position":1,"name":"In\u00edcio","item":"https:\/\/atividademapa.com\/"},{"@type":"ListItem","position":2,"name":"Perguntas Frequentes"}]},{"@type":"WebSite","@id":"https:\/\/atividademapa.com\/#website","url":"https:\/\/atividademapa.com\/","name":"Atividade Mapa","description":"StudeO | Unicesumar","publisher":{"@id":"https:\/\/atividademapa.com\/#organization"},"potentialAction":[{"@type":"SearchAction","target":{"@type":"EntryPoint","urlTemplate":"https:\/\/atividademapa.com\/?s={search_term_string}"},"query-input":{"@type":"PropertyValueSpecification","valueRequired":true,"valueName":"search_term_string"}}],"inLanguage":"pt-BR"},{"@type":"Organization","@id":"https:\/\/atividademapa.com\/#organization","name":"Atividade MAPA","url":"https:\/\/atividademapa.com\/","logo":{"@type":"ImageObject","inLanguage":"pt-BR","@id":"https:\/\/atividademapa.com\/#\/schema\/logo\/image\/","url":"https:\/\/i0.wp.com\/atividademapa.com\/wp-content\/uploads\/2023\/02\/ATIVIDADE.png?fit=600%2C300&ssl=1","contentUrl":"https:\/\/i0.wp.com\/atividademapa.com\/wp-content\/uploads\/2023\/02\/ATIVIDADE.png?fit=600%2C300&ssl=1","width":600,"height":300,"caption":"Atividade MAPA"},"image":{"@id":"https:\/\/atividademapa.com\/#\/schema\/logo\/image\/"}}]}},"_links":{"self":[{"href":"https:\/\/atividademapa.com\/index.php?rest_route=\/wp\/v2\/pages\/275","targetHints":{"allow":["GET"]}}],"collection":[{"href":"https:\/\/atividademapa.com\/index.php?rest_route=\/wp\/v2\/pages"}],"about":[{"href":"https:\/\/atividademapa.com\/index.php?rest_route=\/wp\/v2\/types\/page"}],"author":[{"embeddable":true,"href":"https:\/\/atividademapa.com\/index.php?rest_route=\/wp\/v2\/users\/2"}],"replies":[{"embeddable":true,"href":"https:\/\/atividademapa.com\/index.php?rest_route=%2Fwp%2Fv2%2Fcomments&post=275"}],"version-history":[{"count":10,"href":"https:\/\/atividademapa.com\/index.php?rest_route=\/wp\/v2\/pages\/275\/revisions"}],"predecessor-version":[{"id":6110,"href":"https:\/\/atividademapa.com\/index.php?rest_route=\/wp\/v2\/pages\/275\/revisions\/6110"}],"wp:attachment":[{"href":"https:\/\/atividademapa.com\/index.php?rest_route=%2Fwp%2Fv2%2Fmedia&parent=275"}],"curies":[{"name":"wp","href":"https:\/\/api.w.org\/{rel}","templated":true}]}}