{"id":2260,"date":"2023-03-01T00:24:53","date_gmt":"2023-03-01T03:24:53","guid":{"rendered":"https:\/\/atividademapa.com\/?post_type=product&#038;p=2260"},"modified":"2026-03-23T13:52:08","modified_gmt":"2026-03-23T16:52:08","slug":"mapa-ccont-administracao-financeira-e-orcamentaria-51-2023","status":"publish","type":"product","link":"https:\/\/atividademapa.com\/?product=mapa-ccont-administracao-financeira-e-orcamentaria-51-2023","title":{"rendered":"MAPA &#8211; CCONT &#8211; ADMINISTRA\u00c7\u00c3O FINANCEIRA E OR\u00c7AMENT\u00c1RIA &#8211; 51\/2023"},"content":{"rendered":"<p>MAPA &#8211; CCONT &#8211; ADMINISTRA\u00c7\u00c3O FINANCEIRA E OR\u00c7AMENT\u00c1RIA &#8211; 51\/2023<\/p>\n<table class=\"NormalTable\">\n<tbody>\n<tr>\n<td width=\"200\"><span class=\"fontstyle0\">\u00a0Ol\u00e1 estudante! Chegou o momento de explorar de forma PR\u00c1TICA os conte\u00fados aprendidos na disciplina Administra\u00e7\u00e3o Financeira e<br \/>\nOr\u00e7ament\u00e1ria! Para isso, voc\u00ea precisa cumprir tr\u00eas etapas a saber:<br \/>\n<\/span><span class=\"fontstyle2\">Primeira etapa: <\/span><span class=\"fontstyle0\">LER atentamente o texto de apoio;<br \/>\n<\/span><span class=\"fontstyle2\">Segunda etapa: <\/span><span class=\"fontstyle0\">CONSIDERAR a situa\u00e7\u00e3o problema e REALIZAR a atividade;<br \/>\n<\/span><span class=\"fontstyle2\">Terceira etapa: <\/span><span class=\"fontstyle0\">ENVIAR a atividade solicitada.<br \/>\n<\/span><span class=\"fontstyle2\">PRIMEIRA ETAPA: AQUECIMENTO &#8211; Leitura do texto de apoio<br \/>\nEntenda o que \u00e9 Proje\u00e7\u00e3o de Fluxo de Caixa<br \/>\n<\/span><span class=\"fontstyle0\">O fluxo de caixa \u00e9 um dos principais respons\u00e1veis para conservar a organiza\u00e7\u00e3o monet\u00e1ria do seu neg\u00f3cio. A partir dessa organiza\u00e7\u00e3o, \u00e9<br \/>\nposs\u00edvel acompanhar todas as movimenta\u00e7\u00f5es financeiras da empresa e o saldo final que sobra no caixa. Em outras palavras, podemos<br \/>\ndizer que o fluxo de caixa \u00e9 constru\u00eddo com base nas entradas e sa\u00eddas de dinheiro que j\u00e1 aconteceram.<br \/>\nA proje\u00e7\u00e3o de fluxo de caixa, por outro lado, est\u00e1 voltada para cen\u00e1rios futuros. A proje\u00e7\u00e3o de caixa permite a visualiza\u00e7\u00e3o dos poss\u00edveis<br \/>\nmomentos financeiros do seu neg\u00f3cio. Essa estimativa pode ser feita de diversas formas e, na maioria dos casos, \u00e9 feita a partir de uma<br \/>\nan\u00e1lise cautelosa dos dados passados. Esses dados podem ser compras via parcelamentos ou empr\u00e9stimos de clientes, por exemplo.<br \/>\nQuanto mais precisa for a proje\u00e7\u00e3o, mais eficiente ser\u00e1 a organiza\u00e7\u00e3o das finan\u00e7as da empresa.<br \/>\nA partir disso, o gestor consegue avaliar poss\u00edveis cen\u00e1rios de riscos e ter uma estimativa se o neg\u00f3cio precisar\u00e1 de financiamentos ou se<br \/>\nv\u00e3o sobrar recursos, por exemplo. Por isso, dizemos que a proje\u00e7\u00e3o de fluxo de caixa auxilia a empresa a se programar para diversas<br \/>\nsitua\u00e7\u00f5es financeiras no futuro.<br \/>\nDispon\u00edvel em: &lt;https:\/\/www.contasonline.com.br\/blog\/182\/projecao-de-fluxo-de-caixa-o-que-e-exemplos-e-como<br \/>\nfazer#:~:text=A%20proje%C3%A7%C3%A3o%20de%20caixa%20permite,empr%C3%A9stimos%20de%20clientes%2C%20por%20exemplo.&gt;<br \/>\nAcessado em 18 jan. 23.<br \/>\nConforme o exposto, a proje\u00e7\u00e3o do fluxo de caixa \u00e9 indispens\u00e1vel para a gest\u00e3o do neg\u00f3cio. Al\u00e9m disso, essa proje\u00e7\u00e3o \u00e9 essencial para a<br \/>\nan\u00e1lise da viabilidade financeira dos investimentos que as empresas pretendem fazer, pois a partir do fluxo de caixa ser\u00e1 poss\u00edvel calcular<br \/>\nindicadores como Valor Presente L\u00edquido (VPL), Taxa Interna de Retorno (TIR), Payback, entre outros.<br \/>\n<\/span><span class=\"fontstyle2\">SEGUNDA ETAPA: AN\u00c1LISE &#8211; Situa\u00e7\u00e3o Problema<br \/>\n<\/span><span class=\"fontstyle0\">Imagine que voc\u00ea, estudante, teve uma ideia inovadora de neg\u00f3cio. No entanto, antes de iniciar a implanta\u00e7\u00e3o do neg\u00f3cio voc\u00ea realizar\u00e1<br \/>\numa an\u00e1lise de viabilidade dessa ideia. Sendo assim, ser\u00e1 necess\u00e1rio realizar um Plano de Neg\u00f3cios que possibilitar\u00e1 estimar o<br \/>\ninvestimento necess\u00e1rio para a implanta\u00e7\u00e3o da empresa, bem como projetar o fluxo de caixa para a realiza\u00e7\u00e3o das an\u00e1lises necess\u00e1rias.<br \/>\nPara essa atividade ser\u00e1 necess\u00e1rio pensar em uma ideia de neg\u00f3cio. A partir dessa ideia, voc\u00ea projetar\u00e1 (com valores fict\u00edcios) o fluxo de<br \/>\ncaixa para os pr\u00f3ximos 5 anos, bem como o investimento inicial necess\u00e1rio para a implanta\u00e7\u00e3o do neg\u00f3cio. Dessa forma, para realizar a<br \/>\natividade desenvolva as seguintes etapas:<br \/>\n1. Descreva brevemente o neg\u00f3cio que voc\u00ea pretende montar, citando os produtos\/servi\u00e7os comercializados e o p\u00fablico-alvo a ser<br \/>\natingido.<br \/>\n2. A partir da sua ideia, descreva o investimento inicial necess\u00e1rio para a implanta\u00e7\u00e3o da empresa e projete o fluxo de caixa para os<br \/>\npr\u00f3ximos 5 anos. Os valores dever\u00e3o ser fict\u00edcios, e condizentes com a ideia do neg\u00f3cio.<br \/>\n3. Imagine que para conseguir o valor do investimento inicial voc\u00ea ter\u00e1 um custo de capital de 14% ao ano. A partir do custo de capital, do<br \/>\ninvestimento inicial e da proje\u00e7\u00e3o de fluxo de caixa, calcule os seguintes indicadores: Valor Presente L\u00edquido (VPL), Taxa Interna de Retorno<br \/>\n(TIR) e \u00cdndice de Lucratividade (IL). Obs.: apresentar os c\u00e1lculos realizados (caso feitos atrav\u00e9s das f\u00f3rmulas) ou apresentar o passo-a-passo<br \/>\nutilizado para calcular os indicadores na calculadora HP12C.<br \/>\n4. A partir do c\u00e1lculo dos indicadores (VPL, TIR e IL), fa\u00e7a um breve relat\u00f3rio explicando se a sua ideia de neg\u00f3cio possui viabilidade<br \/>\nfinanceira ou n\u00e3o. Justifique a sua resposta.<br \/>\n<\/span><span class=\"fontstyle2\">TERCEIRA ETAPA: A\u00c7\u00c3O &#8211; Envio da atividade<br \/>\n<\/span><span class=\"fontstyle0\">Para realizar essa atividade voc\u00ea dever\u00e1:<br \/>\n*Assistir o v\u00eddeo explicativo, dispon\u00edvel no campo &#8220;AULAS AO VIVO\/ V\u00cdDEOS EXPLICATIVOS&#8221;;<br \/>\n*Baixar o arquivo \u201cFormul\u00e1rio MAPA &#8211; Adm Financeira\u201d dispon\u00edvel no Material da Disciplina e fazer o preenchimento;<br \/>\n*Salvar o arquivo em seu computador e enviar no campo \u201cselecionar arquivo\u201d, no \u00edcone do MAPA.<br \/>\n<\/span><span class=\"fontstyle2\">ATEN\u00c7\u00c3O: <\/span><span class=\"fontstyle0\">o arquivo \u00e9 enviado apenas uma vez, portanto, certifique-se de que ele est\u00e1 finalizado e que voc\u00ea est\u00e1 enviando o arquivo<br \/>\ncorreto.<br \/>\nAgora \u00e9 com voc\u00ea. Bons estudos!<\/span><\/td>\n<\/tr>\n<\/tbody>\n<\/table>\n<p>&nbsp;<\/p>\n","protected":false},"excerpt":{"rendered":"<p>Unicesumar &#8211; MAPA &#8211; CCONT &#8211; ADMINISTRA\u00c7\u00c3O FINANCEIRA E OR\u00c7AMENT\u00c1RIA &#8211; 51\/2023<\/p>\n<ul>\n<li>Valor Presente L\u00edquido<\/li>\n<li>TIR &#8211; Taxa Interna de Retorno<\/li>\n<li>IL &#8211; \u00cdndice de Lucratividade<\/li>\n<\/ul>\n","protected":false},"featured_media":2326,"template":"","meta":{"_monsterinsights_skip_tracking":false,"_monsterinsights_sitenote_active":false,"_monsterinsights_sitenote_note":"","_monsterinsights_sitenote_category":0},"product_brand":[],"product_cat":[46],"product_tag":[91],"class_list":{"0":"post-2260","1":"product","2":"type-product","3":"status-publish","4":"has-post-thumbnail","6":"product_cat-ciencias-contabeis","7":"product_tag-mapa-512023","9":"first","10":"instock","11":"downloadable","12":"virtual","13":"purchasable","14":"product-type-simple"},"yoast_head":"<!-- This site is optimized with the Yoast SEO plugin v27.4 - https:\/\/yoast.com\/product\/yoast-seo-wordpress\/ -->\n<title>MAPA CCONT Administra\u00e7\u00e3o Financeira e Or\u00e7ament\u00e1ria 512023<\/title>\n<meta name=\"description\" content=\"Unicesumar Atividade MAPA - CCONT - ADMINISTRA\u00c7\u00c3O FINANCEIRA E OR\u00c7AMENT\u00c1RIA - 51\/2023, baixe totalmente resolvido, c\u00e1lculo VPL, TIR e IL.\" \/>\n<meta name=\"robots\" content=\"index, follow, max-snippet:-1, max-image-preview:large, max-video-preview:-1\" \/>\n<link rel=\"canonical\" href=\"https:\/\/atividademapa.com\/?product=mapa-ccont-administracao-financeira-e-orcamentaria-51-2023\" \/>\n<meta property=\"og:locale\" content=\"pt_BR\" \/>\n<meta property=\"og:type\" content=\"article\" \/>\n<meta property=\"og:title\" content=\"MAPA CCONT Administra\u00e7\u00e3o Financeira e Or\u00e7ament\u00e1ria 512023\" \/>\n<meta property=\"og:description\" content=\"Unicesumar Atividade MAPA - CCONT - ADMINISTRA\u00c7\u00c3O FINANCEIRA E OR\u00c7AMENT\u00c1RIA - 51\/2023, baixe totalmente resolvido, c\u00e1lculo VPL, TIR e IL.\" \/>\n<meta property=\"og:url\" content=\"https:\/\/atividademapa.com\/?product=mapa-ccont-administracao-financeira-e-orcamentaria-51-2023\" \/>\n<meta property=\"og:site_name\" content=\"Atividade Mapa\" \/>\n<meta property=\"article:modified_time\" content=\"2026-03-23T16:52:08+00:00\" \/>\n<meta property=\"og:image\" content=\"https:\/\/atividademapa.com\/wp-content\/uploads\/2023\/03\/Atividade-M.A.P.A-3.png\" \/>\n\t<meta property=\"og:image:width\" content=\"300\" \/>\n\t<meta property=\"og:image:height\" content=\"300\" \/>\n\t<meta property=\"og:image:type\" content=\"image\/png\" \/>\n<meta name=\"twitter:card\" content=\"summary_large_image\" \/>\n<meta name=\"twitter:label1\" content=\"Est. tempo de leitura\" \/>\n\t<meta name=\"twitter:data1\" content=\"4 minutos\" \/>\n<script type=\"application\/ld+json\" class=\"yoast-schema-graph\">{\"@context\":\"https:\\\/\\\/schema.org\",\"@graph\":[{\"@type\":\"WebPage\",\"@id\":\"https:\\\/\\\/atividademapa.com\\\/?product=mapa-ccont-administracao-financeira-e-orcamentaria-51-2023\",\"url\":\"https:\\\/\\\/atividademapa.com\\\/?product=mapa-ccont-administracao-financeira-e-orcamentaria-51-2023\",\"name\":\"MAPA CCONT Administra\u00e7\u00e3o Financeira e Or\u00e7ament\u00e1ria 512023\",\"isPartOf\":{\"@id\":\"https:\\\/\\\/atividademapa.com\\\/#website\"},\"primaryImageOfPage\":{\"@id\":\"https:\\\/\\\/atividademapa.com\\\/?product=mapa-ccont-administracao-financeira-e-orcamentaria-51-2023#primaryimage\"},\"image\":{\"@id\":\"https:\\\/\\\/atividademapa.com\\\/?product=mapa-ccont-administracao-financeira-e-orcamentaria-51-2023#primaryimage\"},\"thumbnailUrl\":\"https:\\\/\\\/i0.wp.com\\\/atividademapa.com\\\/wp-content\\\/uploads\\\/2023\\\/03\\\/Atividade-M.A.P.A-3.png?fit=300%2C300&ssl=1\",\"datePublished\":\"2023-03-01T03:24:53+00:00\",\"dateModified\":\"2026-03-23T16:52:08+00:00\",\"description\":\"Unicesumar Atividade MAPA - CCONT - ADMINISTRA\u00c7\u00c3O FINANCEIRA E OR\u00c7AMENT\u00c1RIA - 51\\\/2023, baixe totalmente resolvido, c\u00e1lculo VPL, TIR e IL.\",\"breadcrumb\":{\"@id\":\"https:\\\/\\\/atividademapa.com\\\/?product=mapa-ccont-administracao-financeira-e-orcamentaria-51-2023#breadcrumb\"},\"inLanguage\":\"pt-BR\",\"potentialAction\":[{\"@type\":\"ReadAction\",\"target\":[\"https:\\\/\\\/atividademapa.com\\\/?product=mapa-ccont-administracao-financeira-e-orcamentaria-51-2023\"]}]},{\"@type\":\"ImageObject\",\"inLanguage\":\"pt-BR\",\"@id\":\"https:\\\/\\\/atividademapa.com\\\/?product=mapa-ccont-administracao-financeira-e-orcamentaria-51-2023#primaryimage\",\"url\":\"https:\\\/\\\/i0.wp.com\\\/atividademapa.com\\\/wp-content\\\/uploads\\\/2023\\\/03\\\/Atividade-M.A.P.A-3.png?fit=300%2C300&ssl=1\",\"contentUrl\":\"https:\\\/\\\/i0.wp.com\\\/atividademapa.com\\\/wp-content\\\/uploads\\\/2023\\\/03\\\/Atividade-M.A.P.A-3.png?fit=300%2C300&ssl=1\",\"width\":300,\"height\":300,\"caption\":\"Mapa Unicesumar Atividade\"},{\"@type\":\"BreadcrumbList\",\"@id\":\"https:\\\/\\\/atividademapa.com\\\/?product=mapa-ccont-administracao-financeira-e-orcamentaria-51-2023#breadcrumb\",\"itemListElement\":[{\"@type\":\"ListItem\",\"position\":1,\"name\":\"In\u00edcio\",\"item\":\"https:\\\/\\\/atividademapa.com\\\/\"},{\"@type\":\"ListItem\",\"position\":2,\"name\":\"MAPAS\",\"item\":\"https:\\\/\\\/atividademapa.com\\\/?page_id=5\"},{\"@type\":\"ListItem\",\"position\":3,\"name\":\"MAPA &#8211; CCONT &#8211; ADMINISTRA\u00c7\u00c3O FINANCEIRA E OR\u00c7AMENT\u00c1RIA &#8211; 51\\\/2023\"}]},{\"@type\":\"WebSite\",\"@id\":\"https:\\\/\\\/atividademapa.com\\\/#website\",\"url\":\"https:\\\/\\\/atividademapa.com\\\/\",\"name\":\"Atividade Mapa\",\"description\":\"StudeO | Unicesumar\",\"publisher\":{\"@id\":\"https:\\\/\\\/atividademapa.com\\\/#organization\"},\"potentialAction\":[{\"@type\":\"SearchAction\",\"target\":{\"@type\":\"EntryPoint\",\"urlTemplate\":\"https:\\\/\\\/atividademapa.com\\\/?s={search_term_string}\"},\"query-input\":{\"@type\":\"PropertyValueSpecification\",\"valueRequired\":true,\"valueName\":\"search_term_string\"}}],\"inLanguage\":\"pt-BR\"},{\"@type\":\"Organization\",\"@id\":\"https:\\\/\\\/atividademapa.com\\\/#organization\",\"name\":\"Atividade MAPA\",\"url\":\"https:\\\/\\\/atividademapa.com\\\/\",\"logo\":{\"@type\":\"ImageObject\",\"inLanguage\":\"pt-BR\",\"@id\":\"https:\\\/\\\/atividademapa.com\\\/#\\\/schema\\\/logo\\\/image\\\/\",\"url\":\"https:\\\/\\\/i0.wp.com\\\/atividademapa.com\\\/wp-content\\\/uploads\\\/2023\\\/02\\\/ATIVIDADE.png?fit=600%2C300&ssl=1\",\"contentUrl\":\"https:\\\/\\\/i0.wp.com\\\/atividademapa.com\\\/wp-content\\\/uploads\\\/2023\\\/02\\\/ATIVIDADE.png?fit=600%2C300&ssl=1\",\"width\":600,\"height\":300,\"caption\":\"Atividade MAPA\"},\"image\":{\"@id\":\"https:\\\/\\\/atividademapa.com\\\/#\\\/schema\\\/logo\\\/image\\\/\"}}]}<\/script>\n<!-- \/ Yoast SEO plugin. -->","yoast_head_json":{"title":"MAPA CCONT Administra\u00e7\u00e3o Financeira e Or\u00e7ament\u00e1ria 512023","description":"Unicesumar Atividade MAPA - CCONT - ADMINISTRA\u00c7\u00c3O FINANCEIRA E OR\u00c7AMENT\u00c1RIA - 51\/2023, baixe totalmente resolvido, c\u00e1lculo VPL, TIR e IL.","robots":{"index":"index","follow":"follow","max-snippet":"max-snippet:-1","max-image-preview":"max-image-preview:large","max-video-preview":"max-video-preview:-1"},"canonical":"https:\/\/atividademapa.com\/?product=mapa-ccont-administracao-financeira-e-orcamentaria-51-2023","og_locale":"pt_BR","og_type":"article","og_title":"MAPA CCONT Administra\u00e7\u00e3o Financeira e Or\u00e7ament\u00e1ria 512023","og_description":"Unicesumar Atividade MAPA - CCONT - ADMINISTRA\u00c7\u00c3O FINANCEIRA E OR\u00c7AMENT\u00c1RIA - 51\/2023, baixe totalmente resolvido, c\u00e1lculo VPL, TIR e IL.","og_url":"https:\/\/atividademapa.com\/?product=mapa-ccont-administracao-financeira-e-orcamentaria-51-2023","og_site_name":"Atividade Mapa","article_modified_time":"2026-03-23T16:52:08+00:00","og_image":[{"width":300,"height":300,"url":"https:\/\/atividademapa.com\/wp-content\/uploads\/2023\/03\/Atividade-M.A.P.A-3.png","type":"image\/png"}],"twitter_card":"summary_large_image","twitter_misc":{"Est. tempo de leitura":"4 minutos"},"schema":{"@context":"https:\/\/schema.org","@graph":[{"@type":"WebPage","@id":"https:\/\/atividademapa.com\/?product=mapa-ccont-administracao-financeira-e-orcamentaria-51-2023","url":"https:\/\/atividademapa.com\/?product=mapa-ccont-administracao-financeira-e-orcamentaria-51-2023","name":"MAPA CCONT Administra\u00e7\u00e3o Financeira e Or\u00e7ament\u00e1ria 512023","isPartOf":{"@id":"https:\/\/atividademapa.com\/#website"},"primaryImageOfPage":{"@id":"https:\/\/atividademapa.com\/?product=mapa-ccont-administracao-financeira-e-orcamentaria-51-2023#primaryimage"},"image":{"@id":"https:\/\/atividademapa.com\/?product=mapa-ccont-administracao-financeira-e-orcamentaria-51-2023#primaryimage"},"thumbnailUrl":"https:\/\/i0.wp.com\/atividademapa.com\/wp-content\/uploads\/2023\/03\/Atividade-M.A.P.A-3.png?fit=300%2C300&ssl=1","datePublished":"2023-03-01T03:24:53+00:00","dateModified":"2026-03-23T16:52:08+00:00","description":"Unicesumar Atividade MAPA - CCONT - ADMINISTRA\u00c7\u00c3O FINANCEIRA E OR\u00c7AMENT\u00c1RIA - 51\/2023, baixe totalmente resolvido, c\u00e1lculo VPL, TIR e IL.","breadcrumb":{"@id":"https:\/\/atividademapa.com\/?product=mapa-ccont-administracao-financeira-e-orcamentaria-51-2023#breadcrumb"},"inLanguage":"pt-BR","potentialAction":[{"@type":"ReadAction","target":["https:\/\/atividademapa.com\/?product=mapa-ccont-administracao-financeira-e-orcamentaria-51-2023"]}]},{"@type":"ImageObject","inLanguage":"pt-BR","@id":"https:\/\/atividademapa.com\/?product=mapa-ccont-administracao-financeira-e-orcamentaria-51-2023#primaryimage","url":"https:\/\/i0.wp.com\/atividademapa.com\/wp-content\/uploads\/2023\/03\/Atividade-M.A.P.A-3.png?fit=300%2C300&ssl=1","contentUrl":"https:\/\/i0.wp.com\/atividademapa.com\/wp-content\/uploads\/2023\/03\/Atividade-M.A.P.A-3.png?fit=300%2C300&ssl=1","width":300,"height":300,"caption":"Mapa Unicesumar Atividade"},{"@type":"BreadcrumbList","@id":"https:\/\/atividademapa.com\/?product=mapa-ccont-administracao-financeira-e-orcamentaria-51-2023#breadcrumb","itemListElement":[{"@type":"ListItem","position":1,"name":"In\u00edcio","item":"https:\/\/atividademapa.com\/"},{"@type":"ListItem","position":2,"name":"MAPAS","item":"https:\/\/atividademapa.com\/?page_id=5"},{"@type":"ListItem","position":3,"name":"MAPA &#8211; CCONT &#8211; ADMINISTRA\u00c7\u00c3O FINANCEIRA E OR\u00c7AMENT\u00c1RIA &#8211; 51\/2023"}]},{"@type":"WebSite","@id":"https:\/\/atividademapa.com\/#website","url":"https:\/\/atividademapa.com\/","name":"Atividade Mapa","description":"StudeO | Unicesumar","publisher":{"@id":"https:\/\/atividademapa.com\/#organization"},"potentialAction":[{"@type":"SearchAction","target":{"@type":"EntryPoint","urlTemplate":"https:\/\/atividademapa.com\/?s={search_term_string}"},"query-input":{"@type":"PropertyValueSpecification","valueRequired":true,"valueName":"search_term_string"}}],"inLanguage":"pt-BR"},{"@type":"Organization","@id":"https:\/\/atividademapa.com\/#organization","name":"Atividade MAPA","url":"https:\/\/atividademapa.com\/","logo":{"@type":"ImageObject","inLanguage":"pt-BR","@id":"https:\/\/atividademapa.com\/#\/schema\/logo\/image\/","url":"https:\/\/i0.wp.com\/atividademapa.com\/wp-content\/uploads\/2023\/02\/ATIVIDADE.png?fit=600%2C300&ssl=1","contentUrl":"https:\/\/i0.wp.com\/atividademapa.com\/wp-content\/uploads\/2023\/02\/ATIVIDADE.png?fit=600%2C300&ssl=1","width":600,"height":300,"caption":"Atividade MAPA"},"image":{"@id":"https:\/\/atividademapa.com\/#\/schema\/logo\/image\/"}}]}},"_links":{"self":[{"href":"https:\/\/atividademapa.com\/index.php?rest_route=\/wp\/v2\/product\/2260","targetHints":{"allow":["GET"]}}],"collection":[{"href":"https:\/\/atividademapa.com\/index.php?rest_route=\/wp\/v2\/product"}],"about":[{"href":"https:\/\/atividademapa.com\/index.php?rest_route=\/wp\/v2\/types\/product"}],"version-history":[{"count":6,"href":"https:\/\/atividademapa.com\/index.php?rest_route=\/wp\/v2\/product\/2260\/revisions"}],"predecessor-version":[{"id":6111,"href":"https:\/\/atividademapa.com\/index.php?rest_route=\/wp\/v2\/product\/2260\/revisions\/6111"}],"wp:featuredmedia":[{"embeddable":true,"href":"https:\/\/atividademapa.com\/index.php?rest_route=\/wp\/v2\/media\/2326"}],"wp:attachment":[{"href":"https:\/\/atividademapa.com\/index.php?rest_route=%2Fwp%2Fv2%2Fmedia&parent=2260"}],"wp:term":[{"taxonomy":"product_brand","embeddable":true,"href":"https:\/\/atividademapa.com\/index.php?rest_route=%2Fwp%2Fv2%2Fproduct_brand&post=2260"},{"taxonomy":"product_cat","embeddable":true,"href":"https:\/\/atividademapa.com\/index.php?rest_route=%2Fwp%2Fv2%2Fproduct_cat&post=2260"},{"taxonomy":"product_tag","embeddable":true,"href":"https:\/\/atividademapa.com\/index.php?rest_route=%2Fwp%2Fv2%2Fproduct_tag&post=2260"}],"curies":[{"name":"wp","href":"https:\/\/api.w.org\/{rel}","templated":true}]}}