{"id":2274,"date":"2023-03-01T22:46:33","date_gmt":"2023-03-02T01:46:33","guid":{"rendered":"https:\/\/atividademapa.com\/?post_type=product&#038;p=2274"},"modified":"2025-07-09T07:09:26","modified_gmt":"2025-07-09T10:09:26","slug":"mapa-gfin-planejamento-e-gestao-de-negocios-51-2023","status":"publish","type":"product","link":"https:\/\/atividademapa.com\/?product=mapa-gfin-planejamento-e-gestao-de-negocios-51-2023","title":{"rendered":"MAPA &#8211; GFIN &#8211; PLANEJAMENTO E GEST\u00c3O DE NEG\u00d3CIOS &#8211; 51\/2023"},"content":{"rendered":"<table class=\"NormalTable\">\n<tbody>\n<tr>\n<td width=\"550\"><span class=\"fontstyle0\">MAPA &#8211; GFIN &#8211; PLANEJAMENTO E GEST\u00c3O DE NEG\u00d3CIOS &#8211; 51\/2023<\/span><\/td>\n<\/tr>\n<\/tbody>\n<\/table>\n<p><span class=\"fontstyle0\">Ol\u00e1 acad\u00eamico(a) de Gest\u00e3o Financeira! A atividade proposta corresponde ao MAPA &#8211; Material de avalia\u00e7\u00e3o<br \/>\npr\u00e1tica de aprendizagem.<br \/>\n<\/span><span class=\"fontstyle2\">POL\u00cdTICAS DE PRE\u00c7OS E MARKETING<br \/>\n<\/span><span class=\"fontstyle0\">Perceba que a estrat\u00e9gia\/pol\u00edtica de pre\u00e7os envolve um conjunto de a\u00e7\u00f5es planejadas para que o pre\u00e7o seja<br \/>\ncompetitivo, esteja no valor que o mercado aceita pagar e consiga ser razo\u00e1vel na rela\u00e7\u00e3o do custo benef\u00edcio do produto ou servi\u00e7o (HASHIMOTO; BORGES, 2020), pois a quantidade vendida pode elevar-se ou<br \/>\nreduzir-se, dependendo da pol\u00edtica de pre\u00e7os adotada, al\u00e9m de haver, consequentemente, um aumento ou<br \/>\nredu\u00e7\u00e3o da receita total e da lucratividade. Nesse sentido, vamos estudar os 4Ps do marketing, para nos<br \/>\nauxiliar, na melhor decis\u00e3o e defini\u00e7\u00e3o do pre\u00e7o de um produto ou servi\u00e7o.<br \/>\nO que s\u00e3o os 4 Ps do marketing?<br \/>\nO prop\u00f3sito do marketing \u00e9 fazer com que os consumidores conhe\u00e7am uma marca e se interessem por ela.<br \/>\nOs 4 Ps do marketing (Mix de Marketing ou Composto de Marketing) s\u00e3o um conjunto de fatores que uma<br \/>\nempresa pode aproveitar para realizar estrat\u00e9gias que a ajudem a obter resultados positivos nas vendas. A<br \/>\ndefini\u00e7\u00e3o de cada um dos 4 Ps \u00e9: Produto, Pre\u00e7o, Pra\u00e7a e Promo\u00e7\u00e3o. \u00c9 por meio do uso desses pilares que a<br \/>\nempresa vai divulgar, vender e fortalecer a sua marca. Vamos ver em detalhes cada um dos \u201cPs\u201d do Mix de<br \/>\nMarketing: Produto, Pre\u00e7o, Pra\u00e7a e Promo\u00e7\u00e3o.<br \/>\n<\/span><span class=\"fontstyle2\">1. Produto<br \/>\n<\/span><span class=\"fontstyle0\">O elemento fundamental dos 4 Ps do marketing \u00e9 o produto. Afinal, ele \u00e9 o agente que move uma empresa,<br \/>\ncerto? Sem ele, \u00e9 imposs\u00edvel vender e divulgar.<br \/>\nE ele n\u00e3o se refere somente a um produto tang\u00edvel, mas tamb\u00e9m a servi\u00e7os, ideias e caracter\u00edsticas da<br \/>\nidentidade da marca de uma empresa. \u00c9 necess\u00e1rio entender que um mix de produtos \u00e9 um conjunto de<br \/>\nprodutos e servi\u00e7os oferecidos por uma organiza\u00e7\u00e3o. Voc\u00ea pode come\u00e7ar a pensar em seu mix de produtos<br \/>\na partir das seguintes perguntas:<br \/>\n\u00c9 um produto f\u00edsico ou digital? Qual seu formato, estilo, tamanho e cor? Qual o objetivo do produto? O<br \/>\nproblema ele promete resolver? A quem o produto se destina? Como e quando o cliente poder\u00e1 us\u00e1-lo? O<br \/>\ndiferencial competitivo do produto em rela\u00e7\u00e3o aos concorrentes? Qual o nome do produto e como ele se<br \/>\nrelaciona com a marca?<br \/>\n<\/span><span class=\"fontstyle2\">2. Pre\u00e7o<br \/>\n<\/span><span class=\"fontstyle0\">O pre\u00e7o \u00e9 o valor monet\u00e1rio que deve ser pago pelo cliente que deseja adquirir o produto. \u00c9 a receita da<br \/>\nempresa que ser\u00e1 seu pr\u00f3prio sustento. Para definir o pre\u00e7o do seu produto, \u00e9 preciso entender de<br \/>\nestrat\u00e9gia. Primeiramente, seu cliente deve estar disposto a pagar esse valor, caso contr\u00e1rio, a empresa n\u00e3o<br \/>\nconseguir\u00e1 lucrar. Al\u00e9m disso, o valor est\u00e1 diretamente ligado \u00e0 qualidade e ao custo-benef\u00edcio. Portanto, se<br \/>\nvoc\u00ea quer vender a um pre\u00e7o alto, seu p\u00fablico deve enxergar benef\u00edcios que compensam seu investimento.<br \/>\n<\/span><span class=\"fontstyle2\">3. Pra\u00e7a<br \/>\n<\/span><span class=\"fontstyle0\">A palavra pra\u00e7a representa o local onde o produto \u00e9 comercializado e os canais de distribui\u00e7\u00e3o utilizados<br \/>\npara que o produto chegue at\u00e9 o consumidor. Por exemplo, uma empresa como a Renner distribui produtos<br \/>\ntanto nas lojas f\u00edsicas quanto atrav\u00e9s de um <\/span><span class=\"fontstyle3\">ecommerce<\/span><span class=\"fontstyle0\">.<br \/>\nO aumento da sua receita vai depender muito da pra\u00e7a. Afinal, quanto mais r\u00e1pido seu produto chegar ao<br \/>\nconsumidor, mais satisfeito ele se sentir\u00e1 e mais fiel \u00e0 marca ele ser\u00e1. Somado a isso, mais chances do seu<br \/>\ncliente voltar a fechar neg\u00f3cios com voc\u00ea. Esses s\u00e3o alguns elementos que formam um bom mix de<br \/>\ndistribui\u00e7\u00e3o: Canais de distribui\u00e7\u00e3o e pontos de venda; Armazenamento; Manuseio dos produtos; Transporte;<br \/>\n<\/span><span class=\"fontstyle2\">4. Promo\u00e7\u00e3o<br \/>\n<\/span><span class=\"fontstyle0\">A promo\u00e7\u00e3o n\u00e3o est\u00e1 relacionada a ofertas e liquida\u00e7\u00f5es, mas sim ao ato de promover uma marca ou<br \/>\nproduto. Ela tem o objetivo de persuadir o consumidor a realizar uma compra. E como fazer isso? Simples:<br \/>\n<\/span><span class=\"fontstyle4\">Unicesumar &#8211; Ensino a Dist\u00e2ncia https:\/\/studeo.unicesumar.edu.br\/<br \/>\n2 of 4 27\/02\/2023, 09:26<\/span><br \/>\n<span class=\"fontstyle0\">propagando uma mensagem atrav\u00e9s de uma linguagem que atinja seu p\u00fablico-alvo com efici\u00eancia. Os<br \/>\nprincipais elementos de um bom mix de promo\u00e7\u00e3o s\u00e3o: Publicidade e propaganda; Rela\u00e7\u00f5es p\u00fablicas; Redes<br \/>\nsociais; Blogs; Promo\u00e7\u00e3o de Vendas<br \/>\nA import\u00e2ncia dos 4 Ps de marketing no mundo dos neg\u00f3cios<br \/>\nSe sua empresa alinhar e conectar bem os 4 Ps do marketing, ela conseguir\u00e1 direcionar todas as a\u00e7\u00f5es,<br \/>\ninclusive o valor do pre\u00e7o de venda, de forma bem-sucedida. Portanto, quanto mais integrada for a sua<br \/>\nestrat\u00e9gia, mais r\u00e1pido voc\u00ea atingir\u00e1 suas metas de vendas. Utilizar o Mix de Marketing no seu planejamento<br \/>\nestrat\u00e9gico \u00e9 de suma import\u00e2ncia, pois ele cria sinergia entre as diversas \u00e1reas principais da sua empresa,<br \/>\nguiando decis\u00f5es e fidelizando seus clientes com mais facilidade e contribuindo com as vendas.<br \/>\nPerceba que neste sentido, a estrat\u00e9gia de pre\u00e7os envolve um conjunto de a\u00e7\u00f5es planejadas para que o<br \/>\npre\u00e7o seja competitivo, esteja no valor que o mercado aceita pagar e consiga ser razo\u00e1vel na rela\u00e7\u00e3o do<br \/>\ncusto-benef\u00edcio do produto ou servi\u00e7o, pois a quantidade vendida pode elevar-se ou reduzir-se,<br \/>\ndependendo da pol\u00edtica de pre\u00e7os adotada, al\u00e9m de haver, consequentemente, um aumento ou redu\u00e7\u00e3o da<br \/>\nreceita total e da lucratividade. Assim, como a participa\u00e7\u00e3o no mercado est\u00e1 diretamente relacionada com as<br \/>\nvendas, ela tamb\u00e9m pode ser influenciada pelo pre\u00e7o.<br \/>\nFonte adaptado de: Dinamize. Dispon\u00edvel em: https:\/\/www.dinamize.com.br\/blog\/4-ps-do-marketing\/.<br \/>\nAcesso em: 13\/12\/2022.<br \/>\nA no\u00e7\u00e3o de valor do cliente e das a\u00e7\u00f5es dos competidores podem levar a mudan\u00e7as nos pre\u00e7os de vendas e<br \/>\nnas margens de lucro esperadas. Nesta perspectiva, a precifica\u00e7\u00e3o pode ser realizada a partir de <\/span><span class=\"fontstyle2\">\u201cum<br \/>\nnivelamento de baixo para cima, de cima para baixo ou pela m\u00e9dia&#8221;.<br \/>\n<\/span><span class=\"fontstyle0\">Segundo o texto elaborado pela <\/span><span class=\"fontstyle2\">Dinamize <\/span><span class=\"fontstyle0\">que apresenta diversos conceitos totalmente relacionado com os<br \/>\nassuntos estudados em nossa disciplina, no qual a Dinamize vem impactando seus clientes com excelentes<br \/>\nservi\u00e7os prestados, destacando especificamente, a import\u00e2ncia da Pol\u00edtica de Pre\u00e7os e Marketing. <\/span><span class=\"fontstyle2\">Voc\u00ea deve<br \/>\nacessar <\/span><span class=\"fontstyle0\">o endere\u00e7o:<br \/>\nhttps:\/\/www.dinamize.com.br\/blog\/4-ps-do-marketing\/ ler, analisar e consultar a Unidade 02 a partir da pg.<br \/>\n80 do nosso livro, <\/span><span class=\"fontstyle2\">resolver e apresentar o resultado l\u00edquido (R$) do exerc\u00edcio proposto, utilizando o<br \/>\ncusteio por absor\u00e7\u00e3o e indicando qual \u00e9 o tipo de nivelamento apurado no resultado do exerc\u00edcio.<br \/>\n<\/span><span class=\"fontstyle0\">Pois, temos <\/span><span class=\"fontstyle2\">03 (tr\u00eas) tipos de nivelamento do pre\u00e7os <\/span><span class=\"fontstyle0\">(Estrat\u00e9gias de Precifica\u00e7\u00e3o) que podem influenciar o<br \/>\ncliente\/consumidor, em rela\u00e7\u00e3o ao pre\u00e7o de um produto, conforme estudados na unidade 02.<br \/>\n<\/span><span class=\"fontstyle2\">Exerc\u00edcio:<br \/>\n<\/span><span class=\"fontstyle0\">O contador da ind\u00fastria Legal, disponibilizou as seguintes informa\u00e7\u00f5es para elabora\u00e7\u00e3o dos resultados<br \/>\napurados no per\u00edodo:<br \/>\n&#8211; Que a ind\u00fastria fabrica um \u00fanico tipo de produto;<br \/>\n&#8211; A quantidade de produtos produzida no per\u00edodo \u00e9 de 12.000 unidades;<br \/>\n&#8211; A quantidade de produtos vendidas no per\u00edodo foi de 12.000 unidades.<br \/>\nSeguem demais informa\u00e7\u00f5es no quadro 01 abaixo.<br \/>\nQuadro 01: Custos, Despesas e Outros.<br \/>\n<\/span><\/p>\n<table class=\"NormalTable\" style=\"height: 233px\" width=\"425\">\n<tbody>\n<tr>\n<td width=\"246\"><span class=\"fontstyle2\">DESCRI\u00c7\u00c3O <\/span><\/td>\n<td width=\"83\"><span class=\"fontstyle2\">VALORES R$<\/span><\/td>\n<\/tr>\n<tr>\n<td width=\"246\"><span class=\"fontstyle0\">Pre\u00e7o de Venda Unit\u00e1rio <\/span><\/td>\n<td width=\"83\"><span class=\"fontstyle0\">2,00<\/span><\/td>\n<\/tr>\n<tr>\n<td width=\"246\"><span class=\"fontstyle0\">Total dos Custos Vari\u00e1veis (MP + MOD)<\/span><\/td>\n<td width=\"83\"><span class=\"fontstyle0\">9.000,00<\/span><\/td>\n<\/tr>\n<tr>\n<td width=\"246\"><span class=\"fontstyle0\">Total das Despesas Vari\u00e1veis <\/span><\/td>\n<td width=\"83\"><span class=\"fontstyle0\">5.000,00<\/span><\/td>\n<\/tr>\n<tr>\n<td width=\"246\"><span class=\"fontstyle0\">Total dos Custo Fixo <\/span><\/td>\n<td width=\"83\"><span class=\"fontstyle0\">8.000,00<\/span><\/td>\n<\/tr>\n<tr>\n<td width=\"246\"><span class=\"fontstyle0\">Despesas Gerais <\/span><\/td>\n<td width=\"83\"><span class=\"fontstyle0\">2.000,00<\/span><\/td>\n<\/tr>\n<\/tbody>\n<\/table>\n<p><span class=\"fontstyle0\">Fonte: Elaborado pelo professor, 2023.<br \/>\n<\/span><span class=\"fontstyle4\">Unicesumar &#8211; Ensino a Dist\u00e2ncia https:\/\/studeo.unicesumar.edu.br\/<br \/>\n3 of 4 27\/02\/2023, 09:26<\/span><br \/>\n<span class=\"fontstyle2\">ORIENTA\u00c7\u00d5ES IMPORTANTES<br \/>\n<\/span><span class=\"fontstyle0\">&#8211; Realize a leitura das unidades 2 e 3 do livro da disciplina.<br \/>\n&#8211; Assista ao v\u00eddeo de orienta\u00e7\u00f5es gravado pelo professor.<br \/>\n&#8211; Realize a sua Atividade MAPA no Formul\u00e1rio Padr\u00e3o que est\u00e1 dispon\u00edvel para download no Material da<br \/>\nDisciplina.<br \/>\n&#8211; Certifique-se de que est\u00e1 encaminhando o arquivo correto no seu Studeo antes de Finalizar, pois n\u00e3o<br \/>\nhaver\u00e1 como editar e\/ou enviar outro arquivo ap\u00f3s a finaliza\u00e7\u00e3o.<br \/>\n<\/span><span class=\"fontstyle5\">Bons estudos!<\/span><\/p>\n","protected":false},"excerpt":{"rendered":"<p>MAPA &#8211; GFIN &#8211; PLANEJAMENTO E GEST\u00c3O DE NEG\u00d3CIOS &#8211; 51\/2023 Ol\u00e1 acad\u00eamico(a) de Gest\u00e3o Financeira! A atividade proposta corresponde<\/p>\n","protected":false},"featured_media":2326,"template":"","meta":{"_monsterinsights_skip_tracking":false,"_monsterinsights_sitenote_active":false,"_monsterinsights_sitenote_note":"","_monsterinsights_sitenote_category":0},"product_brand":[],"product_cat":[70],"product_tag":[91],"class_list":{"0":"post-2274","1":"product","2":"type-product","3":"status-publish","4":"has-post-thumbnail","6":"product_cat-cst-em-gestao-financeira","7":"product_tag-mapa-512023","9":"first","10":"instock","11":"downloadable","12":"virtual","13":"purchasable","14":"product-type-simple"},"yoast_head":"<!-- This site is optimized with the Yoast SEO plugin v27.4 - https:\/\/yoast.com\/product\/yoast-seo-wordpress\/ -->\n<title>MAPA GFIN Planejamento e Gest\u00e3o de Neg\u00f3cios 51\/2023<\/title>\n<meta name=\"description\" content=\"Unicesumar &#8902; MAPA - GFIN - PLANEJAMENTO E GEST\u00c3O DE NEG\u00d3CIOS - 51\/2023 Gest\u00e3o Financeira - Ind\u00fastria Legal | resultado l\u00edquido (R$) e Nivelamento Apurado.\" \/>\n<meta name=\"robots\" content=\"index, follow, max-snippet:-1, max-image-preview:large, max-video-preview:-1\" \/>\n<link rel=\"canonical\" href=\"https:\/\/atividademapa.com\/?product=mapa-gfin-planejamento-e-gestao-de-negocios-51-2023\" \/>\n<meta property=\"og:locale\" content=\"pt_BR\" \/>\n<meta property=\"og:type\" content=\"article\" \/>\n<meta property=\"og:title\" content=\"MAPA GFIN Planejamento e Gest\u00e3o de Neg\u00f3cios 51\/2023\" \/>\n<meta property=\"og:description\" content=\"Unicesumar &#8902; MAPA - GFIN - PLANEJAMENTO E GEST\u00c3O DE NEG\u00d3CIOS - 51\/2023 Gest\u00e3o Financeira - Ind\u00fastria Legal | resultado l\u00edquido (R$) e Nivelamento Apurado.\" \/>\n<meta property=\"og:url\" content=\"https:\/\/atividademapa.com\/?product=mapa-gfin-planejamento-e-gestao-de-negocios-51-2023\" \/>\n<meta property=\"og:site_name\" content=\"Atividade Mapa\" \/>\n<meta property=\"article:modified_time\" content=\"2025-07-09T10:09:26+00:00\" \/>\n<meta property=\"og:image\" content=\"https:\/\/i0.wp.com\/atividademapa.com\/wp-content\/uploads\/2023\/03\/Atividade-M.A.P.A-3.png?fit=300%2C300&ssl=1\" \/>\n\t<meta property=\"og:image:width\" content=\"300\" \/>\n\t<meta property=\"og:image:height\" content=\"300\" \/>\n\t<meta property=\"og:image:type\" content=\"image\/png\" \/>\n<meta name=\"twitter:card\" content=\"summary_large_image\" \/>\n<meta name=\"twitter:label1\" content=\"Est. tempo de leitura\" \/>\n\t<meta name=\"twitter:data1\" content=\"7 minutos\" \/>\n<script type=\"application\/ld+json\" class=\"yoast-schema-graph\">{\"@context\":\"https:\\\/\\\/schema.org\",\"@graph\":[{\"@type\":\"WebPage\",\"@id\":\"https:\\\/\\\/atividademapa.com\\\/?product=mapa-gfin-planejamento-e-gestao-de-negocios-51-2023\",\"url\":\"https:\\\/\\\/atividademapa.com\\\/?product=mapa-gfin-planejamento-e-gestao-de-negocios-51-2023\",\"name\":\"MAPA GFIN Planejamento e Gest\u00e3o de Neg\u00f3cios 51\\\/2023\",\"isPartOf\":{\"@id\":\"https:\\\/\\\/atividademapa.com\\\/#website\"},\"primaryImageOfPage\":{\"@id\":\"https:\\\/\\\/atividademapa.com\\\/?product=mapa-gfin-planejamento-e-gestao-de-negocios-51-2023#primaryimage\"},\"image\":{\"@id\":\"https:\\\/\\\/atividademapa.com\\\/?product=mapa-gfin-planejamento-e-gestao-de-negocios-51-2023#primaryimage\"},\"thumbnailUrl\":\"https:\\\/\\\/i0.wp.com\\\/atividademapa.com\\\/wp-content\\\/uploads\\\/2023\\\/03\\\/Atividade-M.A.P.A-3.png?fit=300%2C300&ssl=1\",\"datePublished\":\"2023-03-02T01:46:33+00:00\",\"dateModified\":\"2025-07-09T10:09:26+00:00\",\"description\":\"Unicesumar &#8902; MAPA - GFIN - PLANEJAMENTO E GEST\u00c3O DE NEG\u00d3CIOS - 51\\\/2023 Gest\u00e3o Financeira - Ind\u00fastria Legal | resultado l\u00edquido (R$) e Nivelamento Apurado.\",\"breadcrumb\":{\"@id\":\"https:\\\/\\\/atividademapa.com\\\/?product=mapa-gfin-planejamento-e-gestao-de-negocios-51-2023#breadcrumb\"},\"inLanguage\":\"pt-BR\",\"potentialAction\":[{\"@type\":\"ReadAction\",\"target\":[\"https:\\\/\\\/atividademapa.com\\\/?product=mapa-gfin-planejamento-e-gestao-de-negocios-51-2023\"]}]},{\"@type\":\"ImageObject\",\"inLanguage\":\"pt-BR\",\"@id\":\"https:\\\/\\\/atividademapa.com\\\/?product=mapa-gfin-planejamento-e-gestao-de-negocios-51-2023#primaryimage\",\"url\":\"https:\\\/\\\/i0.wp.com\\\/atividademapa.com\\\/wp-content\\\/uploads\\\/2023\\\/03\\\/Atividade-M.A.P.A-3.png?fit=300%2C300&ssl=1\",\"contentUrl\":\"https:\\\/\\\/i0.wp.com\\\/atividademapa.com\\\/wp-content\\\/uploads\\\/2023\\\/03\\\/Atividade-M.A.P.A-3.png?fit=300%2C300&ssl=1\",\"width\":300,\"height\":300,\"caption\":\"Mapa Unicesumar Atividade\"},{\"@type\":\"BreadcrumbList\",\"@id\":\"https:\\\/\\\/atividademapa.com\\\/?product=mapa-gfin-planejamento-e-gestao-de-negocios-51-2023#breadcrumb\",\"itemListElement\":[{\"@type\":\"ListItem\",\"position\":1,\"name\":\"In\u00edcio\",\"item\":\"https:\\\/\\\/atividademapa.com\\\/\"},{\"@type\":\"ListItem\",\"position\":2,\"name\":\"MAPAS\",\"item\":\"https:\\\/\\\/atividademapa.com\\\/?page_id=5\"},{\"@type\":\"ListItem\",\"position\":3,\"name\":\"MAPA &#8211; GFIN &#8211; PLANEJAMENTO E GEST\u00c3O DE NEG\u00d3CIOS &#8211; 51\\\/2023\"}]},{\"@type\":\"WebSite\",\"@id\":\"https:\\\/\\\/atividademapa.com\\\/#website\",\"url\":\"https:\\\/\\\/atividademapa.com\\\/\",\"name\":\"Atividade Mapa\",\"description\":\"StudeO | Unicesumar\",\"publisher\":{\"@id\":\"https:\\\/\\\/atividademapa.com\\\/#organization\"},\"potentialAction\":[{\"@type\":\"SearchAction\",\"target\":{\"@type\":\"EntryPoint\",\"urlTemplate\":\"https:\\\/\\\/atividademapa.com\\\/?s={search_term_string}\"},\"query-input\":{\"@type\":\"PropertyValueSpecification\",\"valueRequired\":true,\"valueName\":\"search_term_string\"}}],\"inLanguage\":\"pt-BR\"},{\"@type\":\"Organization\",\"@id\":\"https:\\\/\\\/atividademapa.com\\\/#organization\",\"name\":\"Atividade MAPA\",\"url\":\"https:\\\/\\\/atividademapa.com\\\/\",\"logo\":{\"@type\":\"ImageObject\",\"inLanguage\":\"pt-BR\",\"@id\":\"https:\\\/\\\/atividademapa.com\\\/#\\\/schema\\\/logo\\\/image\\\/\",\"url\":\"https:\\\/\\\/i0.wp.com\\\/atividademapa.com\\\/wp-content\\\/uploads\\\/2023\\\/02\\\/ATIVIDADE.png?fit=600%2C300&ssl=1\",\"contentUrl\":\"https:\\\/\\\/i0.wp.com\\\/atividademapa.com\\\/wp-content\\\/uploads\\\/2023\\\/02\\\/ATIVIDADE.png?fit=600%2C300&ssl=1\",\"width\":600,\"height\":300,\"caption\":\"Atividade MAPA\"},\"image\":{\"@id\":\"https:\\\/\\\/atividademapa.com\\\/#\\\/schema\\\/logo\\\/image\\\/\"}}]}<\/script>\n<!-- \/ Yoast SEO plugin. -->","yoast_head_json":{"title":"MAPA GFIN Planejamento e Gest\u00e3o de Neg\u00f3cios 51\/2023","description":"Unicesumar &#8902; MAPA - GFIN - PLANEJAMENTO E GEST\u00c3O DE NEG\u00d3CIOS - 51\/2023 Gest\u00e3o Financeira - Ind\u00fastria Legal | resultado l\u00edquido (R$) e Nivelamento Apurado.","robots":{"index":"index","follow":"follow","max-snippet":"max-snippet:-1","max-image-preview":"max-image-preview:large","max-video-preview":"max-video-preview:-1"},"canonical":"https:\/\/atividademapa.com\/?product=mapa-gfin-planejamento-e-gestao-de-negocios-51-2023","og_locale":"pt_BR","og_type":"article","og_title":"MAPA GFIN Planejamento e Gest\u00e3o de Neg\u00f3cios 51\/2023","og_description":"Unicesumar &#8902; MAPA - GFIN - PLANEJAMENTO E GEST\u00c3O DE NEG\u00d3CIOS - 51\/2023 Gest\u00e3o Financeira - Ind\u00fastria Legal | resultado l\u00edquido (R$) e Nivelamento Apurado.","og_url":"https:\/\/atividademapa.com\/?product=mapa-gfin-planejamento-e-gestao-de-negocios-51-2023","og_site_name":"Atividade Mapa","article_modified_time":"2025-07-09T10:09:26+00:00","og_image":[{"width":300,"height":300,"url":"https:\/\/i0.wp.com\/atividademapa.com\/wp-content\/uploads\/2023\/03\/Atividade-M.A.P.A-3.png?fit=300%2C300&ssl=1","type":"image\/png"}],"twitter_card":"summary_large_image","twitter_misc":{"Est. tempo de leitura":"7 minutos"},"schema":{"@context":"https:\/\/schema.org","@graph":[{"@type":"WebPage","@id":"https:\/\/atividademapa.com\/?product=mapa-gfin-planejamento-e-gestao-de-negocios-51-2023","url":"https:\/\/atividademapa.com\/?product=mapa-gfin-planejamento-e-gestao-de-negocios-51-2023","name":"MAPA GFIN Planejamento e Gest\u00e3o de Neg\u00f3cios 51\/2023","isPartOf":{"@id":"https:\/\/atividademapa.com\/#website"},"primaryImageOfPage":{"@id":"https:\/\/atividademapa.com\/?product=mapa-gfin-planejamento-e-gestao-de-negocios-51-2023#primaryimage"},"image":{"@id":"https:\/\/atividademapa.com\/?product=mapa-gfin-planejamento-e-gestao-de-negocios-51-2023#primaryimage"},"thumbnailUrl":"https:\/\/i0.wp.com\/atividademapa.com\/wp-content\/uploads\/2023\/03\/Atividade-M.A.P.A-3.png?fit=300%2C300&ssl=1","datePublished":"2023-03-02T01:46:33+00:00","dateModified":"2025-07-09T10:09:26+00:00","description":"Unicesumar &#8902; MAPA - GFIN - PLANEJAMENTO E GEST\u00c3O DE NEG\u00d3CIOS - 51\/2023 Gest\u00e3o Financeira - Ind\u00fastria Legal | resultado l\u00edquido (R$) e Nivelamento Apurado.","breadcrumb":{"@id":"https:\/\/atividademapa.com\/?product=mapa-gfin-planejamento-e-gestao-de-negocios-51-2023#breadcrumb"},"inLanguage":"pt-BR","potentialAction":[{"@type":"ReadAction","target":["https:\/\/atividademapa.com\/?product=mapa-gfin-planejamento-e-gestao-de-negocios-51-2023"]}]},{"@type":"ImageObject","inLanguage":"pt-BR","@id":"https:\/\/atividademapa.com\/?product=mapa-gfin-planejamento-e-gestao-de-negocios-51-2023#primaryimage","url":"https:\/\/i0.wp.com\/atividademapa.com\/wp-content\/uploads\/2023\/03\/Atividade-M.A.P.A-3.png?fit=300%2C300&ssl=1","contentUrl":"https:\/\/i0.wp.com\/atividademapa.com\/wp-content\/uploads\/2023\/03\/Atividade-M.A.P.A-3.png?fit=300%2C300&ssl=1","width":300,"height":300,"caption":"Mapa Unicesumar Atividade"},{"@type":"BreadcrumbList","@id":"https:\/\/atividademapa.com\/?product=mapa-gfin-planejamento-e-gestao-de-negocios-51-2023#breadcrumb","itemListElement":[{"@type":"ListItem","position":1,"name":"In\u00edcio","item":"https:\/\/atividademapa.com\/"},{"@type":"ListItem","position":2,"name":"MAPAS","item":"https:\/\/atividademapa.com\/?page_id=5"},{"@type":"ListItem","position":3,"name":"MAPA &#8211; GFIN &#8211; PLANEJAMENTO E GEST\u00c3O DE NEG\u00d3CIOS &#8211; 51\/2023"}]},{"@type":"WebSite","@id":"https:\/\/atividademapa.com\/#website","url":"https:\/\/atividademapa.com\/","name":"Atividade Mapa","description":"StudeO | Unicesumar","publisher":{"@id":"https:\/\/atividademapa.com\/#organization"},"potentialAction":[{"@type":"SearchAction","target":{"@type":"EntryPoint","urlTemplate":"https:\/\/atividademapa.com\/?s={search_term_string}"},"query-input":{"@type":"PropertyValueSpecification","valueRequired":true,"valueName":"search_term_string"}}],"inLanguage":"pt-BR"},{"@type":"Organization","@id":"https:\/\/atividademapa.com\/#organization","name":"Atividade MAPA","url":"https:\/\/atividademapa.com\/","logo":{"@type":"ImageObject","inLanguage":"pt-BR","@id":"https:\/\/atividademapa.com\/#\/schema\/logo\/image\/","url":"https:\/\/i0.wp.com\/atividademapa.com\/wp-content\/uploads\/2023\/02\/ATIVIDADE.png?fit=600%2C300&ssl=1","contentUrl":"https:\/\/i0.wp.com\/atividademapa.com\/wp-content\/uploads\/2023\/02\/ATIVIDADE.png?fit=600%2C300&ssl=1","width":600,"height":300,"caption":"Atividade MAPA"},"image":{"@id":"https:\/\/atividademapa.com\/#\/schema\/logo\/image\/"}}]}},"_links":{"self":[{"href":"https:\/\/atividademapa.com\/index.php?rest_route=\/wp\/v2\/product\/2274","targetHints":{"allow":["GET"]}}],"collection":[{"href":"https:\/\/atividademapa.com\/index.php?rest_route=\/wp\/v2\/product"}],"about":[{"href":"https:\/\/atividademapa.com\/index.php?rest_route=\/wp\/v2\/types\/product"}],"version-history":[{"count":3,"href":"https:\/\/atividademapa.com\/index.php?rest_route=\/wp\/v2\/product\/2274\/revisions"}],"predecessor-version":[{"id":6112,"href":"https:\/\/atividademapa.com\/index.php?rest_route=\/wp\/v2\/product\/2274\/revisions\/6112"}],"wp:featuredmedia":[{"embeddable":true,"href":"https:\/\/atividademapa.com\/index.php?rest_route=\/wp\/v2\/media\/2326"}],"wp:attachment":[{"href":"https:\/\/atividademapa.com\/index.php?rest_route=%2Fwp%2Fv2%2Fmedia&parent=2274"}],"wp:term":[{"taxonomy":"product_brand","embeddable":true,"href":"https:\/\/atividademapa.com\/index.php?rest_route=%2Fwp%2Fv2%2Fproduct_brand&post=2274"},{"taxonomy":"product_cat","embeddable":true,"href":"https:\/\/atividademapa.com\/index.php?rest_route=%2Fwp%2Fv2%2Fproduct_cat&post=2274"},{"taxonomy":"product_tag","embeddable":true,"href":"https:\/\/atividademapa.com\/index.php?rest_route=%2Fwp%2Fv2%2Fproduct_tag&post=2274"}],"curies":[{"name":"wp","href":"https:\/\/api.w.org\/{rel}","templated":true}]}}