{"id":2277,"date":"2023-03-01T23:05:04","date_gmt":"2023-03-02T02:05:04","guid":{"rendered":"https:\/\/atividademapa.com\/?post_type=product&#038;p=2277"},"modified":"2025-07-09T07:09:27","modified_gmt":"2025-07-09T10:09:27","slug":"mapa-ccont-teorias-da-administracao-51-2023","status":"publish","type":"product","link":"https:\/\/atividademapa.com\/?product=mapa-ccont-teorias-da-administracao-51-2023","title":{"rendered":"MAPA &#8211; CCONT &#8211; TEORIAS DA ADMINISTRA\u00c7\u00c3O &#8211; 51\/2023"},"content":{"rendered":"<p>MAPA &#8211; CCONT &#8211; TEORIAS DA ADMINISTRA\u00c7\u00c3O &#8211; 51\/2023<\/p>\n<p>Ol\u00e1, estudante!<br \/>\nA partir das discuss\u00f5es realizadas durante a disciplina de Teorias da Administra\u00e7\u00e3o, este \u00e9 o momento para<br \/>\nvoc\u00ea colocar em pr\u00e1tica os conhecimentos aprendidos sobre Planejamento Estrat\u00e9gico (Matriz SWOT). A<br \/>\nproposta da Atividade MAPA \u00e9 que voc\u00ea, enquanto futuro(a) profissional, analise o ambiente organizacional<br \/>\nde uma empresa, avaliando aspectos influenciadores, tanto internos como externos. Dessa forma, para<br \/>\ndesenvolver esta atividade voc\u00ea dever\u00e1 seguir as seguintes etapas:<br \/>\nPRIMEIRA ETAPA: compreender o conte\u00fado abordado na atividade. Para isso, voc\u00ea deve:<br \/>\n* Ler o conte\u00fado da Unidade 5 do livro did\u00e1tico, que explica as caracter\u00edsticas b\u00e1sicas da Matriz SWOT.<br \/>\n* Ler o texto \u201cMatriz SWOT: entenda como usar e as vantagens para sua empresa\u201d.<br \/>\n* Ler e analisar o Estudo de Caso da construtora Pre\u00e7o Justo (caso fict\u00edcio).<br \/>\n* Ler o material extra sobre a Matriz SWOT, arquivo dispon\u00edvel na pasta &#8220;Material da Disciplina&#8221;.<br \/>\n* Assistir \u00e0s aulas conceituais (dispon\u00edveis no Studeo), referente ao tema da atividade.<br \/>\n* Assistir ao v\u00eddeo sobre Matriz SWOT pelo link: https:\/\/www.youtube.com\/watch?v=SjNMKb46n80. Para<br \/>\nisso, copie e cole o link em seu navegador.<br \/>\nSEGUNDA ETAPA: leitura e an\u00e1lise do Estudo de Caso apresentado na atividade.<br \/>\nTERCEIRA ETAPA: realizar e enviar a atividade solicitada.<br \/>\n* Ap\u00f3s realizar o solicitado nas etapas 1 e 2, voc\u00ea dever\u00e1 analisar o caso apresentado, responder as<br \/>\nquest\u00f5es propostas e enviar sua atividade no Studeo.<br \/>\nDicas dos professores:<br \/>\n* Busque compreender os elementos que comp\u00f5em a Matriz SWOT (for\u00e7as, fraquezas, oportunidades e<br \/>\namea\u00e7as).<br \/>\n* Leia o conte\u00fado dos cap\u00edtulos 3 e 4 do livro dispon\u00edvel na Minha Biblioteca do Studeo: BRUGNOLO FILHO,<br \/>\nMariano. Gest\u00e3o Estrat\u00e9gica de Neg\u00f3cios. [S.l.]: Saraiva, 2018.<br \/>\nVamos l\u00e1?!<br \/>\nPRIMEIRA ETAPA: compreendendo o conte\u00fado abordado na atividade.<br \/>\n&#8220;Matriz SWOT: entenda como usar e as vantagens para sua empresa<br \/>\n. . .<br \/>\nImagine que voc\u00ea tenha a op\u00e7\u00e3o de viajar para um pa\u00eds novo m\u00eas que vem e vai fazer um quadro de pr\u00f3s e<br \/>\ncontras para tomar essa decis\u00e3o. Voc\u00ea vai pesar fatores que dizem respeito a voc\u00ea, como disponibilidade de<br \/>\ntempo, de dinheiro e aptid\u00e3o f\u00edsica, mas tamb\u00e9m se far\u00e1 sol ou chuva nesse destino, se a moeda est\u00e1<br \/>\nfavor\u00e1vel, se h\u00e1 boas condi\u00e7\u00f5es de seguran\u00e7a, entre diversas caracter\u00edsticas que fogem do seu controle. Nas<br \/>\nempresas, a Matriz SWOT cumpre esse papel de colocar na balan\u00e7a o que h\u00e1 de vantagem e desvantagem<br \/>\nem uma empreitada.<br \/>\nConhecida no Brasil como Matriz FOFA, ela mede as for\u00e7as (S, de strengths) fraquezas (W, de weaknesses) do<br \/>\nneg\u00f3cio \u2013 fatores internos \u2013 assim como oportunidades (O, de opportunities) e amea\u00e7as (T, de threats) do<br \/>\nmacroambiente \u2013 fatores externos. Muito utilizada pelas empresas durante o planejamento estrat\u00e9gico e<br \/>\npara novos projetos, ela consiste em uma an\u00e1lise detalhada da situa\u00e7\u00e3o do neg\u00f3cio no cen\u00e1rio econ\u00f4mico,<br \/>\no que ajuda o empreendedor na tomada de decis\u00e3o. Seu principal objetivo \u00e9 dar um diagn\u00f3stico estrat\u00e9gico<br \/>\nque deve prever e prevenir condi\u00e7\u00f5es negativas, al\u00e9m de firmar diretrizes que fa\u00e7am o empreendimento se<br \/>\ndiferenciar.27\/02\/2023, 08:55 Unicesumar &#8211; Ensino a Dist\u00e2ncia<br \/>\nabout:blank 3\/4<br \/>\nComo montar uma matriz SWOT?<br \/>\nO primeiro passo para colocar em pr\u00e1tica essa t\u00e9cnica estrat\u00e9gica \u00e9 definir quais s\u00e3o os pontos fracos e<br \/>\nfortes do ambiente interno do neg\u00f3cio, ou seja, o que \u00e9 controlado pela empresa. Os pontos fracos ou<br \/>\nfraquezas consistem em analisar o que pode ser feito para melhorar o neg\u00f3cio: se os funcion\u00e1rios possuem<br \/>\nas capacidades que o cargo exige, quais as defici\u00eancias de seus funcion\u00e1rios, produtos e\/ou servi\u00e7os, e<br \/>\nporque seus clientes n\u00e3o voltam ap\u00f3s uma compra.<br \/>\nEm seguida, definem-se os pontos fortes, que devem ser algo como: o que voc\u00ea faz de melhor na empresa,<br \/>\nde quais recursos o empreendimento disp\u00f5e, o que seu neg\u00f3cio possui de melhor em rela\u00e7\u00e3o ao<br \/>\nconcorrente e o que faz seus clientes retornarem \u00e0 empresa.<br \/>\nPor fim, deve-se analisar o ambiente externo do neg\u00f3cio, ou seja, o que a empresa n\u00e3o consegue controlar.<br \/>\nNesse quesito, s\u00e3o observadas as oportunidades que existem no mercado, como as tend\u00eancias\/novidades,<br \/>\nexpans\u00e3o da linha de produtos, chances de conquistar novos clientes, ou seja, o que pode gerar receita e<br \/>\nvalor. Tamb\u00e9m s\u00e3o exploradas as amea\u00e7as que a empresa pode sofrer, como novas empresas para o mesmo<br \/>\nnicho, queda no padr\u00e3o de consumo, investimento de novas tecnologias por concorrentes ou o que puder<br \/>\nafetar negativamente a receita ou a imagem do neg\u00f3cio.<br \/>\nUma dica \u00e9 listar todos os pontos levantados em um quadrante, separado nesses 4 aspectos. Depois, d\u00ea<br \/>\numa nota de prioridade para cada item, seguindo o crit\u00e9rio de sua prefer\u00eancia, e classifique cada item da<br \/>\nlista de 5 (excelente) a 1 (fraco). Multiplique a nota de prioridade pela classifica\u00e7\u00e3o, logo obter\u00e1 um valor x<br \/>\nsobre aquele item final, que te dar\u00e1 uma vis\u00e3o ampliada sobre onde focar esfor\u00e7os.<br \/>\nMantendo a empresa preparada para os desafios<br \/>\nEm tempos incertos, a Matriz SWOT cai como uma luva para definir rela\u00e7\u00f5es existentes entre os pontos<br \/>\nfortes e fracos da empresa com o que se verifica de mais importante no mercado, seja a n\u00edvel local ou<br \/>\nglobal. A an\u00e1lise permite entender a posi\u00e7\u00e3o de sua empresa comparada a seus concorrentes, conferindo<br \/>\nmais confian\u00e7a, seguran\u00e7a e for\u00e7a para lidar com os imprevistos e situa\u00e7\u00f5es desafiadoras&#8221;.<br \/>\nFonte: https:\/\/endeavor.org.br\/estrategia-e-gestao\/entenda-matriz-swot\/. Acesso em: 26 jan. 2023.<br \/>\nSEGUNDA ETAPA: leitura e an\u00e1lise do Estudo de Caso (fict\u00edcio).<br \/>\nEstudo de caso: Construtora Pre\u00e7o Justo<br \/>\nA empresa Pre\u00e7o Justo, \u00e9 uma pequena empresa de constru\u00e7\u00e3o civil e de consultoria imobili\u00e1ria e possui<br \/>\ncomo principal objetivo a constru\u00e7\u00e3o e venda de im\u00f3veis de baixo custo. A empresa, no ano de 2022, havia<br \/>\ncompletado apenas 15 anos de exist\u00eancia e, apesar de ser uma pequena empresa familiar, com algumas<br \/>\nlimita\u00e7\u00f5es da alta administra\u00e7\u00e3o, conseguiu atingir um grande n\u00edvel de sucesso em suas atividades.<br \/>\nNo entanto, durante o ano de 2022, o mercado de constru\u00e7\u00e3o civil enfrentou um grande problema<br \/>\nmercadol\u00f3gico ocasionado pela crise financeira que atingiu o pa\u00eds. Para n\u00e3o encerrar suas opera\u00e7\u00f5es, a<br \/>\nempresa Pre\u00e7o Justo precisou, assim como grande parte das empresas do segmento, realizar diversos<br \/>\nestudos e an\u00e1lises sobre os ambientes organizacionais para futuras adapta\u00e7\u00f5es.<br \/>\nDurante a crise financeira, os gestores da empresa identificaram que algumas decis\u00f5es regulat\u00f3rias (cria\u00e7\u00e3o<br \/>\nde leis) poderiam afetar negativamente a empresa e, tamb\u00e9m, que o cen\u00e1rio econ\u00f4mico, devido \u00e0 crise,<br \/>\nreduziria o poder de compra dos consumidores. E, apesar da empresa apresentar excelente sa\u00fade financeira,<br \/>\nequipe capacitada e produtos de qualidade, seria inevit\u00e1vel que a organiza\u00e7\u00e3o sofresse algum tipo de<br \/>\nimpacto. Diante das decis\u00f5es tomadas pela alta administra\u00e7\u00e3o, a organiza\u00e7\u00e3o conseguiu ajustar seu<br \/>\nportf\u00f3lio e priorizar algumas estrat\u00e9gias, como, por exemplo, investir em m\u00e1quinas e equipamentos de alta<br \/>\nqualidade e reduzir seus custos operacionais.27\/02\/2023, 08:55 Unicesumar &#8211; Ensino a Dist\u00e2ncia<br \/>\nabout:blank 4\/4<br \/>\nAp\u00f3s alguns meses da crise, muitas empresas do mesmo segmento fecharam as portas possibilitando que a<br \/>\nempresa Pre\u00e7o Justo expandisse seu mercado e ampliasse seu portf\u00f3lio de produtos e servi\u00e7os. Essa<br \/>\nfacilita\u00e7\u00e3o foi possibilitada por um grande investimento do Governo Municipal, que, por iniciativa, decidiu<br \/>\nrealizar empr\u00e9stimos com juros baixos para empresas de pequeno porte e, tamb\u00e9m, reduziu os impostos<br \/>\nlocais sobre a constru\u00e7\u00e3o civil.<br \/>\nA empresa Pre\u00e7o Justo, por apresentar tra\u00e7os de uma empresa familiar pequena, mesmo depois da<br \/>\nreestrutura\u00e7\u00e3o, apresentava limita\u00e7\u00f5es quanto \u00e0s habilidades gerenciais dos gestores, o que dificultava o<br \/>\nprocesso de comunica\u00e7\u00e3o (inefici\u00eancia) entre alta administra\u00e7\u00e3o e colaboradores, e desmotiva\u00e7\u00e3o da equipe,<br \/>\npor exemplo.<br \/>\nAgora, \u00e9 com voc\u00ea!<br \/>\nTERCEIRA ETAPA: realiza\u00e7\u00e3o e envio da atividade.<br \/>\nA partir das leituras realizadas e considerando o Estudo de Caso apresentado, fa\u00e7a o que se pede:<br \/>\n1. Escreva um texto de at\u00e9 15 linhas descrevendo a import\u00e2ncia da ferramenta Matriz SWOT e de cada um<br \/>\nde seus quadrantes para o planejamento estrat\u00e9gico de uma organiza\u00e7\u00e3o, seja ela de grande, pequeno ou<br \/>\nm\u00e9dio porte.<br \/>\n2. Com base no Estudo de Caso da Construtora Pre\u00e7o Justo, construa uma Matriz SWOT \u2014 an\u00e1lise dos<br \/>\nambientes: externo e interno \u2014 identificando, ao menos, tr\u00eas oportunidades, tr\u00eas amea\u00e7as, tr\u00eas pontos<br \/>\nfortes e, tamb\u00e9m, tr\u00eas pontos fracos.<br \/>\n3. A partir da Matriz SWOT realizada na quest\u00e3o 2 e da identifica\u00e7\u00e3o das oportunidades, amea\u00e7as, for\u00e7as e<br \/>\nfraquezas, elabore uma estrat\u00e9gia de melhoria para cada FRAQUEZA identificada.<br \/>\nORIENTA\u00c7\u00d5ES IMPORTANTES<br \/>\n&#8211; Leia o conte\u00fado da Unidade 5 do livro did\u00e1tico, dispon\u00edvel no Studeo, que explica as caracter\u00edsticas b\u00e1sicas<br \/>\nda Matriz SWOT.<br \/>\n&#8211; Assista ao v\u00eddeo de orienta\u00e7\u00f5es gravado pela professora. Para isso, copie e cole o link a seguir em seu<br \/>\nnavegador: https:\/\/youtu.be\/YFxrs9JXSDY<br \/>\n&#8211; Realize a sua Atividade MAPA no Formul\u00e1rio Padr\u00e3o dispon\u00edvel para download no Material da Disciplina.<br \/>\n&#8211; Fique atento(a) ao que foi solicitado e revise sua resposta para garantir que n\u00e3o se esqueceu de responder<br \/>\nnenhum item ou de atender a algum ponto requisitado.<br \/>\n&#8211; Certifique-se de que est\u00e1 encaminhando o arquivo correto no Studeo antes de finalizar, pois n\u00e3o haver\u00e1<br \/>\ncomo editar e\/ou enviar outro arquivo ap\u00f3s a finaliza\u00e7\u00e3o.<br \/>\n&#8211; Em caso de d\u00favidas, encaminhe mensagem ao(\u00e0) seu(sua) professor(a) mediador(a).<br \/>\nBons estudos!<\/p>\n","protected":false},"excerpt":{"rendered":"<p>UNICESUMAR &#8211; empresa Pre\u00e7o Justo<\/p>\n<p>MAPA &#8211; CCONT &#8211; TEORIAS DA ADMINISTRA\u00c7\u00c3O &#8211; 51\/2023<\/p>\n","protected":false},"featured_media":2326,"template":"","meta":{"_monsterinsights_skip_tracking":false,"_monsterinsights_sitenote_active":false,"_monsterinsights_sitenote_note":"","_monsterinsights_sitenote_category":0},"product_brand":[],"product_cat":[46],"product_tag":[91],"class_list":{"0":"post-2277","1":"product","2":"type-product","3":"status-publish","4":"has-post-thumbnail","6":"product_cat-ciencias-contabeis","7":"product_tag-mapa-512023","9":"first","10":"instock","11":"downloadable","12":"virtual","13":"purchasable","14":"product-type-simple"},"yoast_head":"<!-- This site is optimized with the Yoast SEO plugin v27.4 - https:\/\/yoast.com\/product\/yoast-seo-wordpress\/ -->\n<title>M.A.P.A CCONT - Teorias da Administra\u00e7\u00e3o 51\/2023 &#8902; Pre\u00e7o Justo<\/title>\n<meta name=\"description\" content=\"Unicesumar - Estudo de caso: Construtora Pre\u00e7o Justo - MAPA CCONT Teorias da Administra\u00e7\u00e3o 512023. Baixe agora mesmo um MAPA modelo resolvido An\u00e1lise SWOT.\" \/>\n<meta name=\"robots\" content=\"index, follow, max-snippet:-1, max-image-preview:large, max-video-preview:-1\" \/>\n<link rel=\"canonical\" href=\"https:\/\/atividademapa.com\/?product=mapa-ccont-teorias-da-administracao-51-2023\" \/>\n<meta property=\"og:locale\" content=\"pt_BR\" \/>\n<meta property=\"og:type\" content=\"article\" \/>\n<meta property=\"og:title\" content=\"M.A.P.A CCONT - Teorias da Administra\u00e7\u00e3o 51\/2023 &#8902; Pre\u00e7o Justo\" \/>\n<meta property=\"og:description\" content=\"Unicesumar - Estudo de caso: Construtora Pre\u00e7o Justo - MAPA CCONT Teorias da Administra\u00e7\u00e3o 512023. Baixe agora mesmo um MAPA modelo resolvido An\u00e1lise SWOT.\" \/>\n<meta property=\"og:url\" content=\"https:\/\/atividademapa.com\/?product=mapa-ccont-teorias-da-administracao-51-2023\" \/>\n<meta property=\"og:site_name\" content=\"Atividade Mapa\" \/>\n<meta property=\"article:modified_time\" content=\"2025-07-09T10:09:27+00:00\" \/>\n<meta property=\"og:image\" content=\"https:\/\/i0.wp.com\/atividademapa.com\/wp-content\/uploads\/2023\/03\/Atividade-M.A.P.A-3.png?fit=300%2C300&ssl=1\" \/>\n\t<meta property=\"og:image:width\" content=\"300\" \/>\n\t<meta property=\"og:image:height\" content=\"300\" \/>\n\t<meta property=\"og:image:type\" content=\"image\/png\" \/>\n<meta name=\"twitter:card\" content=\"summary_large_image\" \/>\n<meta name=\"twitter:label1\" content=\"Est. tempo de leitura\" \/>\n\t<meta name=\"twitter:data1\" content=\"8 minutos\" \/>\n<script type=\"application\/ld+json\" class=\"yoast-schema-graph\">{\"@context\":\"https:\\\/\\\/schema.org\",\"@graph\":[{\"@type\":\"WebPage\",\"@id\":\"https:\\\/\\\/atividademapa.com\\\/?product=mapa-ccont-teorias-da-administracao-51-2023\",\"url\":\"https:\\\/\\\/atividademapa.com\\\/?product=mapa-ccont-teorias-da-administracao-51-2023\",\"name\":\"M.A.P.A CCONT - Teorias da Administra\u00e7\u00e3o 51\\\/2023 &#8902; Pre\u00e7o Justo\",\"isPartOf\":{\"@id\":\"https:\\\/\\\/atividademapa.com\\\/#website\"},\"primaryImageOfPage\":{\"@id\":\"https:\\\/\\\/atividademapa.com\\\/?product=mapa-ccont-teorias-da-administracao-51-2023#primaryimage\"},\"image\":{\"@id\":\"https:\\\/\\\/atividademapa.com\\\/?product=mapa-ccont-teorias-da-administracao-51-2023#primaryimage\"},\"thumbnailUrl\":\"https:\\\/\\\/i0.wp.com\\\/atividademapa.com\\\/wp-content\\\/uploads\\\/2023\\\/03\\\/Atividade-M.A.P.A-3.png?fit=300%2C300&ssl=1\",\"datePublished\":\"2023-03-02T02:05:04+00:00\",\"dateModified\":\"2025-07-09T10:09:27+00:00\",\"description\":\"Unicesumar - Estudo de caso: Construtora Pre\u00e7o Justo - MAPA CCONT Teorias da Administra\u00e7\u00e3o 512023. Baixe agora mesmo um MAPA modelo resolvido An\u00e1lise SWOT.\",\"breadcrumb\":{\"@id\":\"https:\\\/\\\/atividademapa.com\\\/?product=mapa-ccont-teorias-da-administracao-51-2023#breadcrumb\"},\"inLanguage\":\"pt-BR\",\"potentialAction\":[{\"@type\":\"ReadAction\",\"target\":[\"https:\\\/\\\/atividademapa.com\\\/?product=mapa-ccont-teorias-da-administracao-51-2023\"]}]},{\"@type\":\"ImageObject\",\"inLanguage\":\"pt-BR\",\"@id\":\"https:\\\/\\\/atividademapa.com\\\/?product=mapa-ccont-teorias-da-administracao-51-2023#primaryimage\",\"url\":\"https:\\\/\\\/i0.wp.com\\\/atividademapa.com\\\/wp-content\\\/uploads\\\/2023\\\/03\\\/Atividade-M.A.P.A-3.png?fit=300%2C300&ssl=1\",\"contentUrl\":\"https:\\\/\\\/i0.wp.com\\\/atividademapa.com\\\/wp-content\\\/uploads\\\/2023\\\/03\\\/Atividade-M.A.P.A-3.png?fit=300%2C300&ssl=1\",\"width\":300,\"height\":300,\"caption\":\"Mapa Unicesumar Atividade\"},{\"@type\":\"BreadcrumbList\",\"@id\":\"https:\\\/\\\/atividademapa.com\\\/?product=mapa-ccont-teorias-da-administracao-51-2023#breadcrumb\",\"itemListElement\":[{\"@type\":\"ListItem\",\"position\":1,\"name\":\"In\u00edcio\",\"item\":\"https:\\\/\\\/atividademapa.com\\\/\"},{\"@type\":\"ListItem\",\"position\":2,\"name\":\"MAPAS\",\"item\":\"https:\\\/\\\/atividademapa.com\\\/?page_id=5\"},{\"@type\":\"ListItem\",\"position\":3,\"name\":\"MAPA &#8211; CCONT &#8211; TEORIAS DA ADMINISTRA\u00c7\u00c3O &#8211; 51\\\/2023\"}]},{\"@type\":\"WebSite\",\"@id\":\"https:\\\/\\\/atividademapa.com\\\/#website\",\"url\":\"https:\\\/\\\/atividademapa.com\\\/\",\"name\":\"Atividade Mapa\",\"description\":\"StudeO | Unicesumar\",\"publisher\":{\"@id\":\"https:\\\/\\\/atividademapa.com\\\/#organization\"},\"potentialAction\":[{\"@type\":\"SearchAction\",\"target\":{\"@type\":\"EntryPoint\",\"urlTemplate\":\"https:\\\/\\\/atividademapa.com\\\/?s={search_term_string}\"},\"query-input\":{\"@type\":\"PropertyValueSpecification\",\"valueRequired\":true,\"valueName\":\"search_term_string\"}}],\"inLanguage\":\"pt-BR\"},{\"@type\":\"Organization\",\"@id\":\"https:\\\/\\\/atividademapa.com\\\/#organization\",\"name\":\"Atividade MAPA\",\"url\":\"https:\\\/\\\/atividademapa.com\\\/\",\"logo\":{\"@type\":\"ImageObject\",\"inLanguage\":\"pt-BR\",\"@id\":\"https:\\\/\\\/atividademapa.com\\\/#\\\/schema\\\/logo\\\/image\\\/\",\"url\":\"https:\\\/\\\/i0.wp.com\\\/atividademapa.com\\\/wp-content\\\/uploads\\\/2023\\\/02\\\/ATIVIDADE.png?fit=600%2C300&ssl=1\",\"contentUrl\":\"https:\\\/\\\/i0.wp.com\\\/atividademapa.com\\\/wp-content\\\/uploads\\\/2023\\\/02\\\/ATIVIDADE.png?fit=600%2C300&ssl=1\",\"width\":600,\"height\":300,\"caption\":\"Atividade MAPA\"},\"image\":{\"@id\":\"https:\\\/\\\/atividademapa.com\\\/#\\\/schema\\\/logo\\\/image\\\/\"}}]}<\/script>\n<!-- \/ Yoast SEO plugin. -->","yoast_head_json":{"title":"M.A.P.A CCONT - Teorias da Administra\u00e7\u00e3o 51\/2023 &#8902; Pre\u00e7o Justo","description":"Unicesumar - Estudo de caso: Construtora Pre\u00e7o Justo - MAPA CCONT Teorias da Administra\u00e7\u00e3o 512023. Baixe agora mesmo um MAPA modelo resolvido An\u00e1lise SWOT.","robots":{"index":"index","follow":"follow","max-snippet":"max-snippet:-1","max-image-preview":"max-image-preview:large","max-video-preview":"max-video-preview:-1"},"canonical":"https:\/\/atividademapa.com\/?product=mapa-ccont-teorias-da-administracao-51-2023","og_locale":"pt_BR","og_type":"article","og_title":"M.A.P.A CCONT - Teorias da Administra\u00e7\u00e3o 51\/2023 &#8902; Pre\u00e7o Justo","og_description":"Unicesumar - Estudo de caso: Construtora Pre\u00e7o Justo - MAPA CCONT Teorias da Administra\u00e7\u00e3o 512023. Baixe agora mesmo um MAPA modelo resolvido An\u00e1lise SWOT.","og_url":"https:\/\/atividademapa.com\/?product=mapa-ccont-teorias-da-administracao-51-2023","og_site_name":"Atividade Mapa","article_modified_time":"2025-07-09T10:09:27+00:00","og_image":[{"width":300,"height":300,"url":"https:\/\/i0.wp.com\/atividademapa.com\/wp-content\/uploads\/2023\/03\/Atividade-M.A.P.A-3.png?fit=300%2C300&ssl=1","type":"image\/png"}],"twitter_card":"summary_large_image","twitter_misc":{"Est. tempo de leitura":"8 minutos"},"schema":{"@context":"https:\/\/schema.org","@graph":[{"@type":"WebPage","@id":"https:\/\/atividademapa.com\/?product=mapa-ccont-teorias-da-administracao-51-2023","url":"https:\/\/atividademapa.com\/?product=mapa-ccont-teorias-da-administracao-51-2023","name":"M.A.P.A CCONT - Teorias da Administra\u00e7\u00e3o 51\/2023 &#8902; Pre\u00e7o Justo","isPartOf":{"@id":"https:\/\/atividademapa.com\/#website"},"primaryImageOfPage":{"@id":"https:\/\/atividademapa.com\/?product=mapa-ccont-teorias-da-administracao-51-2023#primaryimage"},"image":{"@id":"https:\/\/atividademapa.com\/?product=mapa-ccont-teorias-da-administracao-51-2023#primaryimage"},"thumbnailUrl":"https:\/\/i0.wp.com\/atividademapa.com\/wp-content\/uploads\/2023\/03\/Atividade-M.A.P.A-3.png?fit=300%2C300&ssl=1","datePublished":"2023-03-02T02:05:04+00:00","dateModified":"2025-07-09T10:09:27+00:00","description":"Unicesumar - Estudo de caso: Construtora Pre\u00e7o Justo - MAPA CCONT Teorias da Administra\u00e7\u00e3o 512023. Baixe agora mesmo um MAPA modelo resolvido An\u00e1lise SWOT.","breadcrumb":{"@id":"https:\/\/atividademapa.com\/?product=mapa-ccont-teorias-da-administracao-51-2023#breadcrumb"},"inLanguage":"pt-BR","potentialAction":[{"@type":"ReadAction","target":["https:\/\/atividademapa.com\/?product=mapa-ccont-teorias-da-administracao-51-2023"]}]},{"@type":"ImageObject","inLanguage":"pt-BR","@id":"https:\/\/atividademapa.com\/?product=mapa-ccont-teorias-da-administracao-51-2023#primaryimage","url":"https:\/\/i0.wp.com\/atividademapa.com\/wp-content\/uploads\/2023\/03\/Atividade-M.A.P.A-3.png?fit=300%2C300&ssl=1","contentUrl":"https:\/\/i0.wp.com\/atividademapa.com\/wp-content\/uploads\/2023\/03\/Atividade-M.A.P.A-3.png?fit=300%2C300&ssl=1","width":300,"height":300,"caption":"Mapa Unicesumar Atividade"},{"@type":"BreadcrumbList","@id":"https:\/\/atividademapa.com\/?product=mapa-ccont-teorias-da-administracao-51-2023#breadcrumb","itemListElement":[{"@type":"ListItem","position":1,"name":"In\u00edcio","item":"https:\/\/atividademapa.com\/"},{"@type":"ListItem","position":2,"name":"MAPAS","item":"https:\/\/atividademapa.com\/?page_id=5"},{"@type":"ListItem","position":3,"name":"MAPA &#8211; CCONT &#8211; TEORIAS DA ADMINISTRA\u00c7\u00c3O &#8211; 51\/2023"}]},{"@type":"WebSite","@id":"https:\/\/atividademapa.com\/#website","url":"https:\/\/atividademapa.com\/","name":"Atividade Mapa","description":"StudeO | Unicesumar","publisher":{"@id":"https:\/\/atividademapa.com\/#organization"},"potentialAction":[{"@type":"SearchAction","target":{"@type":"EntryPoint","urlTemplate":"https:\/\/atividademapa.com\/?s={search_term_string}"},"query-input":{"@type":"PropertyValueSpecification","valueRequired":true,"valueName":"search_term_string"}}],"inLanguage":"pt-BR"},{"@type":"Organization","@id":"https:\/\/atividademapa.com\/#organization","name":"Atividade MAPA","url":"https:\/\/atividademapa.com\/","logo":{"@type":"ImageObject","inLanguage":"pt-BR","@id":"https:\/\/atividademapa.com\/#\/schema\/logo\/image\/","url":"https:\/\/i0.wp.com\/atividademapa.com\/wp-content\/uploads\/2023\/02\/ATIVIDADE.png?fit=600%2C300&ssl=1","contentUrl":"https:\/\/i0.wp.com\/atividademapa.com\/wp-content\/uploads\/2023\/02\/ATIVIDADE.png?fit=600%2C300&ssl=1","width":600,"height":300,"caption":"Atividade MAPA"},"image":{"@id":"https:\/\/atividademapa.com\/#\/schema\/logo\/image\/"}}]}},"_links":{"self":[{"href":"https:\/\/atividademapa.com\/index.php?rest_route=\/wp\/v2\/product\/2277","targetHints":{"allow":["GET"]}}],"collection":[{"href":"https:\/\/atividademapa.com\/index.php?rest_route=\/wp\/v2\/product"}],"about":[{"href":"https:\/\/atividademapa.com\/index.php?rest_route=\/wp\/v2\/types\/product"}],"version-history":[{"count":3,"href":"https:\/\/atividademapa.com\/index.php?rest_route=\/wp\/v2\/product\/2277\/revisions"}],"predecessor-version":[{"id":6113,"href":"https:\/\/atividademapa.com\/index.php?rest_route=\/wp\/v2\/product\/2277\/revisions\/6113"}],"wp:featuredmedia":[{"embeddable":true,"href":"https:\/\/atividademapa.com\/index.php?rest_route=\/wp\/v2\/media\/2326"}],"wp:attachment":[{"href":"https:\/\/atividademapa.com\/index.php?rest_route=%2Fwp%2Fv2%2Fmedia&parent=2277"}],"wp:term":[{"taxonomy":"product_brand","embeddable":true,"href":"https:\/\/atividademapa.com\/index.php?rest_route=%2Fwp%2Fv2%2Fproduct_brand&post=2277"},{"taxonomy":"product_cat","embeddable":true,"href":"https:\/\/atividademapa.com\/index.php?rest_route=%2Fwp%2Fv2%2Fproduct_cat&post=2277"},{"taxonomy":"product_tag","embeddable":true,"href":"https:\/\/atividademapa.com\/index.php?rest_route=%2Fwp%2Fv2%2Fproduct_tag&post=2277"}],"curies":[{"name":"wp","href":"https:\/\/api.w.org\/{rel}","templated":true}]}}