{"id":2290,"date":"2023-03-04T15:11:05","date_gmt":"2023-03-04T18:11:05","guid":{"rendered":"https:\/\/atividademapa.com\/?post_type=product&#038;p=2290"},"modified":"2025-07-09T07:09:29","modified_gmt":"2025-07-09T10:09:29","slug":"mapa-analise-de-investimentos-e-viabilidade-51-2023","status":"publish","type":"product","link":"https:\/\/atividademapa.com\/?product=mapa-analise-de-investimentos-e-viabilidade-51-2023","title":{"rendered":"MAPA &#8211; AN\u00c1LISE DE INVESTIMENTOS E VIABILIDADE &#8211; 51\/2023"},"content":{"rendered":"<p>MAPA &#8211; AN\u00c1LISE DE INVESTIMENTOS E VIABILIDADE &#8211; 51\/2023<br \/>\nAo estudar An\u00e1lise de Investimentos e Viabilidade, o foco principal \u00e9 a tomada de decis\u00e3o, e para<br \/>\nque isso seja poss\u00edvel, \u00e9 essencial conhecer os fundamentos b\u00e1sicos da economia, utilizando<br \/>\ninstrumentais da matem\u00e1tica financeira e da an\u00e1lise de investimento. Diante do exposto, o objetivo<br \/>\nda atividade \u00e9 fazer com que voc\u00ea, aluno, tome decis\u00e3o quanto a compra de um conjunto de<br \/>\nm\u00e1quina industrial de moagem e empacotamento de caf\u00e9.<br \/>\nO conjunto de moagem e empacotamento de caf\u00e9 \u00e9 composto por moinho, arrastadores e<br \/>\nelevador, caixa de micro p\u00f3, retorno e empacotadeira Semi Autom\u00e1tica, com capacidade de<br \/>\nprodu\u00e7\u00e3o m\u00e9dia de 400 kg por dia, conforme granulometria padr\u00e3o. O valor da m\u00e1quina \u00e9 de<br \/>\nR$50.735,00 e est\u00e1 previsto que trar\u00e1 um retorno l\u00edquido de R$ 6.227,92 por m\u00eas. A partir das<br \/>\ninforma\u00e7\u00f5es apresentadas, a atividade ser\u00e1 dividida em tr\u00eas etapas:<br \/>\nEtapa I: Sabendo que a Taxa M\u00ednima de Atratividade (TMA) do projeto \u00e9 de 5,5% ao m\u00eas, e o<br \/>\ntempo de retorno esperado \u00e9 de 12 meses, o primeiro passo \u00e9 verificar a viabilidade econ\u00f4mica e<br \/>\nfinanceira do equipamento. Para isso, utilize as informa\u00e7\u00f5es apresentadas e com o software Excel,<br \/>\nencontre o Valor Presente L\u00edquido (VPL) e a Taxa Interna de Retorno (TIR).<br \/>\nATEN\u00c7\u00c3O: Se a aquisi\u00e7\u00e3o do conjunto de moagem e empacotamento de caf\u00e9 n\u00e3o for vi\u00e1vel<br \/>\neconomicamente para a empresa, passe para a etapa III. Caso contr\u00e1rio, ou seja, se a compra for<br \/>\nvi\u00e1vel economicamente, voc\u00ea dever\u00e1 entregar a etapa II.<br \/>\nEtapa II: A empresa n\u00e3o tem o total do capital do investimento inicial necess\u00e1rio para a compra<br \/>\ndo conjunto de moagem e empacotamento de caf\u00e9 e ter\u00e1 que fazer um financiamento com a<br \/>\nfabricante da m\u00e1quina. Ap\u00f3s muitas negocia\u00e7\u00f5es, o gestor financeiro conseguiu a seguinte op\u00e7\u00e3o<br \/>\nde financiamento: Entrada de 10% do valor total da m\u00e1quina e o restante ser\u00e3o pagos em doze<br \/>\nparcelas mensais sendo cobrada taxa de juros de 1,2% ao m\u00eas, no regime de capitaliza\u00e7\u00e3o composto.<br \/>\nEncontre o valor final que sair\u00e1 a aquisi\u00e7\u00e3o do conjunto de moagem e empacotamento de caf\u00e9.<br \/>\nEtapa III: Agora, fa\u00e7a um relat\u00f3rio, de uma p\u00e1gina, explicando se a aquisi\u00e7\u00e3o do conjunto de<br \/>\nmoagem e empacotamento de caf\u00e9 \u00e9 vi\u00e1vel economicamente. N\u00e3o esque\u00e7a de apresentar a planilha<br \/>\ndo Excel com todos os c\u00e1lculos.<\/p>\n","protected":false},"excerpt":{"rendered":"<p>MAPA &#8211; AN\u00c1LISE DE INVESTIMENTOS E VIABILIDADE &#8211; 51\/2023 Ao estudar An\u00e1lise de Investimentos e Viabilidade, o foco principal \u00e9<\/p>\n","protected":false},"featured_media":2326,"template":"","meta":{"_monsterinsights_skip_tracking":false,"_monsterinsights_sitenote_active":false,"_monsterinsights_sitenote_note":"","_monsterinsights_sitenote_category":0},"product_brand":[],"product_cat":[70],"product_tag":[91],"class_list":{"0":"post-2290","1":"product","2":"type-product","3":"status-publish","4":"has-post-thumbnail","6":"product_cat-cst-em-gestao-financeira","7":"product_tag-mapa-512023","9":"first","10":"instock","11":"downloadable","12":"virtual","13":"purchasable","14":"product-type-simple"},"yoast_head":"<!-- This site is optimized with the Yoast SEO plugin v27.4 - https:\/\/yoast.com\/product\/yoast-seo-wordpress\/ -->\n<title>MAPA - AN\u00c1LISE DE INVESTIMENTOS E VIABILIDADE - 51\/2023<\/title>\n<meta name=\"description\" content=\"Unicesumar &#8902; Atividade MAPA - AN\u00c1LISE DE INVESTIMENTOS E VIABILIDADE - 51\/2023 Valor Presente L\u00edquido (VPL) e a Taxa Interna de Retorno (TIR) moagem de caf\u00e9\" \/>\n<meta name=\"robots\" content=\"index, follow, max-snippet:-1, max-image-preview:large, max-video-preview:-1\" \/>\n<link rel=\"canonical\" href=\"https:\/\/atividademapa.com\/?product=mapa-analise-de-investimentos-e-viabilidade-51-2023\" \/>\n<meta property=\"og:locale\" content=\"pt_BR\" \/>\n<meta property=\"og:type\" content=\"article\" \/>\n<meta property=\"og:title\" content=\"MAPA - AN\u00c1LISE DE INVESTIMENTOS E VIABILIDADE - 51\/2023\" \/>\n<meta property=\"og:description\" content=\"Unicesumar &#8902; Atividade MAPA - AN\u00c1LISE DE INVESTIMENTOS E VIABILIDADE - 51\/2023 Valor Presente L\u00edquido (VPL) e a Taxa Interna de Retorno (TIR) moagem de caf\u00e9\" \/>\n<meta property=\"og:url\" content=\"https:\/\/atividademapa.com\/?product=mapa-analise-de-investimentos-e-viabilidade-51-2023\" \/>\n<meta property=\"og:site_name\" content=\"Atividade Mapa\" \/>\n<meta property=\"article:modified_time\" content=\"2025-07-09T10:09:29+00:00\" \/>\n<meta property=\"og:image\" content=\"https:\/\/i0.wp.com\/atividademapa.com\/wp-content\/uploads\/2023\/03\/Atividade-M.A.P.A-3.png?fit=300%2C300&ssl=1\" \/>\n\t<meta property=\"og:image:width\" content=\"300\" \/>\n\t<meta property=\"og:image:height\" content=\"300\" \/>\n\t<meta property=\"og:image:type\" content=\"image\/png\" \/>\n<meta name=\"twitter:card\" content=\"summary_large_image\" \/>\n<meta name=\"twitter:label1\" content=\"Est. tempo de leitura\" \/>\n\t<meta name=\"twitter:data1\" content=\"2 minutos\" \/>\n<script type=\"application\/ld+json\" class=\"yoast-schema-graph\">{\"@context\":\"https:\\\/\\\/schema.org\",\"@graph\":[{\"@type\":\"WebPage\",\"@id\":\"https:\\\/\\\/atividademapa.com\\\/?product=mapa-analise-de-investimentos-e-viabilidade-51-2023\",\"url\":\"https:\\\/\\\/atividademapa.com\\\/?product=mapa-analise-de-investimentos-e-viabilidade-51-2023\",\"name\":\"MAPA - AN\u00c1LISE DE INVESTIMENTOS E VIABILIDADE - 51\\\/2023\",\"isPartOf\":{\"@id\":\"https:\\\/\\\/atividademapa.com\\\/#website\"},\"primaryImageOfPage\":{\"@id\":\"https:\\\/\\\/atividademapa.com\\\/?product=mapa-analise-de-investimentos-e-viabilidade-51-2023#primaryimage\"},\"image\":{\"@id\":\"https:\\\/\\\/atividademapa.com\\\/?product=mapa-analise-de-investimentos-e-viabilidade-51-2023#primaryimage\"},\"thumbnailUrl\":\"https:\\\/\\\/i0.wp.com\\\/atividademapa.com\\\/wp-content\\\/uploads\\\/2023\\\/03\\\/Atividade-M.A.P.A-3.png?fit=300%2C300&ssl=1\",\"datePublished\":\"2023-03-04T18:11:05+00:00\",\"dateModified\":\"2025-07-09T10:09:29+00:00\",\"description\":\"Unicesumar &#8902; Atividade MAPA - AN\u00c1LISE DE INVESTIMENTOS E VIABILIDADE - 51\\\/2023 Valor Presente L\u00edquido (VPL) e a Taxa Interna de Retorno (TIR) moagem de caf\u00e9\",\"breadcrumb\":{\"@id\":\"https:\\\/\\\/atividademapa.com\\\/?product=mapa-analise-de-investimentos-e-viabilidade-51-2023#breadcrumb\"},\"inLanguage\":\"pt-BR\",\"potentialAction\":[{\"@type\":\"ReadAction\",\"target\":[\"https:\\\/\\\/atividademapa.com\\\/?product=mapa-analise-de-investimentos-e-viabilidade-51-2023\"]}]},{\"@type\":\"ImageObject\",\"inLanguage\":\"pt-BR\",\"@id\":\"https:\\\/\\\/atividademapa.com\\\/?product=mapa-analise-de-investimentos-e-viabilidade-51-2023#primaryimage\",\"url\":\"https:\\\/\\\/i0.wp.com\\\/atividademapa.com\\\/wp-content\\\/uploads\\\/2023\\\/03\\\/Atividade-M.A.P.A-3.png?fit=300%2C300&ssl=1\",\"contentUrl\":\"https:\\\/\\\/i0.wp.com\\\/atividademapa.com\\\/wp-content\\\/uploads\\\/2023\\\/03\\\/Atividade-M.A.P.A-3.png?fit=300%2C300&ssl=1\",\"width\":300,\"height\":300,\"caption\":\"Mapa Unicesumar Atividade\"},{\"@type\":\"BreadcrumbList\",\"@id\":\"https:\\\/\\\/atividademapa.com\\\/?product=mapa-analise-de-investimentos-e-viabilidade-51-2023#breadcrumb\",\"itemListElement\":[{\"@type\":\"ListItem\",\"position\":1,\"name\":\"In\u00edcio\",\"item\":\"https:\\\/\\\/atividademapa.com\\\/\"},{\"@type\":\"ListItem\",\"position\":2,\"name\":\"MAPAS\",\"item\":\"https:\\\/\\\/atividademapa.com\\\/?page_id=5\"},{\"@type\":\"ListItem\",\"position\":3,\"name\":\"MAPA &#8211; AN\u00c1LISE DE INVESTIMENTOS E VIABILIDADE &#8211; 51\\\/2023\"}]},{\"@type\":\"WebSite\",\"@id\":\"https:\\\/\\\/atividademapa.com\\\/#website\",\"url\":\"https:\\\/\\\/atividademapa.com\\\/\",\"name\":\"Atividade Mapa\",\"description\":\"StudeO | Unicesumar\",\"publisher\":{\"@id\":\"https:\\\/\\\/atividademapa.com\\\/#organization\"},\"potentialAction\":[{\"@type\":\"SearchAction\",\"target\":{\"@type\":\"EntryPoint\",\"urlTemplate\":\"https:\\\/\\\/atividademapa.com\\\/?s={search_term_string}\"},\"query-input\":{\"@type\":\"PropertyValueSpecification\",\"valueRequired\":true,\"valueName\":\"search_term_string\"}}],\"inLanguage\":\"pt-BR\"},{\"@type\":\"Organization\",\"@id\":\"https:\\\/\\\/atividademapa.com\\\/#organization\",\"name\":\"Atividade MAPA\",\"url\":\"https:\\\/\\\/atividademapa.com\\\/\",\"logo\":{\"@type\":\"ImageObject\",\"inLanguage\":\"pt-BR\",\"@id\":\"https:\\\/\\\/atividademapa.com\\\/#\\\/schema\\\/logo\\\/image\\\/\",\"url\":\"https:\\\/\\\/i0.wp.com\\\/atividademapa.com\\\/wp-content\\\/uploads\\\/2023\\\/02\\\/ATIVIDADE.png?fit=600%2C300&ssl=1\",\"contentUrl\":\"https:\\\/\\\/i0.wp.com\\\/atividademapa.com\\\/wp-content\\\/uploads\\\/2023\\\/02\\\/ATIVIDADE.png?fit=600%2C300&ssl=1\",\"width\":600,\"height\":300,\"caption\":\"Atividade MAPA\"},\"image\":{\"@id\":\"https:\\\/\\\/atividademapa.com\\\/#\\\/schema\\\/logo\\\/image\\\/\"}}]}<\/script>\n<!-- \/ Yoast SEO plugin. -->","yoast_head_json":{"title":"MAPA - AN\u00c1LISE DE INVESTIMENTOS E VIABILIDADE - 51\/2023","description":"Unicesumar &#8902; Atividade MAPA - AN\u00c1LISE DE INVESTIMENTOS E VIABILIDADE - 51\/2023 Valor Presente L\u00edquido (VPL) e a Taxa Interna de Retorno (TIR) moagem de caf\u00e9","robots":{"index":"index","follow":"follow","max-snippet":"max-snippet:-1","max-image-preview":"max-image-preview:large","max-video-preview":"max-video-preview:-1"},"canonical":"https:\/\/atividademapa.com\/?product=mapa-analise-de-investimentos-e-viabilidade-51-2023","og_locale":"pt_BR","og_type":"article","og_title":"MAPA - AN\u00c1LISE DE INVESTIMENTOS E VIABILIDADE - 51\/2023","og_description":"Unicesumar &#8902; Atividade MAPA - AN\u00c1LISE DE INVESTIMENTOS E VIABILIDADE - 51\/2023 Valor Presente L\u00edquido (VPL) e a Taxa Interna de Retorno (TIR) moagem de caf\u00e9","og_url":"https:\/\/atividademapa.com\/?product=mapa-analise-de-investimentos-e-viabilidade-51-2023","og_site_name":"Atividade Mapa","article_modified_time":"2025-07-09T10:09:29+00:00","og_image":[{"width":300,"height":300,"url":"https:\/\/i0.wp.com\/atividademapa.com\/wp-content\/uploads\/2023\/03\/Atividade-M.A.P.A-3.png?fit=300%2C300&ssl=1","type":"image\/png"}],"twitter_card":"summary_large_image","twitter_misc":{"Est. tempo de leitura":"2 minutos"},"schema":{"@context":"https:\/\/schema.org","@graph":[{"@type":"WebPage","@id":"https:\/\/atividademapa.com\/?product=mapa-analise-de-investimentos-e-viabilidade-51-2023","url":"https:\/\/atividademapa.com\/?product=mapa-analise-de-investimentos-e-viabilidade-51-2023","name":"MAPA - AN\u00c1LISE DE INVESTIMENTOS E VIABILIDADE - 51\/2023","isPartOf":{"@id":"https:\/\/atividademapa.com\/#website"},"primaryImageOfPage":{"@id":"https:\/\/atividademapa.com\/?product=mapa-analise-de-investimentos-e-viabilidade-51-2023#primaryimage"},"image":{"@id":"https:\/\/atividademapa.com\/?product=mapa-analise-de-investimentos-e-viabilidade-51-2023#primaryimage"},"thumbnailUrl":"https:\/\/i0.wp.com\/atividademapa.com\/wp-content\/uploads\/2023\/03\/Atividade-M.A.P.A-3.png?fit=300%2C300&ssl=1","datePublished":"2023-03-04T18:11:05+00:00","dateModified":"2025-07-09T10:09:29+00:00","description":"Unicesumar &#8902; Atividade MAPA - AN\u00c1LISE DE INVESTIMENTOS E VIABILIDADE - 51\/2023 Valor Presente L\u00edquido (VPL) e a Taxa Interna de Retorno (TIR) moagem de caf\u00e9","breadcrumb":{"@id":"https:\/\/atividademapa.com\/?product=mapa-analise-de-investimentos-e-viabilidade-51-2023#breadcrumb"},"inLanguage":"pt-BR","potentialAction":[{"@type":"ReadAction","target":["https:\/\/atividademapa.com\/?product=mapa-analise-de-investimentos-e-viabilidade-51-2023"]}]},{"@type":"ImageObject","inLanguage":"pt-BR","@id":"https:\/\/atividademapa.com\/?product=mapa-analise-de-investimentos-e-viabilidade-51-2023#primaryimage","url":"https:\/\/i0.wp.com\/atividademapa.com\/wp-content\/uploads\/2023\/03\/Atividade-M.A.P.A-3.png?fit=300%2C300&ssl=1","contentUrl":"https:\/\/i0.wp.com\/atividademapa.com\/wp-content\/uploads\/2023\/03\/Atividade-M.A.P.A-3.png?fit=300%2C300&ssl=1","width":300,"height":300,"caption":"Mapa Unicesumar Atividade"},{"@type":"BreadcrumbList","@id":"https:\/\/atividademapa.com\/?product=mapa-analise-de-investimentos-e-viabilidade-51-2023#breadcrumb","itemListElement":[{"@type":"ListItem","position":1,"name":"In\u00edcio","item":"https:\/\/atividademapa.com\/"},{"@type":"ListItem","position":2,"name":"MAPAS","item":"https:\/\/atividademapa.com\/?page_id=5"},{"@type":"ListItem","position":3,"name":"MAPA &#8211; AN\u00c1LISE DE INVESTIMENTOS E VIABILIDADE &#8211; 51\/2023"}]},{"@type":"WebSite","@id":"https:\/\/atividademapa.com\/#website","url":"https:\/\/atividademapa.com\/","name":"Atividade Mapa","description":"StudeO | Unicesumar","publisher":{"@id":"https:\/\/atividademapa.com\/#organization"},"potentialAction":[{"@type":"SearchAction","target":{"@type":"EntryPoint","urlTemplate":"https:\/\/atividademapa.com\/?s={search_term_string}"},"query-input":{"@type":"PropertyValueSpecification","valueRequired":true,"valueName":"search_term_string"}}],"inLanguage":"pt-BR"},{"@type":"Organization","@id":"https:\/\/atividademapa.com\/#organization","name":"Atividade MAPA","url":"https:\/\/atividademapa.com\/","logo":{"@type":"ImageObject","inLanguage":"pt-BR","@id":"https:\/\/atividademapa.com\/#\/schema\/logo\/image\/","url":"https:\/\/i0.wp.com\/atividademapa.com\/wp-content\/uploads\/2023\/02\/ATIVIDADE.png?fit=600%2C300&ssl=1","contentUrl":"https:\/\/i0.wp.com\/atividademapa.com\/wp-content\/uploads\/2023\/02\/ATIVIDADE.png?fit=600%2C300&ssl=1","width":600,"height":300,"caption":"Atividade MAPA"},"image":{"@id":"https:\/\/atividademapa.com\/#\/schema\/logo\/image\/"}}]}},"_links":{"self":[{"href":"https:\/\/atividademapa.com\/index.php?rest_route=\/wp\/v2\/product\/2290","targetHints":{"allow":["GET"]}}],"collection":[{"href":"https:\/\/atividademapa.com\/index.php?rest_route=\/wp\/v2\/product"}],"about":[{"href":"https:\/\/atividademapa.com\/index.php?rest_route=\/wp\/v2\/types\/product"}],"version-history":[{"count":2,"href":"https:\/\/atividademapa.com\/index.php?rest_route=\/wp\/v2\/product\/2290\/revisions"}],"predecessor-version":[{"id":6115,"href":"https:\/\/atividademapa.com\/index.php?rest_route=\/wp\/v2\/product\/2290\/revisions\/6115"}],"wp:featuredmedia":[{"embeddable":true,"href":"https:\/\/atividademapa.com\/index.php?rest_route=\/wp\/v2\/media\/2326"}],"wp:attachment":[{"href":"https:\/\/atividademapa.com\/index.php?rest_route=%2Fwp%2Fv2%2Fmedia&parent=2290"}],"wp:term":[{"taxonomy":"product_brand","embeddable":true,"href":"https:\/\/atividademapa.com\/index.php?rest_route=%2Fwp%2Fv2%2Fproduct_brand&post=2290"},{"taxonomy":"product_cat","embeddable":true,"href":"https:\/\/atividademapa.com\/index.php?rest_route=%2Fwp%2Fv2%2Fproduct_cat&post=2290"},{"taxonomy":"product_tag","embeddable":true,"href":"https:\/\/atividademapa.com\/index.php?rest_route=%2Fwp%2Fv2%2Fproduct_tag&post=2290"}],"curies":[{"name":"wp","href":"https:\/\/api.w.org\/{rel}","templated":true}]}}