{"id":2294,"date":"2023-03-04T15:55:14","date_gmt":"2023-03-04T18:55:14","guid":{"rendered":"https:\/\/atividademapa.com\/?post_type=product&#038;p=2294"},"modified":"2025-07-09T07:09:31","modified_gmt":"2025-07-09T10:09:31","slug":"mapa-contabilidade-empresarial-51-2023","status":"publish","type":"product","link":"https:\/\/atividademapa.com\/?product=mapa-contabilidade-empresarial-51-2023","title":{"rendered":"MAPA \u2013 CONTABILIDADE EMPRESARIAL 51\/2023"},"content":{"rendered":"<p><span class=\"fontstyle0\">AN\u00c1LISE DOS INDICADORES DE LIQUIDEZ, ENDIVIDAMENTO E<br \/>\nRENTABILIDADE<br \/>\n<\/span><span class=\"fontstyle2\">Vamos verificar a sa\u00fade de uma empresa?<br \/>\nTendo as informa\u00e7\u00f5es das demonstra\u00e7\u00f5es cont\u00e1beis em m\u00e3os, diversos \u00edndices<br \/>\npodem ser calculados para se conhecer a situa\u00e7\u00e3o financeira, patrimonial e<br \/>\necon\u00f4mica da entidade. Esses \u00edndices s\u00e3o tamb\u00e9m conhecidos como \u00edndices de<br \/>\nliquidez, de endividamento, de rentabilidade e de lucratividade.<br \/>\nNa an\u00e1lise das demonstra\u00e7\u00f5es cont\u00e1beis h\u00e1 um relacionamento entre itens de grupos<br \/>\ndiferentes e at\u00e9 mesmo entre demonstra\u00e7\u00f5es diferentes. Quando se correlacionam as<br \/>\ncontas\/demonstra\u00e7\u00f5es, gerando assim os indicadores, pode-se desta forma entender<br \/>\ne interpretar a sa\u00fade da empresa em suas diversas situa\u00e7\u00f5es.<br \/>\nVoc\u00ea j\u00e1 realizou an\u00e1lise de demonstra\u00e7\u00f5es cont\u00e1beis? Quais \u00edndices voc\u00ea calculou?<br \/>\nComo os interpretou? Caso n\u00e3o tenha feito, faremos isso com esta atividade!<br \/>\nPodem-se ter diversos motivos para a utiliza\u00e7\u00e3o da t\u00e9cnica de an\u00e1lise das<br \/>\ndemonstra\u00e7\u00f5es cont\u00e1beis, onde cada usu\u00e1rio tem seu uso e tomada de decis\u00e3o em<br \/>\n<\/span><span class=\"fontstyle2\">espec\u00edfico.<br \/>\nA an\u00e1lise pode ser empregada para verificar o risco de cr\u00e9dito de clientes, para julgar<br \/>\no desempenho da empresa, utilizado tamb\u00e9m pelo investidor para ver a rentabilidade<br \/>\ndo capital investido, entre outros motivos.<br \/>\nSobre a forma de se analisar, esta pode acontecer por meio da an\u00e1lise vertical e<br \/>\nhorizontal e por \u00edndices, sempre levando em considera\u00e7\u00e3o que uma pode<br \/>\ncomplementar e dar informa\u00e7\u00f5es sobre as outras.<br \/>\nO livro did\u00e1tico da disciplina e as aulas poder\u00e3o te auxiliar na realiza\u00e7\u00e3o dessa<br \/>\natividade.<br \/>\nCom base nas informa\u00e7\u00f5es contidas nos relat\u00f3rios cont\u00e1beis da Empresa Eprod,<br \/>\nresponda o que se pede:<br \/>\nParte 1. Fa\u00e7a as an\u00e1lises: (i) vertical e (ii) horizontal do balan\u00e7o patrimonial da<br \/>\nempresa Eprod, tendo o ano 1 como ano-base, e responda:<br \/>\nNo ano 2, quanto o estoque representa do seu grupo?<br \/>\nQual foi a varia\u00e7\u00e3o da conta imobilizada no ano 5 em rela\u00e7\u00e3o ao ano 1?<br \/>\nParte 2. Considere apenas o \u00edndice de liquidez seca para responder as pr\u00f3ximas<br \/>\nperguntas:<br \/>\n(c) Qual o seu valor para o ano 4?<br \/>\n(d) O que este n\u00famero representa?<br \/>\n(e) Em que ano esse indicador teve valor mais expressivo positivamente?<br \/>\nParte 3. Considere apenas o \u00edndice do endividamento geral para responder as<br \/>\npr\u00f3ximas perguntas:<br \/>\n(f) Qual o valor do EG da empresa no ano 3?<br \/>\n(g) O que este n\u00famero representa?<br \/>\n(h) Comparando o n\u00famero do ano 3 com o do ano 2, podemos afirmar que o<br \/>\nendividamento geral aumentou ou diminuiu?<\/span><\/p>\n<table width=\"734\">\n<tbody>\n<tr>\n<td colspan=\"7\" width=\"342\">Empresa Eprod &#8211; Balan\u00e7o Patrimonial<br \/>\nBalango Patrimonial<\/td>\n<\/tr>\n<tr>\n<td width=\"146\"><\/td>\n<td width=\"98\">Ano 1<\/td>\n<td width=\"98\">Ano 2<\/td>\n<td width=\"98\">Ano 3<\/td>\n<td width=\"98\">Ano 4<\/td>\n<td width=\"98\">Ano 5<\/td>\n<td width=\"98\">Ano 6<\/td>\n<\/tr>\n<tr>\n<td width=\"146\">Ativo<\/td>\n<td width=\"98\"><\/td>\n<td width=\"98\"><\/td>\n<td width=\"98\"><\/td>\n<td width=\"98\"><\/td>\n<td width=\"98\"><\/td>\n<td width=\"98\"><\/td>\n<\/tr>\n<tr>\n<td width=\"146\">Ativo circulante<\/td>\n<td width=\"98\">\u00a0125.800,00<\/td>\n<td width=\"98\">\u00a0106.616,00<\/td>\n<td width=\"98\">\u00a0105.505,00<\/td>\n<td width=\"98\">\u00a0102.980,00<\/td>\n<td width=\"98\">\u00a0128.699,00<\/td>\n<td width=\"98\">\u00a0144.099,00<\/td>\n<\/tr>\n<tr>\n<td width=\"146\">Disponibilidades<\/td>\n<td width=\"98\">\u00a0\u00a0\u00a0\u00a0\u00a0 1.462,00<\/td>\n<td width=\"98\">\u00a0\u00a0\u00a0\u00a0\u00a0 1.868,00<\/td>\n<td width=\"98\">\u00a0\u00a0\u00a0\u00a0\u00a0\u00a0\u00a0\u00a0 815,00<\/td>\n<td width=\"98\">\u00a0\u00a0\u00a0\u00a0\u00a0 9.329,00<\/td>\n<td width=\"98\">\u00a0\u00a0\u00a0\u00a0\u00a0 3.066,00<\/td>\n<td width=\"98\">\u00a0\u00a0\u00a0 21.357,00<\/td>\n<\/tr>\n<tr>\n<td width=\"146\">Clientes<\/td>\n<td width=\"98\">\u00a0\u00a0\u00a0 21.417,00<\/td>\n<td width=\"98\">\u00a0\u00a0\u00a0 25.671,00<\/td>\n<td width=\"98\">\u00a0\u00a0\u00a0 41.914,00<\/td>\n<td width=\"98\">\u00a0\u00a0\u00a0 35.846,00<\/td>\n<td width=\"98\">\u00a0\u00a0\u00a0 89.219,00<\/td>\n<td width=\"98\">\u00a0\u00a0\u00a0 84.485,00<\/td>\n<\/tr>\n<tr>\n<td width=\"146\">Estoques<\/td>\n<td width=\"98\">\u00a0\u00a0\u00a0 28.306,00<\/td>\n<td width=\"98\">\u00a0\u00a0\u00a0 38.846,00<\/td>\n<td width=\"98\">\u00a0\u00a0\u00a0 38.855,00<\/td>\n<td width=\"98\">\u00a0\u00a0\u00a0 34.066,00<\/td>\n<td width=\"98\">\u00a0\u00a0\u00a0 33.242,00<\/td>\n<td width=\"98\">\u00a0\u00a0\u00a0 38.257,00<\/td>\n<\/tr>\n<tr>\n<td width=\"146\">Outros AC<\/td>\n<td width=\"98\">\u00a0\u00a0\u00a0 74.615,00<\/td>\n<td width=\"98\">\u00a0\u00a0\u00a0 40.231,00<\/td>\n<td width=\"98\">\u00a0\u00a0\u00a0 23.921,00<\/td>\n<td width=\"98\">\u00a0\u00a0\u00a0 23.739,00<\/td>\n<td width=\"98\">\u00a0\u00a0\u00a0\u00a0\u00a0 3.172,00<\/td>\n<td width=\"98\">\u00a0\u00a0\u00a0\u00a0\u00a0\u00a0\u00a0\u00a0\u00a0\u00a0\u00a0\u00a0\u00a0\u00a0\u00a0\u00a0\u00a0 &#8211;<\/td>\n<\/tr>\n<tr>\n<td width=\"146\">Ativo n\u00e3o circulante<\/td>\n<td width=\"98\">\u00a0126.329,00<\/td>\n<td width=\"98\">\u00a0136.593,00<\/td>\n<td width=\"98\">\u00a0163.388,00<\/td>\n<td width=\"98\">\u00a0208.371,00<\/td>\n<td width=\"98\">\u00a0253.120,00<\/td>\n<td width=\"98\">\u00a0298.014,00<\/td>\n<\/tr>\n<tr>\n<td width=\"146\">Realiz\u00e1veis a LP<\/td>\n<td width=\"98\">\u00a0\u00a0\u00a0\u00a0\u00a0 8.764,00<\/td>\n<td width=\"98\">\u00a0\u00a0\u00a0\u00a0\u00a0 9.591,00<\/td>\n<td width=\"98\">\u00a0\u00a0\u00a0 10.185,00<\/td>\n<td width=\"98\">\u00a0\u00a0\u00a0 39.689,00<\/td>\n<td width=\"98\">\u00a0\u00a0\u00a0 50.949,00<\/td>\n<td width=\"98\">\u00a0\u00a0\u00a0 63.342,00<\/td>\n<\/tr>\n<tr>\n<td width=\"146\">Investimento<\/td>\n<td width=\"98\">\u00a0\u00a0\u00a0 82.756,00<\/td>\n<td width=\"98\">\u00a0\u00a0\u00a0 91.164,00<\/td>\n<td width=\"98\">\u00a0111.010,00<\/td>\n<td width=\"98\">\u00a0121.695,00<\/td>\n<td width=\"98\">\u00a0136.888,00<\/td>\n<td width=\"98\">\u00a0156.647,00<\/td>\n<\/tr>\n<tr>\n<td width=\"146\">Imobilizado<\/td>\n<td width=\"98\">\u00a0\u00a0\u00a0 34.819,00<\/td>\n<td width=\"98\">\u00a0\u00a0\u00a0 35.838,00<\/td>\n<td width=\"98\">\u00a0\u00a0\u00a0 42.193,00<\/td>\n<td width=\"98\">\u00a0\u00a0\u00a0 46.987,00<\/td>\n<td width=\"98\">\u00a0\u00a0\u00a0 65.283,00<\/td>\n<td width=\"98\">\u00a0\u00a0\u00a0 77.789,00<\/td>\n<\/tr>\n<tr>\n<td width=\"146\">Intang\u00edvel<\/td>\n<td width=\"98\">\u00a0\u00a0\u00a0\u00a0\u00a0\u00a0\u00a0\u00a0\u00a0\u00a0\u00a0\u00a0\u00a0\u00a0\u00a0\u00a0\u00a0 &#8211;<\/td>\n<td width=\"98\">\u00a0\u00a0\u00a0\u00a0\u00a0\u00a0\u00a0\u00a0\u00a0\u00a0\u00a0\u00a0\u00a0\u00a0\u00a0\u00a0\u00a0 &#8211;<\/td>\n<td width=\"98\">\u00a0\u00a0\u00a0\u00a0\u00a0\u00a0\u00a0\u00a0\u00a0\u00a0\u00a0\u00a0\u00a0\u00a0\u00a0\u00a0\u00a0 &#8211;<\/td>\n<td width=\"98\">\u00a0\u00a0\u00a0\u00a0\u00a0\u00a0\u00a0\u00a0\u00a0\u00a0\u00a0\u00a0\u00a0\u00a0\u00a0\u00a0\u00a0 &#8211;<\/td>\n<td width=\"98\">\u00a0\u00a0\u00a0\u00a0\u00a0\u00a0\u00a0\u00a0\u00a0\u00a0\u00a0\u00a0\u00a0\u00a0\u00a0\u00a0\u00a0 &#8211;<\/td>\n<td width=\"98\">\u00a0\u00a0\u00a0\u00a0\u00a0\u00a0\u00a0\u00a0 236,00<\/td>\n<\/tr>\n<tr>\n<td width=\"146\">Total do Ativo<\/td>\n<td width=\"98\">\u00a0252.129,00<\/td>\n<td width=\"98\">\u00a0243.209,00<\/td>\n<td width=\"98\">\u00a0268.893,00<\/td>\n<td width=\"98\">\u00a0311.351,00<\/td>\n<td width=\"98\">\u00a0381.819,00<\/td>\n<td width=\"98\">\u00a0442.113,00<\/td>\n<\/tr>\n<tr>\n<td width=\"146\">Passivo<\/td>\n<td width=\"98\"><\/td>\n<td width=\"98\"><\/td>\n<td width=\"98\"><\/td>\n<td width=\"98\"><\/td>\n<td width=\"98\"><\/td>\n<td width=\"98\"><\/td>\n<\/tr>\n<tr>\n<td width=\"146\">Passivo Circulante<\/td>\n<td width=\"98\">43.766,00<\/td>\n<td width=\"98\">\u00a0\u00a0\u00a0 25.115,00<\/td>\n<td width=\"98\">\u00a0\u00a0\u00a0 35.100,00<\/td>\n<td width=\"98\">\u00a0\u00a0\u00a0 51.679,00<\/td>\n<td width=\"98\">\u00a0\u00a0\u00a0 84.785,00<\/td>\n<td width=\"98\">\u00a0\u00a0\u00a0 96.907,00<\/td>\n<\/tr>\n<tr>\n<td width=\"146\">Emprestimos<\/td>\n<td width=\"98\">30.961,00<\/td>\n<td width=\"98\">\u00a0\u00a0\u00a0 19.127,00<\/td>\n<td width=\"98\">\u00a0\u00a0\u00a0 25.755,00<\/td>\n<td width=\"98\">\u00a0\u00a0\u00a0 42.433,00<\/td>\n<td width=\"98\">\u00a0\u00a0\u00a0 66.389,00<\/td>\n<td width=\"98\">\u00a0\u00a0\u00a0 77.912,00<\/td>\n<\/tr>\n<tr>\n<td width=\"146\">Fornecedores<\/td>\n<td width=\"98\">2.459,00<\/td>\n<td width=\"98\">\u00a0\u00a0\u00a0\u00a0\u00a0 2.702,00<\/td>\n<td width=\"98\">\u00a0\u00a0\u00a0\u00a0\u00a0 6.715,00<\/td>\n<td width=\"98\">\u00a0\u00a0\u00a0\u00a0\u00a0 6.488,00<\/td>\n<td width=\"98\">\u00a0\u00a0\u00a0 11.795,00<\/td>\n<td width=\"98\">\u00a0\u00a0\u00a0 10.059,00<\/td>\n<\/tr>\n<tr>\n<td width=\"146\">Impostos a recolher<\/td>\n<td width=\"98\">10.346,00<\/td>\n<td width=\"98\">\u00a0\u00a0\u00a0\u00a0\u00a0 3.286,00<\/td>\n<td width=\"98\">\u00a0\u00a0\u00a0\u00a0\u00a0 2.630,00<\/td>\n<td width=\"98\">\u00a0\u00a0\u00a0\u00a0\u00a0 2.758,00<\/td>\n<td width=\"98\">\u00a0\u00a0\u00a0\u00a0\u00a0 6.601,00<\/td>\n<td width=\"98\">\u00a0\u00a0\u00a0\u00a0\u00a0 8.936,00<\/td>\n<\/tr>\n<tr>\n<td width=\"146\">Passivo nao circulante<\/td>\n<td width=\"98\">7.114,00<\/td>\n<td width=\"98\">\u00a0\u00a0\u00a0\u00a0\u00a0 4.222,00<\/td>\n<td width=\"98\">\u00a0\u00a0\u00a0\u00a0\u00a0 3.239,00<\/td>\n<td width=\"98\">\u00a0\u00a0\u00a0 20.881,00<\/td>\n<td width=\"98\">\u00a0\u00a0\u00a0 34.599,00<\/td>\n<td width=\"98\">\u00a0\u00a0\u00a0 47.811,00<\/td>\n<\/tr>\n<tr>\n<td width=\"146\">Financiamentos<\/td>\n<td width=\"98\">7.114,00<\/td>\n<td width=\"98\">\u00a0\u00a0\u00a0\u00a0\u00a0 4.222,00<\/td>\n<td width=\"98\">\u00a0\u00a0\u00a0\u00a0\u00a0 3.239,00<\/td>\n<td width=\"98\">\u00a0\u00a0\u00a0 20.381,00<\/td>\n<td width=\"98\">\u00a0\u00a0\u00a0 34.599,00<\/td>\n<td width=\"98\">\u00a0\u00a0\u00a0 47.811,00<\/td>\n<\/tr>\n<tr>\n<td width=\"146\">Patrimonio Liquido<\/td>\n<td width=\"98\">201.249,00<\/td>\n<td width=\"98\">\u00a0213.872,00<\/td>\n<td width=\"98\">\u00a0230.554,00<\/td>\n<td width=\"98\">\u00a0238.791,00<\/td>\n<td width=\"98\">\u00a0262.435,00<\/td>\n<td width=\"98\">\u00a0297.395,00<\/td>\n<\/tr>\n<tr>\n<td width=\"146\">Total do Passivo e PL<\/td>\n<td width=\"98\">252.129,00<\/td>\n<td width=\"98\">\u00a0243.209,00<\/td>\n<td width=\"98\">\u00a0268.893,00<\/td>\n<td width=\"98\">\u00a0311.351,00<\/td>\n<td width=\"98\">\u00a0381.819,00<\/td>\n<td width=\"98\">\u00a0442.113,00<\/td>\n<\/tr>\n<\/tbody>\n<\/table>\n","protected":false},"excerpt":{"rendered":"<p>AN\u00c1LISE DOS INDICADORES DE LIQUIDEZ, ENDIVIDAMENTO E RENTABILIDADE Vamos verificar a sa\u00fade de uma empresa? Tendo as informa\u00e7\u00f5es das demonstra\u00e7\u00f5es<\/p>\n","protected":false},"featured_media":2326,"template":"","meta":{"_monsterinsights_skip_tracking":false,"_monsterinsights_sitenote_active":false,"_monsterinsights_sitenote_note":"","_monsterinsights_sitenote_category":0},"product_brand":[],"product_cat":[46],"product_tag":[91],"class_list":{"0":"post-2294","1":"product","2":"type-product","3":"status-publish","4":"has-post-thumbnail","6":"product_cat-ciencias-contabeis","7":"product_tag-mapa-512023","9":"first","10":"instock","11":"downloadable","12":"virtual","13":"purchasable","14":"product-type-simple"},"yoast_head":"<!-- This site is optimized with the Yoast SEO plugin v27.4 - https:\/\/yoast.com\/product\/yoast-seo-wordpress\/ -->\n<title>MAPA \u2013 CONTABILIDADE EMPRESARIAL 51\/2023<\/title>\n<meta name=\"description\" content=\"Unicesumar &#8902; Atividade MAPA \u2013 CONTABILIDADE EMPRESARIAL 51\/2023 An\u00e1lise dos Indicadores de Liquidez, Endividamento e Rentabilidade. Empresa Eprod.\" \/>\n<meta name=\"robots\" content=\"index, follow, max-snippet:-1, max-image-preview:large, max-video-preview:-1\" \/>\n<link rel=\"canonical\" href=\"https:\/\/atividademapa.com\/?product=mapa-contabilidade-empresarial-51-2023\" \/>\n<meta property=\"og:locale\" content=\"pt_BR\" \/>\n<meta property=\"og:type\" content=\"article\" \/>\n<meta property=\"og:title\" content=\"MAPA \u2013 CONTABILIDADE EMPRESARIAL 51\/2023\" \/>\n<meta property=\"og:description\" content=\"Unicesumar &#8902; Atividade MAPA \u2013 CONTABILIDADE EMPRESARIAL 51\/2023 An\u00e1lise dos Indicadores de Liquidez, Endividamento e Rentabilidade. Empresa Eprod.\" \/>\n<meta property=\"og:url\" content=\"https:\/\/atividademapa.com\/?product=mapa-contabilidade-empresarial-51-2023\" \/>\n<meta property=\"og:site_name\" content=\"Atividade Mapa\" \/>\n<meta property=\"article:modified_time\" content=\"2025-07-09T10:09:31+00:00\" \/>\n<meta property=\"og:image\" content=\"https:\/\/i0.wp.com\/atividademapa.com\/wp-content\/uploads\/2023\/03\/Atividade-M.A.P.A-3.png?fit=300%2C300&ssl=1\" \/>\n\t<meta property=\"og:image:width\" content=\"300\" \/>\n\t<meta property=\"og:image:height\" content=\"300\" \/>\n\t<meta property=\"og:image:type\" content=\"image\/png\" \/>\n<meta name=\"twitter:card\" content=\"summary_large_image\" \/>\n<meta name=\"twitter:label1\" content=\"Est. tempo de leitura\" \/>\n\t<meta name=\"twitter:data1\" content=\"2 minutos\" \/>\n<script type=\"application\/ld+json\" class=\"yoast-schema-graph\">{\"@context\":\"https:\\\/\\\/schema.org\",\"@graph\":[{\"@type\":\"WebPage\",\"@id\":\"https:\\\/\\\/atividademapa.com\\\/?product=mapa-contabilidade-empresarial-51-2023\",\"url\":\"https:\\\/\\\/atividademapa.com\\\/?product=mapa-contabilidade-empresarial-51-2023\",\"name\":\"MAPA \u2013 CONTABILIDADE EMPRESARIAL 51\\\/2023\",\"isPartOf\":{\"@id\":\"https:\\\/\\\/atividademapa.com\\\/#website\"},\"primaryImageOfPage\":{\"@id\":\"https:\\\/\\\/atividademapa.com\\\/?product=mapa-contabilidade-empresarial-51-2023#primaryimage\"},\"image\":{\"@id\":\"https:\\\/\\\/atividademapa.com\\\/?product=mapa-contabilidade-empresarial-51-2023#primaryimage\"},\"thumbnailUrl\":\"https:\\\/\\\/i0.wp.com\\\/atividademapa.com\\\/wp-content\\\/uploads\\\/2023\\\/03\\\/Atividade-M.A.P.A-3.png?fit=300%2C300&ssl=1\",\"datePublished\":\"2023-03-04T18:55:14+00:00\",\"dateModified\":\"2025-07-09T10:09:31+00:00\",\"description\":\"Unicesumar &#8902; Atividade MAPA \u2013 CONTABILIDADE EMPRESARIAL 51\\\/2023 An\u00e1lise dos Indicadores de Liquidez, Endividamento e Rentabilidade. Empresa Eprod.\",\"breadcrumb\":{\"@id\":\"https:\\\/\\\/atividademapa.com\\\/?product=mapa-contabilidade-empresarial-51-2023#breadcrumb\"},\"inLanguage\":\"pt-BR\",\"potentialAction\":[{\"@type\":\"ReadAction\",\"target\":[\"https:\\\/\\\/atividademapa.com\\\/?product=mapa-contabilidade-empresarial-51-2023\"]}]},{\"@type\":\"ImageObject\",\"inLanguage\":\"pt-BR\",\"@id\":\"https:\\\/\\\/atividademapa.com\\\/?product=mapa-contabilidade-empresarial-51-2023#primaryimage\",\"url\":\"https:\\\/\\\/i0.wp.com\\\/atividademapa.com\\\/wp-content\\\/uploads\\\/2023\\\/03\\\/Atividade-M.A.P.A-3.png?fit=300%2C300&ssl=1\",\"contentUrl\":\"https:\\\/\\\/i0.wp.com\\\/atividademapa.com\\\/wp-content\\\/uploads\\\/2023\\\/03\\\/Atividade-M.A.P.A-3.png?fit=300%2C300&ssl=1\",\"width\":300,\"height\":300,\"caption\":\"Mapa Unicesumar Atividade\"},{\"@type\":\"BreadcrumbList\",\"@id\":\"https:\\\/\\\/atividademapa.com\\\/?product=mapa-contabilidade-empresarial-51-2023#breadcrumb\",\"itemListElement\":[{\"@type\":\"ListItem\",\"position\":1,\"name\":\"In\u00edcio\",\"item\":\"https:\\\/\\\/atividademapa.com\\\/\"},{\"@type\":\"ListItem\",\"position\":2,\"name\":\"MAPAS\",\"item\":\"https:\\\/\\\/atividademapa.com\\\/?page_id=5\"},{\"@type\":\"ListItem\",\"position\":3,\"name\":\"MAPA \u2013 CONTABILIDADE EMPRESARIAL 51\\\/2023\"}]},{\"@type\":\"WebSite\",\"@id\":\"https:\\\/\\\/atividademapa.com\\\/#website\",\"url\":\"https:\\\/\\\/atividademapa.com\\\/\",\"name\":\"Atividade Mapa\",\"description\":\"StudeO | Unicesumar\",\"publisher\":{\"@id\":\"https:\\\/\\\/atividademapa.com\\\/#organization\"},\"potentialAction\":[{\"@type\":\"SearchAction\",\"target\":{\"@type\":\"EntryPoint\",\"urlTemplate\":\"https:\\\/\\\/atividademapa.com\\\/?s={search_term_string}\"},\"query-input\":{\"@type\":\"PropertyValueSpecification\",\"valueRequired\":true,\"valueName\":\"search_term_string\"}}],\"inLanguage\":\"pt-BR\"},{\"@type\":\"Organization\",\"@id\":\"https:\\\/\\\/atividademapa.com\\\/#organization\",\"name\":\"Atividade MAPA\",\"url\":\"https:\\\/\\\/atividademapa.com\\\/\",\"logo\":{\"@type\":\"ImageObject\",\"inLanguage\":\"pt-BR\",\"@id\":\"https:\\\/\\\/atividademapa.com\\\/#\\\/schema\\\/logo\\\/image\\\/\",\"url\":\"https:\\\/\\\/i0.wp.com\\\/atividademapa.com\\\/wp-content\\\/uploads\\\/2023\\\/02\\\/ATIVIDADE.png?fit=600%2C300&ssl=1\",\"contentUrl\":\"https:\\\/\\\/i0.wp.com\\\/atividademapa.com\\\/wp-content\\\/uploads\\\/2023\\\/02\\\/ATIVIDADE.png?fit=600%2C300&ssl=1\",\"width\":600,\"height\":300,\"caption\":\"Atividade MAPA\"},\"image\":{\"@id\":\"https:\\\/\\\/atividademapa.com\\\/#\\\/schema\\\/logo\\\/image\\\/\"}}]}<\/script>\n<!-- \/ Yoast SEO plugin. -->","yoast_head_json":{"title":"MAPA \u2013 CONTABILIDADE EMPRESARIAL 51\/2023","description":"Unicesumar &#8902; Atividade MAPA \u2013 CONTABILIDADE EMPRESARIAL 51\/2023 An\u00e1lise dos Indicadores de Liquidez, Endividamento e Rentabilidade. Empresa Eprod.","robots":{"index":"index","follow":"follow","max-snippet":"max-snippet:-1","max-image-preview":"max-image-preview:large","max-video-preview":"max-video-preview:-1"},"canonical":"https:\/\/atividademapa.com\/?product=mapa-contabilidade-empresarial-51-2023","og_locale":"pt_BR","og_type":"article","og_title":"MAPA \u2013 CONTABILIDADE EMPRESARIAL 51\/2023","og_description":"Unicesumar &#8902; Atividade MAPA \u2013 CONTABILIDADE EMPRESARIAL 51\/2023 An\u00e1lise dos Indicadores de Liquidez, Endividamento e Rentabilidade. Empresa Eprod.","og_url":"https:\/\/atividademapa.com\/?product=mapa-contabilidade-empresarial-51-2023","og_site_name":"Atividade Mapa","article_modified_time":"2025-07-09T10:09:31+00:00","og_image":[{"width":300,"height":300,"url":"https:\/\/i0.wp.com\/atividademapa.com\/wp-content\/uploads\/2023\/03\/Atividade-M.A.P.A-3.png?fit=300%2C300&ssl=1","type":"image\/png"}],"twitter_card":"summary_large_image","twitter_misc":{"Est. tempo de leitura":"2 minutos"},"schema":{"@context":"https:\/\/schema.org","@graph":[{"@type":"WebPage","@id":"https:\/\/atividademapa.com\/?product=mapa-contabilidade-empresarial-51-2023","url":"https:\/\/atividademapa.com\/?product=mapa-contabilidade-empresarial-51-2023","name":"MAPA \u2013 CONTABILIDADE EMPRESARIAL 51\/2023","isPartOf":{"@id":"https:\/\/atividademapa.com\/#website"},"primaryImageOfPage":{"@id":"https:\/\/atividademapa.com\/?product=mapa-contabilidade-empresarial-51-2023#primaryimage"},"image":{"@id":"https:\/\/atividademapa.com\/?product=mapa-contabilidade-empresarial-51-2023#primaryimage"},"thumbnailUrl":"https:\/\/i0.wp.com\/atividademapa.com\/wp-content\/uploads\/2023\/03\/Atividade-M.A.P.A-3.png?fit=300%2C300&ssl=1","datePublished":"2023-03-04T18:55:14+00:00","dateModified":"2025-07-09T10:09:31+00:00","description":"Unicesumar &#8902; Atividade MAPA \u2013 CONTABILIDADE EMPRESARIAL 51\/2023 An\u00e1lise dos Indicadores de Liquidez, Endividamento e Rentabilidade. Empresa Eprod.","breadcrumb":{"@id":"https:\/\/atividademapa.com\/?product=mapa-contabilidade-empresarial-51-2023#breadcrumb"},"inLanguage":"pt-BR","potentialAction":[{"@type":"ReadAction","target":["https:\/\/atividademapa.com\/?product=mapa-contabilidade-empresarial-51-2023"]}]},{"@type":"ImageObject","inLanguage":"pt-BR","@id":"https:\/\/atividademapa.com\/?product=mapa-contabilidade-empresarial-51-2023#primaryimage","url":"https:\/\/i0.wp.com\/atividademapa.com\/wp-content\/uploads\/2023\/03\/Atividade-M.A.P.A-3.png?fit=300%2C300&ssl=1","contentUrl":"https:\/\/i0.wp.com\/atividademapa.com\/wp-content\/uploads\/2023\/03\/Atividade-M.A.P.A-3.png?fit=300%2C300&ssl=1","width":300,"height":300,"caption":"Mapa Unicesumar Atividade"},{"@type":"BreadcrumbList","@id":"https:\/\/atividademapa.com\/?product=mapa-contabilidade-empresarial-51-2023#breadcrumb","itemListElement":[{"@type":"ListItem","position":1,"name":"In\u00edcio","item":"https:\/\/atividademapa.com\/"},{"@type":"ListItem","position":2,"name":"MAPAS","item":"https:\/\/atividademapa.com\/?page_id=5"},{"@type":"ListItem","position":3,"name":"MAPA \u2013 CONTABILIDADE EMPRESARIAL 51\/2023"}]},{"@type":"WebSite","@id":"https:\/\/atividademapa.com\/#website","url":"https:\/\/atividademapa.com\/","name":"Atividade Mapa","description":"StudeO | Unicesumar","publisher":{"@id":"https:\/\/atividademapa.com\/#organization"},"potentialAction":[{"@type":"SearchAction","target":{"@type":"EntryPoint","urlTemplate":"https:\/\/atividademapa.com\/?s={search_term_string}"},"query-input":{"@type":"PropertyValueSpecification","valueRequired":true,"valueName":"search_term_string"}}],"inLanguage":"pt-BR"},{"@type":"Organization","@id":"https:\/\/atividademapa.com\/#organization","name":"Atividade MAPA","url":"https:\/\/atividademapa.com\/","logo":{"@type":"ImageObject","inLanguage":"pt-BR","@id":"https:\/\/atividademapa.com\/#\/schema\/logo\/image\/","url":"https:\/\/i0.wp.com\/atividademapa.com\/wp-content\/uploads\/2023\/02\/ATIVIDADE.png?fit=600%2C300&ssl=1","contentUrl":"https:\/\/i0.wp.com\/atividademapa.com\/wp-content\/uploads\/2023\/02\/ATIVIDADE.png?fit=600%2C300&ssl=1","width":600,"height":300,"caption":"Atividade MAPA"},"image":{"@id":"https:\/\/atividademapa.com\/#\/schema\/logo\/image\/"}}]}},"_links":{"self":[{"href":"https:\/\/atividademapa.com\/index.php?rest_route=\/wp\/v2\/product\/2294","targetHints":{"allow":["GET"]}}],"collection":[{"href":"https:\/\/atividademapa.com\/index.php?rest_route=\/wp\/v2\/product"}],"about":[{"href":"https:\/\/atividademapa.com\/index.php?rest_route=\/wp\/v2\/types\/product"}],"version-history":[{"count":5,"href":"https:\/\/atividademapa.com\/index.php?rest_route=\/wp\/v2\/product\/2294\/revisions"}],"predecessor-version":[{"id":6116,"href":"https:\/\/atividademapa.com\/index.php?rest_route=\/wp\/v2\/product\/2294\/revisions\/6116"}],"wp:featuredmedia":[{"embeddable":true,"href":"https:\/\/atividademapa.com\/index.php?rest_route=\/wp\/v2\/media\/2326"}],"wp:attachment":[{"href":"https:\/\/atividademapa.com\/index.php?rest_route=%2Fwp%2Fv2%2Fmedia&parent=2294"}],"wp:term":[{"taxonomy":"product_brand","embeddable":true,"href":"https:\/\/atividademapa.com\/index.php?rest_route=%2Fwp%2Fv2%2Fproduct_brand&post=2294"},{"taxonomy":"product_cat","embeddable":true,"href":"https:\/\/atividademapa.com\/index.php?rest_route=%2Fwp%2Fv2%2Fproduct_cat&post=2294"},{"taxonomy":"product_tag","embeddable":true,"href":"https:\/\/atividademapa.com\/index.php?rest_route=%2Fwp%2Fv2%2Fproduct_tag&post=2294"}],"curies":[{"name":"wp","href":"https:\/\/api.w.org\/{rel}","templated":true}]}}