{"id":2303,"date":"2023-03-05T09:11:00","date_gmt":"2023-03-05T12:11:00","guid":{"rendered":"https:\/\/atividademapa.com\/?post_type=product&#038;p=2303"},"modified":"2025-07-09T07:09:32","modified_gmt":"2025-07-09T10:09:32","slug":"mapa-agro-contabilidade-do-agronegocio-51-2023","status":"publish","type":"product","link":"https:\/\/atividademapa.com\/?product=mapa-agro-contabilidade-do-agronegocio-51-2023","title":{"rendered":"MAPA &#8211; AGRO &#8211; CONTABILIDADE DO AGRONEG\u00d3CIO &#8211; 51\/2023"},"content":{"rendered":"<p>Atividade MAPA &#8211; AGRO &#8211; CONTABILIDADE DO AGRONEG\u00d3CIO &#8211; 51\/2023<\/p>\n<p>Ol\u00e1, prezado estudante! Est\u00e1 na hora de colocar a m\u00e3o na massa! Esta atividade procura te colocar \u00e0 frente de situa\u00e7\u00f5es que voc\u00ea poder\u00e1 encarar na vida profissional. Ent\u00e3o vou utilizar o recurso de um pequeno estudo de caso para podermos desenvolver esta pr\u00e1tica.<\/p>\n<p>Pensando em termos de lucratividade e com rela\u00e7\u00e3o ao pagamento de frete, Sr. Jo\u00e3o acredita ser mais vantajoso a compra de um caminh\u00e3o para levar os gr\u00e3os (provenientes de duas safras no ano, uma de soja e uma de milho) at\u00e9 a cooperativa onde \u00e9 associado. J\u00e1 seu filho Pedro acredita que isso vai levar a um menor resultado e acredita ser mais interessante continuar pagando frete a terceiros do que comprar um caminh\u00e3o para isso.<\/p>\n<p>Diante desse dilema, com base no que aprendemos na disciplina e com os dados fornecidos pelo Sr. Jo\u00e3o e Pedro, vamos realizar uma assessoria para encontrar a melhor tomada de decis\u00e3o. Em nossa an\u00e1lise, vamos considerar um cen\u00e1rio de 5 anos. Estamos falando inicialmente de um gasto (frete), ent\u00e3o, o objetivo \u00e9 saber q : comprar o caminh\u00e3o ou continuar pagando o frete. Seguem os dados que foram disponibilizados:<\/p>\n<p>\u200bValor pago anualmente com o frete dos gr\u00e3os at\u00e9 a cooperativa: R$ 28.000,00.<br \/>\nValor de aquisi\u00e7\u00e3o do caminh\u00e3o: R$ 380.000,00.<br \/>\nTaxa de deprecia\u00e7\u00e3o anual do caminh\u00e3o (5 anos): 20%.<br \/>\nPrevis\u00e3o anual de gasto com combust\u00edvel, seguro, manuten\u00e7\u00e3o e impostos: R$ 6.000,00.<br \/>\nEstimativa do valor de venda do caminh\u00e3o depois de totalmente depreciado (5 anos. 20% x 5 = 100%): R$ 150.000,00.<\/p>\n<p>Estimativa anual de receitas com presta\u00e7\u00e3o de servi\u00e7os para propriedades da regi\u00e3o: R$ 15.000,00.<\/p>\n","protected":false},"excerpt":{"rendered":"<p>Atividade MAPA &#8211; AGRO &#8211; CONTABILIDADE DO AGRONEG\u00d3CIO &#8211; 51\/2023 Ol\u00e1, prezado estudante! Est\u00e1 na hora de colocar a m\u00e3o<\/p>\n","protected":false},"featured_media":2326,"template":"","meta":{"_monsterinsights_skip_tracking":false,"_monsterinsights_sitenote_active":false,"_monsterinsights_sitenote_note":"","_monsterinsights_sitenote_category":0},"product_brand":[],"product_cat":[92],"product_tag":[91],"class_list":{"0":"post-2303","1":"product","2":"type-product","3":"status-publish","4":"has-post-thumbnail","6":"product_cat-agro","7":"product_tag-mapa-512023","9":"first","10":"instock","11":"downloadable","12":"virtual","13":"purchasable","14":"product-type-simple"},"yoast_head":"<!-- This site is optimized with the Yoast SEO plugin v27.4 - https:\/\/yoast.com\/product\/yoast-seo-wordpress\/ -->\n<title>MAPA - AGRO - CONTABILIDADE DO AGRONEG\u00d3CIO - 51\/2023<\/title>\n<meta name=\"description\" content=\"Unicesumar &#8902; Atividade MAPA - AGRO - CONTABILIDADE DO AGRONEG\u00d3CIO - 51\/2023 tomada de decis\u00e3o qual das duas alternativas apresentar\u00e1 o menor gasto.\" \/>\n<meta name=\"robots\" content=\"index, follow, max-snippet:-1, max-image-preview:large, max-video-preview:-1\" \/>\n<link rel=\"canonical\" href=\"https:\/\/atividademapa.com\/?product=mapa-agro-contabilidade-do-agronegocio-51-2023\" \/>\n<meta property=\"og:locale\" content=\"pt_BR\" \/>\n<meta property=\"og:type\" content=\"article\" \/>\n<meta property=\"og:title\" content=\"MAPA - AGRO - CONTABILIDADE DO AGRONEG\u00d3CIO - 51\/2023\" \/>\n<meta property=\"og:description\" content=\"Unicesumar &#8902; Atividade MAPA - AGRO - CONTABILIDADE DO AGRONEG\u00d3CIO - 51\/2023 tomada de decis\u00e3o qual das duas alternativas apresentar\u00e1 o menor gasto.\" \/>\n<meta property=\"og:url\" content=\"https:\/\/atividademapa.com\/?product=mapa-agro-contabilidade-do-agronegocio-51-2023\" \/>\n<meta property=\"og:site_name\" content=\"Atividade Mapa\" \/>\n<meta property=\"article:modified_time\" content=\"2025-07-09T10:09:32+00:00\" \/>\n<meta property=\"og:image\" content=\"https:\/\/i0.wp.com\/atividademapa.com\/wp-content\/uploads\/2023\/03\/Atividade-M.A.P.A-3.png?fit=300%2C300&ssl=1\" \/>\n\t<meta property=\"og:image:width\" content=\"300\" \/>\n\t<meta property=\"og:image:height\" content=\"300\" \/>\n\t<meta property=\"og:image:type\" content=\"image\/png\" \/>\n<meta name=\"twitter:card\" content=\"summary_large_image\" \/>\n<meta name=\"twitter:label1\" content=\"Est. tempo de leitura\" \/>\n\t<meta name=\"twitter:data1\" content=\"1 minuto\" \/>\n<script type=\"application\/ld+json\" class=\"yoast-schema-graph\">{\"@context\":\"https:\\\/\\\/schema.org\",\"@graph\":[{\"@type\":\"WebPage\",\"@id\":\"https:\\\/\\\/atividademapa.com\\\/?product=mapa-agro-contabilidade-do-agronegocio-51-2023\",\"url\":\"https:\\\/\\\/atividademapa.com\\\/?product=mapa-agro-contabilidade-do-agronegocio-51-2023\",\"name\":\"MAPA - AGRO - CONTABILIDADE DO AGRONEG\u00d3CIO - 51\\\/2023\",\"isPartOf\":{\"@id\":\"https:\\\/\\\/atividademapa.com\\\/#website\"},\"primaryImageOfPage\":{\"@id\":\"https:\\\/\\\/atividademapa.com\\\/?product=mapa-agro-contabilidade-do-agronegocio-51-2023#primaryimage\"},\"image\":{\"@id\":\"https:\\\/\\\/atividademapa.com\\\/?product=mapa-agro-contabilidade-do-agronegocio-51-2023#primaryimage\"},\"thumbnailUrl\":\"https:\\\/\\\/i0.wp.com\\\/atividademapa.com\\\/wp-content\\\/uploads\\\/2023\\\/03\\\/Atividade-M.A.P.A-3.png?fit=300%2C300&ssl=1\",\"datePublished\":\"2023-03-05T12:11:00+00:00\",\"dateModified\":\"2025-07-09T10:09:32+00:00\",\"description\":\"Unicesumar &#8902; Atividade MAPA - AGRO - CONTABILIDADE DO AGRONEG\u00d3CIO - 51\\\/2023 tomada de decis\u00e3o qual das duas alternativas apresentar\u00e1 o menor gasto.\",\"breadcrumb\":{\"@id\":\"https:\\\/\\\/atividademapa.com\\\/?product=mapa-agro-contabilidade-do-agronegocio-51-2023#breadcrumb\"},\"inLanguage\":\"pt-BR\",\"potentialAction\":[{\"@type\":\"ReadAction\",\"target\":[\"https:\\\/\\\/atividademapa.com\\\/?product=mapa-agro-contabilidade-do-agronegocio-51-2023\"]}]},{\"@type\":\"ImageObject\",\"inLanguage\":\"pt-BR\",\"@id\":\"https:\\\/\\\/atividademapa.com\\\/?product=mapa-agro-contabilidade-do-agronegocio-51-2023#primaryimage\",\"url\":\"https:\\\/\\\/i0.wp.com\\\/atividademapa.com\\\/wp-content\\\/uploads\\\/2023\\\/03\\\/Atividade-M.A.P.A-3.png?fit=300%2C300&ssl=1\",\"contentUrl\":\"https:\\\/\\\/i0.wp.com\\\/atividademapa.com\\\/wp-content\\\/uploads\\\/2023\\\/03\\\/Atividade-M.A.P.A-3.png?fit=300%2C300&ssl=1\",\"width\":300,\"height\":300,\"caption\":\"Mapa Unicesumar Atividade\"},{\"@type\":\"BreadcrumbList\",\"@id\":\"https:\\\/\\\/atividademapa.com\\\/?product=mapa-agro-contabilidade-do-agronegocio-51-2023#breadcrumb\",\"itemListElement\":[{\"@type\":\"ListItem\",\"position\":1,\"name\":\"In\u00edcio\",\"item\":\"https:\\\/\\\/atividademapa.com\\\/\"},{\"@type\":\"ListItem\",\"position\":2,\"name\":\"MAPAS\",\"item\":\"https:\\\/\\\/atividademapa.com\\\/?page_id=5\"},{\"@type\":\"ListItem\",\"position\":3,\"name\":\"MAPA &#8211; AGRO &#8211; CONTABILIDADE DO AGRONEG\u00d3CIO &#8211; 51\\\/2023\"}]},{\"@type\":\"WebSite\",\"@id\":\"https:\\\/\\\/atividademapa.com\\\/#website\",\"url\":\"https:\\\/\\\/atividademapa.com\\\/\",\"name\":\"Atividade Mapa\",\"description\":\"StudeO | Unicesumar\",\"publisher\":{\"@id\":\"https:\\\/\\\/atividademapa.com\\\/#organization\"},\"potentialAction\":[{\"@type\":\"SearchAction\",\"target\":{\"@type\":\"EntryPoint\",\"urlTemplate\":\"https:\\\/\\\/atividademapa.com\\\/?s={search_term_string}\"},\"query-input\":{\"@type\":\"PropertyValueSpecification\",\"valueRequired\":true,\"valueName\":\"search_term_string\"}}],\"inLanguage\":\"pt-BR\"},{\"@type\":\"Organization\",\"@id\":\"https:\\\/\\\/atividademapa.com\\\/#organization\",\"name\":\"Atividade MAPA\",\"url\":\"https:\\\/\\\/atividademapa.com\\\/\",\"logo\":{\"@type\":\"ImageObject\",\"inLanguage\":\"pt-BR\",\"@id\":\"https:\\\/\\\/atividademapa.com\\\/#\\\/schema\\\/logo\\\/image\\\/\",\"url\":\"https:\\\/\\\/i0.wp.com\\\/atividademapa.com\\\/wp-content\\\/uploads\\\/2023\\\/02\\\/ATIVIDADE.png?fit=600%2C300&ssl=1\",\"contentUrl\":\"https:\\\/\\\/i0.wp.com\\\/atividademapa.com\\\/wp-content\\\/uploads\\\/2023\\\/02\\\/ATIVIDADE.png?fit=600%2C300&ssl=1\",\"width\":600,\"height\":300,\"caption\":\"Atividade MAPA\"},\"image\":{\"@id\":\"https:\\\/\\\/atividademapa.com\\\/#\\\/schema\\\/logo\\\/image\\\/\"}}]}<\/script>\n<!-- \/ Yoast SEO plugin. -->","yoast_head_json":{"title":"MAPA - AGRO - CONTABILIDADE DO AGRONEG\u00d3CIO - 51\/2023","description":"Unicesumar &#8902; Atividade MAPA - AGRO - CONTABILIDADE DO AGRONEG\u00d3CIO - 51\/2023 tomada de decis\u00e3o qual das duas alternativas apresentar\u00e1 o menor gasto.","robots":{"index":"index","follow":"follow","max-snippet":"max-snippet:-1","max-image-preview":"max-image-preview:large","max-video-preview":"max-video-preview:-1"},"canonical":"https:\/\/atividademapa.com\/?product=mapa-agro-contabilidade-do-agronegocio-51-2023","og_locale":"pt_BR","og_type":"article","og_title":"MAPA - AGRO - CONTABILIDADE DO AGRONEG\u00d3CIO - 51\/2023","og_description":"Unicesumar &#8902; Atividade MAPA - AGRO - CONTABILIDADE DO AGRONEG\u00d3CIO - 51\/2023 tomada de decis\u00e3o qual das duas alternativas apresentar\u00e1 o menor gasto.","og_url":"https:\/\/atividademapa.com\/?product=mapa-agro-contabilidade-do-agronegocio-51-2023","og_site_name":"Atividade Mapa","article_modified_time":"2025-07-09T10:09:32+00:00","og_image":[{"width":300,"height":300,"url":"https:\/\/i0.wp.com\/atividademapa.com\/wp-content\/uploads\/2023\/03\/Atividade-M.A.P.A-3.png?fit=300%2C300&ssl=1","type":"image\/png"}],"twitter_card":"summary_large_image","twitter_misc":{"Est. tempo de leitura":"1 minuto"},"schema":{"@context":"https:\/\/schema.org","@graph":[{"@type":"WebPage","@id":"https:\/\/atividademapa.com\/?product=mapa-agro-contabilidade-do-agronegocio-51-2023","url":"https:\/\/atividademapa.com\/?product=mapa-agro-contabilidade-do-agronegocio-51-2023","name":"MAPA - AGRO - CONTABILIDADE DO AGRONEG\u00d3CIO - 51\/2023","isPartOf":{"@id":"https:\/\/atividademapa.com\/#website"},"primaryImageOfPage":{"@id":"https:\/\/atividademapa.com\/?product=mapa-agro-contabilidade-do-agronegocio-51-2023#primaryimage"},"image":{"@id":"https:\/\/atividademapa.com\/?product=mapa-agro-contabilidade-do-agronegocio-51-2023#primaryimage"},"thumbnailUrl":"https:\/\/i0.wp.com\/atividademapa.com\/wp-content\/uploads\/2023\/03\/Atividade-M.A.P.A-3.png?fit=300%2C300&ssl=1","datePublished":"2023-03-05T12:11:00+00:00","dateModified":"2025-07-09T10:09:32+00:00","description":"Unicesumar &#8902; Atividade MAPA - AGRO - CONTABILIDADE DO AGRONEG\u00d3CIO - 51\/2023 tomada de decis\u00e3o qual das duas alternativas apresentar\u00e1 o menor gasto.","breadcrumb":{"@id":"https:\/\/atividademapa.com\/?product=mapa-agro-contabilidade-do-agronegocio-51-2023#breadcrumb"},"inLanguage":"pt-BR","potentialAction":[{"@type":"ReadAction","target":["https:\/\/atividademapa.com\/?product=mapa-agro-contabilidade-do-agronegocio-51-2023"]}]},{"@type":"ImageObject","inLanguage":"pt-BR","@id":"https:\/\/atividademapa.com\/?product=mapa-agro-contabilidade-do-agronegocio-51-2023#primaryimage","url":"https:\/\/i0.wp.com\/atividademapa.com\/wp-content\/uploads\/2023\/03\/Atividade-M.A.P.A-3.png?fit=300%2C300&ssl=1","contentUrl":"https:\/\/i0.wp.com\/atividademapa.com\/wp-content\/uploads\/2023\/03\/Atividade-M.A.P.A-3.png?fit=300%2C300&ssl=1","width":300,"height":300,"caption":"Mapa Unicesumar Atividade"},{"@type":"BreadcrumbList","@id":"https:\/\/atividademapa.com\/?product=mapa-agro-contabilidade-do-agronegocio-51-2023#breadcrumb","itemListElement":[{"@type":"ListItem","position":1,"name":"In\u00edcio","item":"https:\/\/atividademapa.com\/"},{"@type":"ListItem","position":2,"name":"MAPAS","item":"https:\/\/atividademapa.com\/?page_id=5"},{"@type":"ListItem","position":3,"name":"MAPA &#8211; AGRO &#8211; CONTABILIDADE DO AGRONEG\u00d3CIO &#8211; 51\/2023"}]},{"@type":"WebSite","@id":"https:\/\/atividademapa.com\/#website","url":"https:\/\/atividademapa.com\/","name":"Atividade Mapa","description":"StudeO | Unicesumar","publisher":{"@id":"https:\/\/atividademapa.com\/#organization"},"potentialAction":[{"@type":"SearchAction","target":{"@type":"EntryPoint","urlTemplate":"https:\/\/atividademapa.com\/?s={search_term_string}"},"query-input":{"@type":"PropertyValueSpecification","valueRequired":true,"valueName":"search_term_string"}}],"inLanguage":"pt-BR"},{"@type":"Organization","@id":"https:\/\/atividademapa.com\/#organization","name":"Atividade MAPA","url":"https:\/\/atividademapa.com\/","logo":{"@type":"ImageObject","inLanguage":"pt-BR","@id":"https:\/\/atividademapa.com\/#\/schema\/logo\/image\/","url":"https:\/\/i0.wp.com\/atividademapa.com\/wp-content\/uploads\/2023\/02\/ATIVIDADE.png?fit=600%2C300&ssl=1","contentUrl":"https:\/\/i0.wp.com\/atividademapa.com\/wp-content\/uploads\/2023\/02\/ATIVIDADE.png?fit=600%2C300&ssl=1","width":600,"height":300,"caption":"Atividade MAPA"},"image":{"@id":"https:\/\/atividademapa.com\/#\/schema\/logo\/image\/"}}]}},"_links":{"self":[{"href":"https:\/\/atividademapa.com\/index.php?rest_route=\/wp\/v2\/product\/2303","targetHints":{"allow":["GET"]}}],"collection":[{"href":"https:\/\/atividademapa.com\/index.php?rest_route=\/wp\/v2\/product"}],"about":[{"href":"https:\/\/atividademapa.com\/index.php?rest_route=\/wp\/v2\/types\/product"}],"version-history":[{"count":2,"href":"https:\/\/atividademapa.com\/index.php?rest_route=\/wp\/v2\/product\/2303\/revisions"}],"predecessor-version":[{"id":6117,"href":"https:\/\/atividademapa.com\/index.php?rest_route=\/wp\/v2\/product\/2303\/revisions\/6117"}],"wp:featuredmedia":[{"embeddable":true,"href":"https:\/\/atividademapa.com\/index.php?rest_route=\/wp\/v2\/media\/2326"}],"wp:attachment":[{"href":"https:\/\/atividademapa.com\/index.php?rest_route=%2Fwp%2Fv2%2Fmedia&parent=2303"}],"wp:term":[{"taxonomy":"product_brand","embeddable":true,"href":"https:\/\/atividademapa.com\/index.php?rest_route=%2Fwp%2Fv2%2Fproduct_brand&post=2303"},{"taxonomy":"product_cat","embeddable":true,"href":"https:\/\/atividademapa.com\/index.php?rest_route=%2Fwp%2Fv2%2Fproduct_cat&post=2303"},{"taxonomy":"product_tag","embeddable":true,"href":"https:\/\/atividademapa.com\/index.php?rest_route=%2Fwp%2Fv2%2Fproduct_tag&post=2303"}],"curies":[{"name":"wp","href":"https:\/\/api.w.org\/{rel}","templated":true}]}}