{"id":2311,"date":"2023-03-07T23:31:36","date_gmt":"2023-03-08T02:31:36","guid":{"rendered":"https:\/\/atividademapa.com\/?post_type=product&#038;p=2311"},"modified":"2025-07-09T07:09:33","modified_gmt":"2025-07-09T10:09:33","slug":"mapa-teoria-do-direito-51-2023","status":"publish","type":"product","link":"https:\/\/atividademapa.com\/?product=mapa-teoria-do-direito-51-2023","title":{"rendered":"MAPA &#8211; TEORIA DO DIREITO &#8211; 51\/2023"},"content":{"rendered":"<p><strong>MAPA \u2013 Material de Avalia\u00e7\u00e3o Pr\u00e1tica da Aprendizagem<\/strong><\/p>\n<p><strong>\u00a0<\/strong><\/p>\n<table width=\"602\">\n<tbody>\n<tr>\n<td width=\"406\"><strong>Acad\u00eamico: <\/strong><\/td>\n<td width=\"196\"><strong>R.A. <\/strong><\/td>\n<\/tr>\n<tr>\n<td colspan=\"2\" width=\"602\"><strong>Curso: <\/strong><\/td>\n<\/tr>\n<tr>\n<td colspan=\"2\" width=\"602\"><strong>\u00a0Disciplina: <\/strong>TEORIA DO DIREITO<\/td>\n<\/tr>\n<\/tbody>\n<\/table>\n<p><strong>\u00a0<\/strong><\/p>\n<p><strong>Instru\u00e7\u00f5es para Realiza\u00e7\u00e3o da Atividade<\/strong><\/p>\n<p><strong>\u00a0<\/strong><\/p>\n<ol>\n<li>Todos os campos acima dever\u00e3o ser devidamente preenchidos;<\/li>\n<li>\u00c9 obrigat\u00f3ria a utiliza\u00e7\u00e3o deste formul\u00e1rio para a realiza\u00e7\u00e3o do MAPA;<\/li>\n<li>Esta \u00e9 uma atividade individual. Caso identificado c\u00f3pia de colegas, o trabalho de ambos sofrer\u00e1 decr\u00e9scimo de nota;<\/li>\n<li>Utilizando este formul\u00e1rio, realize sua atividade, salve em seu computador, renomeie e envie em forma de anexo;<\/li>\n<li>Formata\u00e7\u00e3o exigida para esta atividade: documento Word, Fonte Arial ou Times New Roman tamanho 12, Espa\u00e7amento entre linhas 1,5, texto justificado;<\/li>\n<li>Ao utilizar quaisquer materiais de pesquisa referencie conforme as normas da ABNT;<\/li>\n<li>Na <u>Sala do Caf\u00e9<\/u> do ambiente virtual da disciplina voc\u00ea encontrar\u00e1 orienta\u00e7\u00f5es importantes para elabora\u00e7\u00e3o desta atividade. Confira!<\/li>\n<li>Crit\u00e9rios de avalia\u00e7\u00e3o: Utiliza\u00e7\u00e3o do template; Atendimento ao Tema; Constitui\u00e7\u00e3o dos argumentos e organiza\u00e7\u00e3o das Ideias; Corre\u00e7\u00e3o Gramatical e atendimento \u00e0s normas ABNT.<\/li>\n<li>Procure argumentar de forma clara e objetiva, de acordo com o conte\u00fado da disciplina.<\/li>\n<\/ol>\n<p>&nbsp;<\/p>\n<p><strong>Em caso de d\u00favidas, entre em contato com seu Professor Mediador.<\/strong><\/p>\n<p><strong>\u00a0<\/strong><\/p>\n<p><strong>Bons estudos!<\/strong><\/p>\n<p><strong>ATIVIDADE MAPA<\/strong><\/p>\n<p>&nbsp;<\/p>\n<p>Nesta atividade MAPA, procuraremos observar a realidade brasileira na atualidade, visando identificar algumas situa\u00e7\u00f5es cotidianas e refletir sobre como o Direito as conduz.<br \/>\nVamos analisar o caso de um estudante que, embora tenha feito vestibular para um curso superior, ainda n\u00e3o contava com aprova\u00e7\u00e3o no Ensino m\u00e9dio. Ent\u00e3o, o estudante se matriculou em um curso supletivo para poder efetivar a matr\u00edcula no curso superior.<\/p>\n<p>Ocorre que o estudante n\u00e3o conseguiu a certifica\u00e7\u00e3o do Ensino m\u00e9dio devido a um conflito entre normas, raz\u00e3o pela qual acionou o Poder Judici\u00e1rio.<\/p>\n<p>Observe o trecho da decis\u00e3o a seguir:<\/p>\n<p>\u201cNa declara\u00e7\u00e3o emitida pelo Col\u00e9gio Integrado Polivalente, consta que o Impetrante, doravante Recorrente, s\u00f3 poderia concluir o curso ap\u00f3s 6 (seis) meses de matr\u00edcula naquela institui\u00e7\u00e3o, consoante o Art. 34, inciso II, da Resolu\u00e7\u00e3o 01\/2004 do Conselho de Educa\u00e7\u00e3o do Distrito Federal (fl. 30).<\/p>\n<p>Pertinente reproduzir o teor da referida norma. Confira-se:<\/p>\n<p>\u2018Art. 34. A avalia\u00e7\u00e3o do rendimento escolar, para fins de promo\u00e7\u00e3o e certifica\u00e7\u00e3o em cursos para jovens e adultos a dist\u00e2ncia somente poder\u00e1 ser realizada por exames supletivos presenciais de responsabilidade da institui\u00e7\u00e3o educacional credenciada exclusivamente para alunos (Reda\u00e7\u00e3o dada pela Resolu\u00e7\u00e3o n\u00ba 01\/2004-CEDF, 30.03.2004):<br \/>\n(&#8230;)<br \/>\nII \u2013 matriculados na pr\u00f3pria institui\u00e7\u00e3o por um per\u00edodo m\u00ednimo de seis meses, exceto quando se tratar de aluno dependente em at\u00e9 dois componentes curriculares para a conclus\u00e3o do ensino m\u00e9dio. (Inclu\u00edda pela Resolu\u00e7\u00e3o n\u00ba 01\/2004-CEDF, 30.03.2004)\u2019<br \/>\nEm que pese tal normativo, instituindo prazo m\u00ednimo de seis meses de matr\u00edcula, para conclus\u00e3o do ensino m\u00e9dio, n\u00e3o se pode olvidar, por outro lado, do art. 38 e par\u00e1grafos da Lei n\u00ba 9.394\/96, que n\u00e3o estabelece tal prazo, atendo-se, t\u00e3o somente, ao crit\u00e9rio m\u00ednimo de idade. Confira-se:<\/p>\n<p>\u2018Art. 38. Os sistemas de ensino manter\u00e3o cursos e exames supletivos, que compreender\u00e3o a base nacional comum do curr\u00edculo, habilitando ao prosseguimento de estudos em car\u00e1ter regular.<\/p>\n<ul>\n<li>1\u00ba Os exames a que se refere este artigo realizar-se-\u00e3o:<br \/>\nI \u2013 no n\u00edvel de conclus\u00e3o do ensino fundamental, para os maiores de quinze anos,<br \/>\nII \u2013 no n\u00edvel de conclus\u00e3o do ensino m\u00e9dio, para os maiores de dezoito anos.<br \/>\n\u00a72\u00ba Os conhecimentos e habilidade adquiridos pelos educandos por meios informais ser\u00e3o aferidos e reconhecidos mediante exames.\u2019<\/li>\n<\/ul>\n<p>Nessas condi\u00e7\u00f5es, invi\u00e1vel conceber que a mencionada Resolu\u00e7\u00e3o n\u00ba 01\/2004 prevale\u00e7a sobre dispositivo de lei ordin\u00e1ria, cujo processo legislativo de elabora\u00e7\u00e3o reflete o car\u00e1ter dogm\u00e1tico de observ\u00e2ncia ao princ\u00edpio da legalidade, consagrado pela Carta Pol\u00edtica de 1988.<\/p>\n<p>[&#8230;] Essas as raz\u00f5es por que DOU PROVIMENTO ao agravo de instrumento, mantendo a liminar por mim deferida.\u201d<\/p>\n<p>&nbsp;<\/p>\n<p>Fonte: adaptado de: https:\/\/www.jusbrasil.com.br\/jurisprudencia\/tj-df\/7834266. Acesso em: 20 jan. 2023.<\/p>\n<p>Com base no caso apresentado e nos conhecimentos adquiridos durante o curso sobre a teoria do ordenamento jur\u00eddico, responda as quest\u00f5es a seguir:<\/p>\n<p>1) Conceitue o fen\u00f4meno chamado \u201cantinomia jur\u00eddica\u201d.<\/p>\n<p>2) Explique quais os crit\u00e9rios de solu\u00e7\u00e3o das antinomias jur\u00eddicas. Qual desses crit\u00e9rios foi utilizado pelo magistrado para solucionar o caso apresentado?<\/p>\n<p>3) Qual recurso deve ser utilizado pelo jurista nos casos em que o conflito entre normas n\u00e3o pode ser solucionado?<\/p>\n<p>\u200b<br \/>\nORIENTA\u00c7\u00d5ES:<\/p>\n<p>&#8211; Assista ao v\u00eddeo explicativo dispon\u00edvel no F\u00d3RUM e na SALA DO CAF\u00c9.<\/p>\n<p>\u200b- Fa\u00e7a seu MAPA em forma de um texto dissertativo argumentativo, com no m\u00e1ximo 30 linhas.<\/p>\n<p>\u200b- Leia a atividade com muita aten\u00e7\u00e3o para entender o que \u00e9 solicitado e facilitar na resolu\u00e7\u00e3o.<br \/>\n&#8211; Referencie sua resposta. Caso utilize cita\u00e7\u00f5es, diretas ou indiretas, dever\u00e1 informar a refer\u00eancia completa do material pesquisado ao final do texto, seguindo as normas da ABNT (dispon\u00edveis no MATERIAL DA DISCIPLINA).<\/p>\n<p>&#8211; Realize uma cuidadosa corre\u00e7\u00e3o ortogr\u00e1fica em seu texto antes de envi\u00e1-lo.<br \/>\n&#8211; Formate seu texto com as seguintes configura\u00e7\u00f5es: Fonte Arial ou Times New Roman, tamanho 12, espa\u00e7amento entre linhas 1,5, texto justificado.<\/p>\n<p>&#8211; O formato do arquivo deve ser \u201ctexto\u201d (doc ou docx).<\/p>\n<p>\u200b- Ao finalizar a atividade, anexe o FORMUL\u00c1RIO PADR\u00c3O preenchido corretamente no campo indicado dentro do ambiente da atividade MAPA.<\/p>\n<p>&nbsp;<\/p>\n<p>Aten\u00e7\u00e3o:<br \/>\nPara anexar o arquivo na atividade, clique sobre o bot\u00e3o &#8220;Selecionar arquivo&#8221;. Ap\u00f3s anexar o trabalho e certificar-se que se trata do arquivo correto, clique no bot\u00e3o &#8220;Responder&#8221; e, posteriormente, em &#8220;Finalizar&#8221;.<\/p>\n<p>Ap\u00f3s &#8220;Finalizar a Atividade&#8221;, n\u00e3o ser\u00e1 poss\u00edvel reenvi\u00e1-la ou realizar qualquer modifica\u00e7\u00e3o no arquivo enviado.<\/p>\n<p>&nbsp;<\/p>\n<p>Bom trabalho!\u200b<\/p>\n","protected":false},"excerpt":{"rendered":"<p>MAPA \u2013 Material de Avalia\u00e7\u00e3o Pr\u00e1tica da Aprendizagem \u00a0 Acad\u00eamico: R.A. Curso: \u00a0Disciplina: TEORIA DO DIREITO \u00a0 Instru\u00e7\u00f5es para Realiza\u00e7\u00e3o<\/p>\n","protected":false},"featured_media":2326,"template":"","meta":{"_monsterinsights_skip_tracking":false,"_monsterinsights_sitenote_active":false,"_monsterinsights_sitenote_note":"","_monsterinsights_sitenote_category":0},"product_brand":[],"product_cat":[93],"product_tag":[91],"class_list":{"0":"post-2311","1":"product","2":"type-product","3":"status-publish","4":"has-post-thumbnail","6":"product_cat-criminologia","7":"product_tag-mapa-512023","9":"first","10":"instock","11":"downloadable","12":"virtual","13":"purchasable","14":"product-type-simple"},"yoast_head":"<!-- This site is optimized with the Yoast SEO plugin v27.4 - https:\/\/yoast.com\/product\/yoast-seo-wordpress\/ -->\n<title>MAPA - TEORIA DO DIREITO - 51\/2023<\/title>\n<meta name=\"description\" content=\"Unicesumar &#8902; Atividade MAPA - TEORIA DO DIREITO - 51\/2023 Criminologia. Antinomia Jur\u00eddica.\" \/>\n<meta name=\"robots\" content=\"index, follow, max-snippet:-1, max-image-preview:large, max-video-preview:-1\" \/>\n<link rel=\"canonical\" href=\"https:\/\/atividademapa.com\/?product=mapa-teoria-do-direito-51-2023\" \/>\n<meta property=\"og:locale\" content=\"pt_BR\" \/>\n<meta property=\"og:type\" content=\"article\" \/>\n<meta property=\"og:title\" content=\"MAPA - TEORIA DO DIREITO - 51\/2023\" \/>\n<meta property=\"og:description\" content=\"Unicesumar &#8902; Atividade MAPA - TEORIA DO DIREITO - 51\/2023 Criminologia. Antinomia Jur\u00eddica.\" \/>\n<meta property=\"og:url\" content=\"https:\/\/atividademapa.com\/?product=mapa-teoria-do-direito-51-2023\" \/>\n<meta property=\"og:site_name\" content=\"Atividade Mapa\" \/>\n<meta property=\"article:modified_time\" content=\"2025-07-09T10:09:33+00:00\" \/>\n<meta property=\"og:image\" content=\"https:\/\/i0.wp.com\/atividademapa.com\/wp-content\/uploads\/2023\/03\/Atividade-M.A.P.A-3.png?fit=300%2C300&ssl=1\" \/>\n\t<meta property=\"og:image:width\" content=\"300\" \/>\n\t<meta property=\"og:image:height\" content=\"300\" \/>\n\t<meta property=\"og:image:type\" content=\"image\/png\" \/>\n<meta name=\"twitter:card\" content=\"summary_large_image\" \/>\n<meta name=\"twitter:label1\" content=\"Est. tempo de leitura\" \/>\n\t<meta name=\"twitter:data1\" content=\"5 minutos\" \/>\n<script type=\"application\/ld+json\" class=\"yoast-schema-graph\">{\"@context\":\"https:\\\/\\\/schema.org\",\"@graph\":[{\"@type\":\"WebPage\",\"@id\":\"https:\\\/\\\/atividademapa.com\\\/?product=mapa-teoria-do-direito-51-2023\",\"url\":\"https:\\\/\\\/atividademapa.com\\\/?product=mapa-teoria-do-direito-51-2023\",\"name\":\"MAPA - TEORIA DO DIREITO - 51\\\/2023\",\"isPartOf\":{\"@id\":\"https:\\\/\\\/atividademapa.com\\\/#website\"},\"primaryImageOfPage\":{\"@id\":\"https:\\\/\\\/atividademapa.com\\\/?product=mapa-teoria-do-direito-51-2023#primaryimage\"},\"image\":{\"@id\":\"https:\\\/\\\/atividademapa.com\\\/?product=mapa-teoria-do-direito-51-2023#primaryimage\"},\"thumbnailUrl\":\"https:\\\/\\\/i0.wp.com\\\/atividademapa.com\\\/wp-content\\\/uploads\\\/2023\\\/03\\\/Atividade-M.A.P.A-3.png?fit=300%2C300&ssl=1\",\"datePublished\":\"2023-03-08T02:31:36+00:00\",\"dateModified\":\"2025-07-09T10:09:33+00:00\",\"description\":\"Unicesumar &#8902; Atividade MAPA - TEORIA DO DIREITO - 51\\\/2023 Criminologia. Antinomia Jur\u00eddica.\",\"breadcrumb\":{\"@id\":\"https:\\\/\\\/atividademapa.com\\\/?product=mapa-teoria-do-direito-51-2023#breadcrumb\"},\"inLanguage\":\"pt-BR\",\"potentialAction\":[{\"@type\":\"ReadAction\",\"target\":[\"https:\\\/\\\/atividademapa.com\\\/?product=mapa-teoria-do-direito-51-2023\"]}]},{\"@type\":\"ImageObject\",\"inLanguage\":\"pt-BR\",\"@id\":\"https:\\\/\\\/atividademapa.com\\\/?product=mapa-teoria-do-direito-51-2023#primaryimage\",\"url\":\"https:\\\/\\\/i0.wp.com\\\/atividademapa.com\\\/wp-content\\\/uploads\\\/2023\\\/03\\\/Atividade-M.A.P.A-3.png?fit=300%2C300&ssl=1\",\"contentUrl\":\"https:\\\/\\\/i0.wp.com\\\/atividademapa.com\\\/wp-content\\\/uploads\\\/2023\\\/03\\\/Atividade-M.A.P.A-3.png?fit=300%2C300&ssl=1\",\"width\":300,\"height\":300,\"caption\":\"Mapa Unicesumar Atividade\"},{\"@type\":\"BreadcrumbList\",\"@id\":\"https:\\\/\\\/atividademapa.com\\\/?product=mapa-teoria-do-direito-51-2023#breadcrumb\",\"itemListElement\":[{\"@type\":\"ListItem\",\"position\":1,\"name\":\"In\u00edcio\",\"item\":\"https:\\\/\\\/atividademapa.com\\\/\"},{\"@type\":\"ListItem\",\"position\":2,\"name\":\"MAPAS\",\"item\":\"https:\\\/\\\/atividademapa.com\\\/?page_id=5\"},{\"@type\":\"ListItem\",\"position\":3,\"name\":\"MAPA &#8211; TEORIA DO DIREITO &#8211; 51\\\/2023\"}]},{\"@type\":\"WebSite\",\"@id\":\"https:\\\/\\\/atividademapa.com\\\/#website\",\"url\":\"https:\\\/\\\/atividademapa.com\\\/\",\"name\":\"Atividade Mapa\",\"description\":\"StudeO | Unicesumar\",\"publisher\":{\"@id\":\"https:\\\/\\\/atividademapa.com\\\/#organization\"},\"potentialAction\":[{\"@type\":\"SearchAction\",\"target\":{\"@type\":\"EntryPoint\",\"urlTemplate\":\"https:\\\/\\\/atividademapa.com\\\/?s={search_term_string}\"},\"query-input\":{\"@type\":\"PropertyValueSpecification\",\"valueRequired\":true,\"valueName\":\"search_term_string\"}}],\"inLanguage\":\"pt-BR\"},{\"@type\":\"Organization\",\"@id\":\"https:\\\/\\\/atividademapa.com\\\/#organization\",\"name\":\"Atividade MAPA\",\"url\":\"https:\\\/\\\/atividademapa.com\\\/\",\"logo\":{\"@type\":\"ImageObject\",\"inLanguage\":\"pt-BR\",\"@id\":\"https:\\\/\\\/atividademapa.com\\\/#\\\/schema\\\/logo\\\/image\\\/\",\"url\":\"https:\\\/\\\/i0.wp.com\\\/atividademapa.com\\\/wp-content\\\/uploads\\\/2023\\\/02\\\/ATIVIDADE.png?fit=600%2C300&ssl=1\",\"contentUrl\":\"https:\\\/\\\/i0.wp.com\\\/atividademapa.com\\\/wp-content\\\/uploads\\\/2023\\\/02\\\/ATIVIDADE.png?fit=600%2C300&ssl=1\",\"width\":600,\"height\":300,\"caption\":\"Atividade MAPA\"},\"image\":{\"@id\":\"https:\\\/\\\/atividademapa.com\\\/#\\\/schema\\\/logo\\\/image\\\/\"}}]}<\/script>\n<!-- \/ Yoast SEO plugin. -->","yoast_head_json":{"title":"MAPA - TEORIA DO DIREITO - 51\/2023","description":"Unicesumar &#8902; Atividade MAPA - TEORIA DO DIREITO - 51\/2023 Criminologia. Antinomia Jur\u00eddica.","robots":{"index":"index","follow":"follow","max-snippet":"max-snippet:-1","max-image-preview":"max-image-preview:large","max-video-preview":"max-video-preview:-1"},"canonical":"https:\/\/atividademapa.com\/?product=mapa-teoria-do-direito-51-2023","og_locale":"pt_BR","og_type":"article","og_title":"MAPA - TEORIA DO DIREITO - 51\/2023","og_description":"Unicesumar &#8902; Atividade MAPA - TEORIA DO DIREITO - 51\/2023 Criminologia. Antinomia Jur\u00eddica.","og_url":"https:\/\/atividademapa.com\/?product=mapa-teoria-do-direito-51-2023","og_site_name":"Atividade Mapa","article_modified_time":"2025-07-09T10:09:33+00:00","og_image":[{"width":300,"height":300,"url":"https:\/\/i0.wp.com\/atividademapa.com\/wp-content\/uploads\/2023\/03\/Atividade-M.A.P.A-3.png?fit=300%2C300&ssl=1","type":"image\/png"}],"twitter_card":"summary_large_image","twitter_misc":{"Est. tempo de leitura":"5 minutos"},"schema":{"@context":"https:\/\/schema.org","@graph":[{"@type":"WebPage","@id":"https:\/\/atividademapa.com\/?product=mapa-teoria-do-direito-51-2023","url":"https:\/\/atividademapa.com\/?product=mapa-teoria-do-direito-51-2023","name":"MAPA - TEORIA DO DIREITO - 51\/2023","isPartOf":{"@id":"https:\/\/atividademapa.com\/#website"},"primaryImageOfPage":{"@id":"https:\/\/atividademapa.com\/?product=mapa-teoria-do-direito-51-2023#primaryimage"},"image":{"@id":"https:\/\/atividademapa.com\/?product=mapa-teoria-do-direito-51-2023#primaryimage"},"thumbnailUrl":"https:\/\/i0.wp.com\/atividademapa.com\/wp-content\/uploads\/2023\/03\/Atividade-M.A.P.A-3.png?fit=300%2C300&ssl=1","datePublished":"2023-03-08T02:31:36+00:00","dateModified":"2025-07-09T10:09:33+00:00","description":"Unicesumar &#8902; Atividade MAPA - TEORIA DO DIREITO - 51\/2023 Criminologia. Antinomia Jur\u00eddica.","breadcrumb":{"@id":"https:\/\/atividademapa.com\/?product=mapa-teoria-do-direito-51-2023#breadcrumb"},"inLanguage":"pt-BR","potentialAction":[{"@type":"ReadAction","target":["https:\/\/atividademapa.com\/?product=mapa-teoria-do-direito-51-2023"]}]},{"@type":"ImageObject","inLanguage":"pt-BR","@id":"https:\/\/atividademapa.com\/?product=mapa-teoria-do-direito-51-2023#primaryimage","url":"https:\/\/i0.wp.com\/atividademapa.com\/wp-content\/uploads\/2023\/03\/Atividade-M.A.P.A-3.png?fit=300%2C300&ssl=1","contentUrl":"https:\/\/i0.wp.com\/atividademapa.com\/wp-content\/uploads\/2023\/03\/Atividade-M.A.P.A-3.png?fit=300%2C300&ssl=1","width":300,"height":300,"caption":"Mapa Unicesumar Atividade"},{"@type":"BreadcrumbList","@id":"https:\/\/atividademapa.com\/?product=mapa-teoria-do-direito-51-2023#breadcrumb","itemListElement":[{"@type":"ListItem","position":1,"name":"In\u00edcio","item":"https:\/\/atividademapa.com\/"},{"@type":"ListItem","position":2,"name":"MAPAS","item":"https:\/\/atividademapa.com\/?page_id=5"},{"@type":"ListItem","position":3,"name":"MAPA &#8211; TEORIA DO DIREITO &#8211; 51\/2023"}]},{"@type":"WebSite","@id":"https:\/\/atividademapa.com\/#website","url":"https:\/\/atividademapa.com\/","name":"Atividade Mapa","description":"StudeO | Unicesumar","publisher":{"@id":"https:\/\/atividademapa.com\/#organization"},"potentialAction":[{"@type":"SearchAction","target":{"@type":"EntryPoint","urlTemplate":"https:\/\/atividademapa.com\/?s={search_term_string}"},"query-input":{"@type":"PropertyValueSpecification","valueRequired":true,"valueName":"search_term_string"}}],"inLanguage":"pt-BR"},{"@type":"Organization","@id":"https:\/\/atividademapa.com\/#organization","name":"Atividade MAPA","url":"https:\/\/atividademapa.com\/","logo":{"@type":"ImageObject","inLanguage":"pt-BR","@id":"https:\/\/atividademapa.com\/#\/schema\/logo\/image\/","url":"https:\/\/i0.wp.com\/atividademapa.com\/wp-content\/uploads\/2023\/02\/ATIVIDADE.png?fit=600%2C300&ssl=1","contentUrl":"https:\/\/i0.wp.com\/atividademapa.com\/wp-content\/uploads\/2023\/02\/ATIVIDADE.png?fit=600%2C300&ssl=1","width":600,"height":300,"caption":"Atividade MAPA"},"image":{"@id":"https:\/\/atividademapa.com\/#\/schema\/logo\/image\/"}}]}},"_links":{"self":[{"href":"https:\/\/atividademapa.com\/index.php?rest_route=\/wp\/v2\/product\/2311","targetHints":{"allow":["GET"]}}],"collection":[{"href":"https:\/\/atividademapa.com\/index.php?rest_route=\/wp\/v2\/product"}],"about":[{"href":"https:\/\/atividademapa.com\/index.php?rest_route=\/wp\/v2\/types\/product"}],"version-history":[{"count":3,"href":"https:\/\/atividademapa.com\/index.php?rest_route=\/wp\/v2\/product\/2311\/revisions"}],"predecessor-version":[{"id":6118,"href":"https:\/\/atividademapa.com\/index.php?rest_route=\/wp\/v2\/product\/2311\/revisions\/6118"}],"wp:featuredmedia":[{"embeddable":true,"href":"https:\/\/atividademapa.com\/index.php?rest_route=\/wp\/v2\/media\/2326"}],"wp:attachment":[{"href":"https:\/\/atividademapa.com\/index.php?rest_route=%2Fwp%2Fv2%2Fmedia&parent=2311"}],"wp:term":[{"taxonomy":"product_brand","embeddable":true,"href":"https:\/\/atividademapa.com\/index.php?rest_route=%2Fwp%2Fv2%2Fproduct_brand&post=2311"},{"taxonomy":"product_cat","embeddable":true,"href":"https:\/\/atividademapa.com\/index.php?rest_route=%2Fwp%2Fv2%2Fproduct_cat&post=2311"},{"taxonomy":"product_tag","embeddable":true,"href":"https:\/\/atividademapa.com\/index.php?rest_route=%2Fwp%2Fv2%2Fproduct_tag&post=2311"}],"curies":[{"name":"wp","href":"https:\/\/api.w.org\/{rel}","templated":true}]}}