{"id":2374,"date":"2023-04-10T18:02:39","date_gmt":"2023-04-10T21:02:39","guid":{"rendered":"https:\/\/atividademapa.com\/?post_type=product&#038;p=2374"},"modified":"2025-07-09T07:09:36","modified_gmt":"2025-07-09T10:09:36","slug":"mapa-biologia-e-bioquimica-51-2023","status":"publish","type":"product","link":"https:\/\/atividademapa.com\/?product=mapa-biologia-e-bioquimica-51-2023","title":{"rendered":"Mapa Biologia e Bioqu\u00edmica 51\/2023"},"content":{"rendered":"<p>Atividade Mapa &#8211; Biologia e Bioqu\u00edmica 51\/2023<\/p>\n<p>A primeira c\u00e9lula provavelmente passou a existir com a forma\u00e7\u00e3o de uma membrana envolvendo um pequeno volume de solu\u00e7\u00e3o aquosa e separando-a do resto do universo. As membranas definem os limites externos das c\u00e9lulas e controlam o tr\u00e1fego de mol\u00e9culas por essa fronteira. Nas membranas biol\u00f3gicas, a bicama lip\u00eddica \u00e9 vista em combina\u00e7\u00e3o com uma ampla variedade de prote\u00ednas de membrana especializadas em uma das muitas fun\u00e7\u00f5es que as membranas desempenham nas c\u00e9lulas. Cada compartimento intracelular possui uma membrana com conte\u00fado espec\u00edfico de prote\u00ednas e lip\u00eddios dispostos de uma maneira peculiar atrav\u00e9s dos dois folhetos da bicamada. Juntas, as membranas intracelulares formam o sistema din\u00e2mico de endomembranas, que sintetiza e distribui componentes da membrana para criar compartimentos celulares com fun\u00e7\u00f5es especializadas.<\/p>\n<p>NELSON, D. L.; COX, M. M. Princ\u00edpios de Bioqu\u00edmica de Lehninger. 8.ed. Porto Alegre: Artmed, 2022.<\/p>\n<p>Considerando o excerto acima, utilizaremos este MAPA para apresentarmos, aos nossos futuros estudantes, a estrutura de uma membrana plasm\u00e1tica. Para tal, utilizaremos os conhecimentos assimilados durante a disciplina para compreendermos, a partir da resposta das quest\u00f5es propostas, a membrana plasm\u00e1tica e as fun\u00e7\u00f5es de suas estruturas.<\/p>\n<p>Para isso, voc\u00ea dever\u00e1 responder as quest\u00f5es abaixo:<\/p>\n<p>Orienta\u00e7\u00f5es importantes:<br \/>\n\uf0d8 Utilize o Livro da disciplina como base para elaborar suas respostas.<br \/>\n\uf0d8 Responda as quest\u00f5es de forma simples e direta!<br \/>\n\uf0d8 As Aulas Conceituais e Ao Vivo s\u00e3o essenciais para que voc\u00ea entenda os conte\u00fados solicitados na atividade. N\u00e3o deixe de assistir!!<br \/>\n\uf0d8 Referencie todos os materiais que utilizar para elaborar suas respostas (mesmo que tenha sido somente o livro da disciplina). Na Sala do Caf\u00e9 \u00e1 arquivos para auxili\u00e1-lo(a) nas cita\u00e7\u00f5es ou refer\u00eancias.<\/p>\n<p>&nbsp;<\/p>\n<p>&nbsp;<\/p>\n<p>&nbsp;<\/p>\n<p>01 &#8211; Cite os principais constituintes qu\u00edmicos destas membranas e descreva tr\u00eas fun\u00e7\u00f5es importantes que as membranas celulares apresentam.<br \/>\n[descreva sua resposta aqui]<\/p>\n<p>&nbsp;<\/p>\n<p>02 &#8211; Diferencie os tipos de prote\u00ednas presentes nas membranas plasm\u00e1ticas e apresente os tipos de transporte, atrav\u00e9s da membrana, que as prote\u00ednas podem desempenhar.<br \/>\n[descreva sua resposta aqui]<\/p>\n<p>03 &#8211; Diferencie os tipos de transporte atrav\u00e9s da membrana plasm\u00e1tica que n\u00e3o dependem de prote\u00ednas de membrana.<br \/>\n[descreva sua resposta aqui]<\/p>\n<p>04 &#8211; Apresente as refer\u00eancias bibliogr\u00e1ficas dos livros\/sites\/artigos utilizados para realiza\u00e7\u00e3o desta atividade, conforme as normas ABNT.<\/p>\n<p>[utilize o arquivo sobre refer\u00eancias ABNT dispon\u00edvel na sala do caf\u00e9]<\/p>\n<p>&nbsp;<\/p>\n<p>Orienta\u00e7\u00f5es finais:<br \/>\n\uf0fc C\u00f3pias parciais ou totais ser\u00e3o zeradas.<br \/>\n\uf0fc Poste seu arquivo em formato word (.doc) ou PDF. Outros formatos n\u00e3o ser\u00e3o aceitos.<br \/>\n\uf0fc Certifique-se se o arquivo enviado est\u00e1 correto. Em caso de problemas, envie sua d\u00favida para o seu professor mediador.<br \/>\n\uf0fc Todas as atividades do curso s\u00e3o avaliadas conforme a solicita\u00e7\u00e3o. Sendo assim, o descumprimento dessas orienta\u00e7\u00f5es pode acarretar algum desconto na nota.<\/p>\n","protected":false},"excerpt":{"rendered":"<p>01 &#8211; Cite os principais constituintes qu\u00edmicos destas membranas e descreva tr\u00eas fun\u00e7\u00f5es importantes que as membranas celulares apresentam.<\/p>\n<p>02 &#8211; Diferencie os tipos de prote\u00ednas presentes nas membranas plasm\u00e1ticas e apresente os tipos de transporte, atrav\u00e9s da membrana, que as prote\u00ednas podem desempenhar.<\/p>\n<p>03 &#8211; Diferencie os tipos de transporte atrav\u00e9s da membrana plasm\u00e1tica que n\u00e3o dependem de prote\u00ednas de membrana.<\/p>\n<p>04 &#8211; Apresente as refer\u00eancias bibliogr\u00e1ficas dos livros\/sites\/artigos utilizados para realiza\u00e7\u00e3o desta atividade, conforme as normas ABNT.<\/p>\n","protected":false},"featured_media":2326,"template":"","meta":{"_monsterinsights_skip_tracking":false,"_monsterinsights_sitenote_active":false,"_monsterinsights_sitenote_note":"","_monsterinsights_sitenote_category":0},"product_brand":[],"product_cat":[42],"product_tag":[],"class_list":{"0":"post-2374","1":"product","2":"type-product","3":"status-publish","4":"has-post-thumbnail","6":"product_cat-educacao-fisica","8":"first","9":"instock","10":"downloadable","11":"virtual","12":"purchasable","13":"product-type-simple"},"yoast_head":"<!-- This site is optimized with the Yoast SEO plugin v27.4 - https:\/\/yoast.com\/product\/yoast-seo-wordpress\/ -->\n<title>Mapa Biologia e Bioqu\u00edmica 51\/2023<\/title>\n<meta name=\"description\" content=\"Unicesumar &#8902; Atividade Mapa Biologia e Bioqu\u00edmica 51\/2023 | Constituintes das membranas celulares, transporte atrav\u00e9s da membrana plasm\u00e1tica.\" \/>\n<meta name=\"robots\" content=\"index, follow, max-snippet:-1, max-image-preview:large, max-video-preview:-1\" \/>\n<link rel=\"canonical\" href=\"https:\/\/atividademapa.com\/?product=mapa-biologia-e-bioquimica-51-2023\" \/>\n<meta property=\"og:locale\" content=\"pt_BR\" \/>\n<meta property=\"og:type\" content=\"article\" \/>\n<meta property=\"og:title\" content=\"Mapa Biologia e Bioqu\u00edmica 51\/2023\" \/>\n<meta property=\"og:description\" content=\"Unicesumar &#8902; Atividade Mapa Biologia e Bioqu\u00edmica 51\/2023 | Constituintes das membranas celulares, transporte atrav\u00e9s da membrana plasm\u00e1tica.\" \/>\n<meta property=\"og:url\" content=\"https:\/\/atividademapa.com\/?product=mapa-biologia-e-bioquimica-51-2023\" \/>\n<meta property=\"og:site_name\" content=\"Atividade Mapa\" \/>\n<meta property=\"article:modified_time\" content=\"2025-07-09T10:09:36+00:00\" \/>\n<meta property=\"og:image\" content=\"https:\/\/i0.wp.com\/atividademapa.com\/wp-content\/uploads\/2023\/03\/Atividade-M.A.P.A-3.png?fit=300%2C300&ssl=1\" \/>\n\t<meta property=\"og:image:width\" content=\"300\" \/>\n\t<meta property=\"og:image:height\" content=\"300\" \/>\n\t<meta property=\"og:image:type\" content=\"image\/png\" \/>\n<meta name=\"twitter:card\" content=\"summary_large_image\" \/>\n<meta name=\"twitter:label1\" content=\"Est. tempo de leitura\" \/>\n\t<meta name=\"twitter:data1\" content=\"2 minutos\" \/>\n<script type=\"application\/ld+json\" class=\"yoast-schema-graph\">{\"@context\":\"https:\\\/\\\/schema.org\",\"@graph\":[{\"@type\":\"WebPage\",\"@id\":\"https:\\\/\\\/atividademapa.com\\\/?product=mapa-biologia-e-bioquimica-51-2023\",\"url\":\"https:\\\/\\\/atividademapa.com\\\/?product=mapa-biologia-e-bioquimica-51-2023\",\"name\":\"Mapa Biologia e Bioqu\u00edmica 51\\\/2023\",\"isPartOf\":{\"@id\":\"https:\\\/\\\/atividademapa.com\\\/#website\"},\"primaryImageOfPage\":{\"@id\":\"https:\\\/\\\/atividademapa.com\\\/?product=mapa-biologia-e-bioquimica-51-2023#primaryimage\"},\"image\":{\"@id\":\"https:\\\/\\\/atividademapa.com\\\/?product=mapa-biologia-e-bioquimica-51-2023#primaryimage\"},\"thumbnailUrl\":\"https:\\\/\\\/i0.wp.com\\\/atividademapa.com\\\/wp-content\\\/uploads\\\/2023\\\/03\\\/Atividade-M.A.P.A-3.png?fit=300%2C300&ssl=1\",\"datePublished\":\"2023-04-10T21:02:39+00:00\",\"dateModified\":\"2025-07-09T10:09:36+00:00\",\"description\":\"Unicesumar &#8902; Atividade Mapa Biologia e Bioqu\u00edmica 51\\\/2023 | Constituintes das membranas celulares, transporte atrav\u00e9s da membrana plasm\u00e1tica.\",\"breadcrumb\":{\"@id\":\"https:\\\/\\\/atividademapa.com\\\/?product=mapa-biologia-e-bioquimica-51-2023#breadcrumb\"},\"inLanguage\":\"pt-BR\",\"potentialAction\":[{\"@type\":\"ReadAction\",\"target\":[\"https:\\\/\\\/atividademapa.com\\\/?product=mapa-biologia-e-bioquimica-51-2023\"]}]},{\"@type\":\"ImageObject\",\"inLanguage\":\"pt-BR\",\"@id\":\"https:\\\/\\\/atividademapa.com\\\/?product=mapa-biologia-e-bioquimica-51-2023#primaryimage\",\"url\":\"https:\\\/\\\/i0.wp.com\\\/atividademapa.com\\\/wp-content\\\/uploads\\\/2023\\\/03\\\/Atividade-M.A.P.A-3.png?fit=300%2C300&ssl=1\",\"contentUrl\":\"https:\\\/\\\/i0.wp.com\\\/atividademapa.com\\\/wp-content\\\/uploads\\\/2023\\\/03\\\/Atividade-M.A.P.A-3.png?fit=300%2C300&ssl=1\",\"width\":300,\"height\":300,\"caption\":\"Mapa Unicesumar Atividade\"},{\"@type\":\"BreadcrumbList\",\"@id\":\"https:\\\/\\\/atividademapa.com\\\/?product=mapa-biologia-e-bioquimica-51-2023#breadcrumb\",\"itemListElement\":[{\"@type\":\"ListItem\",\"position\":1,\"name\":\"In\u00edcio\",\"item\":\"https:\\\/\\\/atividademapa.com\\\/\"},{\"@type\":\"ListItem\",\"position\":2,\"name\":\"MAPAS\",\"item\":\"https:\\\/\\\/atividademapa.com\\\/?page_id=5\"},{\"@type\":\"ListItem\",\"position\":3,\"name\":\"Mapa Biologia e Bioqu\u00edmica 51\\\/2023\"}]},{\"@type\":\"WebSite\",\"@id\":\"https:\\\/\\\/atividademapa.com\\\/#website\",\"url\":\"https:\\\/\\\/atividademapa.com\\\/\",\"name\":\"Atividade Mapa\",\"description\":\"StudeO | Unicesumar\",\"publisher\":{\"@id\":\"https:\\\/\\\/atividademapa.com\\\/#organization\"},\"potentialAction\":[{\"@type\":\"SearchAction\",\"target\":{\"@type\":\"EntryPoint\",\"urlTemplate\":\"https:\\\/\\\/atividademapa.com\\\/?s={search_term_string}\"},\"query-input\":{\"@type\":\"PropertyValueSpecification\",\"valueRequired\":true,\"valueName\":\"search_term_string\"}}],\"inLanguage\":\"pt-BR\"},{\"@type\":\"Organization\",\"@id\":\"https:\\\/\\\/atividademapa.com\\\/#organization\",\"name\":\"Atividade MAPA\",\"url\":\"https:\\\/\\\/atividademapa.com\\\/\",\"logo\":{\"@type\":\"ImageObject\",\"inLanguage\":\"pt-BR\",\"@id\":\"https:\\\/\\\/atividademapa.com\\\/#\\\/schema\\\/logo\\\/image\\\/\",\"url\":\"https:\\\/\\\/i0.wp.com\\\/atividademapa.com\\\/wp-content\\\/uploads\\\/2023\\\/02\\\/ATIVIDADE.png?fit=600%2C300&ssl=1\",\"contentUrl\":\"https:\\\/\\\/i0.wp.com\\\/atividademapa.com\\\/wp-content\\\/uploads\\\/2023\\\/02\\\/ATIVIDADE.png?fit=600%2C300&ssl=1\",\"width\":600,\"height\":300,\"caption\":\"Atividade MAPA\"},\"image\":{\"@id\":\"https:\\\/\\\/atividademapa.com\\\/#\\\/schema\\\/logo\\\/image\\\/\"}}]}<\/script>\n<!-- \/ Yoast SEO plugin. -->","yoast_head_json":{"title":"Mapa Biologia e Bioqu\u00edmica 51\/2023","description":"Unicesumar &#8902; Atividade Mapa Biologia e Bioqu\u00edmica 51\/2023 | Constituintes das membranas celulares, transporte atrav\u00e9s da membrana plasm\u00e1tica.","robots":{"index":"index","follow":"follow","max-snippet":"max-snippet:-1","max-image-preview":"max-image-preview:large","max-video-preview":"max-video-preview:-1"},"canonical":"https:\/\/atividademapa.com\/?product=mapa-biologia-e-bioquimica-51-2023","og_locale":"pt_BR","og_type":"article","og_title":"Mapa Biologia e Bioqu\u00edmica 51\/2023","og_description":"Unicesumar &#8902; Atividade Mapa Biologia e Bioqu\u00edmica 51\/2023 | Constituintes das membranas celulares, transporte atrav\u00e9s da membrana plasm\u00e1tica.","og_url":"https:\/\/atividademapa.com\/?product=mapa-biologia-e-bioquimica-51-2023","og_site_name":"Atividade Mapa","article_modified_time":"2025-07-09T10:09:36+00:00","og_image":[{"width":300,"height":300,"url":"https:\/\/i0.wp.com\/atividademapa.com\/wp-content\/uploads\/2023\/03\/Atividade-M.A.P.A-3.png?fit=300%2C300&ssl=1","type":"image\/png"}],"twitter_card":"summary_large_image","twitter_misc":{"Est. tempo de leitura":"2 minutos"},"schema":{"@context":"https:\/\/schema.org","@graph":[{"@type":"WebPage","@id":"https:\/\/atividademapa.com\/?product=mapa-biologia-e-bioquimica-51-2023","url":"https:\/\/atividademapa.com\/?product=mapa-biologia-e-bioquimica-51-2023","name":"Mapa Biologia e Bioqu\u00edmica 51\/2023","isPartOf":{"@id":"https:\/\/atividademapa.com\/#website"},"primaryImageOfPage":{"@id":"https:\/\/atividademapa.com\/?product=mapa-biologia-e-bioquimica-51-2023#primaryimage"},"image":{"@id":"https:\/\/atividademapa.com\/?product=mapa-biologia-e-bioquimica-51-2023#primaryimage"},"thumbnailUrl":"https:\/\/i0.wp.com\/atividademapa.com\/wp-content\/uploads\/2023\/03\/Atividade-M.A.P.A-3.png?fit=300%2C300&ssl=1","datePublished":"2023-04-10T21:02:39+00:00","dateModified":"2025-07-09T10:09:36+00:00","description":"Unicesumar &#8902; Atividade Mapa Biologia e Bioqu\u00edmica 51\/2023 | Constituintes das membranas celulares, transporte atrav\u00e9s da membrana plasm\u00e1tica.","breadcrumb":{"@id":"https:\/\/atividademapa.com\/?product=mapa-biologia-e-bioquimica-51-2023#breadcrumb"},"inLanguage":"pt-BR","potentialAction":[{"@type":"ReadAction","target":["https:\/\/atividademapa.com\/?product=mapa-biologia-e-bioquimica-51-2023"]}]},{"@type":"ImageObject","inLanguage":"pt-BR","@id":"https:\/\/atividademapa.com\/?product=mapa-biologia-e-bioquimica-51-2023#primaryimage","url":"https:\/\/i0.wp.com\/atividademapa.com\/wp-content\/uploads\/2023\/03\/Atividade-M.A.P.A-3.png?fit=300%2C300&ssl=1","contentUrl":"https:\/\/i0.wp.com\/atividademapa.com\/wp-content\/uploads\/2023\/03\/Atividade-M.A.P.A-3.png?fit=300%2C300&ssl=1","width":300,"height":300,"caption":"Mapa Unicesumar Atividade"},{"@type":"BreadcrumbList","@id":"https:\/\/atividademapa.com\/?product=mapa-biologia-e-bioquimica-51-2023#breadcrumb","itemListElement":[{"@type":"ListItem","position":1,"name":"In\u00edcio","item":"https:\/\/atividademapa.com\/"},{"@type":"ListItem","position":2,"name":"MAPAS","item":"https:\/\/atividademapa.com\/?page_id=5"},{"@type":"ListItem","position":3,"name":"Mapa Biologia e Bioqu\u00edmica 51\/2023"}]},{"@type":"WebSite","@id":"https:\/\/atividademapa.com\/#website","url":"https:\/\/atividademapa.com\/","name":"Atividade Mapa","description":"StudeO | Unicesumar","publisher":{"@id":"https:\/\/atividademapa.com\/#organization"},"potentialAction":[{"@type":"SearchAction","target":{"@type":"EntryPoint","urlTemplate":"https:\/\/atividademapa.com\/?s={search_term_string}"},"query-input":{"@type":"PropertyValueSpecification","valueRequired":true,"valueName":"search_term_string"}}],"inLanguage":"pt-BR"},{"@type":"Organization","@id":"https:\/\/atividademapa.com\/#organization","name":"Atividade MAPA","url":"https:\/\/atividademapa.com\/","logo":{"@type":"ImageObject","inLanguage":"pt-BR","@id":"https:\/\/atividademapa.com\/#\/schema\/logo\/image\/","url":"https:\/\/i0.wp.com\/atividademapa.com\/wp-content\/uploads\/2023\/02\/ATIVIDADE.png?fit=600%2C300&ssl=1","contentUrl":"https:\/\/i0.wp.com\/atividademapa.com\/wp-content\/uploads\/2023\/02\/ATIVIDADE.png?fit=600%2C300&ssl=1","width":600,"height":300,"caption":"Atividade MAPA"},"image":{"@id":"https:\/\/atividademapa.com\/#\/schema\/logo\/image\/"}}]}},"_links":{"self":[{"href":"https:\/\/atividademapa.com\/index.php?rest_route=\/wp\/v2\/product\/2374","targetHints":{"allow":["GET"]}}],"collection":[{"href":"https:\/\/atividademapa.com\/index.php?rest_route=\/wp\/v2\/product"}],"about":[{"href":"https:\/\/atividademapa.com\/index.php?rest_route=\/wp\/v2\/types\/product"}],"version-history":[{"count":2,"href":"https:\/\/atividademapa.com\/index.php?rest_route=\/wp\/v2\/product\/2374\/revisions"}],"predecessor-version":[{"id":6121,"href":"https:\/\/atividademapa.com\/index.php?rest_route=\/wp\/v2\/product\/2374\/revisions\/6121"}],"wp:featuredmedia":[{"embeddable":true,"href":"https:\/\/atividademapa.com\/index.php?rest_route=\/wp\/v2\/media\/2326"}],"wp:attachment":[{"href":"https:\/\/atividademapa.com\/index.php?rest_route=%2Fwp%2Fv2%2Fmedia&parent=2374"}],"wp:term":[{"taxonomy":"product_brand","embeddable":true,"href":"https:\/\/atividademapa.com\/index.php?rest_route=%2Fwp%2Fv2%2Fproduct_brand&post=2374"},{"taxonomy":"product_cat","embeddable":true,"href":"https:\/\/atividademapa.com\/index.php?rest_route=%2Fwp%2Fv2%2Fproduct_cat&post=2374"},{"taxonomy":"product_tag","embeddable":true,"href":"https:\/\/atividademapa.com\/index.php?rest_route=%2Fwp%2Fv2%2Fproduct_tag&post=2374"}],"curies":[{"name":"wp","href":"https:\/\/api.w.org\/{rel}","templated":true}]}}