{"id":2378,"date":"2023-04-15T23:43:26","date_gmt":"2023-04-16T02:43:26","guid":{"rendered":"https:\/\/atividademapa.com\/?post_type=product&#038;p=2378"},"modified":"2025-07-09T07:09:37","modified_gmt":"2025-07-09T10:09:37","slug":"atividade-mapa-cenarios-economicos","status":"publish","type":"product","link":"https:\/\/atividademapa.com\/?product=atividade-mapa-cenarios-economicos","title":{"rendered":"Atividade Mapa Cen\u00e1rios Econ\u00f4micos"},"content":{"rendered":"<p>Atividade Mapa Cen\u00e1rios Econ\u00f4micos<\/p>\n<table width=\"601\">\n<tbody>\n<tr>\n<td width=\"601\">(a) As poss\u00edveis vantagens da reforma tribut\u00e1ria no Brasil, caso a PEC 110\/2019 seja aprovada. (m\u00ednimo 2 vantagens)<\/td>\n<\/tr>\n<tr>\n<td width=\"601\"><\/td>\n<\/tr>\n<\/tbody>\n<\/table>\n<p><strong>\u00a0<\/strong><\/p>\n<table width=\"601\">\n<tbody>\n<tr>\n<td width=\"601\">(b) As poss\u00edveis desvantagens da reforma tribut\u00e1ria no Brasil, caso a PEC 110\/2019 seja aprovada. (m\u00ednimo 2 desvantagens)<\/td>\n<\/tr>\n<tr>\n<td width=\"601\"><\/td>\n<\/tr>\n<\/tbody>\n<\/table>\n<p><strong>\u00a0<\/strong><\/p>\n<table width=\"601\">\n<tbody>\n<tr>\n<td width=\"601\">(c) Caso a PEC 110\/2019 seja aprovada, explique se ser\u00e1 vantajoso ou n\u00e3o para o ramo aliment\u00edcio, apresentando quais as vantagens ou desvantagens para este setor. (m\u00ednimo 2 vantagens ou 2 desvantagens)<\/td>\n<\/tr>\n<\/tbody>\n<\/table>\n","protected":false},"excerpt":{"rendered":"<p>Atividade Mapa Cen\u00e1rios Econ\u00f4micos (a) As poss\u00edveis vantagens da reforma tribut\u00e1ria no Brasil, caso a PEC 110\/2019 seja aprovada. (m\u00ednimo<\/p>\n","protected":false},"featured_media":2326,"template":"","meta":{"_monsterinsights_skip_tracking":false,"_monsterinsights_sitenote_active":false,"_monsterinsights_sitenote_note":"","_monsterinsights_sitenote_category":0},"product_brand":[],"product_cat":[59],"product_tag":[],"class_list":{"0":"post-2378","1":"product","2":"type-product","3":"status-publish","4":"has-post-thumbnail","6":"product_cat-recursos-humanos","8":"first","9":"instock","10":"downloadable","11":"virtual","12":"purchasable","13":"product-type-simple"},"yoast_head":"<!-- This site is optimized with the Yoast SEO plugin v27.4 - https:\/\/yoast.com\/product\/yoast-seo-wordpress\/ -->\n<title>Atividade Mapa Cen\u00e1rios Econ\u00f4micos<\/title>\n<meta name=\"description\" content=\"Unicesumar &#8902; Atividade Atividade Mapa Cen\u00e1rios Econ\u00f4micos - Caso a PEC 110\/2019 seja aprovada. Fa\u00e7a o Dowload agora mesmo.\" \/>\n<meta name=\"robots\" content=\"index, follow, max-snippet:-1, max-image-preview:large, max-video-preview:-1\" \/>\n<link rel=\"canonical\" href=\"https:\/\/atividademapa.com\/?product=atividade-mapa-cenarios-economicos\" \/>\n<meta property=\"og:locale\" content=\"pt_BR\" \/>\n<meta property=\"og:type\" content=\"article\" \/>\n<meta property=\"og:title\" content=\"Atividade Mapa Cen\u00e1rios Econ\u00f4micos\" \/>\n<meta property=\"og:description\" content=\"Unicesumar &#8902; Atividade Atividade Mapa Cen\u00e1rios Econ\u00f4micos - Caso a PEC 110\/2019 seja aprovada. Fa\u00e7a o Dowload agora mesmo.\" \/>\n<meta property=\"og:url\" content=\"https:\/\/atividademapa.com\/?product=atividade-mapa-cenarios-economicos\" \/>\n<meta property=\"og:site_name\" content=\"Atividade Mapa\" \/>\n<meta property=\"article:modified_time\" content=\"2025-07-09T10:09:37+00:00\" \/>\n<meta property=\"og:image\" content=\"https:\/\/i0.wp.com\/atividademapa.com\/wp-content\/uploads\/2023\/03\/Atividade-M.A.P.A-3.png?fit=300%2C300&ssl=1\" \/>\n\t<meta property=\"og:image:width\" content=\"300\" \/>\n\t<meta property=\"og:image:height\" content=\"300\" \/>\n\t<meta property=\"og:image:type\" content=\"image\/png\" \/>\n<meta name=\"twitter:card\" content=\"summary_large_image\" \/>\n<script type=\"application\/ld+json\" class=\"yoast-schema-graph\">{\"@context\":\"https:\\\/\\\/schema.org\",\"@graph\":[{\"@type\":\"WebPage\",\"@id\":\"https:\\\/\\\/atividademapa.com\\\/?product=atividade-mapa-cenarios-economicos\",\"url\":\"https:\\\/\\\/atividademapa.com\\\/?product=atividade-mapa-cenarios-economicos\",\"name\":\"Atividade Mapa Cen\u00e1rios Econ\u00f4micos\",\"isPartOf\":{\"@id\":\"https:\\\/\\\/atividademapa.com\\\/#website\"},\"primaryImageOfPage\":{\"@id\":\"https:\\\/\\\/atividademapa.com\\\/?product=atividade-mapa-cenarios-economicos#primaryimage\"},\"image\":{\"@id\":\"https:\\\/\\\/atividademapa.com\\\/?product=atividade-mapa-cenarios-economicos#primaryimage\"},\"thumbnailUrl\":\"https:\\\/\\\/i0.wp.com\\\/atividademapa.com\\\/wp-content\\\/uploads\\\/2023\\\/03\\\/Atividade-M.A.P.A-3.png?fit=300%2C300&ssl=1\",\"datePublished\":\"2023-04-16T02:43:26+00:00\",\"dateModified\":\"2025-07-09T10:09:37+00:00\",\"description\":\"Unicesumar &#8902; Atividade Atividade Mapa Cen\u00e1rios Econ\u00f4micos - Caso a PEC 110\\\/2019 seja aprovada. Fa\u00e7a o Dowload agora mesmo.\",\"breadcrumb\":{\"@id\":\"https:\\\/\\\/atividademapa.com\\\/?product=atividade-mapa-cenarios-economicos#breadcrumb\"},\"inLanguage\":\"pt-BR\",\"potentialAction\":[{\"@type\":\"ReadAction\",\"target\":[\"https:\\\/\\\/atividademapa.com\\\/?product=atividade-mapa-cenarios-economicos\"]}]},{\"@type\":\"ImageObject\",\"inLanguage\":\"pt-BR\",\"@id\":\"https:\\\/\\\/atividademapa.com\\\/?product=atividade-mapa-cenarios-economicos#primaryimage\",\"url\":\"https:\\\/\\\/i0.wp.com\\\/atividademapa.com\\\/wp-content\\\/uploads\\\/2023\\\/03\\\/Atividade-M.A.P.A-3.png?fit=300%2C300&ssl=1\",\"contentUrl\":\"https:\\\/\\\/i0.wp.com\\\/atividademapa.com\\\/wp-content\\\/uploads\\\/2023\\\/03\\\/Atividade-M.A.P.A-3.png?fit=300%2C300&ssl=1\",\"width\":300,\"height\":300,\"caption\":\"Mapa Unicesumar Atividade\"},{\"@type\":\"BreadcrumbList\",\"@id\":\"https:\\\/\\\/atividademapa.com\\\/?product=atividade-mapa-cenarios-economicos#breadcrumb\",\"itemListElement\":[{\"@type\":\"ListItem\",\"position\":1,\"name\":\"In\u00edcio\",\"item\":\"https:\\\/\\\/atividademapa.com\\\/\"},{\"@type\":\"ListItem\",\"position\":2,\"name\":\"MAPAS\",\"item\":\"https:\\\/\\\/atividademapa.com\\\/?page_id=5\"},{\"@type\":\"ListItem\",\"position\":3,\"name\":\"Atividade Mapa Cen\u00e1rios Econ\u00f4micos\"}]},{\"@type\":\"WebSite\",\"@id\":\"https:\\\/\\\/atividademapa.com\\\/#website\",\"url\":\"https:\\\/\\\/atividademapa.com\\\/\",\"name\":\"Atividade Mapa\",\"description\":\"StudeO | Unicesumar\",\"publisher\":{\"@id\":\"https:\\\/\\\/atividademapa.com\\\/#organization\"},\"potentialAction\":[{\"@type\":\"SearchAction\",\"target\":{\"@type\":\"EntryPoint\",\"urlTemplate\":\"https:\\\/\\\/atividademapa.com\\\/?s={search_term_string}\"},\"query-input\":{\"@type\":\"PropertyValueSpecification\",\"valueRequired\":true,\"valueName\":\"search_term_string\"}}],\"inLanguage\":\"pt-BR\"},{\"@type\":\"Organization\",\"@id\":\"https:\\\/\\\/atividademapa.com\\\/#organization\",\"name\":\"Atividade MAPA\",\"url\":\"https:\\\/\\\/atividademapa.com\\\/\",\"logo\":{\"@type\":\"ImageObject\",\"inLanguage\":\"pt-BR\",\"@id\":\"https:\\\/\\\/atividademapa.com\\\/#\\\/schema\\\/logo\\\/image\\\/\",\"url\":\"https:\\\/\\\/i0.wp.com\\\/atividademapa.com\\\/wp-content\\\/uploads\\\/2023\\\/02\\\/ATIVIDADE.png?fit=600%2C300&ssl=1\",\"contentUrl\":\"https:\\\/\\\/i0.wp.com\\\/atividademapa.com\\\/wp-content\\\/uploads\\\/2023\\\/02\\\/ATIVIDADE.png?fit=600%2C300&ssl=1\",\"width\":600,\"height\":300,\"caption\":\"Atividade MAPA\"},\"image\":{\"@id\":\"https:\\\/\\\/atividademapa.com\\\/#\\\/schema\\\/logo\\\/image\\\/\"}}]}<\/script>\n<!-- \/ Yoast SEO plugin. -->","yoast_head_json":{"title":"Atividade Mapa Cen\u00e1rios Econ\u00f4micos","description":"Unicesumar &#8902; Atividade Atividade Mapa Cen\u00e1rios Econ\u00f4micos - Caso a PEC 110\/2019 seja aprovada. Fa\u00e7a o Dowload agora mesmo.","robots":{"index":"index","follow":"follow","max-snippet":"max-snippet:-1","max-image-preview":"max-image-preview:large","max-video-preview":"max-video-preview:-1"},"canonical":"https:\/\/atividademapa.com\/?product=atividade-mapa-cenarios-economicos","og_locale":"pt_BR","og_type":"article","og_title":"Atividade Mapa Cen\u00e1rios Econ\u00f4micos","og_description":"Unicesumar &#8902; Atividade Atividade Mapa Cen\u00e1rios Econ\u00f4micos - Caso a PEC 110\/2019 seja aprovada. Fa\u00e7a o Dowload agora mesmo.","og_url":"https:\/\/atividademapa.com\/?product=atividade-mapa-cenarios-economicos","og_site_name":"Atividade Mapa","article_modified_time":"2025-07-09T10:09:37+00:00","og_image":[{"width":300,"height":300,"url":"https:\/\/i0.wp.com\/atividademapa.com\/wp-content\/uploads\/2023\/03\/Atividade-M.A.P.A-3.png?fit=300%2C300&ssl=1","type":"image\/png"}],"twitter_card":"summary_large_image","schema":{"@context":"https:\/\/schema.org","@graph":[{"@type":"WebPage","@id":"https:\/\/atividademapa.com\/?product=atividade-mapa-cenarios-economicos","url":"https:\/\/atividademapa.com\/?product=atividade-mapa-cenarios-economicos","name":"Atividade Mapa Cen\u00e1rios Econ\u00f4micos","isPartOf":{"@id":"https:\/\/atividademapa.com\/#website"},"primaryImageOfPage":{"@id":"https:\/\/atividademapa.com\/?product=atividade-mapa-cenarios-economicos#primaryimage"},"image":{"@id":"https:\/\/atividademapa.com\/?product=atividade-mapa-cenarios-economicos#primaryimage"},"thumbnailUrl":"https:\/\/i0.wp.com\/atividademapa.com\/wp-content\/uploads\/2023\/03\/Atividade-M.A.P.A-3.png?fit=300%2C300&ssl=1","datePublished":"2023-04-16T02:43:26+00:00","dateModified":"2025-07-09T10:09:37+00:00","description":"Unicesumar &#8902; Atividade Atividade Mapa Cen\u00e1rios Econ\u00f4micos - Caso a PEC 110\/2019 seja aprovada. Fa\u00e7a o Dowload agora mesmo.","breadcrumb":{"@id":"https:\/\/atividademapa.com\/?product=atividade-mapa-cenarios-economicos#breadcrumb"},"inLanguage":"pt-BR","potentialAction":[{"@type":"ReadAction","target":["https:\/\/atividademapa.com\/?product=atividade-mapa-cenarios-economicos"]}]},{"@type":"ImageObject","inLanguage":"pt-BR","@id":"https:\/\/atividademapa.com\/?product=atividade-mapa-cenarios-economicos#primaryimage","url":"https:\/\/i0.wp.com\/atividademapa.com\/wp-content\/uploads\/2023\/03\/Atividade-M.A.P.A-3.png?fit=300%2C300&ssl=1","contentUrl":"https:\/\/i0.wp.com\/atividademapa.com\/wp-content\/uploads\/2023\/03\/Atividade-M.A.P.A-3.png?fit=300%2C300&ssl=1","width":300,"height":300,"caption":"Mapa Unicesumar Atividade"},{"@type":"BreadcrumbList","@id":"https:\/\/atividademapa.com\/?product=atividade-mapa-cenarios-economicos#breadcrumb","itemListElement":[{"@type":"ListItem","position":1,"name":"In\u00edcio","item":"https:\/\/atividademapa.com\/"},{"@type":"ListItem","position":2,"name":"MAPAS","item":"https:\/\/atividademapa.com\/?page_id=5"},{"@type":"ListItem","position":3,"name":"Atividade Mapa Cen\u00e1rios Econ\u00f4micos"}]},{"@type":"WebSite","@id":"https:\/\/atividademapa.com\/#website","url":"https:\/\/atividademapa.com\/","name":"Atividade Mapa","description":"StudeO | Unicesumar","publisher":{"@id":"https:\/\/atividademapa.com\/#organization"},"potentialAction":[{"@type":"SearchAction","target":{"@type":"EntryPoint","urlTemplate":"https:\/\/atividademapa.com\/?s={search_term_string}"},"query-input":{"@type":"PropertyValueSpecification","valueRequired":true,"valueName":"search_term_string"}}],"inLanguage":"pt-BR"},{"@type":"Organization","@id":"https:\/\/atividademapa.com\/#organization","name":"Atividade MAPA","url":"https:\/\/atividademapa.com\/","logo":{"@type":"ImageObject","inLanguage":"pt-BR","@id":"https:\/\/atividademapa.com\/#\/schema\/logo\/image\/","url":"https:\/\/i0.wp.com\/atividademapa.com\/wp-content\/uploads\/2023\/02\/ATIVIDADE.png?fit=600%2C300&ssl=1","contentUrl":"https:\/\/i0.wp.com\/atividademapa.com\/wp-content\/uploads\/2023\/02\/ATIVIDADE.png?fit=600%2C300&ssl=1","width":600,"height":300,"caption":"Atividade MAPA"},"image":{"@id":"https:\/\/atividademapa.com\/#\/schema\/logo\/image\/"}}]}},"_links":{"self":[{"href":"https:\/\/atividademapa.com\/index.php?rest_route=\/wp\/v2\/product\/2378","targetHints":{"allow":["GET"]}}],"collection":[{"href":"https:\/\/atividademapa.com\/index.php?rest_route=\/wp\/v2\/product"}],"about":[{"href":"https:\/\/atividademapa.com\/index.php?rest_route=\/wp\/v2\/types\/product"}],"version-history":[{"count":2,"href":"https:\/\/atividademapa.com\/index.php?rest_route=\/wp\/v2\/product\/2378\/revisions"}],"predecessor-version":[{"id":6122,"href":"https:\/\/atividademapa.com\/index.php?rest_route=\/wp\/v2\/product\/2378\/revisions\/6122"}],"wp:featuredmedia":[{"embeddable":true,"href":"https:\/\/atividademapa.com\/index.php?rest_route=\/wp\/v2\/media\/2326"}],"wp:attachment":[{"href":"https:\/\/atividademapa.com\/index.php?rest_route=%2Fwp%2Fv2%2Fmedia&parent=2378"}],"wp:term":[{"taxonomy":"product_brand","embeddable":true,"href":"https:\/\/atividademapa.com\/index.php?rest_route=%2Fwp%2Fv2%2Fproduct_brand&post=2378"},{"taxonomy":"product_cat","embeddable":true,"href":"https:\/\/atividademapa.com\/index.php?rest_route=%2Fwp%2Fv2%2Fproduct_cat&post=2378"},{"taxonomy":"product_tag","embeddable":true,"href":"https:\/\/atividademapa.com\/index.php?rest_route=%2Fwp%2Fv2%2Fproduct_tag&post=2378"}],"curies":[{"name":"wp","href":"https:\/\/api.w.org\/{rel}","templated":true}]}}