{"id":2381,"date":"2023-04-15T23:49:39","date_gmt":"2023-04-16T02:49:39","guid":{"rendered":"https:\/\/atividademapa.com\/?post_type=product&#038;p=2381"},"modified":"2025-07-09T07:09:38","modified_gmt":"2025-07-09T10:09:38","slug":"atividade-mapa-iniciacao-esportiva-52-2023","status":"publish","type":"product","link":"https:\/\/atividademapa.com\/?product=atividade-mapa-iniciacao-esportiva-52-2023","title":{"rendered":"Atividade Mapa Inicia\u00e7\u00e3o Esportiva 52\/2023"},"content":{"rendered":"<p>Inicia\u00e7\u00e3o Esportiva &#8211; Atividade Mapa 52\/2023<\/p>\n<p>A Unidade de Treino (UT) representa a sess\u00e3o de treino ou aula prevista no microciclo. Sua elabora\u00e7\u00e3o \u00e9 essencial para que o desenvolvimento das atividades ocorra de forma eficiente e satisfat\u00f3ria, atingindo o objetivo proposto dentro do seu planejamento ou periodiza\u00e7\u00e3o. Nesse contexto, Gonz\u00e1les et al. (2017) prop\u00f5e que a aula ou UT deve ser estruturada em tr\u00eas grandes blocos: a roda inicial, as viv\u00eancias e a roda final. A roda inicial e a roda final s\u00e3o os momentos de conversa entre professor\/treinador e aluno\/atleta. J\u00e1 as viv\u00eancias se referem \u00e0 aplica\u00e7\u00e3o das atividades propostas.<\/p>\n<p>Fontes: GONZ\u00c1LEZ, F. J. et al. Esportes de Invas\u00e3o: basquetebol, futebol, futsal, handebol e ultimate frisbee. Maring\u00e1: Eduem, 2017.<br \/>\nRESENDE, R.; LUZ, S. R. Inicia\u00e7\u00e3o Esportiva. Maring\u00e1: UniCesumar, 2022.<\/p>\n<p>A partir dessas informa\u00e7\u00f5es, nesta atividade MAPA, voc\u00ea dever\u00e1 elaborar UMA Unidade de Treino ou Aula, conforme a estrutura descrita por Gonz\u00e1les et al. (2017) e citada anteriormente, para uma modalidade esportiva \u00e0 sua escolha, por\u00e9m que tenha como caracter\u00edstica ser um esporte COLETIVO de INVAS\u00c3O.<\/p>\n<p>Voc\u00ea dever\u00e1 considerar que seus alunos(as)\/atletas possuem entre 7 e 12 anos de idade e que desejam INICIAR na modalidade.<\/p>\n<p>Orienta\u00e7\u00f5es importantes:<br \/>\n\uf0d8 Para entender melhor cada etapa da estrutura da UT ou aula, acesse as p\u00e1ginas 141\u2013144 do livro da disciplina.<br \/>\n\uf0d8 Leia as informa\u00e7\u00f5es apresentadas na Unidade 1 do livro da disciplina sobre a classifica\u00e7\u00e3o dos esportes para escolher a modalidade.<br \/>\n\uf0d8 Utilize o exemplo do plano de aula ou UT da p\u00e1gina 146 do livro da disciplina como base para descrever e elaborar as atividades.<br \/>\n\uf0d8 As Aulas Conceituais e Ao Vivo s\u00e3o essenciais para que voc\u00ea entenda os conte\u00fados solicitados na atividade. N\u00e3o deixe de assistir!!<br \/>\n\uf0d8 Na pasta Material da Disciplina h\u00e1 um livro (Manual de Pr\u00e1ticas para Inicia\u00e7\u00e3o Esportiva &#8211; Programa Segundo tempo) com exemplos de atividades para diversas modalidades esportivas que voc\u00ea pode utilizar para montar sua aula\/treino.<br \/>\n\uf0d8 Referencie todos os materiais que utilizar para elaborar suas respostas (mesmo que tenha sido somente o livro da disciplina). Na Sala do Caf\u00e9 \u00e1 arquivos para auxili\u00e1-lo(a) nas cita\u00e7\u00f5es ou refer\u00eancias.<\/p>\n<p>UT &#8211; UNIDADE DE TREINO\/AULA<br \/>\nModalidade esportiva:<br \/>\nFaixa et\u00e1ria (idade) dos alunos\/atletas:<br \/>\nProblema t\u00e1tico:<br \/>\nObjetivo(s):<\/p>\n<p>Roda Inicial:<br \/>\n[descreva as informa\u00e7\u00f5es sobre a conversa inicial aqui]<\/p>\n<p>Primeiros movimentos:<br \/>\n[descreva os primeiros movimentos aqui]<\/p>\n<p>1. Jogo inicial:<br \/>\nNome do jogo:<\/p>\n<p>Objetivo:<\/p>\n<p>Materiais utilizados:<\/p>\n<p>Descri\u00e7\u00e3o:<\/p>\n<p>2. Consci\u00eancia t\u00e1tica:<br \/>\nPergunta:<\/p>\n<p>Resposta:<\/p>\n<p>3. Tarefas:<br \/>\nNome do jogo\/tarefa:<\/p>\n<p>Objetivo:<\/p>\n<p>Materiais utilizados:<\/p>\n<p>Descri\u00e7\u00e3o:<\/p>\n<p>4. Jogo final:<br \/>\nNome do jogo:<\/p>\n<p>Objetivo:<\/p>\n<p>Materiais utilizados:<\/p>\n<p>Descri\u00e7\u00e3o:<\/p>\n<p>Roda final<br \/>\n[descreva as informa\u00e7\u00f5es sobre a conversa final aqui]<\/p>\n<p>Apresente as refer\u00eancias bibliogr\u00e1ficas dos livros\/sites\/artigos utilizados para realiza\u00e7\u00e3o desta atividade, conforme as normas ABNT.<br \/>\n[Descreva as refer\u00eancias aqui. Utilize o arquivo sobre refer\u00eancias ABNT dispon\u00edvel na sala do caf\u00e9]<\/p>\n<p>&nbsp;<\/p>\n","protected":false},"excerpt":{"rendered":"<p>Inicia\u00e7\u00e3o Esportiva &#8211; Atividade Mapa 52\/2023 A Unidade de Treino (UT) representa a sess\u00e3o de treino ou aula prevista no<\/p>\n","protected":false},"featured_media":2326,"template":"","meta":{"_monsterinsights_skip_tracking":false,"_monsterinsights_sitenote_active":false,"_monsterinsights_sitenote_note":"","_monsterinsights_sitenote_category":0},"product_brand":[],"product_cat":[42],"product_tag":[94],"class_list":{"0":"post-2381","1":"product","2":"type-product","3":"status-publish","4":"has-post-thumbnail","6":"product_cat-educacao-fisica","7":"product_tag-mapa-52-2023-unicesumar","9":"first","10":"instock","11":"downloadable","12":"virtual","13":"purchasable","14":"product-type-simple"},"yoast_head":"<!-- This site is optimized with the Yoast SEO plugin v27.4 - https:\/\/yoast.com\/product\/yoast-seo-wordpress\/ -->\n<title>Atividade Mapa Inicia\u00e7\u00e3o Esportiva 52\/2023<\/title>\n<meta name=\"description\" content=\"Unicesumar &#8902; Atividade Atividade Mapa Inicia\u00e7\u00e3o Esportiva 52\/2023 - Unidade de Treino\/Aula (UT). Educa\u00e7\u00e3o F\u00edsica, Baixe um MAPA resolvido agora.\" \/>\n<meta name=\"robots\" content=\"index, follow, max-snippet:-1, max-image-preview:large, max-video-preview:-1\" \/>\n<link rel=\"canonical\" href=\"https:\/\/atividademapa.com\/?product=atividade-mapa-iniciacao-esportiva-52-2023\" \/>\n<meta property=\"og:locale\" content=\"pt_BR\" \/>\n<meta property=\"og:type\" content=\"article\" \/>\n<meta property=\"og:title\" content=\"Atividade Mapa Inicia\u00e7\u00e3o Esportiva 52\/2023\" \/>\n<meta property=\"og:description\" content=\"Unicesumar &#8902; Atividade Atividade Mapa Inicia\u00e7\u00e3o Esportiva 52\/2023 - Unidade de Treino\/Aula (UT). Educa\u00e7\u00e3o F\u00edsica, Baixe um MAPA resolvido agora.\" \/>\n<meta property=\"og:url\" content=\"https:\/\/atividademapa.com\/?product=atividade-mapa-iniciacao-esportiva-52-2023\" \/>\n<meta property=\"og:site_name\" content=\"Atividade Mapa\" \/>\n<meta property=\"article:modified_time\" content=\"2025-07-09T10:09:38+00:00\" \/>\n<meta property=\"og:image\" content=\"https:\/\/i0.wp.com\/atividademapa.com\/wp-content\/uploads\/2023\/03\/Atividade-M.A.P.A-3.png?fit=300%2C300&ssl=1\" \/>\n\t<meta property=\"og:image:width\" content=\"300\" \/>\n\t<meta property=\"og:image:height\" content=\"300\" \/>\n\t<meta property=\"og:image:type\" content=\"image\/png\" \/>\n<meta name=\"twitter:card\" content=\"summary_large_image\" \/>\n<meta name=\"twitter:label1\" content=\"Est. tempo de leitura\" \/>\n\t<meta name=\"twitter:data1\" content=\"2 minutos\" \/>\n<script type=\"application\/ld+json\" class=\"yoast-schema-graph\">{\"@context\":\"https:\\\/\\\/schema.org\",\"@graph\":[{\"@type\":\"WebPage\",\"@id\":\"https:\\\/\\\/atividademapa.com\\\/?product=atividade-mapa-iniciacao-esportiva-52-2023\",\"url\":\"https:\\\/\\\/atividademapa.com\\\/?product=atividade-mapa-iniciacao-esportiva-52-2023\",\"name\":\"Atividade Mapa Inicia\u00e7\u00e3o Esportiva 52\\\/2023\",\"isPartOf\":{\"@id\":\"https:\\\/\\\/atividademapa.com\\\/#website\"},\"primaryImageOfPage\":{\"@id\":\"https:\\\/\\\/atividademapa.com\\\/?product=atividade-mapa-iniciacao-esportiva-52-2023#primaryimage\"},\"image\":{\"@id\":\"https:\\\/\\\/atividademapa.com\\\/?product=atividade-mapa-iniciacao-esportiva-52-2023#primaryimage\"},\"thumbnailUrl\":\"https:\\\/\\\/i0.wp.com\\\/atividademapa.com\\\/wp-content\\\/uploads\\\/2023\\\/03\\\/Atividade-M.A.P.A-3.png?fit=300%2C300&ssl=1\",\"datePublished\":\"2023-04-16T02:49:39+00:00\",\"dateModified\":\"2025-07-09T10:09:38+00:00\",\"description\":\"Unicesumar &#8902; Atividade Atividade Mapa Inicia\u00e7\u00e3o Esportiva 52\\\/2023 - Unidade de Treino\\\/Aula (UT). Educa\u00e7\u00e3o F\u00edsica, Baixe um MAPA resolvido agora.\",\"breadcrumb\":{\"@id\":\"https:\\\/\\\/atividademapa.com\\\/?product=atividade-mapa-iniciacao-esportiva-52-2023#breadcrumb\"},\"inLanguage\":\"pt-BR\",\"potentialAction\":[{\"@type\":\"ReadAction\",\"target\":[\"https:\\\/\\\/atividademapa.com\\\/?product=atividade-mapa-iniciacao-esportiva-52-2023\"]}]},{\"@type\":\"ImageObject\",\"inLanguage\":\"pt-BR\",\"@id\":\"https:\\\/\\\/atividademapa.com\\\/?product=atividade-mapa-iniciacao-esportiva-52-2023#primaryimage\",\"url\":\"https:\\\/\\\/i0.wp.com\\\/atividademapa.com\\\/wp-content\\\/uploads\\\/2023\\\/03\\\/Atividade-M.A.P.A-3.png?fit=300%2C300&ssl=1\",\"contentUrl\":\"https:\\\/\\\/i0.wp.com\\\/atividademapa.com\\\/wp-content\\\/uploads\\\/2023\\\/03\\\/Atividade-M.A.P.A-3.png?fit=300%2C300&ssl=1\",\"width\":300,\"height\":300,\"caption\":\"Mapa Unicesumar Atividade\"},{\"@type\":\"BreadcrumbList\",\"@id\":\"https:\\\/\\\/atividademapa.com\\\/?product=atividade-mapa-iniciacao-esportiva-52-2023#breadcrumb\",\"itemListElement\":[{\"@type\":\"ListItem\",\"position\":1,\"name\":\"In\u00edcio\",\"item\":\"https:\\\/\\\/atividademapa.com\\\/\"},{\"@type\":\"ListItem\",\"position\":2,\"name\":\"MAPAS\",\"item\":\"https:\\\/\\\/atividademapa.com\\\/?page_id=5\"},{\"@type\":\"ListItem\",\"position\":3,\"name\":\"Atividade Mapa Inicia\u00e7\u00e3o Esportiva 52\\\/2023\"}]},{\"@type\":\"WebSite\",\"@id\":\"https:\\\/\\\/atividademapa.com\\\/#website\",\"url\":\"https:\\\/\\\/atividademapa.com\\\/\",\"name\":\"Atividade Mapa\",\"description\":\"StudeO | Unicesumar\",\"publisher\":{\"@id\":\"https:\\\/\\\/atividademapa.com\\\/#organization\"},\"potentialAction\":[{\"@type\":\"SearchAction\",\"target\":{\"@type\":\"EntryPoint\",\"urlTemplate\":\"https:\\\/\\\/atividademapa.com\\\/?s={search_term_string}\"},\"query-input\":{\"@type\":\"PropertyValueSpecification\",\"valueRequired\":true,\"valueName\":\"search_term_string\"}}],\"inLanguage\":\"pt-BR\"},{\"@type\":\"Organization\",\"@id\":\"https:\\\/\\\/atividademapa.com\\\/#organization\",\"name\":\"Atividade MAPA\",\"url\":\"https:\\\/\\\/atividademapa.com\\\/\",\"logo\":{\"@type\":\"ImageObject\",\"inLanguage\":\"pt-BR\",\"@id\":\"https:\\\/\\\/atividademapa.com\\\/#\\\/schema\\\/logo\\\/image\\\/\",\"url\":\"https:\\\/\\\/i0.wp.com\\\/atividademapa.com\\\/wp-content\\\/uploads\\\/2023\\\/02\\\/ATIVIDADE.png?fit=600%2C300&ssl=1\",\"contentUrl\":\"https:\\\/\\\/i0.wp.com\\\/atividademapa.com\\\/wp-content\\\/uploads\\\/2023\\\/02\\\/ATIVIDADE.png?fit=600%2C300&ssl=1\",\"width\":600,\"height\":300,\"caption\":\"Atividade MAPA\"},\"image\":{\"@id\":\"https:\\\/\\\/atividademapa.com\\\/#\\\/schema\\\/logo\\\/image\\\/\"}}]}<\/script>\n<!-- \/ Yoast SEO plugin. -->","yoast_head_json":{"title":"Atividade Mapa Inicia\u00e7\u00e3o Esportiva 52\/2023","description":"Unicesumar &#8902; Atividade Atividade Mapa Inicia\u00e7\u00e3o Esportiva 52\/2023 - Unidade de Treino\/Aula (UT). Educa\u00e7\u00e3o F\u00edsica, Baixe um MAPA resolvido agora.","robots":{"index":"index","follow":"follow","max-snippet":"max-snippet:-1","max-image-preview":"max-image-preview:large","max-video-preview":"max-video-preview:-1"},"canonical":"https:\/\/atividademapa.com\/?product=atividade-mapa-iniciacao-esportiva-52-2023","og_locale":"pt_BR","og_type":"article","og_title":"Atividade Mapa Inicia\u00e7\u00e3o Esportiva 52\/2023","og_description":"Unicesumar &#8902; Atividade Atividade Mapa Inicia\u00e7\u00e3o Esportiva 52\/2023 - Unidade de Treino\/Aula (UT). Educa\u00e7\u00e3o F\u00edsica, Baixe um MAPA resolvido agora.","og_url":"https:\/\/atividademapa.com\/?product=atividade-mapa-iniciacao-esportiva-52-2023","og_site_name":"Atividade Mapa","article_modified_time":"2025-07-09T10:09:38+00:00","og_image":[{"width":300,"height":300,"url":"https:\/\/i0.wp.com\/atividademapa.com\/wp-content\/uploads\/2023\/03\/Atividade-M.A.P.A-3.png?fit=300%2C300&ssl=1","type":"image\/png"}],"twitter_card":"summary_large_image","twitter_misc":{"Est. tempo de leitura":"2 minutos"},"schema":{"@context":"https:\/\/schema.org","@graph":[{"@type":"WebPage","@id":"https:\/\/atividademapa.com\/?product=atividade-mapa-iniciacao-esportiva-52-2023","url":"https:\/\/atividademapa.com\/?product=atividade-mapa-iniciacao-esportiva-52-2023","name":"Atividade Mapa Inicia\u00e7\u00e3o Esportiva 52\/2023","isPartOf":{"@id":"https:\/\/atividademapa.com\/#website"},"primaryImageOfPage":{"@id":"https:\/\/atividademapa.com\/?product=atividade-mapa-iniciacao-esportiva-52-2023#primaryimage"},"image":{"@id":"https:\/\/atividademapa.com\/?product=atividade-mapa-iniciacao-esportiva-52-2023#primaryimage"},"thumbnailUrl":"https:\/\/i0.wp.com\/atividademapa.com\/wp-content\/uploads\/2023\/03\/Atividade-M.A.P.A-3.png?fit=300%2C300&ssl=1","datePublished":"2023-04-16T02:49:39+00:00","dateModified":"2025-07-09T10:09:38+00:00","description":"Unicesumar &#8902; Atividade Atividade Mapa Inicia\u00e7\u00e3o Esportiva 52\/2023 - Unidade de Treino\/Aula (UT). Educa\u00e7\u00e3o F\u00edsica, Baixe um MAPA resolvido agora.","breadcrumb":{"@id":"https:\/\/atividademapa.com\/?product=atividade-mapa-iniciacao-esportiva-52-2023#breadcrumb"},"inLanguage":"pt-BR","potentialAction":[{"@type":"ReadAction","target":["https:\/\/atividademapa.com\/?product=atividade-mapa-iniciacao-esportiva-52-2023"]}]},{"@type":"ImageObject","inLanguage":"pt-BR","@id":"https:\/\/atividademapa.com\/?product=atividade-mapa-iniciacao-esportiva-52-2023#primaryimage","url":"https:\/\/i0.wp.com\/atividademapa.com\/wp-content\/uploads\/2023\/03\/Atividade-M.A.P.A-3.png?fit=300%2C300&ssl=1","contentUrl":"https:\/\/i0.wp.com\/atividademapa.com\/wp-content\/uploads\/2023\/03\/Atividade-M.A.P.A-3.png?fit=300%2C300&ssl=1","width":300,"height":300,"caption":"Mapa Unicesumar Atividade"},{"@type":"BreadcrumbList","@id":"https:\/\/atividademapa.com\/?product=atividade-mapa-iniciacao-esportiva-52-2023#breadcrumb","itemListElement":[{"@type":"ListItem","position":1,"name":"In\u00edcio","item":"https:\/\/atividademapa.com\/"},{"@type":"ListItem","position":2,"name":"MAPAS","item":"https:\/\/atividademapa.com\/?page_id=5"},{"@type":"ListItem","position":3,"name":"Atividade Mapa Inicia\u00e7\u00e3o Esportiva 52\/2023"}]},{"@type":"WebSite","@id":"https:\/\/atividademapa.com\/#website","url":"https:\/\/atividademapa.com\/","name":"Atividade Mapa","description":"StudeO | Unicesumar","publisher":{"@id":"https:\/\/atividademapa.com\/#organization"},"potentialAction":[{"@type":"SearchAction","target":{"@type":"EntryPoint","urlTemplate":"https:\/\/atividademapa.com\/?s={search_term_string}"},"query-input":{"@type":"PropertyValueSpecification","valueRequired":true,"valueName":"search_term_string"}}],"inLanguage":"pt-BR"},{"@type":"Organization","@id":"https:\/\/atividademapa.com\/#organization","name":"Atividade MAPA","url":"https:\/\/atividademapa.com\/","logo":{"@type":"ImageObject","inLanguage":"pt-BR","@id":"https:\/\/atividademapa.com\/#\/schema\/logo\/image\/","url":"https:\/\/i0.wp.com\/atividademapa.com\/wp-content\/uploads\/2023\/02\/ATIVIDADE.png?fit=600%2C300&ssl=1","contentUrl":"https:\/\/i0.wp.com\/atividademapa.com\/wp-content\/uploads\/2023\/02\/ATIVIDADE.png?fit=600%2C300&ssl=1","width":600,"height":300,"caption":"Atividade MAPA"},"image":{"@id":"https:\/\/atividademapa.com\/#\/schema\/logo\/image\/"}}]}},"_links":{"self":[{"href":"https:\/\/atividademapa.com\/index.php?rest_route=\/wp\/v2\/product\/2381","targetHints":{"allow":["GET"]}}],"collection":[{"href":"https:\/\/atividademapa.com\/index.php?rest_route=\/wp\/v2\/product"}],"about":[{"href":"https:\/\/atividademapa.com\/index.php?rest_route=\/wp\/v2\/types\/product"}],"version-history":[{"count":2,"href":"https:\/\/atividademapa.com\/index.php?rest_route=\/wp\/v2\/product\/2381\/revisions"}],"predecessor-version":[{"id":6123,"href":"https:\/\/atividademapa.com\/index.php?rest_route=\/wp\/v2\/product\/2381\/revisions\/6123"}],"wp:featuredmedia":[{"embeddable":true,"href":"https:\/\/atividademapa.com\/index.php?rest_route=\/wp\/v2\/media\/2326"}],"wp:attachment":[{"href":"https:\/\/atividademapa.com\/index.php?rest_route=%2Fwp%2Fv2%2Fmedia&parent=2381"}],"wp:term":[{"taxonomy":"product_brand","embeddable":true,"href":"https:\/\/atividademapa.com\/index.php?rest_route=%2Fwp%2Fv2%2Fproduct_brand&post=2381"},{"taxonomy":"product_cat","embeddable":true,"href":"https:\/\/atividademapa.com\/index.php?rest_route=%2Fwp%2Fv2%2Fproduct_cat&post=2381"},{"taxonomy":"product_tag","embeddable":true,"href":"https:\/\/atividademapa.com\/index.php?rest_route=%2Fwp%2Fv2%2Fproduct_tag&post=2381"}],"curies":[{"name":"wp","href":"https:\/\/api.w.org\/{rel}","templated":true}]}}