{"id":2451,"date":"2023-05-11T00:32:52","date_gmt":"2023-05-11T03:32:52","guid":{"rendered":"https:\/\/atividademapa.com\/?post_type=product&#038;p=2451"},"modified":"2023-06-22T19:44:14","modified_gmt":"2023-06-22T22:44:14","slug":"mapa-historia-da-educacao-fisica-52-2023","status":"publish","type":"product","link":"https:\/\/atividademapa.com\/?product=mapa-historia-da-educacao-fisica-52-2023","title":{"rendered":"Mapa Hist\u00f3ria da Educa\u00e7\u00e3o F\u00edsica 52\/2023"},"content":{"rendered":"<p>Atividade Mapa Hist\u00f3ria da Educa\u00e7\u00e3o F\u00edsica 52\/2023<\/p>\n<p>Instru\u00e7\u00f5es para Realiza\u00e7\u00e3o da Atividade<br \/>\n1. Todos os campos acima dever\u00e3o ser devidamente preenchidos;<br \/>\n2. \u00c9 obrigat\u00f3ria a utiliza\u00e7\u00e3o deste formul\u00e1rio para a realiza\u00e7\u00e3o do MAPA;<br \/>\n3. Esta \u00e9 uma atividade individual. Caso identificado c\u00f3pia de colegas, o trabalho de ambos sofrer\u00e1 decr\u00e9scimo de nota;<br \/>\n4. Utilizando este formul\u00e1rio, realize sua atividade, salve em seu computador, renomeie e envie em forma de anexo;<br \/>\n5. Formata\u00e7\u00e3o exigida para esta atividade: documento Word, Fonte Arial ou Times New Roman tamanho 12, Espa\u00e7amento entre linhas 1,5, texto justificado;<br \/>\n6. Ao utilizar quaisquer materiais de pesquisa referencie conforme as normas da ABNT;<br \/>\n7. Na Sala do Caf\u00e9 do ambiente virtual da disciplina voc\u00ea encontrar\u00e1 orienta\u00e7\u00f5es importantes para elabora\u00e7\u00e3o desta atividade. Confira!<br \/>\n8. Crit\u00e9rios de avalia\u00e7\u00e3o: Utiliza\u00e7\u00e3o do template; Atendimento ao Tema; Constitui\u00e7\u00e3o dos argumentos e organiza\u00e7\u00e3o das Ideias; Corre\u00e7\u00e3o Gramatical e atendimento \u00e0s normas ABNT.<br \/>\n9. Procure argumentar de forma clara e objetiva, de acordo com o conte\u00fado da disciplina.<\/p>\n<p>Em caso de d\u00favidas, entre em contato com seu Professor Mediador<a href=\"https:\/\/atividademapa.com\">.<\/a><\/p>\n<p>Bons estudos!<\/p>\n<p>Mapa Hist\u00f3ria da Educa\u00e7\u00e3o F\u00edsica 52\/2023<\/p>\n<p>Ao estudarmos o corpo ao longo da hist\u00f3ria da humanidade, percebe-se que ele n\u00e3o se revela apenas enquanto componente de elementos org\u00e2nicos, mas tamb\u00e9m enquanto fato social, psicol\u00f3gico, cultural, religioso. Est\u00e1 dentro da vida cotidiana, nas rela\u00e7\u00f5es, \u00e9 um meio de comunica\u00e7\u00e3o, pois atrav\u00e9s de signos ligados \u00e0 linguagem, gestos, roupas, institui\u00e7\u00f5es \u00e0s quais pertencemos permite a nossa comunica\u00e7\u00e3o com o outro. Na sua subjetividade, o corpo est\u00e1 sempre a produzir sentidos que representam a sua cultura, desejos, afetos, emo\u00e7\u00f5es, enfim, o seu mundo simb\u00f3lico.<\/p>\n<p>BRAUNSTEIN, F.; P\u00c9PIN, J. F. O lugar do corpo na cultura ocidental. Lisboa: Piaget Editora, 1999.<\/p>\n<p>Considerando o fragmento acima, entendemos que o corpo \u00e9 socialmente constru\u00eddo. N\u00e3o h\u00e1 sociedade que n\u00e3o modifique, de alguma forma, o corpo, cada uma produzindo determinado tipo de corpo, que servir\u00e1 como ins\u00edgnia da identidade grupal daquela comunidade e naquele per\u00edodo e tempo da hist\u00f3ria.<br \/>\nNesse sentido, compreendendo a import\u00e2ncia de estudarmos a hist\u00f3ria do corpo, como um dos conhecimentos essenciais para a forma\u00e7\u00e3o dos profissionais da \u00e1rea da Educa\u00e7\u00e3o F\u00edsica, voc\u00ea precisar\u00e1 assistir atentamente ao Filme Alem\u00e3o \u201c<a href=\"https:\/\/www.youtube.com\/watch?v=5OEpaQu5iq4&amp;ab_channel=LuisPauloMarquesMesquita\">O F\u00edsico<\/a>\u201d (2013), dispon\u00edvel no link:https:\/\/www.youtube.com\/watch?v=5OEpaQu5iq4&amp;ab_channel=LuisPauloMarquesMesquita. Ao decorrer da tarefa, anote todos os pontos que te chamam a aten\u00e7\u00e3o sobre as imbrica\u00e7\u00f5es que se estabelecem entre a sociedade, sua cultura e a forma como lidam e entendem o corpo na Idade M\u00e9dia.<\/p>\n<p>Ap\u00f3s assistir ao filme, com posse de suas anota\u00e7\u00f5es e dialogando com as discuss\u00f5es levantadas em nossa disciplina, construa um texto de no m\u00ednimo 15 e no m\u00e1ximo 20 linhas, interligando os temas relacionados aos aspectos corporais, culturais e identit\u00e1rios, tendo em vista uma s\u00e9rie de situa\u00e7\u00f5es<\/p>\n","protected":false},"excerpt":{"rendered":"<p>2023\/52 Mapa Hist\u00f3ria da Educa\u00e7\u00e3o F\u00edsica &#8211; aspectos corporais, culturais e identit\u00e1rios, sobre o Filme Alem\u00e3o &#8220;O F\u00edsico&#8221;<\/p>\n","protected":false},"featured_media":2326,"template":"","meta":{"_monsterinsights_skip_tracking":false,"_monsterinsights_sitenote_active":false,"_monsterinsights_sitenote_note":"","_monsterinsights_sitenote_category":0},"product_brand":[],"product_cat":[42],"product_tag":[94],"class_list":{"0":"post-2451","1":"product","2":"type-product","3":"status-publish","4":"has-post-thumbnail","6":"product_cat-educacao-fisica","7":"product_tag-mapa-52-2023-unicesumar","9":"first","10":"instock","11":"downloadable","12":"virtual","13":"purchasable","14":"product-type-simple"},"yoast_head":"<!-- This site is optimized with the Yoast SEO plugin v27.4 - https:\/\/yoast.com\/product\/yoast-seo-wordpress\/ -->\n<title>Mapa Hist\u00f3ria da Educa\u00e7\u00e3o F\u00edsica 52\/2023<\/title>\n<meta name=\"description\" content=\"Unicesumar &#8902; Atividade Mapa Hist\u00f3ria da Educa\u00e7\u00e3o F\u00edsica 52\/2023 sobre o filme alem\u00e3o &quot;O F\u00edsico&quot; interligando aspectos corporais, culturais e identit\u00e1rios,\" \/>\n<meta name=\"robots\" content=\"index, follow, max-snippet:-1, max-image-preview:large, max-video-preview:-1\" \/>\n<link rel=\"canonical\" href=\"https:\/\/atividademapa.com\/?product=mapa-historia-da-educacao-fisica-52-2023\" \/>\n<meta property=\"og:locale\" content=\"pt_BR\" \/>\n<meta property=\"og:type\" content=\"article\" \/>\n<meta property=\"og:title\" content=\"Mapa Hist\u00f3ria da Educa\u00e7\u00e3o F\u00edsica 52\/2023\" \/>\n<meta property=\"og:description\" content=\"Unicesumar &#8902; Atividade Mapa Hist\u00f3ria da Educa\u00e7\u00e3o F\u00edsica 52\/2023 sobre o filme alem\u00e3o &quot;O F\u00edsico&quot; interligando aspectos corporais, culturais e identit\u00e1rios,\" \/>\n<meta property=\"og:url\" content=\"https:\/\/atividademapa.com\/?product=mapa-historia-da-educacao-fisica-52-2023\" \/>\n<meta property=\"og:site_name\" content=\"Atividade Mapa\" \/>\n<meta property=\"article:modified_time\" content=\"2023-06-22T22:44:14+00:00\" \/>\n<meta property=\"og:image\" content=\"https:\/\/i0.wp.com\/atividademapa.com\/wp-content\/uploads\/2023\/03\/Atividade-M.A.P.A-3.png?fit=300%2C300&ssl=1\" \/>\n\t<meta property=\"og:image:width\" content=\"300\" \/>\n\t<meta property=\"og:image:height\" content=\"300\" \/>\n\t<meta property=\"og:image:type\" content=\"image\/png\" \/>\n<meta name=\"twitter:card\" content=\"summary_large_image\" \/>\n<meta name=\"twitter:label1\" content=\"Est. tempo de leitura\" \/>\n\t<meta name=\"twitter:data1\" content=\"3 minutos\" \/>\n<script type=\"application\/ld+json\" class=\"yoast-schema-graph\">{\"@context\":\"https:\\\/\\\/schema.org\",\"@graph\":[{\"@type\":\"WebPage\",\"@id\":\"https:\\\/\\\/atividademapa.com\\\/?product=mapa-historia-da-educacao-fisica-52-2023\",\"url\":\"https:\\\/\\\/atividademapa.com\\\/?product=mapa-historia-da-educacao-fisica-52-2023\",\"name\":\"Mapa Hist\u00f3ria da Educa\u00e7\u00e3o F\u00edsica 52\\\/2023\",\"isPartOf\":{\"@id\":\"https:\\\/\\\/atividademapa.com\\\/#website\"},\"primaryImageOfPage\":{\"@id\":\"https:\\\/\\\/atividademapa.com\\\/?product=mapa-historia-da-educacao-fisica-52-2023#primaryimage\"},\"image\":{\"@id\":\"https:\\\/\\\/atividademapa.com\\\/?product=mapa-historia-da-educacao-fisica-52-2023#primaryimage\"},\"thumbnailUrl\":\"https:\\\/\\\/i0.wp.com\\\/atividademapa.com\\\/wp-content\\\/uploads\\\/2023\\\/03\\\/Atividade-M.A.P.A-3.png?fit=300%2C300&ssl=1\",\"datePublished\":\"2023-05-11T03:32:52+00:00\",\"dateModified\":\"2023-06-22T22:44:14+00:00\",\"description\":\"Unicesumar &#8902; Atividade Mapa Hist\u00f3ria da Educa\u00e7\u00e3o F\u00edsica 52\\\/2023 sobre o filme alem\u00e3o \\\"O F\u00edsico\\\" interligando aspectos corporais, culturais e identit\u00e1rios,\",\"breadcrumb\":{\"@id\":\"https:\\\/\\\/atividademapa.com\\\/?product=mapa-historia-da-educacao-fisica-52-2023#breadcrumb\"},\"inLanguage\":\"pt-BR\",\"potentialAction\":[{\"@type\":\"ReadAction\",\"target\":[\"https:\\\/\\\/atividademapa.com\\\/?product=mapa-historia-da-educacao-fisica-52-2023\"]}]},{\"@type\":\"ImageObject\",\"inLanguage\":\"pt-BR\",\"@id\":\"https:\\\/\\\/atividademapa.com\\\/?product=mapa-historia-da-educacao-fisica-52-2023#primaryimage\",\"url\":\"https:\\\/\\\/i0.wp.com\\\/atividademapa.com\\\/wp-content\\\/uploads\\\/2023\\\/03\\\/Atividade-M.A.P.A-3.png?fit=300%2C300&ssl=1\",\"contentUrl\":\"https:\\\/\\\/i0.wp.com\\\/atividademapa.com\\\/wp-content\\\/uploads\\\/2023\\\/03\\\/Atividade-M.A.P.A-3.png?fit=300%2C300&ssl=1\",\"width\":300,\"height\":300,\"caption\":\"Mapa Unicesumar Atividade\"},{\"@type\":\"BreadcrumbList\",\"@id\":\"https:\\\/\\\/atividademapa.com\\\/?product=mapa-historia-da-educacao-fisica-52-2023#breadcrumb\",\"itemListElement\":[{\"@type\":\"ListItem\",\"position\":1,\"name\":\"In\u00edcio\",\"item\":\"https:\\\/\\\/atividademapa.com\\\/\"},{\"@type\":\"ListItem\",\"position\":2,\"name\":\"MAPAS\",\"item\":\"https:\\\/\\\/atividademapa.com\\\/?page_id=5\"},{\"@type\":\"ListItem\",\"position\":3,\"name\":\"Mapa Hist\u00f3ria da Educa\u00e7\u00e3o F\u00edsica 52\\\/2023\"}]},{\"@type\":\"WebSite\",\"@id\":\"https:\\\/\\\/atividademapa.com\\\/#website\",\"url\":\"https:\\\/\\\/atividademapa.com\\\/\",\"name\":\"Atividade Mapa\",\"description\":\"StudeO | Unicesumar\",\"publisher\":{\"@id\":\"https:\\\/\\\/atividademapa.com\\\/#organization\"},\"potentialAction\":[{\"@type\":\"SearchAction\",\"target\":{\"@type\":\"EntryPoint\",\"urlTemplate\":\"https:\\\/\\\/atividademapa.com\\\/?s={search_term_string}\"},\"query-input\":{\"@type\":\"PropertyValueSpecification\",\"valueRequired\":true,\"valueName\":\"search_term_string\"}}],\"inLanguage\":\"pt-BR\"},{\"@type\":\"Organization\",\"@id\":\"https:\\\/\\\/atividademapa.com\\\/#organization\",\"name\":\"Atividade MAPA\",\"url\":\"https:\\\/\\\/atividademapa.com\\\/\",\"logo\":{\"@type\":\"ImageObject\",\"inLanguage\":\"pt-BR\",\"@id\":\"https:\\\/\\\/atividademapa.com\\\/#\\\/schema\\\/logo\\\/image\\\/\",\"url\":\"https:\\\/\\\/i0.wp.com\\\/atividademapa.com\\\/wp-content\\\/uploads\\\/2023\\\/02\\\/ATIVIDADE.png?fit=600%2C300&ssl=1\",\"contentUrl\":\"https:\\\/\\\/i0.wp.com\\\/atividademapa.com\\\/wp-content\\\/uploads\\\/2023\\\/02\\\/ATIVIDADE.png?fit=600%2C300&ssl=1\",\"width\":600,\"height\":300,\"caption\":\"Atividade MAPA\"},\"image\":{\"@id\":\"https:\\\/\\\/atividademapa.com\\\/#\\\/schema\\\/logo\\\/image\\\/\"}}]}<\/script>\n<!-- \/ Yoast SEO plugin. -->","yoast_head_json":{"title":"Mapa Hist\u00f3ria da Educa\u00e7\u00e3o F\u00edsica 52\/2023","description":"Unicesumar &#8902; Atividade Mapa Hist\u00f3ria da Educa\u00e7\u00e3o F\u00edsica 52\/2023 sobre o filme alem\u00e3o \"O F\u00edsico\" interligando aspectos corporais, culturais e identit\u00e1rios,","robots":{"index":"index","follow":"follow","max-snippet":"max-snippet:-1","max-image-preview":"max-image-preview:large","max-video-preview":"max-video-preview:-1"},"canonical":"https:\/\/atividademapa.com\/?product=mapa-historia-da-educacao-fisica-52-2023","og_locale":"pt_BR","og_type":"article","og_title":"Mapa Hist\u00f3ria da Educa\u00e7\u00e3o F\u00edsica 52\/2023","og_description":"Unicesumar &#8902; Atividade Mapa Hist\u00f3ria da Educa\u00e7\u00e3o F\u00edsica 52\/2023 sobre o filme alem\u00e3o \"O F\u00edsico\" interligando aspectos corporais, culturais e identit\u00e1rios,","og_url":"https:\/\/atividademapa.com\/?product=mapa-historia-da-educacao-fisica-52-2023","og_site_name":"Atividade Mapa","article_modified_time":"2023-06-22T22:44:14+00:00","og_image":[{"width":300,"height":300,"url":"https:\/\/i0.wp.com\/atividademapa.com\/wp-content\/uploads\/2023\/03\/Atividade-M.A.P.A-3.png?fit=300%2C300&ssl=1","type":"image\/png"}],"twitter_card":"summary_large_image","twitter_misc":{"Est. tempo de leitura":"3 minutos"},"schema":{"@context":"https:\/\/schema.org","@graph":[{"@type":"WebPage","@id":"https:\/\/atividademapa.com\/?product=mapa-historia-da-educacao-fisica-52-2023","url":"https:\/\/atividademapa.com\/?product=mapa-historia-da-educacao-fisica-52-2023","name":"Mapa Hist\u00f3ria da Educa\u00e7\u00e3o F\u00edsica 52\/2023","isPartOf":{"@id":"https:\/\/atividademapa.com\/#website"},"primaryImageOfPage":{"@id":"https:\/\/atividademapa.com\/?product=mapa-historia-da-educacao-fisica-52-2023#primaryimage"},"image":{"@id":"https:\/\/atividademapa.com\/?product=mapa-historia-da-educacao-fisica-52-2023#primaryimage"},"thumbnailUrl":"https:\/\/i0.wp.com\/atividademapa.com\/wp-content\/uploads\/2023\/03\/Atividade-M.A.P.A-3.png?fit=300%2C300&ssl=1","datePublished":"2023-05-11T03:32:52+00:00","dateModified":"2023-06-22T22:44:14+00:00","description":"Unicesumar &#8902; Atividade Mapa Hist\u00f3ria da Educa\u00e7\u00e3o F\u00edsica 52\/2023 sobre o filme alem\u00e3o \"O F\u00edsico\" interligando aspectos corporais, culturais e identit\u00e1rios,","breadcrumb":{"@id":"https:\/\/atividademapa.com\/?product=mapa-historia-da-educacao-fisica-52-2023#breadcrumb"},"inLanguage":"pt-BR","potentialAction":[{"@type":"ReadAction","target":["https:\/\/atividademapa.com\/?product=mapa-historia-da-educacao-fisica-52-2023"]}]},{"@type":"ImageObject","inLanguage":"pt-BR","@id":"https:\/\/atividademapa.com\/?product=mapa-historia-da-educacao-fisica-52-2023#primaryimage","url":"https:\/\/i0.wp.com\/atividademapa.com\/wp-content\/uploads\/2023\/03\/Atividade-M.A.P.A-3.png?fit=300%2C300&ssl=1","contentUrl":"https:\/\/i0.wp.com\/atividademapa.com\/wp-content\/uploads\/2023\/03\/Atividade-M.A.P.A-3.png?fit=300%2C300&ssl=1","width":300,"height":300,"caption":"Mapa Unicesumar Atividade"},{"@type":"BreadcrumbList","@id":"https:\/\/atividademapa.com\/?product=mapa-historia-da-educacao-fisica-52-2023#breadcrumb","itemListElement":[{"@type":"ListItem","position":1,"name":"In\u00edcio","item":"https:\/\/atividademapa.com\/"},{"@type":"ListItem","position":2,"name":"MAPAS","item":"https:\/\/atividademapa.com\/?page_id=5"},{"@type":"ListItem","position":3,"name":"Mapa Hist\u00f3ria da Educa\u00e7\u00e3o F\u00edsica 52\/2023"}]},{"@type":"WebSite","@id":"https:\/\/atividademapa.com\/#website","url":"https:\/\/atividademapa.com\/","name":"Atividade Mapa","description":"StudeO | Unicesumar","publisher":{"@id":"https:\/\/atividademapa.com\/#organization"},"potentialAction":[{"@type":"SearchAction","target":{"@type":"EntryPoint","urlTemplate":"https:\/\/atividademapa.com\/?s={search_term_string}"},"query-input":{"@type":"PropertyValueSpecification","valueRequired":true,"valueName":"search_term_string"}}],"inLanguage":"pt-BR"},{"@type":"Organization","@id":"https:\/\/atividademapa.com\/#organization","name":"Atividade MAPA","url":"https:\/\/atividademapa.com\/","logo":{"@type":"ImageObject","inLanguage":"pt-BR","@id":"https:\/\/atividademapa.com\/#\/schema\/logo\/image\/","url":"https:\/\/i0.wp.com\/atividademapa.com\/wp-content\/uploads\/2023\/02\/ATIVIDADE.png?fit=600%2C300&ssl=1","contentUrl":"https:\/\/i0.wp.com\/atividademapa.com\/wp-content\/uploads\/2023\/02\/ATIVIDADE.png?fit=600%2C300&ssl=1","width":600,"height":300,"caption":"Atividade MAPA"},"image":{"@id":"https:\/\/atividademapa.com\/#\/schema\/logo\/image\/"}}]}},"_links":{"self":[{"href":"https:\/\/atividademapa.com\/index.php?rest_route=\/wp\/v2\/product\/2451","targetHints":{"allow":["GET"]}}],"collection":[{"href":"https:\/\/atividademapa.com\/index.php?rest_route=\/wp\/v2\/product"}],"about":[{"href":"https:\/\/atividademapa.com\/index.php?rest_route=\/wp\/v2\/types\/product"}],"version-history":[{"count":1,"href":"https:\/\/atividademapa.com\/index.php?rest_route=\/wp\/v2\/product\/2451\/revisions"}],"predecessor-version":[{"id":2453,"href":"https:\/\/atividademapa.com\/index.php?rest_route=\/wp\/v2\/product\/2451\/revisions\/2453"}],"wp:featuredmedia":[{"embeddable":true,"href":"https:\/\/atividademapa.com\/index.php?rest_route=\/wp\/v2\/media\/2326"}],"wp:attachment":[{"href":"https:\/\/atividademapa.com\/index.php?rest_route=%2Fwp%2Fv2%2Fmedia&parent=2451"}],"wp:term":[{"taxonomy":"product_brand","embeddable":true,"href":"https:\/\/atividademapa.com\/index.php?rest_route=%2Fwp%2Fv2%2Fproduct_brand&post=2451"},{"taxonomy":"product_cat","embeddable":true,"href":"https:\/\/atividademapa.com\/index.php?rest_route=%2Fwp%2Fv2%2Fproduct_cat&post=2451"},{"taxonomy":"product_tag","embeddable":true,"href":"https:\/\/atividademapa.com\/index.php?rest_route=%2Fwp%2Fv2%2Fproduct_tag&post=2451"}],"curies":[{"name":"wp","href":"https:\/\/api.w.org\/{rel}","templated":true}]}}