{"id":2454,"date":"2023-05-16T17:45:53","date_gmt":"2023-05-16T20:45:53","guid":{"rendered":"https:\/\/atividademapa.com\/?post_type=product&#038;p=2454"},"modified":"2023-06-22T19:44:14","modified_gmt":"2023-06-22T22:44:14","slug":"mapa-go-projeto-de-vida-52-2023","status":"publish","type":"product","link":"https:\/\/atividademapa.com\/?product=mapa-go-projeto-de-vida-52-2023","title":{"rendered":"MAPA GO PROJETO DE VIDA 52\/2023"},"content":{"rendered":"<p>Atividade MAPA GO PROJETO DE VIDA 52\/2023<\/p>\n<p>MAPA \u2013 Material de Avalia\u00e7\u00e3o Pr\u00e1tica da Aprendizagem<\/p>\n<p>Acad\u00eamico: R.A.<br \/>\nCurso:<br \/>\nDisciplina:<br \/>\nValor da atividade: verificar cabe\u00e7alho da atividade Prazo: verificar calend\u00e1rio<\/p>\n<p>Instru\u00e7\u00f5es Institucionais para Realiza\u00e7\u00e3o da Atividade<\/p>\n<p>1. Todos os campos acima dever\u00e3o ser devidamente preenchidos;<br \/>\n2. \u00c9 obrigat\u00f3ria a utiliza\u00e7\u00e3o deste formul\u00e1rio para a realiza\u00e7\u00e3o do MAPA;<br \/>\n3. Esta \u00e9 uma atividade individual. Caso identificado c\u00f3pia de colegas, o trabalho de ambos sofrer\u00e1 decr\u00e9scimo de nota;<br \/>\n4. Utilizando este formul\u00e1rio, realize sua atividade, salve em seu computador, renomeie e envie em forma de anexo no campo de resposta da atividade MAPA;<br \/>\n5. Formata\u00e7\u00e3o exigida para esta atividade: documento Word, Fonte Arial ou Times New Roman tamanho 12, Espa\u00e7amento entre linhas 1,5, texto justificado;<br \/>\n6. Ao utilizar quaisquer materiais de pesquisa refer\u00eancia conforme as normas da ABNT;<br \/>\n7. Crit\u00e9rios de avalia\u00e7\u00e3o: Utiliza\u00e7\u00e3o do template; atendimento ao Tema; Constitui\u00e7\u00e3o dos argumentos e organiza\u00e7\u00e3o das Ideias; Corre\u00e7\u00e3o Gramatical e atendimento \u00e0s normas ABNT.<\/p>\n<p>Em caso de d\u00favidas, entre em contato com seu Professor Mediador. Bons estudos!<\/p>\n<p>MAPA GO PROJETO DE VIDA 52\/2023<\/p>\n<p>1 ) Realize a autoavalia\u00e7\u00e3o dos Pilares da Vida. Atribua uma pontua\u00e7\u00e3o para cada item avaliado, sendo 0 (zero) representando nenhuma satisfa\u00e7\u00e3o e 10 (dez) representando m\u00e1xima satisfa\u00e7\u00e3o. Na sequ\u00eancia reflita e identifique em quais pilares voc\u00ea est\u00e1 com maior grau de satisfa\u00e7\u00e3o ou insatisfa\u00e7\u00e3o.<br \/>\nPilar Descri\u00e7\u00e3o Nota ( A pontua\u00e7\u00e3o da avalia\u00e7\u00e3o deve ser de 0 \u00e0 10)<br \/>\nEspiritualidade Este pilar refere-se ao seu relacionamento com a f\u00e9 que voc\u00ea possui, independente de qual seja.<br \/>\nFam\u00edlia Refere-se \u00e0 qualidade de vida em fam\u00edlia, \u00e0 harmonia que existe entre os membros, \u00e0 afetividade, ao toque e \u00e0 valida\u00e7\u00e3o, capacidade de perdoar e conviver, amorosamente, apesar das diferen\u00e7as pessoais.<br \/>\nRela\u00e7\u00e3o Conjugal Este pilar retrata a harmonia e o amor existente entre o casal. O n\u00edvel de di\u00e1logo, afetividade, respeito, compreens\u00e3o, flexibilidade, dedica\u00e7\u00e3o e intimidade.<br \/>\nSa\u00fade e Bem-estar Refere-se ao estado de sa\u00fade, \u00e0 vitalidade e \u00e0 disposi\u00e7\u00e3o f\u00edsica do indiv\u00edduo. Neste quesito, avalia-se, tamb\u00e9m, a energia e a flexibilidade, qualidade de vida e sa\u00fade.<br \/>\nSocial e Lazer Este pilar reflete a qualidade e a quantidade das amizades e as intera\u00e7\u00f5es sociais, avaliando, assim, a profundidade, a intimidade, a confian\u00e7a e a maturidade dos relacionamentos.<br \/>\nFinanceiro Retrata a sua rela\u00e7\u00e3o com o dinheiro, n\u00e3o apenas quanto ganha, mas tamb\u00e9m como gasta e quanto poupa ou investe. De forma geral, este pilar pode ser orientado pelo balancete pessoal.<br \/>\nProfissional Este pilar relaciona-se com a carreira profissional, seu crescimento e seu n\u00edvel de desempenho do ponto de vista da empresa, dos fornecedores e dos clientes.<br \/>\nDesenvolvimento pessoal Representa o quanto voc\u00ea tem investido e se dedicado em buscar o desenvolvimento pessoal, seja na perspectiva intelectual, cultural, humana.<br \/>\nRealiza\u00e7\u00e3o e Prop\u00f3sito Refere-se ao quanto voc\u00ea se sente realizado e pr\u00f3spero, o quanto se sente merecedor de seus resultados. Avalia, tamb\u00e9m, se os prop\u00f3sitos est\u00e3o bem definidos.<br \/>\nEquil\u00edbrio emocional Este pilar \u00e9 avaliado pelo equil\u00edbrio de todos os seus pilares e, tamb\u00e9m, pela alegria de viver. O pilar emocional pode ser definido, pela maneira como voc\u00ea acorda pela manh\u00e3.<br \/>\n2) Registre suas prioridades. Ap\u00f3s a autoavalia\u00e7\u00e3o, voc\u00ea deve utilizar o quadro \u201cLista de Prioridades\u201d para relacionar e ordenar os pilares da sua vida que obtiveram menor pontua\u00e7\u00e3o e que, consequentemente, necessitam de foco e que podem ser definidos como prioridades, ent\u00e3o, preencha com aten\u00e7\u00e3o, pois, aqui ficar\u00e1 bem claro, quais \u00e1reas voc\u00ea dever\u00e1 atuar e construir seu plano estrat\u00e9gico pessoal.<\/p>\n<p>MAPA GO PROJETO DE VIDA 52\/2023<br \/>\nPilar Nota Estado Atual Estado Desejado<br \/>\nEspiritualidade<\/p>\n<p>Fam\u00edlia<\/p>\n<p>Rela\u00e7\u00e3o Conjugal<\/p>\n<p>Sa\u00fade e Bem-estar<\/p>\n<p>Social e Lazer<\/p>\n<p>Financeiro<\/p>\n<p>Profissional<\/p>\n<p>Desenvolvimento pessoal<\/p>\n<p>Realiza\u00e7\u00e3o e Prop\u00f3sito<\/p>\n<p>Equil\u00edbrio emocional<\/p>\n<p>3) Construindo o plano de a\u00e7\u00e3o. Ap\u00f3s ter conhecimento de sua autoavalia\u00e7\u00e3o, o estado atual e desejado, voc\u00ea deve construir o seu plano de a\u00e7\u00e3o. Para isso, considere a sua lista de prioridades registradas na quest\u00e3o 3 e preencha todos os campos solicitados no formul\u00e1rio \u201cPlano de A\u00e7\u00e3o\u201d. (elenque no m\u00ednimo 4 a\u00e7\u00f5es).<br \/>\nPilar O que? Quando? Como?<\/p>\n<p>4) Elabore uma carta para o \u201cEu do Futuro\u201d. Para finalizar nossa atividade Mapa e o seu processo de planejamento estrat\u00e9gico pessoal, agora deve escrever uma breve carta para o seu \u201cEu\u201d do Futuro. Perceba que voc\u00ea se autoavaliou, identificou e descreveu seu estado atual e estado desejado, definiu suas prioridades e construiu seu plano de a\u00e7\u00e3o e tem todas as condi\u00e7\u00f5es para escrever uma carta para o \u201cEu do Futuro\u201d. Essa carta deve ter como tema: \u201cO que desejo ter me tornado e conquistado daqui a 10 anos?<br \/>\nCarta para o \u201cEu do Futuro\u201d.<\/p>\n<p>5) No final da carta construa seu mural dos sonhos inserindo ao menos 3 (tr\u00eas) imagens que represente seus objetivos, sonhos e metas, com suas respectivas descri\u00e7\u00f5es. Lembrando que o mural dos sonhos \u00e9 uma ferramenta poderosa para manter o foco e a motiva\u00e7\u00e3o em seus objetivos e sonhos para o futuro. Portanto, escolha imagens que realmente te inspirem e te motivem a continuar lutando por seus sonhos!<\/p>\n<p>Mural dos Sonhos<\/p>\n<p>Insira a Foto ou imagem<\/p>\n<p>Descri\u00e7\u00e3o da Foto<\/p>\n","protected":false},"excerpt":{"rendered":"<p>Auto Avalia\u00e7\u00e3o dos Pilares da Vida<\/p>\n<p>Fam\u00edlia<\/p>\n<p>Rela\u00e7\u00e3o Conjugal<\/p>\n<p>Sa\u00fade e Bem-estar<\/p>\n<p>Social e Lazer<\/p>\n<p>Financeiro<\/p>\n<p>Profissional<\/p>\n<p>Desenvolvimento pessoal<\/p>\n<p>Realiza\u00e7\u00e3o e Prop\u00f3sito<\/p>\n<p>Equil\u00edbrio emocional<\/p>\n","protected":false},"featured_media":2326,"template":"","meta":{"_monsterinsights_skip_tracking":false,"_monsterinsights_sitenote_active":false,"_monsterinsights_sitenote_note":"","_monsterinsights_sitenote_category":0},"product_brand":[],"product_cat":[22],"product_tag":[],"class_list":{"0":"post-2454","1":"product","2":"type-product","3":"status-publish","4":"has-post-thumbnail","6":"product_cat-administracao","8":"first","9":"instock","10":"sale","11":"downloadable","12":"virtual","13":"purchasable","14":"product-type-simple"},"yoast_head":"<!-- This site is optimized with the Yoast SEO plugin v27.4 - https:\/\/yoast.com\/product\/yoast-seo-wordpress\/ -->\n<title>MAPA GO PROJETO DE VIDA 52\/2023<\/title>\n<meta name=\"description\" content=\"MAPA GO PROJETO DE VIDA 52\/2023 Atividade Unicesumar 52\/2023 - Totalmente resolvido | Auto Avalia\u00e7\u00e3o dos Pilares da Vida | Carta para o \u201cEu do Futuro\u201d.\" \/>\n<meta name=\"robots\" content=\"index, follow, max-snippet:-1, max-image-preview:large, max-video-preview:-1\" \/>\n<link rel=\"canonical\" href=\"https:\/\/atividademapa.com\/?product=mapa-go-projeto-de-vida-52-2023\" \/>\n<meta property=\"og:locale\" content=\"pt_BR\" \/>\n<meta property=\"og:type\" content=\"article\" \/>\n<meta property=\"og:title\" content=\"MAPA GO PROJETO DE VIDA 52\/2023\" \/>\n<meta property=\"og:description\" content=\"MAPA GO PROJETO DE VIDA 52\/2023 Atividade Unicesumar 52\/2023 - Totalmente resolvido | Auto Avalia\u00e7\u00e3o dos Pilares da Vida | Carta para o \u201cEu do Futuro\u201d.\" \/>\n<meta property=\"og:url\" content=\"https:\/\/atividademapa.com\/?product=mapa-go-projeto-de-vida-52-2023\" \/>\n<meta property=\"og:site_name\" content=\"Atividade Mapa\" \/>\n<meta property=\"article:modified_time\" content=\"2023-06-22T22:44:14+00:00\" \/>\n<meta property=\"og:image\" content=\"https:\/\/i0.wp.com\/atividademapa.com\/wp-content\/uploads\/2023\/03\/Atividade-M.A.P.A-3.png?fit=300%2C300&ssl=1\" \/>\n\t<meta property=\"og:image:width\" content=\"300\" \/>\n\t<meta property=\"og:image:height\" content=\"300\" \/>\n\t<meta property=\"og:image:type\" content=\"image\/png\" \/>\n<meta name=\"twitter:card\" content=\"summary_large_image\" \/>\n<meta name=\"twitter:label1\" content=\"Est. tempo de leitura\" \/>\n\t<meta name=\"twitter:data1\" content=\"4 minutos\" \/>\n<script type=\"application\/ld+json\" class=\"yoast-schema-graph\">{\"@context\":\"https:\\\/\\\/schema.org\",\"@graph\":[{\"@type\":\"WebPage\",\"@id\":\"https:\\\/\\\/atividademapa.com\\\/?product=mapa-go-projeto-de-vida-52-2023\",\"url\":\"https:\\\/\\\/atividademapa.com\\\/?product=mapa-go-projeto-de-vida-52-2023\",\"name\":\"MAPA GO PROJETO DE VIDA 52\\\/2023\",\"isPartOf\":{\"@id\":\"https:\\\/\\\/atividademapa.com\\\/#website\"},\"primaryImageOfPage\":{\"@id\":\"https:\\\/\\\/atividademapa.com\\\/?product=mapa-go-projeto-de-vida-52-2023#primaryimage\"},\"image\":{\"@id\":\"https:\\\/\\\/atividademapa.com\\\/?product=mapa-go-projeto-de-vida-52-2023#primaryimage\"},\"thumbnailUrl\":\"https:\\\/\\\/i0.wp.com\\\/atividademapa.com\\\/wp-content\\\/uploads\\\/2023\\\/03\\\/Atividade-M.A.P.A-3.png?fit=300%2C300&ssl=1\",\"datePublished\":\"2023-05-16T20:45:53+00:00\",\"dateModified\":\"2023-06-22T22:44:14+00:00\",\"description\":\"MAPA GO PROJETO DE VIDA 52\\\/2023 Atividade Unicesumar 52\\\/2023 - Totalmente resolvido | Auto Avalia\u00e7\u00e3o dos Pilares da Vida | Carta para o \u201cEu do Futuro\u201d.\",\"breadcrumb\":{\"@id\":\"https:\\\/\\\/atividademapa.com\\\/?product=mapa-go-projeto-de-vida-52-2023#breadcrumb\"},\"inLanguage\":\"pt-BR\",\"potentialAction\":[{\"@type\":\"ReadAction\",\"target\":[\"https:\\\/\\\/atividademapa.com\\\/?product=mapa-go-projeto-de-vida-52-2023\"]}]},{\"@type\":\"ImageObject\",\"inLanguage\":\"pt-BR\",\"@id\":\"https:\\\/\\\/atividademapa.com\\\/?product=mapa-go-projeto-de-vida-52-2023#primaryimage\",\"url\":\"https:\\\/\\\/i0.wp.com\\\/atividademapa.com\\\/wp-content\\\/uploads\\\/2023\\\/03\\\/Atividade-M.A.P.A-3.png?fit=300%2C300&ssl=1\",\"contentUrl\":\"https:\\\/\\\/i0.wp.com\\\/atividademapa.com\\\/wp-content\\\/uploads\\\/2023\\\/03\\\/Atividade-M.A.P.A-3.png?fit=300%2C300&ssl=1\",\"width\":300,\"height\":300,\"caption\":\"Mapa Unicesumar Atividade\"},{\"@type\":\"BreadcrumbList\",\"@id\":\"https:\\\/\\\/atividademapa.com\\\/?product=mapa-go-projeto-de-vida-52-2023#breadcrumb\",\"itemListElement\":[{\"@type\":\"ListItem\",\"position\":1,\"name\":\"In\u00edcio\",\"item\":\"https:\\\/\\\/atividademapa.com\\\/\"},{\"@type\":\"ListItem\",\"position\":2,\"name\":\"MAPAS\",\"item\":\"https:\\\/\\\/atividademapa.com\\\/?page_id=5\"},{\"@type\":\"ListItem\",\"position\":3,\"name\":\"MAPA GO PROJETO DE VIDA 52\\\/2023\"}]},{\"@type\":\"WebSite\",\"@id\":\"https:\\\/\\\/atividademapa.com\\\/#website\",\"url\":\"https:\\\/\\\/atividademapa.com\\\/\",\"name\":\"Atividade Mapa\",\"description\":\"StudeO | Unicesumar\",\"publisher\":{\"@id\":\"https:\\\/\\\/atividademapa.com\\\/#organization\"},\"potentialAction\":[{\"@type\":\"SearchAction\",\"target\":{\"@type\":\"EntryPoint\",\"urlTemplate\":\"https:\\\/\\\/atividademapa.com\\\/?s={search_term_string}\"},\"query-input\":{\"@type\":\"PropertyValueSpecification\",\"valueRequired\":true,\"valueName\":\"search_term_string\"}}],\"inLanguage\":\"pt-BR\"},{\"@type\":\"Organization\",\"@id\":\"https:\\\/\\\/atividademapa.com\\\/#organization\",\"name\":\"Atividade MAPA\",\"url\":\"https:\\\/\\\/atividademapa.com\\\/\",\"logo\":{\"@type\":\"ImageObject\",\"inLanguage\":\"pt-BR\",\"@id\":\"https:\\\/\\\/atividademapa.com\\\/#\\\/schema\\\/logo\\\/image\\\/\",\"url\":\"https:\\\/\\\/i0.wp.com\\\/atividademapa.com\\\/wp-content\\\/uploads\\\/2023\\\/02\\\/ATIVIDADE.png?fit=600%2C300&ssl=1\",\"contentUrl\":\"https:\\\/\\\/i0.wp.com\\\/atividademapa.com\\\/wp-content\\\/uploads\\\/2023\\\/02\\\/ATIVIDADE.png?fit=600%2C300&ssl=1\",\"width\":600,\"height\":300,\"caption\":\"Atividade MAPA\"},\"image\":{\"@id\":\"https:\\\/\\\/atividademapa.com\\\/#\\\/schema\\\/logo\\\/image\\\/\"}}]}<\/script>\n<!-- \/ Yoast SEO plugin. -->","yoast_head_json":{"title":"MAPA GO PROJETO DE VIDA 52\/2023","description":"MAPA GO PROJETO DE VIDA 52\/2023 Atividade Unicesumar 52\/2023 - Totalmente resolvido | Auto Avalia\u00e7\u00e3o dos Pilares da Vida | Carta para o \u201cEu do Futuro\u201d.","robots":{"index":"index","follow":"follow","max-snippet":"max-snippet:-1","max-image-preview":"max-image-preview:large","max-video-preview":"max-video-preview:-1"},"canonical":"https:\/\/atividademapa.com\/?product=mapa-go-projeto-de-vida-52-2023","og_locale":"pt_BR","og_type":"article","og_title":"MAPA GO PROJETO DE VIDA 52\/2023","og_description":"MAPA GO PROJETO DE VIDA 52\/2023 Atividade Unicesumar 52\/2023 - Totalmente resolvido | Auto Avalia\u00e7\u00e3o dos Pilares da Vida | Carta para o \u201cEu do Futuro\u201d.","og_url":"https:\/\/atividademapa.com\/?product=mapa-go-projeto-de-vida-52-2023","og_site_name":"Atividade Mapa","article_modified_time":"2023-06-22T22:44:14+00:00","og_image":[{"width":300,"height":300,"url":"https:\/\/i0.wp.com\/atividademapa.com\/wp-content\/uploads\/2023\/03\/Atividade-M.A.P.A-3.png?fit=300%2C300&ssl=1","type":"image\/png"}],"twitter_card":"summary_large_image","twitter_misc":{"Est. tempo de leitura":"4 minutos"},"schema":{"@context":"https:\/\/schema.org","@graph":[{"@type":"WebPage","@id":"https:\/\/atividademapa.com\/?product=mapa-go-projeto-de-vida-52-2023","url":"https:\/\/atividademapa.com\/?product=mapa-go-projeto-de-vida-52-2023","name":"MAPA GO PROJETO DE VIDA 52\/2023","isPartOf":{"@id":"https:\/\/atividademapa.com\/#website"},"primaryImageOfPage":{"@id":"https:\/\/atividademapa.com\/?product=mapa-go-projeto-de-vida-52-2023#primaryimage"},"image":{"@id":"https:\/\/atividademapa.com\/?product=mapa-go-projeto-de-vida-52-2023#primaryimage"},"thumbnailUrl":"https:\/\/i0.wp.com\/atividademapa.com\/wp-content\/uploads\/2023\/03\/Atividade-M.A.P.A-3.png?fit=300%2C300&ssl=1","datePublished":"2023-05-16T20:45:53+00:00","dateModified":"2023-06-22T22:44:14+00:00","description":"MAPA GO PROJETO DE VIDA 52\/2023 Atividade Unicesumar 52\/2023 - Totalmente resolvido | Auto Avalia\u00e7\u00e3o dos Pilares da Vida | Carta para o \u201cEu do Futuro\u201d.","breadcrumb":{"@id":"https:\/\/atividademapa.com\/?product=mapa-go-projeto-de-vida-52-2023#breadcrumb"},"inLanguage":"pt-BR","potentialAction":[{"@type":"ReadAction","target":["https:\/\/atividademapa.com\/?product=mapa-go-projeto-de-vida-52-2023"]}]},{"@type":"ImageObject","inLanguage":"pt-BR","@id":"https:\/\/atividademapa.com\/?product=mapa-go-projeto-de-vida-52-2023#primaryimage","url":"https:\/\/i0.wp.com\/atividademapa.com\/wp-content\/uploads\/2023\/03\/Atividade-M.A.P.A-3.png?fit=300%2C300&ssl=1","contentUrl":"https:\/\/i0.wp.com\/atividademapa.com\/wp-content\/uploads\/2023\/03\/Atividade-M.A.P.A-3.png?fit=300%2C300&ssl=1","width":300,"height":300,"caption":"Mapa Unicesumar Atividade"},{"@type":"BreadcrumbList","@id":"https:\/\/atividademapa.com\/?product=mapa-go-projeto-de-vida-52-2023#breadcrumb","itemListElement":[{"@type":"ListItem","position":1,"name":"In\u00edcio","item":"https:\/\/atividademapa.com\/"},{"@type":"ListItem","position":2,"name":"MAPAS","item":"https:\/\/atividademapa.com\/?page_id=5"},{"@type":"ListItem","position":3,"name":"MAPA GO PROJETO DE VIDA 52\/2023"}]},{"@type":"WebSite","@id":"https:\/\/atividademapa.com\/#website","url":"https:\/\/atividademapa.com\/","name":"Atividade Mapa","description":"StudeO | Unicesumar","publisher":{"@id":"https:\/\/atividademapa.com\/#organization"},"potentialAction":[{"@type":"SearchAction","target":{"@type":"EntryPoint","urlTemplate":"https:\/\/atividademapa.com\/?s={search_term_string}"},"query-input":{"@type":"PropertyValueSpecification","valueRequired":true,"valueName":"search_term_string"}}],"inLanguage":"pt-BR"},{"@type":"Organization","@id":"https:\/\/atividademapa.com\/#organization","name":"Atividade MAPA","url":"https:\/\/atividademapa.com\/","logo":{"@type":"ImageObject","inLanguage":"pt-BR","@id":"https:\/\/atividademapa.com\/#\/schema\/logo\/image\/","url":"https:\/\/i0.wp.com\/atividademapa.com\/wp-content\/uploads\/2023\/02\/ATIVIDADE.png?fit=600%2C300&ssl=1","contentUrl":"https:\/\/i0.wp.com\/atividademapa.com\/wp-content\/uploads\/2023\/02\/ATIVIDADE.png?fit=600%2C300&ssl=1","width":600,"height":300,"caption":"Atividade MAPA"},"image":{"@id":"https:\/\/atividademapa.com\/#\/schema\/logo\/image\/"}}]}},"_links":{"self":[{"href":"https:\/\/atividademapa.com\/index.php?rest_route=\/wp\/v2\/product\/2454","targetHints":{"allow":["GET"]}}],"collection":[{"href":"https:\/\/atividademapa.com\/index.php?rest_route=\/wp\/v2\/product"}],"about":[{"href":"https:\/\/atividademapa.com\/index.php?rest_route=\/wp\/v2\/types\/product"}],"version-history":[{"count":2,"href":"https:\/\/atividademapa.com\/index.php?rest_route=\/wp\/v2\/product\/2454\/revisions"}],"predecessor-version":[{"id":2458,"href":"https:\/\/atividademapa.com\/index.php?rest_route=\/wp\/v2\/product\/2454\/revisions\/2458"}],"wp:featuredmedia":[{"embeddable":true,"href":"https:\/\/atividademapa.com\/index.php?rest_route=\/wp\/v2\/media\/2326"}],"wp:attachment":[{"href":"https:\/\/atividademapa.com\/index.php?rest_route=%2Fwp%2Fv2%2Fmedia&parent=2454"}],"wp:term":[{"taxonomy":"product_brand","embeddable":true,"href":"https:\/\/atividademapa.com\/index.php?rest_route=%2Fwp%2Fv2%2Fproduct_brand&post=2454"},{"taxonomy":"product_cat","embeddable":true,"href":"https:\/\/atividademapa.com\/index.php?rest_route=%2Fwp%2Fv2%2Fproduct_cat&post=2454"},{"taxonomy":"product_tag","embeddable":true,"href":"https:\/\/atividademapa.com\/index.php?rest_route=%2Fwp%2Fv2%2Fproduct_tag&post=2454"}],"curies":[{"name":"wp","href":"https:\/\/api.w.org\/{rel}","templated":true}]}}