{"id":2556,"date":"2023-06-14T20:03:25","date_gmt":"2023-06-14T23:03:25","guid":{"rendered":"https:\/\/atividademapa.com\/?post_type=product&#038;p=2556"},"modified":"2023-06-22T19:44:13","modified_gmt":"2023-06-22T22:44:13","slug":"mapa-sub-cenarios-economicos-51-2023","status":"publish","type":"product","link":"https:\/\/atividademapa.com\/?product=mapa-sub-cenarios-economicos-51-2023","title":{"rendered":"MAPA SUB &#8211; CEN\u00c1RIOS ECON\u00d4MICOS &#8211; 51\/2023"},"content":{"rendered":"<p>MAPA SUB &#8211; CEN\u00c1RIOS ECON\u00d4MICOS &#8211; 51\/2023<\/p>\n<p>DSFMAPA \u2013 Material de Avalia\u00e7\u00e3o Pr\u00e1tica da Aprendizagem<\/p>\n<p>Acad\u00eamico: R.A.<br \/>\nCurso:<br \/>\nDisciplina: Cen\u00e1rios Econ\u00f4micos<\/p>\n<p>Instru\u00e7\u00f5es para Realiza\u00e7\u00e3o da Atividade<\/p>\n<p>1. Todos os campos acima dever\u00e3o ser devidamente preenchidos.<br \/>\n2. \u00c9 obrigat\u00f3ria a utiliza\u00e7\u00e3o deste formul\u00e1rio para a realiza\u00e7\u00e3o do MAPA.<br \/>\n3. Esta \u00e9 uma atividade individual. Caso identificado c\u00f3pia de colegas, o trabalho de ambos sofrer\u00e1 decr\u00e9scimo de nota.<br \/>\n4. Utilizando este formul\u00e1rio, realize sua atividade, salve em seu computador, renomeie e envie em forma de anexo.<br \/>\n5. Formata\u00e7\u00e3o exigida para esta atividade: documento Word, Fonte Arial ou Times New Roman tamanho 12, Espa\u00e7amento entre linhas 1,5, texto justificado.<br \/>\n6. Ao utilizar quaisquer materiais de pesquisa referencie conforme as normas da ABNT;<br \/>\n7. No Studeo em ambiente da disciplina &gt; Materiais &gt; Material da Disciplina&gt;&gt;Planner, voc\u00ea encontrar\u00e1 orienta\u00e7\u00f5es importantes para elabora\u00e7\u00e3o desta atividade. Confira!<br \/>\n8. Crit\u00e9rios de avalia\u00e7\u00e3o: Utiliza\u00e7\u00e3o do template (Formul\u00e1rio Padr\u00e3o); Atendimento ao Tema; Constitui\u00e7\u00e3o dos argumentos e organiza\u00e7\u00e3o das Ideias; Corre\u00e7\u00e3o Gramatical e atendimento \u00e0s normas ABNT.<br \/>\n9. Procure argumentar de forma clara e objetiva, de acordo com o conte\u00fado da disciplina.<\/p>\n<p>Em caso de d\u00favidas, entre em contato com seu Professor Mediador.<\/p>\n<p>Bons estudos!<\/p>\n<p>AGORA \u00c9 COM VOC\u00ca!<\/p>\n<p>Utilize os espa\u00e7os em branco de cada quadro para digitar sua resposta.<\/p>\n<p>1) Diante do exposto, disserte sobre o Projeto de Lei n\u00ba. 2183\/2019 que pretende instituir a Contribui\u00e7\u00e3o de Interven\u00e7\u00e3o no Dom\u00ednio Econ\u00f4mico (CIDE) sobre a comercializa\u00e7\u00e3o da produ\u00e7\u00e3o e da importa\u00e7\u00e3o de refrigerantes e bebidas a\u00e7u-caradas. Seu texto dever\u00e1 contemplar:<\/p>\n<p>(a) Posi\u00e7\u00e3o favor\u00e1vel ou contr\u00e1ria acerca da mat\u00e9ria tratada no Projeto de Lei;<br \/>\n(b) Argumentos claros e objetivos que sustentem a sua posi\u00e7\u00e3o;<br \/>\n(c) Argumentos claros e objetivos que inviabilizem uma posi\u00e7\u00e3o contr\u00e1ria \u00e0 sua.<\/p>\n<p>IMPORTANTE:<br \/>\n* Sua disserta\u00e7\u00e3o deve ter no m\u00ednimo 20L e no m\u00e1ximo 30L.<\/p>\n","protected":false},"excerpt":{"rendered":"<p>MAPA SUB &#8211; CEN\u00c1RIOS ECON\u00d4MICOS &#8211; 51\/2023 DSFMAPA \u2013 Material de Avalia\u00e7\u00e3o Pr\u00e1tica da Aprendizagem Acad\u00eamico: R.A. Curso: Disciplina: Cen\u00e1rios<\/p>\n","protected":false},"featured_media":2326,"template":"","meta":{"_monsterinsights_skip_tracking":false,"_monsterinsights_sitenote_active":false,"_monsterinsights_sitenote_note":"","_monsterinsights_sitenote_category":0},"product_brand":[],"product_cat":[15],"product_tag":[],"class_list":{"0":"post-2556","1":"product","2":"type-product","3":"status-publish","4":"has-post-thumbnail","6":"product_cat-uncategorized","8":"first","9":"instock","10":"downloadable","11":"virtual","12":"purchasable","13":"product-type-simple"},"yoast_head":"<!-- This site is optimized with the Yoast SEO plugin v27.4 - https:\/\/yoast.com\/product\/yoast-seo-wordpress\/ -->\n<title>MAPA SUB - CEN\u00c1RIOS ECON\u00d4MICOS - 51\/2023<\/title>\n<meta name=\"description\" content=\"Unicesumar &#8902; Atividade MAPA SUB - CEN\u00c1RIOS ECON\u00d4MICOS - 51\/2023 Projeto de Lei n\u00ba. 2183\/2019 que pretende instituir a Contribui\u00e7\u00e3o de Interven\u00e7\u00e3o no Dom\u00ednio Econ\u00f4mico (CIDE).\" \/>\n<meta name=\"robots\" content=\"index, follow, max-snippet:-1, max-image-preview:large, max-video-preview:-1\" \/>\n<link rel=\"canonical\" href=\"https:\/\/atividademapa.com\/?product=mapa-sub-cenarios-economicos-51-2023\" \/>\n<meta property=\"og:locale\" content=\"pt_BR\" \/>\n<meta property=\"og:type\" content=\"article\" \/>\n<meta property=\"og:title\" content=\"MAPA SUB - CEN\u00c1RIOS ECON\u00d4MICOS - 51\/2023\" \/>\n<meta property=\"og:description\" content=\"Unicesumar &#8902; Atividade MAPA SUB - CEN\u00c1RIOS ECON\u00d4MICOS - 51\/2023 Projeto de Lei n\u00ba. 2183\/2019 que pretende instituir a Contribui\u00e7\u00e3o de Interven\u00e7\u00e3o no Dom\u00ednio Econ\u00f4mico (CIDE).\" \/>\n<meta property=\"og:url\" content=\"https:\/\/atividademapa.com\/?product=mapa-sub-cenarios-economicos-51-2023\" \/>\n<meta property=\"og:site_name\" content=\"Atividade Mapa\" \/>\n<meta property=\"article:modified_time\" content=\"2023-06-22T22:44:13+00:00\" \/>\n<meta property=\"og:image\" content=\"https:\/\/i0.wp.com\/atividademapa.com\/wp-content\/uploads\/2023\/03\/Atividade-M.A.P.A-3.png?fit=300%2C300&ssl=1\" \/>\n\t<meta property=\"og:image:width\" content=\"300\" \/>\n\t<meta property=\"og:image:height\" content=\"300\" \/>\n\t<meta property=\"og:image:type\" content=\"image\/png\" \/>\n<meta name=\"twitter:card\" content=\"summary_large_image\" \/>\n<meta name=\"twitter:label1\" content=\"Est. tempo de leitura\" \/>\n\t<meta name=\"twitter:data1\" content=\"2 minutos\" \/>\n<script type=\"application\/ld+json\" class=\"yoast-schema-graph\">{\"@context\":\"https:\\\/\\\/schema.org\",\"@graph\":[{\"@type\":\"WebPage\",\"@id\":\"https:\\\/\\\/atividademapa.com\\\/?product=mapa-sub-cenarios-economicos-51-2023\",\"url\":\"https:\\\/\\\/atividademapa.com\\\/?product=mapa-sub-cenarios-economicos-51-2023\",\"name\":\"MAPA SUB - CEN\u00c1RIOS ECON\u00d4MICOS - 51\\\/2023\",\"isPartOf\":{\"@id\":\"https:\\\/\\\/atividademapa.com\\\/#website\"},\"primaryImageOfPage\":{\"@id\":\"https:\\\/\\\/atividademapa.com\\\/?product=mapa-sub-cenarios-economicos-51-2023#primaryimage\"},\"image\":{\"@id\":\"https:\\\/\\\/atividademapa.com\\\/?product=mapa-sub-cenarios-economicos-51-2023#primaryimage\"},\"thumbnailUrl\":\"https:\\\/\\\/i0.wp.com\\\/atividademapa.com\\\/wp-content\\\/uploads\\\/2023\\\/03\\\/Atividade-M.A.P.A-3.png?fit=300%2C300&ssl=1\",\"datePublished\":\"2023-06-14T23:03:25+00:00\",\"dateModified\":\"2023-06-22T22:44:13+00:00\",\"description\":\"Unicesumar &#8902; Atividade MAPA SUB - CEN\u00c1RIOS ECON\u00d4MICOS - 51\\\/2023 Projeto de Lei n\u00ba. 2183\\\/2019 que pretende instituir a Contribui\u00e7\u00e3o de Interven\u00e7\u00e3o no Dom\u00ednio Econ\u00f4mico (CIDE).\",\"breadcrumb\":{\"@id\":\"https:\\\/\\\/atividademapa.com\\\/?product=mapa-sub-cenarios-economicos-51-2023#breadcrumb\"},\"inLanguage\":\"pt-BR\",\"potentialAction\":[{\"@type\":\"ReadAction\",\"target\":[\"https:\\\/\\\/atividademapa.com\\\/?product=mapa-sub-cenarios-economicos-51-2023\"]}]},{\"@type\":\"ImageObject\",\"inLanguage\":\"pt-BR\",\"@id\":\"https:\\\/\\\/atividademapa.com\\\/?product=mapa-sub-cenarios-economicos-51-2023#primaryimage\",\"url\":\"https:\\\/\\\/i0.wp.com\\\/atividademapa.com\\\/wp-content\\\/uploads\\\/2023\\\/03\\\/Atividade-M.A.P.A-3.png?fit=300%2C300&ssl=1\",\"contentUrl\":\"https:\\\/\\\/i0.wp.com\\\/atividademapa.com\\\/wp-content\\\/uploads\\\/2023\\\/03\\\/Atividade-M.A.P.A-3.png?fit=300%2C300&ssl=1\",\"width\":300,\"height\":300,\"caption\":\"Mapa Unicesumar Atividade\"},{\"@type\":\"BreadcrumbList\",\"@id\":\"https:\\\/\\\/atividademapa.com\\\/?product=mapa-sub-cenarios-economicos-51-2023#breadcrumb\",\"itemListElement\":[{\"@type\":\"ListItem\",\"position\":1,\"name\":\"In\u00edcio\",\"item\":\"https:\\\/\\\/atividademapa.com\\\/\"},{\"@type\":\"ListItem\",\"position\":2,\"name\":\"MAPAS\",\"item\":\"https:\\\/\\\/atividademapa.com\\\/?page_id=5\"},{\"@type\":\"ListItem\",\"position\":3,\"name\":\"MAPA SUB &#8211; CEN\u00c1RIOS ECON\u00d4MICOS &#8211; 51\\\/2023\"}]},{\"@type\":\"WebSite\",\"@id\":\"https:\\\/\\\/atividademapa.com\\\/#website\",\"url\":\"https:\\\/\\\/atividademapa.com\\\/\",\"name\":\"Atividade Mapa\",\"description\":\"StudeO | Unicesumar\",\"publisher\":{\"@id\":\"https:\\\/\\\/atividademapa.com\\\/#organization\"},\"potentialAction\":[{\"@type\":\"SearchAction\",\"target\":{\"@type\":\"EntryPoint\",\"urlTemplate\":\"https:\\\/\\\/atividademapa.com\\\/?s={search_term_string}\"},\"query-input\":{\"@type\":\"PropertyValueSpecification\",\"valueRequired\":true,\"valueName\":\"search_term_string\"}}],\"inLanguage\":\"pt-BR\"},{\"@type\":\"Organization\",\"@id\":\"https:\\\/\\\/atividademapa.com\\\/#organization\",\"name\":\"Atividade MAPA\",\"url\":\"https:\\\/\\\/atividademapa.com\\\/\",\"logo\":{\"@type\":\"ImageObject\",\"inLanguage\":\"pt-BR\",\"@id\":\"https:\\\/\\\/atividademapa.com\\\/#\\\/schema\\\/logo\\\/image\\\/\",\"url\":\"https:\\\/\\\/i0.wp.com\\\/atividademapa.com\\\/wp-content\\\/uploads\\\/2023\\\/02\\\/ATIVIDADE.png?fit=600%2C300&ssl=1\",\"contentUrl\":\"https:\\\/\\\/i0.wp.com\\\/atividademapa.com\\\/wp-content\\\/uploads\\\/2023\\\/02\\\/ATIVIDADE.png?fit=600%2C300&ssl=1\",\"width\":600,\"height\":300,\"caption\":\"Atividade MAPA\"},\"image\":{\"@id\":\"https:\\\/\\\/atividademapa.com\\\/#\\\/schema\\\/logo\\\/image\\\/\"}}]}<\/script>\n<!-- \/ Yoast SEO plugin. -->","yoast_head_json":{"title":"MAPA SUB - CEN\u00c1RIOS ECON\u00d4MICOS - 51\/2023","description":"Unicesumar &#8902; Atividade MAPA SUB - CEN\u00c1RIOS ECON\u00d4MICOS - 51\/2023 Projeto de Lei n\u00ba. 2183\/2019 que pretende instituir a Contribui\u00e7\u00e3o de Interven\u00e7\u00e3o no Dom\u00ednio Econ\u00f4mico (CIDE).","robots":{"index":"index","follow":"follow","max-snippet":"max-snippet:-1","max-image-preview":"max-image-preview:large","max-video-preview":"max-video-preview:-1"},"canonical":"https:\/\/atividademapa.com\/?product=mapa-sub-cenarios-economicos-51-2023","og_locale":"pt_BR","og_type":"article","og_title":"MAPA SUB - CEN\u00c1RIOS ECON\u00d4MICOS - 51\/2023","og_description":"Unicesumar &#8902; Atividade MAPA SUB - CEN\u00c1RIOS ECON\u00d4MICOS - 51\/2023 Projeto de Lei n\u00ba. 2183\/2019 que pretende instituir a Contribui\u00e7\u00e3o de Interven\u00e7\u00e3o no Dom\u00ednio Econ\u00f4mico (CIDE).","og_url":"https:\/\/atividademapa.com\/?product=mapa-sub-cenarios-economicos-51-2023","og_site_name":"Atividade Mapa","article_modified_time":"2023-06-22T22:44:13+00:00","og_image":[{"width":300,"height":300,"url":"https:\/\/i0.wp.com\/atividademapa.com\/wp-content\/uploads\/2023\/03\/Atividade-M.A.P.A-3.png?fit=300%2C300&ssl=1","type":"image\/png"}],"twitter_card":"summary_large_image","twitter_misc":{"Est. tempo de leitura":"2 minutos"},"schema":{"@context":"https:\/\/schema.org","@graph":[{"@type":"WebPage","@id":"https:\/\/atividademapa.com\/?product=mapa-sub-cenarios-economicos-51-2023","url":"https:\/\/atividademapa.com\/?product=mapa-sub-cenarios-economicos-51-2023","name":"MAPA SUB - CEN\u00c1RIOS ECON\u00d4MICOS - 51\/2023","isPartOf":{"@id":"https:\/\/atividademapa.com\/#website"},"primaryImageOfPage":{"@id":"https:\/\/atividademapa.com\/?product=mapa-sub-cenarios-economicos-51-2023#primaryimage"},"image":{"@id":"https:\/\/atividademapa.com\/?product=mapa-sub-cenarios-economicos-51-2023#primaryimage"},"thumbnailUrl":"https:\/\/i0.wp.com\/atividademapa.com\/wp-content\/uploads\/2023\/03\/Atividade-M.A.P.A-3.png?fit=300%2C300&ssl=1","datePublished":"2023-06-14T23:03:25+00:00","dateModified":"2023-06-22T22:44:13+00:00","description":"Unicesumar &#8902; Atividade MAPA SUB - CEN\u00c1RIOS ECON\u00d4MICOS - 51\/2023 Projeto de Lei n\u00ba. 2183\/2019 que pretende instituir a Contribui\u00e7\u00e3o de Interven\u00e7\u00e3o no Dom\u00ednio Econ\u00f4mico (CIDE).","breadcrumb":{"@id":"https:\/\/atividademapa.com\/?product=mapa-sub-cenarios-economicos-51-2023#breadcrumb"},"inLanguage":"pt-BR","potentialAction":[{"@type":"ReadAction","target":["https:\/\/atividademapa.com\/?product=mapa-sub-cenarios-economicos-51-2023"]}]},{"@type":"ImageObject","inLanguage":"pt-BR","@id":"https:\/\/atividademapa.com\/?product=mapa-sub-cenarios-economicos-51-2023#primaryimage","url":"https:\/\/i0.wp.com\/atividademapa.com\/wp-content\/uploads\/2023\/03\/Atividade-M.A.P.A-3.png?fit=300%2C300&ssl=1","contentUrl":"https:\/\/i0.wp.com\/atividademapa.com\/wp-content\/uploads\/2023\/03\/Atividade-M.A.P.A-3.png?fit=300%2C300&ssl=1","width":300,"height":300,"caption":"Mapa Unicesumar Atividade"},{"@type":"BreadcrumbList","@id":"https:\/\/atividademapa.com\/?product=mapa-sub-cenarios-economicos-51-2023#breadcrumb","itemListElement":[{"@type":"ListItem","position":1,"name":"In\u00edcio","item":"https:\/\/atividademapa.com\/"},{"@type":"ListItem","position":2,"name":"MAPAS","item":"https:\/\/atividademapa.com\/?page_id=5"},{"@type":"ListItem","position":3,"name":"MAPA SUB &#8211; CEN\u00c1RIOS ECON\u00d4MICOS &#8211; 51\/2023"}]},{"@type":"WebSite","@id":"https:\/\/atividademapa.com\/#website","url":"https:\/\/atividademapa.com\/","name":"Atividade Mapa","description":"StudeO | Unicesumar","publisher":{"@id":"https:\/\/atividademapa.com\/#organization"},"potentialAction":[{"@type":"SearchAction","target":{"@type":"EntryPoint","urlTemplate":"https:\/\/atividademapa.com\/?s={search_term_string}"},"query-input":{"@type":"PropertyValueSpecification","valueRequired":true,"valueName":"search_term_string"}}],"inLanguage":"pt-BR"},{"@type":"Organization","@id":"https:\/\/atividademapa.com\/#organization","name":"Atividade MAPA","url":"https:\/\/atividademapa.com\/","logo":{"@type":"ImageObject","inLanguage":"pt-BR","@id":"https:\/\/atividademapa.com\/#\/schema\/logo\/image\/","url":"https:\/\/i0.wp.com\/atividademapa.com\/wp-content\/uploads\/2023\/02\/ATIVIDADE.png?fit=600%2C300&ssl=1","contentUrl":"https:\/\/i0.wp.com\/atividademapa.com\/wp-content\/uploads\/2023\/02\/ATIVIDADE.png?fit=600%2C300&ssl=1","width":600,"height":300,"caption":"Atividade MAPA"},"image":{"@id":"https:\/\/atividademapa.com\/#\/schema\/logo\/image\/"}}]}},"_links":{"self":[{"href":"https:\/\/atividademapa.com\/index.php?rest_route=\/wp\/v2\/product\/2556","targetHints":{"allow":["GET"]}}],"collection":[{"href":"https:\/\/atividademapa.com\/index.php?rest_route=\/wp\/v2\/product"}],"about":[{"href":"https:\/\/atividademapa.com\/index.php?rest_route=\/wp\/v2\/types\/product"}],"version-history":[{"count":1,"href":"https:\/\/atividademapa.com\/index.php?rest_route=\/wp\/v2\/product\/2556\/revisions"}],"predecessor-version":[{"id":2558,"href":"https:\/\/atividademapa.com\/index.php?rest_route=\/wp\/v2\/product\/2556\/revisions\/2558"}],"wp:featuredmedia":[{"embeddable":true,"href":"https:\/\/atividademapa.com\/index.php?rest_route=\/wp\/v2\/media\/2326"}],"wp:attachment":[{"href":"https:\/\/atividademapa.com\/index.php?rest_route=%2Fwp%2Fv2%2Fmedia&parent=2556"}],"wp:term":[{"taxonomy":"product_brand","embeddable":true,"href":"https:\/\/atividademapa.com\/index.php?rest_route=%2Fwp%2Fv2%2Fproduct_brand&post=2556"},{"taxonomy":"product_cat","embeddable":true,"href":"https:\/\/atividademapa.com\/index.php?rest_route=%2Fwp%2Fv2%2Fproduct_cat&post=2556"},{"taxonomy":"product_tag","embeddable":true,"href":"https:\/\/atividademapa.com\/index.php?rest_route=%2Fwp%2Fv2%2Fproduct_tag&post=2556"}],"curies":[{"name":"wp","href":"https:\/\/api.w.org\/{rel}","templated":true}]}}