{"id":2570,"date":"2023-06-19T16:09:33","date_gmt":"2023-06-19T19:09:33","guid":{"rendered":"https:\/\/atividademapa.com\/?post_type=product&#038;p=2570"},"modified":"2023-06-22T19:44:13","modified_gmt":"2023-06-22T22:44:13","slug":"mapa-ssoc-relacoes-interpessoais-e-psicologia-social-52-2023","status":"publish","type":"product","link":"https:\/\/atividademapa.com\/?product=mapa-ssoc-relacoes-interpessoais-e-psicologia-social-52-2023","title":{"rendered":"MAPA SSOC Rela\u00e7\u00f5es Interpessoais e Psicologia Social 52\/2023"},"content":{"rendered":"<p>MAPA &#8211; SSOC &#8211; RELA\u00c7\u00d5ES INTERPESSOAIS E PSICOLOGIA SOCIAL &#8211; 52\/2023<\/p>\n<p>Ol\u00e1, estudantes!<br \/>\nSejam bem-vindos a nossa atividade MAPA da disciplina de Rela\u00e7\u00f5es Interpessoais e Psicologia Social. Para iniciarmos, vamos fazer a leitura dos textos 01 e 02.<\/p>\n<p>\u200bTEXTO 01<\/p>\n<p>N\u00e3o \u00e9 necess\u00e1rio um estudo profundo para comprovar a exist\u00eancia de diversos tipos de preconceito no Brasil, somos campe\u00f5es mundiais em homic\u00eddios contra homossexuais, ind\u00edgenas s\u00e3o massacrados desde a coloniza\u00e7\u00e3o e, ainda hoje, quase 100 pessoas s\u00e3o assassinadas por ano apenas por serem ind\u00edgenas. O Brasil tamb\u00e9m \u00e9 um dos l\u00edderes mundiais em viol\u00eancia contra a mulher. Embora o preconceito esteja espalhado pela sociedade e afete diversos grupos minorit\u00e1rios, h\u00e1 um tipo espec\u00edfico no Brasil, o preconceito racial brasileiro.<\/p>\n<p>KREUZ, Giovana; P\u00c1TARO, Fl\u00e1vio Rog\u00e9rio. Rela\u00e7\u00f5es Interpessoais e Psicologia Social. Maring\u00e1 &#8211; PR: Unicesumar, 2022. Reimpresso em 2023.<\/p>\n<p>TEXTO 02<\/p>\n<p>O Assistente Social atrav\u00e9s de seu C\u00f3digo de \u00c9tica institu\u00eddo em 13 de mar\u00e7o 1993 prop\u00f5e \u201c..pensar a \u00e9tica como pressuposto te\u00f3rico-pol\u00edtico que remete ao enfrentamento das contradi\u00e7\u00f5es postas \u00e0 profiss\u00e3o, a partir de uma vis\u00e3o cr\u00edtica..\u201d (CFESS). Atualmente \u00e9 alarmante o n\u00famero de casos envolvendo crimes raciais e de \u00f3dio no Brasil, Orientado atrav\u00e9s de princ\u00edpios fundamentais e seus dispositivos legais, o assistente social tem compromisso \u00e9tico com a defesa intransigente dos direitos humanos.<\/p>\n<p>CONSELHO FEDERAL DE SERVI\u00c7O SOCIAL (CFESS). C\u00f3digo de \u00e9tica Profissional do Assistente Social. Bras\u00edlia, 1993.<\/p>\n<p>Tomando como base o preconceito no Brasil, construa um texto dissertativo sobre o que \u00e9 mito da democracia racial e como o assistente social pode atuar no enfrentamento do preconceito racial brasileiro. Al\u00e9m do livro da disciplina, tenha como refer\u00eancia para a constru\u00e7\u00e3o de seu texto o &#8220;C\u00f3digo de \u00c9tica do Assistente Social&#8221; (princ\u00edpios fundamentais).<\/p>\n<p>Orienta\u00e7\u00f5es:<\/p>\n<p>&#8211; Discorrer de forma argumentativa ambas as perguntas, desenvolvendo uma discuss\u00e3o cr\u00edtica.<\/p>\n<p>&#8211; M\u00e1ximo duas laudas.<\/p>\n<p>&#8211; Utilizar formul\u00e1rio padr\u00e3o.<\/p>\n<p>&#8211; Utilizar refer\u00eancia e normas ABNT.<\/p>\n<p>D\u00favidas, no Fale com o Mediador.<\/p>\n<p>Bom Trabalho!\u200b<\/p>\n","protected":false},"excerpt":{"rendered":"<p>MAPA &#8211; SSOC &#8211; RELA\u00c7\u00d5ES INTERPESSOAIS E PSICOLOGIA SOCIAL &#8211; 52\/2023 Ol\u00e1, estudantes! Sejam bem-vindos a nossa atividade MAPA da<\/p>\n","protected":false},"featured_media":2326,"template":"","meta":{"_monsterinsights_skip_tracking":false,"_monsterinsights_sitenote_active":false,"_monsterinsights_sitenote_note":"","_monsterinsights_sitenote_category":0},"product_brand":[],"product_cat":[40],"product_tag":[],"class_list":{"0":"post-2570","1":"product","2":"type-product","3":"status-publish","4":"has-post-thumbnail","6":"product_cat-servico-social","8":"first","9":"instock","10":"downloadable","11":"virtual","12":"purchasable","13":"product-type-simple"},"yoast_head":"<!-- This site is optimized with the Yoast SEO plugin v27.4 - https:\/\/yoast.com\/product\/yoast-seo-wordpress\/ -->\n<title>MAPA SSOC Rela\u00e7\u00f5es Interpessoais e Psicologia Social 52\/2023<\/title>\n<meta name=\"description\" content=\"Unicesumar &#8902; Atividade MAPA SSOC Rela\u00e7\u00f5es Interpessoais e Psicologia Social 52\/2023| SERVI\u00c7O SOCIAL.\" \/>\n<meta name=\"robots\" content=\"index, follow, max-snippet:-1, max-image-preview:large, max-video-preview:-1\" \/>\n<link rel=\"canonical\" href=\"https:\/\/atividademapa.com\/?product=mapa-ssoc-relacoes-interpessoais-e-psicologia-social-52-2023\" \/>\n<meta property=\"og:locale\" content=\"pt_BR\" \/>\n<meta property=\"og:type\" content=\"article\" \/>\n<meta property=\"og:title\" content=\"MAPA SSOC Rela\u00e7\u00f5es Interpessoais e Psicologia Social 52\/2023\" \/>\n<meta property=\"og:description\" content=\"Unicesumar &#8902; Atividade MAPA SSOC Rela\u00e7\u00f5es Interpessoais e Psicologia Social 52\/2023| SERVI\u00c7O SOCIAL.\" \/>\n<meta property=\"og:url\" content=\"https:\/\/atividademapa.com\/?product=mapa-ssoc-relacoes-interpessoais-e-psicologia-social-52-2023\" \/>\n<meta property=\"og:site_name\" content=\"Atividade Mapa\" \/>\n<meta property=\"article:modified_time\" content=\"2023-06-22T22:44:13+00:00\" \/>\n<meta property=\"og:image\" content=\"https:\/\/i0.wp.com\/atividademapa.com\/wp-content\/uploads\/2023\/03\/Atividade-M.A.P.A-3.png?fit=300%2C300&ssl=1\" \/>\n\t<meta property=\"og:image:width\" content=\"300\" \/>\n\t<meta property=\"og:image:height\" content=\"300\" \/>\n\t<meta property=\"og:image:type\" content=\"image\/png\" \/>\n<meta name=\"twitter:card\" content=\"summary_large_image\" \/>\n<meta name=\"twitter:label1\" content=\"Est. tempo de leitura\" \/>\n\t<meta name=\"twitter:data1\" content=\"2 minutos\" \/>\n<script type=\"application\/ld+json\" class=\"yoast-schema-graph\">{\"@context\":\"https:\\\/\\\/schema.org\",\"@graph\":[{\"@type\":\"WebPage\",\"@id\":\"https:\\\/\\\/atividademapa.com\\\/?product=mapa-ssoc-relacoes-interpessoais-e-psicologia-social-52-2023\",\"url\":\"https:\\\/\\\/atividademapa.com\\\/?product=mapa-ssoc-relacoes-interpessoais-e-psicologia-social-52-2023\",\"name\":\"MAPA SSOC Rela\u00e7\u00f5es Interpessoais e Psicologia Social 52\\\/2023\",\"isPartOf\":{\"@id\":\"https:\\\/\\\/atividademapa.com\\\/#website\"},\"primaryImageOfPage\":{\"@id\":\"https:\\\/\\\/atividademapa.com\\\/?product=mapa-ssoc-relacoes-interpessoais-e-psicologia-social-52-2023#primaryimage\"},\"image\":{\"@id\":\"https:\\\/\\\/atividademapa.com\\\/?product=mapa-ssoc-relacoes-interpessoais-e-psicologia-social-52-2023#primaryimage\"},\"thumbnailUrl\":\"https:\\\/\\\/i0.wp.com\\\/atividademapa.com\\\/wp-content\\\/uploads\\\/2023\\\/03\\\/Atividade-M.A.P.A-3.png?fit=300%2C300&ssl=1\",\"datePublished\":\"2023-06-19T19:09:33+00:00\",\"dateModified\":\"2023-06-22T22:44:13+00:00\",\"description\":\"Unicesumar &#8902; Atividade MAPA SSOC Rela\u00e7\u00f5es Interpessoais e Psicologia Social 52\\\/2023| SERVI\u00c7O SOCIAL.\",\"breadcrumb\":{\"@id\":\"https:\\\/\\\/atividademapa.com\\\/?product=mapa-ssoc-relacoes-interpessoais-e-psicologia-social-52-2023#breadcrumb\"},\"inLanguage\":\"pt-BR\",\"potentialAction\":[{\"@type\":\"ReadAction\",\"target\":[\"https:\\\/\\\/atividademapa.com\\\/?product=mapa-ssoc-relacoes-interpessoais-e-psicologia-social-52-2023\"]}]},{\"@type\":\"ImageObject\",\"inLanguage\":\"pt-BR\",\"@id\":\"https:\\\/\\\/atividademapa.com\\\/?product=mapa-ssoc-relacoes-interpessoais-e-psicologia-social-52-2023#primaryimage\",\"url\":\"https:\\\/\\\/i0.wp.com\\\/atividademapa.com\\\/wp-content\\\/uploads\\\/2023\\\/03\\\/Atividade-M.A.P.A-3.png?fit=300%2C300&ssl=1\",\"contentUrl\":\"https:\\\/\\\/i0.wp.com\\\/atividademapa.com\\\/wp-content\\\/uploads\\\/2023\\\/03\\\/Atividade-M.A.P.A-3.png?fit=300%2C300&ssl=1\",\"width\":300,\"height\":300,\"caption\":\"Mapa Unicesumar Atividade\"},{\"@type\":\"BreadcrumbList\",\"@id\":\"https:\\\/\\\/atividademapa.com\\\/?product=mapa-ssoc-relacoes-interpessoais-e-psicologia-social-52-2023#breadcrumb\",\"itemListElement\":[{\"@type\":\"ListItem\",\"position\":1,\"name\":\"In\u00edcio\",\"item\":\"https:\\\/\\\/atividademapa.com\\\/\"},{\"@type\":\"ListItem\",\"position\":2,\"name\":\"MAPAS\",\"item\":\"https:\\\/\\\/atividademapa.com\\\/?page_id=5\"},{\"@type\":\"ListItem\",\"position\":3,\"name\":\"MAPA SSOC Rela\u00e7\u00f5es Interpessoais e Psicologia Social 52\\\/2023\"}]},{\"@type\":\"WebSite\",\"@id\":\"https:\\\/\\\/atividademapa.com\\\/#website\",\"url\":\"https:\\\/\\\/atividademapa.com\\\/\",\"name\":\"Atividade Mapa\",\"description\":\"StudeO | Unicesumar\",\"publisher\":{\"@id\":\"https:\\\/\\\/atividademapa.com\\\/#organization\"},\"potentialAction\":[{\"@type\":\"SearchAction\",\"target\":{\"@type\":\"EntryPoint\",\"urlTemplate\":\"https:\\\/\\\/atividademapa.com\\\/?s={search_term_string}\"},\"query-input\":{\"@type\":\"PropertyValueSpecification\",\"valueRequired\":true,\"valueName\":\"search_term_string\"}}],\"inLanguage\":\"pt-BR\"},{\"@type\":\"Organization\",\"@id\":\"https:\\\/\\\/atividademapa.com\\\/#organization\",\"name\":\"Atividade MAPA\",\"url\":\"https:\\\/\\\/atividademapa.com\\\/\",\"logo\":{\"@type\":\"ImageObject\",\"inLanguage\":\"pt-BR\",\"@id\":\"https:\\\/\\\/atividademapa.com\\\/#\\\/schema\\\/logo\\\/image\\\/\",\"url\":\"https:\\\/\\\/i0.wp.com\\\/atividademapa.com\\\/wp-content\\\/uploads\\\/2023\\\/02\\\/ATIVIDADE.png?fit=600%2C300&ssl=1\",\"contentUrl\":\"https:\\\/\\\/i0.wp.com\\\/atividademapa.com\\\/wp-content\\\/uploads\\\/2023\\\/02\\\/ATIVIDADE.png?fit=600%2C300&ssl=1\",\"width\":600,\"height\":300,\"caption\":\"Atividade MAPA\"},\"image\":{\"@id\":\"https:\\\/\\\/atividademapa.com\\\/#\\\/schema\\\/logo\\\/image\\\/\"}}]}<\/script>\n<!-- \/ Yoast SEO plugin. -->","yoast_head_json":{"title":"MAPA SSOC Rela\u00e7\u00f5es Interpessoais e Psicologia Social 52\/2023","description":"Unicesumar &#8902; Atividade MAPA SSOC Rela\u00e7\u00f5es Interpessoais e Psicologia Social 52\/2023| SERVI\u00c7O SOCIAL.","robots":{"index":"index","follow":"follow","max-snippet":"max-snippet:-1","max-image-preview":"max-image-preview:large","max-video-preview":"max-video-preview:-1"},"canonical":"https:\/\/atividademapa.com\/?product=mapa-ssoc-relacoes-interpessoais-e-psicologia-social-52-2023","og_locale":"pt_BR","og_type":"article","og_title":"MAPA SSOC Rela\u00e7\u00f5es Interpessoais e Psicologia Social 52\/2023","og_description":"Unicesumar &#8902; Atividade MAPA SSOC Rela\u00e7\u00f5es Interpessoais e Psicologia Social 52\/2023| SERVI\u00c7O SOCIAL.","og_url":"https:\/\/atividademapa.com\/?product=mapa-ssoc-relacoes-interpessoais-e-psicologia-social-52-2023","og_site_name":"Atividade Mapa","article_modified_time":"2023-06-22T22:44:13+00:00","og_image":[{"width":300,"height":300,"url":"https:\/\/i0.wp.com\/atividademapa.com\/wp-content\/uploads\/2023\/03\/Atividade-M.A.P.A-3.png?fit=300%2C300&ssl=1","type":"image\/png"}],"twitter_card":"summary_large_image","twitter_misc":{"Est. tempo de leitura":"2 minutos"},"schema":{"@context":"https:\/\/schema.org","@graph":[{"@type":"WebPage","@id":"https:\/\/atividademapa.com\/?product=mapa-ssoc-relacoes-interpessoais-e-psicologia-social-52-2023","url":"https:\/\/atividademapa.com\/?product=mapa-ssoc-relacoes-interpessoais-e-psicologia-social-52-2023","name":"MAPA SSOC Rela\u00e7\u00f5es Interpessoais e Psicologia Social 52\/2023","isPartOf":{"@id":"https:\/\/atividademapa.com\/#website"},"primaryImageOfPage":{"@id":"https:\/\/atividademapa.com\/?product=mapa-ssoc-relacoes-interpessoais-e-psicologia-social-52-2023#primaryimage"},"image":{"@id":"https:\/\/atividademapa.com\/?product=mapa-ssoc-relacoes-interpessoais-e-psicologia-social-52-2023#primaryimage"},"thumbnailUrl":"https:\/\/i0.wp.com\/atividademapa.com\/wp-content\/uploads\/2023\/03\/Atividade-M.A.P.A-3.png?fit=300%2C300&ssl=1","datePublished":"2023-06-19T19:09:33+00:00","dateModified":"2023-06-22T22:44:13+00:00","description":"Unicesumar &#8902; Atividade MAPA SSOC Rela\u00e7\u00f5es Interpessoais e Psicologia Social 52\/2023| SERVI\u00c7O SOCIAL.","breadcrumb":{"@id":"https:\/\/atividademapa.com\/?product=mapa-ssoc-relacoes-interpessoais-e-psicologia-social-52-2023#breadcrumb"},"inLanguage":"pt-BR","potentialAction":[{"@type":"ReadAction","target":["https:\/\/atividademapa.com\/?product=mapa-ssoc-relacoes-interpessoais-e-psicologia-social-52-2023"]}]},{"@type":"ImageObject","inLanguage":"pt-BR","@id":"https:\/\/atividademapa.com\/?product=mapa-ssoc-relacoes-interpessoais-e-psicologia-social-52-2023#primaryimage","url":"https:\/\/i0.wp.com\/atividademapa.com\/wp-content\/uploads\/2023\/03\/Atividade-M.A.P.A-3.png?fit=300%2C300&ssl=1","contentUrl":"https:\/\/i0.wp.com\/atividademapa.com\/wp-content\/uploads\/2023\/03\/Atividade-M.A.P.A-3.png?fit=300%2C300&ssl=1","width":300,"height":300,"caption":"Mapa Unicesumar Atividade"},{"@type":"BreadcrumbList","@id":"https:\/\/atividademapa.com\/?product=mapa-ssoc-relacoes-interpessoais-e-psicologia-social-52-2023#breadcrumb","itemListElement":[{"@type":"ListItem","position":1,"name":"In\u00edcio","item":"https:\/\/atividademapa.com\/"},{"@type":"ListItem","position":2,"name":"MAPAS","item":"https:\/\/atividademapa.com\/?page_id=5"},{"@type":"ListItem","position":3,"name":"MAPA SSOC Rela\u00e7\u00f5es Interpessoais e Psicologia Social 52\/2023"}]},{"@type":"WebSite","@id":"https:\/\/atividademapa.com\/#website","url":"https:\/\/atividademapa.com\/","name":"Atividade Mapa","description":"StudeO | Unicesumar","publisher":{"@id":"https:\/\/atividademapa.com\/#organization"},"potentialAction":[{"@type":"SearchAction","target":{"@type":"EntryPoint","urlTemplate":"https:\/\/atividademapa.com\/?s={search_term_string}"},"query-input":{"@type":"PropertyValueSpecification","valueRequired":true,"valueName":"search_term_string"}}],"inLanguage":"pt-BR"},{"@type":"Organization","@id":"https:\/\/atividademapa.com\/#organization","name":"Atividade MAPA","url":"https:\/\/atividademapa.com\/","logo":{"@type":"ImageObject","inLanguage":"pt-BR","@id":"https:\/\/atividademapa.com\/#\/schema\/logo\/image\/","url":"https:\/\/i0.wp.com\/atividademapa.com\/wp-content\/uploads\/2023\/02\/ATIVIDADE.png?fit=600%2C300&ssl=1","contentUrl":"https:\/\/i0.wp.com\/atividademapa.com\/wp-content\/uploads\/2023\/02\/ATIVIDADE.png?fit=600%2C300&ssl=1","width":600,"height":300,"caption":"Atividade MAPA"},"image":{"@id":"https:\/\/atividademapa.com\/#\/schema\/logo\/image\/"}}]}},"_links":{"self":[{"href":"https:\/\/atividademapa.com\/index.php?rest_route=\/wp\/v2\/product\/2570","targetHints":{"allow":["GET"]}}],"collection":[{"href":"https:\/\/atividademapa.com\/index.php?rest_route=\/wp\/v2\/product"}],"about":[{"href":"https:\/\/atividademapa.com\/index.php?rest_route=\/wp\/v2\/types\/product"}],"version-history":[{"count":1,"href":"https:\/\/atividademapa.com\/index.php?rest_route=\/wp\/v2\/product\/2570\/revisions"}],"predecessor-version":[{"id":2572,"href":"https:\/\/atividademapa.com\/index.php?rest_route=\/wp\/v2\/product\/2570\/revisions\/2572"}],"wp:featuredmedia":[{"embeddable":true,"href":"https:\/\/atividademapa.com\/index.php?rest_route=\/wp\/v2\/media\/2326"}],"wp:attachment":[{"href":"https:\/\/atividademapa.com\/index.php?rest_route=%2Fwp%2Fv2%2Fmedia&parent=2570"}],"wp:term":[{"taxonomy":"product_brand","embeddable":true,"href":"https:\/\/atividademapa.com\/index.php?rest_route=%2Fwp%2Fv2%2Fproduct_brand&post=2570"},{"taxonomy":"product_cat","embeddable":true,"href":"https:\/\/atividademapa.com\/index.php?rest_route=%2Fwp%2Fv2%2Fproduct_cat&post=2570"},{"taxonomy":"product_tag","embeddable":true,"href":"https:\/\/atividademapa.com\/index.php?rest_route=%2Fwp%2Fv2%2Fproduct_tag&post=2570"}],"curies":[{"name":"wp","href":"https:\/\/api.w.org\/{rel}","templated":true}]}}