{"id":2576,"date":"2023-06-22T19:18:38","date_gmt":"2023-06-22T22:18:38","guid":{"rendered":"https:\/\/atividademapa.com\/?post_type=product&#038;p=2576"},"modified":"2023-07-17T09:30:43","modified_gmt":"2023-07-17T12:30:43","slug":"mapa-saude-saude-coletiva-52-2023","status":"publish","type":"product","link":"https:\/\/atividademapa.com\/?product=mapa-saude-saude-coletiva-52-2023","title":{"rendered":"MAPA SA\u00daDE &#8211; SA\u00daDE COLETIVA 52\/2023"},"content":{"rendered":"<p>MAPA SA\u00daDE &#8211; SA\u00daDE COLETIVA 52\/2023<\/p>\n<p><strong>CARO(A) ALUNO(A)!<\/strong><\/p>\n<p>Seja bem-vindo(a) \u00e0 atividade MAPA (Material de Avalia\u00e7\u00e3o Pr\u00e1tica de Aprendizagem) da disciplina de\u00a0Sa\u00fade Coletiva.<\/p>\n<p>Instru\u00e7\u00f5es iniciais:\u00a0utilize o modelo de MAPA padr\u00e3o para realizar esta atividade. Ele se encontra em &#8220;Material da Disciplina&#8221;. Siga todas as instru\u00e7\u00f5es constantes nesse modelo.\u00a0Assista ao v\u00eddeo com as instru\u00e7\u00f5es para a realiza\u00e7\u00e3o do MAPA, que estar\u00e1 na &#8220;pasta material da disciplina&#8221;.<\/p>\n<p>Segundo a Constitui\u00e7\u00e3o da Organiza\u00e7\u00e3o Mundial da Sa\u00fade (OMS), sa\u00fade \u00e9 \u201cestado de completo bem-estar f\u00edsico, mental e social\u201d. Esse conceito trouxe reflexos importantes na forma como se pensa a sa\u00fade. Abandonou-se o conceito puramente biol\u00f3gico \u2014 sa\u00fade \u00e9 aus\u00eancia de doen\u00e7a \u2014 para compreend\u00ea-la como um resultado de condi\u00e7\u00f5es objetivas e subjetivas para garantir vida digna. Por isso, hoje, o conceito serve n\u00e3o s\u00f3 de base para as a\u00e7\u00f5es de promo\u00e7\u00e3o da sa\u00fade, como, tamb\u00e9m, para o estudo das determinantes sociais da sa\u00fade. N\u00e3o basta declarar um direito \u00e0 sa\u00fade, \u00e9 preciso organizar o Estado para realiz\u00e1-lo, pois \u201c\u00e9 apenas a partir da determina\u00e7\u00e3o concreta do direito que se pode construir a sua garantia, determinando responsabilidade&#8221;.<\/p>\n<p>Fonte:\u00a0https:\/\/periodicos.univel.br\/ojs\/index.php\/redir\/article\/view\/117\/104. Acesso em: 24 abr. 2023.<\/p>\n<p>No Brasil, o artigo 196 da Constitui\u00e7\u00e3o Federal de 1988 garante que \u201ca sa\u00fade \u00e9 direito de todos e dever do Estado, garantido mediante pol\u00edticas sociais e econ\u00f4micas que visem \u00e0 redu\u00e7\u00e3o do risco de doen\u00e7a e de outros agravos e ao acesso universal e igualit\u00e1rio \u00e0s a\u00e7\u00f5es e servi\u00e7os para sua promo\u00e7\u00e3o, prote\u00e7\u00e3o e recupera\u00e7\u00e3o\u201d.<\/p>\n<p>\u200bFonte:\u00a0https:\/\/www.planalto.gov.br\/ccivil_03\/constituicao\/constituicao.htm. Acesso em: 24 fev. 2023.<\/p>\n<p>Para operacionalizar esse preceito constitucional, as Leis n\u00ba\u00a08.080\/90 e n\u00ba 8.142\/90 foram criadas.\u00a0Acesse a Lei 8.080\/90 pelo link (caso n\u00e3o consiga clicar, copie o link e cole no seu navegador):\u200b\u00a0https:\/\/www.riogrande.rs.gov.br\/saude\/wp-content\/uploads\/2019\/07\/LEI-8080-DE-1990.pdf\u00a0e responda \u00e0s quest\u00f5es:<\/p>\n<p>1.\u00a0<strong>DESCREVA<\/strong>\u00a0os princ\u00edpios doutrin\u00e1rios e organizativos do SUS conforme\u00a0os Princi\u0301pios e as Diretrizes.<\/p>\n<p>2.\u00a0De acordo com a organiza\u00e7\u00e3o e gest\u00e3o do SUS,\u00a0<strong>ESCREVA\u00a0<\/strong>como<strong>\u00a0<\/strong>os campos de atua\u00e7\u00e3o no SUS devem ser organizados.<\/p>\n<p>3. O inciso I do Art. 198 da Constitui\u00e7\u00e3o Federal evidencia que o Sistema \u00danico de Sa\u00fade (SUS) tem comando de dire\u00e7\u00e3o \u00fanica.\u00a0<strong>APRESENTE<\/strong>\u00a0quais \u00f3rg\u00e3os s\u00e3o respons\u00e1veis pela dire\u00e7\u00e3o da sa\u00fade no \u00e2mbito da Uni\u00e3o, dos Estados\/Distrito Federal e dos munic\u00edpios.<\/p>\n<p>4. A Lei n\u00ba 8.142\/90 disp\u00f5e sobre a participa\u00e7\u00e3o da comunidade na gest\u00e3o do Sistema \u00danico de Sa\u00fade (SUS) e sobre as transfer\u00eancias intergovernamentais de recursos financeiros na \u00e1rea da sa\u00fade.\u00a0Acesse o link (caso n\u00e3o consiga clicar, copie o link e cole no seu navegador): https:\/\/www.planalto.gov.br\/ccivil_03\/leis\/l8142.htm e responda:<\/p>\n<p>a)\u00a0<strong>DISCORRA<\/strong>\u00a0sobre o Conselho de Sa\u00fade conforme a Lei n\u00ba 8.142\/90.<\/p>\n<p>b) De acordo com o artigo 3\u00ba da Lei 8.142\/90,\u00a0<strong>ENUMERE<\/strong>\u00a0os itens que os munic\u00edpios, os Estados e o Distrito Federal t\u00eam que manter para receber os recursos do SUS.<\/p>\n<p>&nbsp;<\/p>\n","protected":false},"excerpt":{"rendered":"<p>MAPA SA\u00daDE &#8211; SA\u00daDE COLETIVA 52\/2023 CARO(A) ALUNO(A)! Seja bem-vindo(a) \u00e0 atividade MAPA (Material de Avalia\u00e7\u00e3o Pr\u00e1tica de Aprendizagem) da<\/p>\n","protected":false},"featured_media":2326,"template":"","meta":{"_monsterinsights_skip_tracking":false,"_monsterinsights_sitenote_active":false,"_monsterinsights_sitenote_note":"","_monsterinsights_sitenote_category":0},"product_brand":[],"product_cat":[35,99],"product_tag":[],"class_list":{"0":"post-2576","1":"product","2":"type-product","3":"status-publish","4":"has-post-thumbnail","6":"product_cat-enfermagem","7":"product_cat-saude","9":"first","10":"instock","11":"downloadable","12":"virtual","13":"purchasable","14":"product-type-simple"},"yoast_head":"<!-- This site is optimized with the Yoast SEO plugin v27.4 - https:\/\/yoast.com\/product\/yoast-seo-wordpress\/ -->\n<title>MAPA SA\u00daDE - SA\u00daDE COLETIVA 52\/2023<\/title>\n<meta name=\"description\" content=\"Unicesumar &#8902; Atividade MAPA SA\u00daDE - SA\u00daDE COLETIVA 52\/2023 Lei n\u00ba 8.142\/90, Art. 198 Constitui\u00e7\u00e3o Federal, princ\u00edpios doutrin\u00e1rios e organizativos do SUS.\" \/>\n<meta name=\"robots\" content=\"index, follow, max-snippet:-1, max-image-preview:large, max-video-preview:-1\" \/>\n<link rel=\"canonical\" href=\"https:\/\/atividademapa.com\/?product=mapa-saude-saude-coletiva-52-2023\" \/>\n<meta property=\"og:locale\" content=\"pt_BR\" \/>\n<meta property=\"og:type\" content=\"article\" \/>\n<meta property=\"og:title\" content=\"MAPA SA\u00daDE - SA\u00daDE COLETIVA 52\/2023\" \/>\n<meta property=\"og:description\" content=\"Unicesumar &#8902; Atividade MAPA SA\u00daDE - SA\u00daDE COLETIVA 52\/2023 Lei n\u00ba 8.142\/90, Art. 198 Constitui\u00e7\u00e3o Federal, princ\u00edpios doutrin\u00e1rios e organizativos do SUS.\" \/>\n<meta property=\"og:url\" content=\"https:\/\/atividademapa.com\/?product=mapa-saude-saude-coletiva-52-2023\" \/>\n<meta property=\"og:site_name\" content=\"Atividade Mapa\" \/>\n<meta property=\"article:modified_time\" content=\"2023-07-17T12:30:43+00:00\" \/>\n<meta property=\"og:image\" content=\"https:\/\/i0.wp.com\/atividademapa.com\/wp-content\/uploads\/2023\/03\/Atividade-M.A.P.A-3.png?fit=300%2C300&ssl=1\" \/>\n\t<meta property=\"og:image:width\" content=\"300\" \/>\n\t<meta property=\"og:image:height\" content=\"300\" \/>\n\t<meta property=\"og:image:type\" content=\"image\/png\" \/>\n<meta name=\"twitter:card\" content=\"summary_large_image\" \/>\n<meta name=\"twitter:label1\" content=\"Est. tempo de leitura\" \/>\n\t<meta name=\"twitter:data1\" content=\"3 minutos\" \/>\n<script type=\"application\/ld+json\" class=\"yoast-schema-graph\">{\"@context\":\"https:\\\/\\\/schema.org\",\"@graph\":[{\"@type\":\"WebPage\",\"@id\":\"https:\\\/\\\/atividademapa.com\\\/?product=mapa-saude-saude-coletiva-52-2023\",\"url\":\"https:\\\/\\\/atividademapa.com\\\/?product=mapa-saude-saude-coletiva-52-2023\",\"name\":\"MAPA SA\u00daDE - SA\u00daDE COLETIVA 52\\\/2023\",\"isPartOf\":{\"@id\":\"https:\\\/\\\/atividademapa.com\\\/#website\"},\"primaryImageOfPage\":{\"@id\":\"https:\\\/\\\/atividademapa.com\\\/?product=mapa-saude-saude-coletiva-52-2023#primaryimage\"},\"image\":{\"@id\":\"https:\\\/\\\/atividademapa.com\\\/?product=mapa-saude-saude-coletiva-52-2023#primaryimage\"},\"thumbnailUrl\":\"https:\\\/\\\/i0.wp.com\\\/atividademapa.com\\\/wp-content\\\/uploads\\\/2023\\\/03\\\/Atividade-M.A.P.A-3.png?fit=300%2C300&ssl=1\",\"datePublished\":\"2023-06-22T22:18:38+00:00\",\"dateModified\":\"2023-07-17T12:30:43+00:00\",\"description\":\"Unicesumar &#8902; Atividade MAPA SA\u00daDE - SA\u00daDE COLETIVA 52\\\/2023 Lei n\u00ba 8.142\\\/90, Art. 198 Constitui\u00e7\u00e3o Federal, princ\u00edpios doutrin\u00e1rios e organizativos do SUS.\",\"breadcrumb\":{\"@id\":\"https:\\\/\\\/atividademapa.com\\\/?product=mapa-saude-saude-coletiva-52-2023#breadcrumb\"},\"inLanguage\":\"pt-BR\",\"potentialAction\":[{\"@type\":\"ReadAction\",\"target\":[\"https:\\\/\\\/atividademapa.com\\\/?product=mapa-saude-saude-coletiva-52-2023\"]}]},{\"@type\":\"ImageObject\",\"inLanguage\":\"pt-BR\",\"@id\":\"https:\\\/\\\/atividademapa.com\\\/?product=mapa-saude-saude-coletiva-52-2023#primaryimage\",\"url\":\"https:\\\/\\\/i0.wp.com\\\/atividademapa.com\\\/wp-content\\\/uploads\\\/2023\\\/03\\\/Atividade-M.A.P.A-3.png?fit=300%2C300&ssl=1\",\"contentUrl\":\"https:\\\/\\\/i0.wp.com\\\/atividademapa.com\\\/wp-content\\\/uploads\\\/2023\\\/03\\\/Atividade-M.A.P.A-3.png?fit=300%2C300&ssl=1\",\"width\":300,\"height\":300,\"caption\":\"Mapa Unicesumar Atividade\"},{\"@type\":\"BreadcrumbList\",\"@id\":\"https:\\\/\\\/atividademapa.com\\\/?product=mapa-saude-saude-coletiva-52-2023#breadcrumb\",\"itemListElement\":[{\"@type\":\"ListItem\",\"position\":1,\"name\":\"In\u00edcio\",\"item\":\"https:\\\/\\\/atividademapa.com\\\/\"},{\"@type\":\"ListItem\",\"position\":2,\"name\":\"MAPAS\",\"item\":\"https:\\\/\\\/atividademapa.com\\\/?page_id=5\"},{\"@type\":\"ListItem\",\"position\":3,\"name\":\"MAPA SA\u00daDE &#8211; SA\u00daDE COLETIVA 52\\\/2023\"}]},{\"@type\":\"WebSite\",\"@id\":\"https:\\\/\\\/atividademapa.com\\\/#website\",\"url\":\"https:\\\/\\\/atividademapa.com\\\/\",\"name\":\"Atividade Mapa\",\"description\":\"StudeO | Unicesumar\",\"publisher\":{\"@id\":\"https:\\\/\\\/atividademapa.com\\\/#organization\"},\"potentialAction\":[{\"@type\":\"SearchAction\",\"target\":{\"@type\":\"EntryPoint\",\"urlTemplate\":\"https:\\\/\\\/atividademapa.com\\\/?s={search_term_string}\"},\"query-input\":{\"@type\":\"PropertyValueSpecification\",\"valueRequired\":true,\"valueName\":\"search_term_string\"}}],\"inLanguage\":\"pt-BR\"},{\"@type\":\"Organization\",\"@id\":\"https:\\\/\\\/atividademapa.com\\\/#organization\",\"name\":\"Atividade MAPA\",\"url\":\"https:\\\/\\\/atividademapa.com\\\/\",\"logo\":{\"@type\":\"ImageObject\",\"inLanguage\":\"pt-BR\",\"@id\":\"https:\\\/\\\/atividademapa.com\\\/#\\\/schema\\\/logo\\\/image\\\/\",\"url\":\"https:\\\/\\\/i0.wp.com\\\/atividademapa.com\\\/wp-content\\\/uploads\\\/2023\\\/02\\\/ATIVIDADE.png?fit=600%2C300&ssl=1\",\"contentUrl\":\"https:\\\/\\\/i0.wp.com\\\/atividademapa.com\\\/wp-content\\\/uploads\\\/2023\\\/02\\\/ATIVIDADE.png?fit=600%2C300&ssl=1\",\"width\":600,\"height\":300,\"caption\":\"Atividade MAPA\"},\"image\":{\"@id\":\"https:\\\/\\\/atividademapa.com\\\/#\\\/schema\\\/logo\\\/image\\\/\"}}]}<\/script>\n<!-- \/ Yoast SEO plugin. -->","yoast_head_json":{"title":"MAPA SA\u00daDE - SA\u00daDE COLETIVA 52\/2023","description":"Unicesumar &#8902; Atividade MAPA SA\u00daDE - SA\u00daDE COLETIVA 52\/2023 Lei n\u00ba 8.142\/90, Art. 198 Constitui\u00e7\u00e3o Federal, princ\u00edpios doutrin\u00e1rios e organizativos do SUS.","robots":{"index":"index","follow":"follow","max-snippet":"max-snippet:-1","max-image-preview":"max-image-preview:large","max-video-preview":"max-video-preview:-1"},"canonical":"https:\/\/atividademapa.com\/?product=mapa-saude-saude-coletiva-52-2023","og_locale":"pt_BR","og_type":"article","og_title":"MAPA SA\u00daDE - SA\u00daDE COLETIVA 52\/2023","og_description":"Unicesumar &#8902; Atividade MAPA SA\u00daDE - SA\u00daDE COLETIVA 52\/2023 Lei n\u00ba 8.142\/90, Art. 198 Constitui\u00e7\u00e3o Federal, princ\u00edpios doutrin\u00e1rios e organizativos do SUS.","og_url":"https:\/\/atividademapa.com\/?product=mapa-saude-saude-coletiva-52-2023","og_site_name":"Atividade Mapa","article_modified_time":"2023-07-17T12:30:43+00:00","og_image":[{"width":300,"height":300,"url":"https:\/\/i0.wp.com\/atividademapa.com\/wp-content\/uploads\/2023\/03\/Atividade-M.A.P.A-3.png?fit=300%2C300&ssl=1","type":"image\/png"}],"twitter_card":"summary_large_image","twitter_misc":{"Est. tempo de leitura":"3 minutos"},"schema":{"@context":"https:\/\/schema.org","@graph":[{"@type":"WebPage","@id":"https:\/\/atividademapa.com\/?product=mapa-saude-saude-coletiva-52-2023","url":"https:\/\/atividademapa.com\/?product=mapa-saude-saude-coletiva-52-2023","name":"MAPA SA\u00daDE - SA\u00daDE COLETIVA 52\/2023","isPartOf":{"@id":"https:\/\/atividademapa.com\/#website"},"primaryImageOfPage":{"@id":"https:\/\/atividademapa.com\/?product=mapa-saude-saude-coletiva-52-2023#primaryimage"},"image":{"@id":"https:\/\/atividademapa.com\/?product=mapa-saude-saude-coletiva-52-2023#primaryimage"},"thumbnailUrl":"https:\/\/i0.wp.com\/atividademapa.com\/wp-content\/uploads\/2023\/03\/Atividade-M.A.P.A-3.png?fit=300%2C300&ssl=1","datePublished":"2023-06-22T22:18:38+00:00","dateModified":"2023-07-17T12:30:43+00:00","description":"Unicesumar &#8902; Atividade MAPA SA\u00daDE - SA\u00daDE COLETIVA 52\/2023 Lei n\u00ba 8.142\/90, Art. 198 Constitui\u00e7\u00e3o Federal, princ\u00edpios doutrin\u00e1rios e organizativos do SUS.","breadcrumb":{"@id":"https:\/\/atividademapa.com\/?product=mapa-saude-saude-coletiva-52-2023#breadcrumb"},"inLanguage":"pt-BR","potentialAction":[{"@type":"ReadAction","target":["https:\/\/atividademapa.com\/?product=mapa-saude-saude-coletiva-52-2023"]}]},{"@type":"ImageObject","inLanguage":"pt-BR","@id":"https:\/\/atividademapa.com\/?product=mapa-saude-saude-coletiva-52-2023#primaryimage","url":"https:\/\/i0.wp.com\/atividademapa.com\/wp-content\/uploads\/2023\/03\/Atividade-M.A.P.A-3.png?fit=300%2C300&ssl=1","contentUrl":"https:\/\/i0.wp.com\/atividademapa.com\/wp-content\/uploads\/2023\/03\/Atividade-M.A.P.A-3.png?fit=300%2C300&ssl=1","width":300,"height":300,"caption":"Mapa Unicesumar Atividade"},{"@type":"BreadcrumbList","@id":"https:\/\/atividademapa.com\/?product=mapa-saude-saude-coletiva-52-2023#breadcrumb","itemListElement":[{"@type":"ListItem","position":1,"name":"In\u00edcio","item":"https:\/\/atividademapa.com\/"},{"@type":"ListItem","position":2,"name":"MAPAS","item":"https:\/\/atividademapa.com\/?page_id=5"},{"@type":"ListItem","position":3,"name":"MAPA SA\u00daDE &#8211; SA\u00daDE COLETIVA 52\/2023"}]},{"@type":"WebSite","@id":"https:\/\/atividademapa.com\/#website","url":"https:\/\/atividademapa.com\/","name":"Atividade Mapa","description":"StudeO | Unicesumar","publisher":{"@id":"https:\/\/atividademapa.com\/#organization"},"potentialAction":[{"@type":"SearchAction","target":{"@type":"EntryPoint","urlTemplate":"https:\/\/atividademapa.com\/?s={search_term_string}"},"query-input":{"@type":"PropertyValueSpecification","valueRequired":true,"valueName":"search_term_string"}}],"inLanguage":"pt-BR"},{"@type":"Organization","@id":"https:\/\/atividademapa.com\/#organization","name":"Atividade MAPA","url":"https:\/\/atividademapa.com\/","logo":{"@type":"ImageObject","inLanguage":"pt-BR","@id":"https:\/\/atividademapa.com\/#\/schema\/logo\/image\/","url":"https:\/\/i0.wp.com\/atividademapa.com\/wp-content\/uploads\/2023\/02\/ATIVIDADE.png?fit=600%2C300&ssl=1","contentUrl":"https:\/\/i0.wp.com\/atividademapa.com\/wp-content\/uploads\/2023\/02\/ATIVIDADE.png?fit=600%2C300&ssl=1","width":600,"height":300,"caption":"Atividade MAPA"},"image":{"@id":"https:\/\/atividademapa.com\/#\/schema\/logo\/image\/"}}]}},"_links":{"self":[{"href":"https:\/\/atividademapa.com\/index.php?rest_route=\/wp\/v2\/product\/2576","targetHints":{"allow":["GET"]}}],"collection":[{"href":"https:\/\/atividademapa.com\/index.php?rest_route=\/wp\/v2\/product"}],"about":[{"href":"https:\/\/atividademapa.com\/index.php?rest_route=\/wp\/v2\/types\/product"}],"version-history":[{"count":3,"href":"https:\/\/atividademapa.com\/index.php?rest_route=\/wp\/v2\/product\/2576\/revisions"}],"predecessor-version":[{"id":2580,"href":"https:\/\/atividademapa.com\/index.php?rest_route=\/wp\/v2\/product\/2576\/revisions\/2580"}],"wp:featuredmedia":[{"embeddable":true,"href":"https:\/\/atividademapa.com\/index.php?rest_route=\/wp\/v2\/media\/2326"}],"wp:attachment":[{"href":"https:\/\/atividademapa.com\/index.php?rest_route=%2Fwp%2Fv2%2Fmedia&parent=2576"}],"wp:term":[{"taxonomy":"product_brand","embeddable":true,"href":"https:\/\/atividademapa.com\/index.php?rest_route=%2Fwp%2Fv2%2Fproduct_brand&post=2576"},{"taxonomy":"product_cat","embeddable":true,"href":"https:\/\/atividademapa.com\/index.php?rest_route=%2Fwp%2Fv2%2Fproduct_cat&post=2576"},{"taxonomy":"product_tag","embeddable":true,"href":"https:\/\/atividademapa.com\/index.php?rest_route=%2Fwp%2Fv2%2Fproduct_tag&post=2576"}],"curies":[{"name":"wp","href":"https:\/\/api.w.org\/{rel}","templated":true}]}}