{"id":2595,"date":"2023-07-01T23:58:31","date_gmt":"2023-07-02T02:58:31","guid":{"rendered":"https:\/\/atividademapa.com\/?post_type=product&#038;p=2595"},"modified":"2023-07-01T23:58:32","modified_gmt":"2023-07-02T02:58:32","slug":"mapa-ccont-controladoria-52-2023","status":"publish","type":"product","link":"https:\/\/atividademapa.com\/?product=mapa-ccont-controladoria-52-2023","title":{"rendered":"MAPA CCONT CONTROLADORIA 52\/2023"},"content":{"rendered":"<p>MAPA CCONT CONTROLADORIA 52\/2023 &#8211; Industria Algo Novo<\/p>\n<p>Ol\u00e1, acad\u00eamico(a)! A atividade proposta corresponde ao Material de Avalia\u00e7\u00e3o Pr\u00e1tica de Aprendizagem- MAPA.<\/p>\n<p>OR\u00c7AMENTO DE PRODU\u00c7\u00c3O E DE CUSTOS<\/p>\n<p>O or\u00e7amento de produ\u00e7\u00e3o e de custos programa todas as necessidades de produ\u00e7\u00e3o (mat\u00e9ria-prima e custos indiretos) visando garantir que o volume or\u00e7ado de vendas corresponda ao volume de produtos acabados no estoque.<\/p>\n<p>O or\u00e7amento de produ\u00e7\u00e3o \u00e9 uma das fases do or\u00e7amento final de uma empresa. Ele se concentra nas unidades produzidas pela empresa. Esse tipo de or\u00e7amento se traduz em v\u00e1rios benef\u00edcios para a empresa.<\/p>\n<p>Para come\u00e7ar, se os or\u00e7amentos de vendas (Qtde) e produ\u00e7\u00e3o (Qtde) forem executados corretamente, a empresa poder\u00e1 atender \u00e0 demanda por produtos do mercado, gerando receita. Por outro lado, como esse or\u00e7amento inclui uma estimativa das unidades que voc\u00ea deseja manter no estoque, a empresa sempre ter\u00e1 mercadorias dispon\u00edveis, caso o processo de fabrica\u00e7\u00e3o sofra algum inconveniente.<\/p>\n<p>O or\u00e7amento de produ\u00e7\u00e3o faz parte do or\u00e7amento operacional e consiste em uma tabela que mostra uma estimativa do n\u00famero de unidades que devem ser produzidas por uma empresa para atender \u00e0 demanda de vendas e ao estoque final em um determinado per\u00edodo de tempo. Esse tipo de or\u00e7amento \u00e9 realizado apenas por empresas de manufatura.<\/p>\n<p>O or\u00e7amento operacional e o or\u00e7amento de produ\u00e7\u00e3o: o or\u00e7amento de produ\u00e7\u00e3o (Qtde) \u00e9 um plano financeiro usado pelos fabricantes para obter uma estimativa da quantidade de produtos que devem ser criados. O or\u00e7amento de produ\u00e7\u00e3o \u00e9 apenas uma fase do or\u00e7amento operacional. Este \u00faltimo mostra as atividades que geram renda para uma determinada empresa, como vendas, produ\u00e7\u00e3o e as unidades que est\u00e3o no estoque final.<\/p>\n<p>Etapa do or\u00e7amento de pr\u00e9-produ\u00e7\u00e3o<br \/>\nAntes de come\u00e7ar a desenvolver o or\u00e7amento de produ\u00e7\u00e3o, \u00e9 necess\u00e1rio fazer o or\u00e7amento de vendas (Qtde), que constitui a primeira etapa do or\u00e7amento operacional. O or\u00e7amento de vendas \u00e9 o relat\u00f3rio sobre a quantidade de produtos que devem ser vendidos em um ano.<\/p>\n<p>Or\u00e7amento de produ\u00e7\u00e3o<br \/>\nAp\u00f3s o desenvolvimento do or\u00e7amento de vendas (Qtde), prosseguimos com o or\u00e7amento de produ\u00e7\u00e3o. Isso mostra quantas unidades de um determinado produto a empresa deve produzir para atender \u00e0s demandas da venda, bem como \u00e0s demandas do estoque final da empresa.<\/p>\n<p>Nesse sentido, o or\u00e7amento de produ\u00e7\u00e3o \u00e9 baseado em dois aspectos principais: o primeiro \u00e9 o estoque e o segundo \u00e9 a meta de vendas que a empresa define. \u00c9 importante observar que apenas as empresas de manufatura fazem or\u00e7amentos de produ\u00e7\u00e3o. O or\u00e7amento de produ\u00e7\u00e3o depende diretamente do or\u00e7amento de vendas, pois este indica uma estimativa das quantidades a serem vendidas em um determinado per\u00edodo.<\/p>\n<p>Partes do or\u00e7amento de produ\u00e7\u00e3o<br \/>\nO or\u00e7amento de produ\u00e7\u00e3o consiste em tr\u00eas partes:<br \/>\na) Or\u00e7amento de aquisi\u00e7\u00e3o de mat\u00e9ria-prima.<br \/>\nb) Or\u00e7amento de m\u00e3o de obra, que mostra o custo da m\u00e3o de obra e o tempo necess\u00e1rio para fabricar as unidades necess\u00e1rias para atender \u00e0 demanda.<br \/>\nc) Or\u00e7amento geral.<\/p>\n<p>Obs.: antes de efetuar o or\u00e7amento (em valores monet\u00e1rios R$) \u00e9 necess\u00e1rio calcular as quantidades mensais produzidas (or\u00e7amento de vendas em (Qtde)) e o or\u00e7amento de produ\u00e7\u00e3o em (Qtde).<\/p>\n<p>Fonte: adaptado de: https:\/\/maestrovirtuale.com\/orcamento-de-producao-o-que-e-como-e-feito-e-exemplos. Acesso em: 10 mar. 2023.<\/p>\n<p>PERGUNTA:<br \/>\nSegundo o texto e destacando especificamente a import\u00e2ncia do or\u00e7amento de produ\u00e7\u00e3o e de custos, voc\u00ea deve acessar o endere\u00e7o:<\/p>\n<blockquote class=\"wp-embedded-content\" data-secret=\"1TnLQSPKsR\"><p><a href=\"https:\/\/maestrovirtuale.com\/orcamento-de-producao-o-que-e-como-e-feito-e-exemplos\/\">Or\u00e7amento de produ\u00e7\u00e3o: o que \u00e9, como \u00e9 feito e exemplos<\/a><\/p><\/blockquote>\n<p><iframe loading=\"lazy\" class=\"wp-embedded-content\" sandbox=\"allow-scripts\" security=\"restricted\" style=\"position: absolute; clip: rect(1px, 1px, 1px, 1px);\" title=\"&#8220;Or\u00e7amento de produ\u00e7\u00e3o: o que \u00e9, como \u00e9 feito e exemplos&#8221; &#8212; Maestrovirtuale.com\" src=\"https:\/\/maestrovirtuale.com\/orcamento-de-producao-o-que-e-como-e-feito-e-exemplos\/embed\/#?secret=wB6OwYcf2D#?secret=1TnLQSPKsR\" data-secret=\"1TnLQSPKsR\" width=\"500\" height=\"282\" frameborder=\"0\" marginwidth=\"0\" marginheight=\"0\" scrolling=\"no\"><\/iframe><\/p>\n<p>Ler, analisar e consultar a Unidade 3, a partir da p. 83 do nosso livro, e resolver o exerc\u00edcio a seguir, respondendo as seguintes quest\u00f5es:<\/p>\n<p>1) Preencher o quadro de or\u00e7amento de produ\u00e7\u00e3o, com seus respectivos valores em quantidade m\u00eas a m\u00eas e no total do primeiro semestre.<br \/>\n2) Preencher o quadro or\u00e7amento de custos, com os seus devidos valores em reais e responder qual ser\u00e1 o valor do or\u00e7amento de custos: mensal e semestral da Ind\u00fastria Algo Novo.<\/p>\n<p>Exerc\u00edcio:<br \/>\nA Ind\u00fastria Algo Novo or\u00e7ou (or\u00e7amento de produ\u00e7\u00e3o) o seguinte volume de vendas (Qtde) no primeiro semestre de 2023:<\/p>\n<p>Janeiro: 2.000 unidades.<br \/>\nFevereiro: 1.500 unidades.<br \/>\nMar\u00e7o: 2.000 unidades.<br \/>\nAbril: 2.100 unidades.<br \/>\nMaio: 2.100 unidades.<br \/>\nJunho: 2.200 unidades.<\/p>\n<p>A ind\u00fastria tamb\u00e9m estimou o pre\u00e7o de venda unit\u00e1rio em R$ 20,00 no primeiro semestre de 2023.<br \/>\nA ind\u00fastria decidiu, ainda, por estimativa, or\u00e7ar um saldo inicial de 300 unidades no estoque em janeiro de 2023, e tem a pol\u00edtica de manter um estoque correspondendo a 10% da demanda de venda (se ela pretende vender 2.000 unidades em janeiro, mant\u00e9m saldo final de estoque de 200 unidades no mesmo m\u00eas).<\/p>\n<p>Or\u00e7amento\/Plano de Produ\u00e7\u00e3o (em unidades)<br \/>\nPrimeiro Semestre 2023<br \/>\nM\u00caS QUANTIDADE EM ESTOQUE QUANTIDADE<br \/>\nPRODUZIDA QUANTIDADE<br \/>\nVENDIDA SALDO FINAL NO ESTOQUE<br \/>\nJaneiro 300 2.000<br \/>\nFevereiro<br \/>\nMar\u00e7o<br \/>\nAbril<br \/>\nMaio<br \/>\nJunho<br \/>\nTotal Jan 2023 300<\/p>\n<p>A ind\u00fastria, precisa ainda efetuar os or\u00e7amentos de custos, no primeiro semestre de 2023. Com base nos estudos do desempenho da ind\u00fastria, foi conclu\u00eddo que, em 2023: os custos unit\u00e1rios or\u00e7ados para o produto s\u00e3o de R$ 6,50 (R$ 1,50 de m\u00e3o de obra, R$ 3,50 de materiais e R$ 1,50 de custos indiretos), portanto, qual ser\u00e1 o valor do or\u00e7amento de custos: mensal e semestral da Ind\u00fastria Algo Novo?<\/p>\n<p>Or\u00e7amento de Custos \u2013 Primeiro Semestre 2023<br \/>\nM\u00caS VALOR OR\u00c7ADO<br \/>\nJaneiro<br \/>\nFevereiro<br \/>\nMar\u00e7o<br \/>\nAbril<br \/>\nMaio<br \/>\nJunho<br \/>\nTotal 2023<\/p>\n<p>&nbsp;<\/p>\n","protected":false},"excerpt":{"rendered":"<p>MAPA CCONT CONTROLADORIA 52\/2023 &#8211; Industria Algo Novo Ol\u00e1, acad\u00eamico(a)! A atividade proposta corresponde ao Material de Avalia\u00e7\u00e3o Pr\u00e1tica de<\/p>\n","protected":false},"featured_media":2326,"template":"","meta":{"_monsterinsights_skip_tracking":false,"_monsterinsights_sitenote_active":false,"_monsterinsights_sitenote_note":"","_monsterinsights_sitenote_category":0},"product_brand":[],"product_cat":[46],"product_tag":[],"class_list":{"0":"post-2595","1":"product","2":"type-product","3":"status-publish","4":"has-post-thumbnail","6":"product_cat-ciencias-contabeis","8":"first","9":"instock","10":"downloadable","11":"virtual","12":"purchasable","13":"product-type-simple"},"yoast_head":"<!-- This site is optimized with the Yoast SEO plugin v27.4 - https:\/\/yoast.com\/product\/yoast-seo-wordpress\/ -->\n<title>MAPA CCONT CONTROLADORIA 52\/2023<\/title>\n<meta name=\"description\" content=\"Unicesumar &#8902; Atividade MAPA CCONT CONTROLADORIA 52\/2023 - Industria Algo Novo Or\u00e7amentos de Custos\" \/>\n<meta name=\"robots\" content=\"index, follow, max-snippet:-1, max-image-preview:large, max-video-preview:-1\" \/>\n<link rel=\"canonical\" href=\"https:\/\/atividademapa.com\/?product=mapa-ccont-controladoria-52-2023\" \/>\n<meta property=\"og:locale\" content=\"pt_BR\" \/>\n<meta property=\"og:type\" content=\"article\" \/>\n<meta property=\"og:title\" content=\"MAPA CCONT CONTROLADORIA 52\/2023\" \/>\n<meta property=\"og:description\" content=\"Unicesumar &#8902; Atividade MAPA CCONT CONTROLADORIA 52\/2023 - Industria Algo Novo Or\u00e7amentos de Custos\" \/>\n<meta property=\"og:url\" content=\"https:\/\/atividademapa.com\/?product=mapa-ccont-controladoria-52-2023\" \/>\n<meta property=\"og:site_name\" content=\"Atividade Mapa\" \/>\n<meta property=\"article:modified_time\" content=\"2023-07-02T02:58:32+00:00\" \/>\n<meta property=\"og:image\" content=\"https:\/\/i0.wp.com\/atividademapa.com\/wp-content\/uploads\/2023\/03\/Atividade-M.A.P.A-3.png?fit=300%2C300&ssl=1\" \/>\n\t<meta property=\"og:image:width\" content=\"300\" \/>\n\t<meta property=\"og:image:height\" content=\"300\" \/>\n\t<meta property=\"og:image:type\" content=\"image\/png\" \/>\n<meta name=\"twitter:card\" content=\"summary_large_image\" \/>\n<meta name=\"twitter:label1\" content=\"Est. tempo de leitura\" \/>\n\t<meta name=\"twitter:data1\" content=\"5 minutos\" \/>\n<script type=\"application\/ld+json\" class=\"yoast-schema-graph\">{\"@context\":\"https:\\\/\\\/schema.org\",\"@graph\":[{\"@type\":\"WebPage\",\"@id\":\"https:\\\/\\\/atividademapa.com\\\/?product=mapa-ccont-controladoria-52-2023\",\"url\":\"https:\\\/\\\/atividademapa.com\\\/?product=mapa-ccont-controladoria-52-2023\",\"name\":\"MAPA CCONT CONTROLADORIA 52\\\/2023\",\"isPartOf\":{\"@id\":\"https:\\\/\\\/atividademapa.com\\\/#website\"},\"primaryImageOfPage\":{\"@id\":\"https:\\\/\\\/atividademapa.com\\\/?product=mapa-ccont-controladoria-52-2023#primaryimage\"},\"image\":{\"@id\":\"https:\\\/\\\/atividademapa.com\\\/?product=mapa-ccont-controladoria-52-2023#primaryimage\"},\"thumbnailUrl\":\"https:\\\/\\\/i0.wp.com\\\/atividademapa.com\\\/wp-content\\\/uploads\\\/2023\\\/03\\\/Atividade-M.A.P.A-3.png?fit=300%2C300&ssl=1\",\"datePublished\":\"2023-07-02T02:58:31+00:00\",\"dateModified\":\"2023-07-02T02:58:32+00:00\",\"description\":\"Unicesumar &#8902; Atividade MAPA CCONT CONTROLADORIA 52\\\/2023 - Industria Algo Novo Or\u00e7amentos de Custos\",\"breadcrumb\":{\"@id\":\"https:\\\/\\\/atividademapa.com\\\/?product=mapa-ccont-controladoria-52-2023#breadcrumb\"},\"inLanguage\":\"pt-BR\",\"potentialAction\":[{\"@type\":\"ReadAction\",\"target\":[\"https:\\\/\\\/atividademapa.com\\\/?product=mapa-ccont-controladoria-52-2023\"]}]},{\"@type\":\"ImageObject\",\"inLanguage\":\"pt-BR\",\"@id\":\"https:\\\/\\\/atividademapa.com\\\/?product=mapa-ccont-controladoria-52-2023#primaryimage\",\"url\":\"https:\\\/\\\/i0.wp.com\\\/atividademapa.com\\\/wp-content\\\/uploads\\\/2023\\\/03\\\/Atividade-M.A.P.A-3.png?fit=300%2C300&ssl=1\",\"contentUrl\":\"https:\\\/\\\/i0.wp.com\\\/atividademapa.com\\\/wp-content\\\/uploads\\\/2023\\\/03\\\/Atividade-M.A.P.A-3.png?fit=300%2C300&ssl=1\",\"width\":300,\"height\":300,\"caption\":\"Mapa Unicesumar Atividade\"},{\"@type\":\"BreadcrumbList\",\"@id\":\"https:\\\/\\\/atividademapa.com\\\/?product=mapa-ccont-controladoria-52-2023#breadcrumb\",\"itemListElement\":[{\"@type\":\"ListItem\",\"position\":1,\"name\":\"In\u00edcio\",\"item\":\"https:\\\/\\\/atividademapa.com\\\/\"},{\"@type\":\"ListItem\",\"position\":2,\"name\":\"MAPAS\",\"item\":\"https:\\\/\\\/atividademapa.com\\\/?page_id=5\"},{\"@type\":\"ListItem\",\"position\":3,\"name\":\"MAPA CCONT CONTROLADORIA 52\\\/2023\"}]},{\"@type\":\"WebSite\",\"@id\":\"https:\\\/\\\/atividademapa.com\\\/#website\",\"url\":\"https:\\\/\\\/atividademapa.com\\\/\",\"name\":\"Atividade Mapa\",\"description\":\"StudeO | Unicesumar\",\"publisher\":{\"@id\":\"https:\\\/\\\/atividademapa.com\\\/#organization\"},\"potentialAction\":[{\"@type\":\"SearchAction\",\"target\":{\"@type\":\"EntryPoint\",\"urlTemplate\":\"https:\\\/\\\/atividademapa.com\\\/?s={search_term_string}\"},\"query-input\":{\"@type\":\"PropertyValueSpecification\",\"valueRequired\":true,\"valueName\":\"search_term_string\"}}],\"inLanguage\":\"pt-BR\"},{\"@type\":\"Organization\",\"@id\":\"https:\\\/\\\/atividademapa.com\\\/#organization\",\"name\":\"Atividade MAPA\",\"url\":\"https:\\\/\\\/atividademapa.com\\\/\",\"logo\":{\"@type\":\"ImageObject\",\"inLanguage\":\"pt-BR\",\"@id\":\"https:\\\/\\\/atividademapa.com\\\/#\\\/schema\\\/logo\\\/image\\\/\",\"url\":\"https:\\\/\\\/i0.wp.com\\\/atividademapa.com\\\/wp-content\\\/uploads\\\/2023\\\/02\\\/ATIVIDADE.png?fit=600%2C300&ssl=1\",\"contentUrl\":\"https:\\\/\\\/i0.wp.com\\\/atividademapa.com\\\/wp-content\\\/uploads\\\/2023\\\/02\\\/ATIVIDADE.png?fit=600%2C300&ssl=1\",\"width\":600,\"height\":300,\"caption\":\"Atividade MAPA\"},\"image\":{\"@id\":\"https:\\\/\\\/atividademapa.com\\\/#\\\/schema\\\/logo\\\/image\\\/\"}}]}<\/script>\n<!-- \/ Yoast SEO plugin. -->","yoast_head_json":{"title":"MAPA CCONT CONTROLADORIA 52\/2023","description":"Unicesumar &#8902; Atividade MAPA CCONT CONTROLADORIA 52\/2023 - Industria Algo Novo Or\u00e7amentos de Custos","robots":{"index":"index","follow":"follow","max-snippet":"max-snippet:-1","max-image-preview":"max-image-preview:large","max-video-preview":"max-video-preview:-1"},"canonical":"https:\/\/atividademapa.com\/?product=mapa-ccont-controladoria-52-2023","og_locale":"pt_BR","og_type":"article","og_title":"MAPA CCONT CONTROLADORIA 52\/2023","og_description":"Unicesumar &#8902; Atividade MAPA CCONT CONTROLADORIA 52\/2023 - Industria Algo Novo Or\u00e7amentos de Custos","og_url":"https:\/\/atividademapa.com\/?product=mapa-ccont-controladoria-52-2023","og_site_name":"Atividade Mapa","article_modified_time":"2023-07-02T02:58:32+00:00","og_image":[{"width":300,"height":300,"url":"https:\/\/i0.wp.com\/atividademapa.com\/wp-content\/uploads\/2023\/03\/Atividade-M.A.P.A-3.png?fit=300%2C300&ssl=1","type":"image\/png"}],"twitter_card":"summary_large_image","twitter_misc":{"Est. tempo de leitura":"5 minutos"},"schema":{"@context":"https:\/\/schema.org","@graph":[{"@type":"WebPage","@id":"https:\/\/atividademapa.com\/?product=mapa-ccont-controladoria-52-2023","url":"https:\/\/atividademapa.com\/?product=mapa-ccont-controladoria-52-2023","name":"MAPA CCONT CONTROLADORIA 52\/2023","isPartOf":{"@id":"https:\/\/atividademapa.com\/#website"},"primaryImageOfPage":{"@id":"https:\/\/atividademapa.com\/?product=mapa-ccont-controladoria-52-2023#primaryimage"},"image":{"@id":"https:\/\/atividademapa.com\/?product=mapa-ccont-controladoria-52-2023#primaryimage"},"thumbnailUrl":"https:\/\/i0.wp.com\/atividademapa.com\/wp-content\/uploads\/2023\/03\/Atividade-M.A.P.A-3.png?fit=300%2C300&ssl=1","datePublished":"2023-07-02T02:58:31+00:00","dateModified":"2023-07-02T02:58:32+00:00","description":"Unicesumar &#8902; Atividade MAPA CCONT CONTROLADORIA 52\/2023 - Industria Algo Novo Or\u00e7amentos de Custos","breadcrumb":{"@id":"https:\/\/atividademapa.com\/?product=mapa-ccont-controladoria-52-2023#breadcrumb"},"inLanguage":"pt-BR","potentialAction":[{"@type":"ReadAction","target":["https:\/\/atividademapa.com\/?product=mapa-ccont-controladoria-52-2023"]}]},{"@type":"ImageObject","inLanguage":"pt-BR","@id":"https:\/\/atividademapa.com\/?product=mapa-ccont-controladoria-52-2023#primaryimage","url":"https:\/\/i0.wp.com\/atividademapa.com\/wp-content\/uploads\/2023\/03\/Atividade-M.A.P.A-3.png?fit=300%2C300&ssl=1","contentUrl":"https:\/\/i0.wp.com\/atividademapa.com\/wp-content\/uploads\/2023\/03\/Atividade-M.A.P.A-3.png?fit=300%2C300&ssl=1","width":300,"height":300,"caption":"Mapa Unicesumar Atividade"},{"@type":"BreadcrumbList","@id":"https:\/\/atividademapa.com\/?product=mapa-ccont-controladoria-52-2023#breadcrumb","itemListElement":[{"@type":"ListItem","position":1,"name":"In\u00edcio","item":"https:\/\/atividademapa.com\/"},{"@type":"ListItem","position":2,"name":"MAPAS","item":"https:\/\/atividademapa.com\/?page_id=5"},{"@type":"ListItem","position":3,"name":"MAPA CCONT CONTROLADORIA 52\/2023"}]},{"@type":"WebSite","@id":"https:\/\/atividademapa.com\/#website","url":"https:\/\/atividademapa.com\/","name":"Atividade Mapa","description":"StudeO | Unicesumar","publisher":{"@id":"https:\/\/atividademapa.com\/#organization"},"potentialAction":[{"@type":"SearchAction","target":{"@type":"EntryPoint","urlTemplate":"https:\/\/atividademapa.com\/?s={search_term_string}"},"query-input":{"@type":"PropertyValueSpecification","valueRequired":true,"valueName":"search_term_string"}}],"inLanguage":"pt-BR"},{"@type":"Organization","@id":"https:\/\/atividademapa.com\/#organization","name":"Atividade MAPA","url":"https:\/\/atividademapa.com\/","logo":{"@type":"ImageObject","inLanguage":"pt-BR","@id":"https:\/\/atividademapa.com\/#\/schema\/logo\/image\/","url":"https:\/\/i0.wp.com\/atividademapa.com\/wp-content\/uploads\/2023\/02\/ATIVIDADE.png?fit=600%2C300&ssl=1","contentUrl":"https:\/\/i0.wp.com\/atividademapa.com\/wp-content\/uploads\/2023\/02\/ATIVIDADE.png?fit=600%2C300&ssl=1","width":600,"height":300,"caption":"Atividade MAPA"},"image":{"@id":"https:\/\/atividademapa.com\/#\/schema\/logo\/image\/"}}]}},"_links":{"self":[{"href":"https:\/\/atividademapa.com\/index.php?rest_route=\/wp\/v2\/product\/2595","targetHints":{"allow":["GET"]}}],"collection":[{"href":"https:\/\/atividademapa.com\/index.php?rest_route=\/wp\/v2\/product"}],"about":[{"href":"https:\/\/atividademapa.com\/index.php?rest_route=\/wp\/v2\/types\/product"}],"version-history":[{"count":1,"href":"https:\/\/atividademapa.com\/index.php?rest_route=\/wp\/v2\/product\/2595\/revisions"}],"predecessor-version":[{"id":2597,"href":"https:\/\/atividademapa.com\/index.php?rest_route=\/wp\/v2\/product\/2595\/revisions\/2597"}],"wp:featuredmedia":[{"embeddable":true,"href":"https:\/\/atividademapa.com\/index.php?rest_route=\/wp\/v2\/media\/2326"}],"wp:attachment":[{"href":"https:\/\/atividademapa.com\/index.php?rest_route=%2Fwp%2Fv2%2Fmedia&parent=2595"}],"wp:term":[{"taxonomy":"product_brand","embeddable":true,"href":"https:\/\/atividademapa.com\/index.php?rest_route=%2Fwp%2Fv2%2Fproduct_brand&post=2595"},{"taxonomy":"product_cat","embeddable":true,"href":"https:\/\/atividademapa.com\/index.php?rest_route=%2Fwp%2Fv2%2Fproduct_cat&post=2595"},{"taxonomy":"product_tag","embeddable":true,"href":"https:\/\/atividademapa.com\/index.php?rest_route=%2Fwp%2Fv2%2Fproduct_tag&post=2595"}],"curies":[{"name":"wp","href":"https:\/\/api.w.org\/{rel}","templated":true}]}}