{"id":2662,"date":"2023-07-12T20:16:10","date_gmt":"2023-07-12T23:16:10","guid":{"rendered":"https:\/\/atividademapa.com\/?post_type=product&#038;p=2662"},"modified":"2023-07-17T09:45:16","modified_gmt":"2023-07-17T12:45:16","slug":"mapa-planejamento-urbano-e-meio-ambiente-52-2023","status":"publish","type":"product","link":"https:\/\/atividademapa.com\/?product=mapa-planejamento-urbano-e-meio-ambiente-52-2023","title":{"rendered":"MAPA Planejamento Urbano e Meio Ambiente 52\/2023"},"content":{"rendered":"<p>Planejamento Urbano e Meio Ambiente. A atividade proposta corresponde ao M.A.P.A., Material de Avalia\u00e7\u00e3o Pr\u00e1tica da Aprendizagem. O objetivo desta atividade \u00e9 que voc\u00ea se sinta imersivo em uma an\u00e1lise de imagem territorial que compreenda as normas ambientais e urban\u00edsticas que fazem parte do universo para um bom planejamento urbano e impactos no mercado imobili\u00e1rio.<\/p>\n<p>Texto 1<br \/>\nPLANEJAMENTO URBANO E MEIO AMBIENTE<\/p>\n<p>A humanidade sempre se concentrou em cidades? Que tal aprender o contexto de cuidados ao planejar e delimitar espa\u00e7os urbanos? Que tal aprender a fazer uma an\u00e1lise perante o zoneamento urbano e suas \u00e1reas de risco para a popula\u00e7\u00e3o? E para que servem as normas ambientais e urban\u00edsticas de planejamento urbano para prote\u00e7\u00e3o e minimiza\u00e7\u00e3o de risco da popula\u00e7\u00e3o? Vamos conhecer a import\u00e2ncia do zoneamento e desenvolvimento urbano, as necessidades de prote\u00e7\u00e3o ambiental e da divis\u00e3o para gerenciamento de risco e prote\u00e7\u00e3o da popula\u00e7\u00e3o.<\/p>\n<p>O conhecimento do planejamento urbano e ambiental \u00e9 fundamental para profissionais que atuam ou que desejam atuar, se aprofundar e obter a forma\u00e7\u00e3o acad\u00eamica necess\u00e1ria para laborar em mercado imobili\u00e1rio, bem como para garantir um futuro profissional com informa\u00e7\u00f5es relevantes para diagnosticar quest\u00f5es imobili\u00e1rias, tais como as condi\u00e7\u00f5es existentes no interior e exterior dos im\u00f3veis em uma cidade, os fatores de menor valoriza\u00e7\u00e3o, os setores que necessitam de melhor interven\u00e7\u00e3o de planejamento urbano para desenvolvimento local etc.<\/p>\n<p>Voc\u00ea j\u00e1 estudou e compreendeu a import\u00e2ncia da divis\u00e3o da cidade? J\u00e1 fez uma an\u00e1lise das quadras e lotes que cercam sua casa? J\u00e1 refletiu sobre o zoneamento urbano, suas divis\u00f5es em \u00e1reas residenciais, industriais etc.? Se j\u00e1 fez, certamente voc\u00ea teve a experi\u00eancia do pensamento para planejamento de uma cidade e como isso reflete junto ao contexto protetivo da popula\u00e7\u00e3o, influenciando no gerenciamento de \u00e1reas de risco, de polui\u00e7\u00e3o sonora, risco em atividades industriais e os impactos no mercado imobili\u00e1rio.<\/p>\n<p>Dimens\u00f5es do Planejamento Urbano<\/p>\n<p>Sobre a seguran\u00e7a p\u00fablica \u00e9 importante ressaltar que a maior atribui\u00e7\u00e3o desta ser\u00e1 de responsabilidade do Estado. Na esfera municipal as a\u00e7\u00f5es acabam sendo limitadas, tanto por verba quanto por corpo t\u00e9cnico. Por\u00e9m, o munic\u00edpio pode planejar sua infraestrutura e zoneamento urbano buscando inibir a criminalidade. Implantar legisla\u00e7\u00e3o que facilite a entrada de cursos t\u00e9cnicos e mesmo a forma\u00e7\u00e3o de uma educa\u00e7\u00e3o b\u00e1sica de qualidade funcionam como preven\u00e7\u00f5es ao aumento da criminalidade. O acesso \u00e0 cultura, ao lazer e ao esporte tamb\u00e9m ficam diretamente vinculados \u00e0 diminui\u00e7\u00e3o de criminalidade. Aspectos como uma boa ilumina\u00e7\u00e3o p\u00fablica, guarda municipal estrategicamente posicionada e o devido manejo das unidades de conserva\u00e7\u00e3o de parques p\u00fablicos tamb\u00e9m influenciam na seguran\u00e7a de uma cidade.<\/p>\n<p>Fonte: SAMPAIO, A. C. F. Planejamento Urbano e Meio Ambiente. Maring\u00e1: UniCesumar, 2020. p. 153.<\/p>\n<p>Texto 2<br \/>\nChuva de mela\u00e7o em Boston<\/p>\n<p>No dia 15 de janeiro de 1919, um acidente na cidade de Boston, nos Estados Unidos, ficou conhecido como o &#8220;Grande Dil\u00favio de Mela\u00e7o&#8221;. O acidente foi batizado ap\u00f3s um tanque de mela\u00e7o usado pela produtora de etanol Purity Distilling Company explodir a 15 metros de altura do ch\u00e3o. A empresa, focada em obter lucro, esqueceu de contratar engenheiros qualificados para confeccionar o projeto do tanque, que foi montado inadequadamente e testado poucas vezes. Como resultado, cerca de 150 pessoas ficaram feridas e outras 21 morreram esmagadas ou afogadas pelos detritos que escorriam pelas ruas.<\/p>\n<p>Fonte: adaptada de: https:\/\/www.megacurioso.com.br\/ciencia\/118576-6-dos-maiores-erros-de-engenharia-na-historia.htm. Acesso em: 27 fev. 2023.<\/p>\n<p>O nosso livro did\u00e1tico &#8220;Planejamento Urbano e Meio Ambiente&#8221;, juntamente \u00e0s aulas da disciplina e aos materiais extras poder\u00e3o lhe auxiliar na realiza\u00e7\u00e3o desta atividade.<\/p>\n<p>Mediante o conte\u00fado exposto, e com base nos conhecimentos adquiridos nas aulas da disciplina, aulas conceituais e livro de Planejamento Urbano e Meio Ambiente, nossa atividade MAPA consiste nas seguintes etapas:<\/p>\n<p>Parte 1) Considerando o Texto 1, descreva as dimens\u00f5es no contexto do Planejamento Urbano e comente sobre a defini\u00e7\u00e3o da Dimens\u00e3o Territorial.<\/p>\n<p>Parte 2) Considerando o Texto 2, o qual retrata a falta de responsabilidade dos gestores e dos planejadores da cidade, os quais colocaram em risco a vida e a sa\u00fade da popula\u00e7\u00e3o, descreva e comente sobre a Dimens\u00e3o Econ\u00f4mica no contexto da responsabilidade socioambiental para as empresas que se instalam nos munic\u00edpios.<\/p>\n<p>Parte 3) Elabore um texto dissertativo-argumentativo ressaltando a import\u00e2ncia do zoneamento urbano para o munic\u00edpio e seus habitantes, bem como para a valoriza\u00e7\u00e3o dos im\u00f3veis locais (nessa etapa, imagine que voc\u00ea j\u00e1 \u00e9 um gestor de neg\u00f3cios imobili\u00e1rios e que precisa compreender a import\u00e2ncia do zoneamento urbano e seus benef\u00edcios para a cidade).<\/p>\n<p>Realize uma Leitura cuidadosa do Livro da Disciplina, especialmente da Unidades 3.<\/p>\n<p>Aten\u00e7\u00e3o:<br \/>\n&#8211; Para ajudar voc\u00ea a responder esta atividade, foi gravado um v\u00eddeo de orienta\u00e7\u00e3o que est\u00e1 dispon\u00edvel na Sala do Caf\u00e9 ou no Material da Disciplina.<br \/>\n&#8211; A atividade deve ser respondida em um \u00fanico arquivo em formato Word, seguindo o modelo padr\u00e3o com os campos de respostas, o qual est\u00e1 anexado na pasta &#8220;Material da disciplina&#8221;.<br \/>\n&#8211; Argumente formalmente com suas pr\u00f3prias palavras. C\u00f3pias e cita\u00e7\u00f5es de outros autores n\u00e3o referenciados ser\u00e3o zeradas.<br \/>\n&#8211; Tenha cuidado para n\u00e3o anexar arquivos incorretos, pois n\u00e3o ser\u00e1 poss\u00edvel a corre\u00e7\u00e3o ou reenvio de arquivos ap\u00f3s a sua postagem.<\/p>\n<p>Bons estudos.<\/p>\n","protected":false},"excerpt":{"rendered":"<p>Planejamento Urbano e Meio Ambiente. A atividade proposta corresponde ao M.A.P.A., Material de Avalia\u00e7\u00e3o Pr\u00e1tica da Aprendizagem. O objetivo desta<\/p>\n","protected":false},"featured_media":2326,"template":"","meta":{"_monsterinsights_skip_tracking":false,"_monsterinsights_sitenote_active":false,"_monsterinsights_sitenote_note":"","_monsterinsights_sitenote_category":0},"product_brand":[],"product_cat":[56],"product_tag":[],"class_list":{"0":"post-2662","1":"product","2":"type-product","3":"status-publish","4":"has-post-thumbnail","6":"product_cat-negocios-imobiliarios","8":"first","9":"instock","10":"downloadable","11":"virtual","12":"purchasable","13":"product-type-simple"},"yoast_head":"<!-- This site is optimized with the Yoast SEO plugin v27.4 - https:\/\/yoast.com\/product\/yoast-seo-wordpress\/ -->\n<title>MAPA Planejamento Urbano e Meio Ambiente 52\/2023<\/title>\n<meta name=\"description\" content=\"Atividade MAPA Planejamento Urbano e Meio Ambiente 52\/2023 &#8902; Unicesumar. Baixe agora mesmo um Mapa Pronto resolvido!\" \/>\n<meta name=\"robots\" content=\"index, follow, max-snippet:-1, max-image-preview:large, max-video-preview:-1\" \/>\n<link rel=\"canonical\" href=\"https:\/\/atividademapa.com\/?product=mapa-planejamento-urbano-e-meio-ambiente-52-2023\" \/>\n<meta property=\"og:locale\" content=\"pt_BR\" \/>\n<meta property=\"og:type\" content=\"article\" \/>\n<meta property=\"og:title\" content=\"MAPA Planejamento Urbano e Meio Ambiente 52\/2023\" \/>\n<meta property=\"og:description\" content=\"Atividade MAPA Planejamento Urbano e Meio Ambiente 52\/2023 &#8902; Unicesumar. Baixe agora mesmo um Mapa Pronto resolvido!\" \/>\n<meta property=\"og:url\" content=\"https:\/\/atividademapa.com\/?product=mapa-planejamento-urbano-e-meio-ambiente-52-2023\" \/>\n<meta property=\"og:site_name\" content=\"Atividade Mapa\" \/>\n<meta property=\"article:modified_time\" content=\"2023-07-17T12:45:16+00:00\" \/>\n<meta property=\"og:image\" content=\"https:\/\/i0.wp.com\/atividademapa.com\/wp-content\/uploads\/2023\/03\/Atividade-M.A.P.A-3.png?fit=300%2C300&ssl=1\" \/>\n\t<meta property=\"og:image:width\" content=\"300\" \/>\n\t<meta property=\"og:image:height\" content=\"300\" \/>\n\t<meta property=\"og:image:type\" content=\"image\/png\" \/>\n<meta name=\"twitter:card\" content=\"summary_large_image\" \/>\n<meta name=\"twitter:label1\" content=\"Est. tempo de leitura\" \/>\n\t<meta name=\"twitter:data1\" content=\"5 minutos\" \/>\n<script type=\"application\/ld+json\" class=\"yoast-schema-graph\">{\"@context\":\"https:\\\/\\\/schema.org\",\"@graph\":[{\"@type\":\"WebPage\",\"@id\":\"https:\\\/\\\/atividademapa.com\\\/?product=mapa-planejamento-urbano-e-meio-ambiente-52-2023\",\"url\":\"https:\\\/\\\/atividademapa.com\\\/?product=mapa-planejamento-urbano-e-meio-ambiente-52-2023\",\"name\":\"MAPA Planejamento Urbano e Meio Ambiente 52\\\/2023\",\"isPartOf\":{\"@id\":\"https:\\\/\\\/atividademapa.com\\\/#website\"},\"primaryImageOfPage\":{\"@id\":\"https:\\\/\\\/atividademapa.com\\\/?product=mapa-planejamento-urbano-e-meio-ambiente-52-2023#primaryimage\"},\"image\":{\"@id\":\"https:\\\/\\\/atividademapa.com\\\/?product=mapa-planejamento-urbano-e-meio-ambiente-52-2023#primaryimage\"},\"thumbnailUrl\":\"https:\\\/\\\/i0.wp.com\\\/atividademapa.com\\\/wp-content\\\/uploads\\\/2023\\\/03\\\/Atividade-M.A.P.A-3.png?fit=300%2C300&ssl=1\",\"datePublished\":\"2023-07-12T23:16:10+00:00\",\"dateModified\":\"2023-07-17T12:45:16+00:00\",\"description\":\"Atividade MAPA Planejamento Urbano e Meio Ambiente 52\\\/2023 &#8902; Unicesumar. Baixe agora mesmo um Mapa Pronto resolvido!\",\"breadcrumb\":{\"@id\":\"https:\\\/\\\/atividademapa.com\\\/?product=mapa-planejamento-urbano-e-meio-ambiente-52-2023#breadcrumb\"},\"inLanguage\":\"pt-BR\",\"potentialAction\":[{\"@type\":\"ReadAction\",\"target\":[\"https:\\\/\\\/atividademapa.com\\\/?product=mapa-planejamento-urbano-e-meio-ambiente-52-2023\"]}]},{\"@type\":\"ImageObject\",\"inLanguage\":\"pt-BR\",\"@id\":\"https:\\\/\\\/atividademapa.com\\\/?product=mapa-planejamento-urbano-e-meio-ambiente-52-2023#primaryimage\",\"url\":\"https:\\\/\\\/i0.wp.com\\\/atividademapa.com\\\/wp-content\\\/uploads\\\/2023\\\/03\\\/Atividade-M.A.P.A-3.png?fit=300%2C300&ssl=1\",\"contentUrl\":\"https:\\\/\\\/i0.wp.com\\\/atividademapa.com\\\/wp-content\\\/uploads\\\/2023\\\/03\\\/Atividade-M.A.P.A-3.png?fit=300%2C300&ssl=1\",\"width\":300,\"height\":300,\"caption\":\"Mapa Unicesumar Atividade\"},{\"@type\":\"BreadcrumbList\",\"@id\":\"https:\\\/\\\/atividademapa.com\\\/?product=mapa-planejamento-urbano-e-meio-ambiente-52-2023#breadcrumb\",\"itemListElement\":[{\"@type\":\"ListItem\",\"position\":1,\"name\":\"In\u00edcio\",\"item\":\"https:\\\/\\\/atividademapa.com\\\/\"},{\"@type\":\"ListItem\",\"position\":2,\"name\":\"MAPAS\",\"item\":\"https:\\\/\\\/atividademapa.com\\\/?page_id=5\"},{\"@type\":\"ListItem\",\"position\":3,\"name\":\"MAPA Planejamento Urbano e Meio Ambiente 52\\\/2023\"}]},{\"@type\":\"WebSite\",\"@id\":\"https:\\\/\\\/atividademapa.com\\\/#website\",\"url\":\"https:\\\/\\\/atividademapa.com\\\/\",\"name\":\"Atividade Mapa\",\"description\":\"StudeO | Unicesumar\",\"publisher\":{\"@id\":\"https:\\\/\\\/atividademapa.com\\\/#organization\"},\"potentialAction\":[{\"@type\":\"SearchAction\",\"target\":{\"@type\":\"EntryPoint\",\"urlTemplate\":\"https:\\\/\\\/atividademapa.com\\\/?s={search_term_string}\"},\"query-input\":{\"@type\":\"PropertyValueSpecification\",\"valueRequired\":true,\"valueName\":\"search_term_string\"}}],\"inLanguage\":\"pt-BR\"},{\"@type\":\"Organization\",\"@id\":\"https:\\\/\\\/atividademapa.com\\\/#organization\",\"name\":\"Atividade MAPA\",\"url\":\"https:\\\/\\\/atividademapa.com\\\/\",\"logo\":{\"@type\":\"ImageObject\",\"inLanguage\":\"pt-BR\",\"@id\":\"https:\\\/\\\/atividademapa.com\\\/#\\\/schema\\\/logo\\\/image\\\/\",\"url\":\"https:\\\/\\\/i0.wp.com\\\/atividademapa.com\\\/wp-content\\\/uploads\\\/2023\\\/02\\\/ATIVIDADE.png?fit=600%2C300&ssl=1\",\"contentUrl\":\"https:\\\/\\\/i0.wp.com\\\/atividademapa.com\\\/wp-content\\\/uploads\\\/2023\\\/02\\\/ATIVIDADE.png?fit=600%2C300&ssl=1\",\"width\":600,\"height\":300,\"caption\":\"Atividade MAPA\"},\"image\":{\"@id\":\"https:\\\/\\\/atividademapa.com\\\/#\\\/schema\\\/logo\\\/image\\\/\"}}]}<\/script>\n<!-- \/ Yoast SEO plugin. -->","yoast_head_json":{"title":"MAPA Planejamento Urbano e Meio Ambiente 52\/2023","description":"Atividade MAPA Planejamento Urbano e Meio Ambiente 52\/2023 &#8902; Unicesumar. Baixe agora mesmo um Mapa Pronto resolvido!","robots":{"index":"index","follow":"follow","max-snippet":"max-snippet:-1","max-image-preview":"max-image-preview:large","max-video-preview":"max-video-preview:-1"},"canonical":"https:\/\/atividademapa.com\/?product=mapa-planejamento-urbano-e-meio-ambiente-52-2023","og_locale":"pt_BR","og_type":"article","og_title":"MAPA Planejamento Urbano e Meio Ambiente 52\/2023","og_description":"Atividade MAPA Planejamento Urbano e Meio Ambiente 52\/2023 &#8902; Unicesumar. Baixe agora mesmo um Mapa Pronto resolvido!","og_url":"https:\/\/atividademapa.com\/?product=mapa-planejamento-urbano-e-meio-ambiente-52-2023","og_site_name":"Atividade Mapa","article_modified_time":"2023-07-17T12:45:16+00:00","og_image":[{"width":300,"height":300,"url":"https:\/\/i0.wp.com\/atividademapa.com\/wp-content\/uploads\/2023\/03\/Atividade-M.A.P.A-3.png?fit=300%2C300&ssl=1","type":"image\/png"}],"twitter_card":"summary_large_image","twitter_misc":{"Est. tempo de leitura":"5 minutos"},"schema":{"@context":"https:\/\/schema.org","@graph":[{"@type":"WebPage","@id":"https:\/\/atividademapa.com\/?product=mapa-planejamento-urbano-e-meio-ambiente-52-2023","url":"https:\/\/atividademapa.com\/?product=mapa-planejamento-urbano-e-meio-ambiente-52-2023","name":"MAPA Planejamento Urbano e Meio Ambiente 52\/2023","isPartOf":{"@id":"https:\/\/atividademapa.com\/#website"},"primaryImageOfPage":{"@id":"https:\/\/atividademapa.com\/?product=mapa-planejamento-urbano-e-meio-ambiente-52-2023#primaryimage"},"image":{"@id":"https:\/\/atividademapa.com\/?product=mapa-planejamento-urbano-e-meio-ambiente-52-2023#primaryimage"},"thumbnailUrl":"https:\/\/i0.wp.com\/atividademapa.com\/wp-content\/uploads\/2023\/03\/Atividade-M.A.P.A-3.png?fit=300%2C300&ssl=1","datePublished":"2023-07-12T23:16:10+00:00","dateModified":"2023-07-17T12:45:16+00:00","description":"Atividade MAPA Planejamento Urbano e Meio Ambiente 52\/2023 &#8902; Unicesumar. Baixe agora mesmo um Mapa Pronto resolvido!","breadcrumb":{"@id":"https:\/\/atividademapa.com\/?product=mapa-planejamento-urbano-e-meio-ambiente-52-2023#breadcrumb"},"inLanguage":"pt-BR","potentialAction":[{"@type":"ReadAction","target":["https:\/\/atividademapa.com\/?product=mapa-planejamento-urbano-e-meio-ambiente-52-2023"]}]},{"@type":"ImageObject","inLanguage":"pt-BR","@id":"https:\/\/atividademapa.com\/?product=mapa-planejamento-urbano-e-meio-ambiente-52-2023#primaryimage","url":"https:\/\/i0.wp.com\/atividademapa.com\/wp-content\/uploads\/2023\/03\/Atividade-M.A.P.A-3.png?fit=300%2C300&ssl=1","contentUrl":"https:\/\/i0.wp.com\/atividademapa.com\/wp-content\/uploads\/2023\/03\/Atividade-M.A.P.A-3.png?fit=300%2C300&ssl=1","width":300,"height":300,"caption":"Mapa Unicesumar Atividade"},{"@type":"BreadcrumbList","@id":"https:\/\/atividademapa.com\/?product=mapa-planejamento-urbano-e-meio-ambiente-52-2023#breadcrumb","itemListElement":[{"@type":"ListItem","position":1,"name":"In\u00edcio","item":"https:\/\/atividademapa.com\/"},{"@type":"ListItem","position":2,"name":"MAPAS","item":"https:\/\/atividademapa.com\/?page_id=5"},{"@type":"ListItem","position":3,"name":"MAPA Planejamento Urbano e Meio Ambiente 52\/2023"}]},{"@type":"WebSite","@id":"https:\/\/atividademapa.com\/#website","url":"https:\/\/atividademapa.com\/","name":"Atividade Mapa","description":"StudeO | Unicesumar","publisher":{"@id":"https:\/\/atividademapa.com\/#organization"},"potentialAction":[{"@type":"SearchAction","target":{"@type":"EntryPoint","urlTemplate":"https:\/\/atividademapa.com\/?s={search_term_string}"},"query-input":{"@type":"PropertyValueSpecification","valueRequired":true,"valueName":"search_term_string"}}],"inLanguage":"pt-BR"},{"@type":"Organization","@id":"https:\/\/atividademapa.com\/#organization","name":"Atividade MAPA","url":"https:\/\/atividademapa.com\/","logo":{"@type":"ImageObject","inLanguage":"pt-BR","@id":"https:\/\/atividademapa.com\/#\/schema\/logo\/image\/","url":"https:\/\/i0.wp.com\/atividademapa.com\/wp-content\/uploads\/2023\/02\/ATIVIDADE.png?fit=600%2C300&ssl=1","contentUrl":"https:\/\/i0.wp.com\/atividademapa.com\/wp-content\/uploads\/2023\/02\/ATIVIDADE.png?fit=600%2C300&ssl=1","width":600,"height":300,"caption":"Atividade MAPA"},"image":{"@id":"https:\/\/atividademapa.com\/#\/schema\/logo\/image\/"}}]}},"_links":{"self":[{"href":"https:\/\/atividademapa.com\/index.php?rest_route=\/wp\/v2\/product\/2662","targetHints":{"allow":["GET"]}}],"collection":[{"href":"https:\/\/atividademapa.com\/index.php?rest_route=\/wp\/v2\/product"}],"about":[{"href":"https:\/\/atividademapa.com\/index.php?rest_route=\/wp\/v2\/types\/product"}],"version-history":[{"count":1,"href":"https:\/\/atividademapa.com\/index.php?rest_route=\/wp\/v2\/product\/2662\/revisions"}],"predecessor-version":[{"id":2664,"href":"https:\/\/atividademapa.com\/index.php?rest_route=\/wp\/v2\/product\/2662\/revisions\/2664"}],"wp:featuredmedia":[{"embeddable":true,"href":"https:\/\/atividademapa.com\/index.php?rest_route=\/wp\/v2\/media\/2326"}],"wp:attachment":[{"href":"https:\/\/atividademapa.com\/index.php?rest_route=%2Fwp%2Fv2%2Fmedia&parent=2662"}],"wp:term":[{"taxonomy":"product_brand","embeddable":true,"href":"https:\/\/atividademapa.com\/index.php?rest_route=%2Fwp%2Fv2%2Fproduct_brand&post=2662"},{"taxonomy":"product_cat","embeddable":true,"href":"https:\/\/atividademapa.com\/index.php?rest_route=%2Fwp%2Fv2%2Fproduct_cat&post=2662"},{"taxonomy":"product_tag","embeddable":true,"href":"https:\/\/atividademapa.com\/index.php?rest_route=%2Fwp%2Fv2%2Fproduct_tag&post=2662"}],"curies":[{"name":"wp","href":"https:\/\/api.w.org\/{rel}","templated":true}]}}