{"id":2665,"date":"2023-07-12T20:18:45","date_gmt":"2023-07-12T23:18:45","guid":{"rendered":"https:\/\/atividademapa.com\/?post_type=product&#038;p=2665"},"modified":"2023-07-12T20:19:14","modified_gmt":"2023-07-12T23:19:14","slug":"mapa-tecnologias-emergentes-em-ti-52-2023","status":"publish","type":"product","link":"https:\/\/atividademapa.com\/?product=mapa-tecnologias-emergentes-em-ti-52-2023","title":{"rendered":"MAPA Tecnologias Emergentes em TI 52\/2023"},"content":{"rendered":"<p>MAPA Tecnologias Emergentes em TI 52\/2023<\/p>\n<p>Com a Revolu\u00e7\u00e3o Industrial no in\u00edcio do s\u00e9culo XVIII, oportunizou-se ao homem um modelo mais eficiente de produ\u00e7\u00e3o com o desenvolvimento constante de m\u00e1quinas que conseguiam padronizar toda uma linha de produ\u00e7\u00e3o, trazendo mais desempenho para as f\u00e1bricas que j\u00e1 n\u00e3o mais dependiam somente da m\u00e3o de obra humana para toda a sua manufatura.<\/p>\n<p>De l\u00e1 pra c\u00e1, muita coisa mudou, o mundo se transformou, chegando aos dias de hoje na Revolu\u00e7\u00e3o Industrial 4.0. Essa nova etapa se caracteriza pela utiliza\u00e7\u00e3o de tecnologias avan\u00e7adas como a Intelig\u00eancia Artificial, Big Data, Rob\u00f3tica, Internet das Coisas, dentre outras, n\u00e3o s\u00f3 nas f\u00e1bricas, mas, tamb\u00e9m, em nosso dia a dia.<\/p>\n<p>A palavra rob\u00f3tica logo nos faz pensar em rob\u00f4s, n\u00e3o \u00e9 verdade? E \u00e9 bem por a\u00ed mesmo o conceito. Rob\u00f3tica \u00e9 o estudo sobre m\u00e1quinas f\u00edsicas aut\u00f4nomas capazes de se comportar de forma inteligente, receber ordens, executar tarefas, al\u00e9m de outros afazeres, gra\u00e7as \u00e0 alta capacidade de perceber, raciocinar e agir de acordo com cada situa\u00e7\u00e3o. A rob\u00f3tica est\u00e1 diretamente ligada com a Intelig\u00eancia Artificial e as Engenheiras Mec\u00e2nica, Eletr\u00f4nica, Mecatr\u00f4nica, dentre outras que envolvem algum tipo de projetos automatizados. O principal objetivo da rob\u00f3tica \u00e9 produzir rob\u00f4s, e a \u201crobotiza\u00e7\u00e3o\u201d teve sua expans\u00e3o no s\u00e9culo XX nas ind\u00fastrias, substituindo boa parte do trabalho oper\u00e1rio, reduzindo consideravelmente a margem de erros, fazendo a parte perigosa e repetitiva do trabalho que, antes, era feito de forma manual pelo ser humano.<\/p>\n<p>FEITOSA, Y. R. G. Tecnologias Emergentes em TI. Maring\u00e1: UniCesumar, 2018.<\/p>\n<p>&#8220;A rob\u00f3tica tem grande aplica\u00e7\u00e3o em diversas \u00e1reas desde a produ\u00e7\u00e3o industrial at\u00e9 atividades dom\u00e9sticas. Desde a Primeira Revolu\u00e7\u00e3o Industrial, rob\u00f4s e outros equipamentos s\u00e3o utilizados para aumentar a produtividade das empresas.<br \/>\nMas, ao contr\u00e1rio do que pensam, a rob\u00f3tica n\u00e3o existe apenas para uso de grandes empresas. Tarefas cotidianas como limpar a casa, por exemplo, se tornaram menos exaustivas com a ajuda de novas tecnologias e dispositivos que realizam atividades automatizadas&#8221;.<\/p>\n<p>Dispon\u00edvel em: https:\/\/www.portaldaindustria.com.br\/industria-de-a-z\/robotica\/#para-que-serve. Acesso em: 01 jun 2023.<\/p>\n<p>Bom, agora, vamos para a nossa atividade MAPA. Nesta tarefa, proponho:<\/p>\n<p>1. Realizar um estudo sobre a aplica\u00e7\u00e3o da rob\u00f3tica em diversas \u00e1reas. Nesta atividade, voc\u00ea deve apresentar uma aplica\u00e7\u00e3o para as \u00e1reas a seguir, trazendo um exemplo com sua fonte de pesquisa:<br \/>\na) Aplica\u00e7\u00e3o para a Ind\u00fastria.<br \/>\nb) Aplica\u00e7\u00e3o na Medicina.<br \/>\nc) Aplica\u00e7\u00e3o na Automa\u00e7\u00e3o Residencial.<\/p>\n<p>2) Leia o artigo \u201cImpactos da integra\u00e7\u00e3o entre a tecnologia RPA e sistemas ERP\u201d e realize uma an\u00e1lise cr\u00edtica (no m\u00ednimo, 10 e, no m\u00e1ximo, 15 linhas, utilizando as normas da ABNT) sobre o papel da Governan\u00e7a de TI e a implanta\u00e7\u00e3o do Processo da Automa\u00e7\u00e3o Rob\u00f3tica (RPA) nas empresas. Apresente as vantagens e as dificuldades dessa tecnologia. Link de acesso ao artigo: https:\/\/dspace.uniube.br:8080\/jspui\/handle\/123456789\/1809.<\/p>\n","protected":false},"excerpt":{"rendered":"<p>MAPA Tecnologias Emergentes em TI 52\/2023 Com a Revolu\u00e7\u00e3o Industrial no in\u00edcio do s\u00e9culo XVIII, oportunizou-se ao homem um modelo<\/p>\n","protected":false},"featured_media":2326,"template":"","meta":{"_monsterinsights_skip_tracking":false,"_monsterinsights_sitenote_active":false,"_monsterinsights_sitenote_note":"","_monsterinsights_sitenote_category":0},"product_brand":[],"product_cat":[62],"product_tag":[],"class_list":{"0":"post-2665","1":"product","2":"type-product","3":"status-publish","4":"has-post-thumbnail","6":"product_cat-ti","8":"first","9":"instock","10":"downloadable","11":"virtual","12":"purchasable","13":"product-type-simple"},"yoast_head":"<!-- This site is optimized with the Yoast SEO plugin v27.4 - https:\/\/yoast.com\/product\/yoast-seo-wordpress\/ -->\n<title>MAPA Tecnologias Emergentes em TI 52\/2023<\/title>\n<meta name=\"description\" content=\"Atividade MAPA Tecnologias Emergentes em TI 52\/2023 &#8902; Unicesumar. Baixe agora mesmo um Mapa Pronto resolvido!\" \/>\n<meta name=\"robots\" content=\"index, follow, max-snippet:-1, max-image-preview:large, max-video-preview:-1\" \/>\n<link rel=\"canonical\" href=\"https:\/\/atividademapa.com\/?product=mapa-tecnologias-emergentes-em-ti-52-2023\" \/>\n<meta property=\"og:locale\" content=\"pt_BR\" \/>\n<meta property=\"og:type\" content=\"article\" \/>\n<meta property=\"og:title\" content=\"MAPA Tecnologias Emergentes em TI 52\/2023\" \/>\n<meta property=\"og:description\" content=\"Atividade MAPA Tecnologias Emergentes em TI 52\/2023 &#8902; Unicesumar. Baixe agora mesmo um Mapa Pronto resolvido!\" \/>\n<meta property=\"og:url\" content=\"https:\/\/atividademapa.com\/?product=mapa-tecnologias-emergentes-em-ti-52-2023\" \/>\n<meta property=\"og:site_name\" content=\"Atividade Mapa\" \/>\n<meta property=\"article:modified_time\" content=\"2023-07-12T23:19:14+00:00\" \/>\n<meta property=\"og:image\" content=\"https:\/\/i0.wp.com\/atividademapa.com\/wp-content\/uploads\/2023\/03\/Atividade-M.A.P.A-3.png?fit=300%2C300&ssl=1\" \/>\n\t<meta property=\"og:image:width\" content=\"300\" \/>\n\t<meta property=\"og:image:height\" content=\"300\" \/>\n\t<meta property=\"og:image:type\" content=\"image\/png\" \/>\n<meta name=\"twitter:card\" content=\"summary_large_image\" \/>\n<meta name=\"twitter:label1\" content=\"Est. tempo de leitura\" \/>\n\t<meta name=\"twitter:data1\" content=\"3 minutos\" \/>\n<script type=\"application\/ld+json\" class=\"yoast-schema-graph\">{\"@context\":\"https:\\\/\\\/schema.org\",\"@graph\":[{\"@type\":\"WebPage\",\"@id\":\"https:\\\/\\\/atividademapa.com\\\/?product=mapa-tecnologias-emergentes-em-ti-52-2023\",\"url\":\"https:\\\/\\\/atividademapa.com\\\/?product=mapa-tecnologias-emergentes-em-ti-52-2023\",\"name\":\"MAPA Tecnologias Emergentes em TI 52\\\/2023\",\"isPartOf\":{\"@id\":\"https:\\\/\\\/atividademapa.com\\\/#website\"},\"primaryImageOfPage\":{\"@id\":\"https:\\\/\\\/atividademapa.com\\\/?product=mapa-tecnologias-emergentes-em-ti-52-2023#primaryimage\"},\"image\":{\"@id\":\"https:\\\/\\\/atividademapa.com\\\/?product=mapa-tecnologias-emergentes-em-ti-52-2023#primaryimage\"},\"thumbnailUrl\":\"https:\\\/\\\/i0.wp.com\\\/atividademapa.com\\\/wp-content\\\/uploads\\\/2023\\\/03\\\/Atividade-M.A.P.A-3.png?fit=300%2C300&ssl=1\",\"datePublished\":\"2023-07-12T23:18:45+00:00\",\"dateModified\":\"2023-07-12T23:19:14+00:00\",\"description\":\"Atividade MAPA Tecnologias Emergentes em TI 52\\\/2023 &#8902; Unicesumar. Baixe agora mesmo um Mapa Pronto resolvido!\",\"breadcrumb\":{\"@id\":\"https:\\\/\\\/atividademapa.com\\\/?product=mapa-tecnologias-emergentes-em-ti-52-2023#breadcrumb\"},\"inLanguage\":\"pt-BR\",\"potentialAction\":[{\"@type\":\"ReadAction\",\"target\":[\"https:\\\/\\\/atividademapa.com\\\/?product=mapa-tecnologias-emergentes-em-ti-52-2023\"]}]},{\"@type\":\"ImageObject\",\"inLanguage\":\"pt-BR\",\"@id\":\"https:\\\/\\\/atividademapa.com\\\/?product=mapa-tecnologias-emergentes-em-ti-52-2023#primaryimage\",\"url\":\"https:\\\/\\\/i0.wp.com\\\/atividademapa.com\\\/wp-content\\\/uploads\\\/2023\\\/03\\\/Atividade-M.A.P.A-3.png?fit=300%2C300&ssl=1\",\"contentUrl\":\"https:\\\/\\\/i0.wp.com\\\/atividademapa.com\\\/wp-content\\\/uploads\\\/2023\\\/03\\\/Atividade-M.A.P.A-3.png?fit=300%2C300&ssl=1\",\"width\":300,\"height\":300,\"caption\":\"Mapa Unicesumar Atividade\"},{\"@type\":\"BreadcrumbList\",\"@id\":\"https:\\\/\\\/atividademapa.com\\\/?product=mapa-tecnologias-emergentes-em-ti-52-2023#breadcrumb\",\"itemListElement\":[{\"@type\":\"ListItem\",\"position\":1,\"name\":\"In\u00edcio\",\"item\":\"https:\\\/\\\/atividademapa.com\\\/\"},{\"@type\":\"ListItem\",\"position\":2,\"name\":\"MAPAS\",\"item\":\"https:\\\/\\\/atividademapa.com\\\/?page_id=5\"},{\"@type\":\"ListItem\",\"position\":3,\"name\":\"MAPA Tecnologias Emergentes em TI 52\\\/2023\"}]},{\"@type\":\"WebSite\",\"@id\":\"https:\\\/\\\/atividademapa.com\\\/#website\",\"url\":\"https:\\\/\\\/atividademapa.com\\\/\",\"name\":\"Atividade Mapa\",\"description\":\"StudeO | Unicesumar\",\"publisher\":{\"@id\":\"https:\\\/\\\/atividademapa.com\\\/#organization\"},\"potentialAction\":[{\"@type\":\"SearchAction\",\"target\":{\"@type\":\"EntryPoint\",\"urlTemplate\":\"https:\\\/\\\/atividademapa.com\\\/?s={search_term_string}\"},\"query-input\":{\"@type\":\"PropertyValueSpecification\",\"valueRequired\":true,\"valueName\":\"search_term_string\"}}],\"inLanguage\":\"pt-BR\"},{\"@type\":\"Organization\",\"@id\":\"https:\\\/\\\/atividademapa.com\\\/#organization\",\"name\":\"Atividade MAPA\",\"url\":\"https:\\\/\\\/atividademapa.com\\\/\",\"logo\":{\"@type\":\"ImageObject\",\"inLanguage\":\"pt-BR\",\"@id\":\"https:\\\/\\\/atividademapa.com\\\/#\\\/schema\\\/logo\\\/image\\\/\",\"url\":\"https:\\\/\\\/i0.wp.com\\\/atividademapa.com\\\/wp-content\\\/uploads\\\/2023\\\/02\\\/ATIVIDADE.png?fit=600%2C300&ssl=1\",\"contentUrl\":\"https:\\\/\\\/i0.wp.com\\\/atividademapa.com\\\/wp-content\\\/uploads\\\/2023\\\/02\\\/ATIVIDADE.png?fit=600%2C300&ssl=1\",\"width\":600,\"height\":300,\"caption\":\"Atividade MAPA\"},\"image\":{\"@id\":\"https:\\\/\\\/atividademapa.com\\\/#\\\/schema\\\/logo\\\/image\\\/\"}}]}<\/script>\n<!-- \/ Yoast SEO plugin. -->","yoast_head_json":{"title":"MAPA Tecnologias Emergentes em TI 52\/2023","description":"Atividade MAPA Tecnologias Emergentes em TI 52\/2023 &#8902; Unicesumar. Baixe agora mesmo um Mapa Pronto resolvido!","robots":{"index":"index","follow":"follow","max-snippet":"max-snippet:-1","max-image-preview":"max-image-preview:large","max-video-preview":"max-video-preview:-1"},"canonical":"https:\/\/atividademapa.com\/?product=mapa-tecnologias-emergentes-em-ti-52-2023","og_locale":"pt_BR","og_type":"article","og_title":"MAPA Tecnologias Emergentes em TI 52\/2023","og_description":"Atividade MAPA Tecnologias Emergentes em TI 52\/2023 &#8902; Unicesumar. Baixe agora mesmo um Mapa Pronto resolvido!","og_url":"https:\/\/atividademapa.com\/?product=mapa-tecnologias-emergentes-em-ti-52-2023","og_site_name":"Atividade Mapa","article_modified_time":"2023-07-12T23:19:14+00:00","og_image":[{"width":300,"height":300,"url":"https:\/\/i0.wp.com\/atividademapa.com\/wp-content\/uploads\/2023\/03\/Atividade-M.A.P.A-3.png?fit=300%2C300&ssl=1","type":"image\/png"}],"twitter_card":"summary_large_image","twitter_misc":{"Est. tempo de leitura":"3 minutos"},"schema":{"@context":"https:\/\/schema.org","@graph":[{"@type":"WebPage","@id":"https:\/\/atividademapa.com\/?product=mapa-tecnologias-emergentes-em-ti-52-2023","url":"https:\/\/atividademapa.com\/?product=mapa-tecnologias-emergentes-em-ti-52-2023","name":"MAPA Tecnologias Emergentes em TI 52\/2023","isPartOf":{"@id":"https:\/\/atividademapa.com\/#website"},"primaryImageOfPage":{"@id":"https:\/\/atividademapa.com\/?product=mapa-tecnologias-emergentes-em-ti-52-2023#primaryimage"},"image":{"@id":"https:\/\/atividademapa.com\/?product=mapa-tecnologias-emergentes-em-ti-52-2023#primaryimage"},"thumbnailUrl":"https:\/\/i0.wp.com\/atividademapa.com\/wp-content\/uploads\/2023\/03\/Atividade-M.A.P.A-3.png?fit=300%2C300&ssl=1","datePublished":"2023-07-12T23:18:45+00:00","dateModified":"2023-07-12T23:19:14+00:00","description":"Atividade MAPA Tecnologias Emergentes em TI 52\/2023 &#8902; Unicesumar. Baixe agora mesmo um Mapa Pronto resolvido!","breadcrumb":{"@id":"https:\/\/atividademapa.com\/?product=mapa-tecnologias-emergentes-em-ti-52-2023#breadcrumb"},"inLanguage":"pt-BR","potentialAction":[{"@type":"ReadAction","target":["https:\/\/atividademapa.com\/?product=mapa-tecnologias-emergentes-em-ti-52-2023"]}]},{"@type":"ImageObject","inLanguage":"pt-BR","@id":"https:\/\/atividademapa.com\/?product=mapa-tecnologias-emergentes-em-ti-52-2023#primaryimage","url":"https:\/\/i0.wp.com\/atividademapa.com\/wp-content\/uploads\/2023\/03\/Atividade-M.A.P.A-3.png?fit=300%2C300&ssl=1","contentUrl":"https:\/\/i0.wp.com\/atividademapa.com\/wp-content\/uploads\/2023\/03\/Atividade-M.A.P.A-3.png?fit=300%2C300&ssl=1","width":300,"height":300,"caption":"Mapa Unicesumar Atividade"},{"@type":"BreadcrumbList","@id":"https:\/\/atividademapa.com\/?product=mapa-tecnologias-emergentes-em-ti-52-2023#breadcrumb","itemListElement":[{"@type":"ListItem","position":1,"name":"In\u00edcio","item":"https:\/\/atividademapa.com\/"},{"@type":"ListItem","position":2,"name":"MAPAS","item":"https:\/\/atividademapa.com\/?page_id=5"},{"@type":"ListItem","position":3,"name":"MAPA Tecnologias Emergentes em TI 52\/2023"}]},{"@type":"WebSite","@id":"https:\/\/atividademapa.com\/#website","url":"https:\/\/atividademapa.com\/","name":"Atividade Mapa","description":"StudeO | Unicesumar","publisher":{"@id":"https:\/\/atividademapa.com\/#organization"},"potentialAction":[{"@type":"SearchAction","target":{"@type":"EntryPoint","urlTemplate":"https:\/\/atividademapa.com\/?s={search_term_string}"},"query-input":{"@type":"PropertyValueSpecification","valueRequired":true,"valueName":"search_term_string"}}],"inLanguage":"pt-BR"},{"@type":"Organization","@id":"https:\/\/atividademapa.com\/#organization","name":"Atividade MAPA","url":"https:\/\/atividademapa.com\/","logo":{"@type":"ImageObject","inLanguage":"pt-BR","@id":"https:\/\/atividademapa.com\/#\/schema\/logo\/image\/","url":"https:\/\/i0.wp.com\/atividademapa.com\/wp-content\/uploads\/2023\/02\/ATIVIDADE.png?fit=600%2C300&ssl=1","contentUrl":"https:\/\/i0.wp.com\/atividademapa.com\/wp-content\/uploads\/2023\/02\/ATIVIDADE.png?fit=600%2C300&ssl=1","width":600,"height":300,"caption":"Atividade MAPA"},"image":{"@id":"https:\/\/atividademapa.com\/#\/schema\/logo\/image\/"}}]}},"_links":{"self":[{"href":"https:\/\/atividademapa.com\/index.php?rest_route=\/wp\/v2\/product\/2665","targetHints":{"allow":["GET"]}}],"collection":[{"href":"https:\/\/atividademapa.com\/index.php?rest_route=\/wp\/v2\/product"}],"about":[{"href":"https:\/\/atividademapa.com\/index.php?rest_route=\/wp\/v2\/types\/product"}],"version-history":[{"count":2,"href":"https:\/\/atividademapa.com\/index.php?rest_route=\/wp\/v2\/product\/2665\/revisions"}],"predecessor-version":[{"id":2668,"href":"https:\/\/atividademapa.com\/index.php?rest_route=\/wp\/v2\/product\/2665\/revisions\/2668"}],"wp:featuredmedia":[{"embeddable":true,"href":"https:\/\/atividademapa.com\/index.php?rest_route=\/wp\/v2\/media\/2326"}],"wp:attachment":[{"href":"https:\/\/atividademapa.com\/index.php?rest_route=%2Fwp%2Fv2%2Fmedia&parent=2665"}],"wp:term":[{"taxonomy":"product_brand","embeddable":true,"href":"https:\/\/atividademapa.com\/index.php?rest_route=%2Fwp%2Fv2%2Fproduct_brand&post=2665"},{"taxonomy":"product_cat","embeddable":true,"href":"https:\/\/atividademapa.com\/index.php?rest_route=%2Fwp%2Fv2%2Fproduct_cat&post=2665"},{"taxonomy":"product_tag","embeddable":true,"href":"https:\/\/atividademapa.com\/index.php?rest_route=%2Fwp%2Fv2%2Fproduct_tag&post=2665"}],"curies":[{"name":"wp","href":"https:\/\/api.w.org\/{rel}","templated":true}]}}