{"id":2694,"date":"2023-07-17T09:47:10","date_gmt":"2023-07-17T12:47:10","guid":{"rendered":"https:\/\/atividademapa.com\/?post_type=product&#038;p=2694"},"modified":"2024-07-16T16:16:26","modified_gmt":"2024-07-16T19:16:26","slug":"mapa-biologia-e-bioquimica-humana-53-2023","status":"publish","type":"product","link":"https:\/\/atividademapa.com\/?product=mapa-biologia-e-bioquimica-humana-53-2023","title":{"rendered":"Mapa Biologia e Bioqu\u00edmica Humana 53\/2024"},"content":{"rendered":"<p>Mapa Biologia e Bioqu\u00edmica Humana 53\/2024<\/p>\n<p><strong>TRANSPORTE ATRAV\u00c9S DA MEMBRANA PLASM\u00c1TICA: OSMOSE<\/strong><\/p>\n<p>Desde crian\u00e7a, estamos sempre expostos a situa\u00e7\u00f5es relacionadas a biologia celular e bioqu\u00edmica humana que nunca percebemos. Um exemplo disso \u00e9 quando ficamos muito tempo com as m\u00e3os e p\u00e9s submersos em \u00e1gua, o que possivelmente j\u00e1 deve ter acontecido com voc\u00ea. Isso acontece, nas extremidades do nosso corpo, devido ao processo de transporte de \u00e1gua atrav\u00e9s da membrana plasm\u00e1tica de nossas c\u00e9lulas, a osmose. A osmose \u00e9 um processo, no qual a \u00e1gua \u00e9 transportada de uma solu\u00e7\u00e3o menos concentrada em soluto (hipot\u00f4nica) para uma solu\u00e7\u00e3o mais concentrada em soluto (hipert\u00f4nica) pela membrana plasm\u00e1tica, dentro da c\u00e9lula. O processo de osmose envolve aspectos qu\u00edmicos, f\u00edsicos e biol\u00f3gicos, necess\u00e1rios \u00e0 sobreviv\u00eancia dos seres vivos na terra. A movimenta\u00e7\u00e3o de um lado para o outro que \u00e9 feita no processo n\u00e3o gasta energia, logo \u00e9 chamada de transporte passivo.<\/p>\n<p>Basta ficar mais que alguns minutos mergulhado em uma banheira ou nadando em uma piscina para que os nossos dedos passem por essas transforma\u00e7\u00f5es dram\u00e1ticas. Onde antes havia as delicadas espirais da epiderme levemente ondulada, agora temos dobras inchadas de pele feia e enrugada. Costuma-se acreditar que o enrugamento da ponta dos dedos seja uma rea\u00e7\u00e3o passiva, na qual as camadas superiores da pele incham enquanto a \u00e1gua invade as c\u00e9lulas, em um processo conhecido como osmose. Nele, as mol\u00e9culas de \u00e1gua movem-se atrav\u00e9s de uma membrana para equalizar a concentra\u00e7\u00e3o das solu\u00e7\u00f5es de cada lado.<\/p>\n<p>Agora, ap\u00f3s nos aprimorarmos destes conceitos, vamos nos colocar em uma situa\u00e7\u00e3o hipot\u00e9tica que poder\u00e1 surgir na sua atua\u00e7\u00e3o como profissional da sa\u00fade. Vamos imaginar que voc\u00ea foi convidado (a) para dar uma palestra sobre orienta\u00e7\u00f5es de vida saud\u00e1vel para idosos. Nesta palestra, lhe foi recomendado que sejam abordados alguns assuntos, dentre eles a import\u00e2ncia da ingest\u00e3o de \u00e1gua. Para isso, voc\u00ea dever\u00e1 elaborar atividades pr\u00e1ticas e\/ou situa\u00e7\u00f5es problemas sobre o impacto do desequil\u00edbrio osm\u00f3tico no organismo idoso <strong>(exemplo para reflex\u00e3o)<\/strong>.<\/p>\n<p>Com base nos conhecimentos adquiridos na disciplina de biologia e bioqu\u00edmica humana, voc\u00ea consegue compreender o impacto que o ambiente aquoso pode gerar na pele ap\u00f3s v\u00e1rias horas de submers\u00e3o? Nas pontas dos p\u00e9s e m\u00e3os, porque ocorre a forma\u00e7\u00e3o de rugas, enquanto no dorso da m\u00e3o isso n\u00e3o ocorre? Nestas situa\u00e7\u00f5es, a \u00e1gua entra ou sai do organismo?<\/p>\n<p>Leva cerca de 3,5 minutos em \u00e1gua morna para que as pontas dos nossos dedos comecem a se enrugar. J\u00e1 em temperaturas mais baixas, de cerca de 20 \u00b0C, pode levar at\u00e9 10 minutos. Mas a maioria dos estudos concluiu que s\u00e3o necess\u00e1rios cerca de 30 minutos na \u00e1gua para atingir o enrugamento m\u00e1ximo. Essa impressionante mudan\u00e7a \u00e9 familiar, mas tamb\u00e9m desconcertante. Afinal, apenas a pele dos dedos das m\u00e3os e dos p\u00e9s fica enrugada quando imersa na \u00e1gua, enquanto outras partes do corpo, como os antebra\u00e7os, o t\u00f3rax, as pernas e o rosto, permanecem com a mesma apar\u00eancia de antes de serem submersos. Wilder-Smith e seus colegas, em 2003, hipotetizaram que, quando as m\u00e3os s\u00e3o imersas na \u00e1gua, os dutos de suor nos nossos dedos se abrem para permitir a entrada de \u00e1gua, o que gera desequil\u00edbrio dos sais da pele. Essa altera\u00e7\u00e3o dos sais aciona as fibras nervosas dos dedos, causando a constri\u00e7\u00e3o dos vasos sangu\u00edneos em volta dos dutos de suor. Isso, por sua vez, causa perda de volume na regi\u00e3o carnosa da ponta do dedo, que puxa para baixo a pele da superf\u00edcie que ent\u00e3o se distorce, criando rugas.<\/p>\n<p>Ap\u00f3s diversas explica\u00e7\u00f5es ao grupo de idosos, voc\u00ea percebe que eles n\u00e3o est\u00e3o completamente convencidos das informa\u00e7\u00f5es que voc\u00ea apresentou. Estes idosos questionam as informa\u00e7\u00f5es apresentadas porque acreditam que somente podemos ingerir ou eliminar \u00e1gua atrav\u00e9s de locais espec\u00edficos, como boca, uretra e \u00e2nus.<\/p>\n<p><strong>\u00a0<\/strong><strong>Nesta situa\u00e7\u00e3o, voc\u00ea resolve fazer uma demonstra\u00e7\u00e3o pr\u00e1tica do transporte de \u00e1gua, por osmose, atrav\u00e9s da membrana plasm\u00e1tica.<\/strong><\/p>\n<p><strong><em>O que e como deve ser feito?<\/em><\/strong><\/p>\n<p>&#8211; Ap\u00f3s assistir ao v\u00eddeo explicativo da atividade, realizar uma pesquisa bibliogr\u00e1fica e compreender o processo de <strong>osmose<\/strong>;<\/p>\n<p>&#8211; Posteriormente, voc\u00ea dever\u00e1 preparar os materiais a serem utilizados nesta atividade. Para tal, voc\u00ea utilizar\u00e1 <strong><u>alface, \u00e1gua e sal.<\/u><\/strong> Voc\u00ea precisar\u00e1 de 3 folhas de alface frescas, 3 copos com \u00e1gua e duas colheres de sopa de sal de cozinha.<\/p>\n<p><strong>Para esta atividade, siga os passos a seguir:<\/strong><\/p>\n<p>&#8211; No dia anterior ao experimento, voc\u00ea dever\u00e1 pegar uma das tr\u00eas folhas de alface e dever\u00e1 dispor sobre um prato, que dever\u00e1 ser colocado para ser desidratado na geladeira. Lembre-se que esta folha de alface dever\u00e1 ficar pelo menos 8 horas na geladeira.<br \/>\n&#8211; No dia do experimento, voc\u00ea dever\u00e1 encher 3 copos grandes (de tamanho suficiente para colocar a folha de alface) com \u00e1gua, e numer\u00e1-los de 1 a 3.<br \/>\n<strong>No copo 1<\/strong>, voc\u00ea dever\u00e1 inserir a folha de alface murcha, que estava dentro da geladeira.<br \/>\n<strong>No copo 2<\/strong>, voc\u00ea dever\u00e1 inserir uma folha de alface fresca.<br \/>\n<strong>No copo 3<\/strong>, voc\u00ea dever\u00e1 colocar 2 colheres de sopa de sal de cozinha e mexer at\u00e9 o sal ser completamente dissolvido. Ap\u00f3s, colocar a terceira folha de alface, fresca.<br \/>\nAgora com os tr\u00eas copos cheios, voc\u00ea dever\u00e1 aguardar <u>4 horas em temperatura ambiente<\/u> para an\u00e1lise.<\/p>\n<p>Responda:<\/p>\n<ul>\n<li>Ap\u00f3s este per\u00edodo, retire as tr\u00eas folhas de alface, disponha sobre um prato e <strong>responda conforme foi observado separadamente em cada copo<\/strong>: Como o transporte de \u00e1gua atrav\u00e9s da membrana plasm\u00e1tica (osmose) promoveu as altera\u00e7\u00f5es visuais nas folhas de alface, antes e depois de inseri-las nos copos com \u00e1gua?<\/li>\n<li><strong>Fotografe<\/strong> os 3 copos juntos com as alfaces e insira no espa\u00e7o correspondente ao formul\u00e1rio padr\u00e3o.<\/li>\n<\/ul>\n<p><em>Como deve ser entregue? <\/em><\/p>\n<p>Salvar o arquivo do formul\u00e1rio padr\u00e3o MAPA em formato PDF ou Doc.x (Word).<br \/>\nAnexar o arquivo final em PDF ou Doc.x (Word) no ambiente espec\u00edfico para envio do MAPA. Certificar-se do anexo correto do arquivo antes de finalizar e, ent\u00e3o, clicar em &#8220;Finalizar Question\u00e1rio&#8221;.<\/p>\n<p><strong>Responda as quest\u00f5es nos campos indicados abaixo<\/strong><strong>\u00a0<\/strong><\/p>\n<p><strong>\u00a0<\/strong><\/p>\n<table>\n<tbody>\n<tr>\n<td width=\"602\"><strong>\u00a0<\/strong><strong>CAMPO DE RESPOSTAS DA ATIVIDADE<\/strong><\/p>\n<p><strong>\u00a0<\/strong><\/td>\n<\/tr>\n<\/tbody>\n<\/table>\n","protected":false},"excerpt":{"rendered":"<p>Mapa Biologia e Bioqu\u00edmica Humana 53\/2024 TRANSPORTE ATRAV\u00c9S DA MEMBRANA PLASM\u00c1TICA: OSMOSE Desde crian\u00e7a, estamos sempre expostos a situa\u00e7\u00f5es relacionadas<\/p>\n","protected":false},"featured_media":2326,"template":"","meta":{"_monsterinsights_skip_tracking":false,"_monsterinsights_sitenote_active":false,"_monsterinsights_sitenote_note":"","_monsterinsights_sitenote_category":0},"product_brand":[],"product_cat":[58,42],"product_tag":[],"class_list":{"0":"post-2694","1":"product","2":"type-product","3":"status-publish","4":"has-post-thumbnail","6":"product_cat-biomedicina","7":"product_cat-educacao-fisica","9":"first","10":"instock","11":"downloadable","12":"virtual","13":"purchasable","14":"product-type-simple"},"yoast_head":"<!-- This site is optimized with the Yoast SEO plugin v27.4 - https:\/\/yoast.com\/product\/yoast-seo-wordpress\/ -->\n<title>Mapa Biologia e Bioqu\u00edmica Humana 53\/2024<\/title>\n<meta name=\"description\" content=\"Atividade Mapa Biologia e Bioqu\u00edmica Humana 53\/2024 &#8902; Unicesumar. Baixe agora mesmo um Mapa Pronto resolvido!\" \/>\n<meta name=\"robots\" content=\"index, follow, max-snippet:-1, max-image-preview:large, max-video-preview:-1\" \/>\n<link rel=\"canonical\" href=\"https:\/\/atividademapa.com\/?product=mapa-biologia-e-bioquimica-humana-53-2023\" \/>\n<meta property=\"og:locale\" content=\"pt_BR\" \/>\n<meta property=\"og:type\" content=\"article\" \/>\n<meta property=\"og:title\" content=\"Mapa Biologia e Bioqu\u00edmica Humana 53\/2024\" \/>\n<meta property=\"og:description\" content=\"Atividade Mapa Biologia e Bioqu\u00edmica Humana 53\/2024 &#8902; Unicesumar. Baixe agora mesmo um Mapa Pronto resolvido!\" \/>\n<meta property=\"og:url\" content=\"https:\/\/atividademapa.com\/?product=mapa-biologia-e-bioquimica-humana-53-2023\" \/>\n<meta property=\"og:site_name\" content=\"Atividade Mapa\" \/>\n<meta property=\"article:modified_time\" content=\"2024-07-16T19:16:26+00:00\" \/>\n<meta property=\"og:image\" content=\"https:\/\/i0.wp.com\/atividademapa.com\/wp-content\/uploads\/2023\/03\/Atividade-M.A.P.A-3.png?fit=300%2C300&ssl=1\" \/>\n\t<meta property=\"og:image:width\" content=\"300\" \/>\n\t<meta property=\"og:image:height\" content=\"300\" \/>\n\t<meta property=\"og:image:type\" content=\"image\/png\" \/>\n<meta name=\"twitter:card\" content=\"summary_large_image\" \/>\n<meta name=\"twitter:label1\" content=\"Est. tempo de leitura\" \/>\n\t<meta name=\"twitter:data1\" content=\"5 minutos\" \/>\n<script type=\"application\/ld+json\" class=\"yoast-schema-graph\">{\"@context\":\"https:\\\/\\\/schema.org\",\"@graph\":[{\"@type\":\"WebPage\",\"@id\":\"https:\\\/\\\/atividademapa.com\\\/?product=mapa-biologia-e-bioquimica-humana-53-2023\",\"url\":\"https:\\\/\\\/atividademapa.com\\\/?product=mapa-biologia-e-bioquimica-humana-53-2023\",\"name\":\"Mapa Biologia e Bioqu\u00edmica Humana 53\\\/2024\",\"isPartOf\":{\"@id\":\"https:\\\/\\\/atividademapa.com\\\/#website\"},\"primaryImageOfPage\":{\"@id\":\"https:\\\/\\\/atividademapa.com\\\/?product=mapa-biologia-e-bioquimica-humana-53-2023#primaryimage\"},\"image\":{\"@id\":\"https:\\\/\\\/atividademapa.com\\\/?product=mapa-biologia-e-bioquimica-humana-53-2023#primaryimage\"},\"thumbnailUrl\":\"https:\\\/\\\/i0.wp.com\\\/atividademapa.com\\\/wp-content\\\/uploads\\\/2023\\\/03\\\/Atividade-M.A.P.A-3.png?fit=300%2C300&ssl=1\",\"datePublished\":\"2023-07-17T12:47:10+00:00\",\"dateModified\":\"2024-07-16T19:16:26+00:00\",\"description\":\"Atividade Mapa Biologia e Bioqu\u00edmica Humana 53\\\/2024 &#8902; Unicesumar. Baixe agora mesmo um Mapa Pronto resolvido!\",\"breadcrumb\":{\"@id\":\"https:\\\/\\\/atividademapa.com\\\/?product=mapa-biologia-e-bioquimica-humana-53-2023#breadcrumb\"},\"inLanguage\":\"pt-BR\",\"potentialAction\":[{\"@type\":\"ReadAction\",\"target\":[\"https:\\\/\\\/atividademapa.com\\\/?product=mapa-biologia-e-bioquimica-humana-53-2023\"]}]},{\"@type\":\"ImageObject\",\"inLanguage\":\"pt-BR\",\"@id\":\"https:\\\/\\\/atividademapa.com\\\/?product=mapa-biologia-e-bioquimica-humana-53-2023#primaryimage\",\"url\":\"https:\\\/\\\/i0.wp.com\\\/atividademapa.com\\\/wp-content\\\/uploads\\\/2023\\\/03\\\/Atividade-M.A.P.A-3.png?fit=300%2C300&ssl=1\",\"contentUrl\":\"https:\\\/\\\/i0.wp.com\\\/atividademapa.com\\\/wp-content\\\/uploads\\\/2023\\\/03\\\/Atividade-M.A.P.A-3.png?fit=300%2C300&ssl=1\",\"width\":300,\"height\":300,\"caption\":\"Mapa Unicesumar Atividade\"},{\"@type\":\"BreadcrumbList\",\"@id\":\"https:\\\/\\\/atividademapa.com\\\/?product=mapa-biologia-e-bioquimica-humana-53-2023#breadcrumb\",\"itemListElement\":[{\"@type\":\"ListItem\",\"position\":1,\"name\":\"In\u00edcio\",\"item\":\"https:\\\/\\\/atividademapa.com\\\/\"},{\"@type\":\"ListItem\",\"position\":2,\"name\":\"MAPAS\",\"item\":\"https:\\\/\\\/atividademapa.com\\\/?page_id=5\"},{\"@type\":\"ListItem\",\"position\":3,\"name\":\"Mapa Biologia e Bioqu\u00edmica Humana 53\\\/2024\"}]},{\"@type\":\"WebSite\",\"@id\":\"https:\\\/\\\/atividademapa.com\\\/#website\",\"url\":\"https:\\\/\\\/atividademapa.com\\\/\",\"name\":\"Atividade Mapa\",\"description\":\"StudeO | Unicesumar\",\"publisher\":{\"@id\":\"https:\\\/\\\/atividademapa.com\\\/#organization\"},\"potentialAction\":[{\"@type\":\"SearchAction\",\"target\":{\"@type\":\"EntryPoint\",\"urlTemplate\":\"https:\\\/\\\/atividademapa.com\\\/?s={search_term_string}\"},\"query-input\":{\"@type\":\"PropertyValueSpecification\",\"valueRequired\":true,\"valueName\":\"search_term_string\"}}],\"inLanguage\":\"pt-BR\"},{\"@type\":\"Organization\",\"@id\":\"https:\\\/\\\/atividademapa.com\\\/#organization\",\"name\":\"Atividade MAPA\",\"url\":\"https:\\\/\\\/atividademapa.com\\\/\",\"logo\":{\"@type\":\"ImageObject\",\"inLanguage\":\"pt-BR\",\"@id\":\"https:\\\/\\\/atividademapa.com\\\/#\\\/schema\\\/logo\\\/image\\\/\",\"url\":\"https:\\\/\\\/i0.wp.com\\\/atividademapa.com\\\/wp-content\\\/uploads\\\/2023\\\/02\\\/ATIVIDADE.png?fit=600%2C300&ssl=1\",\"contentUrl\":\"https:\\\/\\\/i0.wp.com\\\/atividademapa.com\\\/wp-content\\\/uploads\\\/2023\\\/02\\\/ATIVIDADE.png?fit=600%2C300&ssl=1\",\"width\":600,\"height\":300,\"caption\":\"Atividade MAPA\"},\"image\":{\"@id\":\"https:\\\/\\\/atividademapa.com\\\/#\\\/schema\\\/logo\\\/image\\\/\"}}]}<\/script>\n<!-- \/ Yoast SEO plugin. -->","yoast_head_json":{"title":"Mapa Biologia e Bioqu\u00edmica Humana 53\/2024","description":"Atividade Mapa Biologia e Bioqu\u00edmica Humana 53\/2024 &#8902; Unicesumar. Baixe agora mesmo um Mapa Pronto resolvido!","robots":{"index":"index","follow":"follow","max-snippet":"max-snippet:-1","max-image-preview":"max-image-preview:large","max-video-preview":"max-video-preview:-1"},"canonical":"https:\/\/atividademapa.com\/?product=mapa-biologia-e-bioquimica-humana-53-2023","og_locale":"pt_BR","og_type":"article","og_title":"Mapa Biologia e Bioqu\u00edmica Humana 53\/2024","og_description":"Atividade Mapa Biologia e Bioqu\u00edmica Humana 53\/2024 &#8902; Unicesumar. Baixe agora mesmo um Mapa Pronto resolvido!","og_url":"https:\/\/atividademapa.com\/?product=mapa-biologia-e-bioquimica-humana-53-2023","og_site_name":"Atividade Mapa","article_modified_time":"2024-07-16T19:16:26+00:00","og_image":[{"width":300,"height":300,"url":"https:\/\/i0.wp.com\/atividademapa.com\/wp-content\/uploads\/2023\/03\/Atividade-M.A.P.A-3.png?fit=300%2C300&ssl=1","type":"image\/png"}],"twitter_card":"summary_large_image","twitter_misc":{"Est. tempo de leitura":"5 minutos"},"schema":{"@context":"https:\/\/schema.org","@graph":[{"@type":"WebPage","@id":"https:\/\/atividademapa.com\/?product=mapa-biologia-e-bioquimica-humana-53-2023","url":"https:\/\/atividademapa.com\/?product=mapa-biologia-e-bioquimica-humana-53-2023","name":"Mapa Biologia e Bioqu\u00edmica Humana 53\/2024","isPartOf":{"@id":"https:\/\/atividademapa.com\/#website"},"primaryImageOfPage":{"@id":"https:\/\/atividademapa.com\/?product=mapa-biologia-e-bioquimica-humana-53-2023#primaryimage"},"image":{"@id":"https:\/\/atividademapa.com\/?product=mapa-biologia-e-bioquimica-humana-53-2023#primaryimage"},"thumbnailUrl":"https:\/\/i0.wp.com\/atividademapa.com\/wp-content\/uploads\/2023\/03\/Atividade-M.A.P.A-3.png?fit=300%2C300&ssl=1","datePublished":"2023-07-17T12:47:10+00:00","dateModified":"2024-07-16T19:16:26+00:00","description":"Atividade Mapa Biologia e Bioqu\u00edmica Humana 53\/2024 &#8902; Unicesumar. Baixe agora mesmo um Mapa Pronto resolvido!","breadcrumb":{"@id":"https:\/\/atividademapa.com\/?product=mapa-biologia-e-bioquimica-humana-53-2023#breadcrumb"},"inLanguage":"pt-BR","potentialAction":[{"@type":"ReadAction","target":["https:\/\/atividademapa.com\/?product=mapa-biologia-e-bioquimica-humana-53-2023"]}]},{"@type":"ImageObject","inLanguage":"pt-BR","@id":"https:\/\/atividademapa.com\/?product=mapa-biologia-e-bioquimica-humana-53-2023#primaryimage","url":"https:\/\/i0.wp.com\/atividademapa.com\/wp-content\/uploads\/2023\/03\/Atividade-M.A.P.A-3.png?fit=300%2C300&ssl=1","contentUrl":"https:\/\/i0.wp.com\/atividademapa.com\/wp-content\/uploads\/2023\/03\/Atividade-M.A.P.A-3.png?fit=300%2C300&ssl=1","width":300,"height":300,"caption":"Mapa Unicesumar Atividade"},{"@type":"BreadcrumbList","@id":"https:\/\/atividademapa.com\/?product=mapa-biologia-e-bioquimica-humana-53-2023#breadcrumb","itemListElement":[{"@type":"ListItem","position":1,"name":"In\u00edcio","item":"https:\/\/atividademapa.com\/"},{"@type":"ListItem","position":2,"name":"MAPAS","item":"https:\/\/atividademapa.com\/?page_id=5"},{"@type":"ListItem","position":3,"name":"Mapa Biologia e Bioqu\u00edmica Humana 53\/2024"}]},{"@type":"WebSite","@id":"https:\/\/atividademapa.com\/#website","url":"https:\/\/atividademapa.com\/","name":"Atividade Mapa","description":"StudeO | Unicesumar","publisher":{"@id":"https:\/\/atividademapa.com\/#organization"},"potentialAction":[{"@type":"SearchAction","target":{"@type":"EntryPoint","urlTemplate":"https:\/\/atividademapa.com\/?s={search_term_string}"},"query-input":{"@type":"PropertyValueSpecification","valueRequired":true,"valueName":"search_term_string"}}],"inLanguage":"pt-BR"},{"@type":"Organization","@id":"https:\/\/atividademapa.com\/#organization","name":"Atividade MAPA","url":"https:\/\/atividademapa.com\/","logo":{"@type":"ImageObject","inLanguage":"pt-BR","@id":"https:\/\/atividademapa.com\/#\/schema\/logo\/image\/","url":"https:\/\/i0.wp.com\/atividademapa.com\/wp-content\/uploads\/2023\/02\/ATIVIDADE.png?fit=600%2C300&ssl=1","contentUrl":"https:\/\/i0.wp.com\/atividademapa.com\/wp-content\/uploads\/2023\/02\/ATIVIDADE.png?fit=600%2C300&ssl=1","width":600,"height":300,"caption":"Atividade MAPA"},"image":{"@id":"https:\/\/atividademapa.com\/#\/schema\/logo\/image\/"}}]}},"_links":{"self":[{"href":"https:\/\/atividademapa.com\/index.php?rest_route=\/wp\/v2\/product\/2694","targetHints":{"allow":["GET"]}}],"collection":[{"href":"https:\/\/atividademapa.com\/index.php?rest_route=\/wp\/v2\/product"}],"about":[{"href":"https:\/\/atividademapa.com\/index.php?rest_route=\/wp\/v2\/types\/product"}],"version-history":[{"count":4,"href":"https:\/\/atividademapa.com\/index.php?rest_route=\/wp\/v2\/product\/2694\/revisions"}],"predecessor-version":[{"id":4418,"href":"https:\/\/atividademapa.com\/index.php?rest_route=\/wp\/v2\/product\/2694\/revisions\/4418"}],"wp:featuredmedia":[{"embeddable":true,"href":"https:\/\/atividademapa.com\/index.php?rest_route=\/wp\/v2\/media\/2326"}],"wp:attachment":[{"href":"https:\/\/atividademapa.com\/index.php?rest_route=%2Fwp%2Fv2%2Fmedia&parent=2694"}],"wp:term":[{"taxonomy":"product_brand","embeddable":true,"href":"https:\/\/atividademapa.com\/index.php?rest_route=%2Fwp%2Fv2%2Fproduct_brand&post=2694"},{"taxonomy":"product_cat","embeddable":true,"href":"https:\/\/atividademapa.com\/index.php?rest_route=%2Fwp%2Fv2%2Fproduct_cat&post=2694"},{"taxonomy":"product_tag","embeddable":true,"href":"https:\/\/atividademapa.com\/index.php?rest_route=%2Fwp%2Fv2%2Fproduct_tag&post=2694"}],"curies":[{"name":"wp","href":"https:\/\/api.w.org\/{rel}","templated":true}]}}