{"id":2700,"date":"2023-07-17T10:02:41","date_gmt":"2023-07-17T13:02:41","guid":{"rendered":"https:\/\/atividademapa.com\/?post_type=product&#038;p=2700"},"modified":"2023-09-01T11:01:44","modified_gmt":"2023-09-01T14:01:44","slug":"mapa-cenarios-economicos-53-2023","status":"publish","type":"product","link":"https:\/\/atividademapa.com\/?product=mapa-cenarios-economicos-53-2023","title":{"rendered":"MAPA Cen\u00e1rios Econ\u00f4micos 53\/2023"},"content":{"rendered":"<h2>MAPA Cen\u00e1rios Econ\u00f4micos 53\/2023<\/h2>\n<p>Prezado estudante, vamos \u00e0 nossa atividade MAPA! Ela \u00e9 muito importante na composi\u00e7\u00e3o da sua nota e \u00e9 um momento em que voc\u00ea exercitar\u00e1 conte\u00fado na pr\u00e1tica. A seguir, disponibilizo um texto que servir\u00e1 de base para esta atividade. M\u00e3os \u00e0 obra, pessoal!! &#8220;Qual \u00e9 o <span style=\"color: #808080;\"><a style=\"color: #808080;\" href=\"https:\/\/atlassocioeconomico.rs.gov.br\/indice-de-desenvolvimento-humano-idh-e-idhm#:~:text=O%20%C3%8Dndice%20de%20Desenvolvimento%20Humano,o%20Desenvolvimento%20%E2%80%93%20PNUD%20da%20ONU.\">IDH<\/a> <\/span>de Portugal? Primeiramente, o IDH de Portugal \u00e9 de 0,864, bem pr\u00f3ximo da escala 1, que \u00e9 o melhor n\u00edvel no \u00cdndice de Desenvolvimento Humano. Isso demonstra que morar em Portugal \u00e9 uma oportunidade de desfrutar de diversos benef\u00edcios pensados na popula\u00e7\u00e3o, como a expectativa de vida, que \u00e9 de aproximadamente 80 anos. Al\u00e9m disso, MAPA Cen\u00e1rios Econ\u00f4micos 53\/2023 Portugal \u00e9 considerado um pa\u00eds de custo benef\u00edcio tranquilo e que oferece seguran\u00e7a, sa\u00fade e qualidade de vida. Garantindo lugar na lista de melhores pa\u00edses, o IDH de Portugal \u00e9 elaborado em fatores principais, e eles s\u00e3o: Renda; Educa\u00e7\u00e3o; Qualidade de vida; Expectativa de vida. Como \u00e9 a qualidade de vida em Portugal? A qualidade de vida do pa\u00eds j\u00e1 come\u00e7a pela seguran\u00e7a, considerado o quarto pa\u00eds mais seguro do mundo, onde cerca de 25% da popula\u00e7\u00e3o de Portugal possui mais de 65 anos. MAPA Cen\u00e1rios Econ\u00f4micos 53\/2023 O estilo de vida do pa\u00eds \u00e9 bastante atrativo, com alto poder de compra, al\u00e9m do clima de Portugal que favorece a variedade de paisagens, ideal para curtir a natureza. Al\u00e9m da educa\u00e7\u00e3o de qualidade, as crian\u00e7as aprendem mais de um idioma ainda na escola, e mais de 50 institui\u00e7\u00f5es aceitam os resultados do ENEM como sele\u00e7\u00e3o de brasileiros. Por que Portugal \u00e9 considerado um pa\u00eds bom? N\u00e3o \u00e9 s\u00f3 a qualidade de vida e o IDH que torna Portugal um bom pa\u00eds, a popula\u00e7\u00e3o, gastronomia, cultura e oportunidades de emprego s\u00e3o outros motivos. Dessa forma, a gastronomia de Portugal \u00e9 rica, seus vinhos s\u00e3o bastante famosos, bem como o azeite de oliva. Al\u00e9m de ser um pa\u00eds muito acolhedor, o sistema educacional de Portugal \u00e9 de qualidade, assim como as universidades p\u00fablicas, que s\u00e3o acess\u00edveis e existem muitas vagas. Promovendo o conv\u00edvio multicultural, Portugal \u00e9 o destino de muitos imigrantes, que veem o pa\u00eds como uma chance de melhorar a qualidade de vida&#8221;. Dispon\u00edvel em: https:\/\/www.ie.com.br\/intercambio\/idh-portugal\/. Acesso em: 8 jul. 2023. No texto anterior, vemos uma breve apresenta\u00e7\u00e3o da qualidade de vida em Portugal baseando-se no IDH (\u00cdndice de Desenvolvimento Humano). O IDH possibilita a compara\u00e7\u00e3o entre pa\u00edses, estados e munic\u00edpios e permite o acompanhamento da evolu\u00e7\u00e3o do \u00edndice para cada esfera. <span style=\"color: #808080;\"><a style=\"color: #808080;\" href=\"https:\/\/atividademapa.com\">MAPA<\/a> <\/span>Cen\u00e1rios Econ\u00f4micos 53\/2023 Diante da breve apresenta\u00e7\u00e3o do IDH de Portugal, redija um pequeno texto com o que se pede: a) Uma breve compara\u00e7\u00e3o entre o IDH de Portugal e do Brasil. b) Uma melhora no crescimento econ\u00f4mico pode melhorar o IDH? Por qu\u00ea? c) Por que compreender o que \u00e9 o IDH e acompanhar a sua evolu\u00e7\u00e3o \u00e9 importante para o Assistente Social? Ent\u00e3o, vamos l\u00e1! &#8211; Desenvolva um texto dissertativo de, no m\u00e1ximo, duas laudas.<\/p>\n","protected":false},"excerpt":{"rendered":"<p>a) Uma breve compara\u00e7\u00e3o entre o IDH de Portugal e do Brasil. b) Uma melhora no crescimento econ\u00f4mico pode melhorar o IDH? Por qu\u00ea? c) Por que compreender o que \u00e9 o IDH e acompanhar a sua evolu\u00e7\u00e3o \u00e9 importante para o Assistente Social?<\/p>\n","protected":false},"featured_media":2326,"template":"","meta":{"_monsterinsights_skip_tracking":false,"_monsterinsights_sitenote_active":false,"_monsterinsights_sitenote_note":"","_monsterinsights_sitenote_category":0},"product_brand":[],"product_cat":[104,40],"product_tag":[],"class_list":{"0":"post-2700","1":"product","2":"type-product","3":"status-publish","4":"has-post-thumbnail","6":"product_cat-53-2023","7":"product_cat-servico-social","9":"first","10":"instock","11":"downloadable","12":"virtual","13":"purchasable","14":"product-type-simple"},"yoast_head":"<!-- This site is optimized with the Yoast SEO plugin v27.4 - https:\/\/yoast.com\/product\/yoast-seo-wordpress\/ -->\n<title>MAPA Cen\u00e1rios Econ\u00f4micos 53\/2023<\/title>\n<meta name=\"description\" content=\"Unicesumar &#8902; Atividade MAPA Cen\u00e1rios Econ\u00f4micos 53\/2023 M\u00f3dulo | Servi\u00e7o Social, Comparativo do IDH de Portugal e Brasil. Temos pronto!\" \/>\n<meta name=\"robots\" content=\"index, follow, max-snippet:-1, max-image-preview:large, max-video-preview:-1\" \/>\n<link rel=\"canonical\" href=\"https:\/\/atividademapa.com\/?product=mapa-cenarios-economicos-53-2023\" \/>\n<meta property=\"og:locale\" content=\"pt_BR\" \/>\n<meta property=\"og:type\" content=\"article\" \/>\n<meta property=\"og:title\" content=\"MAPA Cen\u00e1rios Econ\u00f4micos 53\/2023\" \/>\n<meta property=\"og:description\" content=\"Unicesumar &#8902; Atividade MAPA Cen\u00e1rios Econ\u00f4micos 53\/2023 M\u00f3dulo | Servi\u00e7o Social, Comparativo do IDH de Portugal e Brasil. Temos pronto!\" \/>\n<meta property=\"og:url\" content=\"https:\/\/atividademapa.com\/?product=mapa-cenarios-economicos-53-2023\" \/>\n<meta property=\"og:site_name\" content=\"Atividade Mapa\" \/>\n<meta property=\"article:modified_time\" content=\"2023-09-01T14:01:44+00:00\" \/>\n<meta property=\"og:image\" content=\"https:\/\/i0.wp.com\/atividademapa.com\/wp-content\/uploads\/2023\/03\/Atividade-M.A.P.A-3.png?fit=300%2C300&ssl=1\" \/>\n\t<meta property=\"og:image:width\" content=\"300\" \/>\n\t<meta property=\"og:image:height\" content=\"300\" \/>\n\t<meta property=\"og:image:type\" content=\"image\/png\" \/>\n<meta name=\"twitter:card\" content=\"summary_large_image\" \/>\n<meta name=\"twitter:label1\" content=\"Est. tempo de leitura\" \/>\n\t<meta name=\"twitter:data1\" content=\"3 minutos\" \/>\n<script type=\"application\/ld+json\" class=\"yoast-schema-graph\">{\"@context\":\"https:\\\/\\\/schema.org\",\"@graph\":[{\"@type\":\"WebPage\",\"@id\":\"https:\\\/\\\/atividademapa.com\\\/?product=mapa-cenarios-economicos-53-2023\",\"url\":\"https:\\\/\\\/atividademapa.com\\\/?product=mapa-cenarios-economicos-53-2023\",\"name\":\"MAPA Cen\u00e1rios Econ\u00f4micos 53\\\/2023\",\"isPartOf\":{\"@id\":\"https:\\\/\\\/atividademapa.com\\\/#website\"},\"primaryImageOfPage\":{\"@id\":\"https:\\\/\\\/atividademapa.com\\\/?product=mapa-cenarios-economicos-53-2023#primaryimage\"},\"image\":{\"@id\":\"https:\\\/\\\/atividademapa.com\\\/?product=mapa-cenarios-economicos-53-2023#primaryimage\"},\"thumbnailUrl\":\"https:\\\/\\\/i0.wp.com\\\/atividademapa.com\\\/wp-content\\\/uploads\\\/2023\\\/03\\\/Atividade-M.A.P.A-3.png?fit=300%2C300&ssl=1\",\"datePublished\":\"2023-07-17T13:02:41+00:00\",\"dateModified\":\"2023-09-01T14:01:44+00:00\",\"description\":\"Unicesumar &#8902; Atividade MAPA Cen\u00e1rios Econ\u00f4micos 53\\\/2023 M\u00f3dulo | Servi\u00e7o Social, Comparativo do IDH de Portugal e Brasil. Temos pronto!\",\"breadcrumb\":{\"@id\":\"https:\\\/\\\/atividademapa.com\\\/?product=mapa-cenarios-economicos-53-2023#breadcrumb\"},\"inLanguage\":\"pt-BR\",\"potentialAction\":[{\"@type\":\"ReadAction\",\"target\":[\"https:\\\/\\\/atividademapa.com\\\/?product=mapa-cenarios-economicos-53-2023\"]}]},{\"@type\":\"ImageObject\",\"inLanguage\":\"pt-BR\",\"@id\":\"https:\\\/\\\/atividademapa.com\\\/?product=mapa-cenarios-economicos-53-2023#primaryimage\",\"url\":\"https:\\\/\\\/i0.wp.com\\\/atividademapa.com\\\/wp-content\\\/uploads\\\/2023\\\/03\\\/Atividade-M.A.P.A-3.png?fit=300%2C300&ssl=1\",\"contentUrl\":\"https:\\\/\\\/i0.wp.com\\\/atividademapa.com\\\/wp-content\\\/uploads\\\/2023\\\/03\\\/Atividade-M.A.P.A-3.png?fit=300%2C300&ssl=1\",\"width\":300,\"height\":300,\"caption\":\"Mapa Unicesumar Atividade\"},{\"@type\":\"BreadcrumbList\",\"@id\":\"https:\\\/\\\/atividademapa.com\\\/?product=mapa-cenarios-economicos-53-2023#breadcrumb\",\"itemListElement\":[{\"@type\":\"ListItem\",\"position\":1,\"name\":\"In\u00edcio\",\"item\":\"https:\\\/\\\/atividademapa.com\\\/\"},{\"@type\":\"ListItem\",\"position\":2,\"name\":\"MAPAS\",\"item\":\"https:\\\/\\\/atividademapa.com\\\/?page_id=5\"},{\"@type\":\"ListItem\",\"position\":3,\"name\":\"MAPA Cen\u00e1rios Econ\u00f4micos 53\\\/2023\"}]},{\"@type\":\"WebSite\",\"@id\":\"https:\\\/\\\/atividademapa.com\\\/#website\",\"url\":\"https:\\\/\\\/atividademapa.com\\\/\",\"name\":\"Atividade Mapa\",\"description\":\"StudeO | Unicesumar\",\"publisher\":{\"@id\":\"https:\\\/\\\/atividademapa.com\\\/#organization\"},\"potentialAction\":[{\"@type\":\"SearchAction\",\"target\":{\"@type\":\"EntryPoint\",\"urlTemplate\":\"https:\\\/\\\/atividademapa.com\\\/?s={search_term_string}\"},\"query-input\":{\"@type\":\"PropertyValueSpecification\",\"valueRequired\":true,\"valueName\":\"search_term_string\"}}],\"inLanguage\":\"pt-BR\"},{\"@type\":\"Organization\",\"@id\":\"https:\\\/\\\/atividademapa.com\\\/#organization\",\"name\":\"Atividade MAPA\",\"url\":\"https:\\\/\\\/atividademapa.com\\\/\",\"logo\":{\"@type\":\"ImageObject\",\"inLanguage\":\"pt-BR\",\"@id\":\"https:\\\/\\\/atividademapa.com\\\/#\\\/schema\\\/logo\\\/image\\\/\",\"url\":\"https:\\\/\\\/i0.wp.com\\\/atividademapa.com\\\/wp-content\\\/uploads\\\/2023\\\/02\\\/ATIVIDADE.png?fit=600%2C300&ssl=1\",\"contentUrl\":\"https:\\\/\\\/i0.wp.com\\\/atividademapa.com\\\/wp-content\\\/uploads\\\/2023\\\/02\\\/ATIVIDADE.png?fit=600%2C300&ssl=1\",\"width\":600,\"height\":300,\"caption\":\"Atividade MAPA\"},\"image\":{\"@id\":\"https:\\\/\\\/atividademapa.com\\\/#\\\/schema\\\/logo\\\/image\\\/\"}}]}<\/script>\n<!-- \/ Yoast SEO plugin. -->","yoast_head_json":{"title":"MAPA Cen\u00e1rios Econ\u00f4micos 53\/2023","description":"Unicesumar &#8902; Atividade MAPA Cen\u00e1rios Econ\u00f4micos 53\/2023 M\u00f3dulo | Servi\u00e7o Social, Comparativo do IDH de Portugal e Brasil. Temos pronto!","robots":{"index":"index","follow":"follow","max-snippet":"max-snippet:-1","max-image-preview":"max-image-preview:large","max-video-preview":"max-video-preview:-1"},"canonical":"https:\/\/atividademapa.com\/?product=mapa-cenarios-economicos-53-2023","og_locale":"pt_BR","og_type":"article","og_title":"MAPA Cen\u00e1rios Econ\u00f4micos 53\/2023","og_description":"Unicesumar &#8902; Atividade MAPA Cen\u00e1rios Econ\u00f4micos 53\/2023 M\u00f3dulo | Servi\u00e7o Social, Comparativo do IDH de Portugal e Brasil. Temos pronto!","og_url":"https:\/\/atividademapa.com\/?product=mapa-cenarios-economicos-53-2023","og_site_name":"Atividade Mapa","article_modified_time":"2023-09-01T14:01:44+00:00","og_image":[{"width":300,"height":300,"url":"https:\/\/i0.wp.com\/atividademapa.com\/wp-content\/uploads\/2023\/03\/Atividade-M.A.P.A-3.png?fit=300%2C300&ssl=1","type":"image\/png"}],"twitter_card":"summary_large_image","twitter_misc":{"Est. tempo de leitura":"3 minutos"},"schema":{"@context":"https:\/\/schema.org","@graph":[{"@type":"WebPage","@id":"https:\/\/atividademapa.com\/?product=mapa-cenarios-economicos-53-2023","url":"https:\/\/atividademapa.com\/?product=mapa-cenarios-economicos-53-2023","name":"MAPA Cen\u00e1rios Econ\u00f4micos 53\/2023","isPartOf":{"@id":"https:\/\/atividademapa.com\/#website"},"primaryImageOfPage":{"@id":"https:\/\/atividademapa.com\/?product=mapa-cenarios-economicos-53-2023#primaryimage"},"image":{"@id":"https:\/\/atividademapa.com\/?product=mapa-cenarios-economicos-53-2023#primaryimage"},"thumbnailUrl":"https:\/\/i0.wp.com\/atividademapa.com\/wp-content\/uploads\/2023\/03\/Atividade-M.A.P.A-3.png?fit=300%2C300&ssl=1","datePublished":"2023-07-17T13:02:41+00:00","dateModified":"2023-09-01T14:01:44+00:00","description":"Unicesumar &#8902; Atividade MAPA Cen\u00e1rios Econ\u00f4micos 53\/2023 M\u00f3dulo | Servi\u00e7o Social, Comparativo do IDH de Portugal e Brasil. Temos pronto!","breadcrumb":{"@id":"https:\/\/atividademapa.com\/?product=mapa-cenarios-economicos-53-2023#breadcrumb"},"inLanguage":"pt-BR","potentialAction":[{"@type":"ReadAction","target":["https:\/\/atividademapa.com\/?product=mapa-cenarios-economicos-53-2023"]}]},{"@type":"ImageObject","inLanguage":"pt-BR","@id":"https:\/\/atividademapa.com\/?product=mapa-cenarios-economicos-53-2023#primaryimage","url":"https:\/\/i0.wp.com\/atividademapa.com\/wp-content\/uploads\/2023\/03\/Atividade-M.A.P.A-3.png?fit=300%2C300&ssl=1","contentUrl":"https:\/\/i0.wp.com\/atividademapa.com\/wp-content\/uploads\/2023\/03\/Atividade-M.A.P.A-3.png?fit=300%2C300&ssl=1","width":300,"height":300,"caption":"Mapa Unicesumar Atividade"},{"@type":"BreadcrumbList","@id":"https:\/\/atividademapa.com\/?product=mapa-cenarios-economicos-53-2023#breadcrumb","itemListElement":[{"@type":"ListItem","position":1,"name":"In\u00edcio","item":"https:\/\/atividademapa.com\/"},{"@type":"ListItem","position":2,"name":"MAPAS","item":"https:\/\/atividademapa.com\/?page_id=5"},{"@type":"ListItem","position":3,"name":"MAPA Cen\u00e1rios Econ\u00f4micos 53\/2023"}]},{"@type":"WebSite","@id":"https:\/\/atividademapa.com\/#website","url":"https:\/\/atividademapa.com\/","name":"Atividade Mapa","description":"StudeO | Unicesumar","publisher":{"@id":"https:\/\/atividademapa.com\/#organization"},"potentialAction":[{"@type":"SearchAction","target":{"@type":"EntryPoint","urlTemplate":"https:\/\/atividademapa.com\/?s={search_term_string}"},"query-input":{"@type":"PropertyValueSpecification","valueRequired":true,"valueName":"search_term_string"}}],"inLanguage":"pt-BR"},{"@type":"Organization","@id":"https:\/\/atividademapa.com\/#organization","name":"Atividade MAPA","url":"https:\/\/atividademapa.com\/","logo":{"@type":"ImageObject","inLanguage":"pt-BR","@id":"https:\/\/atividademapa.com\/#\/schema\/logo\/image\/","url":"https:\/\/i0.wp.com\/atividademapa.com\/wp-content\/uploads\/2023\/02\/ATIVIDADE.png?fit=600%2C300&ssl=1","contentUrl":"https:\/\/i0.wp.com\/atividademapa.com\/wp-content\/uploads\/2023\/02\/ATIVIDADE.png?fit=600%2C300&ssl=1","width":600,"height":300,"caption":"Atividade MAPA"},"image":{"@id":"https:\/\/atividademapa.com\/#\/schema\/logo\/image\/"}}]}},"_links":{"self":[{"href":"https:\/\/atividademapa.com\/index.php?rest_route=\/wp\/v2\/product\/2700","targetHints":{"allow":["GET"]}}],"collection":[{"href":"https:\/\/atividademapa.com\/index.php?rest_route=\/wp\/v2\/product"}],"about":[{"href":"https:\/\/atividademapa.com\/index.php?rest_route=\/wp\/v2\/types\/product"}],"version-history":[{"count":5,"href":"https:\/\/atividademapa.com\/index.php?rest_route=\/wp\/v2\/product\/2700\/revisions"}],"predecessor-version":[{"id":2863,"href":"https:\/\/atividademapa.com\/index.php?rest_route=\/wp\/v2\/product\/2700\/revisions\/2863"}],"wp:featuredmedia":[{"embeddable":true,"href":"https:\/\/atividademapa.com\/index.php?rest_route=\/wp\/v2\/media\/2326"}],"wp:attachment":[{"href":"https:\/\/atividademapa.com\/index.php?rest_route=%2Fwp%2Fv2%2Fmedia&parent=2700"}],"wp:term":[{"taxonomy":"product_brand","embeddable":true,"href":"https:\/\/atividademapa.com\/index.php?rest_route=%2Fwp%2Fv2%2Fproduct_brand&post=2700"},{"taxonomy":"product_cat","embeddable":true,"href":"https:\/\/atividademapa.com\/index.php?rest_route=%2Fwp%2Fv2%2Fproduct_cat&post=2700"},{"taxonomy":"product_tag","embeddable":true,"href":"https:\/\/atividademapa.com\/index.php?rest_route=%2Fwp%2Fv2%2Fproduct_tag&post=2700"}],"curies":[{"name":"wp","href":"https:\/\/api.w.org\/{rel}","templated":true}]}}