{"id":2721,"date":"2023-07-25T22:24:23","date_gmt":"2023-07-26T01:24:23","guid":{"rendered":"https:\/\/atividademapa.com\/?post_type=product&#038;p=2721"},"modified":"2023-08-18T10:08:56","modified_gmt":"2023-08-18T13:08:56","slug":"mapa-quimica-geral-e-organica-53-2023","status":"publish","type":"product","link":"https:\/\/atividademapa.com\/?product=mapa-quimica-geral-e-organica-53-2023","title":{"rendered":"MAPA Qu\u00edmica Geral e Org\u00e2nica 53\/2023"},"content":{"rendered":"<p>MAPA <a href=\"https:\/\/www.infoescola.com\/quimica\/quimica-organica\/#:~:text=A%20qu%C3%ADmica%20pode%20ser%20dividida,e%20quantifica%C3%A7%C3%A3o%20de%20subst%C3%A2ncias%20qu%C3%ADmicas)%2C\">Qu\u00edmica Geral<\/a> e Org\u00e2nica 53\/2023<\/p>\n<p>CARO(A) ESTUDANTE:<br \/>\nSeja bem-vindo(a) ao MAPA (Material de Avalia\u00e7\u00e3o Pr\u00e1tica de Aprendizagem) da disciplina de Qu\u00edmica Geral e Org\u00e2nica.<\/p>\n<p>Instru\u00e7\u00f5es iniciais:<br \/>\n1. Utilize o modelo de MAPA padr\u00e3o para realizar esta atividade. Ele se encontra em &#8220;Material da Disciplina&#8221;. Siga todas as instru\u00e7\u00f5es constantes nesse modelo.<br \/>\n2. Assista ao v\u00eddeo com as instru\u00e7\u00f5es para a realiza\u00e7\u00e3o do MAPA que est\u00e1 na &#8220;Sala do Caf\u00e9&#8221;.<\/p>\n<p>CONTEXTUALIZA\u00c7\u00c3O<br \/>\nQuem pesa mais: um quilo de ferro ou um quilo de algod\u00e3o? Isso mesmo, ambos t\u00eam massas iguais, por\u00e9m 1 kg de algod\u00e3o ocupa um volume muito maior quando comparado ao ferro. Essa rela\u00e7\u00e3o de massa e volume de um corpo \u00e9 conhecida como densidade<a href=\"https:\/\/atividademapa.com\">.<\/a><\/p>\n<p>d = m \/ V<\/p>\n<p>A massa de um corpo pode ser determinada por diversas unidades diferentes, como quilograma, grama, tonelada etc. Isso tamb\u00e9m se aplica para determinar o volume utilizando as unidades de cm3, m3, L, mL, dentre outros. De acordo com o Sistema Internacional de Unidades, dever\u00edamos usar as unidades quilograma (kg) e metro c\u00fabico (m3) para determinar a densidade, por\u00e9m nem sempre essas unidades s\u00e3o as mais convenientes. Logo, pode-se usar as seguintes combina\u00e7\u00f5es de unidades para determina\u00e7\u00e3o da densidade: g\/cm3, g\/L, kg\/mL etc.<br \/>\nA densidade \u00e9 uma propriedade muito importante nas rotinas de laborat\u00f3rio, pois, a partir dela, pode-se caracterizar e identificar subst\u00e2ncias, bem como avaliar seu grau de pureza, promover a separa\u00e7\u00e3o de misturas baseando-se na densidade dos materiais, dentre v\u00e1rios outros processos.<\/p>\n<p>Considere a seguinte situa\u00e7\u00e3o hipot\u00e9tica:<br \/>\nVoc\u00ea est\u00e1 concorrendo a uma vaga em um grande laborat\u00f3rio de pesquisa e precisar\u00e1 passar por um teste pr\u00e1tico. O teste recebido consiste na determina\u00e7\u00e3o da densidade do vinagre e a acidez total de uma amostra de vinagre. Para tal processo, voc\u00ea utilizou os materiais: bal\u00e3o volum\u00e9trico de 25 mL, balan\u00e7a semi-anal\u00edtica, vinagre comercial, conta-gotas, um Erlenmeyer de 250 mL, bureta de 25 mL, solu\u00e7\u00e3o padr\u00e3o secund\u00e1rio de NaOH, garra met\u00e1lica, suporte universal, pipeta de 2 mL, pipetador, fenolftale\u00edna, b\u00e9quer de 50 mL e \u00e1gua destilada.<\/p>\n<p>Voc\u00ea come\u00e7ou o experimento e, inicialmente, constatou que o bal\u00e3o volum\u00e9trico de 25 mL vazio possu\u00eda uma massa de 24,834 g e, com a amostra de vinagre, sua massa passou a ser de 49,872 g. Em seguida, com todos os aparatos montados, voc\u00ea preencheu a bureta de 25 mL com a solu\u00e7\u00e3o titulante (padr\u00e3o secund\u00e1rio de NaOH) de concentra\u00e7\u00e3o 0,098 mol\/L. Transferiu 2,00 mL da amostra de vinagre para um Erlenmeyer de 250 mL, acrescentou 50 mL de \u00e1gua destilada e tr\u00eas gotas de indicador de fenolftaleina e homogeneizou a solu\u00e7\u00e3o. Colocou o Erlenmeyer sob a bureta e escoou a solu\u00e7\u00e3o titulante, gota a gota at\u00e9 a mudan\u00e7a de colora\u00e7\u00e3o. O volume de titulante gasto na solu\u00e7\u00e3o foi 14,15 mL.<\/p>\n<p>Obs.: de acordo com o r\u00f3tudo do vinagre, o teor de \u00e1cido ac\u00e9tico \u00e9 4,2% (m\/m).<\/p>\n<p>DESENVOLVENDO O TRABALHO<br \/>\nCom os dados em m\u00e3os, voc\u00ea \u00e9 capaz de determinar o que se pede no teste. Mostre todos os c\u00e1lculos.<\/p>\n<p>1. QUAL \u00e9 a massa do vinagre?<br \/>\n2. QUAL \u00e9 a densidade da solu\u00e7\u00e3o (vinagre), em g\/mL?<br \/>\n3. ESCREVA a rea\u00e7\u00e3o qu\u00edmica balanceada que ocorre durante o processo de titula\u00e7\u00e3o.<br \/>\n4. QUAL \u00e9 a massa experimental de \u00e1cido ac\u00e9tico no vinagre?<br \/>\n5. QUAL \u00e9 a porcentagem (m\/m) experimental de \u00e1cido ac\u00e9tico encontrado no vinagre?<br \/>\n6. QUAL \u00e9 a fun\u00e7\u00e3o da fenolftale\u00edna no experimento?<\/p>\n<p>BOM TRABALHO!!!<\/p>\n<p>ORIENTA\u00c7\u00d5ES FINAIS<br \/>\nSobre o arquivo a ser enviado:<br \/>\nO arquivo deve ser enviado \u00fanica e exclusivamente pelo seu Studeo, no campo &#8220;MAPA&#8221; desta disciplina. Toda e qualquer outra forma de entrega deste Modelo de Resposta MAPA n\u00e3o \u00e9 considerada. Apenas o formato de PDF ser\u00e1 aceito.<br \/>\nSOMENTE UM ARQUIVO PODE SER ANEXADO NO STUDEO.<br \/>\nA qualidade do trabalho ser\u00e1 considerada na hora da avalia\u00e7\u00e3o, ent\u00e3o fa\u00e7a tudo com cuidado, responda \u00e0 demanda adequadamente e mostre sempre o seu racioc\u00ednio de modo claro e direto.<\/p>\n<p>Problemas frequentes a evitar:<br \/>\n\u2192 Coloque um nome simples no seu arquivo. Se o nome tiver caracteres estranhos (principalmente pontos) ou for muito grande, a equipe de corre\u00e7\u00e3o pode n\u00e3o conseguir abrir o seu trabalho, e ele pode ser zerado.<br \/>\n\u2192 Se voc\u00ea usa OPEN OFFICE ou MAC, transforme o arquivo em .pdf para evitar incompatibilidades.<br \/>\n\u2192 Verifique se voc\u00ea est\u00e1 enviando o arquivo correto! Identifique o arquivo com o seu primeiro e \u00faltimo nome e a disciplina, para evitar que voc\u00ea troque o arquivo na hora de anexar. Ex.: MAPA_QU\u00cdMICAGERAL_CarlosAraujo.pdf.<\/p>\n<p>Como enviar o seu arquivo:<br \/>\n\u2192 Ao final do enunciado desta atividade, no Studeo, h\u00e1 uma caixa de envio de arquivo. Basta clicar e selecionar sua atividade ou arrastar o arquivo at\u00e9 ela.<br \/>\n\u2192 Antes de clicar em FINALIZAR, certifique-se de que est\u00e1 tudo certo, pois, uma vez finalizado, voc\u00ea n\u00e3o poder\u00e1 mais modificar o arquivo. Sugerimos que voc\u00ea clique no link gerado da sua atividade e fa\u00e7a o download para conferir.<\/p>\n","protected":false},"excerpt":{"rendered":"<p>1. QUAL \u00e9 a massa do vinagre?<br \/>\n2. QUAL \u00e9 a densidade da solu\u00e7\u00e3o (vinagre), em g\/mL?<br \/>\n3. ESCREVA a rea\u00e7\u00e3o qu\u00edmica balanceada que ocorre durante o processo de titula\u00e7\u00e3o.<br \/>\n4. QUAL \u00e9 a massa experimental de \u00e1cido ac\u00e9tico no vinagre?<br \/>\n5. QUAL \u00e9 a porcentagem (m\/m) experimental de \u00e1cido ac\u00e9tico encontrado no vinagre?<br \/>\n6. QUAL \u00e9 a fun\u00e7\u00e3o da fenolftale\u00edna no experimento?<\/p>\n","protected":false},"featured_media":2326,"template":"","meta":{"_monsterinsights_skip_tracking":false,"_monsterinsights_sitenote_active":false,"_monsterinsights_sitenote_note":"","_monsterinsights_sitenote_category":0},"product_brand":[],"product_cat":[58,104],"product_tag":[],"class_list":{"0":"post-2721","1":"product","2":"type-product","3":"status-publish","4":"has-post-thumbnail","6":"product_cat-biomedicina","7":"product_cat-53-2023","9":"first","10":"instock","11":"downloadable","12":"virtual","13":"purchasable","14":"product-type-simple"},"yoast_head":"<!-- This site is optimized with the Yoast SEO plugin v27.4 - https:\/\/yoast.com\/product\/yoast-seo-wordpress\/ -->\n<title>MAPA Qu\u00edmica Geral e Org\u00e2nica 53\/2023<\/title>\n<meta name=\"description\" content=\"Unicesumar &#8902; Atividade MAPA Qu\u00edmica Geral e Org\u00e2nica 53\/2023 Massa do Vinagre | Massa Experimental \u00c1cido Ac\u00e9tico | Fun\u00e7\u00e3o da Fenolftale\u00edna.\" \/>\n<meta name=\"robots\" content=\"index, follow, max-snippet:-1, max-image-preview:large, max-video-preview:-1\" \/>\n<link rel=\"canonical\" href=\"https:\/\/atividademapa.com\/?product=mapa-quimica-geral-e-organica-53-2023\" \/>\n<meta property=\"og:locale\" content=\"pt_BR\" \/>\n<meta property=\"og:type\" content=\"article\" \/>\n<meta property=\"og:title\" content=\"MAPA Qu\u00edmica Geral e Org\u00e2nica 53\/2023\" \/>\n<meta property=\"og:description\" content=\"Unicesumar &#8902; Atividade MAPA Qu\u00edmica Geral e Org\u00e2nica 53\/2023 Massa do Vinagre | Massa Experimental \u00c1cido Ac\u00e9tico | Fun\u00e7\u00e3o da Fenolftale\u00edna.\" \/>\n<meta property=\"og:url\" content=\"https:\/\/atividademapa.com\/?product=mapa-quimica-geral-e-organica-53-2023\" \/>\n<meta property=\"og:site_name\" content=\"Atividade Mapa\" \/>\n<meta property=\"article:modified_time\" content=\"2023-08-18T13:08:56+00:00\" \/>\n<meta property=\"og:image\" content=\"https:\/\/i0.wp.com\/atividademapa.com\/wp-content\/uploads\/2023\/03\/Atividade-M.A.P.A-3.png?fit=300%2C300&ssl=1\" \/>\n\t<meta property=\"og:image:width\" content=\"300\" \/>\n\t<meta property=\"og:image:height\" content=\"300\" \/>\n\t<meta property=\"og:image:type\" content=\"image\/png\" \/>\n<meta name=\"twitter:card\" content=\"summary_large_image\" \/>\n<meta name=\"twitter:label1\" content=\"Est. tempo de leitura\" \/>\n\t<meta name=\"twitter:data1\" content=\"4 minutos\" \/>\n<script type=\"application\/ld+json\" class=\"yoast-schema-graph\">{\"@context\":\"https:\\\/\\\/schema.org\",\"@graph\":[{\"@type\":\"WebPage\",\"@id\":\"https:\\\/\\\/atividademapa.com\\\/?product=mapa-quimica-geral-e-organica-53-2023\",\"url\":\"https:\\\/\\\/atividademapa.com\\\/?product=mapa-quimica-geral-e-organica-53-2023\",\"name\":\"MAPA Qu\u00edmica Geral e Org\u00e2nica 53\\\/2023\",\"isPartOf\":{\"@id\":\"https:\\\/\\\/atividademapa.com\\\/#website\"},\"primaryImageOfPage\":{\"@id\":\"https:\\\/\\\/atividademapa.com\\\/?product=mapa-quimica-geral-e-organica-53-2023#primaryimage\"},\"image\":{\"@id\":\"https:\\\/\\\/atividademapa.com\\\/?product=mapa-quimica-geral-e-organica-53-2023#primaryimage\"},\"thumbnailUrl\":\"https:\\\/\\\/i0.wp.com\\\/atividademapa.com\\\/wp-content\\\/uploads\\\/2023\\\/03\\\/Atividade-M.A.P.A-3.png?fit=300%2C300&ssl=1\",\"datePublished\":\"2023-07-26T01:24:23+00:00\",\"dateModified\":\"2023-08-18T13:08:56+00:00\",\"description\":\"Unicesumar &#8902; Atividade MAPA Qu\u00edmica Geral e Org\u00e2nica 53\\\/2023 Massa do Vinagre | Massa Experimental \u00c1cido Ac\u00e9tico | Fun\u00e7\u00e3o da Fenolftale\u00edna.\",\"breadcrumb\":{\"@id\":\"https:\\\/\\\/atividademapa.com\\\/?product=mapa-quimica-geral-e-organica-53-2023#breadcrumb\"},\"inLanguage\":\"pt-BR\",\"potentialAction\":[{\"@type\":\"ReadAction\",\"target\":[\"https:\\\/\\\/atividademapa.com\\\/?product=mapa-quimica-geral-e-organica-53-2023\"]}]},{\"@type\":\"ImageObject\",\"inLanguage\":\"pt-BR\",\"@id\":\"https:\\\/\\\/atividademapa.com\\\/?product=mapa-quimica-geral-e-organica-53-2023#primaryimage\",\"url\":\"https:\\\/\\\/i0.wp.com\\\/atividademapa.com\\\/wp-content\\\/uploads\\\/2023\\\/03\\\/Atividade-M.A.P.A-3.png?fit=300%2C300&ssl=1\",\"contentUrl\":\"https:\\\/\\\/i0.wp.com\\\/atividademapa.com\\\/wp-content\\\/uploads\\\/2023\\\/03\\\/Atividade-M.A.P.A-3.png?fit=300%2C300&ssl=1\",\"width\":300,\"height\":300,\"caption\":\"Mapa Unicesumar Atividade\"},{\"@type\":\"BreadcrumbList\",\"@id\":\"https:\\\/\\\/atividademapa.com\\\/?product=mapa-quimica-geral-e-organica-53-2023#breadcrumb\",\"itemListElement\":[{\"@type\":\"ListItem\",\"position\":1,\"name\":\"In\u00edcio\",\"item\":\"https:\\\/\\\/atividademapa.com\\\/\"},{\"@type\":\"ListItem\",\"position\":2,\"name\":\"MAPAS\",\"item\":\"https:\\\/\\\/atividademapa.com\\\/?page_id=5\"},{\"@type\":\"ListItem\",\"position\":3,\"name\":\"MAPA Qu\u00edmica Geral e Org\u00e2nica 53\\\/2023\"}]},{\"@type\":\"WebSite\",\"@id\":\"https:\\\/\\\/atividademapa.com\\\/#website\",\"url\":\"https:\\\/\\\/atividademapa.com\\\/\",\"name\":\"Atividade Mapa\",\"description\":\"StudeO | Unicesumar\",\"publisher\":{\"@id\":\"https:\\\/\\\/atividademapa.com\\\/#organization\"},\"potentialAction\":[{\"@type\":\"SearchAction\",\"target\":{\"@type\":\"EntryPoint\",\"urlTemplate\":\"https:\\\/\\\/atividademapa.com\\\/?s={search_term_string}\"},\"query-input\":{\"@type\":\"PropertyValueSpecification\",\"valueRequired\":true,\"valueName\":\"search_term_string\"}}],\"inLanguage\":\"pt-BR\"},{\"@type\":\"Organization\",\"@id\":\"https:\\\/\\\/atividademapa.com\\\/#organization\",\"name\":\"Atividade MAPA\",\"url\":\"https:\\\/\\\/atividademapa.com\\\/\",\"logo\":{\"@type\":\"ImageObject\",\"inLanguage\":\"pt-BR\",\"@id\":\"https:\\\/\\\/atividademapa.com\\\/#\\\/schema\\\/logo\\\/image\\\/\",\"url\":\"https:\\\/\\\/i0.wp.com\\\/atividademapa.com\\\/wp-content\\\/uploads\\\/2023\\\/02\\\/ATIVIDADE.png?fit=600%2C300&ssl=1\",\"contentUrl\":\"https:\\\/\\\/i0.wp.com\\\/atividademapa.com\\\/wp-content\\\/uploads\\\/2023\\\/02\\\/ATIVIDADE.png?fit=600%2C300&ssl=1\",\"width\":600,\"height\":300,\"caption\":\"Atividade MAPA\"},\"image\":{\"@id\":\"https:\\\/\\\/atividademapa.com\\\/#\\\/schema\\\/logo\\\/image\\\/\"}}]}<\/script>\n<!-- \/ Yoast SEO plugin. -->","yoast_head_json":{"title":"MAPA Qu\u00edmica Geral e Org\u00e2nica 53\/2023","description":"Unicesumar &#8902; Atividade MAPA Qu\u00edmica Geral e Org\u00e2nica 53\/2023 Massa do Vinagre | Massa Experimental \u00c1cido Ac\u00e9tico | Fun\u00e7\u00e3o da Fenolftale\u00edna.","robots":{"index":"index","follow":"follow","max-snippet":"max-snippet:-1","max-image-preview":"max-image-preview:large","max-video-preview":"max-video-preview:-1"},"canonical":"https:\/\/atividademapa.com\/?product=mapa-quimica-geral-e-organica-53-2023","og_locale":"pt_BR","og_type":"article","og_title":"MAPA Qu\u00edmica Geral e Org\u00e2nica 53\/2023","og_description":"Unicesumar &#8902; Atividade MAPA Qu\u00edmica Geral e Org\u00e2nica 53\/2023 Massa do Vinagre | Massa Experimental \u00c1cido Ac\u00e9tico | Fun\u00e7\u00e3o da Fenolftale\u00edna.","og_url":"https:\/\/atividademapa.com\/?product=mapa-quimica-geral-e-organica-53-2023","og_site_name":"Atividade Mapa","article_modified_time":"2023-08-18T13:08:56+00:00","og_image":[{"width":300,"height":300,"url":"https:\/\/i0.wp.com\/atividademapa.com\/wp-content\/uploads\/2023\/03\/Atividade-M.A.P.A-3.png?fit=300%2C300&ssl=1","type":"image\/png"}],"twitter_card":"summary_large_image","twitter_misc":{"Est. tempo de leitura":"4 minutos"},"schema":{"@context":"https:\/\/schema.org","@graph":[{"@type":"WebPage","@id":"https:\/\/atividademapa.com\/?product=mapa-quimica-geral-e-organica-53-2023","url":"https:\/\/atividademapa.com\/?product=mapa-quimica-geral-e-organica-53-2023","name":"MAPA Qu\u00edmica Geral e Org\u00e2nica 53\/2023","isPartOf":{"@id":"https:\/\/atividademapa.com\/#website"},"primaryImageOfPage":{"@id":"https:\/\/atividademapa.com\/?product=mapa-quimica-geral-e-organica-53-2023#primaryimage"},"image":{"@id":"https:\/\/atividademapa.com\/?product=mapa-quimica-geral-e-organica-53-2023#primaryimage"},"thumbnailUrl":"https:\/\/i0.wp.com\/atividademapa.com\/wp-content\/uploads\/2023\/03\/Atividade-M.A.P.A-3.png?fit=300%2C300&ssl=1","datePublished":"2023-07-26T01:24:23+00:00","dateModified":"2023-08-18T13:08:56+00:00","description":"Unicesumar &#8902; Atividade MAPA Qu\u00edmica Geral e Org\u00e2nica 53\/2023 Massa do Vinagre | Massa Experimental \u00c1cido Ac\u00e9tico | Fun\u00e7\u00e3o da Fenolftale\u00edna.","breadcrumb":{"@id":"https:\/\/atividademapa.com\/?product=mapa-quimica-geral-e-organica-53-2023#breadcrumb"},"inLanguage":"pt-BR","potentialAction":[{"@type":"ReadAction","target":["https:\/\/atividademapa.com\/?product=mapa-quimica-geral-e-organica-53-2023"]}]},{"@type":"ImageObject","inLanguage":"pt-BR","@id":"https:\/\/atividademapa.com\/?product=mapa-quimica-geral-e-organica-53-2023#primaryimage","url":"https:\/\/i0.wp.com\/atividademapa.com\/wp-content\/uploads\/2023\/03\/Atividade-M.A.P.A-3.png?fit=300%2C300&ssl=1","contentUrl":"https:\/\/i0.wp.com\/atividademapa.com\/wp-content\/uploads\/2023\/03\/Atividade-M.A.P.A-3.png?fit=300%2C300&ssl=1","width":300,"height":300,"caption":"Mapa Unicesumar Atividade"},{"@type":"BreadcrumbList","@id":"https:\/\/atividademapa.com\/?product=mapa-quimica-geral-e-organica-53-2023#breadcrumb","itemListElement":[{"@type":"ListItem","position":1,"name":"In\u00edcio","item":"https:\/\/atividademapa.com\/"},{"@type":"ListItem","position":2,"name":"MAPAS","item":"https:\/\/atividademapa.com\/?page_id=5"},{"@type":"ListItem","position":3,"name":"MAPA Qu\u00edmica Geral e Org\u00e2nica 53\/2023"}]},{"@type":"WebSite","@id":"https:\/\/atividademapa.com\/#website","url":"https:\/\/atividademapa.com\/","name":"Atividade Mapa","description":"StudeO | Unicesumar","publisher":{"@id":"https:\/\/atividademapa.com\/#organization"},"potentialAction":[{"@type":"SearchAction","target":{"@type":"EntryPoint","urlTemplate":"https:\/\/atividademapa.com\/?s={search_term_string}"},"query-input":{"@type":"PropertyValueSpecification","valueRequired":true,"valueName":"search_term_string"}}],"inLanguage":"pt-BR"},{"@type":"Organization","@id":"https:\/\/atividademapa.com\/#organization","name":"Atividade MAPA","url":"https:\/\/atividademapa.com\/","logo":{"@type":"ImageObject","inLanguage":"pt-BR","@id":"https:\/\/atividademapa.com\/#\/schema\/logo\/image\/","url":"https:\/\/i0.wp.com\/atividademapa.com\/wp-content\/uploads\/2023\/02\/ATIVIDADE.png?fit=600%2C300&ssl=1","contentUrl":"https:\/\/i0.wp.com\/atividademapa.com\/wp-content\/uploads\/2023\/02\/ATIVIDADE.png?fit=600%2C300&ssl=1","width":600,"height":300,"caption":"Atividade MAPA"},"image":{"@id":"https:\/\/atividademapa.com\/#\/schema\/logo\/image\/"}}]}},"_links":{"self":[{"href":"https:\/\/atividademapa.com\/index.php?rest_route=\/wp\/v2\/product\/2721","targetHints":{"allow":["GET"]}}],"collection":[{"href":"https:\/\/atividademapa.com\/index.php?rest_route=\/wp\/v2\/product"}],"about":[{"href":"https:\/\/atividademapa.com\/index.php?rest_route=\/wp\/v2\/types\/product"}],"version-history":[{"count":1,"href":"https:\/\/atividademapa.com\/index.php?rest_route=\/wp\/v2\/product\/2721\/revisions"}],"predecessor-version":[{"id":2723,"href":"https:\/\/atividademapa.com\/index.php?rest_route=\/wp\/v2\/product\/2721\/revisions\/2723"}],"wp:featuredmedia":[{"embeddable":true,"href":"https:\/\/atividademapa.com\/index.php?rest_route=\/wp\/v2\/media\/2326"}],"wp:attachment":[{"href":"https:\/\/atividademapa.com\/index.php?rest_route=%2Fwp%2Fv2%2Fmedia&parent=2721"}],"wp:term":[{"taxonomy":"product_brand","embeddable":true,"href":"https:\/\/atividademapa.com\/index.php?rest_route=%2Fwp%2Fv2%2Fproduct_brand&post=2721"},{"taxonomy":"product_cat","embeddable":true,"href":"https:\/\/atividademapa.com\/index.php?rest_route=%2Fwp%2Fv2%2Fproduct_cat&post=2721"},{"taxonomy":"product_tag","embeddable":true,"href":"https:\/\/atividademapa.com\/index.php?rest_route=%2Fwp%2Fv2%2Fproduct_tag&post=2721"}],"curies":[{"name":"wp","href":"https:\/\/api.w.org\/{rel}","templated":true}]}}