{"id":2796,"date":"2023-08-22T07:40:46","date_gmt":"2023-08-22T10:40:46","guid":{"rendered":"https:\/\/atividademapa.com\/?post_type=product&#038;p=2796"},"modified":"2023-08-22T08:30:30","modified_gmt":"2023-08-22T11:30:30","slug":"mapa-sub-historia-da-educacao-fisica-52-2023","status":"publish","type":"product","link":"https:\/\/atividademapa.com\/?product=mapa-sub-historia-da-educacao-fisica-52-2023","title":{"rendered":"MAPA SUB Hist\u00f3ria da Educa\u00e7\u00e3o F\u00edsica 52\/2023"},"content":{"rendered":"<p>Mapa Sub Hist\u00f3ria da Educa\u00e7\u00e3o F\u00edsica 52\/2023<\/p>\n<p>A Educa\u00e7\u00e3o F\u00edsica, enquanto produto hist\u00f3rico social, n\u00e3o possui uma \u00fanica ess\u00eancia a priori, isto \u00e9, o campo da Educa\u00e7\u00e3o F\u00edsica foi\/\u00e9 moldado por homens hist\u00f3ricos sobe circunst\u00e2ncias hist\u00f3ricas em determinados tempos\/lugares hist\u00f3ricos. Nesse processo de desenvolvimento, destaca-se que muitas foram as tend\u00eancias da Educa\u00e7\u00e3o F\u00edsica no cen\u00e1rio brasileiro, as quais precisam ser estudadas na forma\u00e7\u00e3o do profissional da \u00e1rea, visto que tal a\u00e7\u00e3o pode possibilitar a melhor compreens\u00e3o da realidade que se apresenta hoje com vistas na atua\u00e7\u00e3o desse futuro profissional.<\/p>\n<p>Fonte:\u00a0SANTOS, M. de F. O. et al. Abordagens pedag\u00f3gicas da Educa\u00e7\u00e3o F\u00edsica: primeiras aproxima\u00e7\u00f5es. In: CONGRESO NACIONAL DE EDUCA\u00c7\u00c3O, 6, 2019, Fortaleza. Anais [&#8230;] Fortaleza, Universidade Federal do Cear\u00e1, p. 1-9, 2019.<br \/>\nConsiderando o fragmento anterior, entendemos que o campo da Educa\u00e7\u00e3o F\u00edsica passou e passa por fases conforme o momento hist\u00f3rico do contexto brasileiro. N\u00e3o h\u00e1 sociedade que n\u00e3o modifique, de alguma forma, o entendimento do papel da Educa\u00e7\u00e3o F\u00edsica, cada uma produzindo determinado tipo de conceito, que pode servir como ins\u00edgnia da identidade da \u00e1rea naquele per\u00edodo e tempo da hist\u00f3ria da humanidade. Nesse sentido, compreendendo a import\u00e2ncia de estudarmos as tend\u00eancias da Educa\u00e7\u00e3o F\u00edsica no Brasil, como um dos conhecimentos essenciais para a forma\u00e7\u00e3o dos profissionais da \u00e1rea, para a atividade MAPA SUB da disciplina de Hist\u00f3ria da Educa\u00e7\u00e3o F\u00edsica, voc\u00ea precisar\u00e1, para al\u00e9m da leitura da Unidade 5 de nosso material did\u00e1tico, fazer a leitura\u00a0atenta do artigo intitulado EDUCA\u00c7\u00c3O F\u00cdSICA NO BRASIL: APONTAMENTOS SOBRE AS TEND\u00caNCIAS CONSTITU\u00cdDAS AT\u00c9 A D\u00c9CADA DE 80, dispon\u00edvel em: https:\/\/www.efdeportes.com\/efd154\/educacao-fisica-no-brasil-tendencias-constituidas.htm, destacando as principais caracter\u00edsticas que s\u00e3o mencionadas sobre cada tend\u00eancia, a saber: Higienista, Militarista, Pedagogicista e Competitivista. Ap\u00f3s ler e destacar as caracter\u00edsticas de cada uma das tend\u00eancias, construa um quadro apresentando-a de forma clara e sucinta.<\/p>\n","protected":false},"excerpt":{"rendered":"<p>Mapa Sub Hist\u00f3ria da Educa\u00e7\u00e3o F\u00edsica 52\/2023 A Educa\u00e7\u00e3o F\u00edsica, enquanto produto hist\u00f3rico social, n\u00e3o possui uma \u00fanica ess\u00eancia a<\/p>\n","protected":false},"featured_media":2326,"template":"","meta":{"_monsterinsights_skip_tracking":false,"_monsterinsights_sitenote_active":false,"_monsterinsights_sitenote_note":"","_monsterinsights_sitenote_category":0},"product_brand":[],"product_cat":[42],"product_tag":[],"class_list":{"0":"post-2796","1":"product","2":"type-product","3":"status-publish","4":"has-post-thumbnail","6":"product_cat-educacao-fisica","8":"first","9":"instock","10":"downloadable","11":"virtual","12":"purchasable","13":"product-type-simple"},"yoast_head":"<!-- This site is optimized with the Yoast SEO plugin v27.4 - https:\/\/yoast.com\/product\/yoast-seo-wordpress\/ -->\n<title>MAPA SUB Hist\u00f3ria da Educa\u00e7\u00e3o F\u00edsica 52\/2023<\/title>\n<meta name=\"description\" content=\"Atividade MAPA SUB Hist\u00f3ria da Educa\u00e7\u00e3o F\u00edsica 52\/2023 &#8902; Unicesumar. Baixe agora mesmo um Mapa Pronto resolvido!\" \/>\n<meta name=\"robots\" content=\"index, follow, max-snippet:-1, max-image-preview:large, max-video-preview:-1\" \/>\n<link rel=\"canonical\" href=\"https:\/\/atividademapa.com\/?product=mapa-sub-historia-da-educacao-fisica-52-2023\" \/>\n<meta property=\"og:locale\" content=\"pt_BR\" \/>\n<meta property=\"og:type\" content=\"article\" \/>\n<meta property=\"og:title\" content=\"MAPA SUB Hist\u00f3ria da Educa\u00e7\u00e3o F\u00edsica 52\/2023\" \/>\n<meta property=\"og:description\" content=\"Atividade MAPA SUB Hist\u00f3ria da Educa\u00e7\u00e3o F\u00edsica 52\/2023 &#8902; Unicesumar. Baixe agora mesmo um Mapa Pronto resolvido!\" \/>\n<meta property=\"og:url\" content=\"https:\/\/atividademapa.com\/?product=mapa-sub-historia-da-educacao-fisica-52-2023\" \/>\n<meta property=\"og:site_name\" content=\"Atividade Mapa\" \/>\n<meta property=\"article:modified_time\" content=\"2023-08-22T11:30:30+00:00\" \/>\n<meta property=\"og:image\" content=\"https:\/\/i0.wp.com\/atividademapa.com\/wp-content\/uploads\/2023\/03\/Atividade-M.A.P.A-3.png?fit=300%2C300&ssl=1\" \/>\n\t<meta property=\"og:image:width\" content=\"300\" \/>\n\t<meta property=\"og:image:height\" content=\"300\" \/>\n\t<meta property=\"og:image:type\" content=\"image\/png\" \/>\n<meta name=\"twitter:card\" content=\"summary_large_image\" \/>\n<meta name=\"twitter:label1\" content=\"Est. tempo de leitura\" \/>\n\t<meta name=\"twitter:data1\" content=\"2 minutos\" \/>\n<script type=\"application\/ld+json\" class=\"yoast-schema-graph\">{\"@context\":\"https:\\\/\\\/schema.org\",\"@graph\":[{\"@type\":\"WebPage\",\"@id\":\"https:\\\/\\\/atividademapa.com\\\/?product=mapa-sub-historia-da-educacao-fisica-52-2023\",\"url\":\"https:\\\/\\\/atividademapa.com\\\/?product=mapa-sub-historia-da-educacao-fisica-52-2023\",\"name\":\"MAPA SUB Hist\u00f3ria da Educa\u00e7\u00e3o F\u00edsica 52\\\/2023\",\"isPartOf\":{\"@id\":\"https:\\\/\\\/atividademapa.com\\\/#website\"},\"primaryImageOfPage\":{\"@id\":\"https:\\\/\\\/atividademapa.com\\\/?product=mapa-sub-historia-da-educacao-fisica-52-2023#primaryimage\"},\"image\":{\"@id\":\"https:\\\/\\\/atividademapa.com\\\/?product=mapa-sub-historia-da-educacao-fisica-52-2023#primaryimage\"},\"thumbnailUrl\":\"https:\\\/\\\/i0.wp.com\\\/atividademapa.com\\\/wp-content\\\/uploads\\\/2023\\\/03\\\/Atividade-M.A.P.A-3.png?fit=300%2C300&ssl=1\",\"datePublished\":\"2023-08-22T10:40:46+00:00\",\"dateModified\":\"2023-08-22T11:30:30+00:00\",\"description\":\"Atividade MAPA SUB Hist\u00f3ria da Educa\u00e7\u00e3o F\u00edsica 52\\\/2023 &#8902; Unicesumar. Baixe agora mesmo um Mapa Pronto resolvido!\",\"breadcrumb\":{\"@id\":\"https:\\\/\\\/atividademapa.com\\\/?product=mapa-sub-historia-da-educacao-fisica-52-2023#breadcrumb\"},\"inLanguage\":\"pt-BR\",\"potentialAction\":[{\"@type\":\"ReadAction\",\"target\":[\"https:\\\/\\\/atividademapa.com\\\/?product=mapa-sub-historia-da-educacao-fisica-52-2023\"]}]},{\"@type\":\"ImageObject\",\"inLanguage\":\"pt-BR\",\"@id\":\"https:\\\/\\\/atividademapa.com\\\/?product=mapa-sub-historia-da-educacao-fisica-52-2023#primaryimage\",\"url\":\"https:\\\/\\\/i0.wp.com\\\/atividademapa.com\\\/wp-content\\\/uploads\\\/2023\\\/03\\\/Atividade-M.A.P.A-3.png?fit=300%2C300&ssl=1\",\"contentUrl\":\"https:\\\/\\\/i0.wp.com\\\/atividademapa.com\\\/wp-content\\\/uploads\\\/2023\\\/03\\\/Atividade-M.A.P.A-3.png?fit=300%2C300&ssl=1\",\"width\":300,\"height\":300,\"caption\":\"Mapa Unicesumar Atividade\"},{\"@type\":\"BreadcrumbList\",\"@id\":\"https:\\\/\\\/atividademapa.com\\\/?product=mapa-sub-historia-da-educacao-fisica-52-2023#breadcrumb\",\"itemListElement\":[{\"@type\":\"ListItem\",\"position\":1,\"name\":\"In\u00edcio\",\"item\":\"https:\\\/\\\/atividademapa.com\\\/\"},{\"@type\":\"ListItem\",\"position\":2,\"name\":\"MAPAS\",\"item\":\"https:\\\/\\\/atividademapa.com\\\/?page_id=5\"},{\"@type\":\"ListItem\",\"position\":3,\"name\":\"MAPA SUB Hist\u00f3ria da Educa\u00e7\u00e3o F\u00edsica 52\\\/2023\"}]},{\"@type\":\"WebSite\",\"@id\":\"https:\\\/\\\/atividademapa.com\\\/#website\",\"url\":\"https:\\\/\\\/atividademapa.com\\\/\",\"name\":\"Atividade Mapa\",\"description\":\"StudeO | Unicesumar\",\"publisher\":{\"@id\":\"https:\\\/\\\/atividademapa.com\\\/#organization\"},\"potentialAction\":[{\"@type\":\"SearchAction\",\"target\":{\"@type\":\"EntryPoint\",\"urlTemplate\":\"https:\\\/\\\/atividademapa.com\\\/?s={search_term_string}\"},\"query-input\":{\"@type\":\"PropertyValueSpecification\",\"valueRequired\":true,\"valueName\":\"search_term_string\"}}],\"inLanguage\":\"pt-BR\"},{\"@type\":\"Organization\",\"@id\":\"https:\\\/\\\/atividademapa.com\\\/#organization\",\"name\":\"Atividade MAPA\",\"url\":\"https:\\\/\\\/atividademapa.com\\\/\",\"logo\":{\"@type\":\"ImageObject\",\"inLanguage\":\"pt-BR\",\"@id\":\"https:\\\/\\\/atividademapa.com\\\/#\\\/schema\\\/logo\\\/image\\\/\",\"url\":\"https:\\\/\\\/i0.wp.com\\\/atividademapa.com\\\/wp-content\\\/uploads\\\/2023\\\/02\\\/ATIVIDADE.png?fit=600%2C300&ssl=1\",\"contentUrl\":\"https:\\\/\\\/i0.wp.com\\\/atividademapa.com\\\/wp-content\\\/uploads\\\/2023\\\/02\\\/ATIVIDADE.png?fit=600%2C300&ssl=1\",\"width\":600,\"height\":300,\"caption\":\"Atividade MAPA\"},\"image\":{\"@id\":\"https:\\\/\\\/atividademapa.com\\\/#\\\/schema\\\/logo\\\/image\\\/\"}}]}<\/script>\n<!-- \/ Yoast SEO plugin. -->","yoast_head_json":{"title":"MAPA SUB Hist\u00f3ria da Educa\u00e7\u00e3o F\u00edsica 52\/2023","description":"Atividade MAPA SUB Hist\u00f3ria da Educa\u00e7\u00e3o F\u00edsica 52\/2023 &#8902; Unicesumar. Baixe agora mesmo um Mapa Pronto resolvido!","robots":{"index":"index","follow":"follow","max-snippet":"max-snippet:-1","max-image-preview":"max-image-preview:large","max-video-preview":"max-video-preview:-1"},"canonical":"https:\/\/atividademapa.com\/?product=mapa-sub-historia-da-educacao-fisica-52-2023","og_locale":"pt_BR","og_type":"article","og_title":"MAPA SUB Hist\u00f3ria da Educa\u00e7\u00e3o F\u00edsica 52\/2023","og_description":"Atividade MAPA SUB Hist\u00f3ria da Educa\u00e7\u00e3o F\u00edsica 52\/2023 &#8902; Unicesumar. Baixe agora mesmo um Mapa Pronto resolvido!","og_url":"https:\/\/atividademapa.com\/?product=mapa-sub-historia-da-educacao-fisica-52-2023","og_site_name":"Atividade Mapa","article_modified_time":"2023-08-22T11:30:30+00:00","og_image":[{"width":300,"height":300,"url":"https:\/\/i0.wp.com\/atividademapa.com\/wp-content\/uploads\/2023\/03\/Atividade-M.A.P.A-3.png?fit=300%2C300&ssl=1","type":"image\/png"}],"twitter_card":"summary_large_image","twitter_misc":{"Est. tempo de leitura":"2 minutos"},"schema":{"@context":"https:\/\/schema.org","@graph":[{"@type":"WebPage","@id":"https:\/\/atividademapa.com\/?product=mapa-sub-historia-da-educacao-fisica-52-2023","url":"https:\/\/atividademapa.com\/?product=mapa-sub-historia-da-educacao-fisica-52-2023","name":"MAPA SUB Hist\u00f3ria da Educa\u00e7\u00e3o F\u00edsica 52\/2023","isPartOf":{"@id":"https:\/\/atividademapa.com\/#website"},"primaryImageOfPage":{"@id":"https:\/\/atividademapa.com\/?product=mapa-sub-historia-da-educacao-fisica-52-2023#primaryimage"},"image":{"@id":"https:\/\/atividademapa.com\/?product=mapa-sub-historia-da-educacao-fisica-52-2023#primaryimage"},"thumbnailUrl":"https:\/\/i0.wp.com\/atividademapa.com\/wp-content\/uploads\/2023\/03\/Atividade-M.A.P.A-3.png?fit=300%2C300&ssl=1","datePublished":"2023-08-22T10:40:46+00:00","dateModified":"2023-08-22T11:30:30+00:00","description":"Atividade MAPA SUB Hist\u00f3ria da Educa\u00e7\u00e3o F\u00edsica 52\/2023 &#8902; Unicesumar. Baixe agora mesmo um Mapa Pronto resolvido!","breadcrumb":{"@id":"https:\/\/atividademapa.com\/?product=mapa-sub-historia-da-educacao-fisica-52-2023#breadcrumb"},"inLanguage":"pt-BR","potentialAction":[{"@type":"ReadAction","target":["https:\/\/atividademapa.com\/?product=mapa-sub-historia-da-educacao-fisica-52-2023"]}]},{"@type":"ImageObject","inLanguage":"pt-BR","@id":"https:\/\/atividademapa.com\/?product=mapa-sub-historia-da-educacao-fisica-52-2023#primaryimage","url":"https:\/\/i0.wp.com\/atividademapa.com\/wp-content\/uploads\/2023\/03\/Atividade-M.A.P.A-3.png?fit=300%2C300&ssl=1","contentUrl":"https:\/\/i0.wp.com\/atividademapa.com\/wp-content\/uploads\/2023\/03\/Atividade-M.A.P.A-3.png?fit=300%2C300&ssl=1","width":300,"height":300,"caption":"Mapa Unicesumar Atividade"},{"@type":"BreadcrumbList","@id":"https:\/\/atividademapa.com\/?product=mapa-sub-historia-da-educacao-fisica-52-2023#breadcrumb","itemListElement":[{"@type":"ListItem","position":1,"name":"In\u00edcio","item":"https:\/\/atividademapa.com\/"},{"@type":"ListItem","position":2,"name":"MAPAS","item":"https:\/\/atividademapa.com\/?page_id=5"},{"@type":"ListItem","position":3,"name":"MAPA SUB Hist\u00f3ria da Educa\u00e7\u00e3o F\u00edsica 52\/2023"}]},{"@type":"WebSite","@id":"https:\/\/atividademapa.com\/#website","url":"https:\/\/atividademapa.com\/","name":"Atividade Mapa","description":"StudeO | Unicesumar","publisher":{"@id":"https:\/\/atividademapa.com\/#organization"},"potentialAction":[{"@type":"SearchAction","target":{"@type":"EntryPoint","urlTemplate":"https:\/\/atividademapa.com\/?s={search_term_string}"},"query-input":{"@type":"PropertyValueSpecification","valueRequired":true,"valueName":"search_term_string"}}],"inLanguage":"pt-BR"},{"@type":"Organization","@id":"https:\/\/atividademapa.com\/#organization","name":"Atividade MAPA","url":"https:\/\/atividademapa.com\/","logo":{"@type":"ImageObject","inLanguage":"pt-BR","@id":"https:\/\/atividademapa.com\/#\/schema\/logo\/image\/","url":"https:\/\/i0.wp.com\/atividademapa.com\/wp-content\/uploads\/2023\/02\/ATIVIDADE.png?fit=600%2C300&ssl=1","contentUrl":"https:\/\/i0.wp.com\/atividademapa.com\/wp-content\/uploads\/2023\/02\/ATIVIDADE.png?fit=600%2C300&ssl=1","width":600,"height":300,"caption":"Atividade MAPA"},"image":{"@id":"https:\/\/atividademapa.com\/#\/schema\/logo\/image\/"}}]}},"_links":{"self":[{"href":"https:\/\/atividademapa.com\/index.php?rest_route=\/wp\/v2\/product\/2796","targetHints":{"allow":["GET"]}}],"collection":[{"href":"https:\/\/atividademapa.com\/index.php?rest_route=\/wp\/v2\/product"}],"about":[{"href":"https:\/\/atividademapa.com\/index.php?rest_route=\/wp\/v2\/types\/product"}],"version-history":[{"count":1,"href":"https:\/\/atividademapa.com\/index.php?rest_route=\/wp\/v2\/product\/2796\/revisions"}],"predecessor-version":[{"id":2798,"href":"https:\/\/atividademapa.com\/index.php?rest_route=\/wp\/v2\/product\/2796\/revisions\/2798"}],"wp:featuredmedia":[{"embeddable":true,"href":"https:\/\/atividademapa.com\/index.php?rest_route=\/wp\/v2\/media\/2326"}],"wp:attachment":[{"href":"https:\/\/atividademapa.com\/index.php?rest_route=%2Fwp%2Fv2%2Fmedia&parent=2796"}],"wp:term":[{"taxonomy":"product_brand","embeddable":true,"href":"https:\/\/atividademapa.com\/index.php?rest_route=%2Fwp%2Fv2%2Fproduct_brand&post=2796"},{"taxonomy":"product_cat","embeddable":true,"href":"https:\/\/atividademapa.com\/index.php?rest_route=%2Fwp%2Fv2%2Fproduct_cat&post=2796"},{"taxonomy":"product_tag","embeddable":true,"href":"https:\/\/atividademapa.com\/index.php?rest_route=%2Fwp%2Fv2%2Fproduct_tag&post=2796"}],"curies":[{"name":"wp","href":"https:\/\/api.w.org\/{rel}","templated":true}]}}