{"id":2799,"date":"2023-08-22T08:53:38","date_gmt":"2023-08-22T11:53:38","guid":{"rendered":"https:\/\/atividademapa.com\/?post_type=product&#038;p=2799"},"modified":"2023-08-23T23:48:35","modified_gmt":"2023-08-24T02:48:35","slug":"mapa-sub-bioestatistica-e-epidemiologia-52-2023","status":"publish","type":"product","link":"https:\/\/atividademapa.com\/?product=mapa-sub-bioestatistica-e-epidemiologia-52-2023","title":{"rendered":"MAPA SUB Bioestat\u00edstica e Epidemiologia 52\/2023"},"content":{"rendered":"<p>MAPA SUB &#8211; SA\u00daDE &#8211; BIOESTAT\u00cdSTICA E EPIDEMIOLOGIA &#8211; 52\/2023<\/p>\n<p>Voc\u00ea j\u00e1 parou para pensar como \u00e9 importante a pesquisa na \u00e1rea da sa\u00fade? Pois bem, para os profissionais de sa\u00fade \u00e9 importante saber de onde coletar os dados, como trabalhar com esses dados, para que possam tomar decis\u00f5es.<\/p>\n<p>Para realizar nosso<span style=\"color: #333333;\"> <a style=\"color: #333333;\" href=\"https:\/\/atividademapa.com\">MAPA SUB UNICESUMAR<\/a>,<\/span> leia o excerto a seguir:<\/p>\n<p>\u201cEm 03 de mar\u00e7o de 2023, chegamos a 1.000 dias de divulga\u00e7\u00e3o di\u00e1ria dos n\u00fameros de casos e \u00f3bitos da Covid-19 no Brasil, por meio do Painel Covid-19, criado pelo Conass. A constru\u00e7\u00e3o do Painel Conass Covid-19 exigiu coragem e muito esfor\u00e7o da equipe t\u00e9cnica do Conselho que, diante do apag\u00e3o de dados da doen\u00e7a por parte do Governo Federal e, em meio ao dram\u00e1tico cen\u00e1rio de mortes em que o pa\u00eds se encontrava, chamou para si a responsabilidade de trazer \u00e0 tona essas informa\u00e7\u00f5es t\u00e3o necess\u00e1rias para os gestores, sociedade, para a m\u00eddia e para o mundo.&#8221;<\/p>\n<p>Fonte: https:\/\/www.conass.org.br\/painelconasscovid19. Acesso em: 8 maio 2023.<\/p>\n<p>Em 31 de dezembro de 2019, a Organiza\u00e7\u00e3o Mundial da Sa\u00fade (OMS) foi alertada sobre v\u00e1rios casos de pneumonia na cidade de Wuhan, prov\u00edncia de Hubei, na Rep\u00fablica Popular da China. Tratava-se de uma nova cepa (tipo) de coronav\u00edrus que n\u00e3o havia sido identificada antes em seres humanos.<br \/>\nUma semana depois, em 7 de janeiro de 2020, as autoridades chinesas confirmaram que haviam identificado um novo tipo de coronav\u00edrus. Os coronav\u00edrus est\u00e3o por toda parte. Eles s\u00e3o a segunda principal causa de resfriado comum (ap\u00f3s rinov\u00edrus) e, at\u00e9 as \u00faltimas d\u00e9cadas, raramente causavam doen\u00e7as mais graves em humanos do que o resfriado comum.<br \/>\nAo todo, sete coronav\u00edrus humanos (HCoVs) j\u00e1 foram identificados: HCoV-229E, HCoV-OC43, HCoV-NL63, HCoV-HKU1, SARS-COV (que causa s\u00edndrome respirat\u00f3ria aguda grave), MERS-COV (que causa s\u00edndrome respirat\u00f3ria do Oriente M\u00e9dio) e, o mais recente, novo coronav\u00edrus (que no in\u00edcio foi temporariamente nomeado 2019-nCoV e,\u00a0em 11 de fevereiro de 2020, recebeu o nome de SARS-CoV-2). Esse novo coronav\u00edrus \u00e9 respons\u00e1vel por causar a doen\u00e7a COVID-19.<br \/>\nA OMS tem trabalhado com autoridades chinesas e especialistas globais desde o dia em que foi informada, para aprender mais sobre o v\u00edrus, como ele afeta as pessoas que est\u00e3o doentes, como podem ser tratadas e o que os pa\u00edses podem fazer para responder.<br \/>\nA Organiza\u00e7\u00e3o Pan-Americana da Sa\u00fade (OPAS) tem prestado apoio t\u00e9cnico aos pa\u00edses das Am\u00e9ricas e recomendado manter o sistema de vigil\u00e2ncia alerta, preparado para detectar, isolar e cuidar precocemente de pacientes infectados com o novo coronav\u00edrus.<\/p>\n<p>Fonte: https:\/\/www.paho.org\/pt\/covid19\/historico-da-pandemia-covid-19.\u00a0Acesso em:\u00a0 21 mar.2023.<\/p>\n<p>Os coronav\u00edrus (CoV) s\u00e3o uma ampla fam\u00edlia de v\u00edrus que podem causar uma variedade de condi\u00e7\u00f5es, do resfriado comum a doen\u00e7as mais graves.\u00a0Diante disso, nossa atividade MAPA SUB, que \u00e9 imersiva, consiste em:<\/p>\n<p>a) Fa\u00e7a uma pesquisa do seu Estado sobre os casos de COVID-19 no site: https:\/\/www.conass.org.br\/painelconasscovid19\/.<\/p>\n<p>b) Construa as tabelas com os dados do painel nacional, contendo os anos de 2020, 2021, 2022 e 2023 (at\u00e9 o momento).<\/p>\n<p>c) Construa as tabelas com indicadores, contendo os anos de 2020, 2021, 2022 e 2023 (at\u00e9 o momento).<\/p>\n<p>d) A partir dos dados construa um gr\u00e1fico de linhas com o panorama dos casos de COVID-19.<\/p>\n<p>e) Explique o que \u00e9 incid\u00eancia, mortalidade e letalidade.<\/p>\n<p>f) Finalize sua atividade MAPA SUB\u00a0explicando sobre a import\u00e2ncia do entendimento em Epidemiologia e sobre o comportamento da doen\u00e7a, baseado no que aprendeu na parte de Bioestat\u00edstica<\/p>\n<p><span style=\"color: #ffffff;\"><a style=\"color: #ffffff;\" href=\"http:\/\/eadcolaborar.com\">Mapa Unicesumar<\/a><\/span><\/p>\n","protected":false},"excerpt":{"rendered":"<p>MAPA SUB &#8211; SA\u00daDE &#8211; BIOESTAT\u00cdSTICA E EPIDEMIOLOGIA &#8211; 52\/2023 Voc\u00ea j\u00e1 parou para pensar como \u00e9 importante a pesquisa<\/p>\n","protected":false},"featured_media":2326,"template":"","meta":{"_monsterinsights_skip_tracking":false,"_monsterinsights_sitenote_active":false,"_monsterinsights_sitenote_note":"","_monsterinsights_sitenote_category":0},"product_brand":[],"product_cat":[15],"product_tag":[],"class_list":{"0":"post-2799","1":"product","2":"type-product","3":"status-publish","4":"has-post-thumbnail","6":"product_cat-uncategorized","8":"first","9":"instock","10":"downloadable","11":"virtual","12":"purchasable","13":"product-type-simple"},"yoast_head":"<!-- This site is optimized with the Yoast SEO plugin v27.4 - https:\/\/yoast.com\/product\/yoast-seo-wordpress\/ -->\n<title>MAPA SUB Bioestat\u00edstica e Epidemiologia 52\/2023<\/title>\n<meta name=\"description\" content=\"Atividade MAPA SUB Bioestat\u00edstica e Epidemiologia 52\/2023 &#8902; Unicesumar. Baixe agora mesmo um Mapa Pronto resolvido!\" \/>\n<meta name=\"robots\" content=\"index, follow, max-snippet:-1, max-image-preview:large, max-video-preview:-1\" \/>\n<link rel=\"canonical\" href=\"https:\/\/atividademapa.com\/?product=mapa-sub-bioestatistica-e-epidemiologia-52-2023\" \/>\n<meta property=\"og:locale\" content=\"pt_BR\" \/>\n<meta property=\"og:type\" content=\"article\" \/>\n<meta property=\"og:title\" content=\"MAPA SUB Bioestat\u00edstica e Epidemiologia 52\/2023\" \/>\n<meta property=\"og:description\" content=\"Atividade MAPA SUB Bioestat\u00edstica e Epidemiologia 52\/2023 &#8902; Unicesumar. Baixe agora mesmo um Mapa Pronto resolvido!\" \/>\n<meta property=\"og:url\" content=\"https:\/\/atividademapa.com\/?product=mapa-sub-bioestatistica-e-epidemiologia-52-2023\" \/>\n<meta property=\"og:site_name\" content=\"Atividade Mapa\" \/>\n<meta property=\"article:modified_time\" content=\"2023-08-24T02:48:35+00:00\" \/>\n<meta property=\"og:image\" content=\"https:\/\/i0.wp.com\/atividademapa.com\/wp-content\/uploads\/2023\/03\/Atividade-M.A.P.A-3.png?fit=300%2C300&ssl=1\" \/>\n\t<meta property=\"og:image:width\" content=\"300\" \/>\n\t<meta property=\"og:image:height\" content=\"300\" \/>\n\t<meta property=\"og:image:type\" content=\"image\/png\" \/>\n<meta name=\"twitter:card\" content=\"summary_large_image\" \/>\n<meta name=\"twitter:label1\" content=\"Est. tempo de leitura\" \/>\n\t<meta name=\"twitter:data1\" content=\"3 minutos\" \/>\n<script type=\"application\/ld+json\" class=\"yoast-schema-graph\">{\"@context\":\"https:\\\/\\\/schema.org\",\"@graph\":[{\"@type\":\"WebPage\",\"@id\":\"https:\\\/\\\/atividademapa.com\\\/?product=mapa-sub-bioestatistica-e-epidemiologia-52-2023\",\"url\":\"https:\\\/\\\/atividademapa.com\\\/?product=mapa-sub-bioestatistica-e-epidemiologia-52-2023\",\"name\":\"MAPA SUB Bioestat\u00edstica e Epidemiologia 52\\\/2023\",\"isPartOf\":{\"@id\":\"https:\\\/\\\/atividademapa.com\\\/#website\"},\"primaryImageOfPage\":{\"@id\":\"https:\\\/\\\/atividademapa.com\\\/?product=mapa-sub-bioestatistica-e-epidemiologia-52-2023#primaryimage\"},\"image\":{\"@id\":\"https:\\\/\\\/atividademapa.com\\\/?product=mapa-sub-bioestatistica-e-epidemiologia-52-2023#primaryimage\"},\"thumbnailUrl\":\"https:\\\/\\\/i0.wp.com\\\/atividademapa.com\\\/wp-content\\\/uploads\\\/2023\\\/03\\\/Atividade-M.A.P.A-3.png?fit=300%2C300&ssl=1\",\"datePublished\":\"2023-08-22T11:53:38+00:00\",\"dateModified\":\"2023-08-24T02:48:35+00:00\",\"description\":\"Atividade MAPA SUB Bioestat\u00edstica e Epidemiologia 52\\\/2023 &#8902; Unicesumar. Baixe agora mesmo um Mapa Pronto resolvido!\",\"breadcrumb\":{\"@id\":\"https:\\\/\\\/atividademapa.com\\\/?product=mapa-sub-bioestatistica-e-epidemiologia-52-2023#breadcrumb\"},\"inLanguage\":\"pt-BR\",\"potentialAction\":[{\"@type\":\"ReadAction\",\"target\":[\"https:\\\/\\\/atividademapa.com\\\/?product=mapa-sub-bioestatistica-e-epidemiologia-52-2023\"]}]},{\"@type\":\"ImageObject\",\"inLanguage\":\"pt-BR\",\"@id\":\"https:\\\/\\\/atividademapa.com\\\/?product=mapa-sub-bioestatistica-e-epidemiologia-52-2023#primaryimage\",\"url\":\"https:\\\/\\\/i0.wp.com\\\/atividademapa.com\\\/wp-content\\\/uploads\\\/2023\\\/03\\\/Atividade-M.A.P.A-3.png?fit=300%2C300&ssl=1\",\"contentUrl\":\"https:\\\/\\\/i0.wp.com\\\/atividademapa.com\\\/wp-content\\\/uploads\\\/2023\\\/03\\\/Atividade-M.A.P.A-3.png?fit=300%2C300&ssl=1\",\"width\":300,\"height\":300,\"caption\":\"Mapa Unicesumar Atividade\"},{\"@type\":\"BreadcrumbList\",\"@id\":\"https:\\\/\\\/atividademapa.com\\\/?product=mapa-sub-bioestatistica-e-epidemiologia-52-2023#breadcrumb\",\"itemListElement\":[{\"@type\":\"ListItem\",\"position\":1,\"name\":\"In\u00edcio\",\"item\":\"https:\\\/\\\/atividademapa.com\\\/\"},{\"@type\":\"ListItem\",\"position\":2,\"name\":\"MAPAS\",\"item\":\"https:\\\/\\\/atividademapa.com\\\/?page_id=5\"},{\"@type\":\"ListItem\",\"position\":3,\"name\":\"MAPA SUB Bioestat\u00edstica e Epidemiologia 52\\\/2023\"}]},{\"@type\":\"WebSite\",\"@id\":\"https:\\\/\\\/atividademapa.com\\\/#website\",\"url\":\"https:\\\/\\\/atividademapa.com\\\/\",\"name\":\"Atividade Mapa\",\"description\":\"StudeO | Unicesumar\",\"publisher\":{\"@id\":\"https:\\\/\\\/atividademapa.com\\\/#organization\"},\"potentialAction\":[{\"@type\":\"SearchAction\",\"target\":{\"@type\":\"EntryPoint\",\"urlTemplate\":\"https:\\\/\\\/atividademapa.com\\\/?s={search_term_string}\"},\"query-input\":{\"@type\":\"PropertyValueSpecification\",\"valueRequired\":true,\"valueName\":\"search_term_string\"}}],\"inLanguage\":\"pt-BR\"},{\"@type\":\"Organization\",\"@id\":\"https:\\\/\\\/atividademapa.com\\\/#organization\",\"name\":\"Atividade MAPA\",\"url\":\"https:\\\/\\\/atividademapa.com\\\/\",\"logo\":{\"@type\":\"ImageObject\",\"inLanguage\":\"pt-BR\",\"@id\":\"https:\\\/\\\/atividademapa.com\\\/#\\\/schema\\\/logo\\\/image\\\/\",\"url\":\"https:\\\/\\\/i0.wp.com\\\/atividademapa.com\\\/wp-content\\\/uploads\\\/2023\\\/02\\\/ATIVIDADE.png?fit=600%2C300&ssl=1\",\"contentUrl\":\"https:\\\/\\\/i0.wp.com\\\/atividademapa.com\\\/wp-content\\\/uploads\\\/2023\\\/02\\\/ATIVIDADE.png?fit=600%2C300&ssl=1\",\"width\":600,\"height\":300,\"caption\":\"Atividade MAPA\"},\"image\":{\"@id\":\"https:\\\/\\\/atividademapa.com\\\/#\\\/schema\\\/logo\\\/image\\\/\"}}]}<\/script>\n<!-- \/ Yoast SEO plugin. -->","yoast_head_json":{"title":"MAPA SUB Bioestat\u00edstica e Epidemiologia 52\/2023","description":"Atividade MAPA SUB Bioestat\u00edstica e Epidemiologia 52\/2023 &#8902; Unicesumar. Baixe agora mesmo um Mapa Pronto resolvido!","robots":{"index":"index","follow":"follow","max-snippet":"max-snippet:-1","max-image-preview":"max-image-preview:large","max-video-preview":"max-video-preview:-1"},"canonical":"https:\/\/atividademapa.com\/?product=mapa-sub-bioestatistica-e-epidemiologia-52-2023","og_locale":"pt_BR","og_type":"article","og_title":"MAPA SUB Bioestat\u00edstica e Epidemiologia 52\/2023","og_description":"Atividade MAPA SUB Bioestat\u00edstica e Epidemiologia 52\/2023 &#8902; Unicesumar. Baixe agora mesmo um Mapa Pronto resolvido!","og_url":"https:\/\/atividademapa.com\/?product=mapa-sub-bioestatistica-e-epidemiologia-52-2023","og_site_name":"Atividade Mapa","article_modified_time":"2023-08-24T02:48:35+00:00","og_image":[{"width":300,"height":300,"url":"https:\/\/i0.wp.com\/atividademapa.com\/wp-content\/uploads\/2023\/03\/Atividade-M.A.P.A-3.png?fit=300%2C300&ssl=1","type":"image\/png"}],"twitter_card":"summary_large_image","twitter_misc":{"Est. tempo de leitura":"3 minutos"},"schema":{"@context":"https:\/\/schema.org","@graph":[{"@type":"WebPage","@id":"https:\/\/atividademapa.com\/?product=mapa-sub-bioestatistica-e-epidemiologia-52-2023","url":"https:\/\/atividademapa.com\/?product=mapa-sub-bioestatistica-e-epidemiologia-52-2023","name":"MAPA SUB Bioestat\u00edstica e Epidemiologia 52\/2023","isPartOf":{"@id":"https:\/\/atividademapa.com\/#website"},"primaryImageOfPage":{"@id":"https:\/\/atividademapa.com\/?product=mapa-sub-bioestatistica-e-epidemiologia-52-2023#primaryimage"},"image":{"@id":"https:\/\/atividademapa.com\/?product=mapa-sub-bioestatistica-e-epidemiologia-52-2023#primaryimage"},"thumbnailUrl":"https:\/\/i0.wp.com\/atividademapa.com\/wp-content\/uploads\/2023\/03\/Atividade-M.A.P.A-3.png?fit=300%2C300&ssl=1","datePublished":"2023-08-22T11:53:38+00:00","dateModified":"2023-08-24T02:48:35+00:00","description":"Atividade MAPA SUB Bioestat\u00edstica e Epidemiologia 52\/2023 &#8902; Unicesumar. Baixe agora mesmo um Mapa Pronto resolvido!","breadcrumb":{"@id":"https:\/\/atividademapa.com\/?product=mapa-sub-bioestatistica-e-epidemiologia-52-2023#breadcrumb"},"inLanguage":"pt-BR","potentialAction":[{"@type":"ReadAction","target":["https:\/\/atividademapa.com\/?product=mapa-sub-bioestatistica-e-epidemiologia-52-2023"]}]},{"@type":"ImageObject","inLanguage":"pt-BR","@id":"https:\/\/atividademapa.com\/?product=mapa-sub-bioestatistica-e-epidemiologia-52-2023#primaryimage","url":"https:\/\/i0.wp.com\/atividademapa.com\/wp-content\/uploads\/2023\/03\/Atividade-M.A.P.A-3.png?fit=300%2C300&ssl=1","contentUrl":"https:\/\/i0.wp.com\/atividademapa.com\/wp-content\/uploads\/2023\/03\/Atividade-M.A.P.A-3.png?fit=300%2C300&ssl=1","width":300,"height":300,"caption":"Mapa Unicesumar Atividade"},{"@type":"BreadcrumbList","@id":"https:\/\/atividademapa.com\/?product=mapa-sub-bioestatistica-e-epidemiologia-52-2023#breadcrumb","itemListElement":[{"@type":"ListItem","position":1,"name":"In\u00edcio","item":"https:\/\/atividademapa.com\/"},{"@type":"ListItem","position":2,"name":"MAPAS","item":"https:\/\/atividademapa.com\/?page_id=5"},{"@type":"ListItem","position":3,"name":"MAPA SUB Bioestat\u00edstica e Epidemiologia 52\/2023"}]},{"@type":"WebSite","@id":"https:\/\/atividademapa.com\/#website","url":"https:\/\/atividademapa.com\/","name":"Atividade Mapa","description":"StudeO | Unicesumar","publisher":{"@id":"https:\/\/atividademapa.com\/#organization"},"potentialAction":[{"@type":"SearchAction","target":{"@type":"EntryPoint","urlTemplate":"https:\/\/atividademapa.com\/?s={search_term_string}"},"query-input":{"@type":"PropertyValueSpecification","valueRequired":true,"valueName":"search_term_string"}}],"inLanguage":"pt-BR"},{"@type":"Organization","@id":"https:\/\/atividademapa.com\/#organization","name":"Atividade MAPA","url":"https:\/\/atividademapa.com\/","logo":{"@type":"ImageObject","inLanguage":"pt-BR","@id":"https:\/\/atividademapa.com\/#\/schema\/logo\/image\/","url":"https:\/\/i0.wp.com\/atividademapa.com\/wp-content\/uploads\/2023\/02\/ATIVIDADE.png?fit=600%2C300&ssl=1","contentUrl":"https:\/\/i0.wp.com\/atividademapa.com\/wp-content\/uploads\/2023\/02\/ATIVIDADE.png?fit=600%2C300&ssl=1","width":600,"height":300,"caption":"Atividade MAPA"},"image":{"@id":"https:\/\/atividademapa.com\/#\/schema\/logo\/image\/"}}]}},"_links":{"self":[{"href":"https:\/\/atividademapa.com\/index.php?rest_route=\/wp\/v2\/product\/2799","targetHints":{"allow":["GET"]}}],"collection":[{"href":"https:\/\/atividademapa.com\/index.php?rest_route=\/wp\/v2\/product"}],"about":[{"href":"https:\/\/atividademapa.com\/index.php?rest_route=\/wp\/v2\/types\/product"}],"version-history":[{"count":3,"href":"https:\/\/atividademapa.com\/index.php?rest_route=\/wp\/v2\/product\/2799\/revisions"}],"predecessor-version":[{"id":2812,"href":"https:\/\/atividademapa.com\/index.php?rest_route=\/wp\/v2\/product\/2799\/revisions\/2812"}],"wp:featuredmedia":[{"embeddable":true,"href":"https:\/\/atividademapa.com\/index.php?rest_route=\/wp\/v2\/media\/2326"}],"wp:attachment":[{"href":"https:\/\/atividademapa.com\/index.php?rest_route=%2Fwp%2Fv2%2Fmedia&parent=2799"}],"wp:term":[{"taxonomy":"product_brand","embeddable":true,"href":"https:\/\/atividademapa.com\/index.php?rest_route=%2Fwp%2Fv2%2Fproduct_brand&post=2799"},{"taxonomy":"product_cat","embeddable":true,"href":"https:\/\/atividademapa.com\/index.php?rest_route=%2Fwp%2Fv2%2Fproduct_cat&post=2799"},{"taxonomy":"product_tag","embeddable":true,"href":"https:\/\/atividademapa.com\/index.php?rest_route=%2Fwp%2Fv2%2Fproduct_tag&post=2799"}],"curies":[{"name":"wp","href":"https:\/\/api.w.org\/{rel}","templated":true}]}}