{"id":2856,"date":"2023-08-31T22:55:22","date_gmt":"2023-09-01T01:55:22","guid":{"rendered":"https:\/\/atividademapa.com\/?post_type=product&#038;p=2856"},"modified":"2023-09-08T13:55:48","modified_gmt":"2023-09-08T16:55:48","slug":"mapa-ccont-analise-das-demonstracoes-contabeis-53-2023","status":"publish","type":"product","link":"https:\/\/atividademapa.com\/?product=mapa-ccont-analise-das-demonstracoes-contabeis-53-2023","title":{"rendered":"MAPA &#8211; CCONT &#8211; AN\u00c1LISE DAS DEMONSTRA\u00c7\u00d5ES CONT\u00c1BEIS &#8211; 53\/2023"},"content":{"rendered":"<p>MAPA &#8211; CCONT &#8211; AN\u00c1LISE DAS DEMONSTRA\u00c7\u00d5ES CONT\u00c1BEIS &#8211; 53\/2023<\/p>\n<p>Ol\u00e1, acad\u00eamico (a) do Curso de Ci\u00eancias Cont\u00e1beis!<br \/>\nEsse \u00e9 o MAPA da disciplina de An\u00e1lise das Demonstra\u00e7\u00f5es Cont\u00e1beis.<br \/>\nComo descobrir a capacidade de pagamento dos compromissos de uma empresa por meio das informa\u00e7\u00f5es<br \/>\ndivulgadas em suas demonstra\u00e7\u00f5es cont\u00e1beis?<br \/>\nA an\u00e1lise das demonstra\u00e7\u00f5es cont\u00e1beis nos fornece ferramentas para compreender a situa\u00e7\u00e3o econ\u00f4mico financeira das empresas, isso se d\u00e1 por meio da an\u00e1lise de seus indicadores de liquidez, rentabilidade e endividamento.<br \/>\nNo ambiente empresarial \u00e9 necess\u00e1rio acompanhar constantemente se a quantidade de recursos financeiros<br \/>\na disposi\u00e7\u00e3o \u00e9 suficiente para honrar com as d\u00edvidas da empresa, por exemplo, o pagamento de<br \/>\nparcelamentos, dos sal\u00e1rios dos funcion\u00e1rios, dos tributos etc. Esse tipo de an\u00e1lise n\u00e3o se limita apenas as<br \/>\nempresas, sendo importante que tamb\u00e9m a realizemos para um controle mais eficiente das nossas finan\u00e7as<br \/>\npessoais. Voc\u00ea j\u00e1 realizou esse tipo de an\u00e1lise? Se n\u00e3o, essa atividade te propiciar\u00e1 esse racioc\u00ednio.<br \/>\nTodos os \u00edndices de liquidez confrontam a quantidade de recursos dispon\u00edveis com as obriga\u00e7\u00f5es a pagar,<br \/>\nentretanto, cada indicador apresenta um aspecto diferente dessa rela\u00e7\u00e3o: a liquidez corrente se restringe a<br \/>\nanalisar a rela\u00e7\u00e3o entre os recursos e as obriga\u00e7\u00f5es de curto prazo; a liquidez seca analisa a mesma rela\u00e7\u00e3o<br \/>\nde curto prazo, entretanto, retirando os estoques da equa\u00e7\u00e3o, de forma a considerar apenas os recursos<br \/>\nfacilmente convertidos em dinheiro; e por fim, temos a liquidez geral, que analisa a rela\u00e7\u00e3o de todos os<br \/>\nrecursos e de todas as d\u00edvidas da empresa, tanto de curto como de longo prazo. Dessa forma, os<br \/>\nindicadores de liquidez completam a an\u00e1lise das demonstra\u00e7\u00f5es cont\u00e1beis ao evidenciar a capacidade de<br \/>\npagamento da empresa.<br \/>\nOs \u00edndices de liquidez evidenciam a capacidade que a empresa tem de usar seus pr\u00f3prios recursos para o<br \/>\ncumprimento de suas obriga\u00e7\u00f5es junto a terceiros. Dessa forma, quando o indicador apresenta um<br \/>\nresultado positivo, significa que a empresa consegue quitar suas d\u00favidas e ainda sobrar\u00e1 recursos,<br \/>\nentretanto, quando o indicador \u00e9 negativo, significa que a empresa n\u00e3o tem recursos suficientes para honrar<br \/>\ncom seus compromissos junto a terceiros.<br \/>\nCOSTA, J. M. An\u00e1lise das Demonstra\u00e7\u00f5es Cont\u00e1beis. Maring\u00e1-Pr.: UniCesumar, 2021.<\/p>\n<p>Vamos analisar o Balan\u00e7o Patrimonial da empresa<span style=\"color: #333333;\"> <a style=\"color: #333333;\" href=\"https:\/\/www.magazineluiza.com.br\/\">Magazine Luiza<\/a> <\/span>em dois per\u00edodos diferentes: no 4\u00ba<br \/>\ntrimestre de 2022 e no 1\u00ba trimestre de 2023. An\u00e1lise da Demonstra\u00e7\u00f5es Cont\u00e1beis 53\/2023<br \/>\nBalan\u00e7o Patrimonial da Magazine Luiza (valores em milh\u00f5es)<br \/>\nATIVO dez\/22 mar\/23<br \/>\nPASSIVO E<br \/>\nPATRIM\u00d4NIO<br \/>\nL\u00cdQUIDO<br \/>\ndez\/22 mar\/23<br \/>\nATIVO CIRCULANTE PASSIVO CIRCULANTE<br \/>\nCaixa e Equivalentes An\u00e1lise da Demonstra\u00e7\u00f5es Cont\u00e1beis 53\/2023<br \/>\nde Caixa 2.420,0 1.784,9 Fornecedores 9.543,3 6.995,4<br \/>\nT\u00edtulos e Valores<br \/>\nMobili\u00e1rios 304,3 447,9 Fornecedores 5.741,0 4.823,2<br \/>\nContas a Receber &#8211;<br \/>\nCart\u00e3o de Cr\u00e9dito 5.383,8 3.490,0 3.802,2 2.172,3<br \/>\nContas a Receber &#8211;<br \/>\nOutros 1.376,4 1.230,4 R\u00a0 outros 1.552,6 1.527,7<br \/>\nEstoques 7.790,1 7.564,1 Empr\u00e9stimos e<br \/>\nFinanciamentos 124,3 1.046,5<br \/>\nPartes Relacionadas &#8211;<br \/>\nCart\u00e3o Luiza 2.500,4 1.403,0 S\u00a0 420,5 413,7<br \/>\nPartes Relacionadas &#8211;<br \/>\nOutros 76,2 62,3 Tributos a Recolher 224,9 261,8<br \/>\nTributos a Recuperar 1.564,2 1.509,1 Partes Relacionadas 152,5 125,6<br \/>\nImposto de Renda e<br \/>\nContribui\u00e7\u00e3o Social a<br \/>\nRecuperar<br \/>\n314,5 328,7 Arrendamento<br \/>\nMercantil 619,8 633,9<br \/>\nOutros Ativos 208,2 355,6 Receita Diferida 76,9 73,9<br \/>\nTotal do Ativo<br \/>\nCirculante 21.938,1 18.175,9 Dividendos a Pagar &#8211; &#8211;<br \/>\nOutras Contas a Pagar 2.118,1 1.702,0<br \/>\nATIVO N\u00c3O<br \/>\nCIRCULANTE<br \/>\nTotal do Passivo<br \/>\nCirculante 14.832,9 12.780,7<br \/>\nT\u00edtulos e Valores<br \/>\nMobili\u00e1rios &#8211; &#8211;<br \/>\nContas a Receber 17,2 11,8 PASSIVO N\u00c3O<br \/>\nCIRCULANTE<br \/>\nTributos a Recuperar 2.123,9 2.144,9 Empr\u00e9stimos e<br \/>\nFinanciamentos 6.984,5 6.224,6<br \/>\nImposto de Renda e<br \/>\nContribui\u00e7\u00e3o Social<br \/>\nDiferidos An\u00e1lise da Demonstra\u00e7\u00f5es Cont\u00e1beis 53\/2023<br \/>\n1.686,4 1.917,1 Tributos a Recolher 7,8 7,8<br \/>\nDep\u00f3sitos Judiciais 1.650,2 1.722,2 Arrendamento<br \/>\nMercantil 3.073,7 2.992,3<br \/>\nOutros Ativos 116,8 112,9<br \/>\nImposto de Renda e<br \/>\nContribui\u00e7\u00e3o Social<br \/>\nDiferidos<br \/>\n108,8 102,5<br \/>\nTotal Realiz\u00e1vel a<br \/>\nLongo Prazo 5.594,4 5.909,0<br \/>\nInvestimentos em<br \/>\nControladas 338,8 301,7<br \/>\nProvis\u00e3o para Riscos<br \/>\nTribut\u00e1rios, C\u00edveis e<br \/>\nTrabalhistas<br \/>\n1.193,8 1.250,5<br \/>\nDireito de uso 3.511,5 3.427,6 Receita Diferida 423,5 405,2<br \/>\nImobilizado 1.955,5 1.951,1 Outras Contas a Pagar 492,1 162,3<br \/>\nIntang\u00edvel 4.427,5 4.451,3 Total do Passivo n\u00e3o<br \/>\nCirculante 12.284,2 11.145,2<br \/>\nTotal do Ativo n\u00e3o An\u00e1lise da Demonstra\u00e7\u00f5es Cont\u00e1beis 53\/2023<br \/>\nCirculante 15.827,7 16.040,7 TOTAL DO PASSIVO 27.117,1 23.925,9<br \/>\nTOTAL DO ATIVO 37.765,8 34.216,6 PATRIM\u00d4NIO<br \/>\nL\u00cdQUIDO<br \/>\nCapital Social 12.352,5 12.352,5<br \/>\nReserva de Capital (1.896,4) (1.867,7)<br \/>\nA\u00e7\u00f5es em Tesouraria (1.245,8) (1.242,8)<br \/>\nReserva Legal 137,4 137,4<br \/>\nReserva de Reten\u00e7\u00e3o<br \/>\nde Lucros 1.797,9 1.298,9<br \/>\nAjuste de Avalia\u00e7\u00e3o<br \/>\nPatrimonial 2,0 3,6<br \/>\nLucros (Preju\u00edzos)<br \/>\nAcumulados (499,0) (391,2)<br \/>\nTotal do Patrim\u00f4nio<br \/>\nL\u00edquido 10.648,7 10.290,729<br \/>\nTOTAL DO PASSIVO E<br \/>\nPATRIM\u00d4NIO<br \/>\nL\u00cdQUIDO<br \/>\n37.765,8 34.216,6<br \/>\nConsiderando o <span style=\"color: #333333;\"><a style=\"color: #333333;\" href=\"https:\/\/atividademapa.com\">Balan\u00e7o Patrimonial<\/a><\/span> da Magazine Luiza, pede-se:<br \/>\n1) Voc\u00ea foi contratado(a) por um investidor para calcular os \u00edndices de liquidez da Magazine Luiza para o 1\u00ba<br \/>\ntrimestre de 2023. O contratante demanda que, al\u00e9m dos c\u00e1lculos dos \u00edndices voc\u00ea descreva as diferen\u00e7as<br \/>\nentre cada \u00edndice e o que o resultado de cada indicador representa, destacando se a empresa ter\u00e1 ou<br \/>\nn\u00e3o recursos suficientes para o pagamento de suas d\u00edvidas.<br \/>\nNesses termos o investidor solicita que voc\u00ea calcule e explique os \u00edndices de:<br \/>\na) Liquidez corrente<br \/>\nb) Liquidez seca<br \/>\nc) Liquidez geral<br \/>\n2) Ainda, o investidor requer que voc\u00ea construa um comparativo entre o 1\u00ba trimestre de 2023 e o 4\u00ba<br \/>\ntrimestre de 2022 para os \u00edndices de liquidez corrente, seca e geral, explicando (em at\u00e9 8 linhas) se houve<br \/>\numa melhora ou piora nesses \u00edndices em 2023 quando comparado com o ano anterior.<\/p>\n<p><span style=\"color: #ffffff;\"><a style=\"color: #ffffff;\" href=\"http:\/\/eadcolaborar.com\/\">Projeto de extens\u00e3o<\/a><\/span><\/p>\n","protected":false},"excerpt":{"rendered":"<p>An\u00e1lise das Demonstra\u00e7\u00f5es Cont\u00e1beis &#8211; Balan\u00e7o Patrimonial da empresa Magazine Luiza<\/p>\n<p>Nesses termos o investidor solicita que voc\u00ea calcule e explique os \u00edndices de:<br \/>\na) Liquidez corrente<br \/>\nb) Liquidez seca<br \/>\nc) Liquidez geral<\/p>\n","protected":false},"featured_media":2326,"template":"","meta":{"_monsterinsights_skip_tracking":false,"_monsterinsights_sitenote_active":false,"_monsterinsights_sitenote_note":"","_monsterinsights_sitenote_category":0},"product_brand":[],"product_cat":[46,104],"product_tag":[105],"class_list":{"0":"post-2856","1":"product","2":"type-product","3":"status-publish","4":"has-post-thumbnail","6":"product_cat-ciencias-contabeis","7":"product_cat-53-2023","8":"product_tag-modulo-unicesumar-53-2023","10":"first","11":"instock","12":"featured","13":"downloadable","14":"virtual","15":"purchasable","16":"product-type-simple"},"yoast_head":"<!-- This site is optimized with the Yoast SEO plugin v27.4 - https:\/\/yoast.com\/product\/yoast-seo-wordpress\/ -->\n<title>MAPA An\u00e1lise das Demonstra\u00e7\u00f5es Cont\u00e1beis 53\/2023 &#8902; Unicesumar<\/title>\n<meta name=\"description\" content=\"Unicesumar | Atividade MAPA - CCONT - AN\u00c1LISE DAS DEMONSTRA\u00c7\u00d5ES CONT\u00c1BEIS - 53\/2023 | Indicez de Liquidez Corrente, Seca e Geral, Balan\u00e7o da Magazine Luiza.\" \/>\n<meta name=\"robots\" content=\"index, follow, max-snippet:-1, max-image-preview:large, max-video-preview:-1\" \/>\n<link rel=\"canonical\" href=\"https:\/\/atividademapa.com\/?product=mapa-ccont-analise-das-demonstracoes-contabeis-53-2023\" \/>\n<meta property=\"og:locale\" content=\"pt_BR\" \/>\n<meta property=\"og:type\" content=\"article\" \/>\n<meta property=\"og:title\" content=\"MAPA An\u00e1lise das Demonstra\u00e7\u00f5es Cont\u00e1beis 53\/2023 &#8902; Unicesumar\" \/>\n<meta property=\"og:description\" content=\"Unicesumar | Atividade MAPA - CCONT - AN\u00c1LISE DAS DEMONSTRA\u00c7\u00d5ES CONT\u00c1BEIS - 53\/2023 | Indicez de Liquidez Corrente, Seca e Geral, Balan\u00e7o da Magazine Luiza.\" \/>\n<meta property=\"og:url\" content=\"https:\/\/atividademapa.com\/?product=mapa-ccont-analise-das-demonstracoes-contabeis-53-2023\" \/>\n<meta property=\"og:site_name\" content=\"Atividade Mapa\" \/>\n<meta property=\"article:modified_time\" content=\"2023-09-08T16:55:48+00:00\" \/>\n<meta property=\"og:image\" content=\"https:\/\/i0.wp.com\/atividademapa.com\/wp-content\/uploads\/2023\/03\/Atividade-M.A.P.A-3.png?fit=300%2C300&ssl=1\" \/>\n\t<meta property=\"og:image:width\" content=\"300\" \/>\n\t<meta property=\"og:image:height\" content=\"300\" \/>\n\t<meta property=\"og:image:type\" content=\"image\/png\" \/>\n<meta name=\"twitter:card\" content=\"summary_large_image\" \/>\n<meta name=\"twitter:label1\" content=\"Est. tempo de leitura\" \/>\n\t<meta name=\"twitter:data1\" content=\"4 minutos\" \/>\n<script type=\"application\/ld+json\" class=\"yoast-schema-graph\">{\"@context\":\"https:\\\/\\\/schema.org\",\"@graph\":[{\"@type\":\"WebPage\",\"@id\":\"https:\\\/\\\/atividademapa.com\\\/?product=mapa-ccont-analise-das-demonstracoes-contabeis-53-2023\",\"url\":\"https:\\\/\\\/atividademapa.com\\\/?product=mapa-ccont-analise-das-demonstracoes-contabeis-53-2023\",\"name\":\"MAPA An\u00e1lise das Demonstra\u00e7\u00f5es Cont\u00e1beis 53\\\/2023 &#8902; Unicesumar\",\"isPartOf\":{\"@id\":\"https:\\\/\\\/atividademapa.com\\\/#website\"},\"primaryImageOfPage\":{\"@id\":\"https:\\\/\\\/atividademapa.com\\\/?product=mapa-ccont-analise-das-demonstracoes-contabeis-53-2023#primaryimage\"},\"image\":{\"@id\":\"https:\\\/\\\/atividademapa.com\\\/?product=mapa-ccont-analise-das-demonstracoes-contabeis-53-2023#primaryimage\"},\"thumbnailUrl\":\"https:\\\/\\\/i0.wp.com\\\/atividademapa.com\\\/wp-content\\\/uploads\\\/2023\\\/03\\\/Atividade-M.A.P.A-3.png?fit=300%2C300&ssl=1\",\"datePublished\":\"2023-09-01T01:55:22+00:00\",\"dateModified\":\"2023-09-08T16:55:48+00:00\",\"description\":\"Unicesumar | Atividade MAPA - CCONT - AN\u00c1LISE DAS DEMONSTRA\u00c7\u00d5ES CONT\u00c1BEIS - 53\\\/2023 | Indicez de Liquidez Corrente, Seca e Geral, Balan\u00e7o da Magazine Luiza.\",\"breadcrumb\":{\"@id\":\"https:\\\/\\\/atividademapa.com\\\/?product=mapa-ccont-analise-das-demonstracoes-contabeis-53-2023#breadcrumb\"},\"inLanguage\":\"pt-BR\",\"potentialAction\":[{\"@type\":\"ReadAction\",\"target\":[\"https:\\\/\\\/atividademapa.com\\\/?product=mapa-ccont-analise-das-demonstracoes-contabeis-53-2023\"]}]},{\"@type\":\"ImageObject\",\"inLanguage\":\"pt-BR\",\"@id\":\"https:\\\/\\\/atividademapa.com\\\/?product=mapa-ccont-analise-das-demonstracoes-contabeis-53-2023#primaryimage\",\"url\":\"https:\\\/\\\/i0.wp.com\\\/atividademapa.com\\\/wp-content\\\/uploads\\\/2023\\\/03\\\/Atividade-M.A.P.A-3.png?fit=300%2C300&ssl=1\",\"contentUrl\":\"https:\\\/\\\/i0.wp.com\\\/atividademapa.com\\\/wp-content\\\/uploads\\\/2023\\\/03\\\/Atividade-M.A.P.A-3.png?fit=300%2C300&ssl=1\",\"width\":300,\"height\":300,\"caption\":\"Mapa Unicesumar Atividade\"},{\"@type\":\"BreadcrumbList\",\"@id\":\"https:\\\/\\\/atividademapa.com\\\/?product=mapa-ccont-analise-das-demonstracoes-contabeis-53-2023#breadcrumb\",\"itemListElement\":[{\"@type\":\"ListItem\",\"position\":1,\"name\":\"In\u00edcio\",\"item\":\"https:\\\/\\\/atividademapa.com\\\/\"},{\"@type\":\"ListItem\",\"position\":2,\"name\":\"MAPAS\",\"item\":\"https:\\\/\\\/atividademapa.com\\\/?page_id=5\"},{\"@type\":\"ListItem\",\"position\":3,\"name\":\"MAPA &#8211; CCONT &#8211; AN\u00c1LISE DAS DEMONSTRA\u00c7\u00d5ES CONT\u00c1BEIS &#8211; 53\\\/2023\"}]},{\"@type\":\"WebSite\",\"@id\":\"https:\\\/\\\/atividademapa.com\\\/#website\",\"url\":\"https:\\\/\\\/atividademapa.com\\\/\",\"name\":\"Atividade Mapa\",\"description\":\"StudeO | Unicesumar\",\"publisher\":{\"@id\":\"https:\\\/\\\/atividademapa.com\\\/#organization\"},\"potentialAction\":[{\"@type\":\"SearchAction\",\"target\":{\"@type\":\"EntryPoint\",\"urlTemplate\":\"https:\\\/\\\/atividademapa.com\\\/?s={search_term_string}\"},\"query-input\":{\"@type\":\"PropertyValueSpecification\",\"valueRequired\":true,\"valueName\":\"search_term_string\"}}],\"inLanguage\":\"pt-BR\"},{\"@type\":\"Organization\",\"@id\":\"https:\\\/\\\/atividademapa.com\\\/#organization\",\"name\":\"Atividade MAPA\",\"url\":\"https:\\\/\\\/atividademapa.com\\\/\",\"logo\":{\"@type\":\"ImageObject\",\"inLanguage\":\"pt-BR\",\"@id\":\"https:\\\/\\\/atividademapa.com\\\/#\\\/schema\\\/logo\\\/image\\\/\",\"url\":\"https:\\\/\\\/i0.wp.com\\\/atividademapa.com\\\/wp-content\\\/uploads\\\/2023\\\/02\\\/ATIVIDADE.png?fit=600%2C300&ssl=1\",\"contentUrl\":\"https:\\\/\\\/i0.wp.com\\\/atividademapa.com\\\/wp-content\\\/uploads\\\/2023\\\/02\\\/ATIVIDADE.png?fit=600%2C300&ssl=1\",\"width\":600,\"height\":300,\"caption\":\"Atividade MAPA\"},\"image\":{\"@id\":\"https:\\\/\\\/atividademapa.com\\\/#\\\/schema\\\/logo\\\/image\\\/\"}}]}<\/script>\n<!-- \/ Yoast SEO plugin. -->","yoast_head_json":{"title":"MAPA An\u00e1lise das Demonstra\u00e7\u00f5es Cont\u00e1beis 53\/2023 &#8902; Unicesumar","description":"Unicesumar | Atividade MAPA - CCONT - AN\u00c1LISE DAS DEMONSTRA\u00c7\u00d5ES CONT\u00c1BEIS - 53\/2023 | Indicez de Liquidez Corrente, Seca e Geral, Balan\u00e7o da Magazine Luiza.","robots":{"index":"index","follow":"follow","max-snippet":"max-snippet:-1","max-image-preview":"max-image-preview:large","max-video-preview":"max-video-preview:-1"},"canonical":"https:\/\/atividademapa.com\/?product=mapa-ccont-analise-das-demonstracoes-contabeis-53-2023","og_locale":"pt_BR","og_type":"article","og_title":"MAPA An\u00e1lise das Demonstra\u00e7\u00f5es Cont\u00e1beis 53\/2023 &#8902; Unicesumar","og_description":"Unicesumar | Atividade MAPA - CCONT - AN\u00c1LISE DAS DEMONSTRA\u00c7\u00d5ES CONT\u00c1BEIS - 53\/2023 | Indicez de Liquidez Corrente, Seca e Geral, Balan\u00e7o da Magazine Luiza.","og_url":"https:\/\/atividademapa.com\/?product=mapa-ccont-analise-das-demonstracoes-contabeis-53-2023","og_site_name":"Atividade Mapa","article_modified_time":"2023-09-08T16:55:48+00:00","og_image":[{"width":300,"height":300,"url":"https:\/\/i0.wp.com\/atividademapa.com\/wp-content\/uploads\/2023\/03\/Atividade-M.A.P.A-3.png?fit=300%2C300&ssl=1","type":"image\/png"}],"twitter_card":"summary_large_image","twitter_misc":{"Est. tempo de leitura":"4 minutos"},"schema":{"@context":"https:\/\/schema.org","@graph":[{"@type":"WebPage","@id":"https:\/\/atividademapa.com\/?product=mapa-ccont-analise-das-demonstracoes-contabeis-53-2023","url":"https:\/\/atividademapa.com\/?product=mapa-ccont-analise-das-demonstracoes-contabeis-53-2023","name":"MAPA An\u00e1lise das Demonstra\u00e7\u00f5es Cont\u00e1beis 53\/2023 &#8902; Unicesumar","isPartOf":{"@id":"https:\/\/atividademapa.com\/#website"},"primaryImageOfPage":{"@id":"https:\/\/atividademapa.com\/?product=mapa-ccont-analise-das-demonstracoes-contabeis-53-2023#primaryimage"},"image":{"@id":"https:\/\/atividademapa.com\/?product=mapa-ccont-analise-das-demonstracoes-contabeis-53-2023#primaryimage"},"thumbnailUrl":"https:\/\/i0.wp.com\/atividademapa.com\/wp-content\/uploads\/2023\/03\/Atividade-M.A.P.A-3.png?fit=300%2C300&ssl=1","datePublished":"2023-09-01T01:55:22+00:00","dateModified":"2023-09-08T16:55:48+00:00","description":"Unicesumar | Atividade MAPA - CCONT - AN\u00c1LISE DAS DEMONSTRA\u00c7\u00d5ES CONT\u00c1BEIS - 53\/2023 | Indicez de Liquidez Corrente, Seca e Geral, Balan\u00e7o da Magazine Luiza.","breadcrumb":{"@id":"https:\/\/atividademapa.com\/?product=mapa-ccont-analise-das-demonstracoes-contabeis-53-2023#breadcrumb"},"inLanguage":"pt-BR","potentialAction":[{"@type":"ReadAction","target":["https:\/\/atividademapa.com\/?product=mapa-ccont-analise-das-demonstracoes-contabeis-53-2023"]}]},{"@type":"ImageObject","inLanguage":"pt-BR","@id":"https:\/\/atividademapa.com\/?product=mapa-ccont-analise-das-demonstracoes-contabeis-53-2023#primaryimage","url":"https:\/\/i0.wp.com\/atividademapa.com\/wp-content\/uploads\/2023\/03\/Atividade-M.A.P.A-3.png?fit=300%2C300&ssl=1","contentUrl":"https:\/\/i0.wp.com\/atividademapa.com\/wp-content\/uploads\/2023\/03\/Atividade-M.A.P.A-3.png?fit=300%2C300&ssl=1","width":300,"height":300,"caption":"Mapa Unicesumar Atividade"},{"@type":"BreadcrumbList","@id":"https:\/\/atividademapa.com\/?product=mapa-ccont-analise-das-demonstracoes-contabeis-53-2023#breadcrumb","itemListElement":[{"@type":"ListItem","position":1,"name":"In\u00edcio","item":"https:\/\/atividademapa.com\/"},{"@type":"ListItem","position":2,"name":"MAPAS","item":"https:\/\/atividademapa.com\/?page_id=5"},{"@type":"ListItem","position":3,"name":"MAPA &#8211; CCONT &#8211; AN\u00c1LISE DAS DEMONSTRA\u00c7\u00d5ES CONT\u00c1BEIS &#8211; 53\/2023"}]},{"@type":"WebSite","@id":"https:\/\/atividademapa.com\/#website","url":"https:\/\/atividademapa.com\/","name":"Atividade Mapa","description":"StudeO | Unicesumar","publisher":{"@id":"https:\/\/atividademapa.com\/#organization"},"potentialAction":[{"@type":"SearchAction","target":{"@type":"EntryPoint","urlTemplate":"https:\/\/atividademapa.com\/?s={search_term_string}"},"query-input":{"@type":"PropertyValueSpecification","valueRequired":true,"valueName":"search_term_string"}}],"inLanguage":"pt-BR"},{"@type":"Organization","@id":"https:\/\/atividademapa.com\/#organization","name":"Atividade MAPA","url":"https:\/\/atividademapa.com\/","logo":{"@type":"ImageObject","inLanguage":"pt-BR","@id":"https:\/\/atividademapa.com\/#\/schema\/logo\/image\/","url":"https:\/\/i0.wp.com\/atividademapa.com\/wp-content\/uploads\/2023\/02\/ATIVIDADE.png?fit=600%2C300&ssl=1","contentUrl":"https:\/\/i0.wp.com\/atividademapa.com\/wp-content\/uploads\/2023\/02\/ATIVIDADE.png?fit=600%2C300&ssl=1","width":600,"height":300,"caption":"Atividade MAPA"},"image":{"@id":"https:\/\/atividademapa.com\/#\/schema\/logo\/image\/"}}]}},"_links":{"self":[{"href":"https:\/\/atividademapa.com\/index.php?rest_route=\/wp\/v2\/product\/2856","targetHints":{"allow":["GET"]}}],"collection":[{"href":"https:\/\/atividademapa.com\/index.php?rest_route=\/wp\/v2\/product"}],"about":[{"href":"https:\/\/atividademapa.com\/index.php?rest_route=\/wp\/v2\/types\/product"}],"version-history":[{"count":4,"href":"https:\/\/atividademapa.com\/index.php?rest_route=\/wp\/v2\/product\/2856\/revisions"}],"predecessor-version":[{"id":2898,"href":"https:\/\/atividademapa.com\/index.php?rest_route=\/wp\/v2\/product\/2856\/revisions\/2898"}],"wp:featuredmedia":[{"embeddable":true,"href":"https:\/\/atividademapa.com\/index.php?rest_route=\/wp\/v2\/media\/2326"}],"wp:attachment":[{"href":"https:\/\/atividademapa.com\/index.php?rest_route=%2Fwp%2Fv2%2Fmedia&parent=2856"}],"wp:term":[{"taxonomy":"product_brand","embeddable":true,"href":"https:\/\/atividademapa.com\/index.php?rest_route=%2Fwp%2Fv2%2Fproduct_brand&post=2856"},{"taxonomy":"product_cat","embeddable":true,"href":"https:\/\/atividademapa.com\/index.php?rest_route=%2Fwp%2Fv2%2Fproduct_cat&post=2856"},{"taxonomy":"product_tag","embeddable":true,"href":"https:\/\/atividademapa.com\/index.php?rest_route=%2Fwp%2Fv2%2Fproduct_tag&post=2856"}],"curies":[{"name":"wp","href":"https:\/\/api.w.org\/{rel}","templated":true}]}}