{"id":2902,"date":"2023-09-09T13:50:52","date_gmt":"2023-09-09T16:50:52","guid":{"rendered":"https:\/\/atividademapa.com\/?post_type=product&#038;p=2902"},"modified":"2023-09-22T17:38:51","modified_gmt":"2023-09-22T20:38:51","slug":"mapa-administracao-financeira-53-2023","status":"publish","type":"product","link":"https:\/\/atividademapa.com\/?product=mapa-administracao-financeira-53-2023","title":{"rendered":"MAPA Administra\u00e7\u00e3o Financeira 53\/2023"},"content":{"rendered":"<p>MAPA Administra\u00e7\u00e3o Financeira 53\/2023<\/p>\n<p>Fundada em 1972, em Santo Andr\u00e9 (SP), por Guilherme Paulus, a CVC come\u00e7ou como uma pequena ag\u00eancia de turismo com foco na classe m\u00e9dia. Em 2001, come\u00e7ou a comercializar servi\u00e7os por meio do seu website pr\u00f3prio.<\/p>\n<p>Em 2009, a empresa recebeu um aporte de R$ 705 milh\u00f5es pela venda de 63% do capital da empresa para a Carlyle, empresa de private equity. Foi um momento importante de profissionaliza\u00e7\u00e3o da empresa. Isto pode ser representado pela forte expans\u00e3o de lojas exclusivas, considerando lojas pr\u00f3prias e franqueadas, com presen\u00e7a em todos os 26 estados brasileiros e no Distrito Federal. Em 2014, a empresa abre seu capital levantando R$ 540 milh\u00f5es (dando sa\u00edda ao Carlyle). Ap\u00f3s esse movimento, iniciou-se um processo org\u00e2nico e inorg\u00e2nico de forte crescimento. Um plano de abertura de 100 lojas por ano.<\/p>\n<p>A empresa est\u00e1 listada no Segmento Novo Mercado da B3, que sugere as melhores pr\u00e1ticas de governan\u00e7a corporativa. A empresa possui um controle acion\u00e1rio estilo True Corporation, ou seja, 100% em free float. Isso tende a ser algo positivo dado que n\u00e3o h\u00e1 conflito com grupos controladores (por exemplo, fam\u00edlias). O lado negativo \u00e9 que algumas vezes fica a impress\u00e3o de que \u00e9 \u201cuma empresa sem dono\u201d. Isso dificulta algumas vezes na tomada de decis\u00e3o estrat\u00e9gica da empresa. O conselho de administra\u00e7\u00e3o possui 7 membros, sendo 5 deles independentes. Um mix adequado, dado que conselheiros independentes tendem a possuir menos vieses na sua atua\u00e7\u00e3o.<\/p>\n<p>O setor de turismo est\u00e1 intimamente ligado ao setor de consumo, tendo seus resultados atrelados a crises econ\u00f4micas locais. Em outras palavras, economia indo bem, o setor tende a ir bem. Economia indo mal, setor vai mal. \u00c9 um setor c\u00edclico. Comparando com outros pa\u00edses, o Brasil teria espa\u00e7o para explorar mais seu turismo se melhorasse condi\u00e7\u00f5es de infraestrutura e seguran\u00e7a.<\/p>\n<p>O Brasil est\u00e1 na posi\u00e7\u00e3o 27 no \u00edndice de competitividade do turismo calculado pelo WTT (World Travel and Tourism). Se o Brasil atingisse a m\u00e9dia da renda do setor de Turismo sobre o PIB dos 12 maiores PIBs do mundo (11%), criaria aproximadamente US$ 54 Bi de riqueza. H\u00e1 potencial a ser explorado sob uma perspectiva de efici\u00eancia, por\u00e9m estamos pr\u00f3ximo dos 9% h\u00e1 um bom tempo.<\/p>\n<p>Apesar de estagnado em propor\u00e7\u00e3o do PIB, existe um driver importante que est\u00e1 retomando passado a crise econ\u00f4mica do Brasil: PAX (pessoa efetivamente transportada por quil\u00f4metro). Este indicador mostra a movimenta\u00e7\u00e3o efetiva de pessoas em voos divididos por quil\u00f4metro rodado. Isto \u00e9, quanto maior o indicador, maior a movimenta\u00e7\u00e3o de passageiros em viagens. Um ponto importante \u00e9 verificar a propor\u00e7\u00e3o baixa do PAX internacional, parte explicado por poucas pessoas terem condi\u00e7\u00f5es de realizar uma viagem internacional. \u00c9 justamente este cliente, o cliente que faz a primeira viagem da sua vida, que a CVC busca atender. Normalmente \u00e9 um cliente de baixa\/m\u00e9dia renda que n\u00e3o possui flu\u00eancia em outro idioma e precisa da assist\u00eancia de uma ag\u00eancia de turismo. Aparentemente, o ano de 2016 foi o vale da d\u00e9cada. Resta saber os impactos do Coronav\u00edrus neste n\u00famero.<\/p>\n<p>O mercado de operadoras de turismo no Brasil \u00e9 altamente pulverizado. Estima-se que 90% do mercado brasileiro \u00e9 operado por aproximadamente 91 associadas da BRAZTOA (Associa\u00e7\u00e3o Brasileira de Turismo). Estima-se que a CVC det\u00e9m 25% deste Market Share (participa\u00e7\u00e3o no mercado), sendo a maior operadora de turismo no Brasil e na Am\u00e9rica Latina. A CVC possui uma competi\u00e7\u00e3o direta com pequenas operadoras de turismo e com aut\u00f4nomos (n\u00e3o exclusivos a nenhuma bandeira). Por\u00e9m, talvez mais importante, a CVC concorre com empresas que tamb\u00e9m s\u00e3o seus fornecedores (exemplo: companhias a\u00e9reas). O conflito de interesses resultante dessa rela\u00e7\u00e3o, ter um concorrente como fornecedor, pode afetar negativamente o neg\u00f3cio. Por outro lado, a escala que a CVC possui ajuda a mitigar este risco, dado que seu volume de negocia\u00e7\u00e3o permite ter poder de barganha.<\/p>\n<p>Fonte: https:\/\/escoladoinvestidor.com\/wp-content\/uploads\/2020\/04\/CVC-Escola-do-Investidor.pdf. Acesso em: 29 jun. 2023.<\/p>\n<p><span style=\"color: #333333;\"><a style=\"color: #333333;\" href=\"https:\/\/atividademapa.com\">MAPA<\/a><\/span> <span style=\"color: #333333;\"><a style=\"color: #333333;\" href=\"https:\/\/eadcolaborar.com\/portfolio-unopar\/administracao\/\">Administra\u00e7\u00e3o<\/a> F<\/span>inanceira 53\/2023<br \/>\nSEGUNDA ETAPA: Leia a situa\u00e7\u00e3o problema da atividade:\u200b<\/p>\n<p>A empresa CVC est\u00e1 passando por uma reestrutura\u00e7\u00e3o or\u00e7ament\u00e1ria e, para isso, solicitou ao departamento financeiro uma an\u00e1lise detalhada, para apoio na tomada de decis\u00e3o da diretoria administrativa.<br \/>\nDados financeiros da empresa CVC (em milh\u00f5es de reais):<\/p>\n<p>Ano 1:<br \/>\nReceita l\u00edquida: 10.000<br \/>\nLucro bruto: 3.500<br \/>\nLucro operacional: 1.800<br \/>\nLucro l\u00edquido: 1.200<br \/>\nAtivo total: 15.000<br \/>\nAtivo circulante: 8.000<br \/>\nPassivo total: 8.000<br \/>\nPassivo circulante: 4.000<br \/>\nPatrim\u00f4nio l\u00edquido: 7.000<\/p>\n<p>Ano 2:<br \/>\nReceita l\u00edquida: 9.500<br \/>\nLucro bruto: 3.200<br \/>\nLucro operacional: 1.500<br \/>\nLucro l\u00edquido: 1.000<br \/>\nAtivo total: 16.500<br \/>\nAtivo circulante: 9.500<br \/>\nPassivo total: 9.500<br \/>\nPassivo circulante: 5.000<br \/>\nPatrim\u00f4nio l\u00edquido: 7.000<\/p>\n<p>Ano 3:<br \/>\nReceita l\u00edquida: 11.000<br \/>\nLucro bruto: 4.000<br \/>\nLucro operacional: 2.000<br \/>\nLucro l\u00edquido: 1.500<br \/>\nAtivo total: 17.500<br \/>\nAtivo circulante: 10.000<br \/>\nPassivo total: 9.000<br \/>\nPassivo circulante: 5.500<br \/>\nPatrim\u00f4nio l\u00edquido: 8.500<\/p>\n<p>MAPA Administra\u00e7\u00e3o Financeira 53\/2023<br \/>\nTERCEIRA ETAPA: Realiza\u00e7\u00e3o e envio da atividade:<\/p>\n<p>Caro, estudante!<br \/>\nSupondo que voc\u00ea \u00e9 o gerente financeiro da empresa CVC, com base no texto de apoio e nos dados financeiros dispon\u00edveis na Segunda Etapa, realize a an\u00e1lise solicitada e apresente ao conselho de administra\u00e7\u00e3o os principais indicadores de desempenho e a situa\u00e7\u00e3o financeira da empresa nos \u00faltimos tr\u00eas anos.<\/p>\n<p>Explique o conceito de cada um dos indicadores:<br \/>\n&#8211; Liquidez Corrente.<br \/>\n&#8211; Endividamento Geral.<br \/>\n&#8211; Rentabilidade (margem bruta, margem operacional e margem l\u00edquida).<\/p>\n<p>MAPA Administra\u00e7\u00e3o Financeira 53\/2023<br \/>\nConsiderando o ativo total, ativo circulante, passivo total, passivo circulante e patrim\u00f4nio l\u00edquido, para cada um dos 3 anos, calcule os indicadores:<br \/>\n&#8211; Liquidez Corrente.<br \/>\n&#8211; Endividamento Geral.<br \/>\n&#8211; Rentabilidade (margem bruta, margem operacional e margem l\u00edquida).<\/p>\n<p>Com base nos indicadores calculados e no texto de apoio, fa\u00e7a um breve relat\u00f3rio para o conselho de administra\u00e7\u00e3o explicando se a empresa melhorou seus indicadores ao longo dos anos. Identifique desafios e oportunidades para a CVC e sugira estrat\u00e9gias que poderiam ser adotadas pelo conselho de administra\u00e7\u00e3o para melhorar o desempenho financeiro da empresa.<\/p>\n<p>Orienta\u00e7\u00f5es para realiza\u00e7\u00e3o da Atividade MAPA:<br \/>\n* Realize uma Leitura da Unidade 2 do livro da disciplina.<br \/>\n* Assista ao v\u00eddeo explicativo da atividade MAPA, postado na pasta Material da disciplina.<br \/>\n* Utilize o Formul\u00e1rio Padr\u00e3o da Atividade MAPA, dispon\u00edvel na pasta Material da Disciplina.<br \/>\n* A atividade ser\u00e1 aceita somente pelo Studeo e dentro do prazo estipulado no question\u00e1rio. Atividades fora do prazo N\u00c3O ser\u00e3o aceitas!<br \/>\n* Antes de finalizar sua atividade MAPA, confira em seu arquivo anexado se sua resposta est\u00e1 completa, pois n\u00e3o haver\u00e1 outra oportunidade de editar e\/ou reenviar.<br \/>\n* Diante de d\u00favidas, entre em contato com o seu professor mediador pela ferramenta &#8220;Fale com Mediador&#8221;.<\/p>\n<p>Bons estudos. Sucesso!<\/p>\n<p><span style=\"color: #ffffff;\"><a style=\"color: #ffffff;\" href=\"https:\/\/mundodosportfolios.com\/produtos\/roteiro-aula-pratica-exames-radiologicos-especiais\/\">Roteiro Aula Pr\u00e1tica<\/a><\/span><\/p>\n","protected":false},"excerpt":{"rendered":"<p>MAPA Administra\u00e7\u00e3o Financeira 53\/2023<\/p>\n<p>&#8211; Liquidez Corrente.<br \/>\n&#8211; Endividamento Geral.<br \/>\n&#8211; Rentabilidade (margem bruta, margem operacional e margem l\u00edquida)<\/p>\n<p><strong><span style=\"color: #3366ff;\">Compre o Mapa e\u00a0 Ganhe AE 1 Gr\u00e1tis no mesmo Download<\/span><\/strong><\/p>\n","protected":false},"featured_media":2326,"template":"","meta":{"_monsterinsights_skip_tracking":false,"_monsterinsights_sitenote_active":false,"_monsterinsights_sitenote_note":"","_monsterinsights_sitenote_category":0},"product_brand":[],"product_cat":[22,61,104],"product_tag":[],"class_list":{"0":"post-2902","1":"product","2":"type-product","3":"status-publish","4":"has-post-thumbnail","6":"product_cat-administracao","7":"product_cat-gestao-financeira","8":"product_cat-53-2023","10":"first","11":"instock","12":"downloadable","13":"virtual","14":"purchasable","15":"product-type-simple"},"yoast_head":"<!-- This site is optimized with the Yoast SEO plugin v27.4 - https:\/\/yoast.com\/product\/yoast-seo-wordpress\/ -->\n<title>MAPA Administra\u00e7\u00e3o Financeira 53\/2023<\/title>\n<meta name=\"description\" content=\"Unicesumar | Atividade MAPA Administra\u00e7\u00e3o Financeira 53\/2023 | Liquidez Corrente, Endividamento Geral, Rentabilidade Empresa CVC, Ganhe AE1 Gr\u00e1tis.\" \/>\n<meta name=\"robots\" content=\"index, follow, max-snippet:-1, max-image-preview:large, max-video-preview:-1\" \/>\n<link rel=\"canonical\" href=\"https:\/\/atividademapa.com\/?product=mapa-administracao-financeira-53-2023\" \/>\n<meta property=\"og:locale\" content=\"pt_BR\" \/>\n<meta property=\"og:type\" content=\"article\" \/>\n<meta property=\"og:title\" content=\"MAPA Administra\u00e7\u00e3o Financeira 53\/2023\" \/>\n<meta property=\"og:description\" content=\"Unicesumar | Atividade MAPA Administra\u00e7\u00e3o Financeira 53\/2023 | Liquidez Corrente, Endividamento Geral, Rentabilidade Empresa CVC, Ganhe AE1 Gr\u00e1tis.\" \/>\n<meta property=\"og:url\" content=\"https:\/\/atividademapa.com\/?product=mapa-administracao-financeira-53-2023\" \/>\n<meta property=\"og:site_name\" content=\"Atividade Mapa\" \/>\n<meta property=\"article:modified_time\" content=\"2023-09-22T20:38:51+00:00\" \/>\n<meta property=\"og:image\" content=\"https:\/\/i0.wp.com\/atividademapa.com\/wp-content\/uploads\/2023\/03\/Atividade-M.A.P.A-3.png?fit=300%2C300&ssl=1\" \/>\n\t<meta property=\"og:image:width\" content=\"300\" \/>\n\t<meta property=\"og:image:height\" content=\"300\" \/>\n\t<meta property=\"og:image:type\" content=\"image\/png\" \/>\n<meta name=\"twitter:card\" content=\"summary_large_image\" \/>\n<meta name=\"twitter:label1\" content=\"Est. tempo de leitura\" \/>\n\t<meta name=\"twitter:data1\" content=\"6 minutos\" \/>\n<script type=\"application\/ld+json\" class=\"yoast-schema-graph\">{\"@context\":\"https:\\\/\\\/schema.org\",\"@graph\":[{\"@type\":\"WebPage\",\"@id\":\"https:\\\/\\\/atividademapa.com\\\/?product=mapa-administracao-financeira-53-2023\",\"url\":\"https:\\\/\\\/atividademapa.com\\\/?product=mapa-administracao-financeira-53-2023\",\"name\":\"MAPA Administra\u00e7\u00e3o Financeira 53\\\/2023\",\"isPartOf\":{\"@id\":\"https:\\\/\\\/atividademapa.com\\\/#website\"},\"primaryImageOfPage\":{\"@id\":\"https:\\\/\\\/atividademapa.com\\\/?product=mapa-administracao-financeira-53-2023#primaryimage\"},\"image\":{\"@id\":\"https:\\\/\\\/atividademapa.com\\\/?product=mapa-administracao-financeira-53-2023#primaryimage\"},\"thumbnailUrl\":\"https:\\\/\\\/i0.wp.com\\\/atividademapa.com\\\/wp-content\\\/uploads\\\/2023\\\/03\\\/Atividade-M.A.P.A-3.png?fit=300%2C300&ssl=1\",\"datePublished\":\"2023-09-09T16:50:52+00:00\",\"dateModified\":\"2023-09-22T20:38:51+00:00\",\"description\":\"Unicesumar | Atividade MAPA Administra\u00e7\u00e3o Financeira 53\\\/2023 | Liquidez Corrente, Endividamento Geral, Rentabilidade Empresa CVC, Ganhe AE1 Gr\u00e1tis.\",\"breadcrumb\":{\"@id\":\"https:\\\/\\\/atividademapa.com\\\/?product=mapa-administracao-financeira-53-2023#breadcrumb\"},\"inLanguage\":\"pt-BR\",\"potentialAction\":[{\"@type\":\"ReadAction\",\"target\":[\"https:\\\/\\\/atividademapa.com\\\/?product=mapa-administracao-financeira-53-2023\"]}]},{\"@type\":\"ImageObject\",\"inLanguage\":\"pt-BR\",\"@id\":\"https:\\\/\\\/atividademapa.com\\\/?product=mapa-administracao-financeira-53-2023#primaryimage\",\"url\":\"https:\\\/\\\/i0.wp.com\\\/atividademapa.com\\\/wp-content\\\/uploads\\\/2023\\\/03\\\/Atividade-M.A.P.A-3.png?fit=300%2C300&ssl=1\",\"contentUrl\":\"https:\\\/\\\/i0.wp.com\\\/atividademapa.com\\\/wp-content\\\/uploads\\\/2023\\\/03\\\/Atividade-M.A.P.A-3.png?fit=300%2C300&ssl=1\",\"width\":300,\"height\":300,\"caption\":\"Mapa Unicesumar Atividade\"},{\"@type\":\"BreadcrumbList\",\"@id\":\"https:\\\/\\\/atividademapa.com\\\/?product=mapa-administracao-financeira-53-2023#breadcrumb\",\"itemListElement\":[{\"@type\":\"ListItem\",\"position\":1,\"name\":\"In\u00edcio\",\"item\":\"https:\\\/\\\/atividademapa.com\\\/\"},{\"@type\":\"ListItem\",\"position\":2,\"name\":\"MAPAS\",\"item\":\"https:\\\/\\\/atividademapa.com\\\/?page_id=5\"},{\"@type\":\"ListItem\",\"position\":3,\"name\":\"MAPA Administra\u00e7\u00e3o Financeira 53\\\/2023\"}]},{\"@type\":\"WebSite\",\"@id\":\"https:\\\/\\\/atividademapa.com\\\/#website\",\"url\":\"https:\\\/\\\/atividademapa.com\\\/\",\"name\":\"Atividade Mapa\",\"description\":\"StudeO | Unicesumar\",\"publisher\":{\"@id\":\"https:\\\/\\\/atividademapa.com\\\/#organization\"},\"potentialAction\":[{\"@type\":\"SearchAction\",\"target\":{\"@type\":\"EntryPoint\",\"urlTemplate\":\"https:\\\/\\\/atividademapa.com\\\/?s={search_term_string}\"},\"query-input\":{\"@type\":\"PropertyValueSpecification\",\"valueRequired\":true,\"valueName\":\"search_term_string\"}}],\"inLanguage\":\"pt-BR\"},{\"@type\":\"Organization\",\"@id\":\"https:\\\/\\\/atividademapa.com\\\/#organization\",\"name\":\"Atividade MAPA\",\"url\":\"https:\\\/\\\/atividademapa.com\\\/\",\"logo\":{\"@type\":\"ImageObject\",\"inLanguage\":\"pt-BR\",\"@id\":\"https:\\\/\\\/atividademapa.com\\\/#\\\/schema\\\/logo\\\/image\\\/\",\"url\":\"https:\\\/\\\/i0.wp.com\\\/atividademapa.com\\\/wp-content\\\/uploads\\\/2023\\\/02\\\/ATIVIDADE.png?fit=600%2C300&ssl=1\",\"contentUrl\":\"https:\\\/\\\/i0.wp.com\\\/atividademapa.com\\\/wp-content\\\/uploads\\\/2023\\\/02\\\/ATIVIDADE.png?fit=600%2C300&ssl=1\",\"width\":600,\"height\":300,\"caption\":\"Atividade MAPA\"},\"image\":{\"@id\":\"https:\\\/\\\/atividademapa.com\\\/#\\\/schema\\\/logo\\\/image\\\/\"}}]}<\/script>\n<!-- \/ Yoast SEO plugin. -->","yoast_head_json":{"title":"MAPA Administra\u00e7\u00e3o Financeira 53\/2023","description":"Unicesumar | Atividade MAPA Administra\u00e7\u00e3o Financeira 53\/2023 | Liquidez Corrente, Endividamento Geral, Rentabilidade Empresa CVC, Ganhe AE1 Gr\u00e1tis.","robots":{"index":"index","follow":"follow","max-snippet":"max-snippet:-1","max-image-preview":"max-image-preview:large","max-video-preview":"max-video-preview:-1"},"canonical":"https:\/\/atividademapa.com\/?product=mapa-administracao-financeira-53-2023","og_locale":"pt_BR","og_type":"article","og_title":"MAPA Administra\u00e7\u00e3o Financeira 53\/2023","og_description":"Unicesumar | Atividade MAPA Administra\u00e7\u00e3o Financeira 53\/2023 | Liquidez Corrente, Endividamento Geral, Rentabilidade Empresa CVC, Ganhe AE1 Gr\u00e1tis.","og_url":"https:\/\/atividademapa.com\/?product=mapa-administracao-financeira-53-2023","og_site_name":"Atividade Mapa","article_modified_time":"2023-09-22T20:38:51+00:00","og_image":[{"width":300,"height":300,"url":"https:\/\/i0.wp.com\/atividademapa.com\/wp-content\/uploads\/2023\/03\/Atividade-M.A.P.A-3.png?fit=300%2C300&ssl=1","type":"image\/png"}],"twitter_card":"summary_large_image","twitter_misc":{"Est. tempo de leitura":"6 minutos"},"schema":{"@context":"https:\/\/schema.org","@graph":[{"@type":"WebPage","@id":"https:\/\/atividademapa.com\/?product=mapa-administracao-financeira-53-2023","url":"https:\/\/atividademapa.com\/?product=mapa-administracao-financeira-53-2023","name":"MAPA Administra\u00e7\u00e3o Financeira 53\/2023","isPartOf":{"@id":"https:\/\/atividademapa.com\/#website"},"primaryImageOfPage":{"@id":"https:\/\/atividademapa.com\/?product=mapa-administracao-financeira-53-2023#primaryimage"},"image":{"@id":"https:\/\/atividademapa.com\/?product=mapa-administracao-financeira-53-2023#primaryimage"},"thumbnailUrl":"https:\/\/i0.wp.com\/atividademapa.com\/wp-content\/uploads\/2023\/03\/Atividade-M.A.P.A-3.png?fit=300%2C300&ssl=1","datePublished":"2023-09-09T16:50:52+00:00","dateModified":"2023-09-22T20:38:51+00:00","description":"Unicesumar | Atividade MAPA Administra\u00e7\u00e3o Financeira 53\/2023 | Liquidez Corrente, Endividamento Geral, Rentabilidade Empresa CVC, Ganhe AE1 Gr\u00e1tis.","breadcrumb":{"@id":"https:\/\/atividademapa.com\/?product=mapa-administracao-financeira-53-2023#breadcrumb"},"inLanguage":"pt-BR","potentialAction":[{"@type":"ReadAction","target":["https:\/\/atividademapa.com\/?product=mapa-administracao-financeira-53-2023"]}]},{"@type":"ImageObject","inLanguage":"pt-BR","@id":"https:\/\/atividademapa.com\/?product=mapa-administracao-financeira-53-2023#primaryimage","url":"https:\/\/i0.wp.com\/atividademapa.com\/wp-content\/uploads\/2023\/03\/Atividade-M.A.P.A-3.png?fit=300%2C300&ssl=1","contentUrl":"https:\/\/i0.wp.com\/atividademapa.com\/wp-content\/uploads\/2023\/03\/Atividade-M.A.P.A-3.png?fit=300%2C300&ssl=1","width":300,"height":300,"caption":"Mapa Unicesumar Atividade"},{"@type":"BreadcrumbList","@id":"https:\/\/atividademapa.com\/?product=mapa-administracao-financeira-53-2023#breadcrumb","itemListElement":[{"@type":"ListItem","position":1,"name":"In\u00edcio","item":"https:\/\/atividademapa.com\/"},{"@type":"ListItem","position":2,"name":"MAPAS","item":"https:\/\/atividademapa.com\/?page_id=5"},{"@type":"ListItem","position":3,"name":"MAPA Administra\u00e7\u00e3o Financeira 53\/2023"}]},{"@type":"WebSite","@id":"https:\/\/atividademapa.com\/#website","url":"https:\/\/atividademapa.com\/","name":"Atividade Mapa","description":"StudeO | Unicesumar","publisher":{"@id":"https:\/\/atividademapa.com\/#organization"},"potentialAction":[{"@type":"SearchAction","target":{"@type":"EntryPoint","urlTemplate":"https:\/\/atividademapa.com\/?s={search_term_string}"},"query-input":{"@type":"PropertyValueSpecification","valueRequired":true,"valueName":"search_term_string"}}],"inLanguage":"pt-BR"},{"@type":"Organization","@id":"https:\/\/atividademapa.com\/#organization","name":"Atividade MAPA","url":"https:\/\/atividademapa.com\/","logo":{"@type":"ImageObject","inLanguage":"pt-BR","@id":"https:\/\/atividademapa.com\/#\/schema\/logo\/image\/","url":"https:\/\/i0.wp.com\/atividademapa.com\/wp-content\/uploads\/2023\/02\/ATIVIDADE.png?fit=600%2C300&ssl=1","contentUrl":"https:\/\/i0.wp.com\/atividademapa.com\/wp-content\/uploads\/2023\/02\/ATIVIDADE.png?fit=600%2C300&ssl=1","width":600,"height":300,"caption":"Atividade MAPA"},"image":{"@id":"https:\/\/atividademapa.com\/#\/schema\/logo\/image\/"}}]}},"_links":{"self":[{"href":"https:\/\/atividademapa.com\/index.php?rest_route=\/wp\/v2\/product\/2902","targetHints":{"allow":["GET"]}}],"collection":[{"href":"https:\/\/atividademapa.com\/index.php?rest_route=\/wp\/v2\/product"}],"about":[{"href":"https:\/\/atividademapa.com\/index.php?rest_route=\/wp\/v2\/types\/product"}],"version-history":[{"count":3,"href":"https:\/\/atividademapa.com\/index.php?rest_route=\/wp\/v2\/product\/2902\/revisions"}],"predecessor-version":[{"id":2906,"href":"https:\/\/atividademapa.com\/index.php?rest_route=\/wp\/v2\/product\/2902\/revisions\/2906"}],"wp:featuredmedia":[{"embeddable":true,"href":"https:\/\/atividademapa.com\/index.php?rest_route=\/wp\/v2\/media\/2326"}],"wp:attachment":[{"href":"https:\/\/atividademapa.com\/index.php?rest_route=%2Fwp%2Fv2%2Fmedia&parent=2902"}],"wp:term":[{"taxonomy":"product_brand","embeddable":true,"href":"https:\/\/atividademapa.com\/index.php?rest_route=%2Fwp%2Fv2%2Fproduct_brand&post=2902"},{"taxonomy":"product_cat","embeddable":true,"href":"https:\/\/atividademapa.com\/index.php?rest_route=%2Fwp%2Fv2%2Fproduct_cat&post=2902"},{"taxonomy":"product_tag","embeddable":true,"href":"https:\/\/atividademapa.com\/index.php?rest_route=%2Fwp%2Fv2%2Fproduct_tag&post=2902"}],"curies":[{"name":"wp","href":"https:\/\/api.w.org\/{rel}","templated":true}]}}