{"id":2908,"date":"2023-09-10T10:27:00","date_gmt":"2023-09-10T13:27:00","guid":{"rendered":"https:\/\/atividademapa.com\/?post_type=product&#038;p=2908"},"modified":"2023-12-11T10:03:12","modified_gmt":"2023-12-11T13:03:12","slug":"mapa-anatomia-humana-54-2023","status":"publish","type":"product","link":"https:\/\/atividademapa.com\/?product=mapa-anatomia-humana-54-2023","title":{"rendered":"MAPA Anatomia Humana 54\/2023"},"content":{"rendered":"<p>MAPA Anatomia Humana M\u00f3dulo 54\/2023<\/p>\n<div class=\"ng-scope\">\n<p>Para a realiza\u00e7\u00e3o da sua atividade MAPA, te convido a ler a seguinte situa\u00e7\u00e3o hipot\u00e9tica:<\/p>\n<p>Uma mulher, de 34 anos, na 24\u00aa semana de sua primeira gravidez, durante consulta pr\u00e9-natal, relatou dispneia, fadiga e aumento da frequ\u00eancia card\u00edaca durante exerc\u00edcios. A paciente n\u00e3o apresenta hist\u00f3rico familiar de problemas respirat\u00f3rios ou cardiovasculares. Sua gravidez at\u00e9 o momento \u00e9 considerada normal.<\/p>\n<p><em>Sinais vitais importantes:<\/em><\/p>\n<p>\u25a0 Pulso: 122 bpm &#8211;\u00a0 Refer\u00eancia: Frequ\u00eancia em repouso no adulto: 60- 100 bpm<br \/>\n\u25a0 Pulso fetal: 143 bpm &#8211;\u00a0 Refer\u00eancia: Frequ\u00eancia fetal basal: 110-160 bpm<\/p>\n<p>Resultados do exame f\u00edsico:<\/p>\n<p>\u25a0 Ausculta no \u00e1pice do cora\u00e7\u00e3o revela um sopro mesodiast\u00f3lico e \u201cestalido\u201d sist\u00f3lico.<br \/>\n<em>Estudos diagn\u00f3sticos por imagem:<\/em><br \/>\n\u25a0 Ecocardiografia revela calcifica\u00e7\u00e3o em ambos os folhetos da valva atrioventricular esquerda (mitral), abaulamento do folheto anterior e espessamento e encurtamento das cordas tend\u00edneas. O \u00e1trio esquerdo est\u00e1 aumentado.<\/p>\n<p><strong>Diagn\u00f3stico:<\/strong><br \/>\n\u25a0 Estenose da valva atrioventricular esquerda (mitral)<\/p>\n<\/div>\n<div class=\"ng-scope\"><\/div>\n<div class=\"ng-scope\">Fonte do caso cl\u00ednico: HANKIN, M.H; MORSE, D.E; BENNETT-CLARKE, C.A.\u00a0<strong>Anatomia cl\u00ednica: uma abordagem ao estudo de caso<\/strong>. Porto Alegre: AMGH, 2015.<\/div>\n<p><img data-recalc-dims=\"1\" decoding=\"async\" class=\"ng-scope\" src=\"https:\/\/i0.wp.com\/sistemasead.unicesumar.edu.br\/flex\/amfphp\/services\/Portal\/ImagemQuestionario2\/QUE_181021_553293_1.jpg?ssl=1\" alt=\"\" \/><\/p>\n<div class=\"ng-scope\"><strong>Figura 1:<\/strong>\u00a0Demonstra uma vista superior de um cora\u00e7\u00e3o, onde foram removidos os \u00e1trios, para demonstrar as valvas card\u00edacas. Na imagem \u00e9 poss\u00edvel observar o espessamento da valva atrioventricular esquerda (mitral) devido a calcifica\u00e7\u00e3o de seus folhetos. Fonte: https:\/\/cardiointervmaterdei.com.br\/2021\/05\/07\/estenose-mitral\/<\/div>\n<p><br class=\"ng-scope\" \/><br class=\"ng-scope\" \/><br class=\"ng-scope\" \/><img data-recalc-dims=\"1\" decoding=\"async\" class=\"ng-scope\" src=\"https:\/\/i0.wp.com\/sistemasead.unicesumar.edu.br\/flex\/amfphp\/services\/Portal\/ImagemQuestionario2\/QUE_181021_553293_2.jpg\" alt=\"\" \/><\/p>\n<div class=\"ng-scope\"><strong>Figura 2:<\/strong>\u00a0Representa\u00e7\u00e3o interna de um cora\u00e7\u00e3o em corte frontal, no qual \u00e9 poss\u00edvel observar o fluxo de sangue no momento da di\u00e1stole ventricular e o papel das valvas atrioventriculares. Fonte: https:\/\/www.lecturio.com\/pt\/concepts\/estenose-mitral\/<\/div>\n<p><br class=\"ng-scope\" \/><br class=\"ng-scope\" \/>A estenose da valva atrioventricular esquerda \u00e9 uma condi\u00e7\u00e3o progressiva, na qual as v\u00e1lvulas tomam-se r\u00edgidas e a impedem de se abrir adequadamente durante o ciclo card\u00edaco.<br class=\"ng-scope\" \/>Diante deste cen\u00e1rio, \u00e9 essencial que voc\u00ea como estudante na \u00e1rea da sa\u00fade, possa estabelecer conex\u00f5es entre o caso cl\u00ednico exposto e a anatomia do cora\u00e7\u00e3o.<br class=\"ng-scope\" \/><br class=\"ng-scope\" \/><strong class=\"ng-scope\">a)<\/strong>\u00a0Explique como ocorre a circula\u00e7\u00e3o do sangue dentro do cora\u00e7\u00e3o (c\u00e2maras card\u00edacas e vasos envolvidos) e relacione com o funcionamento das valvas card\u00edacas no momento da s\u00edstole e di\u00e1stole do cora\u00e7\u00e3o da paciente do caso cl\u00ednico. \u00a0<br class=\"ng-scope\" \/><strong class=\"ng-scope\">b)\u00a0<\/strong>Explique os componentes das valvas card\u00edacas e o seu funcionamento durante a s\u00edstole e a di\u00e1stole.<\/p>\n","protected":false},"excerpt":{"rendered":"<p>MAPA Anatomia Humana M\u00f3dulo 54\/2023<\/p>\n","protected":false},"featured_media":2326,"template":"","meta":{"_monsterinsights_skip_tracking":false,"_monsterinsights_sitenote_active":false,"_monsterinsights_sitenote_note":"","_monsterinsights_sitenote_category":0},"product_brand":[],"product_cat":[58,107],"product_tag":[],"class_list":{"0":"post-2908","1":"product","2":"type-product","3":"status-publish","4":"has-post-thumbnail","6":"product_cat-biomedicina","7":"product_cat-modulo-54-2023","9":"first","10":"instock","11":"downloadable","12":"virtual","13":"purchasable","14":"product-type-simple"},"yoast_head":"<!-- This site is optimized with the Yoast SEO plugin v27.4 - https:\/\/yoast.com\/product\/yoast-seo-wordpress\/ -->\n<title>MAPA Anatomia Humana 54\/2023<\/title>\n<meta name=\"description\" content=\"Atividade MAPA Anatomia Humana 54\/2023 &#8902; Unicesumar. Baixe agora mesmo um Mapa Pronto resolvido!\" \/>\n<meta name=\"robots\" content=\"index, follow, max-snippet:-1, max-image-preview:large, max-video-preview:-1\" \/>\n<link rel=\"canonical\" href=\"https:\/\/atividademapa.com\/?product=mapa-anatomia-humana-54-2023\" \/>\n<meta property=\"og:locale\" content=\"pt_BR\" \/>\n<meta property=\"og:type\" content=\"article\" \/>\n<meta property=\"og:title\" content=\"MAPA Anatomia Humana 54\/2023\" \/>\n<meta property=\"og:description\" content=\"Atividade MAPA Anatomia Humana 54\/2023 &#8902; Unicesumar. Baixe agora mesmo um Mapa Pronto resolvido!\" \/>\n<meta property=\"og:url\" content=\"https:\/\/atividademapa.com\/?product=mapa-anatomia-humana-54-2023\" \/>\n<meta property=\"og:site_name\" content=\"Atividade Mapa\" \/>\n<meta property=\"article:modified_time\" content=\"2023-12-11T13:03:12+00:00\" \/>\n<meta property=\"og:image\" content=\"https:\/\/i0.wp.com\/atividademapa.com\/wp-content\/uploads\/2023\/03\/Atividade-M.A.P.A-3.png?fit=300%2C300&ssl=1\" \/>\n\t<meta property=\"og:image:width\" content=\"300\" \/>\n\t<meta property=\"og:image:height\" content=\"300\" \/>\n\t<meta property=\"og:image:type\" content=\"image\/png\" \/>\n<meta name=\"twitter:card\" content=\"summary_large_image\" \/>\n<meta name=\"twitter:label1\" content=\"Est. tempo de leitura\" \/>\n\t<meta name=\"twitter:data1\" content=\"2 minutos\" \/>\n<script type=\"application\/ld+json\" class=\"yoast-schema-graph\">{\"@context\":\"https:\\\/\\\/schema.org\",\"@graph\":[{\"@type\":\"WebPage\",\"@id\":\"https:\\\/\\\/atividademapa.com\\\/?product=mapa-anatomia-humana-54-2023\",\"url\":\"https:\\\/\\\/atividademapa.com\\\/?product=mapa-anatomia-humana-54-2023\",\"name\":\"MAPA Anatomia Humana 54\\\/2023\",\"isPartOf\":{\"@id\":\"https:\\\/\\\/atividademapa.com\\\/#website\"},\"primaryImageOfPage\":{\"@id\":\"https:\\\/\\\/atividademapa.com\\\/?product=mapa-anatomia-humana-54-2023#primaryimage\"},\"image\":{\"@id\":\"https:\\\/\\\/atividademapa.com\\\/?product=mapa-anatomia-humana-54-2023#primaryimage\"},\"thumbnailUrl\":\"https:\\\/\\\/i0.wp.com\\\/atividademapa.com\\\/wp-content\\\/uploads\\\/2023\\\/03\\\/Atividade-M.A.P.A-3.png?fit=300%2C300&ssl=1\",\"datePublished\":\"2023-09-10T13:27:00+00:00\",\"dateModified\":\"2023-12-11T13:03:12+00:00\",\"description\":\"Atividade MAPA Anatomia Humana 54\\\/2023 &#8902; Unicesumar. Baixe agora mesmo um Mapa Pronto resolvido!\",\"breadcrumb\":{\"@id\":\"https:\\\/\\\/atividademapa.com\\\/?product=mapa-anatomia-humana-54-2023#breadcrumb\"},\"inLanguage\":\"pt-BR\",\"potentialAction\":[{\"@type\":\"ReadAction\",\"target\":[\"https:\\\/\\\/atividademapa.com\\\/?product=mapa-anatomia-humana-54-2023\"]}]},{\"@type\":\"ImageObject\",\"inLanguage\":\"pt-BR\",\"@id\":\"https:\\\/\\\/atividademapa.com\\\/?product=mapa-anatomia-humana-54-2023#primaryimage\",\"url\":\"https:\\\/\\\/i0.wp.com\\\/atividademapa.com\\\/wp-content\\\/uploads\\\/2023\\\/03\\\/Atividade-M.A.P.A-3.png?fit=300%2C300&ssl=1\",\"contentUrl\":\"https:\\\/\\\/i0.wp.com\\\/atividademapa.com\\\/wp-content\\\/uploads\\\/2023\\\/03\\\/Atividade-M.A.P.A-3.png?fit=300%2C300&ssl=1\",\"width\":300,\"height\":300,\"caption\":\"Mapa Unicesumar Atividade\"},{\"@type\":\"BreadcrumbList\",\"@id\":\"https:\\\/\\\/atividademapa.com\\\/?product=mapa-anatomia-humana-54-2023#breadcrumb\",\"itemListElement\":[{\"@type\":\"ListItem\",\"position\":1,\"name\":\"In\u00edcio\",\"item\":\"https:\\\/\\\/atividademapa.com\\\/\"},{\"@type\":\"ListItem\",\"position\":2,\"name\":\"MAPAS\",\"item\":\"https:\\\/\\\/atividademapa.com\\\/?page_id=5\"},{\"@type\":\"ListItem\",\"position\":3,\"name\":\"MAPA Anatomia Humana 54\\\/2023\"}]},{\"@type\":\"WebSite\",\"@id\":\"https:\\\/\\\/atividademapa.com\\\/#website\",\"url\":\"https:\\\/\\\/atividademapa.com\\\/\",\"name\":\"Atividade Mapa\",\"description\":\"StudeO | Unicesumar\",\"publisher\":{\"@id\":\"https:\\\/\\\/atividademapa.com\\\/#organization\"},\"potentialAction\":[{\"@type\":\"SearchAction\",\"target\":{\"@type\":\"EntryPoint\",\"urlTemplate\":\"https:\\\/\\\/atividademapa.com\\\/?s={search_term_string}\"},\"query-input\":{\"@type\":\"PropertyValueSpecification\",\"valueRequired\":true,\"valueName\":\"search_term_string\"}}],\"inLanguage\":\"pt-BR\"},{\"@type\":\"Organization\",\"@id\":\"https:\\\/\\\/atividademapa.com\\\/#organization\",\"name\":\"Atividade MAPA\",\"url\":\"https:\\\/\\\/atividademapa.com\\\/\",\"logo\":{\"@type\":\"ImageObject\",\"inLanguage\":\"pt-BR\",\"@id\":\"https:\\\/\\\/atividademapa.com\\\/#\\\/schema\\\/logo\\\/image\\\/\",\"url\":\"https:\\\/\\\/i0.wp.com\\\/atividademapa.com\\\/wp-content\\\/uploads\\\/2023\\\/02\\\/ATIVIDADE.png?fit=600%2C300&ssl=1\",\"contentUrl\":\"https:\\\/\\\/i0.wp.com\\\/atividademapa.com\\\/wp-content\\\/uploads\\\/2023\\\/02\\\/ATIVIDADE.png?fit=600%2C300&ssl=1\",\"width\":600,\"height\":300,\"caption\":\"Atividade MAPA\"},\"image\":{\"@id\":\"https:\\\/\\\/atividademapa.com\\\/#\\\/schema\\\/logo\\\/image\\\/\"}}]}<\/script>\n<!-- \/ Yoast SEO plugin. -->","yoast_head_json":{"title":"MAPA Anatomia Humana 54\/2023","description":"Atividade MAPA Anatomia Humana 54\/2023 &#8902; Unicesumar. Baixe agora mesmo um Mapa Pronto resolvido!","robots":{"index":"index","follow":"follow","max-snippet":"max-snippet:-1","max-image-preview":"max-image-preview:large","max-video-preview":"max-video-preview:-1"},"canonical":"https:\/\/atividademapa.com\/?product=mapa-anatomia-humana-54-2023","og_locale":"pt_BR","og_type":"article","og_title":"MAPA Anatomia Humana 54\/2023","og_description":"Atividade MAPA Anatomia Humana 54\/2023 &#8902; Unicesumar. Baixe agora mesmo um Mapa Pronto resolvido!","og_url":"https:\/\/atividademapa.com\/?product=mapa-anatomia-humana-54-2023","og_site_name":"Atividade Mapa","article_modified_time":"2023-12-11T13:03:12+00:00","og_image":[{"width":300,"height":300,"url":"https:\/\/i0.wp.com\/atividademapa.com\/wp-content\/uploads\/2023\/03\/Atividade-M.A.P.A-3.png?fit=300%2C300&ssl=1","type":"image\/png"}],"twitter_card":"summary_large_image","twitter_misc":{"Est. tempo de leitura":"2 minutos"},"schema":{"@context":"https:\/\/schema.org","@graph":[{"@type":"WebPage","@id":"https:\/\/atividademapa.com\/?product=mapa-anatomia-humana-54-2023","url":"https:\/\/atividademapa.com\/?product=mapa-anatomia-humana-54-2023","name":"MAPA Anatomia Humana 54\/2023","isPartOf":{"@id":"https:\/\/atividademapa.com\/#website"},"primaryImageOfPage":{"@id":"https:\/\/atividademapa.com\/?product=mapa-anatomia-humana-54-2023#primaryimage"},"image":{"@id":"https:\/\/atividademapa.com\/?product=mapa-anatomia-humana-54-2023#primaryimage"},"thumbnailUrl":"https:\/\/i0.wp.com\/atividademapa.com\/wp-content\/uploads\/2023\/03\/Atividade-M.A.P.A-3.png?fit=300%2C300&ssl=1","datePublished":"2023-09-10T13:27:00+00:00","dateModified":"2023-12-11T13:03:12+00:00","description":"Atividade MAPA Anatomia Humana 54\/2023 &#8902; Unicesumar. Baixe agora mesmo um Mapa Pronto resolvido!","breadcrumb":{"@id":"https:\/\/atividademapa.com\/?product=mapa-anatomia-humana-54-2023#breadcrumb"},"inLanguage":"pt-BR","potentialAction":[{"@type":"ReadAction","target":["https:\/\/atividademapa.com\/?product=mapa-anatomia-humana-54-2023"]}]},{"@type":"ImageObject","inLanguage":"pt-BR","@id":"https:\/\/atividademapa.com\/?product=mapa-anatomia-humana-54-2023#primaryimage","url":"https:\/\/i0.wp.com\/atividademapa.com\/wp-content\/uploads\/2023\/03\/Atividade-M.A.P.A-3.png?fit=300%2C300&ssl=1","contentUrl":"https:\/\/i0.wp.com\/atividademapa.com\/wp-content\/uploads\/2023\/03\/Atividade-M.A.P.A-3.png?fit=300%2C300&ssl=1","width":300,"height":300,"caption":"Mapa Unicesumar Atividade"},{"@type":"BreadcrumbList","@id":"https:\/\/atividademapa.com\/?product=mapa-anatomia-humana-54-2023#breadcrumb","itemListElement":[{"@type":"ListItem","position":1,"name":"In\u00edcio","item":"https:\/\/atividademapa.com\/"},{"@type":"ListItem","position":2,"name":"MAPAS","item":"https:\/\/atividademapa.com\/?page_id=5"},{"@type":"ListItem","position":3,"name":"MAPA Anatomia Humana 54\/2023"}]},{"@type":"WebSite","@id":"https:\/\/atividademapa.com\/#website","url":"https:\/\/atividademapa.com\/","name":"Atividade Mapa","description":"StudeO | Unicesumar","publisher":{"@id":"https:\/\/atividademapa.com\/#organization"},"potentialAction":[{"@type":"SearchAction","target":{"@type":"EntryPoint","urlTemplate":"https:\/\/atividademapa.com\/?s={search_term_string}"},"query-input":{"@type":"PropertyValueSpecification","valueRequired":true,"valueName":"search_term_string"}}],"inLanguage":"pt-BR"},{"@type":"Organization","@id":"https:\/\/atividademapa.com\/#organization","name":"Atividade MAPA","url":"https:\/\/atividademapa.com\/","logo":{"@type":"ImageObject","inLanguage":"pt-BR","@id":"https:\/\/atividademapa.com\/#\/schema\/logo\/image\/","url":"https:\/\/i0.wp.com\/atividademapa.com\/wp-content\/uploads\/2023\/02\/ATIVIDADE.png?fit=600%2C300&ssl=1","contentUrl":"https:\/\/i0.wp.com\/atividademapa.com\/wp-content\/uploads\/2023\/02\/ATIVIDADE.png?fit=600%2C300&ssl=1","width":600,"height":300,"caption":"Atividade MAPA"},"image":{"@id":"https:\/\/atividademapa.com\/#\/schema\/logo\/image\/"}}]}},"_links":{"self":[{"href":"https:\/\/atividademapa.com\/index.php?rest_route=\/wp\/v2\/product\/2908","targetHints":{"allow":["GET"]}}],"collection":[{"href":"https:\/\/atividademapa.com\/index.php?rest_route=\/wp\/v2\/product"}],"about":[{"href":"https:\/\/atividademapa.com\/index.php?rest_route=\/wp\/v2\/types\/product"}],"version-history":[{"count":4,"href":"https:\/\/atividademapa.com\/index.php?rest_route=\/wp\/v2\/product\/2908\/revisions"}],"predecessor-version":[{"id":3320,"href":"https:\/\/atividademapa.com\/index.php?rest_route=\/wp\/v2\/product\/2908\/revisions\/3320"}],"wp:featuredmedia":[{"embeddable":true,"href":"https:\/\/atividademapa.com\/index.php?rest_route=\/wp\/v2\/media\/2326"}],"wp:attachment":[{"href":"https:\/\/atividademapa.com\/index.php?rest_route=%2Fwp%2Fv2%2Fmedia&parent=2908"}],"wp:term":[{"taxonomy":"product_brand","embeddable":true,"href":"https:\/\/atividademapa.com\/index.php?rest_route=%2Fwp%2Fv2%2Fproduct_brand&post=2908"},{"taxonomy":"product_cat","embeddable":true,"href":"https:\/\/atividademapa.com\/index.php?rest_route=%2Fwp%2Fv2%2Fproduct_cat&post=2908"},{"taxonomy":"product_tag","embeddable":true,"href":"https:\/\/atividademapa.com\/index.php?rest_route=%2Fwp%2Fv2%2Fproduct_tag&post=2908"}],"curies":[{"name":"wp","href":"https:\/\/api.w.org\/{rel}","templated":true}]}}