{"id":3042,"date":"2023-10-11T08:29:51","date_gmt":"2023-10-11T11:29:51","guid":{"rendered":"https:\/\/atividademapa.com\/?post_type=product&#038;p=3042"},"modified":"2023-10-11T08:29:53","modified_gmt":"2023-10-11T11:29:53","slug":"mapa-gestao-da-qualidade-54-2023","status":"publish","type":"product","link":"https:\/\/atividademapa.com\/?product=mapa-gestao-da-qualidade-54-2023","title":{"rendered":"MAPA Gest\u00e3o da Qualidade 54\/2023"},"content":{"rendered":"<p>MAPA Gest\u00e3o da Qualidade 54\/2023<\/p>\n<p>Imagine a seguinte situa\u00e7\u00e3o:<\/p>\n<p>Uma empresa prestadora de servi\u00e7os de instala\u00e7\u00e3o de ar-condicionado est\u00e1 buscando avaliar a satisfa\u00e7\u00e3o dos clientes quanto ao servi\u00e7o prestado. Assim, voc\u00ea, sendo o gestor da qualidade, estabeleceu um checklist para ser aplicado ap\u00f3s a instala\u00e7\u00e3o dos produtos. Neste caso hipot\u00e9tico, voc\u00ea aplicou o question\u00e1rio em 20 clientes, sobre a qualidade do produto, qualidade do instalador e atendimento da empresa. A pontua\u00e7\u00e3o do cliente \u00e9 de um (1) a cinco (5) para cada quesito, sendo: (1) muito ruim;\u00a0(2)\u00a0ruim; (3)\u00a0bom; (4)\u00a0muito bom;\u00a0(5) excelente. Ap\u00f3s realizar a pesquisa voc\u00ea obteve os seguintes dados apresentados no Quadro 1.<\/p>\n<p>&nbsp;<\/p>\n<table width=\"481\">\n<tbody>\n<tr>\n<td width=\"98\"><strong>CLIENTE<\/strong><\/td>\n<td width=\"118\"><strong>QUALIDADE DO PRODUTO<\/strong><\/td>\n<td width=\"132\"><strong>QUALIDADE DO INSTALADOR<\/strong><\/td>\n<td width=\"132\"><strong>ATENDIMENTO DA EMPRESA<\/strong><\/td>\n<\/tr>\n<tr>\n<td width=\"98\">1<\/td>\n<td width=\"118\">1<\/td>\n<td width=\"132\">5<\/td>\n<td width=\"132\">5<\/td>\n<\/tr>\n<tr>\n<td width=\"98\">2<\/td>\n<td width=\"118\">2<\/td>\n<td width=\"132\">4<\/td>\n<td width=\"132\">4<\/td>\n<\/tr>\n<tr>\n<td width=\"98\">3<\/td>\n<td width=\"118\">5<\/td>\n<td width=\"132\">1<\/td>\n<td width=\"132\">2<\/td>\n<\/tr>\n<tr>\n<td width=\"98\">4<\/td>\n<td width=\"118\">1<\/td>\n<td width=\"132\">4<\/td>\n<td width=\"132\">5<\/td>\n<\/tr>\n<tr>\n<td width=\"98\">5<\/td>\n<td width=\"118\">4<\/td>\n<td width=\"132\">1<\/td>\n<td width=\"132\">4<\/td>\n<\/tr>\n<tr>\n<td width=\"98\">6<\/td>\n<td width=\"118\">3<\/td>\n<td width=\"132\">3<\/td>\n<td width=\"132\">3<\/td>\n<\/tr>\n<tr>\n<td width=\"98\">7<\/td>\n<td width=\"118\">5<\/td>\n<td width=\"132\">5<\/td>\n<td width=\"132\">4<\/td>\n<\/tr>\n<tr>\n<td width=\"98\">8<\/td>\n<td width=\"118\">4<\/td>\n<td width=\"132\">2<\/td>\n<td width=\"132\">5<\/td>\n<\/tr>\n<tr>\n<td width=\"98\">9<\/td>\n<td width=\"118\">2<\/td>\n<td width=\"132\">1<\/td>\n<td width=\"132\">2<\/td>\n<\/tr>\n<tr>\n<td width=\"98\">10<\/td>\n<td width=\"118\">3<\/td>\n<td width=\"132\">1<\/td>\n<td width=\"132\">3<\/td>\n<\/tr>\n<tr>\n<td width=\"98\">11<\/td>\n<td width=\"118\">3<\/td>\n<td width=\"132\">3<\/td>\n<td width=\"132\">4<\/td>\n<\/tr>\n<tr>\n<td width=\"98\">12<\/td>\n<td width=\"118\">5<\/td>\n<td width=\"132\">4<\/td>\n<td width=\"132\">2<\/td>\n<\/tr>\n<tr>\n<td width=\"98\">13<\/td>\n<td width=\"118\">2<\/td>\n<td width=\"132\">4<\/td>\n<td width=\"132\">4<\/td>\n<\/tr>\n<tr>\n<td width=\"98\">14<\/td>\n<td width=\"118\">5<\/td>\n<td width=\"132\">4<\/td>\n<td width=\"132\">3<\/td>\n<\/tr>\n<tr>\n<td width=\"98\">15<\/td>\n<td width=\"118\">1<\/td>\n<td width=\"132\">1<\/td>\n<td width=\"132\">2<\/td>\n<\/tr>\n<tr>\n<td width=\"98\">16<\/td>\n<td width=\"118\">5<\/td>\n<td width=\"132\">5<\/td>\n<td width=\"132\">5<\/td>\n<\/tr>\n<tr>\n<td width=\"98\">17<\/td>\n<td width=\"118\">4<\/td>\n<td width=\"132\">5<\/td>\n<td width=\"132\">2<\/td>\n<\/tr>\n<tr>\n<td width=\"98\">18<\/td>\n<td width=\"118\">5<\/td>\n<td width=\"132\">2<\/td>\n<td width=\"132\">4<\/td>\n<\/tr>\n<tr>\n<td width=\"98\">19<\/td>\n<td width=\"118\">2<\/td>\n<td width=\"132\">1<\/td>\n<td width=\"132\">4<\/td>\n<\/tr>\n<tr>\n<td width=\"98\">20<\/td>\n<td width=\"118\">1<\/td>\n<td width=\"132\">4<\/td>\n<td width=\"132\">2<\/td>\n<\/tr>\n<\/tbody>\n<\/table>\n<p>Quadro 1 &#8211;\u00a0Resultado da pesquisa de satisfa\u00e7\u00e3o.<\/p>\n<p>Fonte: o autor.<\/p>\n<p><strong>Diante dos dados apresentados no Quadro 1, responda:<\/strong><\/p>\n<p><strong>1 \u2013<\/strong> De acordo com a pontua\u00e7\u00e3o estabelecida no enunciado da atividade, preencha o Quadro 2 respondendo \u00e0s quest\u00f5es para cada quesito:<\/p>\n<p>&nbsp;<\/p>\n<table width=\"557\">\n<tbody>\n<tr>\n<td width=\"160\"><strong>CLIENTE<\/strong><\/td>\n<td width=\"132\"><strong>QUALIDADE DO PRODUTO<\/strong><\/td>\n<td width=\"132\"><strong>QUALIDADE DO INSTALADOR<\/strong><\/td>\n<td width=\"132\"><strong>ATENDIMENTO DA EMPRESA<\/strong><\/td>\n<\/tr>\n<tr>\n<td width=\"160\">Quantas pessoas marcaram (1)<\/td>\n<td width=\"132\"><\/td>\n<td width=\"132\"><\/td>\n<td width=\"132\"><\/td>\n<\/tr>\n<tr>\n<td width=\"160\">Quantas pessoas marcaram (2)<\/td>\n<td width=\"132\"><\/td>\n<td width=\"132\"><\/td>\n<td width=\"132\"><\/td>\n<\/tr>\n<tr>\n<td width=\"160\">Quantas pessoas marcaram (3)<\/td>\n<td width=\"132\"><\/td>\n<td width=\"132\"><\/td>\n<td width=\"132\"><\/td>\n<\/tr>\n<tr>\n<td width=\"160\">Quantas pessoas marcaram (4)<\/td>\n<td width=\"132\"><\/td>\n<td width=\"132\"><\/td>\n<td width=\"132\"><\/td>\n<\/tr>\n<tr>\n<td width=\"160\">Quantas pessoas marcaram (5)<\/td>\n<td width=\"132\"><\/td>\n<td width=\"132\"><\/td>\n<td width=\"132\"><\/td>\n<\/tr>\n<\/tbody>\n<\/table>\n<p>Quadro 2 &#8211;\u00a0Pontua\u00e7\u00e3o de satisfa\u00e7\u00e3o do cliente.<br \/>\nFonte: o autor.<\/p>\n<p><strong>2 \u2013<\/strong> Qual o valor percentual de percep\u00e7\u00e3o dos clientes para cada um dos quesitos? Preencha o Quadro 3 com os valores obtidos.<\/p>\n<p>&nbsp;<\/p>\n<table width=\"481\">\n<tbody>\n<tr>\n<td width=\"101\"><strong>CLIENTE<\/strong><\/td>\n<td width=\"125\"><strong>QUALIDADE DO PRODUTO<\/strong><\/td>\n<td width=\"132\"><strong>QUALIDADE DO INSTALADOR<\/strong><\/td>\n<td width=\"123\"><strong>ATENDIMENTO DA EMPRESA<\/strong><\/td>\n<\/tr>\n<tr>\n<td width=\"101\">Muito ruim<\/td>\n<td width=\"125\"><\/td>\n<td width=\"132\"><\/td>\n<td width=\"123\"><\/td>\n<\/tr>\n<tr>\n<td width=\"101\">Ruim<\/td>\n<td width=\"125\"><\/td>\n<td width=\"132\"><\/td>\n<td width=\"123\"><\/td>\n<\/tr>\n<tr>\n<td width=\"101\">Bom<\/td>\n<td width=\"125\"><\/td>\n<td width=\"132\"><\/td>\n<td width=\"123\"><\/td>\n<\/tr>\n<tr>\n<td width=\"101\">Muito bom<\/td>\n<td width=\"125\"><\/td>\n<td width=\"132\"><\/td>\n<td width=\"123\"><\/td>\n<\/tr>\n<tr>\n<td width=\"101\">Excelente<\/td>\n<td width=\"125\"><\/td>\n<td width=\"132\"><\/td>\n<td width=\"123\"><\/td>\n<\/tr>\n<\/tbody>\n<\/table>\n<p>Quadro 3 &#8211;\u00a0Percentual de satisfa\u00e7\u00e3o do cliente<br \/>\nFonte: o autor.<\/p>\n<p><strong>3 \u2013<\/strong> De acordo com os dados apresentados no Quadro 3, gere um gr\u00e1fico de barras contendo os tr\u00eas (3) requisitos estabelecidos na pesquisa.<\/p>\n<p><strong>4 \u2013<\/strong> Com base nos dados obtidos nos Quadros 2 e 3 e na sua avalia\u00e7\u00e3o, como est\u00e1 a qualidade dos produtos da empresa? Qual a\u00e7\u00e3o voc\u00ea tomaria para melhorar a aceita\u00e7\u00e3o do mercado consumidor? Justifique sua resposta em no m\u00e1ximo 5 (cinco) linhas.<\/p>\n","protected":false},"excerpt":{"rendered":"<p>Pontua\u00e7\u00e3o, Percep\u00e7\u00e3o dos Clientes, Gr\u00e1fico de barras com os requisitos da pesquisa.<\/p>\n","protected":false},"featured_media":2326,"template":"","meta":{"_monsterinsights_skip_tracking":false,"_monsterinsights_sitenote_active":false,"_monsterinsights_sitenote_note":"","_monsterinsights_sitenote_category":0},"product_brand":[],"product_cat":[29,107],"product_tag":[],"class_list":{"0":"post-3042","1":"product","2":"type-product","3":"status-publish","4":"has-post-thumbnail","6":"product_cat-gestao-de-qualidade","7":"product_cat-modulo-54-2023","9":"first","10":"instock","11":"downloadable","12":"virtual","13":"purchasable","14":"product-type-simple"},"yoast_head":"<!-- This site is optimized with the Yoast SEO plugin v27.4 - https:\/\/yoast.com\/product\/yoast-seo-wordpress\/ -->\n<title>MAPA Gest\u00e3o da Qualidade 54\/2023<\/title>\n<meta name=\"description\" content=\"MAPA Gest\u00e3o da Qualidade 54\/2023 Unicesumar | Atividade MAPA Pronto. Pontua\u00e7\u00e3o, Percep\u00e7\u00e3o dos Clientes, Gr\u00e1fico de barras com os requisitos da pesquisa.\" \/>\n<meta name=\"robots\" content=\"index, follow, max-snippet:-1, max-image-preview:large, max-video-preview:-1\" \/>\n<link rel=\"canonical\" href=\"https:\/\/atividademapa.com\/?product=mapa-gestao-da-qualidade-54-2023\" \/>\n<meta property=\"og:locale\" content=\"pt_BR\" \/>\n<meta property=\"og:type\" content=\"article\" \/>\n<meta property=\"og:title\" content=\"MAPA Gest\u00e3o da Qualidade 54\/2023\" \/>\n<meta property=\"og:description\" content=\"MAPA Gest\u00e3o da Qualidade 54\/2023 Unicesumar | Atividade MAPA Pronto. Pontua\u00e7\u00e3o, Percep\u00e7\u00e3o dos Clientes, Gr\u00e1fico de barras com os requisitos da pesquisa.\" \/>\n<meta property=\"og:url\" content=\"https:\/\/atividademapa.com\/?product=mapa-gestao-da-qualidade-54-2023\" \/>\n<meta property=\"og:site_name\" content=\"Atividade Mapa\" \/>\n<meta property=\"article:modified_time\" content=\"2023-10-11T11:29:53+00:00\" \/>\n<meta property=\"og:image\" content=\"https:\/\/i0.wp.com\/atividademapa.com\/wp-content\/uploads\/2023\/03\/Atividade-M.A.P.A-3.png?fit=300%2C300&ssl=1\" \/>\n\t<meta property=\"og:image:width\" content=\"300\" \/>\n\t<meta property=\"og:image:height\" content=\"300\" \/>\n\t<meta property=\"og:image:type\" content=\"image\/png\" \/>\n<meta name=\"twitter:card\" content=\"summary_large_image\" \/>\n<meta name=\"twitter:label1\" content=\"Est. tempo de leitura\" \/>\n\t<meta name=\"twitter:data1\" content=\"2 minutos\" \/>\n<script type=\"application\/ld+json\" class=\"yoast-schema-graph\">{\"@context\":\"https:\\\/\\\/schema.org\",\"@graph\":[{\"@type\":\"WebPage\",\"@id\":\"https:\\\/\\\/atividademapa.com\\\/?product=mapa-gestao-da-qualidade-54-2023\",\"url\":\"https:\\\/\\\/atividademapa.com\\\/?product=mapa-gestao-da-qualidade-54-2023\",\"name\":\"MAPA Gest\u00e3o da Qualidade 54\\\/2023\",\"isPartOf\":{\"@id\":\"https:\\\/\\\/atividademapa.com\\\/#website\"},\"primaryImageOfPage\":{\"@id\":\"https:\\\/\\\/atividademapa.com\\\/?product=mapa-gestao-da-qualidade-54-2023#primaryimage\"},\"image\":{\"@id\":\"https:\\\/\\\/atividademapa.com\\\/?product=mapa-gestao-da-qualidade-54-2023#primaryimage\"},\"thumbnailUrl\":\"https:\\\/\\\/i0.wp.com\\\/atividademapa.com\\\/wp-content\\\/uploads\\\/2023\\\/03\\\/Atividade-M.A.P.A-3.png?fit=300%2C300&ssl=1\",\"datePublished\":\"2023-10-11T11:29:51+00:00\",\"dateModified\":\"2023-10-11T11:29:53+00:00\",\"description\":\"MAPA Gest\u00e3o da Qualidade 54\\\/2023 Unicesumar | Atividade MAPA Pronto. Pontua\u00e7\u00e3o, Percep\u00e7\u00e3o dos Clientes, Gr\u00e1fico de barras com os requisitos da pesquisa.\",\"breadcrumb\":{\"@id\":\"https:\\\/\\\/atividademapa.com\\\/?product=mapa-gestao-da-qualidade-54-2023#breadcrumb\"},\"inLanguage\":\"pt-BR\",\"potentialAction\":[{\"@type\":\"ReadAction\",\"target\":[\"https:\\\/\\\/atividademapa.com\\\/?product=mapa-gestao-da-qualidade-54-2023\"]}]},{\"@type\":\"ImageObject\",\"inLanguage\":\"pt-BR\",\"@id\":\"https:\\\/\\\/atividademapa.com\\\/?product=mapa-gestao-da-qualidade-54-2023#primaryimage\",\"url\":\"https:\\\/\\\/i0.wp.com\\\/atividademapa.com\\\/wp-content\\\/uploads\\\/2023\\\/03\\\/Atividade-M.A.P.A-3.png?fit=300%2C300&ssl=1\",\"contentUrl\":\"https:\\\/\\\/i0.wp.com\\\/atividademapa.com\\\/wp-content\\\/uploads\\\/2023\\\/03\\\/Atividade-M.A.P.A-3.png?fit=300%2C300&ssl=1\",\"width\":300,\"height\":300,\"caption\":\"Mapa Unicesumar Atividade\"},{\"@type\":\"BreadcrumbList\",\"@id\":\"https:\\\/\\\/atividademapa.com\\\/?product=mapa-gestao-da-qualidade-54-2023#breadcrumb\",\"itemListElement\":[{\"@type\":\"ListItem\",\"position\":1,\"name\":\"In\u00edcio\",\"item\":\"https:\\\/\\\/atividademapa.com\\\/\"},{\"@type\":\"ListItem\",\"position\":2,\"name\":\"MAPAS\",\"item\":\"https:\\\/\\\/atividademapa.com\\\/?page_id=5\"},{\"@type\":\"ListItem\",\"position\":3,\"name\":\"MAPA Gest\u00e3o da Qualidade 54\\\/2023\"}]},{\"@type\":\"WebSite\",\"@id\":\"https:\\\/\\\/atividademapa.com\\\/#website\",\"url\":\"https:\\\/\\\/atividademapa.com\\\/\",\"name\":\"Atividade Mapa\",\"description\":\"StudeO | Unicesumar\",\"publisher\":{\"@id\":\"https:\\\/\\\/atividademapa.com\\\/#organization\"},\"potentialAction\":[{\"@type\":\"SearchAction\",\"target\":{\"@type\":\"EntryPoint\",\"urlTemplate\":\"https:\\\/\\\/atividademapa.com\\\/?s={search_term_string}\"},\"query-input\":{\"@type\":\"PropertyValueSpecification\",\"valueRequired\":true,\"valueName\":\"search_term_string\"}}],\"inLanguage\":\"pt-BR\"},{\"@type\":\"Organization\",\"@id\":\"https:\\\/\\\/atividademapa.com\\\/#organization\",\"name\":\"Atividade MAPA\",\"url\":\"https:\\\/\\\/atividademapa.com\\\/\",\"logo\":{\"@type\":\"ImageObject\",\"inLanguage\":\"pt-BR\",\"@id\":\"https:\\\/\\\/atividademapa.com\\\/#\\\/schema\\\/logo\\\/image\\\/\",\"url\":\"https:\\\/\\\/i0.wp.com\\\/atividademapa.com\\\/wp-content\\\/uploads\\\/2023\\\/02\\\/ATIVIDADE.png?fit=600%2C300&ssl=1\",\"contentUrl\":\"https:\\\/\\\/i0.wp.com\\\/atividademapa.com\\\/wp-content\\\/uploads\\\/2023\\\/02\\\/ATIVIDADE.png?fit=600%2C300&ssl=1\",\"width\":600,\"height\":300,\"caption\":\"Atividade MAPA\"},\"image\":{\"@id\":\"https:\\\/\\\/atividademapa.com\\\/#\\\/schema\\\/logo\\\/image\\\/\"}}]}<\/script>\n<!-- \/ Yoast SEO plugin. -->","yoast_head_json":{"title":"MAPA Gest\u00e3o da Qualidade 54\/2023","description":"MAPA Gest\u00e3o da Qualidade 54\/2023 Unicesumar | Atividade MAPA Pronto. Pontua\u00e7\u00e3o, Percep\u00e7\u00e3o dos Clientes, Gr\u00e1fico de barras com os requisitos da pesquisa.","robots":{"index":"index","follow":"follow","max-snippet":"max-snippet:-1","max-image-preview":"max-image-preview:large","max-video-preview":"max-video-preview:-1"},"canonical":"https:\/\/atividademapa.com\/?product=mapa-gestao-da-qualidade-54-2023","og_locale":"pt_BR","og_type":"article","og_title":"MAPA Gest\u00e3o da Qualidade 54\/2023","og_description":"MAPA Gest\u00e3o da Qualidade 54\/2023 Unicesumar | Atividade MAPA Pronto. Pontua\u00e7\u00e3o, Percep\u00e7\u00e3o dos Clientes, Gr\u00e1fico de barras com os requisitos da pesquisa.","og_url":"https:\/\/atividademapa.com\/?product=mapa-gestao-da-qualidade-54-2023","og_site_name":"Atividade Mapa","article_modified_time":"2023-10-11T11:29:53+00:00","og_image":[{"width":300,"height":300,"url":"https:\/\/i0.wp.com\/atividademapa.com\/wp-content\/uploads\/2023\/03\/Atividade-M.A.P.A-3.png?fit=300%2C300&ssl=1","type":"image\/png"}],"twitter_card":"summary_large_image","twitter_misc":{"Est. tempo de leitura":"2 minutos"},"schema":{"@context":"https:\/\/schema.org","@graph":[{"@type":"WebPage","@id":"https:\/\/atividademapa.com\/?product=mapa-gestao-da-qualidade-54-2023","url":"https:\/\/atividademapa.com\/?product=mapa-gestao-da-qualidade-54-2023","name":"MAPA Gest\u00e3o da Qualidade 54\/2023","isPartOf":{"@id":"https:\/\/atividademapa.com\/#website"},"primaryImageOfPage":{"@id":"https:\/\/atividademapa.com\/?product=mapa-gestao-da-qualidade-54-2023#primaryimage"},"image":{"@id":"https:\/\/atividademapa.com\/?product=mapa-gestao-da-qualidade-54-2023#primaryimage"},"thumbnailUrl":"https:\/\/i0.wp.com\/atividademapa.com\/wp-content\/uploads\/2023\/03\/Atividade-M.A.P.A-3.png?fit=300%2C300&ssl=1","datePublished":"2023-10-11T11:29:51+00:00","dateModified":"2023-10-11T11:29:53+00:00","description":"MAPA Gest\u00e3o da Qualidade 54\/2023 Unicesumar | Atividade MAPA Pronto. Pontua\u00e7\u00e3o, Percep\u00e7\u00e3o dos Clientes, Gr\u00e1fico de barras com os requisitos da pesquisa.","breadcrumb":{"@id":"https:\/\/atividademapa.com\/?product=mapa-gestao-da-qualidade-54-2023#breadcrumb"},"inLanguage":"pt-BR","potentialAction":[{"@type":"ReadAction","target":["https:\/\/atividademapa.com\/?product=mapa-gestao-da-qualidade-54-2023"]}]},{"@type":"ImageObject","inLanguage":"pt-BR","@id":"https:\/\/atividademapa.com\/?product=mapa-gestao-da-qualidade-54-2023#primaryimage","url":"https:\/\/i0.wp.com\/atividademapa.com\/wp-content\/uploads\/2023\/03\/Atividade-M.A.P.A-3.png?fit=300%2C300&ssl=1","contentUrl":"https:\/\/i0.wp.com\/atividademapa.com\/wp-content\/uploads\/2023\/03\/Atividade-M.A.P.A-3.png?fit=300%2C300&ssl=1","width":300,"height":300,"caption":"Mapa Unicesumar Atividade"},{"@type":"BreadcrumbList","@id":"https:\/\/atividademapa.com\/?product=mapa-gestao-da-qualidade-54-2023#breadcrumb","itemListElement":[{"@type":"ListItem","position":1,"name":"In\u00edcio","item":"https:\/\/atividademapa.com\/"},{"@type":"ListItem","position":2,"name":"MAPAS","item":"https:\/\/atividademapa.com\/?page_id=5"},{"@type":"ListItem","position":3,"name":"MAPA Gest\u00e3o da Qualidade 54\/2023"}]},{"@type":"WebSite","@id":"https:\/\/atividademapa.com\/#website","url":"https:\/\/atividademapa.com\/","name":"Atividade Mapa","description":"StudeO | Unicesumar","publisher":{"@id":"https:\/\/atividademapa.com\/#organization"},"potentialAction":[{"@type":"SearchAction","target":{"@type":"EntryPoint","urlTemplate":"https:\/\/atividademapa.com\/?s={search_term_string}"},"query-input":{"@type":"PropertyValueSpecification","valueRequired":true,"valueName":"search_term_string"}}],"inLanguage":"pt-BR"},{"@type":"Organization","@id":"https:\/\/atividademapa.com\/#organization","name":"Atividade MAPA","url":"https:\/\/atividademapa.com\/","logo":{"@type":"ImageObject","inLanguage":"pt-BR","@id":"https:\/\/atividademapa.com\/#\/schema\/logo\/image\/","url":"https:\/\/i0.wp.com\/atividademapa.com\/wp-content\/uploads\/2023\/02\/ATIVIDADE.png?fit=600%2C300&ssl=1","contentUrl":"https:\/\/i0.wp.com\/atividademapa.com\/wp-content\/uploads\/2023\/02\/ATIVIDADE.png?fit=600%2C300&ssl=1","width":600,"height":300,"caption":"Atividade MAPA"},"image":{"@id":"https:\/\/atividademapa.com\/#\/schema\/logo\/image\/"}}]}},"_links":{"self":[{"href":"https:\/\/atividademapa.com\/index.php?rest_route=\/wp\/v2\/product\/3042","targetHints":{"allow":["GET"]}}],"collection":[{"href":"https:\/\/atividademapa.com\/index.php?rest_route=\/wp\/v2\/product"}],"about":[{"href":"https:\/\/atividademapa.com\/index.php?rest_route=\/wp\/v2\/types\/product"}],"version-history":[{"count":1,"href":"https:\/\/atividademapa.com\/index.php?rest_route=\/wp\/v2\/product\/3042\/revisions"}],"predecessor-version":[{"id":3044,"href":"https:\/\/atividademapa.com\/index.php?rest_route=\/wp\/v2\/product\/3042\/revisions\/3044"}],"wp:featuredmedia":[{"embeddable":true,"href":"https:\/\/atividademapa.com\/index.php?rest_route=\/wp\/v2\/media\/2326"}],"wp:attachment":[{"href":"https:\/\/atividademapa.com\/index.php?rest_route=%2Fwp%2Fv2%2Fmedia&parent=3042"}],"wp:term":[{"taxonomy":"product_brand","embeddable":true,"href":"https:\/\/atividademapa.com\/index.php?rest_route=%2Fwp%2Fv2%2Fproduct_brand&post=3042"},{"taxonomy":"product_cat","embeddable":true,"href":"https:\/\/atividademapa.com\/index.php?rest_route=%2Fwp%2Fv2%2Fproduct_cat&post=3042"},{"taxonomy":"product_tag","embeddable":true,"href":"https:\/\/atividademapa.com\/index.php?rest_route=%2Fwp%2Fv2%2Fproduct_tag&post=3042"}],"curies":[{"name":"wp","href":"https:\/\/api.w.org\/{rel}","templated":true}]}}