{"id":3046,"date":"2023-10-18T00:33:42","date_gmt":"2023-10-18T03:33:42","guid":{"rendered":"https:\/\/atividademapa.com\/?post_type=product&#038;p=3046"},"modified":"2023-10-22T23:08:08","modified_gmt":"2023-10-23T02:08:08","slug":"mapa-tubulacoes-e-instalacoes-industriais-54-2023","status":"publish","type":"product","link":"https:\/\/atividademapa.com\/?product=mapa-tubulacoes-e-instalacoes-industriais-54-2023","title":{"rendered":"MAPA &#8211; TUBULA\u00c7\u00d5ES E INSTALA\u00c7\u00d5ES INDUSTRIAIS &#8211; 54\/2023"},"content":{"rendered":"<p>MAPA &#8211; TUBULA\u00c7\u00d5ES E INSTALA\u00c7\u00d5ES INDUSTRIAIS &#8211; 54\/2023<\/p>\n<p>Voc\u00ea foi contratado por uma empresa para fazer a instala\u00e7\u00e3o do sistema de alimenta\u00e7\u00e3o de \u00e1gua para a<br \/>\nempresa. Sendo assim o primeiro passo que foi determinado \u00e9 o dimensionamento da tubula\u00e7\u00e3o e dos<br \/>\ndispositivos de bombeamento. Na Figura 1 voc\u00ea encontra o projeto da linha de alimenta\u00e7\u00e3o, desde a fonte<br \/>\nde \u00e1gua at\u00e9 o reservat\u00f3rio principal da f\u00e1brica.<\/p>\n<p>Figura 1 &#8211; Projeto de tubula\u00e7\u00e3o para alimenta\u00e7\u00e3o de \u00e1gua<\/p>\n<p><a href=\"https:\/\/atividademapa.com\"><img data-recalc-dims=\"1\" loading=\"lazy\" decoding=\"async\" class=\"alignnone wp-image-3047\" src=\"https:\/\/i0.wp.com\/atividademapa.com\/wp-content\/uploads\/2023\/10\/Mapa-Hidraulica.jpg?resize=666%2C300&#038;ssl=1\" alt=\"\" width=\"666\" height=\"300\" srcset=\"https:\/\/i0.wp.com\/atividademapa.com\/wp-content\/uploads\/2023\/10\/Mapa-Hidraulica.jpg?resize=300%2C135&amp;ssl=1 300w, https:\/\/i0.wp.com\/atividademapa.com\/wp-content\/uploads\/2023\/10\/Mapa-Hidraulica.jpg?resize=1024%2C460&amp;ssl=1 1024w, https:\/\/i0.wp.com\/atividademapa.com\/wp-content\/uploads\/2023\/10\/Mapa-Hidraulica.jpg?resize=768%2C345&amp;ssl=1 768w, https:\/\/i0.wp.com\/atividademapa.com\/wp-content\/uploads\/2023\/10\/Mapa-Hidraulica.jpg?resize=600%2C270&amp;ssl=1 600w, https:\/\/i0.wp.com\/atividademapa.com\/wp-content\/uploads\/2023\/10\/Mapa-Hidraulica.jpg?resize=150%2C67&amp;ssl=1 150w, https:\/\/i0.wp.com\/atividademapa.com\/wp-content\/uploads\/2023\/10\/Mapa-Hidraulica.jpg?w=1115&amp;ssl=1 1115w\" sizes=\"auto, (max-width: 666px) 100vw, 666px\" \/><\/a><br \/>\nFonte: o autor.<br \/>\nAp\u00f3s um levantamento, voc\u00ea conseguiu as informa\u00e7\u00f5es constantes na Tabela 1, a respeito da opera\u00e7\u00e3o do<br \/>\nsistema em estudo representado na Figura 1.<br \/>\nDi\u00e2metro da Tubula\u00e7\u00e3o (mm) 45<br \/>\nTemperatura do \u00f3leo ( C) 30<br \/>\nViscosidade \u00e1gua (N \u00b7 s\/m\u00b2) 0,7978EXP-3<br \/>\nDensidade da \u00e1gua (kg\/m\u00b3) 1000<br \/>\nVaz\u00e3o do sistema (L\/s) 10<br \/>\nN\u00ba Cotovelo de 90\u00b0 flagelado 2<br \/>\nN\u00ba Cotovelo longo de 45\u00b0 flagelado2<br \/>\nEfici\u00eancia da Bomba 77%<br \/>\nV\u00e1lvula Gaveta 50% aberta 1<br \/>\nTabela 1 &#8211; Dados de opera\u00e7\u00e3o do sistema<br \/>\nFonte: o autor.<\/p>\n<p>MAPA &#8211; TUBULA\u00c7\u00d5ES E INSTALA\u00c7\u00d5ES INDUSTRIAIS &#8211; 54\/2023<br \/>\nOs dados informados na tabela foram fornecidos apenas para fins did\u00e1ticos. Logo, eles podem n\u00e3o<br \/>\ncorresponder a dados obtidos de processo reais.<br \/>\nDesta forma \u00e9 solicitado que:<br \/>\na) Baseado nos dados fornecidos calcule a perda de carga total do sistema, entre os reservat\u00f3rios. Considere<br \/>\nque a tubula\u00e7\u00e3o ser\u00e1 de ferro galvanizado.<br \/>\nb) Considerando toda a perda de carga do sistema, calcule a press\u00e3o da bomba para vencer a diferen\u00e7a de<br \/>\naltura.<br \/>\nc) Para a conex\u00e3o da tubula\u00e7\u00e3o ao tanque do reservat\u00f3rio da f\u00e1brica \u00e9 necess\u00e1rio que pouca vibra\u00e7\u00e3o seja<br \/>\npassada, com isso descreva qual a melhor forma de conex\u00e3o para evitar essa vibra\u00e7\u00e3o, e explique.<br \/>\nd) Obter as informa\u00e7\u00f5es de um sistema \u00e9 muito importante para o controle de processos. O tubo de Pitot \u00e9<br \/>\num dos exemplos de dispositivos utilizados para medir dados do sistema. Defina o funcionamento do tubo<br \/>\nde <span style=\"color: #333333;\"><a style=\"color: #333333;\" href=\"https:\/\/pt.wikipedia.org\/wiki\/Tubo_de_Pitot\">Pitot<\/a>.<\/span><\/p>\n","protected":false},"excerpt":{"rendered":"<p>MAPA &#8211; TUBULA\u00c7\u00d5ES E INSTALA\u00c7\u00d5ES INDUSTRIAIS &#8211; 54\/2023 Voc\u00ea foi contratado por uma empresa para fazer a instala\u00e7\u00e3o do sistema<\/p>\n","protected":false},"featured_media":2326,"template":"","meta":{"_monsterinsights_skip_tracking":false,"_monsterinsights_sitenote_active":false,"_monsterinsights_sitenote_note":"","_monsterinsights_sitenote_category":0},"product_brand":[],"product_cat":[45,107],"product_tag":[],"class_list":{"0":"post-3046","1":"product","2":"type-product","3":"status-publish","4":"has-post-thumbnail","6":"product_cat-engenharias","7":"product_cat-modulo-54-2023","9":"first","10":"instock","11":"downloadable","12":"virtual","13":"purchasable","14":"product-type-simple"},"yoast_head":"<!-- This site is optimized with the Yoast SEO plugin v27.4 - https:\/\/yoast.com\/product\/yoast-seo-wordpress\/ -->\n<title>MAPA - TUBULA\u00c7\u00d5ES E INSTALA\u00c7\u00d5ES INDUSTRIAIS - 54\/2023<\/title>\n<meta name=\"description\" content=\"Atividade MAPA - TUBULA\u00c7\u00d5ES E INSTALA\u00c7\u00d5ES INDUSTRIAIS - 54\/2023 &#8902; Unicesumar. Baixe agora mesmo um Mapa Pronto resolvido!\" \/>\n<meta name=\"robots\" content=\"index, follow, max-snippet:-1, max-image-preview:large, max-video-preview:-1\" \/>\n<link rel=\"canonical\" href=\"https:\/\/atividademapa.com\/?product=mapa-tubulacoes-e-instalacoes-industriais-54-2023\" \/>\n<meta property=\"og:locale\" content=\"pt_BR\" \/>\n<meta property=\"og:type\" content=\"article\" \/>\n<meta property=\"og:title\" content=\"MAPA - TUBULA\u00c7\u00d5ES E INSTALA\u00c7\u00d5ES INDUSTRIAIS - 54\/2023\" \/>\n<meta property=\"og:description\" content=\"Atividade MAPA - TUBULA\u00c7\u00d5ES E INSTALA\u00c7\u00d5ES INDUSTRIAIS - 54\/2023 &#8902; Unicesumar. Baixe agora mesmo um Mapa Pronto resolvido!\" \/>\n<meta property=\"og:url\" content=\"https:\/\/atividademapa.com\/?product=mapa-tubulacoes-e-instalacoes-industriais-54-2023\" \/>\n<meta property=\"og:site_name\" content=\"Atividade Mapa\" \/>\n<meta property=\"article:modified_time\" content=\"2023-10-23T02:08:08+00:00\" \/>\n<meta property=\"og:image\" content=\"https:\/\/i0.wp.com\/atividademapa.com\/wp-content\/uploads\/2023\/03\/Atividade-M.A.P.A-3.png?fit=300%2C300&ssl=1\" \/>\n\t<meta property=\"og:image:width\" content=\"300\" \/>\n\t<meta property=\"og:image:height\" content=\"300\" \/>\n\t<meta property=\"og:image:type\" content=\"image\/png\" \/>\n<meta name=\"twitter:card\" content=\"summary_large_image\" \/>\n<meta name=\"twitter:label1\" content=\"Est. tempo de leitura\" \/>\n\t<meta name=\"twitter:data1\" content=\"2 minutos\" \/>\n<script type=\"application\/ld+json\" class=\"yoast-schema-graph\">{\"@context\":\"https:\\\/\\\/schema.org\",\"@graph\":[{\"@type\":\"WebPage\",\"@id\":\"https:\\\/\\\/atividademapa.com\\\/?product=mapa-tubulacoes-e-instalacoes-industriais-54-2023\",\"url\":\"https:\\\/\\\/atividademapa.com\\\/?product=mapa-tubulacoes-e-instalacoes-industriais-54-2023\",\"name\":\"MAPA - TUBULA\u00c7\u00d5ES E INSTALA\u00c7\u00d5ES INDUSTRIAIS - 54\\\/2023\",\"isPartOf\":{\"@id\":\"https:\\\/\\\/atividademapa.com\\\/#website\"},\"primaryImageOfPage\":{\"@id\":\"https:\\\/\\\/atividademapa.com\\\/?product=mapa-tubulacoes-e-instalacoes-industriais-54-2023#primaryimage\"},\"image\":{\"@id\":\"https:\\\/\\\/atividademapa.com\\\/?product=mapa-tubulacoes-e-instalacoes-industriais-54-2023#primaryimage\"},\"thumbnailUrl\":\"https:\\\/\\\/i0.wp.com\\\/atividademapa.com\\\/wp-content\\\/uploads\\\/2023\\\/03\\\/Atividade-M.A.P.A-3.png?fit=300%2C300&ssl=1\",\"datePublished\":\"2023-10-18T03:33:42+00:00\",\"dateModified\":\"2023-10-23T02:08:08+00:00\",\"description\":\"Atividade MAPA - TUBULA\u00c7\u00d5ES E INSTALA\u00c7\u00d5ES INDUSTRIAIS - 54\\\/2023 &#8902; Unicesumar. Baixe agora mesmo um Mapa Pronto resolvido!\",\"breadcrumb\":{\"@id\":\"https:\\\/\\\/atividademapa.com\\\/?product=mapa-tubulacoes-e-instalacoes-industriais-54-2023#breadcrumb\"},\"inLanguage\":\"pt-BR\",\"potentialAction\":[{\"@type\":\"ReadAction\",\"target\":[\"https:\\\/\\\/atividademapa.com\\\/?product=mapa-tubulacoes-e-instalacoes-industriais-54-2023\"]}]},{\"@type\":\"ImageObject\",\"inLanguage\":\"pt-BR\",\"@id\":\"https:\\\/\\\/atividademapa.com\\\/?product=mapa-tubulacoes-e-instalacoes-industriais-54-2023#primaryimage\",\"url\":\"https:\\\/\\\/i0.wp.com\\\/atividademapa.com\\\/wp-content\\\/uploads\\\/2023\\\/03\\\/Atividade-M.A.P.A-3.png?fit=300%2C300&ssl=1\",\"contentUrl\":\"https:\\\/\\\/i0.wp.com\\\/atividademapa.com\\\/wp-content\\\/uploads\\\/2023\\\/03\\\/Atividade-M.A.P.A-3.png?fit=300%2C300&ssl=1\",\"width\":300,\"height\":300,\"caption\":\"Mapa Unicesumar Atividade\"},{\"@type\":\"BreadcrumbList\",\"@id\":\"https:\\\/\\\/atividademapa.com\\\/?product=mapa-tubulacoes-e-instalacoes-industriais-54-2023#breadcrumb\",\"itemListElement\":[{\"@type\":\"ListItem\",\"position\":1,\"name\":\"In\u00edcio\",\"item\":\"https:\\\/\\\/atividademapa.com\\\/\"},{\"@type\":\"ListItem\",\"position\":2,\"name\":\"MAPAS\",\"item\":\"https:\\\/\\\/atividademapa.com\\\/?page_id=5\"},{\"@type\":\"ListItem\",\"position\":3,\"name\":\"MAPA &#8211; TUBULA\u00c7\u00d5ES E INSTALA\u00c7\u00d5ES INDUSTRIAIS &#8211; 54\\\/2023\"}]},{\"@type\":\"WebSite\",\"@id\":\"https:\\\/\\\/atividademapa.com\\\/#website\",\"url\":\"https:\\\/\\\/atividademapa.com\\\/\",\"name\":\"Atividade Mapa\",\"description\":\"StudeO | Unicesumar\",\"publisher\":{\"@id\":\"https:\\\/\\\/atividademapa.com\\\/#organization\"},\"potentialAction\":[{\"@type\":\"SearchAction\",\"target\":{\"@type\":\"EntryPoint\",\"urlTemplate\":\"https:\\\/\\\/atividademapa.com\\\/?s={search_term_string}\"},\"query-input\":{\"@type\":\"PropertyValueSpecification\",\"valueRequired\":true,\"valueName\":\"search_term_string\"}}],\"inLanguage\":\"pt-BR\"},{\"@type\":\"Organization\",\"@id\":\"https:\\\/\\\/atividademapa.com\\\/#organization\",\"name\":\"Atividade MAPA\",\"url\":\"https:\\\/\\\/atividademapa.com\\\/\",\"logo\":{\"@type\":\"ImageObject\",\"inLanguage\":\"pt-BR\",\"@id\":\"https:\\\/\\\/atividademapa.com\\\/#\\\/schema\\\/logo\\\/image\\\/\",\"url\":\"https:\\\/\\\/i0.wp.com\\\/atividademapa.com\\\/wp-content\\\/uploads\\\/2023\\\/02\\\/ATIVIDADE.png?fit=600%2C300&ssl=1\",\"contentUrl\":\"https:\\\/\\\/i0.wp.com\\\/atividademapa.com\\\/wp-content\\\/uploads\\\/2023\\\/02\\\/ATIVIDADE.png?fit=600%2C300&ssl=1\",\"width\":600,\"height\":300,\"caption\":\"Atividade MAPA\"},\"image\":{\"@id\":\"https:\\\/\\\/atividademapa.com\\\/#\\\/schema\\\/logo\\\/image\\\/\"}}]}<\/script>\n<!-- \/ Yoast SEO plugin. -->","yoast_head_json":{"title":"MAPA - TUBULA\u00c7\u00d5ES E INSTALA\u00c7\u00d5ES INDUSTRIAIS - 54\/2023","description":"Atividade MAPA - TUBULA\u00c7\u00d5ES E INSTALA\u00c7\u00d5ES INDUSTRIAIS - 54\/2023 &#8902; Unicesumar. Baixe agora mesmo um Mapa Pronto resolvido!","robots":{"index":"index","follow":"follow","max-snippet":"max-snippet:-1","max-image-preview":"max-image-preview:large","max-video-preview":"max-video-preview:-1"},"canonical":"https:\/\/atividademapa.com\/?product=mapa-tubulacoes-e-instalacoes-industriais-54-2023","og_locale":"pt_BR","og_type":"article","og_title":"MAPA - TUBULA\u00c7\u00d5ES E INSTALA\u00c7\u00d5ES INDUSTRIAIS - 54\/2023","og_description":"Atividade MAPA - TUBULA\u00c7\u00d5ES E INSTALA\u00c7\u00d5ES INDUSTRIAIS - 54\/2023 &#8902; Unicesumar. Baixe agora mesmo um Mapa Pronto resolvido!","og_url":"https:\/\/atividademapa.com\/?product=mapa-tubulacoes-e-instalacoes-industriais-54-2023","og_site_name":"Atividade Mapa","article_modified_time":"2023-10-23T02:08:08+00:00","og_image":[{"width":300,"height":300,"url":"https:\/\/i0.wp.com\/atividademapa.com\/wp-content\/uploads\/2023\/03\/Atividade-M.A.P.A-3.png?fit=300%2C300&ssl=1","type":"image\/png"}],"twitter_card":"summary_large_image","twitter_misc":{"Est. tempo de leitura":"2 minutos"},"schema":{"@context":"https:\/\/schema.org","@graph":[{"@type":"WebPage","@id":"https:\/\/atividademapa.com\/?product=mapa-tubulacoes-e-instalacoes-industriais-54-2023","url":"https:\/\/atividademapa.com\/?product=mapa-tubulacoes-e-instalacoes-industriais-54-2023","name":"MAPA - TUBULA\u00c7\u00d5ES E INSTALA\u00c7\u00d5ES INDUSTRIAIS - 54\/2023","isPartOf":{"@id":"https:\/\/atividademapa.com\/#website"},"primaryImageOfPage":{"@id":"https:\/\/atividademapa.com\/?product=mapa-tubulacoes-e-instalacoes-industriais-54-2023#primaryimage"},"image":{"@id":"https:\/\/atividademapa.com\/?product=mapa-tubulacoes-e-instalacoes-industriais-54-2023#primaryimage"},"thumbnailUrl":"https:\/\/i0.wp.com\/atividademapa.com\/wp-content\/uploads\/2023\/03\/Atividade-M.A.P.A-3.png?fit=300%2C300&ssl=1","datePublished":"2023-10-18T03:33:42+00:00","dateModified":"2023-10-23T02:08:08+00:00","description":"Atividade MAPA - TUBULA\u00c7\u00d5ES E INSTALA\u00c7\u00d5ES INDUSTRIAIS - 54\/2023 &#8902; Unicesumar. Baixe agora mesmo um Mapa Pronto resolvido!","breadcrumb":{"@id":"https:\/\/atividademapa.com\/?product=mapa-tubulacoes-e-instalacoes-industriais-54-2023#breadcrumb"},"inLanguage":"pt-BR","potentialAction":[{"@type":"ReadAction","target":["https:\/\/atividademapa.com\/?product=mapa-tubulacoes-e-instalacoes-industriais-54-2023"]}]},{"@type":"ImageObject","inLanguage":"pt-BR","@id":"https:\/\/atividademapa.com\/?product=mapa-tubulacoes-e-instalacoes-industriais-54-2023#primaryimage","url":"https:\/\/i0.wp.com\/atividademapa.com\/wp-content\/uploads\/2023\/03\/Atividade-M.A.P.A-3.png?fit=300%2C300&ssl=1","contentUrl":"https:\/\/i0.wp.com\/atividademapa.com\/wp-content\/uploads\/2023\/03\/Atividade-M.A.P.A-3.png?fit=300%2C300&ssl=1","width":300,"height":300,"caption":"Mapa Unicesumar Atividade"},{"@type":"BreadcrumbList","@id":"https:\/\/atividademapa.com\/?product=mapa-tubulacoes-e-instalacoes-industriais-54-2023#breadcrumb","itemListElement":[{"@type":"ListItem","position":1,"name":"In\u00edcio","item":"https:\/\/atividademapa.com\/"},{"@type":"ListItem","position":2,"name":"MAPAS","item":"https:\/\/atividademapa.com\/?page_id=5"},{"@type":"ListItem","position":3,"name":"MAPA &#8211; TUBULA\u00c7\u00d5ES E INSTALA\u00c7\u00d5ES INDUSTRIAIS &#8211; 54\/2023"}]},{"@type":"WebSite","@id":"https:\/\/atividademapa.com\/#website","url":"https:\/\/atividademapa.com\/","name":"Atividade Mapa","description":"StudeO | Unicesumar","publisher":{"@id":"https:\/\/atividademapa.com\/#organization"},"potentialAction":[{"@type":"SearchAction","target":{"@type":"EntryPoint","urlTemplate":"https:\/\/atividademapa.com\/?s={search_term_string}"},"query-input":{"@type":"PropertyValueSpecification","valueRequired":true,"valueName":"search_term_string"}}],"inLanguage":"pt-BR"},{"@type":"Organization","@id":"https:\/\/atividademapa.com\/#organization","name":"Atividade MAPA","url":"https:\/\/atividademapa.com\/","logo":{"@type":"ImageObject","inLanguage":"pt-BR","@id":"https:\/\/atividademapa.com\/#\/schema\/logo\/image\/","url":"https:\/\/i0.wp.com\/atividademapa.com\/wp-content\/uploads\/2023\/02\/ATIVIDADE.png?fit=600%2C300&ssl=1","contentUrl":"https:\/\/i0.wp.com\/atividademapa.com\/wp-content\/uploads\/2023\/02\/ATIVIDADE.png?fit=600%2C300&ssl=1","width":600,"height":300,"caption":"Atividade MAPA"},"image":{"@id":"https:\/\/atividademapa.com\/#\/schema\/logo\/image\/"}}]}},"_links":{"self":[{"href":"https:\/\/atividademapa.com\/index.php?rest_route=\/wp\/v2\/product\/3046","targetHints":{"allow":["GET"]}}],"collection":[{"href":"https:\/\/atividademapa.com\/index.php?rest_route=\/wp\/v2\/product"}],"about":[{"href":"https:\/\/atividademapa.com\/index.php?rest_route=\/wp\/v2\/types\/product"}],"version-history":[{"count":3,"href":"https:\/\/atividademapa.com\/index.php?rest_route=\/wp\/v2\/product\/3046\/revisions"}],"predecessor-version":[{"id":3053,"href":"https:\/\/atividademapa.com\/index.php?rest_route=\/wp\/v2\/product\/3046\/revisions\/3053"}],"wp:featuredmedia":[{"embeddable":true,"href":"https:\/\/atividademapa.com\/index.php?rest_route=\/wp\/v2\/media\/2326"}],"wp:attachment":[{"href":"https:\/\/atividademapa.com\/index.php?rest_route=%2Fwp%2Fv2%2Fmedia&parent=3046"}],"wp:term":[{"taxonomy":"product_brand","embeddable":true,"href":"https:\/\/atividademapa.com\/index.php?rest_route=%2Fwp%2Fv2%2Fproduct_brand&post=3046"},{"taxonomy":"product_cat","embeddable":true,"href":"https:\/\/atividademapa.com\/index.php?rest_route=%2Fwp%2Fv2%2Fproduct_cat&post=3046"},{"taxonomy":"product_tag","embeddable":true,"href":"https:\/\/atividademapa.com\/index.php?rest_route=%2Fwp%2Fv2%2Fproduct_tag&post=3046"}],"curies":[{"name":"wp","href":"https:\/\/api.w.org\/{rel}","templated":true}]}}