{"id":3055,"date":"2023-10-18T01:00:30","date_gmt":"2023-10-18T04:00:30","guid":{"rendered":"https:\/\/atividademapa.com\/?post_type=product&#038;p=3055"},"modified":"2023-10-22T23:07:59","modified_gmt":"2023-10-23T02:07:59","slug":"mapa-confiabilidade-de-sistemas-54-2023","status":"publish","type":"product","link":"https:\/\/atividademapa.com\/?product=mapa-confiabilidade-de-sistemas-54-2023","title":{"rendered":"MAPA &#8211; CONFIABILIDADE DE SISTEMAS &#8211; 54\/2023"},"content":{"rendered":"<p>MAPA &#8211; CONFIABILIDADE DE SISTEMAS &#8211; 54\/2023<\/p>\n<p>Suponha que voc\u00ea seja o(a) encarregado(a) da gest\u00e3o da manuten\u00e7\u00e3o de uma frota de viaturas da pol\u00edcia<br \/>\nem uma grande capital. Ao revisar o hist\u00f3rico de manuten\u00e7\u00e3o da viatura espec\u00edfica com o n\u00famero 1503,<br \/>\nvoc\u00ea encontrou os detalhes da Tabela 1.<br \/>\nEsta tabela registra as Datas de Ocorr\u00eancia (indicando quando o problema foi identificado) e as Datas de<br \/>\nFinaliza\u00e7\u00e3o (indicando quando a quest\u00e3o foi resolvida). Al\u00e9m disso, h\u00e1 uma coluna que classifica as<br \/>\nsitua\u00e7\u00f5es como &#8220;OP&#8221; (em opera\u00e7\u00e3o) ou &#8220;FOP&#8221; (fora de opera\u00e7\u00e3o). No caso das situa\u00e7\u00f5es &#8220;FOP&#8221;, tamb\u00e9m<br \/>\nforam registradas as horas de inatividade.<br \/>\n\u00c9 importante observar que as manuten\u00e7\u00f5es realizadas enquanto a viatura estava em opera\u00e7\u00e3o geralmente<br \/>\nenvolviam substitui\u00e7\u00f5es de pe\u00e7as de menor import\u00e2ncia para a seguran\u00e7a do ve\u00edculo, permitindo que a<br \/>\nviatura continuasse em funcionamento. Em alguns casos, a necessidade de substitui\u00e7\u00e3o era identificada, e a<br \/>\npe\u00e7a correspondente era solicitada, mas sua chegada poderia levar alguns dias.<br \/>\nPremissas a serem consideradas:<br \/>\nPara o c\u00e1lculo do MTBF (do ingl\u00eas significa Tempo M\u00e9dio Entre Falhas), ser\u00e3o consideradas apenas as<br \/>\nocorr\u00eancias que deixaram a viatura fora de opera\u00e7\u00e3o (FOP).<br \/>\nA viatura deve ser considerada dispon\u00edvel para uso 24 horas por dia, independentemente da escala de<br \/>\nservi\u00e7o dos policiais, devido \u00e0s demandas da pol\u00edcia.<br \/>\nConsidere uma aproxima\u00e7\u00e3o de 730 horas por m\u00eas e 8.760 horas por ano.<\/p>\n<p><a href=\"https:\/\/atividademapa.com\"><img data-recalc-dims=\"1\" loading=\"lazy\" decoding=\"async\" class=\"alignnone  wp-image-3056\" src=\"https:\/\/i0.wp.com\/atividademapa.com\/wp-content\/uploads\/2023\/10\/Mapa-MTBF.jpg?resize=462%2C355&#038;ssl=1\" alt=\"\" width=\"462\" height=\"355\" srcset=\"https:\/\/i0.wp.com\/atividademapa.com\/wp-content\/uploads\/2023\/10\/Mapa-MTBF.jpg?resize=300%2C230&amp;ssl=1 300w, https:\/\/i0.wp.com\/atividademapa.com\/wp-content\/uploads\/2023\/10\/Mapa-MTBF.jpg?resize=768%2C589&amp;ssl=1 768w, https:\/\/i0.wp.com\/atividademapa.com\/wp-content\/uploads\/2023\/10\/Mapa-MTBF.jpg?resize=600%2C460&amp;ssl=1 600w, https:\/\/i0.wp.com\/atividademapa.com\/wp-content\/uploads\/2023\/10\/Mapa-MTBF.jpg?resize=150%2C115&amp;ssl=1 150w, https:\/\/i0.wp.com\/atividademapa.com\/wp-content\/uploads\/2023\/10\/Mapa-MTBF.jpg?w=869&amp;ssl=1 869w\" sizes=\"auto, (max-width: 462px) 100vw, 462px\" \/><\/a><br \/>\nTabela 1 &#8211; Hist\u00f3rico de manuten\u00e7\u00f5es da viatura 1503<br \/>\nFonte: o autor.<br \/>\nETAPA 1:<br \/>\nCom base nas informa\u00e7\u00f5es apresentadas, calcule:<br \/>\na) O MTBF anual (em horas) para 2022.<br \/>\nb) O<span style=\"color: #333333;\"> <a style=\"color: #333333;\" href=\"https:\/\/gaea.com.br\/calculo-do-mtbf\/#:~:text=O%20MTBF%20%E2%80%94%20Mean%20Time%20Between,TI%20durante%20a%20sua%20opera%C3%A7%C3%A3o.\">MTBF<\/a><\/span> mensal (em horas) para os meses de:<br \/>\n&#8211; janeiro\/2022;<br \/>\n&#8211; agosto\/2022;<br \/>\n&#8211; setembro\/2022;<br \/>\n&#8211; novembro\/2022.<br \/>\nc) A Disponibilidade anual para 2022, em porcentagem.<br \/>\nd) A Disponibilidade mensal (em porcentagem) para os meses de:<br \/>\n&#8211; janeiro\/2022;<br \/>\n&#8211; agosto\/2022;<br \/>\n&#8211; setembro\/2022;<br \/>\n&#8211; novembro\/2022.<\/p>\n<p>MAPA &#8211; CONFIABILIDADE DE SISTEMAS &#8211; 54\/2023<br \/>\nETAPA 2:<br \/>\nAnalisando o valor da Disponibilidade anual para 2022, voc\u00ea a classificaria como Classe Mundial? Sim ou<br \/>\nn\u00e3o? Justifique a sua resposta.<\/p>\n<p>&nbsp;<\/p>\n","protected":false},"excerpt":{"rendered":"<p>MAPA &#8211; CONFIABILIDADE DE SISTEMAS &#8211; 54\/2023 Suponha que voc\u00ea seja o(a) encarregado(a) da gest\u00e3o da manuten\u00e7\u00e3o de uma frota<\/p>\n","protected":false},"featured_media":2326,"template":"","meta":{"_monsterinsights_skip_tracking":false,"_monsterinsights_sitenote_active":false,"_monsterinsights_sitenote_note":"","_monsterinsights_sitenote_category":0},"product_brand":[],"product_cat":[45,107],"product_tag":[],"class_list":{"0":"post-3055","1":"product","2":"type-product","3":"status-publish","4":"has-post-thumbnail","6":"product_cat-engenharias","7":"product_cat-modulo-54-2023","9":"first","10":"instock","11":"downloadable","12":"virtual","13":"purchasable","14":"product-type-simple"},"yoast_head":"<!-- This site is optimized with the Yoast SEO plugin v27.4 - https:\/\/yoast.com\/product\/yoast-seo-wordpress\/ -->\n<title>MAPA - CONFIABILIDADE DE SISTEMAS - 54\/2023<\/title>\n<meta name=\"description\" content=\"Atividade MAPA - CONFIABILIDADE DE SISTEMAS - 54\/2023 &#8902; Unicesumar. Baixe agora mesmo um Mapa Pronto resolvido!\" \/>\n<meta name=\"robots\" content=\"index, follow, max-snippet:-1, max-image-preview:large, max-video-preview:-1\" \/>\n<link rel=\"canonical\" href=\"https:\/\/atividademapa.com\/?product=mapa-confiabilidade-de-sistemas-54-2023\" \/>\n<meta property=\"og:locale\" content=\"pt_BR\" \/>\n<meta property=\"og:type\" content=\"article\" \/>\n<meta property=\"og:title\" content=\"MAPA - CONFIABILIDADE DE SISTEMAS - 54\/2023\" \/>\n<meta property=\"og:description\" content=\"Atividade MAPA - CONFIABILIDADE DE SISTEMAS - 54\/2023 &#8902; Unicesumar. Baixe agora mesmo um Mapa Pronto resolvido!\" \/>\n<meta property=\"og:url\" content=\"https:\/\/atividademapa.com\/?product=mapa-confiabilidade-de-sistemas-54-2023\" \/>\n<meta property=\"og:site_name\" content=\"Atividade Mapa\" \/>\n<meta property=\"article:modified_time\" content=\"2023-10-23T02:07:59+00:00\" \/>\n<meta property=\"og:image\" content=\"https:\/\/i0.wp.com\/atividademapa.com\/wp-content\/uploads\/2023\/03\/Atividade-M.A.P.A-3.png?fit=300%2C300&ssl=1\" \/>\n\t<meta property=\"og:image:width\" content=\"300\" \/>\n\t<meta property=\"og:image:height\" content=\"300\" \/>\n\t<meta property=\"og:image:type\" content=\"image\/png\" \/>\n<meta name=\"twitter:card\" content=\"summary_large_image\" \/>\n<meta name=\"twitter:label1\" content=\"Est. tempo de leitura\" \/>\n\t<meta name=\"twitter:data1\" content=\"2 minutos\" \/>\n<script type=\"application\/ld+json\" class=\"yoast-schema-graph\">{\"@context\":\"https:\\\/\\\/schema.org\",\"@graph\":[{\"@type\":\"WebPage\",\"@id\":\"https:\\\/\\\/atividademapa.com\\\/?product=mapa-confiabilidade-de-sistemas-54-2023\",\"url\":\"https:\\\/\\\/atividademapa.com\\\/?product=mapa-confiabilidade-de-sistemas-54-2023\",\"name\":\"MAPA - CONFIABILIDADE DE SISTEMAS - 54\\\/2023\",\"isPartOf\":{\"@id\":\"https:\\\/\\\/atividademapa.com\\\/#website\"},\"primaryImageOfPage\":{\"@id\":\"https:\\\/\\\/atividademapa.com\\\/?product=mapa-confiabilidade-de-sistemas-54-2023#primaryimage\"},\"image\":{\"@id\":\"https:\\\/\\\/atividademapa.com\\\/?product=mapa-confiabilidade-de-sistemas-54-2023#primaryimage\"},\"thumbnailUrl\":\"https:\\\/\\\/i0.wp.com\\\/atividademapa.com\\\/wp-content\\\/uploads\\\/2023\\\/03\\\/Atividade-M.A.P.A-3.png?fit=300%2C300&ssl=1\",\"datePublished\":\"2023-10-18T04:00:30+00:00\",\"dateModified\":\"2023-10-23T02:07:59+00:00\",\"description\":\"Atividade MAPA - CONFIABILIDADE DE SISTEMAS - 54\\\/2023 &#8902; Unicesumar. Baixe agora mesmo um Mapa Pronto resolvido!\",\"breadcrumb\":{\"@id\":\"https:\\\/\\\/atividademapa.com\\\/?product=mapa-confiabilidade-de-sistemas-54-2023#breadcrumb\"},\"inLanguage\":\"pt-BR\",\"potentialAction\":[{\"@type\":\"ReadAction\",\"target\":[\"https:\\\/\\\/atividademapa.com\\\/?product=mapa-confiabilidade-de-sistemas-54-2023\"]}]},{\"@type\":\"ImageObject\",\"inLanguage\":\"pt-BR\",\"@id\":\"https:\\\/\\\/atividademapa.com\\\/?product=mapa-confiabilidade-de-sistemas-54-2023#primaryimage\",\"url\":\"https:\\\/\\\/i0.wp.com\\\/atividademapa.com\\\/wp-content\\\/uploads\\\/2023\\\/03\\\/Atividade-M.A.P.A-3.png?fit=300%2C300&ssl=1\",\"contentUrl\":\"https:\\\/\\\/i0.wp.com\\\/atividademapa.com\\\/wp-content\\\/uploads\\\/2023\\\/03\\\/Atividade-M.A.P.A-3.png?fit=300%2C300&ssl=1\",\"width\":300,\"height\":300,\"caption\":\"Mapa Unicesumar Atividade\"},{\"@type\":\"BreadcrumbList\",\"@id\":\"https:\\\/\\\/atividademapa.com\\\/?product=mapa-confiabilidade-de-sistemas-54-2023#breadcrumb\",\"itemListElement\":[{\"@type\":\"ListItem\",\"position\":1,\"name\":\"In\u00edcio\",\"item\":\"https:\\\/\\\/atividademapa.com\\\/\"},{\"@type\":\"ListItem\",\"position\":2,\"name\":\"MAPAS\",\"item\":\"https:\\\/\\\/atividademapa.com\\\/?page_id=5\"},{\"@type\":\"ListItem\",\"position\":3,\"name\":\"MAPA &#8211; CONFIABILIDADE DE SISTEMAS &#8211; 54\\\/2023\"}]},{\"@type\":\"WebSite\",\"@id\":\"https:\\\/\\\/atividademapa.com\\\/#website\",\"url\":\"https:\\\/\\\/atividademapa.com\\\/\",\"name\":\"Atividade Mapa\",\"description\":\"StudeO | Unicesumar\",\"publisher\":{\"@id\":\"https:\\\/\\\/atividademapa.com\\\/#organization\"},\"potentialAction\":[{\"@type\":\"SearchAction\",\"target\":{\"@type\":\"EntryPoint\",\"urlTemplate\":\"https:\\\/\\\/atividademapa.com\\\/?s={search_term_string}\"},\"query-input\":{\"@type\":\"PropertyValueSpecification\",\"valueRequired\":true,\"valueName\":\"search_term_string\"}}],\"inLanguage\":\"pt-BR\"},{\"@type\":\"Organization\",\"@id\":\"https:\\\/\\\/atividademapa.com\\\/#organization\",\"name\":\"Atividade MAPA\",\"url\":\"https:\\\/\\\/atividademapa.com\\\/\",\"logo\":{\"@type\":\"ImageObject\",\"inLanguage\":\"pt-BR\",\"@id\":\"https:\\\/\\\/atividademapa.com\\\/#\\\/schema\\\/logo\\\/image\\\/\",\"url\":\"https:\\\/\\\/i0.wp.com\\\/atividademapa.com\\\/wp-content\\\/uploads\\\/2023\\\/02\\\/ATIVIDADE.png?fit=600%2C300&ssl=1\",\"contentUrl\":\"https:\\\/\\\/i0.wp.com\\\/atividademapa.com\\\/wp-content\\\/uploads\\\/2023\\\/02\\\/ATIVIDADE.png?fit=600%2C300&ssl=1\",\"width\":600,\"height\":300,\"caption\":\"Atividade MAPA\"},\"image\":{\"@id\":\"https:\\\/\\\/atividademapa.com\\\/#\\\/schema\\\/logo\\\/image\\\/\"}}]}<\/script>\n<!-- \/ Yoast SEO plugin. -->","yoast_head_json":{"title":"MAPA - CONFIABILIDADE DE SISTEMAS - 54\/2023","description":"Atividade MAPA - CONFIABILIDADE DE SISTEMAS - 54\/2023 &#8902; Unicesumar. Baixe agora mesmo um Mapa Pronto resolvido!","robots":{"index":"index","follow":"follow","max-snippet":"max-snippet:-1","max-image-preview":"max-image-preview:large","max-video-preview":"max-video-preview:-1"},"canonical":"https:\/\/atividademapa.com\/?product=mapa-confiabilidade-de-sistemas-54-2023","og_locale":"pt_BR","og_type":"article","og_title":"MAPA - CONFIABILIDADE DE SISTEMAS - 54\/2023","og_description":"Atividade MAPA - CONFIABILIDADE DE SISTEMAS - 54\/2023 &#8902; Unicesumar. Baixe agora mesmo um Mapa Pronto resolvido!","og_url":"https:\/\/atividademapa.com\/?product=mapa-confiabilidade-de-sistemas-54-2023","og_site_name":"Atividade Mapa","article_modified_time":"2023-10-23T02:07:59+00:00","og_image":[{"width":300,"height":300,"url":"https:\/\/i0.wp.com\/atividademapa.com\/wp-content\/uploads\/2023\/03\/Atividade-M.A.P.A-3.png?fit=300%2C300&ssl=1","type":"image\/png"}],"twitter_card":"summary_large_image","twitter_misc":{"Est. tempo de leitura":"2 minutos"},"schema":{"@context":"https:\/\/schema.org","@graph":[{"@type":"WebPage","@id":"https:\/\/atividademapa.com\/?product=mapa-confiabilidade-de-sistemas-54-2023","url":"https:\/\/atividademapa.com\/?product=mapa-confiabilidade-de-sistemas-54-2023","name":"MAPA - CONFIABILIDADE DE SISTEMAS - 54\/2023","isPartOf":{"@id":"https:\/\/atividademapa.com\/#website"},"primaryImageOfPage":{"@id":"https:\/\/atividademapa.com\/?product=mapa-confiabilidade-de-sistemas-54-2023#primaryimage"},"image":{"@id":"https:\/\/atividademapa.com\/?product=mapa-confiabilidade-de-sistemas-54-2023#primaryimage"},"thumbnailUrl":"https:\/\/i0.wp.com\/atividademapa.com\/wp-content\/uploads\/2023\/03\/Atividade-M.A.P.A-3.png?fit=300%2C300&ssl=1","datePublished":"2023-10-18T04:00:30+00:00","dateModified":"2023-10-23T02:07:59+00:00","description":"Atividade MAPA - CONFIABILIDADE DE SISTEMAS - 54\/2023 &#8902; Unicesumar. Baixe agora mesmo um Mapa Pronto resolvido!","breadcrumb":{"@id":"https:\/\/atividademapa.com\/?product=mapa-confiabilidade-de-sistemas-54-2023#breadcrumb"},"inLanguage":"pt-BR","potentialAction":[{"@type":"ReadAction","target":["https:\/\/atividademapa.com\/?product=mapa-confiabilidade-de-sistemas-54-2023"]}]},{"@type":"ImageObject","inLanguage":"pt-BR","@id":"https:\/\/atividademapa.com\/?product=mapa-confiabilidade-de-sistemas-54-2023#primaryimage","url":"https:\/\/i0.wp.com\/atividademapa.com\/wp-content\/uploads\/2023\/03\/Atividade-M.A.P.A-3.png?fit=300%2C300&ssl=1","contentUrl":"https:\/\/i0.wp.com\/atividademapa.com\/wp-content\/uploads\/2023\/03\/Atividade-M.A.P.A-3.png?fit=300%2C300&ssl=1","width":300,"height":300,"caption":"Mapa Unicesumar Atividade"},{"@type":"BreadcrumbList","@id":"https:\/\/atividademapa.com\/?product=mapa-confiabilidade-de-sistemas-54-2023#breadcrumb","itemListElement":[{"@type":"ListItem","position":1,"name":"In\u00edcio","item":"https:\/\/atividademapa.com\/"},{"@type":"ListItem","position":2,"name":"MAPAS","item":"https:\/\/atividademapa.com\/?page_id=5"},{"@type":"ListItem","position":3,"name":"MAPA &#8211; CONFIABILIDADE DE SISTEMAS &#8211; 54\/2023"}]},{"@type":"WebSite","@id":"https:\/\/atividademapa.com\/#website","url":"https:\/\/atividademapa.com\/","name":"Atividade Mapa","description":"StudeO | Unicesumar","publisher":{"@id":"https:\/\/atividademapa.com\/#organization"},"potentialAction":[{"@type":"SearchAction","target":{"@type":"EntryPoint","urlTemplate":"https:\/\/atividademapa.com\/?s={search_term_string}"},"query-input":{"@type":"PropertyValueSpecification","valueRequired":true,"valueName":"search_term_string"}}],"inLanguage":"pt-BR"},{"@type":"Organization","@id":"https:\/\/atividademapa.com\/#organization","name":"Atividade MAPA","url":"https:\/\/atividademapa.com\/","logo":{"@type":"ImageObject","inLanguage":"pt-BR","@id":"https:\/\/atividademapa.com\/#\/schema\/logo\/image\/","url":"https:\/\/i0.wp.com\/atividademapa.com\/wp-content\/uploads\/2023\/02\/ATIVIDADE.png?fit=600%2C300&ssl=1","contentUrl":"https:\/\/i0.wp.com\/atividademapa.com\/wp-content\/uploads\/2023\/02\/ATIVIDADE.png?fit=600%2C300&ssl=1","width":600,"height":300,"caption":"Atividade MAPA"},"image":{"@id":"https:\/\/atividademapa.com\/#\/schema\/logo\/image\/"}}]}},"_links":{"self":[{"href":"https:\/\/atividademapa.com\/index.php?rest_route=\/wp\/v2\/product\/3055","targetHints":{"allow":["GET"]}}],"collection":[{"href":"https:\/\/atividademapa.com\/index.php?rest_route=\/wp\/v2\/product"}],"about":[{"href":"https:\/\/atividademapa.com\/index.php?rest_route=\/wp\/v2\/types\/product"}],"version-history":[{"count":1,"href":"https:\/\/atividademapa.com\/index.php?rest_route=\/wp\/v2\/product\/3055\/revisions"}],"predecessor-version":[{"id":3058,"href":"https:\/\/atividademapa.com\/index.php?rest_route=\/wp\/v2\/product\/3055\/revisions\/3058"}],"wp:featuredmedia":[{"embeddable":true,"href":"https:\/\/atividademapa.com\/index.php?rest_route=\/wp\/v2\/media\/2326"}],"wp:attachment":[{"href":"https:\/\/atividademapa.com\/index.php?rest_route=%2Fwp%2Fv2%2Fmedia&parent=3055"}],"wp:term":[{"taxonomy":"product_brand","embeddable":true,"href":"https:\/\/atividademapa.com\/index.php?rest_route=%2Fwp%2Fv2%2Fproduct_brand&post=3055"},{"taxonomy":"product_cat","embeddable":true,"href":"https:\/\/atividademapa.com\/index.php?rest_route=%2Fwp%2Fv2%2Fproduct_cat&post=3055"},{"taxonomy":"product_tag","embeddable":true,"href":"https:\/\/atividademapa.com\/index.php?rest_route=%2Fwp%2Fv2%2Fproduct_tag&post=3055"}],"curies":[{"name":"wp","href":"https:\/\/api.w.org\/{rel}","templated":true}]}}