{"id":3075,"date":"2023-10-22T23:08:25","date_gmt":"2023-10-23T02:08:25","guid":{"rendered":"https:\/\/atividademapa.com\/?post_type=product&#038;p=3075"},"modified":"2023-11-02T14:24:27","modified_gmt":"2023-11-02T17:24:27","slug":"mapa-gestao-da-qualidade-modulo-54","status":"publish","type":"product","link":"https:\/\/atividademapa.com\/?product=mapa-gestao-da-qualidade-modulo-54","title":{"rendered":"MAPA Gest\u00e3o da Qualidade 54-2023"},"content":{"rendered":"<p>MAPA Gest\u00e3o da Qualidade M\u00f3dulo 54-2023<\/p>\n<p>INTRODU\u00c7\u00c3O<br \/>\nAs etapas de produ\u00e7\u00e3o de uma empresa s\u00e3o realizadas de acordo com a complexidade do produto que fabrica. Neste sentido, o conhecimento dos processos realizados pela empresa \u00e9 fundamental.<br \/>\nVoc\u00ea j\u00e1 parou para pensar nos processos que realiza todos os dias? Voc\u00ea considera processo somente o que \u00e9 realizado em uma empresa ou processos ocorrem a todo o momento?<br \/>\nObserve que cada vez que voc\u00ea vai realizar uma tarefa, h\u00e1 uma s\u00e9rie de movimentos que se faz. Um exemplo pode ser visto na hora de preparar um almo\u00e7o, lavar uma cal\u00e7ada, aparar o jardim, fazer um churrasco (essa atividade eu gosto demais!), entre outras.<br \/>\nEm um churrasco, temos que decidir a data e hor\u00e1rio, preparar a lista de convidados, verificar os produtos dispon\u00edveis e fazer lista de compras, comprar, preparar, receber as pessoas, etc. Assim, podemos dizer que para fazer um churrasco tem uma s\u00e9rie de processos envolvendo, inclusive a cadeia de suprimentos.<br \/>\nPerceba que, quando detalhamos o processo, \u00e9 mais dif\u00edcil de ocorrer falhas, pois estamos pensando em detalhamento e n\u00e3o de uma forma macro.<br \/>\nTexto elaborado pelo professor.<br \/>\nQUEST\u00c3O<br \/>\nDiante do exposto, imagine a seguinte situa\u00e7\u00e3o:<br \/>\nVoc\u00ea foi designado para fazer um estudo da cadeia de suprimentos da empresa onde trabalha. O diretor da empresa quer saber como \u00e9 realizada a compra dos materiais e insumo e como de desenvolve o processo de avalia\u00e7\u00e3o dos produtos que s\u00e3o recebidos, como s\u00e3o identificados, armazenados, distribu\u00eddos, processados, estocados e distribu\u00eddos. O objetivo desta tarefa \u00e9 identificar as necessidades de melhorias para que o fluxo produtivo seja mais eficiente<a href=\"https:\/\/atividademapa.com\/shop\/mapa-gestao-da-qualidade-54-2023\/\">.<\/a><br \/>\nDe acordo com a situa\u00e7\u00e3o proposta, voc\u00ea deve considerar o risco da n\u00e3o identifica\u00e7\u00e3o e controle da qualidade dos produtos com que trabalha.<br \/>\nAssim, sua atividade \u00e9:<\/p>\n<p>MAPA Gest\u00e3o da Qualidade M\u00f3dulo 54-2023<br \/>\n1 \u2013 Desenvolver um<span style=\"color: #333333;\"> <a style=\"color: #333333;\" href=\"https:\/\/www.researchgate.net\/figure\/Figura-3-Fluxograma-de-recebimento-e-separacao-de-materiais-Fonte-autores_fig1_323782621\">fluxograma<\/a> <\/span>constando o fluxo da cadeia de suprimentos, desde o fornecedor at\u00e9 a expedi\u00e7\u00e3o do produto ao cliente. S\u00e3o elas: or\u00e7amento; compra; recebimento; controle da qualidade; almoxarifado; produ\u00e7\u00e3o; estoque de produto acabado; vendas; embalagem; e expedi\u00e7\u00e3o.<\/p>\n<p>2. Desenvolver uma folha de verifica\u00e7\u00e3o para avaliar e acompanhar a qualidade de fornecimento de mat\u00e9ria-prima, insumos e produtos semiacabados pelos fornecedores da empresa.<\/p>\n","protected":false},"excerpt":{"rendered":"<p>Fluxograma e Folha de Verifica\u00e7\u00e3o<\/p>\n","protected":false},"featured_media":2326,"template":"","meta":{"_monsterinsights_skip_tracking":false,"_monsterinsights_sitenote_active":false,"_monsterinsights_sitenote_note":"","_monsterinsights_sitenote_category":0},"product_brand":[],"product_cat":[29,107],"product_tag":[],"class_list":{"0":"post-3075","1":"product","2":"type-product","3":"status-publish","4":"has-post-thumbnail","6":"product_cat-gestao-de-qualidade","7":"product_cat-modulo-54-2023","9":"first","10":"instock","11":"downloadable","12":"virtual","13":"purchasable","14":"product-type-simple"},"yoast_head":"<!-- This site is optimized with the Yoast SEO plugin v27.4 - https:\/\/yoast.com\/product\/yoast-seo-wordpress\/ -->\n<title>MAPA Gest\u00e3o da Qualidade 54-2023 &#8902; Fluxograma<\/title>\n<meta name=\"description\" content=\"MAPA Gest\u00e3o da Qualidade 54-2023 Unicesumar | Atividade MAPA Pronto. Fluxograma constando o fluxo da cadeia de suprimentos e Folha de Verifica\u00e7\u00e3o Qualidade.\" \/>\n<meta name=\"robots\" content=\"index, follow, max-snippet:-1, max-image-preview:large, max-video-preview:-1\" \/>\n<link rel=\"canonical\" href=\"https:\/\/atividademapa.com\/?product=mapa-gestao-da-qualidade-modulo-54\" \/>\n<meta property=\"og:locale\" content=\"pt_BR\" \/>\n<meta property=\"og:type\" content=\"article\" \/>\n<meta property=\"og:title\" content=\"MAPA Gest\u00e3o da Qualidade 54-2023 &#8902; Fluxograma\" \/>\n<meta property=\"og:description\" content=\"MAPA Gest\u00e3o da Qualidade 54-2023 Unicesumar | Atividade MAPA Pronto. Fluxograma constando o fluxo da cadeia de suprimentos e Folha de Verifica\u00e7\u00e3o Qualidade.\" \/>\n<meta property=\"og:url\" content=\"https:\/\/atividademapa.com\/?product=mapa-gestao-da-qualidade-modulo-54\" \/>\n<meta property=\"og:site_name\" content=\"Atividade Mapa\" \/>\n<meta property=\"article:modified_time\" content=\"2023-11-02T17:24:27+00:00\" \/>\n<meta property=\"og:image\" content=\"https:\/\/i0.wp.com\/atividademapa.com\/wp-content\/uploads\/2023\/03\/Atividade-M.A.P.A-3.png?fit=300%2C300&ssl=1\" \/>\n\t<meta property=\"og:image:width\" content=\"300\" \/>\n\t<meta property=\"og:image:height\" content=\"300\" \/>\n\t<meta property=\"og:image:type\" content=\"image\/png\" \/>\n<meta name=\"twitter:card\" content=\"summary_large_image\" \/>\n<meta name=\"twitter:label1\" content=\"Est. tempo de leitura\" \/>\n\t<meta name=\"twitter:data1\" content=\"2 minutos\" \/>\n<script type=\"application\/ld+json\" class=\"yoast-schema-graph\">{\"@context\":\"https:\\\/\\\/schema.org\",\"@graph\":[{\"@type\":\"WebPage\",\"@id\":\"https:\\\/\\\/atividademapa.com\\\/?product=mapa-gestao-da-qualidade-modulo-54\",\"url\":\"https:\\\/\\\/atividademapa.com\\\/?product=mapa-gestao-da-qualidade-modulo-54\",\"name\":\"MAPA Gest\u00e3o da Qualidade 54-2023 &#8902; Fluxograma\",\"isPartOf\":{\"@id\":\"https:\\\/\\\/atividademapa.com\\\/#website\"},\"primaryImageOfPage\":{\"@id\":\"https:\\\/\\\/atividademapa.com\\\/?product=mapa-gestao-da-qualidade-modulo-54#primaryimage\"},\"image\":{\"@id\":\"https:\\\/\\\/atividademapa.com\\\/?product=mapa-gestao-da-qualidade-modulo-54#primaryimage\"},\"thumbnailUrl\":\"https:\\\/\\\/i0.wp.com\\\/atividademapa.com\\\/wp-content\\\/uploads\\\/2023\\\/03\\\/Atividade-M.A.P.A-3.png?fit=300%2C300&ssl=1\",\"datePublished\":\"2023-10-23T02:08:25+00:00\",\"dateModified\":\"2023-11-02T17:24:27+00:00\",\"description\":\"MAPA Gest\u00e3o da Qualidade 54-2023 Unicesumar | Atividade MAPA Pronto. Fluxograma constando o fluxo da cadeia de suprimentos e Folha de Verifica\u00e7\u00e3o Qualidade.\",\"breadcrumb\":{\"@id\":\"https:\\\/\\\/atividademapa.com\\\/?product=mapa-gestao-da-qualidade-modulo-54#breadcrumb\"},\"inLanguage\":\"pt-BR\",\"potentialAction\":[{\"@type\":\"ReadAction\",\"target\":[\"https:\\\/\\\/atividademapa.com\\\/?product=mapa-gestao-da-qualidade-modulo-54\"]}]},{\"@type\":\"ImageObject\",\"inLanguage\":\"pt-BR\",\"@id\":\"https:\\\/\\\/atividademapa.com\\\/?product=mapa-gestao-da-qualidade-modulo-54#primaryimage\",\"url\":\"https:\\\/\\\/i0.wp.com\\\/atividademapa.com\\\/wp-content\\\/uploads\\\/2023\\\/03\\\/Atividade-M.A.P.A-3.png?fit=300%2C300&ssl=1\",\"contentUrl\":\"https:\\\/\\\/i0.wp.com\\\/atividademapa.com\\\/wp-content\\\/uploads\\\/2023\\\/03\\\/Atividade-M.A.P.A-3.png?fit=300%2C300&ssl=1\",\"width\":300,\"height\":300,\"caption\":\"Mapa Unicesumar Atividade\"},{\"@type\":\"BreadcrumbList\",\"@id\":\"https:\\\/\\\/atividademapa.com\\\/?product=mapa-gestao-da-qualidade-modulo-54#breadcrumb\",\"itemListElement\":[{\"@type\":\"ListItem\",\"position\":1,\"name\":\"In\u00edcio\",\"item\":\"https:\\\/\\\/atividademapa.com\\\/\"},{\"@type\":\"ListItem\",\"position\":2,\"name\":\"MAPAS\",\"item\":\"https:\\\/\\\/atividademapa.com\\\/?page_id=5\"},{\"@type\":\"ListItem\",\"position\":3,\"name\":\"MAPA Gest\u00e3o da Qualidade 54-2023\"}]},{\"@type\":\"WebSite\",\"@id\":\"https:\\\/\\\/atividademapa.com\\\/#website\",\"url\":\"https:\\\/\\\/atividademapa.com\\\/\",\"name\":\"Atividade Mapa\",\"description\":\"StudeO | Unicesumar\",\"publisher\":{\"@id\":\"https:\\\/\\\/atividademapa.com\\\/#organization\"},\"potentialAction\":[{\"@type\":\"SearchAction\",\"target\":{\"@type\":\"EntryPoint\",\"urlTemplate\":\"https:\\\/\\\/atividademapa.com\\\/?s={search_term_string}\"},\"query-input\":{\"@type\":\"PropertyValueSpecification\",\"valueRequired\":true,\"valueName\":\"search_term_string\"}}],\"inLanguage\":\"pt-BR\"},{\"@type\":\"Organization\",\"@id\":\"https:\\\/\\\/atividademapa.com\\\/#organization\",\"name\":\"Atividade MAPA\",\"url\":\"https:\\\/\\\/atividademapa.com\\\/\",\"logo\":{\"@type\":\"ImageObject\",\"inLanguage\":\"pt-BR\",\"@id\":\"https:\\\/\\\/atividademapa.com\\\/#\\\/schema\\\/logo\\\/image\\\/\",\"url\":\"https:\\\/\\\/i0.wp.com\\\/atividademapa.com\\\/wp-content\\\/uploads\\\/2023\\\/02\\\/ATIVIDADE.png?fit=600%2C300&ssl=1\",\"contentUrl\":\"https:\\\/\\\/i0.wp.com\\\/atividademapa.com\\\/wp-content\\\/uploads\\\/2023\\\/02\\\/ATIVIDADE.png?fit=600%2C300&ssl=1\",\"width\":600,\"height\":300,\"caption\":\"Atividade MAPA\"},\"image\":{\"@id\":\"https:\\\/\\\/atividademapa.com\\\/#\\\/schema\\\/logo\\\/image\\\/\"}}]}<\/script>\n<!-- \/ Yoast SEO plugin. -->","yoast_head_json":{"title":"MAPA Gest\u00e3o da Qualidade 54-2023 &#8902; Fluxograma","description":"MAPA Gest\u00e3o da Qualidade 54-2023 Unicesumar | Atividade MAPA Pronto. Fluxograma constando o fluxo da cadeia de suprimentos e Folha de Verifica\u00e7\u00e3o Qualidade.","robots":{"index":"index","follow":"follow","max-snippet":"max-snippet:-1","max-image-preview":"max-image-preview:large","max-video-preview":"max-video-preview:-1"},"canonical":"https:\/\/atividademapa.com\/?product=mapa-gestao-da-qualidade-modulo-54","og_locale":"pt_BR","og_type":"article","og_title":"MAPA Gest\u00e3o da Qualidade 54-2023 &#8902; Fluxograma","og_description":"MAPA Gest\u00e3o da Qualidade 54-2023 Unicesumar | Atividade MAPA Pronto. Fluxograma constando o fluxo da cadeia de suprimentos e Folha de Verifica\u00e7\u00e3o Qualidade.","og_url":"https:\/\/atividademapa.com\/?product=mapa-gestao-da-qualidade-modulo-54","og_site_name":"Atividade Mapa","article_modified_time":"2023-11-02T17:24:27+00:00","og_image":[{"width":300,"height":300,"url":"https:\/\/i0.wp.com\/atividademapa.com\/wp-content\/uploads\/2023\/03\/Atividade-M.A.P.A-3.png?fit=300%2C300&ssl=1","type":"image\/png"}],"twitter_card":"summary_large_image","twitter_misc":{"Est. tempo de leitura":"2 minutos"},"schema":{"@context":"https:\/\/schema.org","@graph":[{"@type":"WebPage","@id":"https:\/\/atividademapa.com\/?product=mapa-gestao-da-qualidade-modulo-54","url":"https:\/\/atividademapa.com\/?product=mapa-gestao-da-qualidade-modulo-54","name":"MAPA Gest\u00e3o da Qualidade 54-2023 &#8902; Fluxograma","isPartOf":{"@id":"https:\/\/atividademapa.com\/#website"},"primaryImageOfPage":{"@id":"https:\/\/atividademapa.com\/?product=mapa-gestao-da-qualidade-modulo-54#primaryimage"},"image":{"@id":"https:\/\/atividademapa.com\/?product=mapa-gestao-da-qualidade-modulo-54#primaryimage"},"thumbnailUrl":"https:\/\/i0.wp.com\/atividademapa.com\/wp-content\/uploads\/2023\/03\/Atividade-M.A.P.A-3.png?fit=300%2C300&ssl=1","datePublished":"2023-10-23T02:08:25+00:00","dateModified":"2023-11-02T17:24:27+00:00","description":"MAPA Gest\u00e3o da Qualidade 54-2023 Unicesumar | Atividade MAPA Pronto. Fluxograma constando o fluxo da cadeia de suprimentos e Folha de Verifica\u00e7\u00e3o Qualidade.","breadcrumb":{"@id":"https:\/\/atividademapa.com\/?product=mapa-gestao-da-qualidade-modulo-54#breadcrumb"},"inLanguage":"pt-BR","potentialAction":[{"@type":"ReadAction","target":["https:\/\/atividademapa.com\/?product=mapa-gestao-da-qualidade-modulo-54"]}]},{"@type":"ImageObject","inLanguage":"pt-BR","@id":"https:\/\/atividademapa.com\/?product=mapa-gestao-da-qualidade-modulo-54#primaryimage","url":"https:\/\/i0.wp.com\/atividademapa.com\/wp-content\/uploads\/2023\/03\/Atividade-M.A.P.A-3.png?fit=300%2C300&ssl=1","contentUrl":"https:\/\/i0.wp.com\/atividademapa.com\/wp-content\/uploads\/2023\/03\/Atividade-M.A.P.A-3.png?fit=300%2C300&ssl=1","width":300,"height":300,"caption":"Mapa Unicesumar Atividade"},{"@type":"BreadcrumbList","@id":"https:\/\/atividademapa.com\/?product=mapa-gestao-da-qualidade-modulo-54#breadcrumb","itemListElement":[{"@type":"ListItem","position":1,"name":"In\u00edcio","item":"https:\/\/atividademapa.com\/"},{"@type":"ListItem","position":2,"name":"MAPAS","item":"https:\/\/atividademapa.com\/?page_id=5"},{"@type":"ListItem","position":3,"name":"MAPA Gest\u00e3o da Qualidade 54-2023"}]},{"@type":"WebSite","@id":"https:\/\/atividademapa.com\/#website","url":"https:\/\/atividademapa.com\/","name":"Atividade Mapa","description":"StudeO | Unicesumar","publisher":{"@id":"https:\/\/atividademapa.com\/#organization"},"potentialAction":[{"@type":"SearchAction","target":{"@type":"EntryPoint","urlTemplate":"https:\/\/atividademapa.com\/?s={search_term_string}"},"query-input":{"@type":"PropertyValueSpecification","valueRequired":true,"valueName":"search_term_string"}}],"inLanguage":"pt-BR"},{"@type":"Organization","@id":"https:\/\/atividademapa.com\/#organization","name":"Atividade MAPA","url":"https:\/\/atividademapa.com\/","logo":{"@type":"ImageObject","inLanguage":"pt-BR","@id":"https:\/\/atividademapa.com\/#\/schema\/logo\/image\/","url":"https:\/\/i0.wp.com\/atividademapa.com\/wp-content\/uploads\/2023\/02\/ATIVIDADE.png?fit=600%2C300&ssl=1","contentUrl":"https:\/\/i0.wp.com\/atividademapa.com\/wp-content\/uploads\/2023\/02\/ATIVIDADE.png?fit=600%2C300&ssl=1","width":600,"height":300,"caption":"Atividade MAPA"},"image":{"@id":"https:\/\/atividademapa.com\/#\/schema\/logo\/image\/"}}]}},"_links":{"self":[{"href":"https:\/\/atividademapa.com\/index.php?rest_route=\/wp\/v2\/product\/3075","targetHints":{"allow":["GET"]}}],"collection":[{"href":"https:\/\/atividademapa.com\/index.php?rest_route=\/wp\/v2\/product"}],"about":[{"href":"https:\/\/atividademapa.com\/index.php?rest_route=\/wp\/v2\/types\/product"}],"version-history":[{"count":2,"href":"https:\/\/atividademapa.com\/index.php?rest_route=\/wp\/v2\/product\/3075\/revisions"}],"predecessor-version":[{"id":3098,"href":"https:\/\/atividademapa.com\/index.php?rest_route=\/wp\/v2\/product\/3075\/revisions\/3098"}],"wp:featuredmedia":[{"embeddable":true,"href":"https:\/\/atividademapa.com\/index.php?rest_route=\/wp\/v2\/media\/2326"}],"wp:attachment":[{"href":"https:\/\/atividademapa.com\/index.php?rest_route=%2Fwp%2Fv2%2Fmedia&parent=3075"}],"wp:term":[{"taxonomy":"product_brand","embeddable":true,"href":"https:\/\/atividademapa.com\/index.php?rest_route=%2Fwp%2Fv2%2Fproduct_brand&post=3075"},{"taxonomy":"product_cat","embeddable":true,"href":"https:\/\/atividademapa.com\/index.php?rest_route=%2Fwp%2Fv2%2Fproduct_cat&post=3075"},{"taxonomy":"product_tag","embeddable":true,"href":"https:\/\/atividademapa.com\/index.php?rest_route=%2Fwp%2Fv2%2Fproduct_tag&post=3075"}],"curies":[{"name":"wp","href":"https:\/\/api.w.org\/{rel}","templated":true}]}}