{"id":3099,"date":"2023-11-02T15:03:24","date_gmt":"2023-11-02T18:03:24","guid":{"rendered":"https:\/\/atividademapa.com\/?post_type=product&#038;p=3099"},"modified":"2023-11-02T15:03:26","modified_gmt":"2023-11-02T18:03:26","slug":"mapa-abordagens-inovadoras-em-administracao-54-2023","status":"publish","type":"product","link":"https:\/\/atividademapa.com\/?product=mapa-abordagens-inovadoras-em-administracao-54-2023","title":{"rendered":"Mapa Abordagens Inovadoras em Administra\u00e7\u00e3o 54\/2023"},"content":{"rendered":"<p>Mapa Abordagens Inovadoras em Administra\u00e7\u00e3o 54\/2023<\/p>\n<p>AGORA \u00c9 COM VOC\u00ca!<br \/>\n*Leia o enunciado e comando da atividade na \u00edntegra no question\u00e1rio dispon\u00edvel no ambiente da disciplina<\/p>\n<p>1) Escolha uma empresa da regi\u00e3o em que voc\u00ea mora que tem grande destaque na sua vis\u00e3o que come\u00e7ou de forma n\u00e3o planejada, ou seja, conforme a abordagem Effectuation. Escreva o nome, a justificativa da escolha e um resumo da hist\u00f3ria da empresa.<\/p>\n<p>2) Preencha as duas partes do quadro a seguir, conforme as instru\u00e7\u00f5es:<\/p>\n<table>\n<tbody>\n<tr>\n<td width=\"200\"><\/td>\n<td style=\"text-align: center;\" width=\"200\">Empresa escolhida<\/td>\n<td style=\"text-align: center;\" width=\"200\"><span style=\"color: #333333;\"><a style=\"color: #333333;\" href=\"https:\/\/www.scielo.br\/j\/rac\/a\/tNqzT8FCqNLyYZjpBhsnPTL\/#:~:text=Na%20abordagem%20causal%2C%20os%20fatores,o%20retorno%20sobre%20o%20investimento.\">Abordagem Causation<\/a><\/span><\/td>\n<\/tr>\n<tr>\n<td width=\"200\">M\u00eas 1<\/td>\n<td width=\"200\"><\/td>\n<td width=\"200\"><\/td>\n<\/tr>\n<tr>\n<td width=\"200\">M\u00eas 2<\/td>\n<td width=\"200\"><\/td>\n<td width=\"200\"><\/td>\n<\/tr>\n<tr>\n<td width=\"200\">M\u00eas 3<\/td>\n<td width=\"200\"><\/td>\n<td width=\"200\"><\/td>\n<\/tr>\n<tr>\n<td width=\"200\">M\u00eas 4<\/td>\n<td width=\"200\"><\/td>\n<td width=\"200\"><\/td>\n<\/tr>\n<tr>\n<td width=\"200\">M\u00eas 5<\/td>\n<td width=\"200\"><\/td>\n<td width=\"200\"><\/td>\n<\/tr>\n<tr>\n<td width=\"200\">M\u00eas 6<\/td>\n<td width=\"200\"><\/td>\n<td width=\"200\"><\/td>\n<\/tr>\n<tr>\n<td width=\"200\">M\u00eas 8<\/td>\n<td width=\"200\"><\/td>\n<td width=\"200\"><\/td>\n<\/tr>\n<tr>\n<td width=\"200\">M\u00eas 10<\/td>\n<td width=\"200\"><\/td>\n<td width=\"200\"><\/td>\n<\/tr>\n<tr>\n<td width=\"200\">M\u00eas 12<\/td>\n<td width=\"200\"><\/td>\n<td width=\"200\"><\/td>\n<\/tr>\n<tr>\n<td width=\"200\">M\u00eas 15<\/td>\n<td width=\"200\"><\/td>\n<td width=\"200\"><\/td>\n<\/tr>\n<tr>\n<td width=\"200\">M\u00eas 18<\/td>\n<td width=\"200\"><\/td>\n<td width=\"200\"><\/td>\n<\/tr>\n<tr>\n<td width=\"200\">M\u00eas 21<\/td>\n<td width=\"200\"><\/td>\n<td width=\"200\"><\/td>\n<\/tr>\n<tr>\n<td width=\"200\">M\u00eas 24<\/td>\n<td width=\"200\"><\/td>\n<td width=\"200\"><\/td>\n<\/tr>\n<\/tbody>\n<\/table>\n<p>a) Adapte os passos da hist\u00f3ria da empresa conforme a cronologia, ou seja, conforme cada per\u00edodo do ano coloque um fato que ocorreu.<\/p>\n<p>b) Preencha a segunda coluna utilizando a abordagem Causation, ou seja, como seria a hist\u00f3ria da empresa caso os passos forem feitos de forma planejada.<\/p>\n<p>3) Escreva um parecer explicando os seguintes pontos: Abordagens Inovadoras em Administra\u00e7\u00e3o<\/p>\n<p>a) As principais diferen\u00e7as na hist\u00f3ria da empresa caso a abordagem planejada fosse utilizada.<\/p>\n<p>b) Sua an\u00e1lise se o resultado seria melhor ou pior explicando os motivos<a href=\"https:\/\/atividademapa.com\">.<\/a><\/p>\n","protected":false},"excerpt":{"rendered":"<p>Abordagem Causation<\/p>\n","protected":false},"featured_media":2326,"template":"","meta":{"_monsterinsights_skip_tracking":false,"_monsterinsights_sitenote_active":false,"_monsterinsights_sitenote_note":"","_monsterinsights_sitenote_category":0},"product_brand":[],"product_cat":[22,107],"product_tag":[],"class_list":{"0":"post-3099","1":"product","2":"type-product","3":"status-publish","4":"has-post-thumbnail","6":"product_cat-administracao","7":"product_cat-modulo-54-2023","9":"first","10":"instock","11":"downloadable","12":"virtual","13":"purchasable","14":"product-type-simple"},"yoast_head":"<!-- This site is optimized with the Yoast SEO plugin v27.4 - https:\/\/yoast.com\/product\/yoast-seo-wordpress\/ -->\n<title>Mapa Abordagens Inovadoras em Administra\u00e7\u00e3o 54\/2023<\/title>\n<meta name=\"description\" content=\"Mapa Abordagens Inovadoras em Administra\u00e7\u00e3o 54\/2023 Unicesumar | Atividade MAPA Pronto. Baixe Agora! Mapa Pronto. Abordagem Causation.\" \/>\n<meta name=\"robots\" content=\"index, follow, max-snippet:-1, max-image-preview:large, max-video-preview:-1\" \/>\n<link rel=\"canonical\" href=\"https:\/\/atividademapa.com\/?product=mapa-abordagens-inovadoras-em-administracao-54-2023\" \/>\n<meta property=\"og:locale\" content=\"pt_BR\" \/>\n<meta property=\"og:type\" content=\"article\" \/>\n<meta property=\"og:title\" content=\"Mapa Abordagens Inovadoras em Administra\u00e7\u00e3o 54\/2023\" \/>\n<meta property=\"og:description\" content=\"Mapa Abordagens Inovadoras em Administra\u00e7\u00e3o 54\/2023 Unicesumar | Atividade MAPA Pronto. Baixe Agora! Mapa Pronto. Abordagem Causation.\" \/>\n<meta property=\"og:url\" content=\"https:\/\/atividademapa.com\/?product=mapa-abordagens-inovadoras-em-administracao-54-2023\" \/>\n<meta property=\"og:site_name\" content=\"Atividade Mapa\" \/>\n<meta property=\"article:modified_time\" content=\"2023-11-02T18:03:26+00:00\" \/>\n<meta property=\"og:image\" content=\"https:\/\/i0.wp.com\/atividademapa.com\/wp-content\/uploads\/2023\/03\/Atividade-M.A.P.A-3.png?fit=300%2C300&ssl=1\" \/>\n\t<meta property=\"og:image:width\" content=\"300\" \/>\n\t<meta property=\"og:image:height\" content=\"300\" \/>\n\t<meta property=\"og:image:type\" content=\"image\/png\" \/>\n<meta name=\"twitter:card\" content=\"summary_large_image\" \/>\n<meta name=\"twitter:label1\" content=\"Est. tempo de leitura\" \/>\n\t<meta name=\"twitter:data1\" content=\"1 minuto\" \/>\n<script type=\"application\/ld+json\" class=\"yoast-schema-graph\">{\"@context\":\"https:\\\/\\\/schema.org\",\"@graph\":[{\"@type\":\"WebPage\",\"@id\":\"https:\\\/\\\/atividademapa.com\\\/?product=mapa-abordagens-inovadoras-em-administracao-54-2023\",\"url\":\"https:\\\/\\\/atividademapa.com\\\/?product=mapa-abordagens-inovadoras-em-administracao-54-2023\",\"name\":\"Mapa Abordagens Inovadoras em Administra\u00e7\u00e3o 54\\\/2023\",\"isPartOf\":{\"@id\":\"https:\\\/\\\/atividademapa.com\\\/#website\"},\"primaryImageOfPage\":{\"@id\":\"https:\\\/\\\/atividademapa.com\\\/?product=mapa-abordagens-inovadoras-em-administracao-54-2023#primaryimage\"},\"image\":{\"@id\":\"https:\\\/\\\/atividademapa.com\\\/?product=mapa-abordagens-inovadoras-em-administracao-54-2023#primaryimage\"},\"thumbnailUrl\":\"https:\\\/\\\/i0.wp.com\\\/atividademapa.com\\\/wp-content\\\/uploads\\\/2023\\\/03\\\/Atividade-M.A.P.A-3.png?fit=300%2C300&ssl=1\",\"datePublished\":\"2023-11-02T18:03:24+00:00\",\"dateModified\":\"2023-11-02T18:03:26+00:00\",\"description\":\"Mapa Abordagens Inovadoras em Administra\u00e7\u00e3o 54\\\/2023 Unicesumar | Atividade MAPA Pronto. Baixe Agora! Mapa Pronto. Abordagem Causation.\",\"breadcrumb\":{\"@id\":\"https:\\\/\\\/atividademapa.com\\\/?product=mapa-abordagens-inovadoras-em-administracao-54-2023#breadcrumb\"},\"inLanguage\":\"pt-BR\",\"potentialAction\":[{\"@type\":\"ReadAction\",\"target\":[\"https:\\\/\\\/atividademapa.com\\\/?product=mapa-abordagens-inovadoras-em-administracao-54-2023\"]}]},{\"@type\":\"ImageObject\",\"inLanguage\":\"pt-BR\",\"@id\":\"https:\\\/\\\/atividademapa.com\\\/?product=mapa-abordagens-inovadoras-em-administracao-54-2023#primaryimage\",\"url\":\"https:\\\/\\\/i0.wp.com\\\/atividademapa.com\\\/wp-content\\\/uploads\\\/2023\\\/03\\\/Atividade-M.A.P.A-3.png?fit=300%2C300&ssl=1\",\"contentUrl\":\"https:\\\/\\\/i0.wp.com\\\/atividademapa.com\\\/wp-content\\\/uploads\\\/2023\\\/03\\\/Atividade-M.A.P.A-3.png?fit=300%2C300&ssl=1\",\"width\":300,\"height\":300,\"caption\":\"Mapa Unicesumar Atividade\"},{\"@type\":\"BreadcrumbList\",\"@id\":\"https:\\\/\\\/atividademapa.com\\\/?product=mapa-abordagens-inovadoras-em-administracao-54-2023#breadcrumb\",\"itemListElement\":[{\"@type\":\"ListItem\",\"position\":1,\"name\":\"In\u00edcio\",\"item\":\"https:\\\/\\\/atividademapa.com\\\/\"},{\"@type\":\"ListItem\",\"position\":2,\"name\":\"MAPAS\",\"item\":\"https:\\\/\\\/atividademapa.com\\\/?page_id=5\"},{\"@type\":\"ListItem\",\"position\":3,\"name\":\"Mapa Abordagens Inovadoras em Administra\u00e7\u00e3o 54\\\/2023\"}]},{\"@type\":\"WebSite\",\"@id\":\"https:\\\/\\\/atividademapa.com\\\/#website\",\"url\":\"https:\\\/\\\/atividademapa.com\\\/\",\"name\":\"Atividade Mapa\",\"description\":\"StudeO | Unicesumar\",\"publisher\":{\"@id\":\"https:\\\/\\\/atividademapa.com\\\/#organization\"},\"potentialAction\":[{\"@type\":\"SearchAction\",\"target\":{\"@type\":\"EntryPoint\",\"urlTemplate\":\"https:\\\/\\\/atividademapa.com\\\/?s={search_term_string}\"},\"query-input\":{\"@type\":\"PropertyValueSpecification\",\"valueRequired\":true,\"valueName\":\"search_term_string\"}}],\"inLanguage\":\"pt-BR\"},{\"@type\":\"Organization\",\"@id\":\"https:\\\/\\\/atividademapa.com\\\/#organization\",\"name\":\"Atividade MAPA\",\"url\":\"https:\\\/\\\/atividademapa.com\\\/\",\"logo\":{\"@type\":\"ImageObject\",\"inLanguage\":\"pt-BR\",\"@id\":\"https:\\\/\\\/atividademapa.com\\\/#\\\/schema\\\/logo\\\/image\\\/\",\"url\":\"https:\\\/\\\/i0.wp.com\\\/atividademapa.com\\\/wp-content\\\/uploads\\\/2023\\\/02\\\/ATIVIDADE.png?fit=600%2C300&ssl=1\",\"contentUrl\":\"https:\\\/\\\/i0.wp.com\\\/atividademapa.com\\\/wp-content\\\/uploads\\\/2023\\\/02\\\/ATIVIDADE.png?fit=600%2C300&ssl=1\",\"width\":600,\"height\":300,\"caption\":\"Atividade MAPA\"},\"image\":{\"@id\":\"https:\\\/\\\/atividademapa.com\\\/#\\\/schema\\\/logo\\\/image\\\/\"}}]}<\/script>\n<!-- \/ Yoast SEO plugin. -->","yoast_head_json":{"title":"Mapa Abordagens Inovadoras em Administra\u00e7\u00e3o 54\/2023","description":"Mapa Abordagens Inovadoras em Administra\u00e7\u00e3o 54\/2023 Unicesumar | Atividade MAPA Pronto. Baixe Agora! Mapa Pronto. Abordagem Causation.","robots":{"index":"index","follow":"follow","max-snippet":"max-snippet:-1","max-image-preview":"max-image-preview:large","max-video-preview":"max-video-preview:-1"},"canonical":"https:\/\/atividademapa.com\/?product=mapa-abordagens-inovadoras-em-administracao-54-2023","og_locale":"pt_BR","og_type":"article","og_title":"Mapa Abordagens Inovadoras em Administra\u00e7\u00e3o 54\/2023","og_description":"Mapa Abordagens Inovadoras em Administra\u00e7\u00e3o 54\/2023 Unicesumar | Atividade MAPA Pronto. Baixe Agora! Mapa Pronto. Abordagem Causation.","og_url":"https:\/\/atividademapa.com\/?product=mapa-abordagens-inovadoras-em-administracao-54-2023","og_site_name":"Atividade Mapa","article_modified_time":"2023-11-02T18:03:26+00:00","og_image":[{"width":300,"height":300,"url":"https:\/\/i0.wp.com\/atividademapa.com\/wp-content\/uploads\/2023\/03\/Atividade-M.A.P.A-3.png?fit=300%2C300&ssl=1","type":"image\/png"}],"twitter_card":"summary_large_image","twitter_misc":{"Est. tempo de leitura":"1 minuto"},"schema":{"@context":"https:\/\/schema.org","@graph":[{"@type":"WebPage","@id":"https:\/\/atividademapa.com\/?product=mapa-abordagens-inovadoras-em-administracao-54-2023","url":"https:\/\/atividademapa.com\/?product=mapa-abordagens-inovadoras-em-administracao-54-2023","name":"Mapa Abordagens Inovadoras em Administra\u00e7\u00e3o 54\/2023","isPartOf":{"@id":"https:\/\/atividademapa.com\/#website"},"primaryImageOfPage":{"@id":"https:\/\/atividademapa.com\/?product=mapa-abordagens-inovadoras-em-administracao-54-2023#primaryimage"},"image":{"@id":"https:\/\/atividademapa.com\/?product=mapa-abordagens-inovadoras-em-administracao-54-2023#primaryimage"},"thumbnailUrl":"https:\/\/i0.wp.com\/atividademapa.com\/wp-content\/uploads\/2023\/03\/Atividade-M.A.P.A-3.png?fit=300%2C300&ssl=1","datePublished":"2023-11-02T18:03:24+00:00","dateModified":"2023-11-02T18:03:26+00:00","description":"Mapa Abordagens Inovadoras em Administra\u00e7\u00e3o 54\/2023 Unicesumar | Atividade MAPA Pronto. Baixe Agora! Mapa Pronto. Abordagem Causation.","breadcrumb":{"@id":"https:\/\/atividademapa.com\/?product=mapa-abordagens-inovadoras-em-administracao-54-2023#breadcrumb"},"inLanguage":"pt-BR","potentialAction":[{"@type":"ReadAction","target":["https:\/\/atividademapa.com\/?product=mapa-abordagens-inovadoras-em-administracao-54-2023"]}]},{"@type":"ImageObject","inLanguage":"pt-BR","@id":"https:\/\/atividademapa.com\/?product=mapa-abordagens-inovadoras-em-administracao-54-2023#primaryimage","url":"https:\/\/i0.wp.com\/atividademapa.com\/wp-content\/uploads\/2023\/03\/Atividade-M.A.P.A-3.png?fit=300%2C300&ssl=1","contentUrl":"https:\/\/i0.wp.com\/atividademapa.com\/wp-content\/uploads\/2023\/03\/Atividade-M.A.P.A-3.png?fit=300%2C300&ssl=1","width":300,"height":300,"caption":"Mapa Unicesumar Atividade"},{"@type":"BreadcrumbList","@id":"https:\/\/atividademapa.com\/?product=mapa-abordagens-inovadoras-em-administracao-54-2023#breadcrumb","itemListElement":[{"@type":"ListItem","position":1,"name":"In\u00edcio","item":"https:\/\/atividademapa.com\/"},{"@type":"ListItem","position":2,"name":"MAPAS","item":"https:\/\/atividademapa.com\/?page_id=5"},{"@type":"ListItem","position":3,"name":"Mapa Abordagens Inovadoras em Administra\u00e7\u00e3o 54\/2023"}]},{"@type":"WebSite","@id":"https:\/\/atividademapa.com\/#website","url":"https:\/\/atividademapa.com\/","name":"Atividade Mapa","description":"StudeO | Unicesumar","publisher":{"@id":"https:\/\/atividademapa.com\/#organization"},"potentialAction":[{"@type":"SearchAction","target":{"@type":"EntryPoint","urlTemplate":"https:\/\/atividademapa.com\/?s={search_term_string}"},"query-input":{"@type":"PropertyValueSpecification","valueRequired":true,"valueName":"search_term_string"}}],"inLanguage":"pt-BR"},{"@type":"Organization","@id":"https:\/\/atividademapa.com\/#organization","name":"Atividade MAPA","url":"https:\/\/atividademapa.com\/","logo":{"@type":"ImageObject","inLanguage":"pt-BR","@id":"https:\/\/atividademapa.com\/#\/schema\/logo\/image\/","url":"https:\/\/i0.wp.com\/atividademapa.com\/wp-content\/uploads\/2023\/02\/ATIVIDADE.png?fit=600%2C300&ssl=1","contentUrl":"https:\/\/i0.wp.com\/atividademapa.com\/wp-content\/uploads\/2023\/02\/ATIVIDADE.png?fit=600%2C300&ssl=1","width":600,"height":300,"caption":"Atividade MAPA"},"image":{"@id":"https:\/\/atividademapa.com\/#\/schema\/logo\/image\/"}}]}},"_links":{"self":[{"href":"https:\/\/atividademapa.com\/index.php?rest_route=\/wp\/v2\/product\/3099","targetHints":{"allow":["GET"]}}],"collection":[{"href":"https:\/\/atividademapa.com\/index.php?rest_route=\/wp\/v2\/product"}],"about":[{"href":"https:\/\/atividademapa.com\/index.php?rest_route=\/wp\/v2\/types\/product"}],"version-history":[{"count":1,"href":"https:\/\/atividademapa.com\/index.php?rest_route=\/wp\/v2\/product\/3099\/revisions"}],"predecessor-version":[{"id":3101,"href":"https:\/\/atividademapa.com\/index.php?rest_route=\/wp\/v2\/product\/3099\/revisions\/3101"}],"wp:featuredmedia":[{"embeddable":true,"href":"https:\/\/atividademapa.com\/index.php?rest_route=\/wp\/v2\/media\/2326"}],"wp:attachment":[{"href":"https:\/\/atividademapa.com\/index.php?rest_route=%2Fwp%2Fv2%2Fmedia&parent=3099"}],"wp:term":[{"taxonomy":"product_brand","embeddable":true,"href":"https:\/\/atividademapa.com\/index.php?rest_route=%2Fwp%2Fv2%2Fproduct_brand&post=3099"},{"taxonomy":"product_cat","embeddable":true,"href":"https:\/\/atividademapa.com\/index.php?rest_route=%2Fwp%2Fv2%2Fproduct_cat&post=3099"},{"taxonomy":"product_tag","embeddable":true,"href":"https:\/\/atividademapa.com\/index.php?rest_route=%2Fwp%2Fv2%2Fproduct_tag&post=3099"}],"curies":[{"name":"wp","href":"https:\/\/api.w.org\/{rel}","templated":true}]}}