{"id":3127,"date":"2023-11-06T22:12:55","date_gmt":"2023-11-07T01:12:55","guid":{"rendered":"https:\/\/atividademapa.com\/?post_type=product&#038;p=3127"},"modified":"2023-11-21T22:18:51","modified_gmt":"2023-11-22T01:18:51","slug":"mapa-calculo-diferencial-e-integral-i-54-2023","status":"publish","type":"product","link":"https:\/\/atividademapa.com\/?product=mapa-calculo-diferencial-e-integral-i-54-2023","title":{"rendered":"MAPA C\u00e1lculo Diferencial e Integral I 54\/2023"},"content":{"rendered":"<p>MAPA C\u00e1lculo Diferencial e Integral I 54\/2023<\/p>\n<p>O desafio das empresas em obter uma forte vantagem competitiva est\u00e1 aliado com a maneira como desempenha suas atividades, pois como ressaltam Medeiros, Costa e Silva (2005), os gestores que compreendem o comportamento dos custos possuem condi\u00e7\u00f5es de prever a dire\u00e7\u00e3o e a magnitude das varia\u00e7\u00f5es em diversas situa\u00e7\u00f5es operacionais e, assim, podem melhorar o planejamento das atividades.<\/p>\n<p>Diante de um ambiente competitivo, as organiza\u00e7\u00f5es contempor\u00e2neas s\u00e3o for\u00e7adas a criar recursos distintos e de melhoria dos n\u00edveis de competitividade, fazendo com que o controle exer\u00e7a um papel central no processo de gest\u00e3o.<\/p>\n<p>Gomes, Lima e Steppan (2007) consideram a informa\u00e7\u00e3o de custos como uma fonte informacional prim\u00e1ria, que auxilia gestores na tomada de decis\u00e3o, trazendo benef\u00edcios a qualquer tipo de entidade e, adequando-se \u00e0 finalidade para qual, diversas organiza\u00e7\u00f5es se prop\u00f5em.<\/p>\n<p>Deste modo deve-se compreender os conceitos de custos para o uso apropriado da informa\u00e7\u00e3o gerada, em ampla variedade de decis\u00f5es e prop\u00f3sitos de controle.<\/p>\n<p>Fonte: adaptado de: https:\/\/congressousp.fipecafi.org\/anais\/16UspInternational\/191.pdf. Acesso em: 21 set. 2023.<\/p>\n<p>Sobre o assunto envolvendo custos, e indo um pouco mais al\u00e9m, ou seja, relacionando tamb\u00e9m receita e lucro, observe a situa\u00e7\u00e3o a seguir:<\/p>\n<p>Matheus \u00e9 um engenheiro de uma empresa e tem em m\u00e3os algumas informa\u00e7\u00f5es relacionadas a um certo produto. Informa\u00e7\u00f5es como a receita, que \u00e9 dada por R(q) = -2.q2 + 1000.q, em que R representa a receita de um produto e q a quantidade vendida. Sabe-se tamb\u00e9m o custo para se produzir o produto, que \u00e9 dado por C(q) = 200.q + 35000, em que C representa o respectivo custo e q a quantidade produzida.<\/p>\n<p>MAPA C\u00e1lculo Diferencial e Integral I 54\/2023<\/p>\n<p>Com essas informa\u00e7\u00f5es, Matheus precisa fazer um estudo sobre tal produto e, com isso, obter informa\u00e7\u00f5es, como:<\/p>\n<p>a) Quando n\u00e3o se produz nada do produto, existe algum custo para a empresa? Se existir, qual \u00e9 o seu significado?<\/p>\n<p>Insira sua resposta aqui<\/p>\n<p>b) Calculando o custo e a receita nas quantidades 50 e 350, qual valor se obt\u00e9m? Qual o significado do resultado obtido?<\/p>\n<p>Insira sua resposta aqui<\/p>\n<p>c) Sabendo que o lucro para esse produto pode ser obtido pela diferen\u00e7a entre a receita e o custo, qual fun\u00e7\u00e3o pode representar o lucro desse produto?<\/p>\n<p>Insira sua resposta aqui<\/p>\n<p>d) Calculando o lucro para a venda da quantidade 61 e subtraindo do lucro para a venda da quantidade 60 unidades, temos o lucro da venda da unidade 61\u00b0. Qual \u00e9 esse lucro?<\/p>\n<p>Insira sua resposta <span style=\"color: #333333;\"><a style=\"color: #333333;\" href=\"https:\/\/atividademapa.com\">aqui<\/a><\/span><\/p>\n<p>e) Se for feita a Derivada da fun\u00e7\u00e3o lucro, qual fun\u00e7\u00e3o \u00e9 obtida?<\/p>\n<p>Insira sua resposta aqui<\/p>\n<p>f) Calculando a derivada da fun\u00e7\u00e3o lucro no valor 60, qual resultado se obt\u00e9m?<\/p>\n<p>Insira sua resposta aqui<\/p>\n<p>g) Comparando o resultado obtido na letra d com o resultado obtido na letra f, tais resultados s\u00e3o pr\u00f3ximos ou n\u00e3o um do outro?<\/p>\n<p>Insira sua resposta aqui<\/p>\n<p>h) Fazendo a Integral da fun\u00e7\u00e3o obtida na letra e<a href=\"https:\/\/www.uel.br\/projetos\/matessencial\/superior\/calculo\/int01.html\">,<\/a> obt\u00eam-se qual fun\u00e7\u00e3o?<\/p>\n<p>Insira sua resposta aqui<\/p>\n<p>i) Calculando a fun\u00e7\u00e3o obtida na letra h nos valores 61 e 60, e fazendo a diferen\u00e7a entre os resultados, obt\u00eam-se qual valor?<\/p>\n<p>Insira sua resposta aqui<\/p>\n<p>j) Comparando o valor obtido na letra i, com o valor obtido na letra d e na letra f, tais valores s\u00e3o pr\u00f3ximos ou n\u00e3o entre si?<\/p>\n<p>Insira sua resposta aqui<\/p>\n<p>Refer\u00eancias<\/p>\n<p>&nbsp;<\/p>\n","protected":false},"excerpt":{"rendered":"<p>MAPA C\u00e1lculo Diferencial e Integral I 54\/2023 O desafio das empresas em obter uma forte vantagem competitiva est\u00e1 aliado com<\/p>\n","protected":false},"featured_media":2326,"template":"","meta":{"_monsterinsights_skip_tracking":false,"_monsterinsights_sitenote_active":false,"_monsterinsights_sitenote_note":"","_monsterinsights_sitenote_category":0},"product_brand":[],"product_cat":[110,107],"product_tag":[],"class_list":{"0":"post-3127","1":"product","2":"type-product","3":"status-publish","4":"has-post-thumbnail","6":"product_cat-calculo-i","7":"product_cat-modulo-54-2023","9":"first","10":"instock","11":"downloadable","12":"virtual","13":"purchasable","14":"product-type-simple"},"yoast_head":"<!-- This site is optimized with the Yoast SEO plugin v27.4 - https:\/\/yoast.com\/product\/yoast-seo-wordpress\/ -->\n<title>MAPA C\u00e1lculo Diferencial e Integral I 54\/2023<\/title>\n<meta name=\"description\" content=\"MAPA C\u00e1lculo Diferencial e Integral I 54\/2023 Unicesumar | Atividade MAPA Pronto. Calculando a Fun\u00e7\u00e3o, Integral da fun\u00e7\u00e3o, Derivada. Lucro para a venda.\" \/>\n<meta name=\"robots\" content=\"index, follow, max-snippet:-1, max-image-preview:large, max-video-preview:-1\" \/>\n<link rel=\"canonical\" href=\"https:\/\/atividademapa.com\/?product=mapa-calculo-diferencial-e-integral-i-54-2023\" \/>\n<meta property=\"og:locale\" content=\"pt_BR\" \/>\n<meta property=\"og:type\" content=\"article\" \/>\n<meta property=\"og:title\" content=\"MAPA C\u00e1lculo Diferencial e Integral I 54\/2023\" \/>\n<meta property=\"og:description\" content=\"MAPA C\u00e1lculo Diferencial e Integral I 54\/2023 Unicesumar | Atividade MAPA Pronto. Calculando a Fun\u00e7\u00e3o, Integral da fun\u00e7\u00e3o, Derivada. Lucro para a venda.\" \/>\n<meta property=\"og:url\" content=\"https:\/\/atividademapa.com\/?product=mapa-calculo-diferencial-e-integral-i-54-2023\" \/>\n<meta property=\"og:site_name\" content=\"Atividade Mapa\" \/>\n<meta property=\"article:modified_time\" content=\"2023-11-22T01:18:51+00:00\" \/>\n<meta property=\"og:image\" content=\"https:\/\/i0.wp.com\/atividademapa.com\/wp-content\/uploads\/2023\/03\/Atividade-M.A.P.A-3.png?fit=300%2C300&ssl=1\" \/>\n\t<meta property=\"og:image:width\" content=\"300\" \/>\n\t<meta property=\"og:image:height\" content=\"300\" \/>\n\t<meta property=\"og:image:type\" content=\"image\/png\" \/>\n<meta name=\"twitter:card\" content=\"summary_large_image\" \/>\n<meta name=\"twitter:label1\" content=\"Est. tempo de leitura\" \/>\n\t<meta name=\"twitter:data1\" content=\"3 minutos\" \/>\n<script type=\"application\/ld+json\" class=\"yoast-schema-graph\">{\"@context\":\"https:\\\/\\\/schema.org\",\"@graph\":[{\"@type\":\"WebPage\",\"@id\":\"https:\\\/\\\/atividademapa.com\\\/?product=mapa-calculo-diferencial-e-integral-i-54-2023\",\"url\":\"https:\\\/\\\/atividademapa.com\\\/?product=mapa-calculo-diferencial-e-integral-i-54-2023\",\"name\":\"MAPA C\u00e1lculo Diferencial e Integral I 54\\\/2023\",\"isPartOf\":{\"@id\":\"https:\\\/\\\/atividademapa.com\\\/#website\"},\"primaryImageOfPage\":{\"@id\":\"https:\\\/\\\/atividademapa.com\\\/?product=mapa-calculo-diferencial-e-integral-i-54-2023#primaryimage\"},\"image\":{\"@id\":\"https:\\\/\\\/atividademapa.com\\\/?product=mapa-calculo-diferencial-e-integral-i-54-2023#primaryimage\"},\"thumbnailUrl\":\"https:\\\/\\\/i0.wp.com\\\/atividademapa.com\\\/wp-content\\\/uploads\\\/2023\\\/03\\\/Atividade-M.A.P.A-3.png?fit=300%2C300&ssl=1\",\"datePublished\":\"2023-11-07T01:12:55+00:00\",\"dateModified\":\"2023-11-22T01:18:51+00:00\",\"description\":\"MAPA C\u00e1lculo Diferencial e Integral I 54\\\/2023 Unicesumar | Atividade MAPA Pronto. Calculando a Fun\u00e7\u00e3o, Integral da fun\u00e7\u00e3o, Derivada. Lucro para a venda.\",\"breadcrumb\":{\"@id\":\"https:\\\/\\\/atividademapa.com\\\/?product=mapa-calculo-diferencial-e-integral-i-54-2023#breadcrumb\"},\"inLanguage\":\"pt-BR\",\"potentialAction\":[{\"@type\":\"ReadAction\",\"target\":[\"https:\\\/\\\/atividademapa.com\\\/?product=mapa-calculo-diferencial-e-integral-i-54-2023\"]}]},{\"@type\":\"ImageObject\",\"inLanguage\":\"pt-BR\",\"@id\":\"https:\\\/\\\/atividademapa.com\\\/?product=mapa-calculo-diferencial-e-integral-i-54-2023#primaryimage\",\"url\":\"https:\\\/\\\/i0.wp.com\\\/atividademapa.com\\\/wp-content\\\/uploads\\\/2023\\\/03\\\/Atividade-M.A.P.A-3.png?fit=300%2C300&ssl=1\",\"contentUrl\":\"https:\\\/\\\/i0.wp.com\\\/atividademapa.com\\\/wp-content\\\/uploads\\\/2023\\\/03\\\/Atividade-M.A.P.A-3.png?fit=300%2C300&ssl=1\",\"width\":300,\"height\":300,\"caption\":\"Mapa Unicesumar Atividade\"},{\"@type\":\"BreadcrumbList\",\"@id\":\"https:\\\/\\\/atividademapa.com\\\/?product=mapa-calculo-diferencial-e-integral-i-54-2023#breadcrumb\",\"itemListElement\":[{\"@type\":\"ListItem\",\"position\":1,\"name\":\"In\u00edcio\",\"item\":\"https:\\\/\\\/atividademapa.com\\\/\"},{\"@type\":\"ListItem\",\"position\":2,\"name\":\"MAPAS\",\"item\":\"https:\\\/\\\/atividademapa.com\\\/?page_id=5\"},{\"@type\":\"ListItem\",\"position\":3,\"name\":\"MAPA C\u00e1lculo Diferencial e Integral I 54\\\/2023\"}]},{\"@type\":\"WebSite\",\"@id\":\"https:\\\/\\\/atividademapa.com\\\/#website\",\"url\":\"https:\\\/\\\/atividademapa.com\\\/\",\"name\":\"Atividade Mapa\",\"description\":\"StudeO | Unicesumar\",\"publisher\":{\"@id\":\"https:\\\/\\\/atividademapa.com\\\/#organization\"},\"potentialAction\":[{\"@type\":\"SearchAction\",\"target\":{\"@type\":\"EntryPoint\",\"urlTemplate\":\"https:\\\/\\\/atividademapa.com\\\/?s={search_term_string}\"},\"query-input\":{\"@type\":\"PropertyValueSpecification\",\"valueRequired\":true,\"valueName\":\"search_term_string\"}}],\"inLanguage\":\"pt-BR\"},{\"@type\":\"Organization\",\"@id\":\"https:\\\/\\\/atividademapa.com\\\/#organization\",\"name\":\"Atividade MAPA\",\"url\":\"https:\\\/\\\/atividademapa.com\\\/\",\"logo\":{\"@type\":\"ImageObject\",\"inLanguage\":\"pt-BR\",\"@id\":\"https:\\\/\\\/atividademapa.com\\\/#\\\/schema\\\/logo\\\/image\\\/\",\"url\":\"https:\\\/\\\/i0.wp.com\\\/atividademapa.com\\\/wp-content\\\/uploads\\\/2023\\\/02\\\/ATIVIDADE.png?fit=600%2C300&ssl=1\",\"contentUrl\":\"https:\\\/\\\/i0.wp.com\\\/atividademapa.com\\\/wp-content\\\/uploads\\\/2023\\\/02\\\/ATIVIDADE.png?fit=600%2C300&ssl=1\",\"width\":600,\"height\":300,\"caption\":\"Atividade MAPA\"},\"image\":{\"@id\":\"https:\\\/\\\/atividademapa.com\\\/#\\\/schema\\\/logo\\\/image\\\/\"}}]}<\/script>\n<!-- \/ Yoast SEO plugin. -->","yoast_head_json":{"title":"MAPA C\u00e1lculo Diferencial e Integral I 54\/2023","description":"MAPA C\u00e1lculo Diferencial e Integral I 54\/2023 Unicesumar | Atividade MAPA Pronto. Calculando a Fun\u00e7\u00e3o, Integral da fun\u00e7\u00e3o, Derivada. Lucro para a venda.","robots":{"index":"index","follow":"follow","max-snippet":"max-snippet:-1","max-image-preview":"max-image-preview:large","max-video-preview":"max-video-preview:-1"},"canonical":"https:\/\/atividademapa.com\/?product=mapa-calculo-diferencial-e-integral-i-54-2023","og_locale":"pt_BR","og_type":"article","og_title":"MAPA C\u00e1lculo Diferencial e Integral I 54\/2023","og_description":"MAPA C\u00e1lculo Diferencial e Integral I 54\/2023 Unicesumar | Atividade MAPA Pronto. Calculando a Fun\u00e7\u00e3o, Integral da fun\u00e7\u00e3o, Derivada. Lucro para a venda.","og_url":"https:\/\/atividademapa.com\/?product=mapa-calculo-diferencial-e-integral-i-54-2023","og_site_name":"Atividade Mapa","article_modified_time":"2023-11-22T01:18:51+00:00","og_image":[{"width":300,"height":300,"url":"https:\/\/i0.wp.com\/atividademapa.com\/wp-content\/uploads\/2023\/03\/Atividade-M.A.P.A-3.png?fit=300%2C300&ssl=1","type":"image\/png"}],"twitter_card":"summary_large_image","twitter_misc":{"Est. tempo de leitura":"3 minutos"},"schema":{"@context":"https:\/\/schema.org","@graph":[{"@type":"WebPage","@id":"https:\/\/atividademapa.com\/?product=mapa-calculo-diferencial-e-integral-i-54-2023","url":"https:\/\/atividademapa.com\/?product=mapa-calculo-diferencial-e-integral-i-54-2023","name":"MAPA C\u00e1lculo Diferencial e Integral I 54\/2023","isPartOf":{"@id":"https:\/\/atividademapa.com\/#website"},"primaryImageOfPage":{"@id":"https:\/\/atividademapa.com\/?product=mapa-calculo-diferencial-e-integral-i-54-2023#primaryimage"},"image":{"@id":"https:\/\/atividademapa.com\/?product=mapa-calculo-diferencial-e-integral-i-54-2023#primaryimage"},"thumbnailUrl":"https:\/\/i0.wp.com\/atividademapa.com\/wp-content\/uploads\/2023\/03\/Atividade-M.A.P.A-3.png?fit=300%2C300&ssl=1","datePublished":"2023-11-07T01:12:55+00:00","dateModified":"2023-11-22T01:18:51+00:00","description":"MAPA C\u00e1lculo Diferencial e Integral I 54\/2023 Unicesumar | Atividade MAPA Pronto. Calculando a Fun\u00e7\u00e3o, Integral da fun\u00e7\u00e3o, Derivada. Lucro para a venda.","breadcrumb":{"@id":"https:\/\/atividademapa.com\/?product=mapa-calculo-diferencial-e-integral-i-54-2023#breadcrumb"},"inLanguage":"pt-BR","potentialAction":[{"@type":"ReadAction","target":["https:\/\/atividademapa.com\/?product=mapa-calculo-diferencial-e-integral-i-54-2023"]}]},{"@type":"ImageObject","inLanguage":"pt-BR","@id":"https:\/\/atividademapa.com\/?product=mapa-calculo-diferencial-e-integral-i-54-2023#primaryimage","url":"https:\/\/i0.wp.com\/atividademapa.com\/wp-content\/uploads\/2023\/03\/Atividade-M.A.P.A-3.png?fit=300%2C300&ssl=1","contentUrl":"https:\/\/i0.wp.com\/atividademapa.com\/wp-content\/uploads\/2023\/03\/Atividade-M.A.P.A-3.png?fit=300%2C300&ssl=1","width":300,"height":300,"caption":"Mapa Unicesumar Atividade"},{"@type":"BreadcrumbList","@id":"https:\/\/atividademapa.com\/?product=mapa-calculo-diferencial-e-integral-i-54-2023#breadcrumb","itemListElement":[{"@type":"ListItem","position":1,"name":"In\u00edcio","item":"https:\/\/atividademapa.com\/"},{"@type":"ListItem","position":2,"name":"MAPAS","item":"https:\/\/atividademapa.com\/?page_id=5"},{"@type":"ListItem","position":3,"name":"MAPA C\u00e1lculo Diferencial e Integral I 54\/2023"}]},{"@type":"WebSite","@id":"https:\/\/atividademapa.com\/#website","url":"https:\/\/atividademapa.com\/","name":"Atividade Mapa","description":"StudeO | Unicesumar","publisher":{"@id":"https:\/\/atividademapa.com\/#organization"},"potentialAction":[{"@type":"SearchAction","target":{"@type":"EntryPoint","urlTemplate":"https:\/\/atividademapa.com\/?s={search_term_string}"},"query-input":{"@type":"PropertyValueSpecification","valueRequired":true,"valueName":"search_term_string"}}],"inLanguage":"pt-BR"},{"@type":"Organization","@id":"https:\/\/atividademapa.com\/#organization","name":"Atividade MAPA","url":"https:\/\/atividademapa.com\/","logo":{"@type":"ImageObject","inLanguage":"pt-BR","@id":"https:\/\/atividademapa.com\/#\/schema\/logo\/image\/","url":"https:\/\/i0.wp.com\/atividademapa.com\/wp-content\/uploads\/2023\/02\/ATIVIDADE.png?fit=600%2C300&ssl=1","contentUrl":"https:\/\/i0.wp.com\/atividademapa.com\/wp-content\/uploads\/2023\/02\/ATIVIDADE.png?fit=600%2C300&ssl=1","width":600,"height":300,"caption":"Atividade MAPA"},"image":{"@id":"https:\/\/atividademapa.com\/#\/schema\/logo\/image\/"}}]}},"_links":{"self":[{"href":"https:\/\/atividademapa.com\/index.php?rest_route=\/wp\/v2\/product\/3127","targetHints":{"allow":["GET"]}}],"collection":[{"href":"https:\/\/atividademapa.com\/index.php?rest_route=\/wp\/v2\/product"}],"about":[{"href":"https:\/\/atividademapa.com\/index.php?rest_route=\/wp\/v2\/types\/product"}],"version-history":[{"count":1,"href":"https:\/\/atividademapa.com\/index.php?rest_route=\/wp\/v2\/product\/3127\/revisions"}],"predecessor-version":[{"id":3128,"href":"https:\/\/atividademapa.com\/index.php?rest_route=\/wp\/v2\/product\/3127\/revisions\/3128"}],"wp:featuredmedia":[{"embeddable":true,"href":"https:\/\/atividademapa.com\/index.php?rest_route=\/wp\/v2\/media\/2326"}],"wp:attachment":[{"href":"https:\/\/atividademapa.com\/index.php?rest_route=%2Fwp%2Fv2%2Fmedia&parent=3127"}],"wp:term":[{"taxonomy":"product_brand","embeddable":true,"href":"https:\/\/atividademapa.com\/index.php?rest_route=%2Fwp%2Fv2%2Fproduct_brand&post=3127"},{"taxonomy":"product_cat","embeddable":true,"href":"https:\/\/atividademapa.com\/index.php?rest_route=%2Fwp%2Fv2%2Fproduct_cat&post=3127"},{"taxonomy":"product_tag","embeddable":true,"href":"https:\/\/atividademapa.com\/index.php?rest_route=%2Fwp%2Fv2%2Fproduct_tag&post=3127"}],"curies":[{"name":"wp","href":"https:\/\/api.w.org\/{rel}","templated":true}]}}