{"id":3133,"date":"2023-11-08T16:57:18","date_gmt":"2023-11-08T19:57:18","guid":{"rendered":"https:\/\/atividademapa.com\/?post_type=product&#038;p=3133"},"modified":"2023-11-08T16:57:20","modified_gmt":"2023-11-08T19:57:20","slug":"mapa-sub-geometria-analitica-e-algebra-linear-53-2023","status":"publish","type":"product","link":"https:\/\/atividademapa.com\/?product=mapa-sub-geometria-analitica-e-algebra-linear-53-2023","title":{"rendered":"MAPA SUB &#8211; Geometria Anal\u00edtica e Algebra Linear &#8211; 53\/2023"},"content":{"rendered":"<p>MAPA SUB &#8211; Geometria Anal\u00edtica e \u00c1lgebra Linear &#8211; 53\/2023<\/p>\n<p>ETAPA I: MATRIZES E SISTEMAS LINEARES<br \/>\nToda matriz pode ser descrita por uma regra\/lei de forma\u00e7\u00e3o. Estas leis descrevem os elementos da matriz segundo a posi\u00e7\u00e3o que esses ocupam nas linhas e colunas. Na nota\u00e7\u00e3o das leis de forma\u00e7\u00e3o, \u201ci\u201d representa a linha e \u201dj\u201d a coluna, sendo essa a nota\u00e7\u00e3o mais usada na maioria das leis. Considere que, analisando a matriz de produtividade de uma empresa, voc\u00ea se deparou com os seguintes dados:<\/p>\n<p>A =<\/p>\n<p>As linhas representam as tr\u00eas unidades produtoras e as colunas representam os tr\u00eas primeiros meses do ano.<\/p>\n<p>1) Qual uma poss\u00edvel lei de forma\u00e7\u00e3o vinculada a matriz A?<\/p>\n<p>2) Para os pr\u00f3ximos tr\u00eas meses, a lei de forma\u00e7\u00e3o que pode ser aplicada \u00e0 matriz seria:<\/p>\n<p>Qual seria a matriz B?<\/p>\n<p>3) Para os dois pr\u00f3ximos trimestres, a produ\u00e7\u00e3o ser\u00e1:<br \/>\nC=3B+2A<br \/>\nQual seria a matriz C?<\/p>\n<p>ETAPA II: SISTEMAS LINEARES<br \/>\nPara atender \u00e0s demandas de determinada empresa, foram realizados alguns pedidos de mat\u00e9ria prima para suprir a produ\u00e7\u00e3o mensal da mesma. Os pedidos realizados foram:<br \/>\n&#8211; 1.000 unidades de A, 2.000 unidades de B e 3.000 unidades de C, que custou R$ 34.000,00;<br \/>\n&#8211; 2.000 unidades de A e 3.000 unidades de C, que custou R$ 34.000,00;<br \/>\n&#8211; 4.000 unidades de A e 1.000 unidades de B, que custou R$ 36.000,00<a href=\"https:\/\/atividademapa.com\">.<\/a><\/p>\n<p>1) Qual o custo unit\u00e1rio das mat\u00e9rias primas A, B e C?<\/p>\n<p>ETAPA III: PONTOS E RETAS<br \/>\nConsidere que uma empresa precisa realizar a liga\u00e7\u00e3o de duas centrais de informa\u00e7\u00e3o. A primeira central est\u00e1 localizada no ponto (5,10,20) e a segunda est\u00e1 localizada no ponto (40,55,50).<br \/>\n1) Qual a dist\u00e2ncia entre as duas centrais?<\/p>\n<p>2) Se for constru\u00edda uma subesta\u00e7\u00e3o no ponto m\u00e9dio entre os dois pontos, quais as coordenadas do ponto que define essa subesta\u00e7\u00e3o?<\/p>\n<p>MAPA SUB &#8211; Geometria Anal\u00edtica e \u00c1lgebra Linear &#8211; 53\/2023<\/p>\n<p>ETAPA IV: VETORES<br \/>\nOs produtos entre <a href=\"https:\/\/brasilescola.uol.com.br\/o-que-e\/fisica\/o-que-sao-vetores.htm\">vetores<\/a> podem ser utilizados para se determinar in\u00fameras informa\u00e7\u00f5es acerca de vetores, como o \u00e2ngulo, a \u00e1rea ou o volume determinado por eles. Ainda sendo \u00fatil para determinar a depend\u00eancia linear entre vetores ou mesmo a sua perpendicularidade. Considere que durante a avalia\u00e7\u00e3o de um terreno, este foi delimitado em um mapa digitalizado pelos vetores (1,10,1) e (15,1,2). Nesse caso:<\/p>\n<p>1) Qual o \u00e2ngulo formado entre os vetores?<\/p>\n<p>2) Qual a \u00e1rea do terreno em m2?<\/p>\n","protected":false},"excerpt":{"rendered":"<p>MAPA SUB &#8211; Geometria Anal\u00edtica e \u00c1lgebra Linear &#8211; 53\/2023<\/p>\n<p>Sistemas Lineares | Pontos e Retas | Vetores<\/p>\n","protected":false},"featured_media":2326,"template":"","meta":{"_monsterinsights_skip_tracking":false,"_monsterinsights_sitenote_active":false,"_monsterinsights_sitenote_note":"","_monsterinsights_sitenote_category":0},"product_brand":[],"product_cat":[15],"product_tag":[],"class_list":{"0":"post-3133","1":"product","2":"type-product","3":"status-publish","4":"has-post-thumbnail","6":"product_cat-uncategorized","8":"first","9":"instock","10":"downloadable","11":"virtual","12":"purchasable","13":"product-type-simple"},"yoast_head":"<!-- This site is optimized with the Yoast SEO plugin v27.4 - https:\/\/yoast.com\/product\/yoast-seo-wordpress\/ -->\n<title>MAPA SUB - Geometria Anal\u00edtica e Algebra Linear - 53\/2023<\/title>\n<meta name=\"description\" content=\"MAPA SUB - Geometria Anal\u00edtica e Algebra Linear - 53\/2023 Unicesumar | Atividade MAPA Pronto. Sistema Lineares, Pontos e Retas e Vetores.\" \/>\n<meta name=\"robots\" content=\"index, follow, max-snippet:-1, max-image-preview:large, max-video-preview:-1\" \/>\n<link rel=\"canonical\" href=\"https:\/\/atividademapa.com\/?product=mapa-sub-geometria-analitica-e-algebra-linear-53-2023\" \/>\n<meta property=\"og:locale\" content=\"pt_BR\" \/>\n<meta property=\"og:type\" content=\"article\" \/>\n<meta property=\"og:title\" content=\"MAPA SUB - Geometria Anal\u00edtica e Algebra Linear - 53\/2023\" \/>\n<meta property=\"og:description\" content=\"MAPA SUB - Geometria Anal\u00edtica e Algebra Linear - 53\/2023 Unicesumar | Atividade MAPA Pronto. Sistema Lineares, Pontos e Retas e Vetores.\" \/>\n<meta property=\"og:url\" content=\"https:\/\/atividademapa.com\/?product=mapa-sub-geometria-analitica-e-algebra-linear-53-2023\" \/>\n<meta property=\"og:site_name\" content=\"Atividade Mapa\" \/>\n<meta property=\"article:modified_time\" content=\"2023-11-08T19:57:20+00:00\" \/>\n<meta property=\"og:image\" content=\"https:\/\/i0.wp.com\/atividademapa.com\/wp-content\/uploads\/2023\/03\/Atividade-M.A.P.A-3.png?fit=300%2C300&ssl=1\" \/>\n\t<meta property=\"og:image:width\" content=\"300\" \/>\n\t<meta property=\"og:image:height\" content=\"300\" \/>\n\t<meta property=\"og:image:type\" content=\"image\/png\" \/>\n<meta name=\"twitter:card\" content=\"summary_large_image\" \/>\n<meta name=\"twitter:label1\" content=\"Est. tempo de leitura\" \/>\n\t<meta name=\"twitter:data1\" content=\"2 minutos\" \/>\n<script type=\"application\/ld+json\" class=\"yoast-schema-graph\">{\"@context\":\"https:\\\/\\\/schema.org\",\"@graph\":[{\"@type\":\"WebPage\",\"@id\":\"https:\\\/\\\/atividademapa.com\\\/?product=mapa-sub-geometria-analitica-e-algebra-linear-53-2023\",\"url\":\"https:\\\/\\\/atividademapa.com\\\/?product=mapa-sub-geometria-analitica-e-algebra-linear-53-2023\",\"name\":\"MAPA SUB - Geometria Anal\u00edtica e Algebra Linear - 53\\\/2023\",\"isPartOf\":{\"@id\":\"https:\\\/\\\/atividademapa.com\\\/#website\"},\"primaryImageOfPage\":{\"@id\":\"https:\\\/\\\/atividademapa.com\\\/?product=mapa-sub-geometria-analitica-e-algebra-linear-53-2023#primaryimage\"},\"image\":{\"@id\":\"https:\\\/\\\/atividademapa.com\\\/?product=mapa-sub-geometria-analitica-e-algebra-linear-53-2023#primaryimage\"},\"thumbnailUrl\":\"https:\\\/\\\/i0.wp.com\\\/atividademapa.com\\\/wp-content\\\/uploads\\\/2023\\\/03\\\/Atividade-M.A.P.A-3.png?fit=300%2C300&ssl=1\",\"datePublished\":\"2023-11-08T19:57:18+00:00\",\"dateModified\":\"2023-11-08T19:57:20+00:00\",\"description\":\"MAPA SUB - Geometria Anal\u00edtica e Algebra Linear - 53\\\/2023 Unicesumar | Atividade MAPA Pronto. Sistema Lineares, Pontos e Retas e Vetores.\",\"breadcrumb\":{\"@id\":\"https:\\\/\\\/atividademapa.com\\\/?product=mapa-sub-geometria-analitica-e-algebra-linear-53-2023#breadcrumb\"},\"inLanguage\":\"pt-BR\",\"potentialAction\":[{\"@type\":\"ReadAction\",\"target\":[\"https:\\\/\\\/atividademapa.com\\\/?product=mapa-sub-geometria-analitica-e-algebra-linear-53-2023\"]}]},{\"@type\":\"ImageObject\",\"inLanguage\":\"pt-BR\",\"@id\":\"https:\\\/\\\/atividademapa.com\\\/?product=mapa-sub-geometria-analitica-e-algebra-linear-53-2023#primaryimage\",\"url\":\"https:\\\/\\\/i0.wp.com\\\/atividademapa.com\\\/wp-content\\\/uploads\\\/2023\\\/03\\\/Atividade-M.A.P.A-3.png?fit=300%2C300&ssl=1\",\"contentUrl\":\"https:\\\/\\\/i0.wp.com\\\/atividademapa.com\\\/wp-content\\\/uploads\\\/2023\\\/03\\\/Atividade-M.A.P.A-3.png?fit=300%2C300&ssl=1\",\"width\":300,\"height\":300,\"caption\":\"Mapa Unicesumar Atividade\"},{\"@type\":\"BreadcrumbList\",\"@id\":\"https:\\\/\\\/atividademapa.com\\\/?product=mapa-sub-geometria-analitica-e-algebra-linear-53-2023#breadcrumb\",\"itemListElement\":[{\"@type\":\"ListItem\",\"position\":1,\"name\":\"In\u00edcio\",\"item\":\"https:\\\/\\\/atividademapa.com\\\/\"},{\"@type\":\"ListItem\",\"position\":2,\"name\":\"MAPAS\",\"item\":\"https:\\\/\\\/atividademapa.com\\\/?page_id=5\"},{\"@type\":\"ListItem\",\"position\":3,\"name\":\"MAPA SUB &#8211; Geometria Anal\u00edtica e Algebra Linear &#8211; 53\\\/2023\"}]},{\"@type\":\"WebSite\",\"@id\":\"https:\\\/\\\/atividademapa.com\\\/#website\",\"url\":\"https:\\\/\\\/atividademapa.com\\\/\",\"name\":\"Atividade Mapa\",\"description\":\"StudeO | Unicesumar\",\"publisher\":{\"@id\":\"https:\\\/\\\/atividademapa.com\\\/#organization\"},\"potentialAction\":[{\"@type\":\"SearchAction\",\"target\":{\"@type\":\"EntryPoint\",\"urlTemplate\":\"https:\\\/\\\/atividademapa.com\\\/?s={search_term_string}\"},\"query-input\":{\"@type\":\"PropertyValueSpecification\",\"valueRequired\":true,\"valueName\":\"search_term_string\"}}],\"inLanguage\":\"pt-BR\"},{\"@type\":\"Organization\",\"@id\":\"https:\\\/\\\/atividademapa.com\\\/#organization\",\"name\":\"Atividade MAPA\",\"url\":\"https:\\\/\\\/atividademapa.com\\\/\",\"logo\":{\"@type\":\"ImageObject\",\"inLanguage\":\"pt-BR\",\"@id\":\"https:\\\/\\\/atividademapa.com\\\/#\\\/schema\\\/logo\\\/image\\\/\",\"url\":\"https:\\\/\\\/i0.wp.com\\\/atividademapa.com\\\/wp-content\\\/uploads\\\/2023\\\/02\\\/ATIVIDADE.png?fit=600%2C300&ssl=1\",\"contentUrl\":\"https:\\\/\\\/i0.wp.com\\\/atividademapa.com\\\/wp-content\\\/uploads\\\/2023\\\/02\\\/ATIVIDADE.png?fit=600%2C300&ssl=1\",\"width\":600,\"height\":300,\"caption\":\"Atividade MAPA\"},\"image\":{\"@id\":\"https:\\\/\\\/atividademapa.com\\\/#\\\/schema\\\/logo\\\/image\\\/\"}}]}<\/script>\n<!-- \/ Yoast SEO plugin. -->","yoast_head_json":{"title":"MAPA SUB - Geometria Anal\u00edtica e Algebra Linear - 53\/2023","description":"MAPA SUB - Geometria Anal\u00edtica e Algebra Linear - 53\/2023 Unicesumar | Atividade MAPA Pronto. Sistema Lineares, Pontos e Retas e Vetores.","robots":{"index":"index","follow":"follow","max-snippet":"max-snippet:-1","max-image-preview":"max-image-preview:large","max-video-preview":"max-video-preview:-1"},"canonical":"https:\/\/atividademapa.com\/?product=mapa-sub-geometria-analitica-e-algebra-linear-53-2023","og_locale":"pt_BR","og_type":"article","og_title":"MAPA SUB - Geometria Anal\u00edtica e Algebra Linear - 53\/2023","og_description":"MAPA SUB - Geometria Anal\u00edtica e Algebra Linear - 53\/2023 Unicesumar | Atividade MAPA Pronto. Sistema Lineares, Pontos e Retas e Vetores.","og_url":"https:\/\/atividademapa.com\/?product=mapa-sub-geometria-analitica-e-algebra-linear-53-2023","og_site_name":"Atividade Mapa","article_modified_time":"2023-11-08T19:57:20+00:00","og_image":[{"width":300,"height":300,"url":"https:\/\/i0.wp.com\/atividademapa.com\/wp-content\/uploads\/2023\/03\/Atividade-M.A.P.A-3.png?fit=300%2C300&ssl=1","type":"image\/png"}],"twitter_card":"summary_large_image","twitter_misc":{"Est. tempo de leitura":"2 minutos"},"schema":{"@context":"https:\/\/schema.org","@graph":[{"@type":"WebPage","@id":"https:\/\/atividademapa.com\/?product=mapa-sub-geometria-analitica-e-algebra-linear-53-2023","url":"https:\/\/atividademapa.com\/?product=mapa-sub-geometria-analitica-e-algebra-linear-53-2023","name":"MAPA SUB - Geometria Anal\u00edtica e Algebra Linear - 53\/2023","isPartOf":{"@id":"https:\/\/atividademapa.com\/#website"},"primaryImageOfPage":{"@id":"https:\/\/atividademapa.com\/?product=mapa-sub-geometria-analitica-e-algebra-linear-53-2023#primaryimage"},"image":{"@id":"https:\/\/atividademapa.com\/?product=mapa-sub-geometria-analitica-e-algebra-linear-53-2023#primaryimage"},"thumbnailUrl":"https:\/\/i0.wp.com\/atividademapa.com\/wp-content\/uploads\/2023\/03\/Atividade-M.A.P.A-3.png?fit=300%2C300&ssl=1","datePublished":"2023-11-08T19:57:18+00:00","dateModified":"2023-11-08T19:57:20+00:00","description":"MAPA SUB - Geometria Anal\u00edtica e Algebra Linear - 53\/2023 Unicesumar | Atividade MAPA Pronto. Sistema Lineares, Pontos e Retas e Vetores.","breadcrumb":{"@id":"https:\/\/atividademapa.com\/?product=mapa-sub-geometria-analitica-e-algebra-linear-53-2023#breadcrumb"},"inLanguage":"pt-BR","potentialAction":[{"@type":"ReadAction","target":["https:\/\/atividademapa.com\/?product=mapa-sub-geometria-analitica-e-algebra-linear-53-2023"]}]},{"@type":"ImageObject","inLanguage":"pt-BR","@id":"https:\/\/atividademapa.com\/?product=mapa-sub-geometria-analitica-e-algebra-linear-53-2023#primaryimage","url":"https:\/\/i0.wp.com\/atividademapa.com\/wp-content\/uploads\/2023\/03\/Atividade-M.A.P.A-3.png?fit=300%2C300&ssl=1","contentUrl":"https:\/\/i0.wp.com\/atividademapa.com\/wp-content\/uploads\/2023\/03\/Atividade-M.A.P.A-3.png?fit=300%2C300&ssl=1","width":300,"height":300,"caption":"Mapa Unicesumar Atividade"},{"@type":"BreadcrumbList","@id":"https:\/\/atividademapa.com\/?product=mapa-sub-geometria-analitica-e-algebra-linear-53-2023#breadcrumb","itemListElement":[{"@type":"ListItem","position":1,"name":"In\u00edcio","item":"https:\/\/atividademapa.com\/"},{"@type":"ListItem","position":2,"name":"MAPAS","item":"https:\/\/atividademapa.com\/?page_id=5"},{"@type":"ListItem","position":3,"name":"MAPA SUB &#8211; Geometria Anal\u00edtica e Algebra Linear &#8211; 53\/2023"}]},{"@type":"WebSite","@id":"https:\/\/atividademapa.com\/#website","url":"https:\/\/atividademapa.com\/","name":"Atividade Mapa","description":"StudeO | Unicesumar","publisher":{"@id":"https:\/\/atividademapa.com\/#organization"},"potentialAction":[{"@type":"SearchAction","target":{"@type":"EntryPoint","urlTemplate":"https:\/\/atividademapa.com\/?s={search_term_string}"},"query-input":{"@type":"PropertyValueSpecification","valueRequired":true,"valueName":"search_term_string"}}],"inLanguage":"pt-BR"},{"@type":"Organization","@id":"https:\/\/atividademapa.com\/#organization","name":"Atividade MAPA","url":"https:\/\/atividademapa.com\/","logo":{"@type":"ImageObject","inLanguage":"pt-BR","@id":"https:\/\/atividademapa.com\/#\/schema\/logo\/image\/","url":"https:\/\/i0.wp.com\/atividademapa.com\/wp-content\/uploads\/2023\/02\/ATIVIDADE.png?fit=600%2C300&ssl=1","contentUrl":"https:\/\/i0.wp.com\/atividademapa.com\/wp-content\/uploads\/2023\/02\/ATIVIDADE.png?fit=600%2C300&ssl=1","width":600,"height":300,"caption":"Atividade MAPA"},"image":{"@id":"https:\/\/atividademapa.com\/#\/schema\/logo\/image\/"}}]}},"_links":{"self":[{"href":"https:\/\/atividademapa.com\/index.php?rest_route=\/wp\/v2\/product\/3133","targetHints":{"allow":["GET"]}}],"collection":[{"href":"https:\/\/atividademapa.com\/index.php?rest_route=\/wp\/v2\/product"}],"about":[{"href":"https:\/\/atividademapa.com\/index.php?rest_route=\/wp\/v2\/types\/product"}],"version-history":[{"count":1,"href":"https:\/\/atividademapa.com\/index.php?rest_route=\/wp\/v2\/product\/3133\/revisions"}],"predecessor-version":[{"id":3135,"href":"https:\/\/atividademapa.com\/index.php?rest_route=\/wp\/v2\/product\/3133\/revisions\/3135"}],"wp:featuredmedia":[{"embeddable":true,"href":"https:\/\/atividademapa.com\/index.php?rest_route=\/wp\/v2\/media\/2326"}],"wp:attachment":[{"href":"https:\/\/atividademapa.com\/index.php?rest_route=%2Fwp%2Fv2%2Fmedia&parent=3133"}],"wp:term":[{"taxonomy":"product_brand","embeddable":true,"href":"https:\/\/atividademapa.com\/index.php?rest_route=%2Fwp%2Fv2%2Fproduct_brand&post=3133"},{"taxonomy":"product_cat","embeddable":true,"href":"https:\/\/atividademapa.com\/index.php?rest_route=%2Fwp%2Fv2%2Fproduct_cat&post=3133"},{"taxonomy":"product_tag","embeddable":true,"href":"https:\/\/atividademapa.com\/index.php?rest_route=%2Fwp%2Fv2%2Fproduct_tag&post=3133"}],"curies":[{"name":"wp","href":"https:\/\/api.w.org\/{rel}","templated":true}]}}