{"id":3150,"date":"2023-11-15T17:29:00","date_gmt":"2023-11-15T20:29:00","guid":{"rendered":"https:\/\/atividademapa.com\/?post_type=product&#038;p=3150"},"modified":"2023-11-21T22:17:20","modified_gmt":"2023-11-22T01:17:20","slug":"mapa-contabilidade-empresarial-54-2023","status":"publish","type":"product","link":"https:\/\/atividademapa.com\/?product=mapa-contabilidade-empresarial-54-2023","title":{"rendered":"MAPA Contabilidade Empresarial 54\/2023"},"content":{"rendered":"<p><strong>MAPA Contabilidade Empresarial 54\/2023<\/strong><\/p>\n<p>Contas Cont\u00e1beis Saldo Devedor\u00a0 \u00a0Saldo Credor<\/p>\n<p>Banco Conta Movimento R$35.102,30<br \/>\nCapital Social Subscrito R$543.265,75<br \/>\nInstala\u00e7\u00f5es R$15.000,00<br \/>\nMercadorias R$156.000,00<br \/>\nDeprecia\u00e7\u00e3o de Ve\u00edculos R$3.450,00<br \/>\nObriga\u00e7\u00f5es Sociais a Pagar R$11.500,00<br \/>\nEmpr\u00e9stimos e Financiamentos &#8211; CP R$118.700,00<br \/>\nSal\u00e1rios a Pagar R$ 30.000,00<br \/>\nA\u00e7\u00f5es em Tesouraria R$ 160.000,00<br \/>\nImpostos a Recuperar R$ 22.350,00<br \/>\nFornecedores R$ 9.680,35<br \/>\nLucros Acumulados R$ 23.265,42<br \/>\nM\u00f3veis e Utens\u00edlios R$ 15.250,00<br \/>\nEmpr\u00e9stimos e Financiamentos &#8211; LP R$ 132.000,00<br \/>\nDeprecia\u00e7\u00f5es de Instala\u00e7\u00f5es R$ 1.500,00<br \/>\nCapital Social a Integralizar R$ 185.000,00<br \/>\nAplica\u00e7\u00e3o Financeira de Liquidez Imediata R$ 38.000,00<br \/>\nDeprecia\u00e7\u00e3o de M\u00f3veis e Utens\u00edlios R$ 1.000,00<br \/>\nDuplicatas a Receber R$ 182.656,22<br \/>\nVe\u00edculos R$ 65.000,00<br \/>\nTotal: R$ 1.748.720,04<\/p>\n<p><span style=\"color: #333333;\"><a style=\"color: #333333;\" href=\"https:\/\/atividademapa.com\"><strong>MAPA Contabilidade Empresarial 54\/2023<\/strong><\/a><\/span><\/p>\n<p>A partir do exposto acima, voc\u00ea auxiliar cont\u00e1bil da Estilo Chic Ltda., precisa:<\/p>\n<p>a) Estruturar o Balancete de Verifica\u00e7\u00e3o da empresa Estilo Chic Ltda. ordenando as contas conforme sua posi\u00e7\u00e3o na<span style=\"color: #333333;\"> <a style=\"color: #333333;\" href=\"https:\/\/blog.bomcontrole.com.br\/balanco-patrimonial\/#:~:text=A%20Estrutura%20do%20Balan%C3%A7o%20Patrimonial%20ou%20Cont%C3%A1bil,%2C%20as%20obriga%C3%A7%C3%B5es%20(passivos).\">estrutura patrimonial.<\/a><\/span><\/p>\n<p>b) Elaborar o Balan\u00e7o Patrimonial da empresa Estilo Chic Ltda. em 31\/12\/2022, indicando grupos, subgrupos e contas.<\/p>\n<p>c) Dissertar sobre como a origem e aplica\u00e7\u00e3o de recursos se relacionam com o Balan\u00e7o Patrimonial e apresentar dois exemplos de fatos cont\u00e1beis demonstrando a origem e aplica\u00e7\u00e3o de recursos.<\/p>\n<p><span style=\"color: #ffffff;\"><a style=\"color: #ffffff;\" href=\"https:\/\/meisucessocontabil.com\/\">MEI Abertura<\/a><\/span><\/p>\n","protected":false},"excerpt":{"rendered":"<p>MAPA Contabilidade Empresarial 54\/2023 Contas Cont\u00e1beis Saldo Devedor\u00a0 \u00a0Saldo Credor Banco Conta Movimento R$35.102,30 Capital Social Subscrito R$543.265,75 Instala\u00e7\u00f5es R$15.000,00<\/p>\n","protected":false},"featured_media":2326,"template":"","meta":{"_monsterinsights_skip_tracking":false,"_monsterinsights_sitenote_active":false,"_monsterinsights_sitenote_note":"","_monsterinsights_sitenote_category":0},"product_brand":[],"product_cat":[46,107],"product_tag":[],"class_list":{"0":"post-3150","1":"product","2":"type-product","3":"status-publish","4":"has-post-thumbnail","6":"product_cat-ciencias-contabeis","7":"product_cat-modulo-54-2023","9":"first","10":"instock","11":"featured","12":"downloadable","13":"virtual","14":"purchasable","15":"product-type-simple"},"yoast_head":"<!-- This site is optimized with the Yoast SEO plugin v27.4 - https:\/\/yoast.com\/product\/yoast-seo-wordpress\/ -->\n<title>MAPA Contabilidade Empresarial 54\/2023<\/title>\n<meta name=\"description\" content=\"MAPA Contabilidade Empresarial 54\/2023 Unicesumar | Atividade MAPA Pronto. Baixe Agora! Balancete, Balan\u00e7o Patrimonial, Empresa Estilo Chic Ltda\" \/>\n<meta name=\"robots\" content=\"index, follow, max-snippet:-1, max-image-preview:large, max-video-preview:-1\" \/>\n<link rel=\"canonical\" href=\"https:\/\/atividademapa.com\/?product=mapa-contabilidade-empresarial-54-2023\" \/>\n<meta property=\"og:locale\" content=\"pt_BR\" \/>\n<meta property=\"og:type\" content=\"article\" \/>\n<meta property=\"og:title\" content=\"MAPA Contabilidade Empresarial 54\/2023\" \/>\n<meta property=\"og:description\" content=\"MAPA Contabilidade Empresarial 54\/2023 Unicesumar | Atividade MAPA Pronto. Baixe Agora! Balancete, Balan\u00e7o Patrimonial, Empresa Estilo Chic Ltda\" \/>\n<meta property=\"og:url\" content=\"https:\/\/atividademapa.com\/?product=mapa-contabilidade-empresarial-54-2023\" \/>\n<meta property=\"og:site_name\" content=\"Atividade Mapa\" \/>\n<meta property=\"article:modified_time\" content=\"2023-11-22T01:17:20+00:00\" \/>\n<meta property=\"og:image\" content=\"https:\/\/i0.wp.com\/atividademapa.com\/wp-content\/uploads\/2023\/03\/Atividade-M.A.P.A-3.png?fit=300%2C300&ssl=1\" \/>\n\t<meta property=\"og:image:width\" content=\"300\" \/>\n\t<meta property=\"og:image:height\" content=\"300\" \/>\n\t<meta property=\"og:image:type\" content=\"image\/png\" \/>\n<meta name=\"twitter:card\" content=\"summary_large_image\" \/>\n<meta name=\"twitter:label1\" content=\"Est. tempo de leitura\" \/>\n\t<meta name=\"twitter:data1\" content=\"1 minuto\" \/>\n<script type=\"application\/ld+json\" class=\"yoast-schema-graph\">{\"@context\":\"https:\\\/\\\/schema.org\",\"@graph\":[{\"@type\":\"WebPage\",\"@id\":\"https:\\\/\\\/atividademapa.com\\\/?product=mapa-contabilidade-empresarial-54-2023\",\"url\":\"https:\\\/\\\/atividademapa.com\\\/?product=mapa-contabilidade-empresarial-54-2023\",\"name\":\"MAPA Contabilidade Empresarial 54\\\/2023\",\"isPartOf\":{\"@id\":\"https:\\\/\\\/atividademapa.com\\\/#website\"},\"primaryImageOfPage\":{\"@id\":\"https:\\\/\\\/atividademapa.com\\\/?product=mapa-contabilidade-empresarial-54-2023#primaryimage\"},\"image\":{\"@id\":\"https:\\\/\\\/atividademapa.com\\\/?product=mapa-contabilidade-empresarial-54-2023#primaryimage\"},\"thumbnailUrl\":\"https:\\\/\\\/i0.wp.com\\\/atividademapa.com\\\/wp-content\\\/uploads\\\/2023\\\/03\\\/Atividade-M.A.P.A-3.png?fit=300%2C300&ssl=1\",\"datePublished\":\"2023-11-15T20:29:00+00:00\",\"dateModified\":\"2023-11-22T01:17:20+00:00\",\"description\":\"MAPA Contabilidade Empresarial 54\\\/2023 Unicesumar | Atividade MAPA Pronto. Baixe Agora! Balancete, Balan\u00e7o Patrimonial, Empresa Estilo Chic Ltda\",\"breadcrumb\":{\"@id\":\"https:\\\/\\\/atividademapa.com\\\/?product=mapa-contabilidade-empresarial-54-2023#breadcrumb\"},\"inLanguage\":\"pt-BR\",\"potentialAction\":[{\"@type\":\"ReadAction\",\"target\":[\"https:\\\/\\\/atividademapa.com\\\/?product=mapa-contabilidade-empresarial-54-2023\"]}]},{\"@type\":\"ImageObject\",\"inLanguage\":\"pt-BR\",\"@id\":\"https:\\\/\\\/atividademapa.com\\\/?product=mapa-contabilidade-empresarial-54-2023#primaryimage\",\"url\":\"https:\\\/\\\/i0.wp.com\\\/atividademapa.com\\\/wp-content\\\/uploads\\\/2023\\\/03\\\/Atividade-M.A.P.A-3.png?fit=300%2C300&ssl=1\",\"contentUrl\":\"https:\\\/\\\/i0.wp.com\\\/atividademapa.com\\\/wp-content\\\/uploads\\\/2023\\\/03\\\/Atividade-M.A.P.A-3.png?fit=300%2C300&ssl=1\",\"width\":300,\"height\":300,\"caption\":\"Mapa Unicesumar Atividade\"},{\"@type\":\"BreadcrumbList\",\"@id\":\"https:\\\/\\\/atividademapa.com\\\/?product=mapa-contabilidade-empresarial-54-2023#breadcrumb\",\"itemListElement\":[{\"@type\":\"ListItem\",\"position\":1,\"name\":\"In\u00edcio\",\"item\":\"https:\\\/\\\/atividademapa.com\\\/\"},{\"@type\":\"ListItem\",\"position\":2,\"name\":\"MAPAS\",\"item\":\"https:\\\/\\\/atividademapa.com\\\/?page_id=5\"},{\"@type\":\"ListItem\",\"position\":3,\"name\":\"MAPA Contabilidade Empresarial 54\\\/2023\"}]},{\"@type\":\"WebSite\",\"@id\":\"https:\\\/\\\/atividademapa.com\\\/#website\",\"url\":\"https:\\\/\\\/atividademapa.com\\\/\",\"name\":\"Atividade Mapa\",\"description\":\"StudeO | Unicesumar\",\"publisher\":{\"@id\":\"https:\\\/\\\/atividademapa.com\\\/#organization\"},\"potentialAction\":[{\"@type\":\"SearchAction\",\"target\":{\"@type\":\"EntryPoint\",\"urlTemplate\":\"https:\\\/\\\/atividademapa.com\\\/?s={search_term_string}\"},\"query-input\":{\"@type\":\"PropertyValueSpecification\",\"valueRequired\":true,\"valueName\":\"search_term_string\"}}],\"inLanguage\":\"pt-BR\"},{\"@type\":\"Organization\",\"@id\":\"https:\\\/\\\/atividademapa.com\\\/#organization\",\"name\":\"Atividade MAPA\",\"url\":\"https:\\\/\\\/atividademapa.com\\\/\",\"logo\":{\"@type\":\"ImageObject\",\"inLanguage\":\"pt-BR\",\"@id\":\"https:\\\/\\\/atividademapa.com\\\/#\\\/schema\\\/logo\\\/image\\\/\",\"url\":\"https:\\\/\\\/i0.wp.com\\\/atividademapa.com\\\/wp-content\\\/uploads\\\/2023\\\/02\\\/ATIVIDADE.png?fit=600%2C300&ssl=1\",\"contentUrl\":\"https:\\\/\\\/i0.wp.com\\\/atividademapa.com\\\/wp-content\\\/uploads\\\/2023\\\/02\\\/ATIVIDADE.png?fit=600%2C300&ssl=1\",\"width\":600,\"height\":300,\"caption\":\"Atividade MAPA\"},\"image\":{\"@id\":\"https:\\\/\\\/atividademapa.com\\\/#\\\/schema\\\/logo\\\/image\\\/\"}}]}<\/script>\n<!-- \/ Yoast SEO plugin. -->","yoast_head_json":{"title":"MAPA Contabilidade Empresarial 54\/2023","description":"MAPA Contabilidade Empresarial 54\/2023 Unicesumar | Atividade MAPA Pronto. Baixe Agora! Balancete, Balan\u00e7o Patrimonial, Empresa Estilo Chic Ltda","robots":{"index":"index","follow":"follow","max-snippet":"max-snippet:-1","max-image-preview":"max-image-preview:large","max-video-preview":"max-video-preview:-1"},"canonical":"https:\/\/atividademapa.com\/?product=mapa-contabilidade-empresarial-54-2023","og_locale":"pt_BR","og_type":"article","og_title":"MAPA Contabilidade Empresarial 54\/2023","og_description":"MAPA Contabilidade Empresarial 54\/2023 Unicesumar | Atividade MAPA Pronto. Baixe Agora! Balancete, Balan\u00e7o Patrimonial, Empresa Estilo Chic Ltda","og_url":"https:\/\/atividademapa.com\/?product=mapa-contabilidade-empresarial-54-2023","og_site_name":"Atividade Mapa","article_modified_time":"2023-11-22T01:17:20+00:00","og_image":[{"width":300,"height":300,"url":"https:\/\/i0.wp.com\/atividademapa.com\/wp-content\/uploads\/2023\/03\/Atividade-M.A.P.A-3.png?fit=300%2C300&ssl=1","type":"image\/png"}],"twitter_card":"summary_large_image","twitter_misc":{"Est. tempo de leitura":"1 minuto"},"schema":{"@context":"https:\/\/schema.org","@graph":[{"@type":"WebPage","@id":"https:\/\/atividademapa.com\/?product=mapa-contabilidade-empresarial-54-2023","url":"https:\/\/atividademapa.com\/?product=mapa-contabilidade-empresarial-54-2023","name":"MAPA Contabilidade Empresarial 54\/2023","isPartOf":{"@id":"https:\/\/atividademapa.com\/#website"},"primaryImageOfPage":{"@id":"https:\/\/atividademapa.com\/?product=mapa-contabilidade-empresarial-54-2023#primaryimage"},"image":{"@id":"https:\/\/atividademapa.com\/?product=mapa-contabilidade-empresarial-54-2023#primaryimage"},"thumbnailUrl":"https:\/\/i0.wp.com\/atividademapa.com\/wp-content\/uploads\/2023\/03\/Atividade-M.A.P.A-3.png?fit=300%2C300&ssl=1","datePublished":"2023-11-15T20:29:00+00:00","dateModified":"2023-11-22T01:17:20+00:00","description":"MAPA Contabilidade Empresarial 54\/2023 Unicesumar | Atividade MAPA Pronto. Baixe Agora! Balancete, Balan\u00e7o Patrimonial, Empresa Estilo Chic Ltda","breadcrumb":{"@id":"https:\/\/atividademapa.com\/?product=mapa-contabilidade-empresarial-54-2023#breadcrumb"},"inLanguage":"pt-BR","potentialAction":[{"@type":"ReadAction","target":["https:\/\/atividademapa.com\/?product=mapa-contabilidade-empresarial-54-2023"]}]},{"@type":"ImageObject","inLanguage":"pt-BR","@id":"https:\/\/atividademapa.com\/?product=mapa-contabilidade-empresarial-54-2023#primaryimage","url":"https:\/\/i0.wp.com\/atividademapa.com\/wp-content\/uploads\/2023\/03\/Atividade-M.A.P.A-3.png?fit=300%2C300&ssl=1","contentUrl":"https:\/\/i0.wp.com\/atividademapa.com\/wp-content\/uploads\/2023\/03\/Atividade-M.A.P.A-3.png?fit=300%2C300&ssl=1","width":300,"height":300,"caption":"Mapa Unicesumar Atividade"},{"@type":"BreadcrumbList","@id":"https:\/\/atividademapa.com\/?product=mapa-contabilidade-empresarial-54-2023#breadcrumb","itemListElement":[{"@type":"ListItem","position":1,"name":"In\u00edcio","item":"https:\/\/atividademapa.com\/"},{"@type":"ListItem","position":2,"name":"MAPAS","item":"https:\/\/atividademapa.com\/?page_id=5"},{"@type":"ListItem","position":3,"name":"MAPA Contabilidade Empresarial 54\/2023"}]},{"@type":"WebSite","@id":"https:\/\/atividademapa.com\/#website","url":"https:\/\/atividademapa.com\/","name":"Atividade Mapa","description":"StudeO | Unicesumar","publisher":{"@id":"https:\/\/atividademapa.com\/#organization"},"potentialAction":[{"@type":"SearchAction","target":{"@type":"EntryPoint","urlTemplate":"https:\/\/atividademapa.com\/?s={search_term_string}"},"query-input":{"@type":"PropertyValueSpecification","valueRequired":true,"valueName":"search_term_string"}}],"inLanguage":"pt-BR"},{"@type":"Organization","@id":"https:\/\/atividademapa.com\/#organization","name":"Atividade MAPA","url":"https:\/\/atividademapa.com\/","logo":{"@type":"ImageObject","inLanguage":"pt-BR","@id":"https:\/\/atividademapa.com\/#\/schema\/logo\/image\/","url":"https:\/\/i0.wp.com\/atividademapa.com\/wp-content\/uploads\/2023\/02\/ATIVIDADE.png?fit=600%2C300&ssl=1","contentUrl":"https:\/\/i0.wp.com\/atividademapa.com\/wp-content\/uploads\/2023\/02\/ATIVIDADE.png?fit=600%2C300&ssl=1","width":600,"height":300,"caption":"Atividade MAPA"},"image":{"@id":"https:\/\/atividademapa.com\/#\/schema\/logo\/image\/"}}]}},"_links":{"self":[{"href":"https:\/\/atividademapa.com\/index.php?rest_route=\/wp\/v2\/product\/3150","targetHints":{"allow":["GET"]}}],"collection":[{"href":"https:\/\/atividademapa.com\/index.php?rest_route=\/wp\/v2\/product"}],"about":[{"href":"https:\/\/atividademapa.com\/index.php?rest_route=\/wp\/v2\/types\/product"}],"version-history":[{"count":4,"href":"https:\/\/atividademapa.com\/index.php?rest_route=\/wp\/v2\/product\/3150\/revisions"}],"predecessor-version":[{"id":3167,"href":"https:\/\/atividademapa.com\/index.php?rest_route=\/wp\/v2\/product\/3150\/revisions\/3167"}],"wp:featuredmedia":[{"embeddable":true,"href":"https:\/\/atividademapa.com\/index.php?rest_route=\/wp\/v2\/media\/2326"}],"wp:attachment":[{"href":"https:\/\/atividademapa.com\/index.php?rest_route=%2Fwp%2Fv2%2Fmedia&parent=3150"}],"wp:term":[{"taxonomy":"product_brand","embeddable":true,"href":"https:\/\/atividademapa.com\/index.php?rest_route=%2Fwp%2Fv2%2Fproduct_brand&post=3150"},{"taxonomy":"product_cat","embeddable":true,"href":"https:\/\/atividademapa.com\/index.php?rest_route=%2Fwp%2Fv2%2Fproduct_cat&post=3150"},{"taxonomy":"product_tag","embeddable":true,"href":"https:\/\/atividademapa.com\/index.php?rest_route=%2Fwp%2Fv2%2Fproduct_tag&post=3150"}],"curies":[{"name":"wp","href":"https:\/\/api.w.org\/{rel}","templated":true}]}}