{"id":3152,"date":"2023-11-17T11:52:41","date_gmt":"2023-11-17T14:52:41","guid":{"rendered":"https:\/\/atividademapa.com\/?post_type=product&#038;p=3152"},"modified":"2023-11-17T11:55:38","modified_gmt":"2023-11-17T14:55:38","slug":"mapa-sub-gestao-de-projetos-54-2023","status":"publish","type":"product","link":"https:\/\/atividademapa.com\/?product=mapa-sub-gestao-de-projetos-54-2023","title":{"rendered":"Mapa Sub Gest\u00e3o de Projetos 53\/2023"},"content":{"rendered":"<p>Mapa Gest\u00e3o de Projetos 53\/2023<\/p>\n<p><strong>ATIVIDADE MAPA SUB<\/strong><\/p>\n<p>Para isso, <u>apresente um relat\u00f3rio respondendo as seguintes quest\u00f5es<\/u>:<\/p>\n<p>1) Descreva como ser\u00e1 este neg\u00f3cio, suas caracter\u00edsticas, os mercados onde vai atuar, setores econ\u00f4micos, quem \u00e9 o pessoal que vai trabalhar com voc\u00ea e todo o conhecimento que ser\u00e1 necess\u00e1rio para abrir sua empresa.<\/p>\n<p>2) Apresentar as informa\u00e7\u00f5es e argumentos que influenciaram sua escolha por tal neg\u00f3cio (o tipo de empresa que escolheu) e dimensionar como ser\u00e1 utilizado o valor apresentando cada item e seu valor.<\/p>\n<p>3) Apresente o CANVAS preenchido ao final deste relat\u00f3rio. Voc\u00ea deve elaborar o seu pr\u00f3prio CANVAS, seguindo estritamente o modelo apresentado acima.<\/p>\n<p><img data-recalc-dims=\"1\" loading=\"lazy\" decoding=\"async\" class=\"alignnone  wp-image-3156\" src=\"https:\/\/i0.wp.com\/atividademapa.com\/wp-content\/uploads\/2023\/11\/Mapa-SUB-Gestao-de-Projeos.jpg?resize=381%2C306&#038;ssl=1\" alt=\"\" width=\"381\" height=\"306\" srcset=\"https:\/\/i0.wp.com\/atividademapa.com\/wp-content\/uploads\/2023\/11\/Mapa-SUB-Gestao-de-Projeos.jpg?resize=300%2C241&amp;ssl=1 300w, https:\/\/i0.wp.com\/atividademapa.com\/wp-content\/uploads\/2023\/11\/Mapa-SUB-Gestao-de-Projeos.jpg?resize=1024%2C822&amp;ssl=1 1024w, https:\/\/i0.wp.com\/atividademapa.com\/wp-content\/uploads\/2023\/11\/Mapa-SUB-Gestao-de-Projeos.jpg?resize=768%2C617&amp;ssl=1 768w, https:\/\/i0.wp.com\/atividademapa.com\/wp-content\/uploads\/2023\/11\/Mapa-SUB-Gestao-de-Projeos.jpg?resize=600%2C482&amp;ssl=1 600w, https:\/\/i0.wp.com\/atividademapa.com\/wp-content\/uploads\/2023\/11\/Mapa-SUB-Gestao-de-Projeos.jpg?resize=150%2C120&amp;ssl=1 150w, https:\/\/i0.wp.com\/atividademapa.com\/wp-content\/uploads\/2023\/11\/Mapa-SUB-Gestao-de-Projeos.jpg?w=1080&amp;ssl=1 1080w\" sizes=\"auto, (max-width: 381px) 100vw, 381px\" \/><\/p>\n","protected":false},"excerpt":{"rendered":"<p>Mapa Gest\u00e3o de Projetos 54\/2023<\/p>\n<p><strong>ATIVIDADE MAPA SUB com M\u00e9todo CANVAS<\/strong><\/p>\n","protected":false},"featured_media":2326,"template":"","meta":{"_monsterinsights_skip_tracking":false,"_monsterinsights_sitenote_active":false,"_monsterinsights_sitenote_note":"","_monsterinsights_sitenote_category":0},"product_brand":[],"product_cat":[113],"product_tag":[],"class_list":{"0":"post-3152","1":"product","2":"type-product","3":"status-publish","4":"has-post-thumbnail","6":"product_cat-seguranca-do-trabalho","8":"first","9":"instock","10":"downloadable","11":"virtual","12":"purchasable","13":"product-type-simple"},"yoast_head":"<!-- This site is optimized with the Yoast SEO plugin v27.4 - https:\/\/yoast.com\/product\/yoast-seo-wordpress\/ -->\n<title>Mapa Sub Gest\u00e3o de Projetos 53\/2023<\/title>\n<meta name=\"description\" content=\"Mapa Sub Gest\u00e3o de Projetos 53\/2023 Unicesumar | Atividade MAPA Pronto. Baixe Agora! Seguran\u00e7a do Trabalho M\u00e9todo CANVAS\" \/>\n<meta name=\"robots\" content=\"index, follow, max-snippet:-1, max-image-preview:large, max-video-preview:-1\" \/>\n<link rel=\"canonical\" href=\"https:\/\/atividademapa.com\/?product=mapa-sub-gestao-de-projetos-54-2023\" \/>\n<meta property=\"og:locale\" content=\"pt_BR\" \/>\n<meta property=\"og:type\" content=\"article\" \/>\n<meta property=\"og:title\" content=\"Mapa Sub Gest\u00e3o de Projetos 53\/2023\" \/>\n<meta property=\"og:description\" content=\"Mapa Sub Gest\u00e3o de Projetos 53\/2023 Unicesumar | Atividade MAPA Pronto. Baixe Agora! Seguran\u00e7a do Trabalho M\u00e9todo CANVAS\" \/>\n<meta property=\"og:url\" content=\"https:\/\/atividademapa.com\/?product=mapa-sub-gestao-de-projetos-54-2023\" \/>\n<meta property=\"og:site_name\" content=\"Atividade Mapa\" \/>\n<meta property=\"article:modified_time\" content=\"2023-11-17T14:55:38+00:00\" \/>\n<meta property=\"og:image\" content=\"https:\/\/i0.wp.com\/atividademapa.com\/wp-content\/uploads\/2023\/03\/Atividade-M.A.P.A-3.png?fit=300%2C300&ssl=1\" \/>\n\t<meta property=\"og:image:width\" content=\"300\" \/>\n\t<meta property=\"og:image:height\" content=\"300\" \/>\n\t<meta property=\"og:image:type\" content=\"image\/png\" \/>\n<meta name=\"twitter:card\" content=\"summary_large_image\" \/>\n<meta name=\"twitter:label1\" content=\"Est. tempo de leitura\" \/>\n\t<meta name=\"twitter:data1\" content=\"1 minuto\" \/>\n<script type=\"application\/ld+json\" class=\"yoast-schema-graph\">{\"@context\":\"https:\\\/\\\/schema.org\",\"@graph\":[{\"@type\":\"WebPage\",\"@id\":\"https:\\\/\\\/atividademapa.com\\\/?product=mapa-sub-gestao-de-projetos-54-2023\",\"url\":\"https:\\\/\\\/atividademapa.com\\\/?product=mapa-sub-gestao-de-projetos-54-2023\",\"name\":\"Mapa Sub Gest\u00e3o de Projetos 53\\\/2023\",\"isPartOf\":{\"@id\":\"https:\\\/\\\/atividademapa.com\\\/#website\"},\"primaryImageOfPage\":{\"@id\":\"https:\\\/\\\/atividademapa.com\\\/?product=mapa-sub-gestao-de-projetos-54-2023#primaryimage\"},\"image\":{\"@id\":\"https:\\\/\\\/atividademapa.com\\\/?product=mapa-sub-gestao-de-projetos-54-2023#primaryimage\"},\"thumbnailUrl\":\"https:\\\/\\\/i0.wp.com\\\/atividademapa.com\\\/wp-content\\\/uploads\\\/2023\\\/03\\\/Atividade-M.A.P.A-3.png?fit=300%2C300&ssl=1\",\"datePublished\":\"2023-11-17T14:52:41+00:00\",\"dateModified\":\"2023-11-17T14:55:38+00:00\",\"description\":\"Mapa Sub Gest\u00e3o de Projetos 53\\\/2023 Unicesumar | Atividade MAPA Pronto. Baixe Agora! Seguran\u00e7a do Trabalho M\u00e9todo CANVAS\",\"breadcrumb\":{\"@id\":\"https:\\\/\\\/atividademapa.com\\\/?product=mapa-sub-gestao-de-projetos-54-2023#breadcrumb\"},\"inLanguage\":\"pt-BR\",\"potentialAction\":[{\"@type\":\"ReadAction\",\"target\":[\"https:\\\/\\\/atividademapa.com\\\/?product=mapa-sub-gestao-de-projetos-54-2023\"]}]},{\"@type\":\"ImageObject\",\"inLanguage\":\"pt-BR\",\"@id\":\"https:\\\/\\\/atividademapa.com\\\/?product=mapa-sub-gestao-de-projetos-54-2023#primaryimage\",\"url\":\"https:\\\/\\\/i0.wp.com\\\/atividademapa.com\\\/wp-content\\\/uploads\\\/2023\\\/03\\\/Atividade-M.A.P.A-3.png?fit=300%2C300&ssl=1\",\"contentUrl\":\"https:\\\/\\\/i0.wp.com\\\/atividademapa.com\\\/wp-content\\\/uploads\\\/2023\\\/03\\\/Atividade-M.A.P.A-3.png?fit=300%2C300&ssl=1\",\"width\":300,\"height\":300,\"caption\":\"Mapa Unicesumar Atividade\"},{\"@type\":\"BreadcrumbList\",\"@id\":\"https:\\\/\\\/atividademapa.com\\\/?product=mapa-sub-gestao-de-projetos-54-2023#breadcrumb\",\"itemListElement\":[{\"@type\":\"ListItem\",\"position\":1,\"name\":\"In\u00edcio\",\"item\":\"https:\\\/\\\/atividademapa.com\\\/\"},{\"@type\":\"ListItem\",\"position\":2,\"name\":\"MAPAS\",\"item\":\"https:\\\/\\\/atividademapa.com\\\/?page_id=5\"},{\"@type\":\"ListItem\",\"position\":3,\"name\":\"Mapa Sub Gest\u00e3o de Projetos 53\\\/2023\"}]},{\"@type\":\"WebSite\",\"@id\":\"https:\\\/\\\/atividademapa.com\\\/#website\",\"url\":\"https:\\\/\\\/atividademapa.com\\\/\",\"name\":\"Atividade Mapa\",\"description\":\"StudeO | Unicesumar\",\"publisher\":{\"@id\":\"https:\\\/\\\/atividademapa.com\\\/#organization\"},\"potentialAction\":[{\"@type\":\"SearchAction\",\"target\":{\"@type\":\"EntryPoint\",\"urlTemplate\":\"https:\\\/\\\/atividademapa.com\\\/?s={search_term_string}\"},\"query-input\":{\"@type\":\"PropertyValueSpecification\",\"valueRequired\":true,\"valueName\":\"search_term_string\"}}],\"inLanguage\":\"pt-BR\"},{\"@type\":\"Organization\",\"@id\":\"https:\\\/\\\/atividademapa.com\\\/#organization\",\"name\":\"Atividade MAPA\",\"url\":\"https:\\\/\\\/atividademapa.com\\\/\",\"logo\":{\"@type\":\"ImageObject\",\"inLanguage\":\"pt-BR\",\"@id\":\"https:\\\/\\\/atividademapa.com\\\/#\\\/schema\\\/logo\\\/image\\\/\",\"url\":\"https:\\\/\\\/i0.wp.com\\\/atividademapa.com\\\/wp-content\\\/uploads\\\/2023\\\/02\\\/ATIVIDADE.png?fit=600%2C300&ssl=1\",\"contentUrl\":\"https:\\\/\\\/i0.wp.com\\\/atividademapa.com\\\/wp-content\\\/uploads\\\/2023\\\/02\\\/ATIVIDADE.png?fit=600%2C300&ssl=1\",\"width\":600,\"height\":300,\"caption\":\"Atividade MAPA\"},\"image\":{\"@id\":\"https:\\\/\\\/atividademapa.com\\\/#\\\/schema\\\/logo\\\/image\\\/\"}}]}<\/script>\n<!-- \/ Yoast SEO plugin. -->","yoast_head_json":{"title":"Mapa Sub Gest\u00e3o de Projetos 53\/2023","description":"Mapa Sub Gest\u00e3o de Projetos 53\/2023 Unicesumar | Atividade MAPA Pronto. Baixe Agora! Seguran\u00e7a do Trabalho M\u00e9todo CANVAS","robots":{"index":"index","follow":"follow","max-snippet":"max-snippet:-1","max-image-preview":"max-image-preview:large","max-video-preview":"max-video-preview:-1"},"canonical":"https:\/\/atividademapa.com\/?product=mapa-sub-gestao-de-projetos-54-2023","og_locale":"pt_BR","og_type":"article","og_title":"Mapa Sub Gest\u00e3o de Projetos 53\/2023","og_description":"Mapa Sub Gest\u00e3o de Projetos 53\/2023 Unicesumar | Atividade MAPA Pronto. Baixe Agora! Seguran\u00e7a do Trabalho M\u00e9todo CANVAS","og_url":"https:\/\/atividademapa.com\/?product=mapa-sub-gestao-de-projetos-54-2023","og_site_name":"Atividade Mapa","article_modified_time":"2023-11-17T14:55:38+00:00","og_image":[{"width":300,"height":300,"url":"https:\/\/i0.wp.com\/atividademapa.com\/wp-content\/uploads\/2023\/03\/Atividade-M.A.P.A-3.png?fit=300%2C300&ssl=1","type":"image\/png"}],"twitter_card":"summary_large_image","twitter_misc":{"Est. tempo de leitura":"1 minuto"},"schema":{"@context":"https:\/\/schema.org","@graph":[{"@type":"WebPage","@id":"https:\/\/atividademapa.com\/?product=mapa-sub-gestao-de-projetos-54-2023","url":"https:\/\/atividademapa.com\/?product=mapa-sub-gestao-de-projetos-54-2023","name":"Mapa Sub Gest\u00e3o de Projetos 53\/2023","isPartOf":{"@id":"https:\/\/atividademapa.com\/#website"},"primaryImageOfPage":{"@id":"https:\/\/atividademapa.com\/?product=mapa-sub-gestao-de-projetos-54-2023#primaryimage"},"image":{"@id":"https:\/\/atividademapa.com\/?product=mapa-sub-gestao-de-projetos-54-2023#primaryimage"},"thumbnailUrl":"https:\/\/i0.wp.com\/atividademapa.com\/wp-content\/uploads\/2023\/03\/Atividade-M.A.P.A-3.png?fit=300%2C300&ssl=1","datePublished":"2023-11-17T14:52:41+00:00","dateModified":"2023-11-17T14:55:38+00:00","description":"Mapa Sub Gest\u00e3o de Projetos 53\/2023 Unicesumar | Atividade MAPA Pronto. Baixe Agora! Seguran\u00e7a do Trabalho M\u00e9todo CANVAS","breadcrumb":{"@id":"https:\/\/atividademapa.com\/?product=mapa-sub-gestao-de-projetos-54-2023#breadcrumb"},"inLanguage":"pt-BR","potentialAction":[{"@type":"ReadAction","target":["https:\/\/atividademapa.com\/?product=mapa-sub-gestao-de-projetos-54-2023"]}]},{"@type":"ImageObject","inLanguage":"pt-BR","@id":"https:\/\/atividademapa.com\/?product=mapa-sub-gestao-de-projetos-54-2023#primaryimage","url":"https:\/\/i0.wp.com\/atividademapa.com\/wp-content\/uploads\/2023\/03\/Atividade-M.A.P.A-3.png?fit=300%2C300&ssl=1","contentUrl":"https:\/\/i0.wp.com\/atividademapa.com\/wp-content\/uploads\/2023\/03\/Atividade-M.A.P.A-3.png?fit=300%2C300&ssl=1","width":300,"height":300,"caption":"Mapa Unicesumar Atividade"},{"@type":"BreadcrumbList","@id":"https:\/\/atividademapa.com\/?product=mapa-sub-gestao-de-projetos-54-2023#breadcrumb","itemListElement":[{"@type":"ListItem","position":1,"name":"In\u00edcio","item":"https:\/\/atividademapa.com\/"},{"@type":"ListItem","position":2,"name":"MAPAS","item":"https:\/\/atividademapa.com\/?page_id=5"},{"@type":"ListItem","position":3,"name":"Mapa Sub Gest\u00e3o de Projetos 53\/2023"}]},{"@type":"WebSite","@id":"https:\/\/atividademapa.com\/#website","url":"https:\/\/atividademapa.com\/","name":"Atividade Mapa","description":"StudeO | Unicesumar","publisher":{"@id":"https:\/\/atividademapa.com\/#organization"},"potentialAction":[{"@type":"SearchAction","target":{"@type":"EntryPoint","urlTemplate":"https:\/\/atividademapa.com\/?s={search_term_string}"},"query-input":{"@type":"PropertyValueSpecification","valueRequired":true,"valueName":"search_term_string"}}],"inLanguage":"pt-BR"},{"@type":"Organization","@id":"https:\/\/atividademapa.com\/#organization","name":"Atividade MAPA","url":"https:\/\/atividademapa.com\/","logo":{"@type":"ImageObject","inLanguage":"pt-BR","@id":"https:\/\/atividademapa.com\/#\/schema\/logo\/image\/","url":"https:\/\/i0.wp.com\/atividademapa.com\/wp-content\/uploads\/2023\/02\/ATIVIDADE.png?fit=600%2C300&ssl=1","contentUrl":"https:\/\/i0.wp.com\/atividademapa.com\/wp-content\/uploads\/2023\/02\/ATIVIDADE.png?fit=600%2C300&ssl=1","width":600,"height":300,"caption":"Atividade MAPA"},"image":{"@id":"https:\/\/atividademapa.com\/#\/schema\/logo\/image\/"}}]}},"_links":{"self":[{"href":"https:\/\/atividademapa.com\/index.php?rest_route=\/wp\/v2\/product\/3152","targetHints":{"allow":["GET"]}}],"collection":[{"href":"https:\/\/atividademapa.com\/index.php?rest_route=\/wp\/v2\/product"}],"about":[{"href":"https:\/\/atividademapa.com\/index.php?rest_route=\/wp\/v2\/types\/product"}],"version-history":[{"count":3,"href":"https:\/\/atividademapa.com\/index.php?rest_route=\/wp\/v2\/product\/3152\/revisions"}],"predecessor-version":[{"id":3157,"href":"https:\/\/atividademapa.com\/index.php?rest_route=\/wp\/v2\/product\/3152\/revisions\/3157"}],"wp:featuredmedia":[{"embeddable":true,"href":"https:\/\/atividademapa.com\/index.php?rest_route=\/wp\/v2\/media\/2326"}],"wp:attachment":[{"href":"https:\/\/atividademapa.com\/index.php?rest_route=%2Fwp%2Fv2%2Fmedia&parent=3152"}],"wp:term":[{"taxonomy":"product_brand","embeddable":true,"href":"https:\/\/atividademapa.com\/index.php?rest_route=%2Fwp%2Fv2%2Fproduct_brand&post=3152"},{"taxonomy":"product_cat","embeddable":true,"href":"https:\/\/atividademapa.com\/index.php?rest_route=%2Fwp%2Fv2%2Fproduct_cat&post=3152"},{"taxonomy":"product_tag","embeddable":true,"href":"https:\/\/atividademapa.com\/index.php?rest_route=%2Fwp%2Fv2%2Fproduct_tag&post=3152"}],"curies":[{"name":"wp","href":"https:\/\/api.w.org\/{rel}","templated":true}]}}