{"id":3162,"date":"2023-11-18T17:03:10","date_gmt":"2023-11-18T20:03:10","guid":{"rendered":"https:\/\/atividademapa.com\/?post_type=product&#038;p=3162"},"modified":"2023-11-22T15:05:44","modified_gmt":"2023-11-22T18:05:44","slug":"mapa-psicologia-organizacional-54-2023","status":"publish","type":"product","link":"https:\/\/atividademapa.com\/?product=mapa-psicologia-organizacional-54-2023","title":{"rendered":"MAPA Psicologia Organizacional 54\/2023"},"content":{"rendered":"<p>MAPA Psicologia Organizacional 54\/2023<\/p>\n<p>Lideran\u00e7a e poder nas organiza\u00e7\u00f5es<\/p>\n<p>Primeira etapa: LEIA atentamente o texto de apoio a seguir.<\/p>\n<p>&#8220;A poss\u00edvel complexidade existente no processo de forma\u00e7\u00e3o de uma lideran\u00e7a estrat\u00e9gica \u00e9 maior quando se considera, principalmente, o ambiente competitivo das organiza\u00e7\u00f5es (MINTZBERG, 1998). Al\u00e9m do mais, &#8216;ter uma boa estrat\u00e9gia, n\u00e3o \u00e9 suficiente. Liderar \u00e9 mais do que uma inser\u00e7\u00e3o de estrat\u00e9gia no mercado; \u00e9 inserir a si mesmo no ambiente corporativo&#8217; (CARVALHO, 2010, p. 47). A lideran\u00e7a n\u00e3o \u00e9 apenas habilidade pessoal, ela \u00e9, tamb\u00e9m, um processo interpessoal dentro de um contexto complexo, no qual n\u00e3o se pode deixar de considerar outros elementos, tais como: as caracter\u00edsticas do l\u00edder, a motiva\u00e7\u00e3o dos liderados, as caracter\u00edsticas da miss\u00e3o ou tarefa a ser realizada e a conjuntura social, econ\u00f4mica e pol\u00edtica da organiza\u00e7\u00e3o (MAXIMIANO, 2009). Para Senge (1999), a nova tarefa do l\u00edder \u00e9 muito mais simples, pois ele tem que criar condi\u00e7\u00f5es para que todos possam aprender, porque todos precisam se adaptar as novas mudan\u00e7as. Muitas vezes os l\u00edderes reconhecem a necessidade de mudan\u00e7a e resistem a ela, j\u00e1 que temem \u00e0s implica\u00e7\u00f5es que seu poder e status podem causar. Morgan (2011, p. 163) esclarece que &#8216;o poder \u00e9 o meio atrav\u00e9s do qual conflitos de interesses s\u00e3o, afinal, resolvidos. O poder influencia quem consegue o qu\u00ea, quando e como&#8217;. Assim, podemos depreender que lideran\u00e7a e poder est\u00e3o intimamente ligados e s\u00e3o mecanismos que, se mal utilizados, podem trazer s\u00e9rios problemas para a gest\u00e3o organizacional. Em tempos de competitividade os gestores\/l\u00edderes das organiza\u00e7\u00f5es devem agir com a m\u00e1xima efici\u00eancia. Se eles n\u00e3o se conscientizam de se construir um plano de a\u00e7\u00e3o estrat\u00e9gico, torna-se invi\u00e1vel potencializar os pontos fortes e eliminar os pontos fracos para, dessa forma, neutralizar os concorrentes e os riscos, aproveitando, com isso, as oportunidades do mercado (CARVALHO, 2010)&#8221;.<\/p>\n<p>Fonte: https:\/\/saber.unioeste.br\/index.php\/expectativa\/article\/view\/14120\/9774. Acesso em: 26 out. 2023.<\/p>\n<p>&#8220;A busca por objetivos e resultados satisfat\u00f3rios por parte das organiza\u00e7\u00f5es requer, cada vez mais, lideran\u00e7as que sejam capazes de impulsion\u00e1-las no contexto competitivo da atualidade rumo n\u00e3o apenas \u00e0 sobreviv\u00eancia, mas ao sucesso. A lideran\u00e7a existe no sentido de dar uma dire\u00e7\u00e3o, introduzir renova\u00e7\u00e3o e revitaliza\u00e7\u00e3o para o alcance de resultados&#8221; (COSTA, 2020, p. 155).<\/p>\n<p>Fonte: COSTA, W. Psicologia Organizacional. Maring\u00e1: Unicesumar, 2020.<\/p>\n<p>Segunda etapa: considere a situa\u00e7\u00e3o-problema da atividade.<\/p>\n<p>Em uma empresa de suplementos alimentares, as \u00e1reas administrativas s\u00e3o divididas em cinco: financeiro, auditoria, vendas, produto e produ\u00e7\u00e3o. Cada uma delas tem um gerente respons\u00e1vel, tido como l\u00edder de cada uma das equipes. Vamos conhec\u00ea-los:<br \/>\nNeto \u00e9 formando em Contabilidade, filho de contadores, que, inclusive, s\u00e3o os fundadores da empresa. Assumiu o cargo de gerente de auditoria assim que seu pai decidiu se aposentar e desfrutar das conquistas da vida ao lado da sua esposa. Sempre esteve ao lado do pai nos neg\u00f3cios, mas tamb\u00e9m teve experi\u00eancias no exterior em sua forma\u00e7\u00e3o.<br \/>\nAlberto \u00e9 formado em Administra\u00e7\u00e3o, Contabilidade e Engenharia Mec\u00e2nica, domina n\u00fameros e acredita que \u00e9 preciso dominar pessoas para que nada saia do seu controle. Beto \u00e9 o gerente financeiro, tem uma gest\u00e3o muito r\u00edgida, n\u00e3o tolera erros e exige perfeccionismo dos seus subordinados.<br \/>\nBeatrice \u00e9 vendedora h\u00e1 mais de 25 anos, com experi\u00eancia no atacado e varejo. Chegou na +Salud h\u00e1 seis anos e, desde ent\u00e3o, apresenta resultados crescentes, tanto que assumiu a ger\u00eancia de vendas em menos de um ano de empresa. O time a respeita e sempre busca suas orienta\u00e7\u00f5es e conselhos, afinal, ela sabe tudo sobre vendas.<br \/>\nCalilie \u00e9 a gerente mais jovem da empresa, formada em Marketing e Design de Produto. Chegou \u00e0 empresa h\u00e1 cerca de dois anos, vive agradando seus pares e liderados, sempre proporciona lanches no meio do expediente ou chocolatinhos para amenizar o estresse do time. Ela diz que, para ter criativos potentes, \u00e9 preciso driblar o estresse e a tens\u00e3o, por isso, uma vez por m\u00eas \u2014 depois de baterem as metas \u2014 marca um happy hour com todo o time, e \u00e9 sempre tudo por conta da gerente de produto.<br \/>\nBelizie \u00e9 a gerente de produ\u00e7\u00e3o, uma das colaboradoras mais antiga da empresa, chegou \u00e0 ger\u00eancia depois de anos de casa, conhecendo cada um dos processos como a palma da sua m\u00e3o. Ela adora cumprir prazos, acredita que uma equipe unida pode chegar aonde almejar. Ela \u00e9 tida como exemplar tanto na gest\u00e3o como conviv\u00eancia com seus pares.<br \/>\nCom a descri\u00e7\u00e3o das pessoas, que est\u00e3o \u00e0 frente dos cargos de lideran\u00e7a da +Salud, \u00e9 poss\u00edvel perceber que existem v\u00e1rios tipos de lideran\u00e7a e maneiras de exercer influ\u00eancia sobre as pessoas.<br \/>\nPensando nesses l\u00edderes, quais s\u00e3o os poderes de influ\u00eancia que voc\u00ea consegue identificar?<\/p>\n<p>Terceira etapa: agora, \u00e9 com voc\u00ea!<\/p>\n<p>Considerando a situa\u00e7\u00e3o-problema apresentada, o seu papel nessa atividade ser\u00e1 elaborar um texto com cerca de uma lauda (uma p\u00e1gina), atendendo ao roteiro a seguir:<\/p>\n<p>1. Inicie o seu texto descrevendo quais s\u00e3o os poderes de influ\u00eancia de cada um dos gerentes da +Salud.<br \/>\n2. Analise a postura de cada um deles e apresente, ao menos, duas caracter\u00edsticas que os apontem como detentores de tais poderes de influ\u00eancia listados na primeira parte do texto.<br \/>\n3. Considerando que existem muitos poderes influentes no conv\u00edvio organizacional que constituem os diversos tipos de lideran\u00e7a, fa\u00e7a uma an\u00e1lise do conte\u00fado estudado, escolha um tipo de lideran\u00e7a e, na parte final do seu texto, cite-o e argumente quais s\u00e3o as vantagens do modelo escolhido e o que o torna mais assertivo.<\/p>\n","protected":false},"excerpt":{"rendered":"<p>MAPA Psicologia Organizacional 54\/2023 Lideran\u00e7a e poder nas organiza\u00e7\u00f5es Primeira etapa: LEIA atentamente o texto de apoio a seguir. &#8220;A<\/p>\n","protected":false},"featured_media":2326,"template":"","meta":{"_monsterinsights_skip_tracking":false,"_monsterinsights_sitenote_active":false,"_monsterinsights_sitenote_note":"","_monsterinsights_sitenote_category":0},"product_brand":[],"product_cat":[22,46,114],"product_tag":[],"class_list":{"0":"post-3162","1":"product","2":"type-product","3":"status-publish","4":"has-post-thumbnail","6":"product_cat-administracao","7":"product_cat-ciencias-contabeis","8":"product_cat-seguranca-privada","10":"first","11":"instock","12":"downloadable","13":"virtual","14":"purchasable","15":"product-type-simple"},"yoast_head":"<!-- This site is optimized with the Yoast SEO plugin v27.4 - https:\/\/yoast.com\/product\/yoast-seo-wordpress\/ -->\n<title>MAPA Psicologia Organizacional 54\/2023<\/title>\n<meta name=\"description\" content=\"MAPA Psicologia Organizacional 54\/2023 Unicesumar | Atividade MAPA Pronto. Os poderes de influ\u00eancia de cada um dos gerentes da +Salud\" \/>\n<meta name=\"robots\" content=\"index, follow, max-snippet:-1, max-image-preview:large, max-video-preview:-1\" \/>\n<link rel=\"canonical\" href=\"https:\/\/atividademapa.com\/?product=mapa-psicologia-organizacional-54-2023\" \/>\n<meta property=\"og:locale\" content=\"pt_BR\" \/>\n<meta property=\"og:type\" content=\"article\" \/>\n<meta property=\"og:title\" content=\"MAPA Psicologia Organizacional 54\/2023\" \/>\n<meta property=\"og:description\" content=\"MAPA Psicologia Organizacional 54\/2023 Unicesumar | Atividade MAPA Pronto. Os poderes de influ\u00eancia de cada um dos gerentes da +Salud\" \/>\n<meta property=\"og:url\" content=\"https:\/\/atividademapa.com\/?product=mapa-psicologia-organizacional-54-2023\" \/>\n<meta property=\"og:site_name\" content=\"Atividade Mapa\" \/>\n<meta property=\"article:modified_time\" content=\"2023-11-22T18:05:44+00:00\" \/>\n<meta property=\"og:image\" content=\"https:\/\/i0.wp.com\/atividademapa.com\/wp-content\/uploads\/2023\/03\/Atividade-M.A.P.A-3.png?fit=300%2C300&ssl=1\" \/>\n\t<meta property=\"og:image:width\" content=\"300\" \/>\n\t<meta property=\"og:image:height\" content=\"300\" \/>\n\t<meta property=\"og:image:type\" content=\"image\/png\" \/>\n<meta name=\"twitter:card\" content=\"summary_large_image\" \/>\n<meta name=\"twitter:label1\" content=\"Est. tempo de leitura\" \/>\n\t<meta name=\"twitter:data1\" content=\"5 minutos\" \/>\n<script type=\"application\/ld+json\" class=\"yoast-schema-graph\">{\"@context\":\"https:\\\/\\\/schema.org\",\"@graph\":[{\"@type\":\"WebPage\",\"@id\":\"https:\\\/\\\/atividademapa.com\\\/?product=mapa-psicologia-organizacional-54-2023\",\"url\":\"https:\\\/\\\/atividademapa.com\\\/?product=mapa-psicologia-organizacional-54-2023\",\"name\":\"MAPA Psicologia Organizacional 54\\\/2023\",\"isPartOf\":{\"@id\":\"https:\\\/\\\/atividademapa.com\\\/#website\"},\"primaryImageOfPage\":{\"@id\":\"https:\\\/\\\/atividademapa.com\\\/?product=mapa-psicologia-organizacional-54-2023#primaryimage\"},\"image\":{\"@id\":\"https:\\\/\\\/atividademapa.com\\\/?product=mapa-psicologia-organizacional-54-2023#primaryimage\"},\"thumbnailUrl\":\"https:\\\/\\\/i0.wp.com\\\/atividademapa.com\\\/wp-content\\\/uploads\\\/2023\\\/03\\\/Atividade-M.A.P.A-3.png?fit=300%2C300&ssl=1\",\"datePublished\":\"2023-11-18T20:03:10+00:00\",\"dateModified\":\"2023-11-22T18:05:44+00:00\",\"description\":\"MAPA Psicologia Organizacional 54\\\/2023 Unicesumar | Atividade MAPA Pronto. Os poderes de influ\u00eancia de cada um dos gerentes da +Salud\",\"breadcrumb\":{\"@id\":\"https:\\\/\\\/atividademapa.com\\\/?product=mapa-psicologia-organizacional-54-2023#breadcrumb\"},\"inLanguage\":\"pt-BR\",\"potentialAction\":[{\"@type\":\"ReadAction\",\"target\":[\"https:\\\/\\\/atividademapa.com\\\/?product=mapa-psicologia-organizacional-54-2023\"]}]},{\"@type\":\"ImageObject\",\"inLanguage\":\"pt-BR\",\"@id\":\"https:\\\/\\\/atividademapa.com\\\/?product=mapa-psicologia-organizacional-54-2023#primaryimage\",\"url\":\"https:\\\/\\\/i0.wp.com\\\/atividademapa.com\\\/wp-content\\\/uploads\\\/2023\\\/03\\\/Atividade-M.A.P.A-3.png?fit=300%2C300&ssl=1\",\"contentUrl\":\"https:\\\/\\\/i0.wp.com\\\/atividademapa.com\\\/wp-content\\\/uploads\\\/2023\\\/03\\\/Atividade-M.A.P.A-3.png?fit=300%2C300&ssl=1\",\"width\":300,\"height\":300,\"caption\":\"Mapa Unicesumar Atividade\"},{\"@type\":\"BreadcrumbList\",\"@id\":\"https:\\\/\\\/atividademapa.com\\\/?product=mapa-psicologia-organizacional-54-2023#breadcrumb\",\"itemListElement\":[{\"@type\":\"ListItem\",\"position\":1,\"name\":\"In\u00edcio\",\"item\":\"https:\\\/\\\/atividademapa.com\\\/\"},{\"@type\":\"ListItem\",\"position\":2,\"name\":\"MAPAS\",\"item\":\"https:\\\/\\\/atividademapa.com\\\/?page_id=5\"},{\"@type\":\"ListItem\",\"position\":3,\"name\":\"MAPA Psicologia Organizacional 54\\\/2023\"}]},{\"@type\":\"WebSite\",\"@id\":\"https:\\\/\\\/atividademapa.com\\\/#website\",\"url\":\"https:\\\/\\\/atividademapa.com\\\/\",\"name\":\"Atividade Mapa\",\"description\":\"StudeO | Unicesumar\",\"publisher\":{\"@id\":\"https:\\\/\\\/atividademapa.com\\\/#organization\"},\"potentialAction\":[{\"@type\":\"SearchAction\",\"target\":{\"@type\":\"EntryPoint\",\"urlTemplate\":\"https:\\\/\\\/atividademapa.com\\\/?s={search_term_string}\"},\"query-input\":{\"@type\":\"PropertyValueSpecification\",\"valueRequired\":true,\"valueName\":\"search_term_string\"}}],\"inLanguage\":\"pt-BR\"},{\"@type\":\"Organization\",\"@id\":\"https:\\\/\\\/atividademapa.com\\\/#organization\",\"name\":\"Atividade MAPA\",\"url\":\"https:\\\/\\\/atividademapa.com\\\/\",\"logo\":{\"@type\":\"ImageObject\",\"inLanguage\":\"pt-BR\",\"@id\":\"https:\\\/\\\/atividademapa.com\\\/#\\\/schema\\\/logo\\\/image\\\/\",\"url\":\"https:\\\/\\\/i0.wp.com\\\/atividademapa.com\\\/wp-content\\\/uploads\\\/2023\\\/02\\\/ATIVIDADE.png?fit=600%2C300&ssl=1\",\"contentUrl\":\"https:\\\/\\\/i0.wp.com\\\/atividademapa.com\\\/wp-content\\\/uploads\\\/2023\\\/02\\\/ATIVIDADE.png?fit=600%2C300&ssl=1\",\"width\":600,\"height\":300,\"caption\":\"Atividade MAPA\"},\"image\":{\"@id\":\"https:\\\/\\\/atividademapa.com\\\/#\\\/schema\\\/logo\\\/image\\\/\"}}]}<\/script>\n<!-- \/ Yoast SEO plugin. -->","yoast_head_json":{"title":"MAPA Psicologia Organizacional 54\/2023","description":"MAPA Psicologia Organizacional 54\/2023 Unicesumar | Atividade MAPA Pronto. Os poderes de influ\u00eancia de cada um dos gerentes da +Salud","robots":{"index":"index","follow":"follow","max-snippet":"max-snippet:-1","max-image-preview":"max-image-preview:large","max-video-preview":"max-video-preview:-1"},"canonical":"https:\/\/atividademapa.com\/?product=mapa-psicologia-organizacional-54-2023","og_locale":"pt_BR","og_type":"article","og_title":"MAPA Psicologia Organizacional 54\/2023","og_description":"MAPA Psicologia Organizacional 54\/2023 Unicesumar | Atividade MAPA Pronto. Os poderes de influ\u00eancia de cada um dos gerentes da +Salud","og_url":"https:\/\/atividademapa.com\/?product=mapa-psicologia-organizacional-54-2023","og_site_name":"Atividade Mapa","article_modified_time":"2023-11-22T18:05:44+00:00","og_image":[{"width":300,"height":300,"url":"https:\/\/i0.wp.com\/atividademapa.com\/wp-content\/uploads\/2023\/03\/Atividade-M.A.P.A-3.png?fit=300%2C300&ssl=1","type":"image\/png"}],"twitter_card":"summary_large_image","twitter_misc":{"Est. tempo de leitura":"5 minutos"},"schema":{"@context":"https:\/\/schema.org","@graph":[{"@type":"WebPage","@id":"https:\/\/atividademapa.com\/?product=mapa-psicologia-organizacional-54-2023","url":"https:\/\/atividademapa.com\/?product=mapa-psicologia-organizacional-54-2023","name":"MAPA Psicologia Organizacional 54\/2023","isPartOf":{"@id":"https:\/\/atividademapa.com\/#website"},"primaryImageOfPage":{"@id":"https:\/\/atividademapa.com\/?product=mapa-psicologia-organizacional-54-2023#primaryimage"},"image":{"@id":"https:\/\/atividademapa.com\/?product=mapa-psicologia-organizacional-54-2023#primaryimage"},"thumbnailUrl":"https:\/\/i0.wp.com\/atividademapa.com\/wp-content\/uploads\/2023\/03\/Atividade-M.A.P.A-3.png?fit=300%2C300&ssl=1","datePublished":"2023-11-18T20:03:10+00:00","dateModified":"2023-11-22T18:05:44+00:00","description":"MAPA Psicologia Organizacional 54\/2023 Unicesumar | Atividade MAPA Pronto. Os poderes de influ\u00eancia de cada um dos gerentes da +Salud","breadcrumb":{"@id":"https:\/\/atividademapa.com\/?product=mapa-psicologia-organizacional-54-2023#breadcrumb"},"inLanguage":"pt-BR","potentialAction":[{"@type":"ReadAction","target":["https:\/\/atividademapa.com\/?product=mapa-psicologia-organizacional-54-2023"]}]},{"@type":"ImageObject","inLanguage":"pt-BR","@id":"https:\/\/atividademapa.com\/?product=mapa-psicologia-organizacional-54-2023#primaryimage","url":"https:\/\/i0.wp.com\/atividademapa.com\/wp-content\/uploads\/2023\/03\/Atividade-M.A.P.A-3.png?fit=300%2C300&ssl=1","contentUrl":"https:\/\/i0.wp.com\/atividademapa.com\/wp-content\/uploads\/2023\/03\/Atividade-M.A.P.A-3.png?fit=300%2C300&ssl=1","width":300,"height":300,"caption":"Mapa Unicesumar Atividade"},{"@type":"BreadcrumbList","@id":"https:\/\/atividademapa.com\/?product=mapa-psicologia-organizacional-54-2023#breadcrumb","itemListElement":[{"@type":"ListItem","position":1,"name":"In\u00edcio","item":"https:\/\/atividademapa.com\/"},{"@type":"ListItem","position":2,"name":"MAPAS","item":"https:\/\/atividademapa.com\/?page_id=5"},{"@type":"ListItem","position":3,"name":"MAPA Psicologia Organizacional 54\/2023"}]},{"@type":"WebSite","@id":"https:\/\/atividademapa.com\/#website","url":"https:\/\/atividademapa.com\/","name":"Atividade Mapa","description":"StudeO | Unicesumar","publisher":{"@id":"https:\/\/atividademapa.com\/#organization"},"potentialAction":[{"@type":"SearchAction","target":{"@type":"EntryPoint","urlTemplate":"https:\/\/atividademapa.com\/?s={search_term_string}"},"query-input":{"@type":"PropertyValueSpecification","valueRequired":true,"valueName":"search_term_string"}}],"inLanguage":"pt-BR"},{"@type":"Organization","@id":"https:\/\/atividademapa.com\/#organization","name":"Atividade MAPA","url":"https:\/\/atividademapa.com\/","logo":{"@type":"ImageObject","inLanguage":"pt-BR","@id":"https:\/\/atividademapa.com\/#\/schema\/logo\/image\/","url":"https:\/\/i0.wp.com\/atividademapa.com\/wp-content\/uploads\/2023\/02\/ATIVIDADE.png?fit=600%2C300&ssl=1","contentUrl":"https:\/\/i0.wp.com\/atividademapa.com\/wp-content\/uploads\/2023\/02\/ATIVIDADE.png?fit=600%2C300&ssl=1","width":600,"height":300,"caption":"Atividade MAPA"},"image":{"@id":"https:\/\/atividademapa.com\/#\/schema\/logo\/image\/"}}]}},"_links":{"self":[{"href":"https:\/\/atividademapa.com\/index.php?rest_route=\/wp\/v2\/product\/3162","targetHints":{"allow":["GET"]}}],"collection":[{"href":"https:\/\/atividademapa.com\/index.php?rest_route=\/wp\/v2\/product"}],"about":[{"href":"https:\/\/atividademapa.com\/index.php?rest_route=\/wp\/v2\/types\/product"}],"version-history":[{"count":1,"href":"https:\/\/atividademapa.com\/index.php?rest_route=\/wp\/v2\/product\/3162\/revisions"}],"predecessor-version":[{"id":3163,"href":"https:\/\/atividademapa.com\/index.php?rest_route=\/wp\/v2\/product\/3162\/revisions\/3163"}],"wp:featuredmedia":[{"embeddable":true,"href":"https:\/\/atividademapa.com\/index.php?rest_route=\/wp\/v2\/media\/2326"}],"wp:attachment":[{"href":"https:\/\/atividademapa.com\/index.php?rest_route=%2Fwp%2Fv2%2Fmedia&parent=3162"}],"wp:term":[{"taxonomy":"product_brand","embeddable":true,"href":"https:\/\/atividademapa.com\/index.php?rest_route=%2Fwp%2Fv2%2Fproduct_brand&post=3162"},{"taxonomy":"product_cat","embeddable":true,"href":"https:\/\/atividademapa.com\/index.php?rest_route=%2Fwp%2Fv2%2Fproduct_cat&post=3162"},{"taxonomy":"product_tag","embeddable":true,"href":"https:\/\/atividademapa.com\/index.php?rest_route=%2Fwp%2Fv2%2Fproduct_tag&post=3162"}],"curies":[{"name":"wp","href":"https:\/\/api.w.org\/{rel}","templated":true}]}}