{"id":3180,"date":"2023-11-27T08:03:11","date_gmt":"2023-11-27T11:03:11","guid":{"rendered":"https:\/\/atividademapa.com\/?post_type=product&#038;p=3180"},"modified":"2023-11-27T08:09:34","modified_gmt":"2023-11-27T11:09:34","slug":"mapa-administracao-da-producao-54-2023","status":"publish","type":"product","link":"https:\/\/atividademapa.com\/?product=mapa-administracao-da-producao-54-2023","title":{"rendered":"MAPA Administra\u00e7\u00e3o da Produ\u00e7\u00e3o 54\/2023"},"content":{"rendered":"<h3>MAPA Administra\u00e7\u00e3o da Produ\u00e7\u00e3o 54\/2023<\/h3>\n<p><strong>Administra\u00e7\u00e3o da Produ\u00e7\u00e3o<\/strong><\/p>\n<p>Etapa 1 &#8211; Apresentar a situa\u00e7\u00e3o curiosa do estudo de caso.<br \/>\nNesta primeira etapa voc\u00ea dever\u00e1 assistir com aten\u00e7\u00e3o ao v\u00eddeo da experimenta\u00e7\u00e3o e apresentar a situa\u00e7\u00e3o curiosa da rede fast food e como os clientes reagiram.<br \/>\nV\u00cdDEO: https:\/\/www.youtube.com\/watch?v=f1Dv_1L-8Nw<br \/>\n(para acessar o v\u00eddeo, copie o link acima a cole no seu navegador da internet).<br \/>\nRESPOSTA:<\/p>\n<p>Etapa 2 &#8211; O que \u00e9 o lead time e sua composi\u00e7\u00e3o.<br \/>\nNesta segunda etapa voc\u00ea dever\u00e1 explicar o que \u00e9 o lead time e qual a composi\u00e7\u00e3o do lead time produtivo.<br \/>\nRESPOSTA:<\/p>\n<p>Etapa 3 &#8211; Apresentar as etapas produtivas do estudo de caso<a href=\"https:\/\/atividademapa.com\">.<\/a><br \/>\nNesta terceira etapa voc\u00ea dever\u00e1 assistir com aten\u00e7\u00e3o ao v\u00eddeo da experimenta\u00e7\u00e3o e apresentar as etapas com o seu respectivo lead time na simula\u00e7\u00e3o da produ\u00e7\u00e3o de um lanche em uma empresa de fast food.<br \/>\nV\u00cdDEO: https:\/\/www.youtube.com\/watch?v=f1Dv_1L-8Nw<br \/>\n(para acessar o v\u00eddeo, copie o link acima a cole no seu navegador da internet).<br \/>\nRESPOSTA:<\/p>\n<p>Etapa 4 &#8211; Import\u00e2ncia do<span style=\"color: #333333;\"> <a style=\"color: #333333;\" href=\"https:\/\/www.nomus.com.br\/blog-industrial\/lead-time\/\">lead time<\/a> <\/span>e conhecer as etapas produtivas.<br \/>\nNesta quarta etapa voc\u00ea dever\u00e1, com suas palavras, descrever qual a import\u00e2ncia do lead time para tornar uma opera\u00e7\u00e3o mais eficiente e responder por que \u00e9 importante conhecer as etapas produtivas para isso.<br \/>\nRESPOSTA:<\/p>\n<p>&nbsp;<\/p>\n","protected":false},"excerpt":{"rendered":"<p><span style=\"color: #0000ff;\">Lead Time &#8211; Caso Mc Donald\u00b4s Resolvido<\/span><\/p>\n","protected":false},"featured_media":2326,"template":"","meta":{"_monsterinsights_skip_tracking":false,"_monsterinsights_sitenote_active":false,"_monsterinsights_sitenote_note":"","_monsterinsights_sitenote_category":0},"product_brand":[],"product_cat":[29,107],"product_tag":[],"class_list":{"0":"post-3180","1":"product","2":"type-product","3":"status-publish","4":"has-post-thumbnail","6":"product_cat-gestao-de-qualidade","7":"product_cat-modulo-54-2023","9":"first","10":"instock","11":"downloadable","12":"virtual","13":"purchasable","14":"product-type-simple"},"yoast_head":"<!-- This site is optimized with the Yoast SEO plugin v27.4 - https:\/\/yoast.com\/product\/yoast-seo-wordpress\/ -->\n<title>MAPA Administra\u00e7\u00e3o da Produ\u00e7\u00e3o 54\/2023<\/title>\n<meta name=\"description\" content=\"MAPA Administra\u00e7\u00e3o da Produ\u00e7\u00e3o 54\/2023 Unicesumar | Atividade MAPA Pronto. Baixe Agora! Caso de Estudo Mc Donald\u00b4s Lead Time.\" \/>\n<meta name=\"robots\" content=\"index, follow, max-snippet:-1, max-image-preview:large, max-video-preview:-1\" \/>\n<link rel=\"canonical\" href=\"https:\/\/atividademapa.com\/?product=mapa-administracao-da-producao-54-2023\" \/>\n<meta property=\"og:locale\" content=\"pt_BR\" \/>\n<meta property=\"og:type\" content=\"article\" \/>\n<meta property=\"og:title\" content=\"MAPA Administra\u00e7\u00e3o da Produ\u00e7\u00e3o 54\/2023\" \/>\n<meta property=\"og:description\" content=\"MAPA Administra\u00e7\u00e3o da Produ\u00e7\u00e3o 54\/2023 Unicesumar | Atividade MAPA Pronto. Baixe Agora! Caso de Estudo Mc Donald\u00b4s Lead Time.\" \/>\n<meta property=\"og:url\" content=\"https:\/\/atividademapa.com\/?product=mapa-administracao-da-producao-54-2023\" \/>\n<meta property=\"og:site_name\" content=\"Atividade Mapa\" \/>\n<meta property=\"article:modified_time\" content=\"2023-11-27T11:09:34+00:00\" \/>\n<meta property=\"og:image\" content=\"https:\/\/i0.wp.com\/atividademapa.com\/wp-content\/uploads\/2023\/03\/Atividade-M.A.P.A-3.png?fit=300%2C300&ssl=1\" \/>\n\t<meta property=\"og:image:width\" content=\"300\" \/>\n\t<meta property=\"og:image:height\" content=\"300\" \/>\n\t<meta property=\"og:image:type\" content=\"image\/png\" \/>\n<meta name=\"twitter:card\" content=\"summary_large_image\" \/>\n<meta name=\"twitter:label1\" content=\"Est. tempo de leitura\" \/>\n\t<meta name=\"twitter:data1\" content=\"1 minuto\" \/>\n<script type=\"application\/ld+json\" class=\"yoast-schema-graph\">{\"@context\":\"https:\\\/\\\/schema.org\",\"@graph\":[{\"@type\":\"WebPage\",\"@id\":\"https:\\\/\\\/atividademapa.com\\\/?product=mapa-administracao-da-producao-54-2023\",\"url\":\"https:\\\/\\\/atividademapa.com\\\/?product=mapa-administracao-da-producao-54-2023\",\"name\":\"MAPA Administra\u00e7\u00e3o da Produ\u00e7\u00e3o 54\\\/2023\",\"isPartOf\":{\"@id\":\"https:\\\/\\\/atividademapa.com\\\/#website\"},\"primaryImageOfPage\":{\"@id\":\"https:\\\/\\\/atividademapa.com\\\/?product=mapa-administracao-da-producao-54-2023#primaryimage\"},\"image\":{\"@id\":\"https:\\\/\\\/atividademapa.com\\\/?product=mapa-administracao-da-producao-54-2023#primaryimage\"},\"thumbnailUrl\":\"https:\\\/\\\/i0.wp.com\\\/atividademapa.com\\\/wp-content\\\/uploads\\\/2023\\\/03\\\/Atividade-M.A.P.A-3.png?fit=300%2C300&ssl=1\",\"datePublished\":\"2023-11-27T11:03:11+00:00\",\"dateModified\":\"2023-11-27T11:09:34+00:00\",\"description\":\"MAPA Administra\u00e7\u00e3o da Produ\u00e7\u00e3o 54\\\/2023 Unicesumar | Atividade MAPA Pronto. Baixe Agora! Caso de Estudo Mc Donald\u00b4s Lead Time.\",\"breadcrumb\":{\"@id\":\"https:\\\/\\\/atividademapa.com\\\/?product=mapa-administracao-da-producao-54-2023#breadcrumb\"},\"inLanguage\":\"pt-BR\",\"potentialAction\":[{\"@type\":\"ReadAction\",\"target\":[\"https:\\\/\\\/atividademapa.com\\\/?product=mapa-administracao-da-producao-54-2023\"]}]},{\"@type\":\"ImageObject\",\"inLanguage\":\"pt-BR\",\"@id\":\"https:\\\/\\\/atividademapa.com\\\/?product=mapa-administracao-da-producao-54-2023#primaryimage\",\"url\":\"https:\\\/\\\/i0.wp.com\\\/atividademapa.com\\\/wp-content\\\/uploads\\\/2023\\\/03\\\/Atividade-M.A.P.A-3.png?fit=300%2C300&ssl=1\",\"contentUrl\":\"https:\\\/\\\/i0.wp.com\\\/atividademapa.com\\\/wp-content\\\/uploads\\\/2023\\\/03\\\/Atividade-M.A.P.A-3.png?fit=300%2C300&ssl=1\",\"width\":300,\"height\":300,\"caption\":\"Mapa Unicesumar Atividade\"},{\"@type\":\"BreadcrumbList\",\"@id\":\"https:\\\/\\\/atividademapa.com\\\/?product=mapa-administracao-da-producao-54-2023#breadcrumb\",\"itemListElement\":[{\"@type\":\"ListItem\",\"position\":1,\"name\":\"In\u00edcio\",\"item\":\"https:\\\/\\\/atividademapa.com\\\/\"},{\"@type\":\"ListItem\",\"position\":2,\"name\":\"MAPAS\",\"item\":\"https:\\\/\\\/atividademapa.com\\\/?page_id=5\"},{\"@type\":\"ListItem\",\"position\":3,\"name\":\"MAPA Administra\u00e7\u00e3o da Produ\u00e7\u00e3o 54\\\/2023\"}]},{\"@type\":\"WebSite\",\"@id\":\"https:\\\/\\\/atividademapa.com\\\/#website\",\"url\":\"https:\\\/\\\/atividademapa.com\\\/\",\"name\":\"Atividade Mapa\",\"description\":\"StudeO | Unicesumar\",\"publisher\":{\"@id\":\"https:\\\/\\\/atividademapa.com\\\/#organization\"},\"potentialAction\":[{\"@type\":\"SearchAction\",\"target\":{\"@type\":\"EntryPoint\",\"urlTemplate\":\"https:\\\/\\\/atividademapa.com\\\/?s={search_term_string}\"},\"query-input\":{\"@type\":\"PropertyValueSpecification\",\"valueRequired\":true,\"valueName\":\"search_term_string\"}}],\"inLanguage\":\"pt-BR\"},{\"@type\":\"Organization\",\"@id\":\"https:\\\/\\\/atividademapa.com\\\/#organization\",\"name\":\"Atividade MAPA\",\"url\":\"https:\\\/\\\/atividademapa.com\\\/\",\"logo\":{\"@type\":\"ImageObject\",\"inLanguage\":\"pt-BR\",\"@id\":\"https:\\\/\\\/atividademapa.com\\\/#\\\/schema\\\/logo\\\/image\\\/\",\"url\":\"https:\\\/\\\/i0.wp.com\\\/atividademapa.com\\\/wp-content\\\/uploads\\\/2023\\\/02\\\/ATIVIDADE.png?fit=600%2C300&ssl=1\",\"contentUrl\":\"https:\\\/\\\/i0.wp.com\\\/atividademapa.com\\\/wp-content\\\/uploads\\\/2023\\\/02\\\/ATIVIDADE.png?fit=600%2C300&ssl=1\",\"width\":600,\"height\":300,\"caption\":\"Atividade MAPA\"},\"image\":{\"@id\":\"https:\\\/\\\/atividademapa.com\\\/#\\\/schema\\\/logo\\\/image\\\/\"}}]}<\/script>\n<!-- \/ Yoast SEO plugin. -->","yoast_head_json":{"title":"MAPA Administra\u00e7\u00e3o da Produ\u00e7\u00e3o 54\/2023","description":"MAPA Administra\u00e7\u00e3o da Produ\u00e7\u00e3o 54\/2023 Unicesumar | Atividade MAPA Pronto. Baixe Agora! Caso de Estudo Mc Donald\u00b4s Lead Time.","robots":{"index":"index","follow":"follow","max-snippet":"max-snippet:-1","max-image-preview":"max-image-preview:large","max-video-preview":"max-video-preview:-1"},"canonical":"https:\/\/atividademapa.com\/?product=mapa-administracao-da-producao-54-2023","og_locale":"pt_BR","og_type":"article","og_title":"MAPA Administra\u00e7\u00e3o da Produ\u00e7\u00e3o 54\/2023","og_description":"MAPA Administra\u00e7\u00e3o da Produ\u00e7\u00e3o 54\/2023 Unicesumar | Atividade MAPA Pronto. Baixe Agora! Caso de Estudo Mc Donald\u00b4s Lead Time.","og_url":"https:\/\/atividademapa.com\/?product=mapa-administracao-da-producao-54-2023","og_site_name":"Atividade Mapa","article_modified_time":"2023-11-27T11:09:34+00:00","og_image":[{"width":300,"height":300,"url":"https:\/\/i0.wp.com\/atividademapa.com\/wp-content\/uploads\/2023\/03\/Atividade-M.A.P.A-3.png?fit=300%2C300&ssl=1","type":"image\/png"}],"twitter_card":"summary_large_image","twitter_misc":{"Est. tempo de leitura":"1 minuto"},"schema":{"@context":"https:\/\/schema.org","@graph":[{"@type":"WebPage","@id":"https:\/\/atividademapa.com\/?product=mapa-administracao-da-producao-54-2023","url":"https:\/\/atividademapa.com\/?product=mapa-administracao-da-producao-54-2023","name":"MAPA Administra\u00e7\u00e3o da Produ\u00e7\u00e3o 54\/2023","isPartOf":{"@id":"https:\/\/atividademapa.com\/#website"},"primaryImageOfPage":{"@id":"https:\/\/atividademapa.com\/?product=mapa-administracao-da-producao-54-2023#primaryimage"},"image":{"@id":"https:\/\/atividademapa.com\/?product=mapa-administracao-da-producao-54-2023#primaryimage"},"thumbnailUrl":"https:\/\/i0.wp.com\/atividademapa.com\/wp-content\/uploads\/2023\/03\/Atividade-M.A.P.A-3.png?fit=300%2C300&ssl=1","datePublished":"2023-11-27T11:03:11+00:00","dateModified":"2023-11-27T11:09:34+00:00","description":"MAPA Administra\u00e7\u00e3o da Produ\u00e7\u00e3o 54\/2023 Unicesumar | Atividade MAPA Pronto. Baixe Agora! Caso de Estudo Mc Donald\u00b4s Lead Time.","breadcrumb":{"@id":"https:\/\/atividademapa.com\/?product=mapa-administracao-da-producao-54-2023#breadcrumb"},"inLanguage":"pt-BR","potentialAction":[{"@type":"ReadAction","target":["https:\/\/atividademapa.com\/?product=mapa-administracao-da-producao-54-2023"]}]},{"@type":"ImageObject","inLanguage":"pt-BR","@id":"https:\/\/atividademapa.com\/?product=mapa-administracao-da-producao-54-2023#primaryimage","url":"https:\/\/i0.wp.com\/atividademapa.com\/wp-content\/uploads\/2023\/03\/Atividade-M.A.P.A-3.png?fit=300%2C300&ssl=1","contentUrl":"https:\/\/i0.wp.com\/atividademapa.com\/wp-content\/uploads\/2023\/03\/Atividade-M.A.P.A-3.png?fit=300%2C300&ssl=1","width":300,"height":300,"caption":"Mapa Unicesumar Atividade"},{"@type":"BreadcrumbList","@id":"https:\/\/atividademapa.com\/?product=mapa-administracao-da-producao-54-2023#breadcrumb","itemListElement":[{"@type":"ListItem","position":1,"name":"In\u00edcio","item":"https:\/\/atividademapa.com\/"},{"@type":"ListItem","position":2,"name":"MAPAS","item":"https:\/\/atividademapa.com\/?page_id=5"},{"@type":"ListItem","position":3,"name":"MAPA Administra\u00e7\u00e3o da Produ\u00e7\u00e3o 54\/2023"}]},{"@type":"WebSite","@id":"https:\/\/atividademapa.com\/#website","url":"https:\/\/atividademapa.com\/","name":"Atividade Mapa","description":"StudeO | Unicesumar","publisher":{"@id":"https:\/\/atividademapa.com\/#organization"},"potentialAction":[{"@type":"SearchAction","target":{"@type":"EntryPoint","urlTemplate":"https:\/\/atividademapa.com\/?s={search_term_string}"},"query-input":{"@type":"PropertyValueSpecification","valueRequired":true,"valueName":"search_term_string"}}],"inLanguage":"pt-BR"},{"@type":"Organization","@id":"https:\/\/atividademapa.com\/#organization","name":"Atividade MAPA","url":"https:\/\/atividademapa.com\/","logo":{"@type":"ImageObject","inLanguage":"pt-BR","@id":"https:\/\/atividademapa.com\/#\/schema\/logo\/image\/","url":"https:\/\/i0.wp.com\/atividademapa.com\/wp-content\/uploads\/2023\/02\/ATIVIDADE.png?fit=600%2C300&ssl=1","contentUrl":"https:\/\/i0.wp.com\/atividademapa.com\/wp-content\/uploads\/2023\/02\/ATIVIDADE.png?fit=600%2C300&ssl=1","width":600,"height":300,"caption":"Atividade MAPA"},"image":{"@id":"https:\/\/atividademapa.com\/#\/schema\/logo\/image\/"}}]}},"_links":{"self":[{"href":"https:\/\/atividademapa.com\/index.php?rest_route=\/wp\/v2\/product\/3180","targetHints":{"allow":["GET"]}}],"collection":[{"href":"https:\/\/atividademapa.com\/index.php?rest_route=\/wp\/v2\/product"}],"about":[{"href":"https:\/\/atividademapa.com\/index.php?rest_route=\/wp\/v2\/types\/product"}],"version-history":[{"count":3,"href":"https:\/\/atividademapa.com\/index.php?rest_route=\/wp\/v2\/product\/3180\/revisions"}],"predecessor-version":[{"id":3184,"href":"https:\/\/atividademapa.com\/index.php?rest_route=\/wp\/v2\/product\/3180\/revisions\/3184"}],"wp:featuredmedia":[{"embeddable":true,"href":"https:\/\/atividademapa.com\/index.php?rest_route=\/wp\/v2\/media\/2326"}],"wp:attachment":[{"href":"https:\/\/atividademapa.com\/index.php?rest_route=%2Fwp%2Fv2%2Fmedia&parent=3180"}],"wp:term":[{"taxonomy":"product_brand","embeddable":true,"href":"https:\/\/atividademapa.com\/index.php?rest_route=%2Fwp%2Fv2%2Fproduct_brand&post=3180"},{"taxonomy":"product_cat","embeddable":true,"href":"https:\/\/atividademapa.com\/index.php?rest_route=%2Fwp%2Fv2%2Fproduct_cat&post=3180"},{"taxonomy":"product_tag","embeddable":true,"href":"https:\/\/atividademapa.com\/index.php?rest_route=%2Fwp%2Fv2%2Fproduct_tag&post=3180"}],"curies":[{"name":"wp","href":"https:\/\/api.w.org\/{rel}","templated":true}]}}