{"id":3218,"date":"2023-12-04T22:20:46","date_gmt":"2023-12-05T01:20:46","guid":{"rendered":"https:\/\/atividademapa.com\/?post_type=product&#038;p=3218"},"modified":"2023-12-04T22:20:47","modified_gmt":"2023-12-05T01:20:47","slug":"mapa-tecnico-em-contabilidade-94","status":"publish","type":"product","link":"https:\/\/atividademapa.com\/?product=mapa-tecnico-em-contabilidade-94","title":{"rendered":"MAPA T\u00e9cnico em Contabilidade 94"},"content":{"rendered":"<p>MAPA T\u00e9cnico em Contabilidade 94<\/p>\n<p>O Balan\u00e7o Patrimonial (BP) e a Demonstra\u00e7\u00e3o do Resultado (DRE) s\u00e3o as demonstra\u00e7\u00f5es cont\u00e1beis mais<br \/>\nimportantes e fazem parte dos conhecimentos de Contabilidade Intermedi\u00e1ria.<br \/>\nO Balan\u00e7o Patrimonial (BP) \u00e9 uma demonstra\u00e7\u00e3o cont\u00e1bil que exibe a posi\u00e7\u00e3o patrimonial de uma entidade<br \/>\nem um determinado momento. Ele apresenta os ativos, passivos e o patrim\u00f4nio l\u00edquido da empresa nesse<br \/>\nmomento, sem considerar crit\u00e9rios de avalia\u00e7\u00e3o das contas patrimoniais. A Demonstra\u00e7\u00e3o do Resultado<br \/>\n(DRE), por sua vez, apresenta o resultado das opera\u00e7\u00f5es realizadas pela empresa em um determinado<br \/>\nper\u00edodo, incluindo receitas, despesas, custos e evidenciando se a empresa obteve lucro ou preju\u00edzo durante<br \/>\nesse per\u00edodo. (IUD\u00cdCIBUS et al., 2019).<br \/>\nJ\u00e1, o objetivo da contabilidade tribut\u00e1ria, segundo Fabretti (2014), \u00e9 demonstrar a situa\u00e7\u00e3o patrimonial e o<br \/>\nresultado do exerc\u00edcio de uma entidade de forma clara e precisa, de acordo com os conceitos, princ\u00edpios,<br \/>\npressupostos e normas b\u00e1sicas de contabilidade. Dentro deste mesmo seguimento, esse estudo deve ser<br \/>\nfeito antes da realiza\u00e7\u00e3o do fato administrativo.<br \/>\nJ\u00e1 imaginou quantos registros devem ser realizados at\u00e9 que os saldos sejam apurados e as demonstra\u00e7\u00f5es<br \/>\ncont\u00e1beis elaboradas? Sim, s\u00e3o muitos processos, mas o aux\u00edlio da tecnologia tem tornado esse trabalho<br \/>\nmais r\u00e1pido e preciso.<br \/>\nPara trabalhar esses dados e tomar decis\u00f5es s\u00e3o importantes os conhecimentos de sistemas de informa\u00e7\u00f5es,<br \/>\npois ao analisar os dados fornecidos e utilizar os conhecimentos adquiridos para tomar decis\u00f5es<br \/>\nestrat\u00e9gicas em diferentes \u00e1reas, qualifica a viv\u00eancia com o planejamento tribut\u00e1rio e estrat\u00e9gico para<br \/>\nalcan\u00e7ar os objetivos da organiza\u00e7\u00e3o empresarial.<br \/>\nVamos analisar a situa\u00e7\u00e3o da Solares S.A., que \u00e9 uma empresa de capital aberto do segmento de varejo, com<br \/>\n30 lojas espalhadas no sudeste brasileiro e cerca de mil funcion\u00e1rios.<br \/>\nEla est\u00e1 passando por expans\u00e3o e, portanto, solicitou \u00e0 contabilidade um parecer sobre a sua situa\u00e7\u00e3o<br \/>\nl\u00edquida patrimonial, assim como, uma avalia\u00e7\u00e3o das opera\u00e7\u00f5es com mercadorias, j\u00e1 que s\u00e3o as que mais<br \/>\nimpactam o caixa. Ela tamb\u00e9m precisa escolher o enquadramento tribut\u00e1rio mais adequado. A seguir, est\u00e3o<br \/>\ndispostos os saldos apurados no per\u00edodo:<\/p>\n<p>Quadro 1 \u2013 Saldos apurados no per\u00edodo<br \/>\nCaixa R$ 140.000,00<br \/>\nDespesas administrativas R$ 40.000,00<br \/>\nFornecedores R$ 40.000,00<br \/>\nClientes a receber R$ 60.000,00<br \/>\nReceita bruta de vendas R$ 360.000,00<br \/>\nFinanciamentos (longo prazo) R$ 100.000,00<br \/>\nCapital social R$ 220.000,00<br \/>\nCusto da mercadoria vendida R$ 120.000,00<br \/>\nVe\u00edculos R$ 160.000,00<br \/>\nSal\u00e1rios a pagar R$ 20.000,00<br \/>\nReceitas financeiras R$ 30.000,00<br \/>\nImpostos sobre vendas R$ 40.000,00<br \/>\nEstoque R$ 40.000,00<br \/>\nAlugu\u00e9is a pagar R$ 20.000,00<br \/>\nDespesas com vendas R$ 50.000,00<br \/>\nFonte: elaborada pela autora (2023).<\/p>\n<p>Assim, como podemos elaborar o BP e a DRE? Como identificar as contas que comp\u00f5em cada<br \/>\ndemonstra\u00e7\u00e3o? Como saber qual \u00e9 o enquadramento tribut\u00e1rio da empresa? Quais s\u00e3o os impostos<br \/>\nincidentes? Qual s\u00e3o os valores das al\u00edquotas para o c\u00e1lculo dos tributos?<br \/>\nNeste momento, \u00e9 importante relembrar as contas patrimoniais e de resultado e os enquadramentos<br \/>\ntribut\u00e1rios. Aqui tamb\u00e9m se ressalta a import\u00e2ncia do processo gerencial e decis\u00f3rio na condu\u00e7\u00e3o dos<br \/>\nneg\u00f3cios, pois pode-se nele vivenciar os desafios inerentes \u00e0 tomada de decis\u00f5es com base nos dados<br \/>\ninformados pela atividade.<br \/>\n&#8211; Elaborar o balan\u00e7o patrimonial, classificando as contas em ativos, passivos e patrim\u00f4nio l\u00edquido, analisando<br \/>\na situa\u00e7\u00e3o l\u00edquida patrimonial.<br \/>\n&#8211; Apresentar a demonstra\u00e7\u00e3o do resultado, apurando se foi obtido lucro ou preju\u00edzo, al\u00e9m de qual foi o<br \/>\nresultado bruto com mercadorias.<br \/>\n&#8211; Analisar qual \u00e9 o enquadramento tribut\u00e1rio da empresa e, a para isso calcular os tributos sobre<br \/>\nrendimento bruto apresentado ao final da DRE.<br \/>\nUtilizando os conceitos apresentados e a situa\u00e7\u00e3o da empresa, \u00e9 a sua hora de praticar e elaborar o<br \/>\nrelat\u00f3rio financeiro.<br \/>\n&#8211; Elabore o BP com a demonstra\u00e7\u00e3o do resultado e apure a situa\u00e7\u00e3o patrimonial.<br \/>\n&#8211; Construa a DRE e demonstre qual foi o resultado bruto com mercadorias.<br \/>\n&#8211; Indique e argumente qual \u00e9 o melhor enquadramento tribut\u00e1rio para a empresa de acordo com a<br \/>\nconstitui\u00e7\u00e3o.<br \/>\n&#8211; Calcule os impostos incidentes (IRPJ e CSLL) sobre o resultado bruto apresentado na DRE<br \/>\n&#8211; Escreva um relat\u00f3rio com os itens acima, apresentando as demonstra\u00e7\u00f5es cont\u00e1beis, c\u00e1lculos, argumentos<br \/>\ne an\u00e1lises<\/p>\n","protected":false},"excerpt":{"rendered":"<p>MAPA T\u00e9cnico em Contabilidade 94 O Balan\u00e7o Patrimonial (BP) e a Demonstra\u00e7\u00e3o do Resultado (DRE) s\u00e3o as demonstra\u00e7\u00f5es cont\u00e1beis mais<\/p>\n","protected":false},"featured_media":2326,"template":"","meta":{"_monsterinsights_skip_tracking":false,"_monsterinsights_sitenote_active":false,"_monsterinsights_sitenote_note":"","_monsterinsights_sitenote_category":0},"product_brand":[],"product_cat":[46,115],"product_tag":[],"class_list":{"0":"post-3218","1":"product","2":"type-product","3":"status-publish","4":"has-post-thumbnail","6":"product_cat-ciencias-contabeis","7":"product_cat-modulo-94","9":"first","10":"instock","11":"downloadable","12":"virtual","13":"purchasable","14":"product-type-simple"},"yoast_head":"<!-- This site is optimized with the Yoast SEO plugin v27.4 - https:\/\/yoast.com\/product\/yoast-seo-wordpress\/ -->\n<title>MAPA T\u00e9cnico em Contabilidade 94<\/title>\n<meta name=\"description\" content=\"MAPA T\u00e9cnico em Contabilidade 94 Unicesumar | Atividade MAPA Pronto. Baixe Agora! Balan\u00e7o Patrimonial e DRE da Empresa Solares S\/A. Temos resolvido!\" \/>\n<meta name=\"robots\" content=\"index, follow, max-snippet:-1, max-image-preview:large, max-video-preview:-1\" \/>\n<link rel=\"canonical\" href=\"https:\/\/atividademapa.com\/?product=mapa-tecnico-em-contabilidade-94\" \/>\n<meta property=\"og:locale\" content=\"pt_BR\" \/>\n<meta property=\"og:type\" content=\"article\" \/>\n<meta property=\"og:title\" content=\"MAPA T\u00e9cnico em Contabilidade 94\" \/>\n<meta property=\"og:description\" content=\"MAPA T\u00e9cnico em Contabilidade 94 Unicesumar | Atividade MAPA Pronto. Baixe Agora! Balan\u00e7o Patrimonial e DRE da Empresa Solares S\/A. Temos resolvido!\" \/>\n<meta property=\"og:url\" content=\"https:\/\/atividademapa.com\/?product=mapa-tecnico-em-contabilidade-94\" \/>\n<meta property=\"og:site_name\" content=\"Atividade Mapa\" \/>\n<meta property=\"article:modified_time\" content=\"2023-12-05T01:20:47+00:00\" \/>\n<meta property=\"og:image\" content=\"https:\/\/i0.wp.com\/atividademapa.com\/wp-content\/uploads\/2023\/03\/Atividade-M.A.P.A-3.png?fit=300%2C300&ssl=1\" \/>\n\t<meta property=\"og:image:width\" content=\"300\" \/>\n\t<meta property=\"og:image:height\" content=\"300\" \/>\n\t<meta property=\"og:image:type\" content=\"image\/png\" \/>\n<meta name=\"twitter:card\" content=\"summary_large_image\" \/>\n<meta name=\"twitter:label1\" content=\"Est. tempo de leitura\" \/>\n\t<meta name=\"twitter:data1\" content=\"4 minutos\" \/>\n<script type=\"application\/ld+json\" class=\"yoast-schema-graph\">{\"@context\":\"https:\\\/\\\/schema.org\",\"@graph\":[{\"@type\":\"WebPage\",\"@id\":\"https:\\\/\\\/atividademapa.com\\\/?product=mapa-tecnico-em-contabilidade-94\",\"url\":\"https:\\\/\\\/atividademapa.com\\\/?product=mapa-tecnico-em-contabilidade-94\",\"name\":\"MAPA T\u00e9cnico em Contabilidade 94\",\"isPartOf\":{\"@id\":\"https:\\\/\\\/atividademapa.com\\\/#website\"},\"primaryImageOfPage\":{\"@id\":\"https:\\\/\\\/atividademapa.com\\\/?product=mapa-tecnico-em-contabilidade-94#primaryimage\"},\"image\":{\"@id\":\"https:\\\/\\\/atividademapa.com\\\/?product=mapa-tecnico-em-contabilidade-94#primaryimage\"},\"thumbnailUrl\":\"https:\\\/\\\/i0.wp.com\\\/atividademapa.com\\\/wp-content\\\/uploads\\\/2023\\\/03\\\/Atividade-M.A.P.A-3.png?fit=300%2C300&ssl=1\",\"datePublished\":\"2023-12-05T01:20:46+00:00\",\"dateModified\":\"2023-12-05T01:20:47+00:00\",\"description\":\"MAPA T\u00e9cnico em Contabilidade 94 Unicesumar | Atividade MAPA Pronto. Baixe Agora! Balan\u00e7o Patrimonial e DRE da Empresa Solares S\\\/A. Temos resolvido!\",\"breadcrumb\":{\"@id\":\"https:\\\/\\\/atividademapa.com\\\/?product=mapa-tecnico-em-contabilidade-94#breadcrumb\"},\"inLanguage\":\"pt-BR\",\"potentialAction\":[{\"@type\":\"ReadAction\",\"target\":[\"https:\\\/\\\/atividademapa.com\\\/?product=mapa-tecnico-em-contabilidade-94\"]}]},{\"@type\":\"ImageObject\",\"inLanguage\":\"pt-BR\",\"@id\":\"https:\\\/\\\/atividademapa.com\\\/?product=mapa-tecnico-em-contabilidade-94#primaryimage\",\"url\":\"https:\\\/\\\/i0.wp.com\\\/atividademapa.com\\\/wp-content\\\/uploads\\\/2023\\\/03\\\/Atividade-M.A.P.A-3.png?fit=300%2C300&ssl=1\",\"contentUrl\":\"https:\\\/\\\/i0.wp.com\\\/atividademapa.com\\\/wp-content\\\/uploads\\\/2023\\\/03\\\/Atividade-M.A.P.A-3.png?fit=300%2C300&ssl=1\",\"width\":300,\"height\":300,\"caption\":\"Mapa Unicesumar Atividade\"},{\"@type\":\"BreadcrumbList\",\"@id\":\"https:\\\/\\\/atividademapa.com\\\/?product=mapa-tecnico-em-contabilidade-94#breadcrumb\",\"itemListElement\":[{\"@type\":\"ListItem\",\"position\":1,\"name\":\"In\u00edcio\",\"item\":\"https:\\\/\\\/atividademapa.com\\\/\"},{\"@type\":\"ListItem\",\"position\":2,\"name\":\"MAPAS\",\"item\":\"https:\\\/\\\/atividademapa.com\\\/?page_id=5\"},{\"@type\":\"ListItem\",\"position\":3,\"name\":\"MAPA T\u00e9cnico em Contabilidade 94\"}]},{\"@type\":\"WebSite\",\"@id\":\"https:\\\/\\\/atividademapa.com\\\/#website\",\"url\":\"https:\\\/\\\/atividademapa.com\\\/\",\"name\":\"Atividade Mapa\",\"description\":\"StudeO | Unicesumar\",\"publisher\":{\"@id\":\"https:\\\/\\\/atividademapa.com\\\/#organization\"},\"potentialAction\":[{\"@type\":\"SearchAction\",\"target\":{\"@type\":\"EntryPoint\",\"urlTemplate\":\"https:\\\/\\\/atividademapa.com\\\/?s={search_term_string}\"},\"query-input\":{\"@type\":\"PropertyValueSpecification\",\"valueRequired\":true,\"valueName\":\"search_term_string\"}}],\"inLanguage\":\"pt-BR\"},{\"@type\":\"Organization\",\"@id\":\"https:\\\/\\\/atividademapa.com\\\/#organization\",\"name\":\"Atividade MAPA\",\"url\":\"https:\\\/\\\/atividademapa.com\\\/\",\"logo\":{\"@type\":\"ImageObject\",\"inLanguage\":\"pt-BR\",\"@id\":\"https:\\\/\\\/atividademapa.com\\\/#\\\/schema\\\/logo\\\/image\\\/\",\"url\":\"https:\\\/\\\/i0.wp.com\\\/atividademapa.com\\\/wp-content\\\/uploads\\\/2023\\\/02\\\/ATIVIDADE.png?fit=600%2C300&ssl=1\",\"contentUrl\":\"https:\\\/\\\/i0.wp.com\\\/atividademapa.com\\\/wp-content\\\/uploads\\\/2023\\\/02\\\/ATIVIDADE.png?fit=600%2C300&ssl=1\",\"width\":600,\"height\":300,\"caption\":\"Atividade MAPA\"},\"image\":{\"@id\":\"https:\\\/\\\/atividademapa.com\\\/#\\\/schema\\\/logo\\\/image\\\/\"}}]}<\/script>\n<!-- \/ Yoast SEO plugin. -->","yoast_head_json":{"title":"MAPA T\u00e9cnico em Contabilidade 94","description":"MAPA T\u00e9cnico em Contabilidade 94 Unicesumar | Atividade MAPA Pronto. Baixe Agora! Balan\u00e7o Patrimonial e DRE da Empresa Solares S\/A. Temos resolvido!","robots":{"index":"index","follow":"follow","max-snippet":"max-snippet:-1","max-image-preview":"max-image-preview:large","max-video-preview":"max-video-preview:-1"},"canonical":"https:\/\/atividademapa.com\/?product=mapa-tecnico-em-contabilidade-94","og_locale":"pt_BR","og_type":"article","og_title":"MAPA T\u00e9cnico em Contabilidade 94","og_description":"MAPA T\u00e9cnico em Contabilidade 94 Unicesumar | Atividade MAPA Pronto. Baixe Agora! Balan\u00e7o Patrimonial e DRE da Empresa Solares S\/A. Temos resolvido!","og_url":"https:\/\/atividademapa.com\/?product=mapa-tecnico-em-contabilidade-94","og_site_name":"Atividade Mapa","article_modified_time":"2023-12-05T01:20:47+00:00","og_image":[{"width":300,"height":300,"url":"https:\/\/i0.wp.com\/atividademapa.com\/wp-content\/uploads\/2023\/03\/Atividade-M.A.P.A-3.png?fit=300%2C300&ssl=1","type":"image\/png"}],"twitter_card":"summary_large_image","twitter_misc":{"Est. tempo de leitura":"4 minutos"},"schema":{"@context":"https:\/\/schema.org","@graph":[{"@type":"WebPage","@id":"https:\/\/atividademapa.com\/?product=mapa-tecnico-em-contabilidade-94","url":"https:\/\/atividademapa.com\/?product=mapa-tecnico-em-contabilidade-94","name":"MAPA T\u00e9cnico em Contabilidade 94","isPartOf":{"@id":"https:\/\/atividademapa.com\/#website"},"primaryImageOfPage":{"@id":"https:\/\/atividademapa.com\/?product=mapa-tecnico-em-contabilidade-94#primaryimage"},"image":{"@id":"https:\/\/atividademapa.com\/?product=mapa-tecnico-em-contabilidade-94#primaryimage"},"thumbnailUrl":"https:\/\/i0.wp.com\/atividademapa.com\/wp-content\/uploads\/2023\/03\/Atividade-M.A.P.A-3.png?fit=300%2C300&ssl=1","datePublished":"2023-12-05T01:20:46+00:00","dateModified":"2023-12-05T01:20:47+00:00","description":"MAPA T\u00e9cnico em Contabilidade 94 Unicesumar | Atividade MAPA Pronto. Baixe Agora! Balan\u00e7o Patrimonial e DRE da Empresa Solares S\/A. Temos resolvido!","breadcrumb":{"@id":"https:\/\/atividademapa.com\/?product=mapa-tecnico-em-contabilidade-94#breadcrumb"},"inLanguage":"pt-BR","potentialAction":[{"@type":"ReadAction","target":["https:\/\/atividademapa.com\/?product=mapa-tecnico-em-contabilidade-94"]}]},{"@type":"ImageObject","inLanguage":"pt-BR","@id":"https:\/\/atividademapa.com\/?product=mapa-tecnico-em-contabilidade-94#primaryimage","url":"https:\/\/i0.wp.com\/atividademapa.com\/wp-content\/uploads\/2023\/03\/Atividade-M.A.P.A-3.png?fit=300%2C300&ssl=1","contentUrl":"https:\/\/i0.wp.com\/atividademapa.com\/wp-content\/uploads\/2023\/03\/Atividade-M.A.P.A-3.png?fit=300%2C300&ssl=1","width":300,"height":300,"caption":"Mapa Unicesumar Atividade"},{"@type":"BreadcrumbList","@id":"https:\/\/atividademapa.com\/?product=mapa-tecnico-em-contabilidade-94#breadcrumb","itemListElement":[{"@type":"ListItem","position":1,"name":"In\u00edcio","item":"https:\/\/atividademapa.com\/"},{"@type":"ListItem","position":2,"name":"MAPAS","item":"https:\/\/atividademapa.com\/?page_id=5"},{"@type":"ListItem","position":3,"name":"MAPA T\u00e9cnico em Contabilidade 94"}]},{"@type":"WebSite","@id":"https:\/\/atividademapa.com\/#website","url":"https:\/\/atividademapa.com\/","name":"Atividade Mapa","description":"StudeO | Unicesumar","publisher":{"@id":"https:\/\/atividademapa.com\/#organization"},"potentialAction":[{"@type":"SearchAction","target":{"@type":"EntryPoint","urlTemplate":"https:\/\/atividademapa.com\/?s={search_term_string}"},"query-input":{"@type":"PropertyValueSpecification","valueRequired":true,"valueName":"search_term_string"}}],"inLanguage":"pt-BR"},{"@type":"Organization","@id":"https:\/\/atividademapa.com\/#organization","name":"Atividade MAPA","url":"https:\/\/atividademapa.com\/","logo":{"@type":"ImageObject","inLanguage":"pt-BR","@id":"https:\/\/atividademapa.com\/#\/schema\/logo\/image\/","url":"https:\/\/i0.wp.com\/atividademapa.com\/wp-content\/uploads\/2023\/02\/ATIVIDADE.png?fit=600%2C300&ssl=1","contentUrl":"https:\/\/i0.wp.com\/atividademapa.com\/wp-content\/uploads\/2023\/02\/ATIVIDADE.png?fit=600%2C300&ssl=1","width":600,"height":300,"caption":"Atividade MAPA"},"image":{"@id":"https:\/\/atividademapa.com\/#\/schema\/logo\/image\/"}}]}},"_links":{"self":[{"href":"https:\/\/atividademapa.com\/index.php?rest_route=\/wp\/v2\/product\/3218","targetHints":{"allow":["GET"]}}],"collection":[{"href":"https:\/\/atividademapa.com\/index.php?rest_route=\/wp\/v2\/product"}],"about":[{"href":"https:\/\/atividademapa.com\/index.php?rest_route=\/wp\/v2\/types\/product"}],"version-history":[{"count":1,"href":"https:\/\/atividademapa.com\/index.php?rest_route=\/wp\/v2\/product\/3218\/revisions"}],"predecessor-version":[{"id":3220,"href":"https:\/\/atividademapa.com\/index.php?rest_route=\/wp\/v2\/product\/3218\/revisions\/3220"}],"wp:featuredmedia":[{"embeddable":true,"href":"https:\/\/atividademapa.com\/index.php?rest_route=\/wp\/v2\/media\/2326"}],"wp:attachment":[{"href":"https:\/\/atividademapa.com\/index.php?rest_route=%2Fwp%2Fv2%2Fmedia&parent=3218"}],"wp:term":[{"taxonomy":"product_brand","embeddable":true,"href":"https:\/\/atividademapa.com\/index.php?rest_route=%2Fwp%2Fv2%2Fproduct_brand&post=3218"},{"taxonomy":"product_cat","embeddable":true,"href":"https:\/\/atividademapa.com\/index.php?rest_route=%2Fwp%2Fv2%2Fproduct_cat&post=3218"},{"taxonomy":"product_tag","embeddable":true,"href":"https:\/\/atividademapa.com\/index.php?rest_route=%2Fwp%2Fv2%2Fproduct_tag&post=3218"}],"curies":[{"name":"wp","href":"https:\/\/api.w.org\/{rel}","templated":true}]}}