{"id":3346,"date":"2024-01-10T21:54:35","date_gmt":"2024-01-11T00:54:35","guid":{"rendered":"https:\/\/atividademapa.com\/?post_type=product&#038;p=3346"},"modified":"2024-02-23T12:51:23","modified_gmt":"2024-02-23T15:51:23","slug":"mapa-embriologia-e-histologia-51-2024","status":"publish","type":"product","link":"https:\/\/atividademapa.com\/?product=mapa-embriologia-e-histologia-51-2024","title":{"rendered":"MAPA Embriologia e Histologia 51\/2024"},"content":{"rendered":"<p>MAPA Embriologia e Histologia 51\/2024<\/p>\n<p>Jo\u00e3o, de 55 anos, relatou o in\u00edcio de fraqueza no p\u00e9 direito, que progrediu ao longo do membro inferior e se estendeu para o lado esquerdo. Essa fraqueza estava associada a c\u00e3ibras frequentes e se desenvolveu gradualmente. Al\u00e9m disso, ele mencionou uma perda de peso significativa devido \u00e0 dificuldade de degluti\u00e7\u00e3o. Procurou atendimento m\u00e9dico devido \u00e0 dispneia que ocorria mesmo com esfor\u00e7os m\u00ednimos nos \u00faltimos meses. No exame f\u00edsico, foi observada fraqueza muscular com sinais de\u00a0<strong class=\"ng-scope\">atrofia muscular distal em membros superiores e inferiores<\/strong>, presen\u00e7a de espasmos musculares, por\u00e9m\u00a0<strong class=\"ng-scope\">sensibilidade preservada<\/strong>. Com base na hist\u00f3ria cl\u00ednica, houve suspeita de\u00a0<strong class=\"ng-scope\">Esclerose Lateral Amiotr\u00f3fica (ELA)<\/strong>, cujo diagn\u00f3stico foi posteriormente confirmado por meio de eletroneuromiografia (ENMG). Exames de resson\u00e2ncia magn\u00e9tica das colunas cervical e tor\u00e1cica revelaram uma extensa les\u00e3o sugerindo\u00a0<strong class=\"ng-scope\">degenera\u00e7\u00e3o de neur\u00f4nios motores<\/strong>, com sinais de\u00a0<strong class=\"ng-scope\">denerva\u00e7\u00e3o em v\u00e1rias regi\u00f5es musculares<\/strong>. O paciente progrediu para uma condi\u00e7\u00e3o de plegia nos membros inferiores e tornou-se incapaz de deglutir, necessitando de uma gastrostomia endosc\u00f3pica. Ele recebeu acompanhamento de uma equipe multiprofissional, mas acabou requerendo ventila\u00e7\u00e3o mec\u00e2nica e, infelizmente, veio a \u00f3bito ap\u00f3s alguns meses de interna\u00e7\u00e3o.<br class=\"ng-scope\" \/><br class=\"ng-scope\" \/>Fonte: adaptado de: PEZZI, L. A. H.\u00a0<em class=\"ng-scope\">et al.<\/em>\u00a0<strong class=\"ng-scope\">Anatomia cl\u00ednica baseada em problemas<\/strong>. S\u00e3o Paulo: Grupo GEN, 2011.<br class=\"ng-scope\" \/><br class=\"ng-scope\" \/>Agora observe a imagem a seguir, onde foi realizada uma l\u00e2mina histol\u00f3gica corada em Hematoxilina e Eosina (HE), da medula espinal de um paciente normal (sem a doen\u00e7a) e um paciente com ELA. Aqui \u00e9 importante observar que as duas imagens apresentam o mesmo aumento ao microsc\u00f3pio \u00f3ptico.<br class=\"ng-scope\" \/><img data-recalc-dims=\"1\" decoding=\"async\" class=\"ng-scope\" src=\"https:\/\/i0.wp.com\/sistemasead.unicesumar.edu.br\/flex\/amfphp\/services\/Portal\/ImagemQuestionario2\/QUE_195465_571287_1.png?ssl=1\" alt=\"\" \/><br class=\"ng-scope\" \/>Figura 1 &#8211; (A) Apresenta uma imagem de um paciente saud\u00e1vel; (B) paciente com ELA<br class=\"ng-scope\" \/>Fonte: https:\/\/anatpat.unicamp.br\/bineuela2.html. Acesso em: 6 fev. 2024.<br class=\"ng-scope\" \/><br class=\"ng-scope\" \/>Com base em todas essas informa\u00e7\u00f5es e nas imagens histol\u00f3gicas, responda \u00e0s seguintes quest\u00f5es:<br class=\"ng-scope\" \/>\u00a0<br class=\"ng-scope\" \/>a) Observando a Figura 1, que representa um corte histol\u00f3gico de uma pessoa saud\u00e1vel,\u00a0<strong class=\"ng-scope\">IDENTIFIQUE<\/strong>\u00a0todas as estruturas observadas em 1, 2, 3 e 4 e\u00a0<strong class=\"ng-scope\">DETALHE<\/strong>\u00a0a fun\u00e7\u00e3o de cada uma delas.<br class=\"ng-scope\" \/>b) Comparando a imagem B com a imagem A,\u00a0<strong class=\"ng-scope\">DESCREVA<\/strong>\u00a0as diferen\u00e7as celulares entre elas.<br class=\"ng-scope\" \/>c)\u00a0<strong class=\"ng-scope\">DESCREVA<\/strong>\u00a0as mudan\u00e7as que geralmente s\u00e3o observadas na evolu\u00e7\u00e3o da ELA e os principais fatores de risco para o seu desenvolvimento.<br class=\"ng-scope\" \/>d)\u00a0<strong class=\"ng-scope\">ESPECIFIQUE<\/strong>\u00a0qual \u00e9 o formato de um neur\u00f4nio e se existem outros tipos.<br class=\"ng-scope\" \/>e)\u00a0<strong class=\"ng-scope\">EXPLIQUE<\/strong>\u00a0o que \u00e9 um neur\u00f4nio motor e, se existirem outras classifica\u00e7\u00f5es, qual a fun\u00e7\u00e3o de cada uma.<br class=\"ng-scope\" \/>f) No caso cl\u00ednico relatado nesta atividade, o paciente apresentou atrofia muscular.\u00a0<strong class=\"ng-scope\">DETALHE<\/strong>\u00a0qual tipo de m\u00fasculo foi acometido no caso cl\u00ednico e como o neur\u00f4nio motor faz sinapse com a fibra muscular.\u00a0<strong class=\"ng-scope\">EXPLIQUE<\/strong>\u00a0o que ocorre nessa regi\u00e3o de contato.<\/p>\n","protected":false},"excerpt":{"rendered":"<p>MAPA Embriologia e Histologia 51\/2024<\/p>\n<p>&nbsp;<\/p>\n","protected":false},"featured_media":2326,"template":"","meta":{"_monsterinsights_skip_tracking":false,"_monsterinsights_sitenote_active":false,"_monsterinsights_sitenote_note":"","_monsterinsights_sitenote_category":0},"product_brand":[],"product_cat":[58,35],"product_tag":[],"class_list":{"0":"post-3346","1":"product","2":"type-product","3":"status-publish","4":"has-post-thumbnail","6":"product_cat-biomedicina","7":"product_cat-enfermagem","9":"first","10":"instock","11":"downloadable","12":"virtual","13":"purchasable","14":"product-type-simple"},"yoast_head":"<!-- This site is optimized with the Yoast SEO plugin v27.4 - https:\/\/yoast.com\/product\/yoast-seo-wordpress\/ -->\n<title>MAPA Embriologia e Histologia 51\/2024<\/title>\n<meta name=\"description\" content=\"MAPA Embriologia e Histologia 51\/2024 Unicesumar | Atividade MAPA Pronto. Biomedicina, Enfermagem. Baixe Agora!\" \/>\n<meta name=\"robots\" content=\"index, follow, max-snippet:-1, max-image-preview:large, max-video-preview:-1\" \/>\n<link rel=\"canonical\" href=\"https:\/\/atividademapa.com\/?product=mapa-embriologia-e-histologia-51-2024\" \/>\n<meta property=\"og:locale\" content=\"pt_BR\" \/>\n<meta property=\"og:type\" content=\"article\" \/>\n<meta property=\"og:title\" content=\"MAPA Embriologia e Histologia 51\/2024\" \/>\n<meta property=\"og:description\" content=\"MAPA Embriologia e Histologia 51\/2024 Unicesumar | Atividade MAPA Pronto. Biomedicina, Enfermagem. Baixe Agora!\" \/>\n<meta property=\"og:url\" content=\"https:\/\/atividademapa.com\/?product=mapa-embriologia-e-histologia-51-2024\" \/>\n<meta property=\"og:site_name\" content=\"Atividade Mapa\" \/>\n<meta property=\"article:modified_time\" content=\"2024-02-23T15:51:23+00:00\" \/>\n<meta property=\"og:image\" content=\"https:\/\/i0.wp.com\/atividademapa.com\/wp-content\/uploads\/2023\/03\/Atividade-M.A.P.A-3.png?fit=300%2C300&ssl=1\" \/>\n\t<meta property=\"og:image:width\" content=\"300\" \/>\n\t<meta property=\"og:image:height\" content=\"300\" \/>\n\t<meta property=\"og:image:type\" content=\"image\/png\" \/>\n<meta name=\"twitter:card\" content=\"summary_large_image\" \/>\n<meta name=\"twitter:label1\" content=\"Est. tempo de leitura\" \/>\n\t<meta name=\"twitter:data1\" content=\"2 minutos\" \/>\n<script type=\"application\/ld+json\" class=\"yoast-schema-graph\">{\"@context\":\"https:\\\/\\\/schema.org\",\"@graph\":[{\"@type\":\"WebPage\",\"@id\":\"https:\\\/\\\/atividademapa.com\\\/?product=mapa-embriologia-e-histologia-51-2024\",\"url\":\"https:\\\/\\\/atividademapa.com\\\/?product=mapa-embriologia-e-histologia-51-2024\",\"name\":\"MAPA Embriologia e Histologia 51\\\/2024\",\"isPartOf\":{\"@id\":\"https:\\\/\\\/atividademapa.com\\\/#website\"},\"primaryImageOfPage\":{\"@id\":\"https:\\\/\\\/atividademapa.com\\\/?product=mapa-embriologia-e-histologia-51-2024#primaryimage\"},\"image\":{\"@id\":\"https:\\\/\\\/atividademapa.com\\\/?product=mapa-embriologia-e-histologia-51-2024#primaryimage\"},\"thumbnailUrl\":\"https:\\\/\\\/i0.wp.com\\\/atividademapa.com\\\/wp-content\\\/uploads\\\/2023\\\/03\\\/Atividade-M.A.P.A-3.png?fit=300%2C300&ssl=1\",\"datePublished\":\"2024-01-11T00:54:35+00:00\",\"dateModified\":\"2024-02-23T15:51:23+00:00\",\"description\":\"MAPA Embriologia e Histologia 51\\\/2024 Unicesumar | Atividade MAPA Pronto. Biomedicina, Enfermagem. Baixe Agora!\",\"breadcrumb\":{\"@id\":\"https:\\\/\\\/atividademapa.com\\\/?product=mapa-embriologia-e-histologia-51-2024#breadcrumb\"},\"inLanguage\":\"pt-BR\",\"potentialAction\":[{\"@type\":\"ReadAction\",\"target\":[\"https:\\\/\\\/atividademapa.com\\\/?product=mapa-embriologia-e-histologia-51-2024\"]}]},{\"@type\":\"ImageObject\",\"inLanguage\":\"pt-BR\",\"@id\":\"https:\\\/\\\/atividademapa.com\\\/?product=mapa-embriologia-e-histologia-51-2024#primaryimage\",\"url\":\"https:\\\/\\\/i0.wp.com\\\/atividademapa.com\\\/wp-content\\\/uploads\\\/2023\\\/03\\\/Atividade-M.A.P.A-3.png?fit=300%2C300&ssl=1\",\"contentUrl\":\"https:\\\/\\\/i0.wp.com\\\/atividademapa.com\\\/wp-content\\\/uploads\\\/2023\\\/03\\\/Atividade-M.A.P.A-3.png?fit=300%2C300&ssl=1\",\"width\":300,\"height\":300,\"caption\":\"Mapa Unicesumar Atividade\"},{\"@type\":\"BreadcrumbList\",\"@id\":\"https:\\\/\\\/atividademapa.com\\\/?product=mapa-embriologia-e-histologia-51-2024#breadcrumb\",\"itemListElement\":[{\"@type\":\"ListItem\",\"position\":1,\"name\":\"In\u00edcio\",\"item\":\"https:\\\/\\\/atividademapa.com\\\/\"},{\"@type\":\"ListItem\",\"position\":2,\"name\":\"MAPAS\",\"item\":\"https:\\\/\\\/atividademapa.com\\\/?page_id=5\"},{\"@type\":\"ListItem\",\"position\":3,\"name\":\"MAPA Embriologia e Histologia 51\\\/2024\"}]},{\"@type\":\"WebSite\",\"@id\":\"https:\\\/\\\/atividademapa.com\\\/#website\",\"url\":\"https:\\\/\\\/atividademapa.com\\\/\",\"name\":\"Atividade Mapa\",\"description\":\"StudeO | Unicesumar\",\"publisher\":{\"@id\":\"https:\\\/\\\/atividademapa.com\\\/#organization\"},\"potentialAction\":[{\"@type\":\"SearchAction\",\"target\":{\"@type\":\"EntryPoint\",\"urlTemplate\":\"https:\\\/\\\/atividademapa.com\\\/?s={search_term_string}\"},\"query-input\":{\"@type\":\"PropertyValueSpecification\",\"valueRequired\":true,\"valueName\":\"search_term_string\"}}],\"inLanguage\":\"pt-BR\"},{\"@type\":\"Organization\",\"@id\":\"https:\\\/\\\/atividademapa.com\\\/#organization\",\"name\":\"Atividade MAPA\",\"url\":\"https:\\\/\\\/atividademapa.com\\\/\",\"logo\":{\"@type\":\"ImageObject\",\"inLanguage\":\"pt-BR\",\"@id\":\"https:\\\/\\\/atividademapa.com\\\/#\\\/schema\\\/logo\\\/image\\\/\",\"url\":\"https:\\\/\\\/i0.wp.com\\\/atividademapa.com\\\/wp-content\\\/uploads\\\/2023\\\/02\\\/ATIVIDADE.png?fit=600%2C300&ssl=1\",\"contentUrl\":\"https:\\\/\\\/i0.wp.com\\\/atividademapa.com\\\/wp-content\\\/uploads\\\/2023\\\/02\\\/ATIVIDADE.png?fit=600%2C300&ssl=1\",\"width\":600,\"height\":300,\"caption\":\"Atividade MAPA\"},\"image\":{\"@id\":\"https:\\\/\\\/atividademapa.com\\\/#\\\/schema\\\/logo\\\/image\\\/\"}}]}<\/script>\n<!-- \/ Yoast SEO plugin. -->","yoast_head_json":{"title":"MAPA Embriologia e Histologia 51\/2024","description":"MAPA Embriologia e Histologia 51\/2024 Unicesumar | Atividade MAPA Pronto. Biomedicina, Enfermagem. Baixe Agora!","robots":{"index":"index","follow":"follow","max-snippet":"max-snippet:-1","max-image-preview":"max-image-preview:large","max-video-preview":"max-video-preview:-1"},"canonical":"https:\/\/atividademapa.com\/?product=mapa-embriologia-e-histologia-51-2024","og_locale":"pt_BR","og_type":"article","og_title":"MAPA Embriologia e Histologia 51\/2024","og_description":"MAPA Embriologia e Histologia 51\/2024 Unicesumar | Atividade MAPA Pronto. Biomedicina, Enfermagem. Baixe Agora!","og_url":"https:\/\/atividademapa.com\/?product=mapa-embriologia-e-histologia-51-2024","og_site_name":"Atividade Mapa","article_modified_time":"2024-02-23T15:51:23+00:00","og_image":[{"width":300,"height":300,"url":"https:\/\/i0.wp.com\/atividademapa.com\/wp-content\/uploads\/2023\/03\/Atividade-M.A.P.A-3.png?fit=300%2C300&ssl=1","type":"image\/png"}],"twitter_card":"summary_large_image","twitter_misc":{"Est. tempo de leitura":"2 minutos"},"schema":{"@context":"https:\/\/schema.org","@graph":[{"@type":"WebPage","@id":"https:\/\/atividademapa.com\/?product=mapa-embriologia-e-histologia-51-2024","url":"https:\/\/atividademapa.com\/?product=mapa-embriologia-e-histologia-51-2024","name":"MAPA Embriologia e Histologia 51\/2024","isPartOf":{"@id":"https:\/\/atividademapa.com\/#website"},"primaryImageOfPage":{"@id":"https:\/\/atividademapa.com\/?product=mapa-embriologia-e-histologia-51-2024#primaryimage"},"image":{"@id":"https:\/\/atividademapa.com\/?product=mapa-embriologia-e-histologia-51-2024#primaryimage"},"thumbnailUrl":"https:\/\/i0.wp.com\/atividademapa.com\/wp-content\/uploads\/2023\/03\/Atividade-M.A.P.A-3.png?fit=300%2C300&ssl=1","datePublished":"2024-01-11T00:54:35+00:00","dateModified":"2024-02-23T15:51:23+00:00","description":"MAPA Embriologia e Histologia 51\/2024 Unicesumar | Atividade MAPA Pronto. Biomedicina, Enfermagem. Baixe Agora!","breadcrumb":{"@id":"https:\/\/atividademapa.com\/?product=mapa-embriologia-e-histologia-51-2024#breadcrumb"},"inLanguage":"pt-BR","potentialAction":[{"@type":"ReadAction","target":["https:\/\/atividademapa.com\/?product=mapa-embriologia-e-histologia-51-2024"]}]},{"@type":"ImageObject","inLanguage":"pt-BR","@id":"https:\/\/atividademapa.com\/?product=mapa-embriologia-e-histologia-51-2024#primaryimage","url":"https:\/\/i0.wp.com\/atividademapa.com\/wp-content\/uploads\/2023\/03\/Atividade-M.A.P.A-3.png?fit=300%2C300&ssl=1","contentUrl":"https:\/\/i0.wp.com\/atividademapa.com\/wp-content\/uploads\/2023\/03\/Atividade-M.A.P.A-3.png?fit=300%2C300&ssl=1","width":300,"height":300,"caption":"Mapa Unicesumar Atividade"},{"@type":"BreadcrumbList","@id":"https:\/\/atividademapa.com\/?product=mapa-embriologia-e-histologia-51-2024#breadcrumb","itemListElement":[{"@type":"ListItem","position":1,"name":"In\u00edcio","item":"https:\/\/atividademapa.com\/"},{"@type":"ListItem","position":2,"name":"MAPAS","item":"https:\/\/atividademapa.com\/?page_id=5"},{"@type":"ListItem","position":3,"name":"MAPA Embriologia e Histologia 51\/2024"}]},{"@type":"WebSite","@id":"https:\/\/atividademapa.com\/#website","url":"https:\/\/atividademapa.com\/","name":"Atividade Mapa","description":"StudeO | Unicesumar","publisher":{"@id":"https:\/\/atividademapa.com\/#organization"},"potentialAction":[{"@type":"SearchAction","target":{"@type":"EntryPoint","urlTemplate":"https:\/\/atividademapa.com\/?s={search_term_string}"},"query-input":{"@type":"PropertyValueSpecification","valueRequired":true,"valueName":"search_term_string"}}],"inLanguage":"pt-BR"},{"@type":"Organization","@id":"https:\/\/atividademapa.com\/#organization","name":"Atividade MAPA","url":"https:\/\/atividademapa.com\/","logo":{"@type":"ImageObject","inLanguage":"pt-BR","@id":"https:\/\/atividademapa.com\/#\/schema\/logo\/image\/","url":"https:\/\/i0.wp.com\/atividademapa.com\/wp-content\/uploads\/2023\/02\/ATIVIDADE.png?fit=600%2C300&ssl=1","contentUrl":"https:\/\/i0.wp.com\/atividademapa.com\/wp-content\/uploads\/2023\/02\/ATIVIDADE.png?fit=600%2C300&ssl=1","width":600,"height":300,"caption":"Atividade MAPA"},"image":{"@id":"https:\/\/atividademapa.com\/#\/schema\/logo\/image\/"}}]}},"_links":{"self":[{"href":"https:\/\/atividademapa.com\/index.php?rest_route=\/wp\/v2\/product\/3346","targetHints":{"allow":["GET"]}}],"collection":[{"href":"https:\/\/atividademapa.com\/index.php?rest_route=\/wp\/v2\/product"}],"about":[{"href":"https:\/\/atividademapa.com\/index.php?rest_route=\/wp\/v2\/types\/product"}],"version-history":[{"count":4,"href":"https:\/\/atividademapa.com\/index.php?rest_route=\/wp\/v2\/product\/3346\/revisions"}],"predecessor-version":[{"id":3426,"href":"https:\/\/atividademapa.com\/index.php?rest_route=\/wp\/v2\/product\/3346\/revisions\/3426"}],"wp:featuredmedia":[{"embeddable":true,"href":"https:\/\/atividademapa.com\/index.php?rest_route=\/wp\/v2\/media\/2326"}],"wp:attachment":[{"href":"https:\/\/atividademapa.com\/index.php?rest_route=%2Fwp%2Fv2%2Fmedia&parent=3346"}],"wp:term":[{"taxonomy":"product_brand","embeddable":true,"href":"https:\/\/atividademapa.com\/index.php?rest_route=%2Fwp%2Fv2%2Fproduct_brand&post=3346"},{"taxonomy":"product_cat","embeddable":true,"href":"https:\/\/atividademapa.com\/index.php?rest_route=%2Fwp%2Fv2%2Fproduct_cat&post=3346"},{"taxonomy":"product_tag","embeddable":true,"href":"https:\/\/atividademapa.com\/index.php?rest_route=%2Fwp%2Fv2%2Fproduct_tag&post=3346"}],"curies":[{"name":"wp","href":"https:\/\/api.w.org\/{rel}","templated":true}]}}