{"id":3348,"date":"2024-01-10T22:11:56","date_gmt":"2024-01-11T01:11:56","guid":{"rendered":"https:\/\/atividademapa.com\/?post_type=product&#038;p=3348"},"modified":"2024-02-23T09:28:35","modified_gmt":"2024-02-23T12:28:35","slug":"mapa-mentalidade-criativa-e-empreendedora-51-2024","status":"publish","type":"product","link":"https:\/\/atividademapa.com\/?product=mapa-mentalidade-criativa-e-empreendedora-51-2024","title":{"rendered":"MAPA Mentalidade Criativa e Empreendedora 51\/2024"},"content":{"rendered":"<p>MAPA Mentalidade Criativa e Empreendedora 51\/2024<\/p>\n<p class=\"ng-scope\">Ol\u00e1, acad\u00eamico(a)! A atividade proposta corresponde ao\u00a0<strong>Material de Avalia\u00e7\u00e3o Pr\u00e1tica de Aprendizagem &#8211; M.A.P.A.<\/strong><\/p>\n<p>O objetivo desta atividade \u00e9 fazer com que voc\u00ea tenha uma experi\u00eancia imersiva acerca do tema mentalidade criativa.<\/p>\n<p><strong>Quem a\u00ed quer empreender e ganhar muito dinheiro?<\/strong><\/p>\n<p><img data-recalc-dims=\"1\" decoding=\"async\" src=\"https:\/\/i0.wp.com\/sistemasead.unicesumar.edu.br\/flex\/amfphp\/services\/Portal\/ImagemQuestionario2\/QUE_195765_570046_1.png?ssl=1\" alt=\"\" \/><\/p>\n<p>Fonte: Reprodu\u00e7\u00e3o\/Freepik<\/p>\n<p class=\"ng-scope\"><strong>Inovar nos neg\u00f3cios n\u00e3o \u00e9 mais um diferencial, \u00e9 uma quest\u00e3o de sobreviv\u00eancia<\/strong>.<\/p>\n<p class=\"ng-scope\">As empresas que n\u00e3o se reinventam correm o risco de ficarem obsoletas, portanto, os gestores precisam ter uma mentalidade criativa para aumentar o faturamento e se destacar da concorr\u00eancia.\u00a0Um neg\u00f3cio pr\u00f3spero come\u00e7a e se mant\u00e9m a partir de boas ideias. A criatividade \u00e9 uma habilidade que precisa ser desenvolvida pelos gestores para encontrar as melhores solu\u00e7\u00f5es diante dos desafios.<\/p>\n<p class=\"ng-scope\">Fonte: adaptada de: Dispon\u00edvel em: https:\/\/senhorcontabil.com.br\/blog\/como-ter-uma-mentalidade-criativa-nos-negocios\/. Acesso em: 25 jan. 2024.<\/p>\n<p class=\"ng-scope\">Com base no texto acima, vemos que muito se fala sobre inova\u00e7\u00e3o, ganhar dinheiro, boas ideias, mas um grande diferencial quando se quer empreender e permanecer no neg\u00f3cio, \u00e9 sem d\u00favida o in\u00edcio, ou seja, o planejamento do in\u00edcio, do como come\u00e7ar, fazer o que, para quem, onde, quem \u00e9 meu p\u00fablico e por a\u00ed vai.<br \/>\nMuitas empresas come\u00e7am e fecham em menos de cinco anos, porque n\u00e3o se estruturaram como deviam, sendo que a grande maioria sequer elaborou um plano de neg\u00f3cios.<br \/>\nPois bem, essa ser\u00e1 sua tarefa agora. Voc\u00ea ter\u00e1 a\u00a0oportunidade de\u00a0propor um neg\u00f3cio inovador e criativo.<\/p>\n<p class=\"ng-scope\"><img data-recalc-dims=\"1\" decoding=\"async\" src=\"https:\/\/i0.wp.com\/sistemasead.unicesumar.edu.br\/flex\/amfphp\/services\/Portal\/ImagemQuestionario2\/QUE_195765_570046_2.png\" alt=\"\" \/><br \/>\nFonte: Dornelas et al. (2018, p.22)<\/p>\n<p><u><strong>ATIVIDADE PROPOSTA:<\/strong><\/u><\/p>\n<p class=\"ng-scope\">Para esta atividade, imagine que voc\u00ea ir\u00e1 iniciar um novo empreendimento, ser\u00e1 a oportunidade para propor um neg\u00f3cio inovador e criativo. Fundamentando-se na a figura acima, sobre as etapas de desenvolvimento de um plano de neg\u00f3cios, propomos que elabore o constante nos itens a seguir:<\/p>\n<p class=\"ng-scope\"><strong>1)<\/strong>\u00a0<strong>Descreva sua empresa que dever\u00e1 ser do ramo de\u00a0Com\u00e9rcio.<\/strong>\u00a0A descri\u00e7\u00e3o dever\u00e1 conter:<br \/>\n&#8211; Nome da empresa; (N\u00e3o pode ser uma empresa que j\u00e1 existe. Nome desconhecido);<br \/>\n&#8211; O que sua empresa vender\u00e1; (Descrever os produtos que ser\u00e3o disponibilizados para venda);<br \/>\n&#8211; Para quem sua empresa vender\u00e1. (p\u00fablico-alvo. Descrever para quais tipos de pessoas os produtos atender\u00e3o);<br \/>\n&#8211; Qual o diferencial competitivo da sua empresa. (Apresentar qual o diferencial. Exemplo: se com\u00e9rcio de roupas para crian\u00e7as. As roupas ter\u00e3o tecidos confort\u00e1veis, com regulagem de tamanho na cintura e adesivo em todas as pe\u00e7as);<\/p>\n<p><strong>2) Fa\u00e7a uma breve An\u00e1lise de Mercado. O objetivo \u00e9 levantar informa\u00e7\u00f5es sobre as oportunidades e as amea\u00e7as.<\/strong>\u00a0Descreva:<br \/>\n&#8211; Regi\u00e3o geogr\u00e1fica que abranger\u00e1;<br \/>\n&#8211; Quem s\u00e3o seus concorrentes diretos;<br \/>\n&#8211; Como encontrar poss\u00edveis fornecedores.<\/p>\n<p class=\"ng-scope\"><strong>3)<\/strong>\u00a0<strong>Cria\u00e7\u00e3o de um Fluxograma de Processo. \u00a0Aqui voc\u00ea dever\u00e1 focar no \u201cprincipal processo de neg\u00f3cio da empresa: aquele que se inicia com compra do produto no fornecedor at\u00e9 sua oferta ao mercado\u201d.\u00a0<\/strong>Um fluxograma de processo pode ser feito ap\u00f3s voc\u00ea\u00a0<u>identificar quais s\u00e3o os principais processos que fazem parte do seu neg\u00f3cio.<\/u>\u00a0O fluxograma dever\u00e1 ser apresentado de maneira objetiva e em forma de t\u00f3picos, dando continuidade no exemplo abaixo (preencher mais tr\u00eas t\u00f3picos no m\u00ednimo).<\/p>\n<p class=\"ng-scope\">Ex:<br \/>\n1- Comprar do fornecedor tal o produto A;<br \/>\n2- Calcular o pre\u00e7o de venda do produto;<br \/>\n3- &#8230;..<br \/>\n4- &#8230;..<br \/>\n5- &#8230;.<\/p>\n<p class=\"ng-scope\"><strong>4) Depois de feito os pontos acima, reflita sobre os dados descritos e desenvolva um texto com no m\u00ednimo 03 linhas, descrevendo sobre\u00a0a perspectiva de crescimento\u00a0da sua empresa, e qual foi a sua maior preocupa\u00e7\u00e3o ao iniciar esse empreendimento.<\/strong><\/p>\n<p class=\"ng-scope\">Bom trabalho!<\/p>\n","protected":false},"excerpt":{"rendered":"<p>MAPA Mentalidade Criativa e Empreendedora 51\/2024<\/p>\n<p>&nbsp;<\/p>\n","protected":false},"featured_media":2326,"template":"","meta":{"_monsterinsights_skip_tracking":false,"_monsterinsights_sitenote_active":false,"_monsterinsights_sitenote_note":"","_monsterinsights_sitenote_category":0},"product_brand":[],"product_cat":[58,35],"product_tag":[],"class_list":{"0":"post-3348","1":"product","2":"type-product","3":"status-publish","4":"has-post-thumbnail","6":"product_cat-biomedicina","7":"product_cat-enfermagem","9":"first","10":"instock","11":"downloadable","12":"virtual","13":"purchasable","14":"product-type-simple"},"yoast_head":"<!-- This site is optimized with the Yoast SEO plugin v27.4 - https:\/\/yoast.com\/product\/yoast-seo-wordpress\/ -->\n<title>MAPA Mentalidade Criativa e Empreendedora 51\/2024<\/title>\n<meta name=\"description\" content=\"Atividade MAPA Mentalidade Criativa e Empreendedora 51\/2024 &#8902; Unicesumar. Baixe agora mesmo um Mapa Pronto resolvido!\" \/>\n<meta name=\"robots\" content=\"index, follow, max-snippet:-1, max-image-preview:large, max-video-preview:-1\" \/>\n<link rel=\"canonical\" href=\"https:\/\/atividademapa.com\/?product=mapa-mentalidade-criativa-e-empreendedora-51-2024\" \/>\n<meta property=\"og:locale\" content=\"pt_BR\" \/>\n<meta property=\"og:type\" content=\"article\" \/>\n<meta property=\"og:title\" content=\"MAPA Mentalidade Criativa e Empreendedora 51\/2024\" \/>\n<meta property=\"og:description\" content=\"Atividade MAPA Mentalidade Criativa e Empreendedora 51\/2024 &#8902; Unicesumar. Baixe agora mesmo um Mapa Pronto resolvido!\" \/>\n<meta property=\"og:url\" content=\"https:\/\/atividademapa.com\/?product=mapa-mentalidade-criativa-e-empreendedora-51-2024\" \/>\n<meta property=\"og:site_name\" content=\"Atividade Mapa\" \/>\n<meta property=\"article:modified_time\" content=\"2024-02-23T12:28:35+00:00\" \/>\n<meta property=\"og:image\" content=\"https:\/\/i0.wp.com\/atividademapa.com\/wp-content\/uploads\/2023\/03\/Atividade-M.A.P.A-3.png?fit=300%2C300&ssl=1\" \/>\n\t<meta property=\"og:image:width\" content=\"300\" \/>\n\t<meta property=\"og:image:height\" content=\"300\" \/>\n\t<meta property=\"og:image:type\" content=\"image\/png\" \/>\n<meta name=\"twitter:card\" content=\"summary_large_image\" \/>\n<meta name=\"twitter:label1\" content=\"Est. tempo de leitura\" \/>\n\t<meta name=\"twitter:data1\" content=\"3 minutos\" \/>\n<script type=\"application\/ld+json\" class=\"yoast-schema-graph\">{\"@context\":\"https:\\\/\\\/schema.org\",\"@graph\":[{\"@type\":\"WebPage\",\"@id\":\"https:\\\/\\\/atividademapa.com\\\/?product=mapa-mentalidade-criativa-e-empreendedora-51-2024\",\"url\":\"https:\\\/\\\/atividademapa.com\\\/?product=mapa-mentalidade-criativa-e-empreendedora-51-2024\",\"name\":\"MAPA Mentalidade Criativa e Empreendedora 51\\\/2024\",\"isPartOf\":{\"@id\":\"https:\\\/\\\/atividademapa.com\\\/#website\"},\"primaryImageOfPage\":{\"@id\":\"https:\\\/\\\/atividademapa.com\\\/?product=mapa-mentalidade-criativa-e-empreendedora-51-2024#primaryimage\"},\"image\":{\"@id\":\"https:\\\/\\\/atividademapa.com\\\/?product=mapa-mentalidade-criativa-e-empreendedora-51-2024#primaryimage\"},\"thumbnailUrl\":\"https:\\\/\\\/i0.wp.com\\\/atividademapa.com\\\/wp-content\\\/uploads\\\/2023\\\/03\\\/Atividade-M.A.P.A-3.png?fit=300%2C300&ssl=1\",\"datePublished\":\"2024-01-11T01:11:56+00:00\",\"dateModified\":\"2024-02-23T12:28:35+00:00\",\"description\":\"Atividade MAPA Mentalidade Criativa e Empreendedora 51\\\/2024 &#8902; Unicesumar. Baixe agora mesmo um Mapa Pronto resolvido!\",\"breadcrumb\":{\"@id\":\"https:\\\/\\\/atividademapa.com\\\/?product=mapa-mentalidade-criativa-e-empreendedora-51-2024#breadcrumb\"},\"inLanguage\":\"pt-BR\",\"potentialAction\":[{\"@type\":\"ReadAction\",\"target\":[\"https:\\\/\\\/atividademapa.com\\\/?product=mapa-mentalidade-criativa-e-empreendedora-51-2024\"]}]},{\"@type\":\"ImageObject\",\"inLanguage\":\"pt-BR\",\"@id\":\"https:\\\/\\\/atividademapa.com\\\/?product=mapa-mentalidade-criativa-e-empreendedora-51-2024#primaryimage\",\"url\":\"https:\\\/\\\/i0.wp.com\\\/atividademapa.com\\\/wp-content\\\/uploads\\\/2023\\\/03\\\/Atividade-M.A.P.A-3.png?fit=300%2C300&ssl=1\",\"contentUrl\":\"https:\\\/\\\/i0.wp.com\\\/atividademapa.com\\\/wp-content\\\/uploads\\\/2023\\\/03\\\/Atividade-M.A.P.A-3.png?fit=300%2C300&ssl=1\",\"width\":300,\"height\":300,\"caption\":\"Mapa Unicesumar Atividade\"},{\"@type\":\"BreadcrumbList\",\"@id\":\"https:\\\/\\\/atividademapa.com\\\/?product=mapa-mentalidade-criativa-e-empreendedora-51-2024#breadcrumb\",\"itemListElement\":[{\"@type\":\"ListItem\",\"position\":1,\"name\":\"In\u00edcio\",\"item\":\"https:\\\/\\\/atividademapa.com\\\/\"},{\"@type\":\"ListItem\",\"position\":2,\"name\":\"MAPAS\",\"item\":\"https:\\\/\\\/atividademapa.com\\\/?page_id=5\"},{\"@type\":\"ListItem\",\"position\":3,\"name\":\"MAPA Mentalidade Criativa e Empreendedora 51\\\/2024\"}]},{\"@type\":\"WebSite\",\"@id\":\"https:\\\/\\\/atividademapa.com\\\/#website\",\"url\":\"https:\\\/\\\/atividademapa.com\\\/\",\"name\":\"Atividade Mapa\",\"description\":\"StudeO | Unicesumar\",\"publisher\":{\"@id\":\"https:\\\/\\\/atividademapa.com\\\/#organization\"},\"potentialAction\":[{\"@type\":\"SearchAction\",\"target\":{\"@type\":\"EntryPoint\",\"urlTemplate\":\"https:\\\/\\\/atividademapa.com\\\/?s={search_term_string}\"},\"query-input\":{\"@type\":\"PropertyValueSpecification\",\"valueRequired\":true,\"valueName\":\"search_term_string\"}}],\"inLanguage\":\"pt-BR\"},{\"@type\":\"Organization\",\"@id\":\"https:\\\/\\\/atividademapa.com\\\/#organization\",\"name\":\"Atividade MAPA\",\"url\":\"https:\\\/\\\/atividademapa.com\\\/\",\"logo\":{\"@type\":\"ImageObject\",\"inLanguage\":\"pt-BR\",\"@id\":\"https:\\\/\\\/atividademapa.com\\\/#\\\/schema\\\/logo\\\/image\\\/\",\"url\":\"https:\\\/\\\/i0.wp.com\\\/atividademapa.com\\\/wp-content\\\/uploads\\\/2023\\\/02\\\/ATIVIDADE.png?fit=600%2C300&ssl=1\",\"contentUrl\":\"https:\\\/\\\/i0.wp.com\\\/atividademapa.com\\\/wp-content\\\/uploads\\\/2023\\\/02\\\/ATIVIDADE.png?fit=600%2C300&ssl=1\",\"width\":600,\"height\":300,\"caption\":\"Atividade MAPA\"},\"image\":{\"@id\":\"https:\\\/\\\/atividademapa.com\\\/#\\\/schema\\\/logo\\\/image\\\/\"}}]}<\/script>\n<!-- \/ Yoast SEO plugin. -->","yoast_head_json":{"title":"MAPA Mentalidade Criativa e Empreendedora 51\/2024","description":"Atividade MAPA Mentalidade Criativa e Empreendedora 51\/2024 &#8902; Unicesumar. Baixe agora mesmo um Mapa Pronto resolvido!","robots":{"index":"index","follow":"follow","max-snippet":"max-snippet:-1","max-image-preview":"max-image-preview:large","max-video-preview":"max-video-preview:-1"},"canonical":"https:\/\/atividademapa.com\/?product=mapa-mentalidade-criativa-e-empreendedora-51-2024","og_locale":"pt_BR","og_type":"article","og_title":"MAPA Mentalidade Criativa e Empreendedora 51\/2024","og_description":"Atividade MAPA Mentalidade Criativa e Empreendedora 51\/2024 &#8902; Unicesumar. Baixe agora mesmo um Mapa Pronto resolvido!","og_url":"https:\/\/atividademapa.com\/?product=mapa-mentalidade-criativa-e-empreendedora-51-2024","og_site_name":"Atividade Mapa","article_modified_time":"2024-02-23T12:28:35+00:00","og_image":[{"width":300,"height":300,"url":"https:\/\/i0.wp.com\/atividademapa.com\/wp-content\/uploads\/2023\/03\/Atividade-M.A.P.A-3.png?fit=300%2C300&ssl=1","type":"image\/png"}],"twitter_card":"summary_large_image","twitter_misc":{"Est. tempo de leitura":"3 minutos"},"schema":{"@context":"https:\/\/schema.org","@graph":[{"@type":"WebPage","@id":"https:\/\/atividademapa.com\/?product=mapa-mentalidade-criativa-e-empreendedora-51-2024","url":"https:\/\/atividademapa.com\/?product=mapa-mentalidade-criativa-e-empreendedora-51-2024","name":"MAPA Mentalidade Criativa e Empreendedora 51\/2024","isPartOf":{"@id":"https:\/\/atividademapa.com\/#website"},"primaryImageOfPage":{"@id":"https:\/\/atividademapa.com\/?product=mapa-mentalidade-criativa-e-empreendedora-51-2024#primaryimage"},"image":{"@id":"https:\/\/atividademapa.com\/?product=mapa-mentalidade-criativa-e-empreendedora-51-2024#primaryimage"},"thumbnailUrl":"https:\/\/i0.wp.com\/atividademapa.com\/wp-content\/uploads\/2023\/03\/Atividade-M.A.P.A-3.png?fit=300%2C300&ssl=1","datePublished":"2024-01-11T01:11:56+00:00","dateModified":"2024-02-23T12:28:35+00:00","description":"Atividade MAPA Mentalidade Criativa e Empreendedora 51\/2024 &#8902; Unicesumar. Baixe agora mesmo um Mapa Pronto resolvido!","breadcrumb":{"@id":"https:\/\/atividademapa.com\/?product=mapa-mentalidade-criativa-e-empreendedora-51-2024#breadcrumb"},"inLanguage":"pt-BR","potentialAction":[{"@type":"ReadAction","target":["https:\/\/atividademapa.com\/?product=mapa-mentalidade-criativa-e-empreendedora-51-2024"]}]},{"@type":"ImageObject","inLanguage":"pt-BR","@id":"https:\/\/atividademapa.com\/?product=mapa-mentalidade-criativa-e-empreendedora-51-2024#primaryimage","url":"https:\/\/i0.wp.com\/atividademapa.com\/wp-content\/uploads\/2023\/03\/Atividade-M.A.P.A-3.png?fit=300%2C300&ssl=1","contentUrl":"https:\/\/i0.wp.com\/atividademapa.com\/wp-content\/uploads\/2023\/03\/Atividade-M.A.P.A-3.png?fit=300%2C300&ssl=1","width":300,"height":300,"caption":"Mapa Unicesumar Atividade"},{"@type":"BreadcrumbList","@id":"https:\/\/atividademapa.com\/?product=mapa-mentalidade-criativa-e-empreendedora-51-2024#breadcrumb","itemListElement":[{"@type":"ListItem","position":1,"name":"In\u00edcio","item":"https:\/\/atividademapa.com\/"},{"@type":"ListItem","position":2,"name":"MAPAS","item":"https:\/\/atividademapa.com\/?page_id=5"},{"@type":"ListItem","position":3,"name":"MAPA Mentalidade Criativa e Empreendedora 51\/2024"}]},{"@type":"WebSite","@id":"https:\/\/atividademapa.com\/#website","url":"https:\/\/atividademapa.com\/","name":"Atividade Mapa","description":"StudeO | Unicesumar","publisher":{"@id":"https:\/\/atividademapa.com\/#organization"},"potentialAction":[{"@type":"SearchAction","target":{"@type":"EntryPoint","urlTemplate":"https:\/\/atividademapa.com\/?s={search_term_string}"},"query-input":{"@type":"PropertyValueSpecification","valueRequired":true,"valueName":"search_term_string"}}],"inLanguage":"pt-BR"},{"@type":"Organization","@id":"https:\/\/atividademapa.com\/#organization","name":"Atividade MAPA","url":"https:\/\/atividademapa.com\/","logo":{"@type":"ImageObject","inLanguage":"pt-BR","@id":"https:\/\/atividademapa.com\/#\/schema\/logo\/image\/","url":"https:\/\/i0.wp.com\/atividademapa.com\/wp-content\/uploads\/2023\/02\/ATIVIDADE.png?fit=600%2C300&ssl=1","contentUrl":"https:\/\/i0.wp.com\/atividademapa.com\/wp-content\/uploads\/2023\/02\/ATIVIDADE.png?fit=600%2C300&ssl=1","width":600,"height":300,"caption":"Atividade MAPA"},"image":{"@id":"https:\/\/atividademapa.com\/#\/schema\/logo\/image\/"}}]}},"_links":{"self":[{"href":"https:\/\/atividademapa.com\/index.php?rest_route=\/wp\/v2\/product\/3348","targetHints":{"allow":["GET"]}}],"collection":[{"href":"https:\/\/atividademapa.com\/index.php?rest_route=\/wp\/v2\/product"}],"about":[{"href":"https:\/\/atividademapa.com\/index.php?rest_route=\/wp\/v2\/types\/product"}],"version-history":[{"count":4,"href":"https:\/\/atividademapa.com\/index.php?rest_route=\/wp\/v2\/product\/3348\/revisions"}],"predecessor-version":[{"id":3425,"href":"https:\/\/atividademapa.com\/index.php?rest_route=\/wp\/v2\/product\/3348\/revisions\/3425"}],"wp:featuredmedia":[{"embeddable":true,"href":"https:\/\/atividademapa.com\/index.php?rest_route=\/wp\/v2\/media\/2326"}],"wp:attachment":[{"href":"https:\/\/atividademapa.com\/index.php?rest_route=%2Fwp%2Fv2%2Fmedia&parent=3348"}],"wp:term":[{"taxonomy":"product_brand","embeddable":true,"href":"https:\/\/atividademapa.com\/index.php?rest_route=%2Fwp%2Fv2%2Fproduct_brand&post=3348"},{"taxonomy":"product_cat","embeddable":true,"href":"https:\/\/atividademapa.com\/index.php?rest_route=%2Fwp%2Fv2%2Fproduct_cat&post=3348"},{"taxonomy":"product_tag","embeddable":true,"href":"https:\/\/atividademapa.com\/index.php?rest_route=%2Fwp%2Fv2%2Fproduct_tag&post=3348"}],"curies":[{"name":"wp","href":"https:\/\/api.w.org\/{rel}","templated":true}]}}