{"id":3366,"date":"2024-01-24T11:26:32","date_gmt":"2024-01-24T14:26:32","guid":{"rendered":"https:\/\/atividademapa.com\/?post_type=product&#038;p=3366"},"modified":"2024-03-20T09:42:55","modified_gmt":"2024-03-20T12:42:55","slug":"mapa-fundamentos-e-arquiteturas-de-computadores-51-2024","status":"publish","type":"product","link":"https:\/\/atividademapa.com\/?product=mapa-fundamentos-e-arquiteturas-de-computadores-51-2024","title":{"rendered":"MAPA Fundamentos e Arquiteturas de Computadores 51\/2024"},"content":{"rendered":"<p>MAPA \u2013 FUNDAMENTOS E ARQUITETURA DE COMPUTADORES \u2013 51\/2024<\/p>\n<p>O ciclo de instru\u00e7\u00e3o \u00e9 um conceito crucial na Arquitetura e Organiza\u00e7\u00e3o de Computadores, descrevendo o processo pelo qual uma CPU executa instru\u00e7\u00f5es de um programa. Cada ciclo de instru\u00e7\u00e3o pode ser dividido em v\u00e1rias etapas, cada uma desempenhando uma fun\u00e7\u00e3o espec\u00edfica que contribui para a execu\u00e7\u00e3o completa da instru\u00e7\u00e3o.<\/p>\n<p>O entendimento dessas etapas \u00e9 essencial para compreender como os computadores processam informa\u00e7\u00f5es.<\/p>\n<p>Geralmente, um ciclo de instru\u00e7\u00e3o inclui a busca (<i>FETCH<\/i>) da instru\u00e7\u00e3o, a decodifica\u00e7\u00e3o (<i>DECODE<\/i>) da mesma, a execu\u00e7\u00e3o (<i>EXECUTE<\/i>) da opera\u00e7\u00e3o especificada e, por fim, o armazenamento (<i>WRITE-BACK<\/i>) ou escrita do resultado.<\/p>\n<p>Stallings, William. \u201c<span style=\"color: #333333;\"><a style=\"color: #333333;\" href=\"https:\/\/atividademapa.com\">Arquitetura e Organiza\u00e7\u00e3o de Computadores<\/a><\/span>\u201d. Pearson, 10\u00aa edi\u00e7\u00e3o, 2016.<\/p>\n<p>Voc\u00ea deve enviar um\u00a0ARQUIVO\u00a0contendo as \u201crespostas das quest\u00f5es\u201d abaixo discriminadas.<\/p>\n<p>Explique as etapas do \u201cCiclo de Instru\u00e7\u00e3o\u201d:<\/p>\n<ol>\n<li>a) Busca da Instru\u00e7\u00e3o (<i>FETCH<\/i>).<\/li>\n<li>b) Decodifica\u00e7\u00e3o da Instru\u00e7\u00e3o (<span style=\"color: #333333;\"><a style=\"color: #333333;\" href=\"http:\/\/tics.ifsul.edu.br\/matriz\/conteudo\/disciplinas\/aoc\/ub\/4.html\"><i>DECODE<\/i><\/a><\/span>).<\/li>\n<li>c) Execu\u00e7\u00e3o da Instru\u00e7\u00e3o (<i>EXECUTE<\/i>).<\/li>\n<li>d) Armazenamento da Instru\u00e7\u00e3o (<i>WRITE-BACK<\/i>) ou escrita.<\/li>\n<li>e) Por fim, discuta a import\u00e2ncia de cada uma dessas etapas no processamento de dados e execu\u00e7\u00e3o de programas.<\/li>\n<\/ol>\n<p><b>* Orienta\u00e7\u00f5es:<\/b><\/p>\n<p>\u2013 Pl\u00e1gios e c\u00f3pias indevidas ser\u00e3o penalizadas com nota zero.<\/p>\n<p>\u2013 N\u00e3o s\u00e3o permitidas corre\u00e7\u00f5es parciais no decorrer do m\u00f3dulo, pois a interpreta\u00e7\u00e3o da atividade tamb\u00e9m faz parte da avalia\u00e7\u00e3o.<\/p>\n<p>\u2013 Aten\u00e7\u00e3o ao prazo de entrega da atividade. Sugerimos que envie sua atividade antes do prazo final para evitar transtornos e lentid\u00e3o nos servidores. Evite envio de atividade em cima do prazo.<\/p>\n<p>&nbsp;<\/p>\n<p><b>IMPORTANTE:<\/b><\/p>\n<ol>\n<li>Acesse o link com um v\u00eddeo tutorial para ajud\u00e1-lo nesse processo de cria\u00e7\u00e3o e desenvolvimento. O acesso dever\u00e1 ser realizado atrav\u00e9s do f\u00f3rum interativo \u2013 \u201cLinks das Aulas ao Vivo\u201d.<\/li>\n<li>Disserte a respeito do tema, seguindo, como roteiro, os t\u00f3picos elencados.<\/li>\n<li>A entrega deve ser feita exclusivamente usando o\u00a0<i>template\u00a0<\/i>de entrega da atividade MAPA, dispon\u00edvel no material da disciplina.<\/li>\n<li>Antes de enviar a sua atividade, certifique-se de que respondeu a todas as perguntas e realize uma cuidadosa corre\u00e7\u00e3o ortogr\u00e1fica.<\/li>\n<li>Ap\u00f3s o envio, n\u00e3o s\u00e3o permitidas altera\u00e7\u00f5es ou modifica\u00e7\u00f5es. Logo, voc\u00ea tem apenas uma chance de enviar o arquivo corretamente. Revise bem antes de enviar!<\/li>\n<li>Lembre-se de que evid\u00eancias de c\u00f3pias de materiais, incluindo de outros acad\u00eamicos, sem as devidas refer\u00eancias, ser\u00e3o inquestionavelmente zeradas. As cita\u00e7\u00f5es e as refer\u00eancias, mesmo que do livro da disciplina, devem ser realizadas de acordo com as normas da Institui\u00e7\u00e3o de Ensino.<\/li>\n<li>N\u00e3o s\u00e3o permitidas corre\u00e7\u00f5es parciais no decorrer do m\u00f3dulo, ou seja, o famoso: \u201cprofessor, veja se minha atividade est\u00e1 certa?\u201d. Isso invalida o seu processo avaliativo. Lembre-se de que a interpreta\u00e7\u00e3o da atividade tamb\u00e9m faz parte da avalia\u00e7\u00e3o.<\/li>\n<li>Procure sanar as suas d\u00favidas junto \u00e0 media\u00e7\u00e3o em tempo h\u00e1bil sobre o conte\u00fado exigido na atividade, de modo que consiga realizar a sua participa\u00e7\u00e3o.<\/li>\n<li>Aten\u00e7\u00e3o ao prazo de entrega. Evite o envio da atividade muito pr\u00f3ximo do prazo. Voc\u00ea pode ter algum problema com a internet, o computador, o software etc., e os prazos n\u00e3o ser\u00e3o flexibilizados, mesmo em caso de comprova\u00e7\u00e3o.<\/li>\n<\/ol>\n<p>&nbsp;<\/p>\n<p>Bons estudos!<\/p>\n","protected":false},"excerpt":{"rendered":"<p>MAPA \u2013 FUNDAMENTOS E ARQUITETURA DE COMPUTADORES \u2013 51\/2024 O ciclo de instru\u00e7\u00e3o \u00e9 um conceito crucial na Arquitetura e<\/p>\n","protected":false},"featured_media":2326,"template":"","meta":{"_monsterinsights_skip_tracking":false,"_monsterinsights_sitenote_active":false,"_monsterinsights_sitenote_note":"","_monsterinsights_sitenote_category":0},"product_brand":[],"product_cat":[117],"product_tag":[],"class_list":{"0":"post-3366","1":"product","2":"type-product","3":"status-publish","4":"has-post-thumbnail","6":"product_cat-analise-e-desenvolvimento-de-sistemas","8":"first","9":"instock","10":"downloadable","11":"virtual","12":"purchasable","13":"product-type-simple"},"yoast_head":"<!-- This site is optimized with the Yoast SEO plugin v27.4 - https:\/\/yoast.com\/product\/yoast-seo-wordpress\/ -->\n<title>MAPA Fundamentos e Arquiteturas de Computadores 51\/2024<\/title>\n<meta name=\"description\" content=\"Temos MAPA Fundamentos e Arquiteturas de Computadores 51\/2024 Unicesumar | Busca da Instru\u00e7\u00e3o (FETCH) Decodifica\u00e7\u00e3o (DECODE) EXECUTE).d) Armazenamento.\" \/>\n<meta name=\"robots\" content=\"index, follow, max-snippet:-1, max-image-preview:large, max-video-preview:-1\" \/>\n<link rel=\"canonical\" href=\"https:\/\/atividademapa.com\/?product=mapa-fundamentos-e-arquiteturas-de-computadores-51-2024\" \/>\n<meta property=\"og:locale\" content=\"pt_BR\" \/>\n<meta property=\"og:type\" content=\"article\" \/>\n<meta property=\"og:title\" content=\"MAPA Fundamentos e Arquiteturas de Computadores 51\/2024\" \/>\n<meta property=\"og:description\" content=\"Temos MAPA Fundamentos e Arquiteturas de Computadores 51\/2024 Unicesumar | Busca da Instru\u00e7\u00e3o (FETCH) Decodifica\u00e7\u00e3o (DECODE) EXECUTE).d) Armazenamento.\" \/>\n<meta property=\"og:url\" content=\"https:\/\/atividademapa.com\/?product=mapa-fundamentos-e-arquiteturas-de-computadores-51-2024\" \/>\n<meta property=\"og:site_name\" content=\"Atividade Mapa\" \/>\n<meta property=\"article:modified_time\" content=\"2024-03-20T12:42:55+00:00\" \/>\n<meta property=\"og:image\" content=\"https:\/\/i0.wp.com\/atividademapa.com\/wp-content\/uploads\/2023\/03\/Atividade-M.A.P.A-3.png?fit=300%2C300&ssl=1\" \/>\n\t<meta property=\"og:image:width\" content=\"300\" \/>\n\t<meta property=\"og:image:height\" content=\"300\" \/>\n\t<meta property=\"og:image:type\" content=\"image\/png\" \/>\n<meta name=\"twitter:card\" content=\"summary_large_image\" \/>\n<meta name=\"twitter:label1\" content=\"Est. tempo de leitura\" \/>\n\t<meta name=\"twitter:data1\" content=\"3 minutos\" \/>\n<script type=\"application\/ld+json\" class=\"yoast-schema-graph\">{\"@context\":\"https:\\\/\\\/schema.org\",\"@graph\":[{\"@type\":\"WebPage\",\"@id\":\"https:\\\/\\\/atividademapa.com\\\/?product=mapa-fundamentos-e-arquiteturas-de-computadores-51-2024\",\"url\":\"https:\\\/\\\/atividademapa.com\\\/?product=mapa-fundamentos-e-arquiteturas-de-computadores-51-2024\",\"name\":\"MAPA Fundamentos e Arquiteturas de Computadores 51\\\/2024\",\"isPartOf\":{\"@id\":\"https:\\\/\\\/atividademapa.com\\\/#website\"},\"primaryImageOfPage\":{\"@id\":\"https:\\\/\\\/atividademapa.com\\\/?product=mapa-fundamentos-e-arquiteturas-de-computadores-51-2024#primaryimage\"},\"image\":{\"@id\":\"https:\\\/\\\/atividademapa.com\\\/?product=mapa-fundamentos-e-arquiteturas-de-computadores-51-2024#primaryimage\"},\"thumbnailUrl\":\"https:\\\/\\\/i0.wp.com\\\/atividademapa.com\\\/wp-content\\\/uploads\\\/2023\\\/03\\\/Atividade-M.A.P.A-3.png?fit=300%2C300&ssl=1\",\"datePublished\":\"2024-01-24T14:26:32+00:00\",\"dateModified\":\"2024-03-20T12:42:55+00:00\",\"description\":\"Temos MAPA Fundamentos e Arquiteturas de Computadores 51\\\/2024 Unicesumar | Busca da Instru\u00e7\u00e3o (FETCH) Decodifica\u00e7\u00e3o (DECODE) EXECUTE).d) Armazenamento.\",\"breadcrumb\":{\"@id\":\"https:\\\/\\\/atividademapa.com\\\/?product=mapa-fundamentos-e-arquiteturas-de-computadores-51-2024#breadcrumb\"},\"inLanguage\":\"pt-BR\",\"potentialAction\":[{\"@type\":\"ReadAction\",\"target\":[\"https:\\\/\\\/atividademapa.com\\\/?product=mapa-fundamentos-e-arquiteturas-de-computadores-51-2024\"]}]},{\"@type\":\"ImageObject\",\"inLanguage\":\"pt-BR\",\"@id\":\"https:\\\/\\\/atividademapa.com\\\/?product=mapa-fundamentos-e-arquiteturas-de-computadores-51-2024#primaryimage\",\"url\":\"https:\\\/\\\/i0.wp.com\\\/atividademapa.com\\\/wp-content\\\/uploads\\\/2023\\\/03\\\/Atividade-M.A.P.A-3.png?fit=300%2C300&ssl=1\",\"contentUrl\":\"https:\\\/\\\/i0.wp.com\\\/atividademapa.com\\\/wp-content\\\/uploads\\\/2023\\\/03\\\/Atividade-M.A.P.A-3.png?fit=300%2C300&ssl=1\",\"width\":300,\"height\":300,\"caption\":\"Mapa Unicesumar Atividade\"},{\"@type\":\"BreadcrumbList\",\"@id\":\"https:\\\/\\\/atividademapa.com\\\/?product=mapa-fundamentos-e-arquiteturas-de-computadores-51-2024#breadcrumb\",\"itemListElement\":[{\"@type\":\"ListItem\",\"position\":1,\"name\":\"In\u00edcio\",\"item\":\"https:\\\/\\\/atividademapa.com\\\/\"},{\"@type\":\"ListItem\",\"position\":2,\"name\":\"MAPAS\",\"item\":\"https:\\\/\\\/atividademapa.com\\\/?page_id=5\"},{\"@type\":\"ListItem\",\"position\":3,\"name\":\"MAPA Fundamentos e Arquiteturas de Computadores 51\\\/2024\"}]},{\"@type\":\"WebSite\",\"@id\":\"https:\\\/\\\/atividademapa.com\\\/#website\",\"url\":\"https:\\\/\\\/atividademapa.com\\\/\",\"name\":\"Atividade Mapa\",\"description\":\"StudeO | Unicesumar\",\"publisher\":{\"@id\":\"https:\\\/\\\/atividademapa.com\\\/#organization\"},\"potentialAction\":[{\"@type\":\"SearchAction\",\"target\":{\"@type\":\"EntryPoint\",\"urlTemplate\":\"https:\\\/\\\/atividademapa.com\\\/?s={search_term_string}\"},\"query-input\":{\"@type\":\"PropertyValueSpecification\",\"valueRequired\":true,\"valueName\":\"search_term_string\"}}],\"inLanguage\":\"pt-BR\"},{\"@type\":\"Organization\",\"@id\":\"https:\\\/\\\/atividademapa.com\\\/#organization\",\"name\":\"Atividade MAPA\",\"url\":\"https:\\\/\\\/atividademapa.com\\\/\",\"logo\":{\"@type\":\"ImageObject\",\"inLanguage\":\"pt-BR\",\"@id\":\"https:\\\/\\\/atividademapa.com\\\/#\\\/schema\\\/logo\\\/image\\\/\",\"url\":\"https:\\\/\\\/i0.wp.com\\\/atividademapa.com\\\/wp-content\\\/uploads\\\/2023\\\/02\\\/ATIVIDADE.png?fit=600%2C300&ssl=1\",\"contentUrl\":\"https:\\\/\\\/i0.wp.com\\\/atividademapa.com\\\/wp-content\\\/uploads\\\/2023\\\/02\\\/ATIVIDADE.png?fit=600%2C300&ssl=1\",\"width\":600,\"height\":300,\"caption\":\"Atividade MAPA\"},\"image\":{\"@id\":\"https:\\\/\\\/atividademapa.com\\\/#\\\/schema\\\/logo\\\/image\\\/\"}}]}<\/script>\n<!-- \/ Yoast SEO plugin. -->","yoast_head_json":{"title":"MAPA Fundamentos e Arquiteturas de Computadores 51\/2024","description":"Temos MAPA Fundamentos e Arquiteturas de Computadores 51\/2024 Unicesumar | Busca da Instru\u00e7\u00e3o (FETCH) Decodifica\u00e7\u00e3o (DECODE) EXECUTE).d) Armazenamento.","robots":{"index":"index","follow":"follow","max-snippet":"max-snippet:-1","max-image-preview":"max-image-preview:large","max-video-preview":"max-video-preview:-1"},"canonical":"https:\/\/atividademapa.com\/?product=mapa-fundamentos-e-arquiteturas-de-computadores-51-2024","og_locale":"pt_BR","og_type":"article","og_title":"MAPA Fundamentos e Arquiteturas de Computadores 51\/2024","og_description":"Temos MAPA Fundamentos e Arquiteturas de Computadores 51\/2024 Unicesumar | Busca da Instru\u00e7\u00e3o (FETCH) Decodifica\u00e7\u00e3o (DECODE) EXECUTE).d) Armazenamento.","og_url":"https:\/\/atividademapa.com\/?product=mapa-fundamentos-e-arquiteturas-de-computadores-51-2024","og_site_name":"Atividade Mapa","article_modified_time":"2024-03-20T12:42:55+00:00","og_image":[{"width":300,"height":300,"url":"https:\/\/i0.wp.com\/atividademapa.com\/wp-content\/uploads\/2023\/03\/Atividade-M.A.P.A-3.png?fit=300%2C300&ssl=1","type":"image\/png"}],"twitter_card":"summary_large_image","twitter_misc":{"Est. tempo de leitura":"3 minutos"},"schema":{"@context":"https:\/\/schema.org","@graph":[{"@type":"WebPage","@id":"https:\/\/atividademapa.com\/?product=mapa-fundamentos-e-arquiteturas-de-computadores-51-2024","url":"https:\/\/atividademapa.com\/?product=mapa-fundamentos-e-arquiteturas-de-computadores-51-2024","name":"MAPA Fundamentos e Arquiteturas de Computadores 51\/2024","isPartOf":{"@id":"https:\/\/atividademapa.com\/#website"},"primaryImageOfPage":{"@id":"https:\/\/atividademapa.com\/?product=mapa-fundamentos-e-arquiteturas-de-computadores-51-2024#primaryimage"},"image":{"@id":"https:\/\/atividademapa.com\/?product=mapa-fundamentos-e-arquiteturas-de-computadores-51-2024#primaryimage"},"thumbnailUrl":"https:\/\/i0.wp.com\/atividademapa.com\/wp-content\/uploads\/2023\/03\/Atividade-M.A.P.A-3.png?fit=300%2C300&ssl=1","datePublished":"2024-01-24T14:26:32+00:00","dateModified":"2024-03-20T12:42:55+00:00","description":"Temos MAPA Fundamentos e Arquiteturas de Computadores 51\/2024 Unicesumar | Busca da Instru\u00e7\u00e3o (FETCH) Decodifica\u00e7\u00e3o (DECODE) EXECUTE).d) Armazenamento.","breadcrumb":{"@id":"https:\/\/atividademapa.com\/?product=mapa-fundamentos-e-arquiteturas-de-computadores-51-2024#breadcrumb"},"inLanguage":"pt-BR","potentialAction":[{"@type":"ReadAction","target":["https:\/\/atividademapa.com\/?product=mapa-fundamentos-e-arquiteturas-de-computadores-51-2024"]}]},{"@type":"ImageObject","inLanguage":"pt-BR","@id":"https:\/\/atividademapa.com\/?product=mapa-fundamentos-e-arquiteturas-de-computadores-51-2024#primaryimage","url":"https:\/\/i0.wp.com\/atividademapa.com\/wp-content\/uploads\/2023\/03\/Atividade-M.A.P.A-3.png?fit=300%2C300&ssl=1","contentUrl":"https:\/\/i0.wp.com\/atividademapa.com\/wp-content\/uploads\/2023\/03\/Atividade-M.A.P.A-3.png?fit=300%2C300&ssl=1","width":300,"height":300,"caption":"Mapa Unicesumar Atividade"},{"@type":"BreadcrumbList","@id":"https:\/\/atividademapa.com\/?product=mapa-fundamentos-e-arquiteturas-de-computadores-51-2024#breadcrumb","itemListElement":[{"@type":"ListItem","position":1,"name":"In\u00edcio","item":"https:\/\/atividademapa.com\/"},{"@type":"ListItem","position":2,"name":"MAPAS","item":"https:\/\/atividademapa.com\/?page_id=5"},{"@type":"ListItem","position":3,"name":"MAPA Fundamentos e Arquiteturas de Computadores 51\/2024"}]},{"@type":"WebSite","@id":"https:\/\/atividademapa.com\/#website","url":"https:\/\/atividademapa.com\/","name":"Atividade Mapa","description":"StudeO | Unicesumar","publisher":{"@id":"https:\/\/atividademapa.com\/#organization"},"potentialAction":[{"@type":"SearchAction","target":{"@type":"EntryPoint","urlTemplate":"https:\/\/atividademapa.com\/?s={search_term_string}"},"query-input":{"@type":"PropertyValueSpecification","valueRequired":true,"valueName":"search_term_string"}}],"inLanguage":"pt-BR"},{"@type":"Organization","@id":"https:\/\/atividademapa.com\/#organization","name":"Atividade MAPA","url":"https:\/\/atividademapa.com\/","logo":{"@type":"ImageObject","inLanguage":"pt-BR","@id":"https:\/\/atividademapa.com\/#\/schema\/logo\/image\/","url":"https:\/\/i0.wp.com\/atividademapa.com\/wp-content\/uploads\/2023\/02\/ATIVIDADE.png?fit=600%2C300&ssl=1","contentUrl":"https:\/\/i0.wp.com\/atividademapa.com\/wp-content\/uploads\/2023\/02\/ATIVIDADE.png?fit=600%2C300&ssl=1","width":600,"height":300,"caption":"Atividade MAPA"},"image":{"@id":"https:\/\/atividademapa.com\/#\/schema\/logo\/image\/"}}]}},"_links":{"self":[{"href":"https:\/\/atividademapa.com\/index.php?rest_route=\/wp\/v2\/product\/3366","targetHints":{"allow":["GET"]}}],"collection":[{"href":"https:\/\/atividademapa.com\/index.php?rest_route=\/wp\/v2\/product"}],"about":[{"href":"https:\/\/atividademapa.com\/index.php?rest_route=\/wp\/v2\/types\/product"}],"version-history":[{"count":3,"href":"https:\/\/atividademapa.com\/index.php?rest_route=\/wp\/v2\/product\/3366\/revisions"}],"predecessor-version":[{"id":3554,"href":"https:\/\/atividademapa.com\/index.php?rest_route=\/wp\/v2\/product\/3366\/revisions\/3554"}],"wp:featuredmedia":[{"embeddable":true,"href":"https:\/\/atividademapa.com\/index.php?rest_route=\/wp\/v2\/media\/2326"}],"wp:attachment":[{"href":"https:\/\/atividademapa.com\/index.php?rest_route=%2Fwp%2Fv2%2Fmedia&parent=3366"}],"wp:term":[{"taxonomy":"product_brand","embeddable":true,"href":"https:\/\/atividademapa.com\/index.php?rest_route=%2Fwp%2Fv2%2Fproduct_brand&post=3366"},{"taxonomy":"product_cat","embeddable":true,"href":"https:\/\/atividademapa.com\/index.php?rest_route=%2Fwp%2Fv2%2Fproduct_cat&post=3366"},{"taxonomy":"product_tag","embeddable":true,"href":"https:\/\/atividademapa.com\/index.php?rest_route=%2Fwp%2Fv2%2Fproduct_tag&post=3366"}],"curies":[{"name":"wp","href":"https:\/\/api.w.org\/{rel}","templated":true}]}}