{"id":3374,"date":"2024-01-24T11:34:32","date_gmt":"2024-01-24T14:34:32","guid":{"rendered":"https:\/\/atividademapa.com\/?post_type=product&#038;p=3374"},"modified":"2024-02-26T14:22:44","modified_gmt":"2024-02-26T17:22:44","slug":"mapa-biosseguranca-e-bioetica-51-2024","status":"publish","type":"product","link":"https:\/\/atividademapa.com\/?product=mapa-biosseguranca-e-bioetica-51-2024","title":{"rendered":"MAPA Biosseguran\u00e7a e  Bio\u00e9tica 51\/2024"},"content":{"rendered":"<p>MAPA Biosseguran\u00e7a e Bio\u00e9tica 51\/2024<\/p>\n<p>Presente nas discuss\u00f5es de quase todas as \u00e1reas das atividades humanas, a Biosseguran\u00e7a delineia temas em que a preserva\u00e7\u00e3o da vida assume uma postura reflexiva incorporando o risco como uma percep\u00e7\u00e3o real e a preven\u00e7\u00e3o como ferramenta de prote\u00e7\u00e3o \u00e0 vida. A Biosseguran\u00e7a caracteriza-se, portanto, como campo de conhecimento que ganha significativo valor na atual da sociedade global de risco que projeta e alarga os riscos de graves consequ\u00eancias, especificado como os ecol\u00f3gicos, qu\u00edmicos, nucleares e gen\u00e9ticos, econ\u00f4micos, pol\u00edticos e sociais.<\/p>\n<p>Sab\u00e1, L.C.P. Arquitetura Hospitalar e Biosseguran\u00e7a: um olhar para o hospital seguro. Rio de Janeiro, 2012. 213 p. Disserta\u00e7\u00e3o [Mestrado em Biosseguran\u00e7a em Sa\u00fade] &#8211; Instituto de Pesquisa Cl\u00ednica Evandro Chagas.<\/p>\n<p>Diante do contexto e das discuss\u00f5es em aula, essa atividade MAPA foca alguns conceitos importantes para o profissional de sa\u00fade &#8211; n\u00edveis de biosseguran\u00e7a, equipamentos de prote\u00e7\u00e3o coletiva e o m\u00e9todo mais eficaz e de baixo custo usado como barreira de conten\u00e7\u00e3o na transmiss\u00e3o de doen\u00e7as \u2013 a lavagem correta das m\u00e3os.<\/p>\n<p>&nbsp;<\/p>\n<p><strong>QUEST\u00c3O 1<\/strong><\/p>\n<p>Na manipula\u00e7\u00e3o dos microrganismos, deve-se classific\u00e1-los para detectar a qual classe de risco o mesmo pertence. De acordo com a classe de risco, deve-se atender requisitos de seguran\u00e7a, conforme o n\u00edvel de conten\u00e7\u00e3o necess\u00e1rio. Estes n\u00edveis de conten\u00e7\u00e3o s\u00e3o denominados de n\u00edveis de Biosseguran\u00e7a.<\/p>\n<p>O n\u00edvel de biosseguran\u00e7a de um experimento ser\u00e1 determinado segundo o organismo de maior classe de risco envolvido no experimento.<\/p>\n<p>Existem quatro n\u00edveis de biosseguran\u00e7a: NB-1, NB-2, NB-3 e NB-4 e s\u00e3o designados em ordem crescente de complexidade pelo grau de prote\u00e7\u00e3o necess\u00e1rio ao pessoal do laborat\u00f3rio, meio ambiente e \u00e0 comunidade.<\/p>\n<p>Se o potencial patog\u00eanico do OGM resultante for desconhecido deve ser procedida uma an\u00e1lise detalhada e criteriosa de todas as condi\u00e7\u00f5es experimentais.<\/p>\n<p><strong>DISCORRA<\/strong> sobre os quatro n\u00edveis de biosseguran\u00e7a e apresente as barreiras prim\u00e1rias que devem ser adotadas na conten\u00e7\u00e3o para que haja uma manipula\u00e7\u00e3o segura dos microrganismos em laborat\u00f3rios.<\/p>\n<p><strong>QUEST\u00c3O 2<\/strong><\/p>\n<p>Os Equipamentos de Prote\u00e7\u00e3o Coletiva (EPC)s\u00e3o utilizados para minimizar a exposi\u00e7\u00e3o dos trabalhadores aos riscos e, em caso de acidentes, reduzir suas consequ\u00eancias. Podem ser de uso rotineiro ou para situa\u00e7\u00f5es emergenciais.<\/p>\n<p>DESCREVA os cinco Equipamentos de Prote\u00e7\u00e3o Coletiva (EPC) apresentados.<\/p>\n<p><strong>QUEST\u00c3O 3<\/strong><\/p>\n<p>A higieniza\u00e7\u00e3o das m\u00e3os \u00e9 considerada uma das principais medidas na redu\u00e7\u00e3o do risco de transmiss\u00e3o de agentes biol\u00f3gicos, uma vez que as m\u00e3os dos profissionais de sa\u00fade representam a mais importante fonte de transmiss\u00e3o de agentes microbianos na assist\u00eancia ao paciente. Este procedimento \u00e9 realizado com a fric\u00e7\u00e3o manual vigorosa das m\u00e3os usando sab\u00e3o l\u00edquido, seguida de enx\u00e1gue abundante em \u00e1gua corrente. Para isso deve-se observar a T\u00e9cnica correta de Lavagem de M\u00e3os (https:\/\/www.soenfermagem.net\/tecnicas\/lavagem.html).<\/p>\n<p>MATEUS, Gustavo Affonso; PALUDO, Michele Putti; AMARO, Mylene Manfrinato dos Reis. Biosseguran\u00e7a e Bio\u00e9tica. Maring\u00e1-PR.: Unicesumar, 2019. p.208<\/p>\n<p>Vamos fazer uma experi\u00eancia: Vamos avaliar como voc\u00ea lava suas m\u00e3os?<\/p>\n<p>Antes de iniciar a experi\u00eancia assistir o v\u00eddeo explicativo que est\u00e1 dispon\u00edvel na sala do caf\u00e9.<\/p>\n<p>Para isso, voc\u00ea precisa de uma pia com torneira, tinta guache, uma venda (pano), um parceiro (para cronometrar e tirar as fotos).<\/p>\n<p>A atividade cont\u00e9m duas etapas. Siga o passo a passo:<\/p>\n<p><strong>\u00a0<\/strong><\/p>\n<p><strong>Primeira Etapa:<\/strong><\/p>\n<ol>\n<li>Fique de frente para a pia e coloque a venda nos olhos<\/li>\n<li>Pe\u00e7a ao seu parceiro colocar a tinta guache em suas m\u00e3os.<\/li>\n<li>Primeiramente pe\u00e7a para seu parceiro cronometrar (30 segundos), inicie a lavagem das m\u00e3os.<\/li>\n<li>Completando o tempo, pare de lavar as m\u00e3os e pe\u00e7a para seu parceiro tirar sua venda.<\/li>\n<li>Observe as \u00e1reas lavadas e tire 2 fotos: 1 das duas m\u00e3os juntas com as palmas viradas para cima e outra das duas m\u00e3os juntas mostrando os dorsos<\/li>\n<li>Lave as m\u00e3os para retirar toda a tinta e iniciar a segunda etapa da atividade.<\/li>\n<\/ol>\n<p>OBS: Para anexar sua foto no formul\u00e1rio padr\u00e3o: salve a sua foto em JPEG no seu computador, depois no word, clique em: INSERIR&gt;IMAGENS e procure onde sua foto foi salva em seu computador em JPEG e clique em inserir.<\/p>\n<p><strong>Segunda Etapa:<\/strong><\/p>\n<ol>\n<li>Assista o arquivo sobre a t\u00e9cnica correta para lavagem das m\u00e3os em<\/li>\n<\/ol>\n<p><a href=\"https:\/\/www.soenfermagem.net\/tecnicas\/lavagem.html%E2%80%AF\">https:\/\/www.soenfermagem.net\/tecnicas\/lavagem.html\u202f<\/a><\/p>\n<ol start=\"2\">\n<li>Agora sabendo como se faz a lavagem correta das m\u00e3os, coloque \u00e0 venda, pe\u00e7a para seu parceiro colocar quantidade de tinta nas m\u00e3os, e utilize ela para fazer a lavagem das m\u00e3os. Fa\u00e7a todo procedimento novamente, nesta etapa n\u00e3o precisa tirar foto.<\/li>\n<\/ol>\n","protected":false},"excerpt":{"rendered":"<p>MAPA Biosseguran\u00e7a e Bio\u00e9tica 51\/2024 Presente nas discuss\u00f5es de quase todas as \u00e1reas das atividades humanas, a Biosseguran\u00e7a delineia temas<\/p>\n","protected":false},"featured_media":2326,"template":"","meta":{"_monsterinsights_skip_tracking":false,"_monsterinsights_sitenote_active":false,"_monsterinsights_sitenote_note":"","_monsterinsights_sitenote_category":0},"product_brand":[],"product_cat":[58,35],"product_tag":[],"class_list":{"0":"post-3374","1":"product","2":"type-product","3":"status-publish","4":"has-post-thumbnail","6":"product_cat-biomedicina","7":"product_cat-enfermagem","9":"first","10":"instock","11":"downloadable","12":"virtual","13":"purchasable","14":"product-type-simple"},"yoast_head":"<!-- This site is optimized with the Yoast SEO plugin v27.4 - https:\/\/yoast.com\/product\/yoast-seo-wordpress\/ -->\n<title>MAPA Biosseguran\u00e7a e Bio\u00e9tica 51\/2024<\/title>\n<meta name=\"description\" content=\"Atividade MAPA Biosseguran\u00e7a e Bio\u00e9tica 51\/2024 &#8902; Unicesumar. Baixe agora mesmo um Mapa Pronto resolvido!\" \/>\n<meta name=\"robots\" content=\"index, follow, max-snippet:-1, max-image-preview:large, max-video-preview:-1\" \/>\n<link rel=\"canonical\" href=\"https:\/\/atividademapa.com\/?product=mapa-biosseguranca-e-bioetica-51-2024\" \/>\n<meta property=\"og:locale\" content=\"pt_BR\" \/>\n<meta property=\"og:type\" content=\"article\" \/>\n<meta property=\"og:title\" content=\"MAPA Biosseguran\u00e7a e Bio\u00e9tica 51\/2024\" \/>\n<meta property=\"og:description\" content=\"Atividade MAPA Biosseguran\u00e7a e Bio\u00e9tica 51\/2024 &#8902; Unicesumar. Baixe agora mesmo um Mapa Pronto resolvido!\" \/>\n<meta property=\"og:url\" content=\"https:\/\/atividademapa.com\/?product=mapa-biosseguranca-e-bioetica-51-2024\" \/>\n<meta property=\"og:site_name\" content=\"Atividade Mapa\" \/>\n<meta property=\"article:modified_time\" content=\"2024-02-26T17:22:44+00:00\" \/>\n<meta property=\"og:image\" content=\"https:\/\/i0.wp.com\/atividademapa.com\/wp-content\/uploads\/2023\/03\/Atividade-M.A.P.A-3.png?fit=300%2C300&ssl=1\" \/>\n\t<meta property=\"og:image:width\" content=\"300\" \/>\n\t<meta property=\"og:image:height\" content=\"300\" \/>\n\t<meta property=\"og:image:type\" content=\"image\/png\" \/>\n<meta name=\"twitter:card\" content=\"summary_large_image\" \/>\n<meta name=\"twitter:label1\" content=\"Est. tempo de leitura\" \/>\n\t<meta name=\"twitter:data1\" content=\"4 minutos\" \/>\n<script type=\"application\/ld+json\" class=\"yoast-schema-graph\">{\"@context\":\"https:\\\/\\\/schema.org\",\"@graph\":[{\"@type\":\"WebPage\",\"@id\":\"https:\\\/\\\/atividademapa.com\\\/?product=mapa-biosseguranca-e-bioetica-51-2024\",\"url\":\"https:\\\/\\\/atividademapa.com\\\/?product=mapa-biosseguranca-e-bioetica-51-2024\",\"name\":\"MAPA Biosseguran\u00e7a e Bio\u00e9tica 51\\\/2024\",\"isPartOf\":{\"@id\":\"https:\\\/\\\/atividademapa.com\\\/#website\"},\"primaryImageOfPage\":{\"@id\":\"https:\\\/\\\/atividademapa.com\\\/?product=mapa-biosseguranca-e-bioetica-51-2024#primaryimage\"},\"image\":{\"@id\":\"https:\\\/\\\/atividademapa.com\\\/?product=mapa-biosseguranca-e-bioetica-51-2024#primaryimage\"},\"thumbnailUrl\":\"https:\\\/\\\/i0.wp.com\\\/atividademapa.com\\\/wp-content\\\/uploads\\\/2023\\\/03\\\/Atividade-M.A.P.A-3.png?fit=300%2C300&ssl=1\",\"datePublished\":\"2024-01-24T14:34:32+00:00\",\"dateModified\":\"2024-02-26T17:22:44+00:00\",\"description\":\"Atividade MAPA Biosseguran\u00e7a e Bio\u00e9tica 51\\\/2024 &#8902; Unicesumar. Baixe agora mesmo um Mapa Pronto resolvido!\",\"breadcrumb\":{\"@id\":\"https:\\\/\\\/atividademapa.com\\\/?product=mapa-biosseguranca-e-bioetica-51-2024#breadcrumb\"},\"inLanguage\":\"pt-BR\",\"potentialAction\":[{\"@type\":\"ReadAction\",\"target\":[\"https:\\\/\\\/atividademapa.com\\\/?product=mapa-biosseguranca-e-bioetica-51-2024\"]}]},{\"@type\":\"ImageObject\",\"inLanguage\":\"pt-BR\",\"@id\":\"https:\\\/\\\/atividademapa.com\\\/?product=mapa-biosseguranca-e-bioetica-51-2024#primaryimage\",\"url\":\"https:\\\/\\\/i0.wp.com\\\/atividademapa.com\\\/wp-content\\\/uploads\\\/2023\\\/03\\\/Atividade-M.A.P.A-3.png?fit=300%2C300&ssl=1\",\"contentUrl\":\"https:\\\/\\\/i0.wp.com\\\/atividademapa.com\\\/wp-content\\\/uploads\\\/2023\\\/03\\\/Atividade-M.A.P.A-3.png?fit=300%2C300&ssl=1\",\"width\":300,\"height\":300,\"caption\":\"Mapa Unicesumar Atividade\"},{\"@type\":\"BreadcrumbList\",\"@id\":\"https:\\\/\\\/atividademapa.com\\\/?product=mapa-biosseguranca-e-bioetica-51-2024#breadcrumb\",\"itemListElement\":[{\"@type\":\"ListItem\",\"position\":1,\"name\":\"In\u00edcio\",\"item\":\"https:\\\/\\\/atividademapa.com\\\/\"},{\"@type\":\"ListItem\",\"position\":2,\"name\":\"MAPAS\",\"item\":\"https:\\\/\\\/atividademapa.com\\\/?page_id=5\"},{\"@type\":\"ListItem\",\"position\":3,\"name\":\"MAPA Biosseguran\u00e7a e Bio\u00e9tica 51\\\/2024\"}]},{\"@type\":\"WebSite\",\"@id\":\"https:\\\/\\\/atividademapa.com\\\/#website\",\"url\":\"https:\\\/\\\/atividademapa.com\\\/\",\"name\":\"Atividade Mapa\",\"description\":\"StudeO | Unicesumar\",\"publisher\":{\"@id\":\"https:\\\/\\\/atividademapa.com\\\/#organization\"},\"potentialAction\":[{\"@type\":\"SearchAction\",\"target\":{\"@type\":\"EntryPoint\",\"urlTemplate\":\"https:\\\/\\\/atividademapa.com\\\/?s={search_term_string}\"},\"query-input\":{\"@type\":\"PropertyValueSpecification\",\"valueRequired\":true,\"valueName\":\"search_term_string\"}}],\"inLanguage\":\"pt-BR\"},{\"@type\":\"Organization\",\"@id\":\"https:\\\/\\\/atividademapa.com\\\/#organization\",\"name\":\"Atividade MAPA\",\"url\":\"https:\\\/\\\/atividademapa.com\\\/\",\"logo\":{\"@type\":\"ImageObject\",\"inLanguage\":\"pt-BR\",\"@id\":\"https:\\\/\\\/atividademapa.com\\\/#\\\/schema\\\/logo\\\/image\\\/\",\"url\":\"https:\\\/\\\/i0.wp.com\\\/atividademapa.com\\\/wp-content\\\/uploads\\\/2023\\\/02\\\/ATIVIDADE.png?fit=600%2C300&ssl=1\",\"contentUrl\":\"https:\\\/\\\/i0.wp.com\\\/atividademapa.com\\\/wp-content\\\/uploads\\\/2023\\\/02\\\/ATIVIDADE.png?fit=600%2C300&ssl=1\",\"width\":600,\"height\":300,\"caption\":\"Atividade MAPA\"},\"image\":{\"@id\":\"https:\\\/\\\/atividademapa.com\\\/#\\\/schema\\\/logo\\\/image\\\/\"}}]}<\/script>\n<!-- \/ Yoast SEO plugin. -->","yoast_head_json":{"title":"MAPA Biosseguran\u00e7a e Bio\u00e9tica 51\/2024","description":"Atividade MAPA Biosseguran\u00e7a e Bio\u00e9tica 51\/2024 &#8902; Unicesumar. Baixe agora mesmo um Mapa Pronto resolvido!","robots":{"index":"index","follow":"follow","max-snippet":"max-snippet:-1","max-image-preview":"max-image-preview:large","max-video-preview":"max-video-preview:-1"},"canonical":"https:\/\/atividademapa.com\/?product=mapa-biosseguranca-e-bioetica-51-2024","og_locale":"pt_BR","og_type":"article","og_title":"MAPA Biosseguran\u00e7a e Bio\u00e9tica 51\/2024","og_description":"Atividade MAPA Biosseguran\u00e7a e Bio\u00e9tica 51\/2024 &#8902; Unicesumar. Baixe agora mesmo um Mapa Pronto resolvido!","og_url":"https:\/\/atividademapa.com\/?product=mapa-biosseguranca-e-bioetica-51-2024","og_site_name":"Atividade Mapa","article_modified_time":"2024-02-26T17:22:44+00:00","og_image":[{"width":300,"height":300,"url":"https:\/\/i0.wp.com\/atividademapa.com\/wp-content\/uploads\/2023\/03\/Atividade-M.A.P.A-3.png?fit=300%2C300&ssl=1","type":"image\/png"}],"twitter_card":"summary_large_image","twitter_misc":{"Est. tempo de leitura":"4 minutos"},"schema":{"@context":"https:\/\/schema.org","@graph":[{"@type":"WebPage","@id":"https:\/\/atividademapa.com\/?product=mapa-biosseguranca-e-bioetica-51-2024","url":"https:\/\/atividademapa.com\/?product=mapa-biosseguranca-e-bioetica-51-2024","name":"MAPA Biosseguran\u00e7a e Bio\u00e9tica 51\/2024","isPartOf":{"@id":"https:\/\/atividademapa.com\/#website"},"primaryImageOfPage":{"@id":"https:\/\/atividademapa.com\/?product=mapa-biosseguranca-e-bioetica-51-2024#primaryimage"},"image":{"@id":"https:\/\/atividademapa.com\/?product=mapa-biosseguranca-e-bioetica-51-2024#primaryimage"},"thumbnailUrl":"https:\/\/i0.wp.com\/atividademapa.com\/wp-content\/uploads\/2023\/03\/Atividade-M.A.P.A-3.png?fit=300%2C300&ssl=1","datePublished":"2024-01-24T14:34:32+00:00","dateModified":"2024-02-26T17:22:44+00:00","description":"Atividade MAPA Biosseguran\u00e7a e Bio\u00e9tica 51\/2024 &#8902; Unicesumar. Baixe agora mesmo um Mapa Pronto resolvido!","breadcrumb":{"@id":"https:\/\/atividademapa.com\/?product=mapa-biosseguranca-e-bioetica-51-2024#breadcrumb"},"inLanguage":"pt-BR","potentialAction":[{"@type":"ReadAction","target":["https:\/\/atividademapa.com\/?product=mapa-biosseguranca-e-bioetica-51-2024"]}]},{"@type":"ImageObject","inLanguage":"pt-BR","@id":"https:\/\/atividademapa.com\/?product=mapa-biosseguranca-e-bioetica-51-2024#primaryimage","url":"https:\/\/i0.wp.com\/atividademapa.com\/wp-content\/uploads\/2023\/03\/Atividade-M.A.P.A-3.png?fit=300%2C300&ssl=1","contentUrl":"https:\/\/i0.wp.com\/atividademapa.com\/wp-content\/uploads\/2023\/03\/Atividade-M.A.P.A-3.png?fit=300%2C300&ssl=1","width":300,"height":300,"caption":"Mapa Unicesumar Atividade"},{"@type":"BreadcrumbList","@id":"https:\/\/atividademapa.com\/?product=mapa-biosseguranca-e-bioetica-51-2024#breadcrumb","itemListElement":[{"@type":"ListItem","position":1,"name":"In\u00edcio","item":"https:\/\/atividademapa.com\/"},{"@type":"ListItem","position":2,"name":"MAPAS","item":"https:\/\/atividademapa.com\/?page_id=5"},{"@type":"ListItem","position":3,"name":"MAPA Biosseguran\u00e7a e Bio\u00e9tica 51\/2024"}]},{"@type":"WebSite","@id":"https:\/\/atividademapa.com\/#website","url":"https:\/\/atividademapa.com\/","name":"Atividade Mapa","description":"StudeO | Unicesumar","publisher":{"@id":"https:\/\/atividademapa.com\/#organization"},"potentialAction":[{"@type":"SearchAction","target":{"@type":"EntryPoint","urlTemplate":"https:\/\/atividademapa.com\/?s={search_term_string}"},"query-input":{"@type":"PropertyValueSpecification","valueRequired":true,"valueName":"search_term_string"}}],"inLanguage":"pt-BR"},{"@type":"Organization","@id":"https:\/\/atividademapa.com\/#organization","name":"Atividade MAPA","url":"https:\/\/atividademapa.com\/","logo":{"@type":"ImageObject","inLanguage":"pt-BR","@id":"https:\/\/atividademapa.com\/#\/schema\/logo\/image\/","url":"https:\/\/i0.wp.com\/atividademapa.com\/wp-content\/uploads\/2023\/02\/ATIVIDADE.png?fit=600%2C300&ssl=1","contentUrl":"https:\/\/i0.wp.com\/atividademapa.com\/wp-content\/uploads\/2023\/02\/ATIVIDADE.png?fit=600%2C300&ssl=1","width":600,"height":300,"caption":"Atividade MAPA"},"image":{"@id":"https:\/\/atividademapa.com\/#\/schema\/logo\/image\/"}}]}},"_links":{"self":[{"href":"https:\/\/atividademapa.com\/index.php?rest_route=\/wp\/v2\/product\/3374","targetHints":{"allow":["GET"]}}],"collection":[{"href":"https:\/\/atividademapa.com\/index.php?rest_route=\/wp\/v2\/product"}],"about":[{"href":"https:\/\/atividademapa.com\/index.php?rest_route=\/wp\/v2\/types\/product"}],"version-history":[{"count":4,"href":"https:\/\/atividademapa.com\/index.php?rest_route=\/wp\/v2\/product\/3374\/revisions"}],"predecessor-version":[{"id":3452,"href":"https:\/\/atividademapa.com\/index.php?rest_route=\/wp\/v2\/product\/3374\/revisions\/3452"}],"wp:featuredmedia":[{"embeddable":true,"href":"https:\/\/atividademapa.com\/index.php?rest_route=\/wp\/v2\/media\/2326"}],"wp:attachment":[{"href":"https:\/\/atividademapa.com\/index.php?rest_route=%2Fwp%2Fv2%2Fmedia&parent=3374"}],"wp:term":[{"taxonomy":"product_brand","embeddable":true,"href":"https:\/\/atividademapa.com\/index.php?rest_route=%2Fwp%2Fv2%2Fproduct_brand&post=3374"},{"taxonomy":"product_cat","embeddable":true,"href":"https:\/\/atividademapa.com\/index.php?rest_route=%2Fwp%2Fv2%2Fproduct_cat&post=3374"},{"taxonomy":"product_tag","embeddable":true,"href":"https:\/\/atividademapa.com\/index.php?rest_route=%2Fwp%2Fv2%2Fproduct_tag&post=3374"}],"curies":[{"name":"wp","href":"https:\/\/api.w.org\/{rel}","templated":true}]}}