{"id":3398,"date":"2024-02-21T21:32:54","date_gmt":"2024-02-22T00:32:54","guid":{"rendered":"https:\/\/atividademapa.com\/?post_type=product&#038;p=3398"},"modified":"2024-02-21T23:46:54","modified_gmt":"2024-02-22T02:46:54","slug":"mapa-teorias-da-administracao-51-2024","status":"publish","type":"product","link":"https:\/\/atividademapa.com\/?product=mapa-teorias-da-administracao-51-2024","title":{"rendered":"MAPA Teorias da Administra\u00e7\u00e3o 51\/2024"},"content":{"rendered":"<h1>MAPA Teorias da Administra\u00e7\u00e3o 51\/2024<\/h1>\n<p>MAPA Teorias da Administra\u00e7\u00e3o 51\/2024<\/p>\n<p>Vamos para a PR\u00c1TICA: Ap\u00f3s a realiza\u00e7\u00e3o das etapas acima e dos conhecimentos adquiridos no decorrer da disciplina, fa\u00e7a o que se pede.<\/p>\n<p>1. Solicitar ao entrevistado uma breve apresenta\u00e7\u00e3o da organiza\u00e7\u00e3o, mencionando o ramo de atividade, ou seja, a natureza do neg\u00f3cio, principais produtos\/servi\u00e7os oferecidos e o tempo de atua\u00e7\u00e3o no mercado. Coloque tamb\u00e9m a fun\u00e7\u00e3o do entrevistado (cargo que ocupa na empresa).<\/p>\n<p>2. Como o entrevistado descreve a gest\u00e3o e execu\u00e7\u00e3o dos principais processos existentes na organiza\u00e7\u00e3o?<\/p>\n<p>3. Como voc\u00ea (aluno) relaciona as informa\u00e7\u00f5es coletadas na entrevista com o conceito de Organiza\u00e7\u00e3o Racional do Trabalho (ORT) proposto por Taylor?<\/p>\n<p>4. Descreva como a empresa funciona e de que maneira a teoria da ORT \u00e9 observada, justificando com exemplos de processos ou a\u00e7\u00f5es relatadas na entrevista.<\/p>\n<p>5. Na sua opini\u00e3o, em que medida os princ\u00edpios da ORT de Taylor ainda s\u00e3o relevantes nas organiza\u00e7\u00f5es modernas? Quais s\u00e3o os desafios enfrentados pelas organiza\u00e7\u00f5es ao tentar implementar os princ\u00edpios da ORT nos dias de hoje?<\/p>\n","protected":false},"excerpt":{"rendered":"<p>MAPA Teorias da Administra\u00e7\u00e3o 51\/2024 MAPA Teorias da Administra\u00e7\u00e3o 51\/2024 Vamos para a PR\u00c1TICA: Ap\u00f3s a realiza\u00e7\u00e3o das etapas acima<\/p>\n","protected":false},"featured_media":2326,"template":"","meta":{"_monsterinsights_skip_tracking":false,"_monsterinsights_sitenote_active":false,"_monsterinsights_sitenote_note":"","_monsterinsights_sitenote_category":0},"product_brand":[],"product_cat":[22],"product_tag":[],"class_list":{"0":"post-3398","1":"product","2":"type-product","3":"status-publish","4":"has-post-thumbnail","6":"product_cat-administracao","8":"first","9":"instock","10":"featured","11":"downloadable","12":"virtual","13":"purchasable","14":"product-type-simple"},"yoast_head":"<!-- This site is optimized with the Yoast SEO plugin v27.4 - https:\/\/yoast.com\/product\/yoast-seo-wordpress\/ -->\n<title>MAPA Teorias da Administra\u00e7\u00e3o 51\/2024<\/title>\n<meta name=\"description\" content=\"MAPA Teorias da Administra\u00e7\u00e3o 51\/2024 Unicesumar | Atividade MAPA Pronto. Os princ\u00edpios da ORT de Taylor. Baixe Agora!\" \/>\n<meta name=\"robots\" content=\"index, follow, max-snippet:-1, max-image-preview:large, max-video-preview:-1\" \/>\n<link rel=\"canonical\" href=\"https:\/\/atividademapa.com\/?product=mapa-teorias-da-administracao-51-2024\" \/>\n<meta property=\"og:locale\" content=\"pt_BR\" \/>\n<meta property=\"og:type\" content=\"article\" \/>\n<meta property=\"og:title\" content=\"MAPA Teorias da Administra\u00e7\u00e3o 51\/2024\" \/>\n<meta property=\"og:description\" content=\"MAPA Teorias da Administra\u00e7\u00e3o 51\/2024 Unicesumar | Atividade MAPA Pronto. Os princ\u00edpios da ORT de Taylor. Baixe Agora!\" \/>\n<meta property=\"og:url\" content=\"https:\/\/atividademapa.com\/?product=mapa-teorias-da-administracao-51-2024\" \/>\n<meta property=\"og:site_name\" content=\"Atividade Mapa\" \/>\n<meta property=\"article:modified_time\" content=\"2024-02-22T02:46:54+00:00\" \/>\n<meta property=\"og:image\" content=\"https:\/\/i0.wp.com\/atividademapa.com\/wp-content\/uploads\/2023\/03\/Atividade-M.A.P.A-3.png?fit=300%2C300&ssl=1\" \/>\n\t<meta property=\"og:image:width\" content=\"300\" \/>\n\t<meta property=\"og:image:height\" content=\"300\" \/>\n\t<meta property=\"og:image:type\" content=\"image\/png\" \/>\n<meta name=\"twitter:card\" content=\"summary_large_image\" \/>\n<meta name=\"twitter:label1\" content=\"Est. tempo de leitura\" \/>\n\t<meta name=\"twitter:data1\" content=\"1 minuto\" \/>\n<script type=\"application\/ld+json\" class=\"yoast-schema-graph\">{\"@context\":\"https:\\\/\\\/schema.org\",\"@graph\":[{\"@type\":\"WebPage\",\"@id\":\"https:\\\/\\\/atividademapa.com\\\/?product=mapa-teorias-da-administracao-51-2024\",\"url\":\"https:\\\/\\\/atividademapa.com\\\/?product=mapa-teorias-da-administracao-51-2024\",\"name\":\"MAPA Teorias da Administra\u00e7\u00e3o 51\\\/2024\",\"isPartOf\":{\"@id\":\"https:\\\/\\\/atividademapa.com\\\/#website\"},\"primaryImageOfPage\":{\"@id\":\"https:\\\/\\\/atividademapa.com\\\/?product=mapa-teorias-da-administracao-51-2024#primaryimage\"},\"image\":{\"@id\":\"https:\\\/\\\/atividademapa.com\\\/?product=mapa-teorias-da-administracao-51-2024#primaryimage\"},\"thumbnailUrl\":\"https:\\\/\\\/i0.wp.com\\\/atividademapa.com\\\/wp-content\\\/uploads\\\/2023\\\/03\\\/Atividade-M.A.P.A-3.png?fit=300%2C300&ssl=1\",\"datePublished\":\"2024-02-22T00:32:54+00:00\",\"dateModified\":\"2024-02-22T02:46:54+00:00\",\"description\":\"MAPA Teorias da Administra\u00e7\u00e3o 51\\\/2024 Unicesumar | Atividade MAPA Pronto. Os princ\u00edpios da ORT de Taylor. Baixe Agora!\",\"breadcrumb\":{\"@id\":\"https:\\\/\\\/atividademapa.com\\\/?product=mapa-teorias-da-administracao-51-2024#breadcrumb\"},\"inLanguage\":\"pt-BR\",\"potentialAction\":[{\"@type\":\"ReadAction\",\"target\":[\"https:\\\/\\\/atividademapa.com\\\/?product=mapa-teorias-da-administracao-51-2024\"]}]},{\"@type\":\"ImageObject\",\"inLanguage\":\"pt-BR\",\"@id\":\"https:\\\/\\\/atividademapa.com\\\/?product=mapa-teorias-da-administracao-51-2024#primaryimage\",\"url\":\"https:\\\/\\\/i0.wp.com\\\/atividademapa.com\\\/wp-content\\\/uploads\\\/2023\\\/03\\\/Atividade-M.A.P.A-3.png?fit=300%2C300&ssl=1\",\"contentUrl\":\"https:\\\/\\\/i0.wp.com\\\/atividademapa.com\\\/wp-content\\\/uploads\\\/2023\\\/03\\\/Atividade-M.A.P.A-3.png?fit=300%2C300&ssl=1\",\"width\":300,\"height\":300,\"caption\":\"Mapa Unicesumar Atividade\"},{\"@type\":\"BreadcrumbList\",\"@id\":\"https:\\\/\\\/atividademapa.com\\\/?product=mapa-teorias-da-administracao-51-2024#breadcrumb\",\"itemListElement\":[{\"@type\":\"ListItem\",\"position\":1,\"name\":\"In\u00edcio\",\"item\":\"https:\\\/\\\/atividademapa.com\\\/\"},{\"@type\":\"ListItem\",\"position\":2,\"name\":\"MAPAS\",\"item\":\"https:\\\/\\\/atividademapa.com\\\/?page_id=5\"},{\"@type\":\"ListItem\",\"position\":3,\"name\":\"MAPA Teorias da Administra\u00e7\u00e3o 51\\\/2024\"}]},{\"@type\":\"WebSite\",\"@id\":\"https:\\\/\\\/atividademapa.com\\\/#website\",\"url\":\"https:\\\/\\\/atividademapa.com\\\/\",\"name\":\"Atividade Mapa\",\"description\":\"StudeO | Unicesumar\",\"publisher\":{\"@id\":\"https:\\\/\\\/atividademapa.com\\\/#organization\"},\"potentialAction\":[{\"@type\":\"SearchAction\",\"target\":{\"@type\":\"EntryPoint\",\"urlTemplate\":\"https:\\\/\\\/atividademapa.com\\\/?s={search_term_string}\"},\"query-input\":{\"@type\":\"PropertyValueSpecification\",\"valueRequired\":true,\"valueName\":\"search_term_string\"}}],\"inLanguage\":\"pt-BR\"},{\"@type\":\"Organization\",\"@id\":\"https:\\\/\\\/atividademapa.com\\\/#organization\",\"name\":\"Atividade MAPA\",\"url\":\"https:\\\/\\\/atividademapa.com\\\/\",\"logo\":{\"@type\":\"ImageObject\",\"inLanguage\":\"pt-BR\",\"@id\":\"https:\\\/\\\/atividademapa.com\\\/#\\\/schema\\\/logo\\\/image\\\/\",\"url\":\"https:\\\/\\\/i0.wp.com\\\/atividademapa.com\\\/wp-content\\\/uploads\\\/2023\\\/02\\\/ATIVIDADE.png?fit=600%2C300&ssl=1\",\"contentUrl\":\"https:\\\/\\\/i0.wp.com\\\/atividademapa.com\\\/wp-content\\\/uploads\\\/2023\\\/02\\\/ATIVIDADE.png?fit=600%2C300&ssl=1\",\"width\":600,\"height\":300,\"caption\":\"Atividade MAPA\"},\"image\":{\"@id\":\"https:\\\/\\\/atividademapa.com\\\/#\\\/schema\\\/logo\\\/image\\\/\"}}]}<\/script>\n<!-- \/ Yoast SEO plugin. -->","yoast_head_json":{"title":"MAPA Teorias da Administra\u00e7\u00e3o 51\/2024","description":"MAPA Teorias da Administra\u00e7\u00e3o 51\/2024 Unicesumar | Atividade MAPA Pronto. Os princ\u00edpios da ORT de Taylor. Baixe Agora!","robots":{"index":"index","follow":"follow","max-snippet":"max-snippet:-1","max-image-preview":"max-image-preview:large","max-video-preview":"max-video-preview:-1"},"canonical":"https:\/\/atividademapa.com\/?product=mapa-teorias-da-administracao-51-2024","og_locale":"pt_BR","og_type":"article","og_title":"MAPA Teorias da Administra\u00e7\u00e3o 51\/2024","og_description":"MAPA Teorias da Administra\u00e7\u00e3o 51\/2024 Unicesumar | Atividade MAPA Pronto. Os princ\u00edpios da ORT de Taylor. Baixe Agora!","og_url":"https:\/\/atividademapa.com\/?product=mapa-teorias-da-administracao-51-2024","og_site_name":"Atividade Mapa","article_modified_time":"2024-02-22T02:46:54+00:00","og_image":[{"width":300,"height":300,"url":"https:\/\/i0.wp.com\/atividademapa.com\/wp-content\/uploads\/2023\/03\/Atividade-M.A.P.A-3.png?fit=300%2C300&ssl=1","type":"image\/png"}],"twitter_card":"summary_large_image","twitter_misc":{"Est. tempo de leitura":"1 minuto"},"schema":{"@context":"https:\/\/schema.org","@graph":[{"@type":"WebPage","@id":"https:\/\/atividademapa.com\/?product=mapa-teorias-da-administracao-51-2024","url":"https:\/\/atividademapa.com\/?product=mapa-teorias-da-administracao-51-2024","name":"MAPA Teorias da Administra\u00e7\u00e3o 51\/2024","isPartOf":{"@id":"https:\/\/atividademapa.com\/#website"},"primaryImageOfPage":{"@id":"https:\/\/atividademapa.com\/?product=mapa-teorias-da-administracao-51-2024#primaryimage"},"image":{"@id":"https:\/\/atividademapa.com\/?product=mapa-teorias-da-administracao-51-2024#primaryimage"},"thumbnailUrl":"https:\/\/i0.wp.com\/atividademapa.com\/wp-content\/uploads\/2023\/03\/Atividade-M.A.P.A-3.png?fit=300%2C300&ssl=1","datePublished":"2024-02-22T00:32:54+00:00","dateModified":"2024-02-22T02:46:54+00:00","description":"MAPA Teorias da Administra\u00e7\u00e3o 51\/2024 Unicesumar | Atividade MAPA Pronto. Os princ\u00edpios da ORT de Taylor. Baixe Agora!","breadcrumb":{"@id":"https:\/\/atividademapa.com\/?product=mapa-teorias-da-administracao-51-2024#breadcrumb"},"inLanguage":"pt-BR","potentialAction":[{"@type":"ReadAction","target":["https:\/\/atividademapa.com\/?product=mapa-teorias-da-administracao-51-2024"]}]},{"@type":"ImageObject","inLanguage":"pt-BR","@id":"https:\/\/atividademapa.com\/?product=mapa-teorias-da-administracao-51-2024#primaryimage","url":"https:\/\/i0.wp.com\/atividademapa.com\/wp-content\/uploads\/2023\/03\/Atividade-M.A.P.A-3.png?fit=300%2C300&ssl=1","contentUrl":"https:\/\/i0.wp.com\/atividademapa.com\/wp-content\/uploads\/2023\/03\/Atividade-M.A.P.A-3.png?fit=300%2C300&ssl=1","width":300,"height":300,"caption":"Mapa Unicesumar Atividade"},{"@type":"BreadcrumbList","@id":"https:\/\/atividademapa.com\/?product=mapa-teorias-da-administracao-51-2024#breadcrumb","itemListElement":[{"@type":"ListItem","position":1,"name":"In\u00edcio","item":"https:\/\/atividademapa.com\/"},{"@type":"ListItem","position":2,"name":"MAPAS","item":"https:\/\/atividademapa.com\/?page_id=5"},{"@type":"ListItem","position":3,"name":"MAPA Teorias da Administra\u00e7\u00e3o 51\/2024"}]},{"@type":"WebSite","@id":"https:\/\/atividademapa.com\/#website","url":"https:\/\/atividademapa.com\/","name":"Atividade Mapa","description":"StudeO | Unicesumar","publisher":{"@id":"https:\/\/atividademapa.com\/#organization"},"potentialAction":[{"@type":"SearchAction","target":{"@type":"EntryPoint","urlTemplate":"https:\/\/atividademapa.com\/?s={search_term_string}"},"query-input":{"@type":"PropertyValueSpecification","valueRequired":true,"valueName":"search_term_string"}}],"inLanguage":"pt-BR"},{"@type":"Organization","@id":"https:\/\/atividademapa.com\/#organization","name":"Atividade MAPA","url":"https:\/\/atividademapa.com\/","logo":{"@type":"ImageObject","inLanguage":"pt-BR","@id":"https:\/\/atividademapa.com\/#\/schema\/logo\/image\/","url":"https:\/\/i0.wp.com\/atividademapa.com\/wp-content\/uploads\/2023\/02\/ATIVIDADE.png?fit=600%2C300&ssl=1","contentUrl":"https:\/\/i0.wp.com\/atividademapa.com\/wp-content\/uploads\/2023\/02\/ATIVIDADE.png?fit=600%2C300&ssl=1","width":600,"height":300,"caption":"Atividade MAPA"},"image":{"@id":"https:\/\/atividademapa.com\/#\/schema\/logo\/image\/"}}]}},"_links":{"self":[{"href":"https:\/\/atividademapa.com\/index.php?rest_route=\/wp\/v2\/product\/3398","targetHints":{"allow":["GET"]}}],"collection":[{"href":"https:\/\/atividademapa.com\/index.php?rest_route=\/wp\/v2\/product"}],"about":[{"href":"https:\/\/atividademapa.com\/index.php?rest_route=\/wp\/v2\/types\/product"}],"version-history":[{"count":1,"href":"https:\/\/atividademapa.com\/index.php?rest_route=\/wp\/v2\/product\/3398\/revisions"}],"predecessor-version":[{"id":3400,"href":"https:\/\/atividademapa.com\/index.php?rest_route=\/wp\/v2\/product\/3398\/revisions\/3400"}],"wp:featuredmedia":[{"embeddable":true,"href":"https:\/\/atividademapa.com\/index.php?rest_route=\/wp\/v2\/media\/2326"}],"wp:attachment":[{"href":"https:\/\/atividademapa.com\/index.php?rest_route=%2Fwp%2Fv2%2Fmedia&parent=3398"}],"wp:term":[{"taxonomy":"product_brand","embeddable":true,"href":"https:\/\/atividademapa.com\/index.php?rest_route=%2Fwp%2Fv2%2Fproduct_brand&post=3398"},{"taxonomy":"product_cat","embeddable":true,"href":"https:\/\/atividademapa.com\/index.php?rest_route=%2Fwp%2Fv2%2Fproduct_cat&post=3398"},{"taxonomy":"product_tag","embeddable":true,"href":"https:\/\/atividademapa.com\/index.php?rest_route=%2Fwp%2Fv2%2Fproduct_tag&post=3398"}],"curies":[{"name":"wp","href":"https:\/\/api.w.org\/{rel}","templated":true}]}}