{"id":3402,"date":"2024-02-21T23:54:48","date_gmt":"2024-02-22T02:54:48","guid":{"rendered":"https:\/\/atividademapa.com\/?post_type=product&#038;p=3402"},"modified":"2024-03-01T22:40:43","modified_gmt":"2024-03-02T01:40:43","slug":"mapa-introducao-a-engenharia-51-2024","status":"publish","type":"product","link":"https:\/\/atividademapa.com\/?product=mapa-introducao-a-engenharia-51-2024","title":{"rendered":"MAPA Introdu\u00e7\u00e3o a Engenharia 51\/2024"},"content":{"rendered":"<h1>MAPA Introdu\u00e7\u00e3o a Engenharia 51\/2024<\/h1>\n<p>CONTEXTUALIZA\u00c7\u00c3O &#8211; Introdu\u00e7\u00e3o a Engenharia 51\/2024<\/p>\n<p>A hist\u00f3ria do chocolate remonta ao descobrimento da Am\u00e9rica, quando Crist\u00f3v\u00e3o Colombo apresentou sementes de cacau \u00e0 corte espanhola. No Brasil, as sementes de cacau chegaram em 1746, impulsionando as lavouras cacaueiras na Bahia. A regi\u00e3o ficou conhecida pelos &#8220;coron\u00e9is do cacau&#8221;. Durante boa parte do s\u00e9culo XIX, o chocolate continuou a ser consumido exclusivamente na forma l\u00edquida \u2013 mas a partir de 1861 passou a ser vendido na forma s\u00f3lida, acondicionado em caixas com formato de cora\u00e7\u00e3o. Apenas em 1876, na Su\u00ed\u00e7a, o chocolatier Daniel Peter desenvolveu a t\u00e9cnica de adi\u00e7\u00e3o de leite ao chocolate, criando o produto final que consumimos at\u00e9 hoje.<\/p>\n<p>Fonte: https:\/\/www.abicab.org.br\/paginas\/chocolate\/o-chocolate. Acesso em: 6 fev. 2024.<\/p>\n<p>Uma ind\u00fastria de chocolates planeja amplia\u00e7\u00e3o com a instala\u00e7\u00e3o de uma nova filial. A empresa enfrentou desafios no fluxo de produ\u00e7\u00e3o e comunica\u00e7\u00e3o entre os departamentos, por isso decidiu contratar uma equipe de consultoria para realizar o projeto completo da nova filial. Voc\u00ea faz parte desta equipe de consultoria e, para isso, auxiliar\u00e1 em algumas etapas:<\/p>\n<p>Etapa 1)<\/p>\n<p>Para realizar a divis\u00e3o de tarefas para o projeto inicial, voc\u00ea designar\u00e1 7 frentes de trabalho, cada uma dedicada a uma engenharia. Descreva as 7 divis\u00f5es, quais engenheiros ser\u00e3o respons\u00e1veis e qual a responsabilidade respectiva de cada divis\u00e3o<br \/>\n(Exemplo: <span style=\"color: #333333;\"><a style=\"color: #333333;\" href=\"http:\/\/mundodosportfolios.com\">engenharia<\/a><\/span> civil, el\u00e9trica, de alimentos, qu\u00edmica, de produ\u00e7\u00e3o, <span style=\"color: #333333;\"><a style=\"color: #333333;\" href=\"https:\/\/eadcolaborar.com\/produtos\/aula-pratica-mecanica-geral-aplicada\/\">mec\u00e2nica<\/a><\/span>, ambiental, de seguran\u00e7a do trabalho, de controle e automa\u00e7\u00e3o, entre outras).<\/p>\n<p>Etapa 2)<br \/>\nConsidere que a f\u00e1brica de chocolates nova receber\u00e1 3 tipos diferentes de cacau. Cada uma passa por um processo de separa\u00e7\u00e3o, no qual uma porcentagem de impurezas \u00e9 retirada. Ap\u00f3s a retirada de impurezas de cada tipo de cacau, todos s\u00e3o misturados e, ent\u00e3o, \u00e9 adicionado amendoim. Para tal processo, temos os seguintes dados:<\/p>\n<p>Cacau Tipo A: a f\u00e1brica receber\u00e1 1,2 ton\/dia e devem ser retirados 8% de impurezas.<\/p>\n<p>Cacau Tipo B: a f\u00e1brica receber\u00e1 1,0 ton\/dia e devem ser retirados 10% de impurezas.<\/p>\n<p>Cacau Tipo C: a f\u00e1brica receber\u00e1 800 kg\/dia e devem ser retirados 12% de impurezas.<\/p>\n<p>Amendoim: adi\u00e7\u00e3o de 500 kg\/dia.<br \/>\na) Fa\u00e7a um fluxograma (desenho) simplificado do processo de mistura do chocolate, conforme descrito.<\/p>\n<p>b) Calcule quantas ton\/dia de barras ser\u00e3o produzidas<\/p>\n<p>Etapa 3) Introdu\u00e7\u00e3o a Engenharia 51\/2024<br \/>\nVoc\u00ea quer se destacar dentro de sua equipe e, por isso, ao final da consultoria, tamb\u00e9m realiza a sugest\u00e3o de uma melhoria inovadora para a empresa. Assim, descreva detalhadamente sua sugest\u00e3o inovadora para a nova filial da ind\u00fastria de chocolate, que pode ser relacionada na \u00e1rea ambiental, de produ\u00e7\u00e3o, de produto, pesquisa, tecnologia, entre outras (\u00e1rea que voc\u00ea quiser ou achar melhor).<br \/>\nObs: a resposta deve ser bem elaborada<span style=\"color: #333333;\"><a style=\"color: #333333;\" href=\"https:\/\/atividademapa.com\">.<\/a><\/span><\/p>\n","protected":false},"excerpt":{"rendered":"<p>MAPA Introdu\u00e7\u00e3o a Engenharia 51\/2024 CONTEXTUALIZA\u00c7\u00c3O &#8211; Introdu\u00e7\u00e3o a Engenharia 51\/2024 A hist\u00f3ria do chocolate remonta ao descobrimento da Am\u00e9rica,<\/p>\n","protected":false},"featured_media":2326,"template":"","meta":{"_monsterinsights_skip_tracking":false,"_monsterinsights_sitenote_active":false,"_monsterinsights_sitenote_note":"","_monsterinsights_sitenote_category":0},"product_brand":[],"product_cat":[60,86,45],"product_tag":[120],"class_list":{"0":"post-3402","1":"product","2":"type-product","3":"status-publish","4":"has-post-thumbnail","6":"product_cat-engenharia-civil","7":"product_cat-engenharia-mecanica","8":"product_cat-engenharias","9":"product_tag-modulo-51-2024","11":"first","12":"instock","13":"downloadable","14":"virtual","15":"purchasable","16":"product-type-simple"},"yoast_head":"<!-- This site is optimized with the Yoast SEO plugin v27.4 - https:\/\/yoast.com\/product\/yoast-seo-wordpress\/ -->\n<title>MAPA Introdu\u00e7\u00e3o a Engenharia 51\/2024<\/title>\n<meta name=\"description\" content=\"MAPA Introdu\u00e7\u00e3o a Engenharia 51\/2024 Unicesumar | Atividade MAPA Pronto. Uma ind\u00fastria de chocolates planeja amplia\u00e7\u00e3o com a instala\u00e7\u00e3o de uma nova filial.\" \/>\n<meta name=\"robots\" content=\"index, follow, max-snippet:-1, max-image-preview:large, max-video-preview:-1\" \/>\n<link rel=\"canonical\" href=\"https:\/\/atividademapa.com\/?product=mapa-introducao-a-engenharia-51-2024\" \/>\n<meta property=\"og:locale\" content=\"pt_BR\" \/>\n<meta property=\"og:type\" content=\"article\" \/>\n<meta property=\"og:title\" content=\"MAPA Introdu\u00e7\u00e3o a Engenharia 51\/2024\" \/>\n<meta property=\"og:description\" content=\"MAPA Introdu\u00e7\u00e3o a Engenharia 51\/2024 Unicesumar | Atividade MAPA Pronto. Uma ind\u00fastria de chocolates planeja amplia\u00e7\u00e3o com a instala\u00e7\u00e3o de uma nova filial.\" \/>\n<meta property=\"og:url\" content=\"https:\/\/atividademapa.com\/?product=mapa-introducao-a-engenharia-51-2024\" \/>\n<meta property=\"og:site_name\" content=\"Atividade Mapa\" \/>\n<meta property=\"article:modified_time\" content=\"2024-03-02T01:40:43+00:00\" \/>\n<meta property=\"og:image\" content=\"https:\/\/i0.wp.com\/atividademapa.com\/wp-content\/uploads\/2023\/03\/Atividade-M.A.P.A-3.png?fit=300%2C300&ssl=1\" \/>\n\t<meta property=\"og:image:width\" content=\"300\" \/>\n\t<meta property=\"og:image:height\" content=\"300\" \/>\n\t<meta property=\"og:image:type\" content=\"image\/png\" \/>\n<meta name=\"twitter:card\" content=\"summary_large_image\" \/>\n<meta name=\"twitter:label1\" content=\"Est. tempo de leitura\" \/>\n\t<meta name=\"twitter:data1\" content=\"2 minutos\" \/>\n<script type=\"application\/ld+json\" class=\"yoast-schema-graph\">{\"@context\":\"https:\\\/\\\/schema.org\",\"@graph\":[{\"@type\":\"WebPage\",\"@id\":\"https:\\\/\\\/atividademapa.com\\\/?product=mapa-introducao-a-engenharia-51-2024\",\"url\":\"https:\\\/\\\/atividademapa.com\\\/?product=mapa-introducao-a-engenharia-51-2024\",\"name\":\"MAPA Introdu\u00e7\u00e3o a Engenharia 51\\\/2024\",\"isPartOf\":{\"@id\":\"https:\\\/\\\/atividademapa.com\\\/#website\"},\"primaryImageOfPage\":{\"@id\":\"https:\\\/\\\/atividademapa.com\\\/?product=mapa-introducao-a-engenharia-51-2024#primaryimage\"},\"image\":{\"@id\":\"https:\\\/\\\/atividademapa.com\\\/?product=mapa-introducao-a-engenharia-51-2024#primaryimage\"},\"thumbnailUrl\":\"https:\\\/\\\/i0.wp.com\\\/atividademapa.com\\\/wp-content\\\/uploads\\\/2023\\\/03\\\/Atividade-M.A.P.A-3.png?fit=300%2C300&ssl=1\",\"datePublished\":\"2024-02-22T02:54:48+00:00\",\"dateModified\":\"2024-03-02T01:40:43+00:00\",\"description\":\"MAPA Introdu\u00e7\u00e3o a Engenharia 51\\\/2024 Unicesumar | Atividade MAPA Pronto. Uma ind\u00fastria de chocolates planeja amplia\u00e7\u00e3o com a instala\u00e7\u00e3o de uma nova filial.\",\"breadcrumb\":{\"@id\":\"https:\\\/\\\/atividademapa.com\\\/?product=mapa-introducao-a-engenharia-51-2024#breadcrumb\"},\"inLanguage\":\"pt-BR\",\"potentialAction\":[{\"@type\":\"ReadAction\",\"target\":[\"https:\\\/\\\/atividademapa.com\\\/?product=mapa-introducao-a-engenharia-51-2024\"]}]},{\"@type\":\"ImageObject\",\"inLanguage\":\"pt-BR\",\"@id\":\"https:\\\/\\\/atividademapa.com\\\/?product=mapa-introducao-a-engenharia-51-2024#primaryimage\",\"url\":\"https:\\\/\\\/i0.wp.com\\\/atividademapa.com\\\/wp-content\\\/uploads\\\/2023\\\/03\\\/Atividade-M.A.P.A-3.png?fit=300%2C300&ssl=1\",\"contentUrl\":\"https:\\\/\\\/i0.wp.com\\\/atividademapa.com\\\/wp-content\\\/uploads\\\/2023\\\/03\\\/Atividade-M.A.P.A-3.png?fit=300%2C300&ssl=1\",\"width\":300,\"height\":300,\"caption\":\"Mapa Unicesumar Atividade\"},{\"@type\":\"BreadcrumbList\",\"@id\":\"https:\\\/\\\/atividademapa.com\\\/?product=mapa-introducao-a-engenharia-51-2024#breadcrumb\",\"itemListElement\":[{\"@type\":\"ListItem\",\"position\":1,\"name\":\"In\u00edcio\",\"item\":\"https:\\\/\\\/atividademapa.com\\\/\"},{\"@type\":\"ListItem\",\"position\":2,\"name\":\"MAPAS\",\"item\":\"https:\\\/\\\/atividademapa.com\\\/?page_id=5\"},{\"@type\":\"ListItem\",\"position\":3,\"name\":\"MAPA Introdu\u00e7\u00e3o a Engenharia 51\\\/2024\"}]},{\"@type\":\"WebSite\",\"@id\":\"https:\\\/\\\/atividademapa.com\\\/#website\",\"url\":\"https:\\\/\\\/atividademapa.com\\\/\",\"name\":\"Atividade Mapa\",\"description\":\"StudeO | Unicesumar\",\"publisher\":{\"@id\":\"https:\\\/\\\/atividademapa.com\\\/#organization\"},\"potentialAction\":[{\"@type\":\"SearchAction\",\"target\":{\"@type\":\"EntryPoint\",\"urlTemplate\":\"https:\\\/\\\/atividademapa.com\\\/?s={search_term_string}\"},\"query-input\":{\"@type\":\"PropertyValueSpecification\",\"valueRequired\":true,\"valueName\":\"search_term_string\"}}],\"inLanguage\":\"pt-BR\"},{\"@type\":\"Organization\",\"@id\":\"https:\\\/\\\/atividademapa.com\\\/#organization\",\"name\":\"Atividade MAPA\",\"url\":\"https:\\\/\\\/atividademapa.com\\\/\",\"logo\":{\"@type\":\"ImageObject\",\"inLanguage\":\"pt-BR\",\"@id\":\"https:\\\/\\\/atividademapa.com\\\/#\\\/schema\\\/logo\\\/image\\\/\",\"url\":\"https:\\\/\\\/i0.wp.com\\\/atividademapa.com\\\/wp-content\\\/uploads\\\/2023\\\/02\\\/ATIVIDADE.png?fit=600%2C300&ssl=1\",\"contentUrl\":\"https:\\\/\\\/i0.wp.com\\\/atividademapa.com\\\/wp-content\\\/uploads\\\/2023\\\/02\\\/ATIVIDADE.png?fit=600%2C300&ssl=1\",\"width\":600,\"height\":300,\"caption\":\"Atividade MAPA\"},\"image\":{\"@id\":\"https:\\\/\\\/atividademapa.com\\\/#\\\/schema\\\/logo\\\/image\\\/\"}}]}<\/script>\n<!-- \/ Yoast SEO plugin. -->","yoast_head_json":{"title":"MAPA Introdu\u00e7\u00e3o a Engenharia 51\/2024","description":"MAPA Introdu\u00e7\u00e3o a Engenharia 51\/2024 Unicesumar | Atividade MAPA Pronto. Uma ind\u00fastria de chocolates planeja amplia\u00e7\u00e3o com a instala\u00e7\u00e3o de uma nova filial.","robots":{"index":"index","follow":"follow","max-snippet":"max-snippet:-1","max-image-preview":"max-image-preview:large","max-video-preview":"max-video-preview:-1"},"canonical":"https:\/\/atividademapa.com\/?product=mapa-introducao-a-engenharia-51-2024","og_locale":"pt_BR","og_type":"article","og_title":"MAPA Introdu\u00e7\u00e3o a Engenharia 51\/2024","og_description":"MAPA Introdu\u00e7\u00e3o a Engenharia 51\/2024 Unicesumar | Atividade MAPA Pronto. Uma ind\u00fastria de chocolates planeja amplia\u00e7\u00e3o com a instala\u00e7\u00e3o de uma nova filial.","og_url":"https:\/\/atividademapa.com\/?product=mapa-introducao-a-engenharia-51-2024","og_site_name":"Atividade Mapa","article_modified_time":"2024-03-02T01:40:43+00:00","og_image":[{"width":300,"height":300,"url":"https:\/\/i0.wp.com\/atividademapa.com\/wp-content\/uploads\/2023\/03\/Atividade-M.A.P.A-3.png?fit=300%2C300&ssl=1","type":"image\/png"}],"twitter_card":"summary_large_image","twitter_misc":{"Est. tempo de leitura":"2 minutos"},"schema":{"@context":"https:\/\/schema.org","@graph":[{"@type":"WebPage","@id":"https:\/\/atividademapa.com\/?product=mapa-introducao-a-engenharia-51-2024","url":"https:\/\/atividademapa.com\/?product=mapa-introducao-a-engenharia-51-2024","name":"MAPA Introdu\u00e7\u00e3o a Engenharia 51\/2024","isPartOf":{"@id":"https:\/\/atividademapa.com\/#website"},"primaryImageOfPage":{"@id":"https:\/\/atividademapa.com\/?product=mapa-introducao-a-engenharia-51-2024#primaryimage"},"image":{"@id":"https:\/\/atividademapa.com\/?product=mapa-introducao-a-engenharia-51-2024#primaryimage"},"thumbnailUrl":"https:\/\/i0.wp.com\/atividademapa.com\/wp-content\/uploads\/2023\/03\/Atividade-M.A.P.A-3.png?fit=300%2C300&ssl=1","datePublished":"2024-02-22T02:54:48+00:00","dateModified":"2024-03-02T01:40:43+00:00","description":"MAPA Introdu\u00e7\u00e3o a Engenharia 51\/2024 Unicesumar | Atividade MAPA Pronto. Uma ind\u00fastria de chocolates planeja amplia\u00e7\u00e3o com a instala\u00e7\u00e3o de uma nova filial.","breadcrumb":{"@id":"https:\/\/atividademapa.com\/?product=mapa-introducao-a-engenharia-51-2024#breadcrumb"},"inLanguage":"pt-BR","potentialAction":[{"@type":"ReadAction","target":["https:\/\/atividademapa.com\/?product=mapa-introducao-a-engenharia-51-2024"]}]},{"@type":"ImageObject","inLanguage":"pt-BR","@id":"https:\/\/atividademapa.com\/?product=mapa-introducao-a-engenharia-51-2024#primaryimage","url":"https:\/\/i0.wp.com\/atividademapa.com\/wp-content\/uploads\/2023\/03\/Atividade-M.A.P.A-3.png?fit=300%2C300&ssl=1","contentUrl":"https:\/\/i0.wp.com\/atividademapa.com\/wp-content\/uploads\/2023\/03\/Atividade-M.A.P.A-3.png?fit=300%2C300&ssl=1","width":300,"height":300,"caption":"Mapa Unicesumar Atividade"},{"@type":"BreadcrumbList","@id":"https:\/\/atividademapa.com\/?product=mapa-introducao-a-engenharia-51-2024#breadcrumb","itemListElement":[{"@type":"ListItem","position":1,"name":"In\u00edcio","item":"https:\/\/atividademapa.com\/"},{"@type":"ListItem","position":2,"name":"MAPAS","item":"https:\/\/atividademapa.com\/?page_id=5"},{"@type":"ListItem","position":3,"name":"MAPA Introdu\u00e7\u00e3o a Engenharia 51\/2024"}]},{"@type":"WebSite","@id":"https:\/\/atividademapa.com\/#website","url":"https:\/\/atividademapa.com\/","name":"Atividade Mapa","description":"StudeO | Unicesumar","publisher":{"@id":"https:\/\/atividademapa.com\/#organization"},"potentialAction":[{"@type":"SearchAction","target":{"@type":"EntryPoint","urlTemplate":"https:\/\/atividademapa.com\/?s={search_term_string}"},"query-input":{"@type":"PropertyValueSpecification","valueRequired":true,"valueName":"search_term_string"}}],"inLanguage":"pt-BR"},{"@type":"Organization","@id":"https:\/\/atividademapa.com\/#organization","name":"Atividade MAPA","url":"https:\/\/atividademapa.com\/","logo":{"@type":"ImageObject","inLanguage":"pt-BR","@id":"https:\/\/atividademapa.com\/#\/schema\/logo\/image\/","url":"https:\/\/i0.wp.com\/atividademapa.com\/wp-content\/uploads\/2023\/02\/ATIVIDADE.png?fit=600%2C300&ssl=1","contentUrl":"https:\/\/i0.wp.com\/atividademapa.com\/wp-content\/uploads\/2023\/02\/ATIVIDADE.png?fit=600%2C300&ssl=1","width":600,"height":300,"caption":"Atividade MAPA"},"image":{"@id":"https:\/\/atividademapa.com\/#\/schema\/logo\/image\/"}}]}},"_links":{"self":[{"href":"https:\/\/atividademapa.com\/index.php?rest_route=\/wp\/v2\/product\/3402","targetHints":{"allow":["GET"]}}],"collection":[{"href":"https:\/\/atividademapa.com\/index.php?rest_route=\/wp\/v2\/product"}],"about":[{"href":"https:\/\/atividademapa.com\/index.php?rest_route=\/wp\/v2\/types\/product"}],"version-history":[{"count":3,"href":"https:\/\/atividademapa.com\/index.php?rest_route=\/wp\/v2\/product\/3402\/revisions"}],"predecessor-version":[{"id":3485,"href":"https:\/\/atividademapa.com\/index.php?rest_route=\/wp\/v2\/product\/3402\/revisions\/3485"}],"wp:featuredmedia":[{"embeddable":true,"href":"https:\/\/atividademapa.com\/index.php?rest_route=\/wp\/v2\/media\/2326"}],"wp:attachment":[{"href":"https:\/\/atividademapa.com\/index.php?rest_route=%2Fwp%2Fv2%2Fmedia&parent=3402"}],"wp:term":[{"taxonomy":"product_brand","embeddable":true,"href":"https:\/\/atividademapa.com\/index.php?rest_route=%2Fwp%2Fv2%2Fproduct_brand&post=3402"},{"taxonomy":"product_cat","embeddable":true,"href":"https:\/\/atividademapa.com\/index.php?rest_route=%2Fwp%2Fv2%2Fproduct_cat&post=3402"},{"taxonomy":"product_tag","embeddable":true,"href":"https:\/\/atividademapa.com\/index.php?rest_route=%2Fwp%2Fv2%2Fproduct_tag&post=3402"}],"curies":[{"name":"wp","href":"https:\/\/api.w.org\/{rel}","templated":true}]}}