{"id":3405,"date":"2024-02-22T00:03:24","date_gmt":"2024-02-22T03:03:24","guid":{"rendered":"https:\/\/atividademapa.com\/?post_type=product&#038;p=3405"},"modified":"2024-02-22T00:03:24","modified_gmt":"2024-02-22T03:03:24","slug":"mapa-conceitos-de-administracao-e-etica-empresarial-51-2024","status":"publish","type":"product","link":"https:\/\/atividademapa.com\/?product=mapa-conceitos-de-administracao-e-etica-empresarial-51-2024","title":{"rendered":"MAPA Conceitos de Administra\u00e7\u00e3o e \u00c9tica Empresarial 51\/2024"},"content":{"rendered":"<h1>MAPA Conceitos de Administra\u00e7\u00e3o e \u00c9tica Empresarial 51\/2024<\/h1>\n<p>MAPA Conceitos de Administra\u00e7\u00e3o e \u00c9tica Empresarial 51\/2024<\/p>\n<p>Ol\u00e1, estudante!<br \/>\nChegou a hora de colocar em pr\u00e1tica os conhecimentos adquiridos na disciplina. Para isso, fa\u00e7a a atividade MAPA, conforme as orienta\u00e7\u00f5es a seguir:<\/p>\n<p>\u201cA gest\u00e3o de qualquer neg\u00f3cio \u00e9 extremamente complexa, em fun\u00e7\u00e3o da grande quantidade de processos necess\u00e1rios para a execu\u00e7\u00e3o das tarefas.<br \/>\nH\u00e1 empresas que t\u00eam v\u00e1rios departamentos, como marketing, administrativo, financeiro, entre outros. Cada se\u00e7\u00e3o ter\u00e1 processos espec\u00edficos e todos eles precisam ser controlados para se identificar o que \u00e9 eficiente e o que n\u00e3o \u00e9\u201d.<\/p>\n<p>Fonte: https:\/\/blog.sebraealagoas.com.br\/inovacao\/decisao-baseada-em-dados-o-que-voce-precisa-saber-contamos-aqui. Acesso em: 6 fev. 2024.<\/p>\n<p>Tornar os processos e a execu\u00e7\u00e3o das tarefas eficientes \u00e9 um grande desafio para qualquer profissional que atua na gest\u00e3o dos neg\u00f3cios. A gest\u00e3o do neg\u00f3cio requer cuidados, desde o planejamento at\u00e9 sua implementa\u00e7\u00e3o; isto \u00e9, administrar o neg\u00f3cio e seus departamentos para se obter resultados positivos e tornar o neg\u00f3cio promissor.<\/p>\n<p>Isso traz uma grande signific\u00e2ncia a nossa disciplina de Conceitos da Administra\u00e7\u00e3o e \u00c9tica Empresarial para a sua futura profiss\u00e3o. A administra\u00e7\u00e3o constituiu uma necessidade comum a v\u00e1rias profiss\u00f5es e voc\u00ea n\u00e3o pode ficar fora dessa compet\u00eancia, concorda?<\/p>\n<p>Aplicar os conceitos da administra\u00e7\u00e3o \u00e9 fazer com que o neg\u00f3cio que voc\u00ea atuar\u00e1 tenha um futuro desejado e planejado atrav\u00e9s da organiza\u00e7\u00e3o dos recursos, dire\u00e7\u00e3o das atividades e controle do que est\u00e1 sendo implementado.<\/p>\n<p>Bom, e que tal experimentar um caso de uma empresa que busca uma gest\u00e3o eficiente do seu neg\u00f3cio atrav\u00e9s da sustentabilidade?<\/p>\n<p>Assim, convido voc\u00ea para assistir ao v\u00eddeo do link a seguir: https:\/\/www.youtube.com\/watch?v=jHoQ3HdO-CI.<\/p>\n<p>Vamos experimentar esse caso e aprender!!!<\/p>\n<p>Gostaria de levar voc\u00ea a uma reflex\u00e3o. Sobre essa experimenta\u00e7\u00e3o que acabou de assistir, reflita quais questionamentos voc\u00ea faria para gerir um neg\u00f3cio com o apoio da sustentabilidade, quais a\u00e7\u00f5es faria para administrar um neg\u00f3cio. Caso deseje, escreva isso, suas anota\u00e7\u00f5es ser\u00e3o importantes para a etapa de a\u00e7\u00e3o de sua atividade MAPA.<\/p>\n<p>No nosso pr\u00f3prio livro did\u00e1tico de Conceitos da Administra\u00e7\u00e3o e \u00c9tica, estudamos e aprendemos sobre conceitos que direcionam para a utiliza\u00e7\u00e3o correta dos recursos para tornar os neg\u00f3cios mais eficientes e a import\u00e2ncia da administra\u00e7\u00e3o estruturada para os neg\u00f3cios.<\/p>\n<p>De modo geral, o que percebemos nos conceitos \u00e9 que a gest\u00e3o ou a administra\u00e7\u00e3o (que aqui trataremos como sin\u00f4nimos) \u00e9 algo inerente a todo o tipo de organiza\u00e7\u00e3o. Sem ela, seria caos e n\u00e3o organiza\u00e7\u00e3o.<\/p>\n<p>Fonte: MENEGASSI, C H. M. Conceitos da administra\u00e7\u00e3o e \u00e9tica empresarial. Maring\u00e1: UniCesumar, 2018.<\/p>\n<p>Chegou o momento mais esperado em sua atividade MAPA, aquele em que voc\u00ea colocar\u00e1 a m\u00e3o na massa e partir\u00e1 para a a\u00e7\u00e3o.<\/p>\n<p>Pois bem, hipot\u00e9ticamente imagine que voc\u00ea foi convidado a estruturar a administra\u00e7\u00e3o de um escrit\u00f3rio de engenharia para concorrer com a empresa apresentada na experimenta\u00e7\u00e3o.<\/p>\n<p>Para atender ao seu objetivo, voc\u00ea ter\u00e1 algumas etapas, que ser\u00e3o todo o desenvolvimento de sua atividade MAPA. Vamos para cada uma delas!<\/p>\n<p>Etapa 1: conhecendo o concorrente<\/p>\n<p>Nesta primeira etapa, voc\u00ea dever\u00e1 apresentar o seu concorrente (a empresa do v\u00eddeo da apresenta\u00e7\u00e3o) e determinar as principais caracter\u00edsticas dele.<\/p>\n<p>Etapa 2: apresentando o neg\u00f3cio<\/p>\n<p>Nesta segunda etapa, voc\u00ea dever\u00e1 apresentar o seu neg\u00f3cio, que ser\u00e1 um escrit\u00f3rio de engenharia, para concorrer de maneira hipot\u00e9tica com a empresa do v\u00eddeo da apresenta\u00e7\u00e3o. Essa apresenta\u00e7\u00e3o deve ser obrigatoriamente estruturada com os quatro pilares que caracterizam uma organiza\u00e7\u00e3o, detalhando cada um deles. N\u00e3o deixe de acrescentar a sustentabilidade em alguns dos pilares.<\/p>\n<p>Etapa 3: \u00e1rea funcional do marketing do neg\u00f3cio<\/p>\n<p>Nesta terceira etapa, voc\u00ea dever\u00e1 propor um plano de marketing para o seu escrit\u00f3rio de engenharia de maneira hipot\u00e9tica. Para esse plano de marketing, voc\u00ea ter\u00e1 que utilizar o mix de marketing; no m\u00ednimo 1 dos 4Ps do mix dever\u00e1 ser escolhido e detalhado por voc\u00ea em seu plano de marketing.<\/p>\n<p>Etapa 4: estrat\u00e9gia do neg\u00f3cio<\/p>\n<p>Nesta quarta e \u00faltima etapa, voc\u00ea dever\u00e1 propor uma estrat\u00e9gia para que o seu neg\u00f3cio de maneira hipot\u00e9tica consiga superar a empresa do v\u00eddeo da experimenta\u00e7\u00e3o. Desenvolva uma estrat\u00e9gia de neg\u00f3cio que fa\u00e7a a sua empresa ganhar mercado.<\/p>\n<p>&nbsp;<\/p>\n","protected":false},"excerpt":{"rendered":"<p>MAPA Conceitos de Administra\u00e7\u00e3o e \u00c9tica Empresarial 51\/2024 MAPA Conceitos de Administra\u00e7\u00e3o e \u00c9tica Empresarial 51\/2024 Ol\u00e1, estudante! Chegou a<\/p>\n","protected":false},"featured_media":2326,"template":"","meta":{"_monsterinsights_skip_tracking":false,"_monsterinsights_sitenote_active":false,"_monsterinsights_sitenote_note":"","_monsterinsights_sitenote_category":0},"product_brand":[],"product_cat":[60,86,45],"product_tag":[],"class_list":{"0":"post-3405","1":"product","2":"type-product","3":"status-publish","4":"has-post-thumbnail","6":"product_cat-engenharia-civil","7":"product_cat-engenharia-mecanica","8":"product_cat-engenharias","10":"first","11":"instock","12":"downloadable","13":"virtual","14":"purchasable","15":"product-type-simple"},"yoast_head":"<!-- This site is optimized with the Yoast SEO plugin v27.4 - https:\/\/yoast.com\/product\/yoast-seo-wordpress\/ -->\n<title>MAPA Conceitos de Administra\u00e7\u00e3o e \u00c9tica Empresarial 51\/2024<\/title>\n<meta name=\"description\" content=\"Atividade MAPA Conceitos de Administra\u00e7\u00e3o e \u00c9tica Empresarial 51\/2024 &#8902; Unicesumar. Baixe agora mesmo um Mapa Pronto resolvido!\" \/>\n<meta name=\"robots\" content=\"index, follow, max-snippet:-1, max-image-preview:large, max-video-preview:-1\" \/>\n<link rel=\"canonical\" href=\"https:\/\/atividademapa.com\/?product=mapa-conceitos-de-administracao-e-etica-empresarial-51-2024\" \/>\n<meta property=\"og:locale\" content=\"pt_BR\" \/>\n<meta property=\"og:type\" content=\"article\" \/>\n<meta property=\"og:title\" content=\"MAPA Conceitos de Administra\u00e7\u00e3o e \u00c9tica Empresarial 51\/2024\" \/>\n<meta property=\"og:description\" content=\"Atividade MAPA Conceitos de Administra\u00e7\u00e3o e \u00c9tica Empresarial 51\/2024 &#8902; Unicesumar. Baixe agora mesmo um Mapa Pronto resolvido!\" \/>\n<meta property=\"og:url\" content=\"https:\/\/atividademapa.com\/?product=mapa-conceitos-de-administracao-e-etica-empresarial-51-2024\" \/>\n<meta property=\"og:site_name\" content=\"Atividade Mapa\" \/>\n<meta property=\"og:image\" content=\"https:\/\/i0.wp.com\/atividademapa.com\/wp-content\/uploads\/2023\/03\/Atividade-M.A.P.A-3.png?fit=300%2C300&ssl=1\" \/>\n\t<meta property=\"og:image:width\" content=\"300\" \/>\n\t<meta property=\"og:image:height\" content=\"300\" \/>\n\t<meta property=\"og:image:type\" content=\"image\/png\" \/>\n<meta name=\"twitter:card\" content=\"summary_large_image\" \/>\n<meta name=\"twitter:label1\" content=\"Est. tempo de leitura\" \/>\n\t<meta name=\"twitter:data1\" content=\"4 minutos\" \/>\n<script type=\"application\/ld+json\" class=\"yoast-schema-graph\">{\"@context\":\"https:\\\/\\\/schema.org\",\"@graph\":[{\"@type\":\"WebPage\",\"@id\":\"https:\\\/\\\/atividademapa.com\\\/?product=mapa-conceitos-de-administracao-e-etica-empresarial-51-2024\",\"url\":\"https:\\\/\\\/atividademapa.com\\\/?product=mapa-conceitos-de-administracao-e-etica-empresarial-51-2024\",\"name\":\"MAPA Conceitos de Administra\u00e7\u00e3o e \u00c9tica Empresarial 51\\\/2024\",\"isPartOf\":{\"@id\":\"https:\\\/\\\/atividademapa.com\\\/#website\"},\"primaryImageOfPage\":{\"@id\":\"https:\\\/\\\/atividademapa.com\\\/?product=mapa-conceitos-de-administracao-e-etica-empresarial-51-2024#primaryimage\"},\"image\":{\"@id\":\"https:\\\/\\\/atividademapa.com\\\/?product=mapa-conceitos-de-administracao-e-etica-empresarial-51-2024#primaryimage\"},\"thumbnailUrl\":\"https:\\\/\\\/i0.wp.com\\\/atividademapa.com\\\/wp-content\\\/uploads\\\/2023\\\/03\\\/Atividade-M.A.P.A-3.png?fit=300%2C300&ssl=1\",\"datePublished\":\"2024-02-22T03:03:24+00:00\",\"description\":\"Atividade MAPA Conceitos de Administra\u00e7\u00e3o e \u00c9tica Empresarial 51\\\/2024 &#8902; Unicesumar. Baixe agora mesmo um Mapa Pronto resolvido!\",\"breadcrumb\":{\"@id\":\"https:\\\/\\\/atividademapa.com\\\/?product=mapa-conceitos-de-administracao-e-etica-empresarial-51-2024#breadcrumb\"},\"inLanguage\":\"pt-BR\",\"potentialAction\":[{\"@type\":\"ReadAction\",\"target\":[\"https:\\\/\\\/atividademapa.com\\\/?product=mapa-conceitos-de-administracao-e-etica-empresarial-51-2024\"]}]},{\"@type\":\"ImageObject\",\"inLanguage\":\"pt-BR\",\"@id\":\"https:\\\/\\\/atividademapa.com\\\/?product=mapa-conceitos-de-administracao-e-etica-empresarial-51-2024#primaryimage\",\"url\":\"https:\\\/\\\/i0.wp.com\\\/atividademapa.com\\\/wp-content\\\/uploads\\\/2023\\\/03\\\/Atividade-M.A.P.A-3.png?fit=300%2C300&ssl=1\",\"contentUrl\":\"https:\\\/\\\/i0.wp.com\\\/atividademapa.com\\\/wp-content\\\/uploads\\\/2023\\\/03\\\/Atividade-M.A.P.A-3.png?fit=300%2C300&ssl=1\",\"width\":300,\"height\":300,\"caption\":\"Mapa Unicesumar Atividade\"},{\"@type\":\"BreadcrumbList\",\"@id\":\"https:\\\/\\\/atividademapa.com\\\/?product=mapa-conceitos-de-administracao-e-etica-empresarial-51-2024#breadcrumb\",\"itemListElement\":[{\"@type\":\"ListItem\",\"position\":1,\"name\":\"In\u00edcio\",\"item\":\"https:\\\/\\\/atividademapa.com\\\/\"},{\"@type\":\"ListItem\",\"position\":2,\"name\":\"MAPAS\",\"item\":\"https:\\\/\\\/atividademapa.com\\\/?page_id=5\"},{\"@type\":\"ListItem\",\"position\":3,\"name\":\"MAPA Conceitos de Administra\u00e7\u00e3o e \u00c9tica Empresarial 51\\\/2024\"}]},{\"@type\":\"WebSite\",\"@id\":\"https:\\\/\\\/atividademapa.com\\\/#website\",\"url\":\"https:\\\/\\\/atividademapa.com\\\/\",\"name\":\"Atividade Mapa\",\"description\":\"StudeO | Unicesumar\",\"publisher\":{\"@id\":\"https:\\\/\\\/atividademapa.com\\\/#organization\"},\"potentialAction\":[{\"@type\":\"SearchAction\",\"target\":{\"@type\":\"EntryPoint\",\"urlTemplate\":\"https:\\\/\\\/atividademapa.com\\\/?s={search_term_string}\"},\"query-input\":{\"@type\":\"PropertyValueSpecification\",\"valueRequired\":true,\"valueName\":\"search_term_string\"}}],\"inLanguage\":\"pt-BR\"},{\"@type\":\"Organization\",\"@id\":\"https:\\\/\\\/atividademapa.com\\\/#organization\",\"name\":\"Atividade MAPA\",\"url\":\"https:\\\/\\\/atividademapa.com\\\/\",\"logo\":{\"@type\":\"ImageObject\",\"inLanguage\":\"pt-BR\",\"@id\":\"https:\\\/\\\/atividademapa.com\\\/#\\\/schema\\\/logo\\\/image\\\/\",\"url\":\"https:\\\/\\\/i0.wp.com\\\/atividademapa.com\\\/wp-content\\\/uploads\\\/2023\\\/02\\\/ATIVIDADE.png?fit=600%2C300&ssl=1\",\"contentUrl\":\"https:\\\/\\\/i0.wp.com\\\/atividademapa.com\\\/wp-content\\\/uploads\\\/2023\\\/02\\\/ATIVIDADE.png?fit=600%2C300&ssl=1\",\"width\":600,\"height\":300,\"caption\":\"Atividade MAPA\"},\"image\":{\"@id\":\"https:\\\/\\\/atividademapa.com\\\/#\\\/schema\\\/logo\\\/image\\\/\"}}]}<\/script>\n<!-- \/ Yoast SEO plugin. -->","yoast_head_json":{"title":"MAPA Conceitos de Administra\u00e7\u00e3o e \u00c9tica Empresarial 51\/2024","description":"Atividade MAPA Conceitos de Administra\u00e7\u00e3o e \u00c9tica Empresarial 51\/2024 &#8902; Unicesumar. Baixe agora mesmo um Mapa Pronto resolvido!","robots":{"index":"index","follow":"follow","max-snippet":"max-snippet:-1","max-image-preview":"max-image-preview:large","max-video-preview":"max-video-preview:-1"},"canonical":"https:\/\/atividademapa.com\/?product=mapa-conceitos-de-administracao-e-etica-empresarial-51-2024","og_locale":"pt_BR","og_type":"article","og_title":"MAPA Conceitos de Administra\u00e7\u00e3o e \u00c9tica Empresarial 51\/2024","og_description":"Atividade MAPA Conceitos de Administra\u00e7\u00e3o e \u00c9tica Empresarial 51\/2024 &#8902; Unicesumar. Baixe agora mesmo um Mapa Pronto resolvido!","og_url":"https:\/\/atividademapa.com\/?product=mapa-conceitos-de-administracao-e-etica-empresarial-51-2024","og_site_name":"Atividade Mapa","og_image":[{"width":300,"height":300,"url":"https:\/\/i0.wp.com\/atividademapa.com\/wp-content\/uploads\/2023\/03\/Atividade-M.A.P.A-3.png?fit=300%2C300&ssl=1","type":"image\/png"}],"twitter_card":"summary_large_image","twitter_misc":{"Est. tempo de leitura":"4 minutos"},"schema":{"@context":"https:\/\/schema.org","@graph":[{"@type":"WebPage","@id":"https:\/\/atividademapa.com\/?product=mapa-conceitos-de-administracao-e-etica-empresarial-51-2024","url":"https:\/\/atividademapa.com\/?product=mapa-conceitos-de-administracao-e-etica-empresarial-51-2024","name":"MAPA Conceitos de Administra\u00e7\u00e3o e \u00c9tica Empresarial 51\/2024","isPartOf":{"@id":"https:\/\/atividademapa.com\/#website"},"primaryImageOfPage":{"@id":"https:\/\/atividademapa.com\/?product=mapa-conceitos-de-administracao-e-etica-empresarial-51-2024#primaryimage"},"image":{"@id":"https:\/\/atividademapa.com\/?product=mapa-conceitos-de-administracao-e-etica-empresarial-51-2024#primaryimage"},"thumbnailUrl":"https:\/\/i0.wp.com\/atividademapa.com\/wp-content\/uploads\/2023\/03\/Atividade-M.A.P.A-3.png?fit=300%2C300&ssl=1","datePublished":"2024-02-22T03:03:24+00:00","description":"Atividade MAPA Conceitos de Administra\u00e7\u00e3o e \u00c9tica Empresarial 51\/2024 &#8902; Unicesumar. Baixe agora mesmo um Mapa Pronto resolvido!","breadcrumb":{"@id":"https:\/\/atividademapa.com\/?product=mapa-conceitos-de-administracao-e-etica-empresarial-51-2024#breadcrumb"},"inLanguage":"pt-BR","potentialAction":[{"@type":"ReadAction","target":["https:\/\/atividademapa.com\/?product=mapa-conceitos-de-administracao-e-etica-empresarial-51-2024"]}]},{"@type":"ImageObject","inLanguage":"pt-BR","@id":"https:\/\/atividademapa.com\/?product=mapa-conceitos-de-administracao-e-etica-empresarial-51-2024#primaryimage","url":"https:\/\/i0.wp.com\/atividademapa.com\/wp-content\/uploads\/2023\/03\/Atividade-M.A.P.A-3.png?fit=300%2C300&ssl=1","contentUrl":"https:\/\/i0.wp.com\/atividademapa.com\/wp-content\/uploads\/2023\/03\/Atividade-M.A.P.A-3.png?fit=300%2C300&ssl=1","width":300,"height":300,"caption":"Mapa Unicesumar Atividade"},{"@type":"BreadcrumbList","@id":"https:\/\/atividademapa.com\/?product=mapa-conceitos-de-administracao-e-etica-empresarial-51-2024#breadcrumb","itemListElement":[{"@type":"ListItem","position":1,"name":"In\u00edcio","item":"https:\/\/atividademapa.com\/"},{"@type":"ListItem","position":2,"name":"MAPAS","item":"https:\/\/atividademapa.com\/?page_id=5"},{"@type":"ListItem","position":3,"name":"MAPA Conceitos de Administra\u00e7\u00e3o e \u00c9tica Empresarial 51\/2024"}]},{"@type":"WebSite","@id":"https:\/\/atividademapa.com\/#website","url":"https:\/\/atividademapa.com\/","name":"Atividade Mapa","description":"StudeO | Unicesumar","publisher":{"@id":"https:\/\/atividademapa.com\/#organization"},"potentialAction":[{"@type":"SearchAction","target":{"@type":"EntryPoint","urlTemplate":"https:\/\/atividademapa.com\/?s={search_term_string}"},"query-input":{"@type":"PropertyValueSpecification","valueRequired":true,"valueName":"search_term_string"}}],"inLanguage":"pt-BR"},{"@type":"Organization","@id":"https:\/\/atividademapa.com\/#organization","name":"Atividade MAPA","url":"https:\/\/atividademapa.com\/","logo":{"@type":"ImageObject","inLanguage":"pt-BR","@id":"https:\/\/atividademapa.com\/#\/schema\/logo\/image\/","url":"https:\/\/i0.wp.com\/atividademapa.com\/wp-content\/uploads\/2023\/02\/ATIVIDADE.png?fit=600%2C300&ssl=1","contentUrl":"https:\/\/i0.wp.com\/atividademapa.com\/wp-content\/uploads\/2023\/02\/ATIVIDADE.png?fit=600%2C300&ssl=1","width":600,"height":300,"caption":"Atividade MAPA"},"image":{"@id":"https:\/\/atividademapa.com\/#\/schema\/logo\/image\/"}}]}},"_links":{"self":[{"href":"https:\/\/atividademapa.com\/index.php?rest_route=\/wp\/v2\/product\/3405","targetHints":{"allow":["GET"]}}],"collection":[{"href":"https:\/\/atividademapa.com\/index.php?rest_route=\/wp\/v2\/product"}],"about":[{"href":"https:\/\/atividademapa.com\/index.php?rest_route=\/wp\/v2\/types\/product"}],"version-history":[{"count":1,"href":"https:\/\/atividademapa.com\/index.php?rest_route=\/wp\/v2\/product\/3405\/revisions"}],"predecessor-version":[{"id":3407,"href":"https:\/\/atividademapa.com\/index.php?rest_route=\/wp\/v2\/product\/3405\/revisions\/3407"}],"wp:featuredmedia":[{"embeddable":true,"href":"https:\/\/atividademapa.com\/index.php?rest_route=\/wp\/v2\/media\/2326"}],"wp:attachment":[{"href":"https:\/\/atividademapa.com\/index.php?rest_route=%2Fwp%2Fv2%2Fmedia&parent=3405"}],"wp:term":[{"taxonomy":"product_brand","embeddable":true,"href":"https:\/\/atividademapa.com\/index.php?rest_route=%2Fwp%2Fv2%2Fproduct_brand&post=3405"},{"taxonomy":"product_cat","embeddable":true,"href":"https:\/\/atividademapa.com\/index.php?rest_route=%2Fwp%2Fv2%2Fproduct_cat&post=3405"},{"taxonomy":"product_tag","embeddable":true,"href":"https:\/\/atividademapa.com\/index.php?rest_route=%2Fwp%2Fv2%2Fproduct_tag&post=3405"}],"curies":[{"name":"wp","href":"https:\/\/api.w.org\/{rel}","templated":true}]}}