{"id":3435,"date":"2024-02-24T13:02:26","date_gmt":"2024-02-24T16:02:26","guid":{"rendered":"https:\/\/atividademapa.com\/?post_type=product&#038;p=3435"},"modified":"2024-03-05T12:59:16","modified_gmt":"2024-03-05T15:59:16","slug":"mapa-bioquimica-clinica-51-2024","status":"publish","type":"product","link":"https:\/\/atividademapa.com\/?product=mapa-bioquimica-clinica-51-2024","title":{"rendered":"MAPA Bioqu\u00edmica Cl\u00ednica 51\/2024"},"content":{"rendered":"<p>MAPA Bioqu\u00edmica Cl\u00ednica 51\/2024<\/p>\n<p><strong>ETAPA 1:<\/strong><\/p>\n<p>\u200bAs doen\u00e7as cardiovasculares, incluindo o infarto agudo do mioc\u00e1rdio (IAM), representam um importante problema de sa\u00fade p\u00fablica no Brasil e no mundo, apresentando altas taxas de incid\u00eancia e mortalidade. Essa realidade pode ser explicada tanto pela mudan\u00e7a da estrutura et\u00e1ria da popula\u00e7\u00e3o quanto pelo aumento da preval\u00eancia de exposi\u00e7\u00e3o aos fatores de risco reconhecidamente associados \u00e0s doen\u00e7as do aparelho circulat\u00f3rio, tais como o sedentarismo, aumento do consumo de gorduras e bebidas alco\u00f3licas, tabagismo e aumento da preval\u00eancia de obesidade.\u00a0 O infarto agudo do mioc\u00e1rdio (IAM) ocorre como consequ\u00eancia da diminui\u00e7\u00e3o de suprimento sangu\u00edneo em um determinado local do tecido card\u00edaco, perante a oclus\u00e3o de uma coron\u00e1ria que vasculariza uma determinada regi\u00e3o, e desta forma, ocorre a necrose do tecido card\u00edaco. Tal fato ocorre principalmente em fun\u00e7\u00e3o da forma\u00e7\u00e3o de placa de ateroma ou trombos nos vasos. O diagn\u00f3stico do IAM \u00e9 feito com base no quadro cl\u00ednico, nas altera\u00e7\u00f5es eletrocardiogr\u00e1ficas e nos exames laboratoriais, ou seja, na eleva\u00e7\u00e3o dos marcadores bioqu\u00edmicos de necrose.<\/p>\n<p>Fonte: GROSSMAN, S. C.<em>\u00a0et al.<\/em>\u00a0<strong>Fisiopatologia<\/strong>. 9. ed. Rio de Janeiro: Guanabara Koogan, 2016.<\/p>\n<p>LIMA, R. S. M. O.\u00a0<strong>Bioqu\u00edmica cl\u00ednica<\/strong>. 1. ed. Maring\u00e1: UniCesumar, 2022.<\/p>\n<p>SANTOS, E. S. W.\u00a0<em>et al.<\/em>\u00a0Compara\u00e7\u00e3o entre troponina I card\u00edaca e CK-MB Massa em s\u00edndrome coronariana aguda sem supra de ST.\u00a0<strong>Sociedade Brasileira de Cardiologia<\/strong>, v. 1, n. 1, p. 1, 2010. Disp\u00f3nivel em: https:\/\/www.scielo.br\/j\/abc\/a\/GknG4WcWQ3wWgxNtqhy4YKF. Acesso em: 7 fev. 2024.<\/p>\n<p>\u200bSOUZA, L. P.\u00a0<em>et al.<\/em>\u00a0Marcadores bioqu\u00edmicos no infarto agudo do mioc\u00e1rdio: revis\u00e3o de literatura.\u00a0<strong>Temas em Sa\u00fade<\/strong>, Jo\u00e3o Pessoa, v. 16, n. 3, 2016. Dispon\u00edvel em: https:\/\/temasemsaude.com\/wp-content\/uploads\/2016\/09\/16310.pdf. Acesso em: 7 fev. 2024.<\/p>\n<p>Nesse contexto, analise o relato cl\u00ednico a seguir:<\/p>\n<p>P. A. D., sexo masculino, 55 anos, procurou atendimento m\u00e9dico queixando-se que ultimamente sente desconforto ao fazer exerc\u00edcios f\u00edsicos e cansa\u00e7o excessivo ao andar na rua. Relata que os pais s\u00e3o hipertensos e perdeu um tio recentemente devido a um infarto agudo do mioc\u00e1rdio. Determinado a achar a causa do problema, foi ao m\u00e9dico que solicitou os seguintes exames:<\/p>\n<p>&#8211; TROPONINAs<br \/>\n&#8211; MIOGLOBINA<br \/>\n&#8211; CK-MB<br \/>\n&#8211; LDH<\/p>\n<p>Ap\u00f3s analisar o caso descrito, responda \u00e0s quest\u00f5es a seguir:<\/p>\n<p>1.a)<u>\u00a0<strong>DESCREVA<\/strong><\/u>\u00a0a\u00a0fisiopatologia do Infarto Agudo do Mioc\u00e1rdio.<\/p>\n<p>1.b)\u00a0<strong><u>CORRELACIONE<\/u><\/strong>\u00a0o Infarto Agudo do Mioc\u00e1rdio\u00a0com o\u00a0quadro cl\u00ednico e sintomas.<\/p>\n<p><strong>ETAPA 2:<\/strong><\/p>\n<p>2.a)\u00a0<strong><u>EXPLIQUE<\/u><\/strong>\u00a0de forma individual porque cada exame citado no relato de caso \u00e9 considerado marcador de les\u00e3o do mioc\u00e1rdio e\u00a0<strong><u>RELACIONE<\/u><\/strong>\u00a0o tempo de extravasamento desses marcadores bioqu\u00edmicos com os sintomas da les\u00e3o.<\/p>\n<p>2.b)\u00a0<strong><u>COMENTE<\/u><\/strong>\u00a0as metodologias utilizadas em cada exame.<\/p>\n","protected":false},"excerpt":{"rendered":"<p>MAPA Bioqu\u00edmica Cl\u00ednica 51\/2024 ETAPA 1: \u200bAs doen\u00e7as cardiovasculares, incluindo o infarto agudo do mioc\u00e1rdio (IAM), representam um importante problema<\/p>\n","protected":false},"featured_media":2326,"template":"","meta":{"_monsterinsights_skip_tracking":false,"_monsterinsights_sitenote_active":false,"_monsterinsights_sitenote_note":"","_monsterinsights_sitenote_category":0},"product_brand":[],"product_cat":[31],"product_tag":[],"class_list":{"0":"post-3435","1":"product","2":"type-product","3":"status-publish","4":"has-post-thumbnail","6":"product_cat-farmacia","8":"first","9":"instock","10":"downloadable","11":"virtual","12":"purchasable","13":"product-type-simple"},"yoast_head":"<!-- This site is optimized with the Yoast SEO plugin v27.4 - https:\/\/yoast.com\/product\/yoast-seo-wordpress\/ -->\n<title>MAPA Bioqu\u00edmica Cl\u00ednica 51\/2024<\/title>\n<meta name=\"description\" content=\"MAPA Bioqu\u00edmica Cl\u00ednica 51\/2024 Unicesumar | Atividade MAPA Pronto. Baixe Agora! \u200bAs doen\u00e7as cardiovasculares, incluindo o infarto agudo do mioc\u00e1rdio (IAM).\" \/>\n<meta name=\"robots\" content=\"index, follow, max-snippet:-1, max-image-preview:large, max-video-preview:-1\" \/>\n<link rel=\"canonical\" href=\"https:\/\/atividademapa.com\/?product=mapa-bioquimica-clinica-51-2024\" \/>\n<meta property=\"og:locale\" content=\"pt_BR\" \/>\n<meta property=\"og:type\" content=\"article\" \/>\n<meta property=\"og:title\" content=\"MAPA Bioqu\u00edmica Cl\u00ednica 51\/2024\" \/>\n<meta property=\"og:description\" content=\"MAPA Bioqu\u00edmica Cl\u00ednica 51\/2024 Unicesumar | Atividade MAPA Pronto. Baixe Agora! \u200bAs doen\u00e7as cardiovasculares, incluindo o infarto agudo do mioc\u00e1rdio (IAM).\" \/>\n<meta property=\"og:url\" content=\"https:\/\/atividademapa.com\/?product=mapa-bioquimica-clinica-51-2024\" \/>\n<meta property=\"og:site_name\" content=\"Atividade Mapa\" \/>\n<meta property=\"article:modified_time\" content=\"2024-03-05T15:59:16+00:00\" \/>\n<meta property=\"og:image\" content=\"https:\/\/i0.wp.com\/atividademapa.com\/wp-content\/uploads\/2023\/03\/Atividade-M.A.P.A-3.png?fit=300%2C300&ssl=1\" \/>\n\t<meta property=\"og:image:width\" content=\"300\" \/>\n\t<meta property=\"og:image:height\" content=\"300\" \/>\n\t<meta property=\"og:image:type\" content=\"image\/png\" \/>\n<meta name=\"twitter:card\" content=\"summary_large_image\" \/>\n<meta name=\"twitter:label1\" content=\"Est. tempo de leitura\" \/>\n\t<meta name=\"twitter:data1\" content=\"2 minutos\" \/>\n<script type=\"application\/ld+json\" class=\"yoast-schema-graph\">{\"@context\":\"https:\\\/\\\/schema.org\",\"@graph\":[{\"@type\":\"WebPage\",\"@id\":\"https:\\\/\\\/atividademapa.com\\\/?product=mapa-bioquimica-clinica-51-2024\",\"url\":\"https:\\\/\\\/atividademapa.com\\\/?product=mapa-bioquimica-clinica-51-2024\",\"name\":\"MAPA Bioqu\u00edmica Cl\u00ednica 51\\\/2024\",\"isPartOf\":{\"@id\":\"https:\\\/\\\/atividademapa.com\\\/#website\"},\"primaryImageOfPage\":{\"@id\":\"https:\\\/\\\/atividademapa.com\\\/?product=mapa-bioquimica-clinica-51-2024#primaryimage\"},\"image\":{\"@id\":\"https:\\\/\\\/atividademapa.com\\\/?product=mapa-bioquimica-clinica-51-2024#primaryimage\"},\"thumbnailUrl\":\"https:\\\/\\\/i0.wp.com\\\/atividademapa.com\\\/wp-content\\\/uploads\\\/2023\\\/03\\\/Atividade-M.A.P.A-3.png?fit=300%2C300&ssl=1\",\"datePublished\":\"2024-02-24T16:02:26+00:00\",\"dateModified\":\"2024-03-05T15:59:16+00:00\",\"description\":\"MAPA Bioqu\u00edmica Cl\u00ednica 51\\\/2024 Unicesumar | Atividade MAPA Pronto. Baixe Agora! \u200bAs doen\u00e7as cardiovasculares, incluindo o infarto agudo do mioc\u00e1rdio (IAM).\",\"breadcrumb\":{\"@id\":\"https:\\\/\\\/atividademapa.com\\\/?product=mapa-bioquimica-clinica-51-2024#breadcrumb\"},\"inLanguage\":\"pt-BR\",\"potentialAction\":[{\"@type\":\"ReadAction\",\"target\":[\"https:\\\/\\\/atividademapa.com\\\/?product=mapa-bioquimica-clinica-51-2024\"]}]},{\"@type\":\"ImageObject\",\"inLanguage\":\"pt-BR\",\"@id\":\"https:\\\/\\\/atividademapa.com\\\/?product=mapa-bioquimica-clinica-51-2024#primaryimage\",\"url\":\"https:\\\/\\\/i0.wp.com\\\/atividademapa.com\\\/wp-content\\\/uploads\\\/2023\\\/03\\\/Atividade-M.A.P.A-3.png?fit=300%2C300&ssl=1\",\"contentUrl\":\"https:\\\/\\\/i0.wp.com\\\/atividademapa.com\\\/wp-content\\\/uploads\\\/2023\\\/03\\\/Atividade-M.A.P.A-3.png?fit=300%2C300&ssl=1\",\"width\":300,\"height\":300,\"caption\":\"Mapa Unicesumar Atividade\"},{\"@type\":\"BreadcrumbList\",\"@id\":\"https:\\\/\\\/atividademapa.com\\\/?product=mapa-bioquimica-clinica-51-2024#breadcrumb\",\"itemListElement\":[{\"@type\":\"ListItem\",\"position\":1,\"name\":\"In\u00edcio\",\"item\":\"https:\\\/\\\/atividademapa.com\\\/\"},{\"@type\":\"ListItem\",\"position\":2,\"name\":\"MAPAS\",\"item\":\"https:\\\/\\\/atividademapa.com\\\/?page_id=5\"},{\"@type\":\"ListItem\",\"position\":3,\"name\":\"MAPA Bioqu\u00edmica Cl\u00ednica 51\\\/2024\"}]},{\"@type\":\"WebSite\",\"@id\":\"https:\\\/\\\/atividademapa.com\\\/#website\",\"url\":\"https:\\\/\\\/atividademapa.com\\\/\",\"name\":\"Atividade Mapa\",\"description\":\"StudeO | Unicesumar\",\"publisher\":{\"@id\":\"https:\\\/\\\/atividademapa.com\\\/#organization\"},\"potentialAction\":[{\"@type\":\"SearchAction\",\"target\":{\"@type\":\"EntryPoint\",\"urlTemplate\":\"https:\\\/\\\/atividademapa.com\\\/?s={search_term_string}\"},\"query-input\":{\"@type\":\"PropertyValueSpecification\",\"valueRequired\":true,\"valueName\":\"search_term_string\"}}],\"inLanguage\":\"pt-BR\"},{\"@type\":\"Organization\",\"@id\":\"https:\\\/\\\/atividademapa.com\\\/#organization\",\"name\":\"Atividade MAPA\",\"url\":\"https:\\\/\\\/atividademapa.com\\\/\",\"logo\":{\"@type\":\"ImageObject\",\"inLanguage\":\"pt-BR\",\"@id\":\"https:\\\/\\\/atividademapa.com\\\/#\\\/schema\\\/logo\\\/image\\\/\",\"url\":\"https:\\\/\\\/i0.wp.com\\\/atividademapa.com\\\/wp-content\\\/uploads\\\/2023\\\/02\\\/ATIVIDADE.png?fit=600%2C300&ssl=1\",\"contentUrl\":\"https:\\\/\\\/i0.wp.com\\\/atividademapa.com\\\/wp-content\\\/uploads\\\/2023\\\/02\\\/ATIVIDADE.png?fit=600%2C300&ssl=1\",\"width\":600,\"height\":300,\"caption\":\"Atividade MAPA\"},\"image\":{\"@id\":\"https:\\\/\\\/atividademapa.com\\\/#\\\/schema\\\/logo\\\/image\\\/\"}}]}<\/script>\n<!-- \/ Yoast SEO plugin. -->","yoast_head_json":{"title":"MAPA Bioqu\u00edmica Cl\u00ednica 51\/2024","description":"MAPA Bioqu\u00edmica Cl\u00ednica 51\/2024 Unicesumar | Atividade MAPA Pronto. Baixe Agora! \u200bAs doen\u00e7as cardiovasculares, incluindo o infarto agudo do mioc\u00e1rdio (IAM).","robots":{"index":"index","follow":"follow","max-snippet":"max-snippet:-1","max-image-preview":"max-image-preview:large","max-video-preview":"max-video-preview:-1"},"canonical":"https:\/\/atividademapa.com\/?product=mapa-bioquimica-clinica-51-2024","og_locale":"pt_BR","og_type":"article","og_title":"MAPA Bioqu\u00edmica Cl\u00ednica 51\/2024","og_description":"MAPA Bioqu\u00edmica Cl\u00ednica 51\/2024 Unicesumar | Atividade MAPA Pronto. Baixe Agora! \u200bAs doen\u00e7as cardiovasculares, incluindo o infarto agudo do mioc\u00e1rdio (IAM).","og_url":"https:\/\/atividademapa.com\/?product=mapa-bioquimica-clinica-51-2024","og_site_name":"Atividade Mapa","article_modified_time":"2024-03-05T15:59:16+00:00","og_image":[{"width":300,"height":300,"url":"https:\/\/i0.wp.com\/atividademapa.com\/wp-content\/uploads\/2023\/03\/Atividade-M.A.P.A-3.png?fit=300%2C300&ssl=1","type":"image\/png"}],"twitter_card":"summary_large_image","twitter_misc":{"Est. tempo de leitura":"2 minutos"},"schema":{"@context":"https:\/\/schema.org","@graph":[{"@type":"WebPage","@id":"https:\/\/atividademapa.com\/?product=mapa-bioquimica-clinica-51-2024","url":"https:\/\/atividademapa.com\/?product=mapa-bioquimica-clinica-51-2024","name":"MAPA Bioqu\u00edmica Cl\u00ednica 51\/2024","isPartOf":{"@id":"https:\/\/atividademapa.com\/#website"},"primaryImageOfPage":{"@id":"https:\/\/atividademapa.com\/?product=mapa-bioquimica-clinica-51-2024#primaryimage"},"image":{"@id":"https:\/\/atividademapa.com\/?product=mapa-bioquimica-clinica-51-2024#primaryimage"},"thumbnailUrl":"https:\/\/i0.wp.com\/atividademapa.com\/wp-content\/uploads\/2023\/03\/Atividade-M.A.P.A-3.png?fit=300%2C300&ssl=1","datePublished":"2024-02-24T16:02:26+00:00","dateModified":"2024-03-05T15:59:16+00:00","description":"MAPA Bioqu\u00edmica Cl\u00ednica 51\/2024 Unicesumar | Atividade MAPA Pronto. Baixe Agora! \u200bAs doen\u00e7as cardiovasculares, incluindo o infarto agudo do mioc\u00e1rdio (IAM).","breadcrumb":{"@id":"https:\/\/atividademapa.com\/?product=mapa-bioquimica-clinica-51-2024#breadcrumb"},"inLanguage":"pt-BR","potentialAction":[{"@type":"ReadAction","target":["https:\/\/atividademapa.com\/?product=mapa-bioquimica-clinica-51-2024"]}]},{"@type":"ImageObject","inLanguage":"pt-BR","@id":"https:\/\/atividademapa.com\/?product=mapa-bioquimica-clinica-51-2024#primaryimage","url":"https:\/\/i0.wp.com\/atividademapa.com\/wp-content\/uploads\/2023\/03\/Atividade-M.A.P.A-3.png?fit=300%2C300&ssl=1","contentUrl":"https:\/\/i0.wp.com\/atividademapa.com\/wp-content\/uploads\/2023\/03\/Atividade-M.A.P.A-3.png?fit=300%2C300&ssl=1","width":300,"height":300,"caption":"Mapa Unicesumar Atividade"},{"@type":"BreadcrumbList","@id":"https:\/\/atividademapa.com\/?product=mapa-bioquimica-clinica-51-2024#breadcrumb","itemListElement":[{"@type":"ListItem","position":1,"name":"In\u00edcio","item":"https:\/\/atividademapa.com\/"},{"@type":"ListItem","position":2,"name":"MAPAS","item":"https:\/\/atividademapa.com\/?page_id=5"},{"@type":"ListItem","position":3,"name":"MAPA Bioqu\u00edmica Cl\u00ednica 51\/2024"}]},{"@type":"WebSite","@id":"https:\/\/atividademapa.com\/#website","url":"https:\/\/atividademapa.com\/","name":"Atividade Mapa","description":"StudeO | Unicesumar","publisher":{"@id":"https:\/\/atividademapa.com\/#organization"},"potentialAction":[{"@type":"SearchAction","target":{"@type":"EntryPoint","urlTemplate":"https:\/\/atividademapa.com\/?s={search_term_string}"},"query-input":{"@type":"PropertyValueSpecification","valueRequired":true,"valueName":"search_term_string"}}],"inLanguage":"pt-BR"},{"@type":"Organization","@id":"https:\/\/atividademapa.com\/#organization","name":"Atividade MAPA","url":"https:\/\/atividademapa.com\/","logo":{"@type":"ImageObject","inLanguage":"pt-BR","@id":"https:\/\/atividademapa.com\/#\/schema\/logo\/image\/","url":"https:\/\/i0.wp.com\/atividademapa.com\/wp-content\/uploads\/2023\/02\/ATIVIDADE.png?fit=600%2C300&ssl=1","contentUrl":"https:\/\/i0.wp.com\/atividademapa.com\/wp-content\/uploads\/2023\/02\/ATIVIDADE.png?fit=600%2C300&ssl=1","width":600,"height":300,"caption":"Atividade MAPA"},"image":{"@id":"https:\/\/atividademapa.com\/#\/schema\/logo\/image\/"}}]}},"_links":{"self":[{"href":"https:\/\/atividademapa.com\/index.php?rest_route=\/wp\/v2\/product\/3435","targetHints":{"allow":["GET"]}}],"collection":[{"href":"https:\/\/atividademapa.com\/index.php?rest_route=\/wp\/v2\/product"}],"about":[{"href":"https:\/\/atividademapa.com\/index.php?rest_route=\/wp\/v2\/types\/product"}],"version-history":[{"count":1,"href":"https:\/\/atividademapa.com\/index.php?rest_route=\/wp\/v2\/product\/3435\/revisions"}],"predecessor-version":[{"id":3437,"href":"https:\/\/atividademapa.com\/index.php?rest_route=\/wp\/v2\/product\/3435\/revisions\/3437"}],"wp:featuredmedia":[{"embeddable":true,"href":"https:\/\/atividademapa.com\/index.php?rest_route=\/wp\/v2\/media\/2326"}],"wp:attachment":[{"href":"https:\/\/atividademapa.com\/index.php?rest_route=%2Fwp%2Fv2%2Fmedia&parent=3435"}],"wp:term":[{"taxonomy":"product_brand","embeddable":true,"href":"https:\/\/atividademapa.com\/index.php?rest_route=%2Fwp%2Fv2%2Fproduct_brand&post=3435"},{"taxonomy":"product_cat","embeddable":true,"href":"https:\/\/atividademapa.com\/index.php?rest_route=%2Fwp%2Fv2%2Fproduct_cat&post=3435"},{"taxonomy":"product_tag","embeddable":true,"href":"https:\/\/atividademapa.com\/index.php?rest_route=%2Fwp%2Fv2%2Fproduct_tag&post=3435"}],"curies":[{"name":"wp","href":"https:\/\/api.w.org\/{rel}","templated":true}]}}