{"id":3446,"date":"2024-02-25T09:43:47","date_gmt":"2024-02-25T12:43:47","guid":{"rendered":"https:\/\/atividademapa.com\/?post_type=product&#038;p=3446"},"modified":"2024-03-05T12:59:03","modified_gmt":"2024-03-05T15:59:03","slug":"mapa-direito-do-consumidor-e-comercial-51-2024","status":"publish","type":"product","link":"https:\/\/atividademapa.com\/?product=mapa-direito-do-consumidor-e-comercial-51-2024","title":{"rendered":"MAPA Direito do Consumidor e Comercial 51\/2024"},"content":{"rendered":"<h1>MAPA Direito do Consumidor e Comercial 51\/2024<\/h1>\n<p>MAPA Direito do Consumidor e Comercial 51\/2024<\/p>\n<p>A rela\u00e7\u00e3o de emprego, para que exista, \u00e9 imprescind\u00edvel que tenhamos a figura do empregador (defini\u00e7\u00e3o legal art. 2 da CLT), empregado (defini\u00e7\u00e3o legal art. 3\u00ba da CLT), al\u00e9m dos requisitos essenciais, quais sejam: continuidade, subordina\u00e7\u00e3o, onerosidade, pessoalidade e alteridade. Uma das quest\u00f5es que geram bastante debate na Doutrina especializada \u00e9 a revista realizada pelo Empregador em seus Empregados<span style=\"color: #333333;\"><a style=\"color: #333333;\" href=\"https:\/\/atividademapa.com\">.<\/a><\/span> Sabendo sobre a rela\u00e7\u00e3o de trabalho e dos requisitos essenciais, sendo um deles a subordina\u00e7\u00e3o, analise a seguinte situa\u00e7\u00e3o.<\/p>\n<p>Fonte: https:\/\/www.planalto.gov.br\/ccivil_03\/decreto-lei\/del5452.htm. Acesso em: 6 fev. 2024.<\/p>\n<p>Caio e Juliana trabalham na empresa Solar, h\u00e1 aproximadamente 1 ano. Diante de algumas intercorr\u00eancias (furtos), a empresa tomou a decis\u00e3o de proceder com a revista em seus empregados, contudo com o passar do tempo notou-se que n\u00e3o houve mudan\u00e7as e o patrim\u00f4nio da Solar continuou sendo violado. Assim, a empresa tomou uma nova decis\u00e3o e passou a proceder com revistas pessoais (sem a necessidade de tirar as roupas) e nas bolsas e malas de seus empregados. Diante desta nova regra, Caio e Juliana n\u00e3o permitiram que a revista fosse feita, nem pessoal e nem em seus pertences. Ao final do dia e mesmo sendo funcion\u00e1rios exemplares, Caio e Juliana foram desligados, ela sem justa causa sob a alega\u00e7\u00e3o de que estava protegida pela legisla\u00e7\u00e3o por ser mulher e ele com justa causa, pela insubordina\u00e7\u00e3o. N\u00e3o suficiente, Caio e Juliana ao compararem a rescis\u00e3o notaram que estavam faltando algumas verbas, como por exemplo o 13\u00ba vencido que n\u00e3o foi pago. Por tais raz\u00f5es procuraram a empresa que se disp\u00f4s a solucionar o problema, desde que eles apresentassem as informa\u00e7\u00f5es solicitadas.<\/p>\n<p>Diante de todo o contexto, verificando detalhadamente o ocorrido, analisando o livro da disciplina, responda \u00e0s seguintes informa\u00e7\u00f5es, para que a empresa solucione o ocorrido:<\/p>\n<p>a. Caio e Juliana podiam se negar a revista imposta pela empresa SOLAR? A revista solicitada naqueles termos est\u00e1 correta? Justifique e fundamente sua resposta.<br \/>\nb. A demiss\u00e3o de Caio, com justa causa, foi correta? Explique o porqu\u00ea em sendo positiva ou negativa a sua resposta.<br \/>\nc. No caso apresentado, ap\u00f3s os esclarecimentos anteriores, a empresa deve alterar a dispensa de qual dos empregados, Caio ou Juliana? Ainda, havendo altera\u00e7\u00e3o na dispensa, quais s\u00e3o as <span style=\"color: #333333;\"><a style=\"color: #333333;\" href=\"https:\/\/www.oitchau.com.br\/blog\/verbas-rescisorias\/#:~:text=As%20verbas%20rescis%C3%B3rias%20s%C3%A3o%20devidas,e%20a%20situa%C3%A7%C3%A3o%20em%20\">verbas rescis\u00f3rias<\/a><\/span> que Caio e Juliana devem receber?<\/p>\n<p>\u200bPara auxili\u00e1-lo na execu\u00e7\u00e3o dessa atividade, seguem algumas orienta\u00e7\u00f5es:<\/p>\n<p>\u2013 Realize uma cuidadosa corre\u00e7\u00e3o ortogr\u00e1fica em seu texto e o copie no <span style=\"color: #333333;\"><a style=\"color: #333333;\" href=\"http:\/\/eadcolaborar.com\">template<\/a><\/span>\/formul\u00e1rio (modelo), dispon\u00edvel na pasta\u00a0Material da Disciplina.<br \/>\n\u2013 Anexe o arquivo no ambiente da atividade, clicando sobre o bot\u00e3o\u00a0Selecionar arquivo<br \/>\n\u2013 Ap\u00f3s anexar o trabalho,\u00a0certifique-se de que seja\u00a0o arquivo correto. Clique no bot\u00e3o\u00a0Responder\u00a0e, posteriormente, em\u00a0Finalizar Question\u00e1rio\u00a0(ap\u00f3s \u201cFinalizar o Question\u00e1rio\u201d, n\u00e3o ser\u00e1 poss\u00edvel reenviar a atividade ou realizar qualquer modifica\u00e7\u00e3o no arquivo enviado).<\/p>\n","protected":false},"excerpt":{"rendered":"<p>MAPA Direito do Consumidor e Comercial 51\/2024 MAPA Direito do Consumidor e Comercial 51\/2024 A rela\u00e7\u00e3o de emprego, para que<\/p>\n","protected":false},"featured_media":2326,"template":"","meta":{"_monsterinsights_skip_tracking":false,"_monsterinsights_sitenote_active":false,"_monsterinsights_sitenote_note":"","_monsterinsights_sitenote_category":0},"product_brand":[],"product_cat":[25],"product_tag":[121],"class_list":{"0":"post-3446","1":"product","2":"type-product","3":"status-publish","4":"has-post-thumbnail","6":"product_cat-gestao-comercial","7":"product_tag-direito-comercial-e-do-consumidor","9":"first","10":"instock","11":"downloadable","12":"virtual","13":"purchasable","14":"product-type-simple"},"yoast_head":"<!-- This site is optimized with the Yoast SEO plugin v27.4 - https:\/\/yoast.com\/product\/yoast-seo-wordpress\/ -->\n<title>MAPA Direito do Consumidor e Comercial 51\/2024<\/title>\n<meta name=\"description\" content=\"Atividade MAPA Direito do Consumidor e Comercial 51\/2024 &#8902; Unicesumar. Baixe agora mesmo um Mapa Pronto resolvido!\" \/>\n<meta name=\"robots\" content=\"index, follow, max-snippet:-1, max-image-preview:large, max-video-preview:-1\" \/>\n<link rel=\"canonical\" href=\"https:\/\/atividademapa.com\/?product=mapa-direito-do-consumidor-e-comercial-51-2024\" \/>\n<meta property=\"og:locale\" content=\"pt_BR\" \/>\n<meta property=\"og:type\" content=\"article\" \/>\n<meta property=\"og:title\" content=\"MAPA Direito do Consumidor e Comercial 51\/2024\" \/>\n<meta property=\"og:description\" content=\"Atividade MAPA Direito do Consumidor e Comercial 51\/2024 &#8902; Unicesumar. Baixe agora mesmo um Mapa Pronto resolvido!\" \/>\n<meta property=\"og:url\" content=\"https:\/\/atividademapa.com\/?product=mapa-direito-do-consumidor-e-comercial-51-2024\" \/>\n<meta property=\"og:site_name\" content=\"Atividade Mapa\" \/>\n<meta property=\"article:modified_time\" content=\"2024-03-05T15:59:03+00:00\" \/>\n<meta property=\"og:image\" content=\"https:\/\/i0.wp.com\/atividademapa.com\/wp-content\/uploads\/2023\/03\/Atividade-M.A.P.A-3.png?fit=300%2C300&ssl=1\" \/>\n\t<meta property=\"og:image:width\" content=\"300\" \/>\n\t<meta property=\"og:image:height\" content=\"300\" \/>\n\t<meta property=\"og:image:type\" content=\"image\/png\" \/>\n<meta name=\"twitter:card\" content=\"summary_large_image\" \/>\n<meta name=\"twitter:label1\" content=\"Est. tempo de leitura\" \/>\n\t<meta name=\"twitter:data1\" content=\"3 minutos\" \/>\n<script type=\"application\/ld+json\" class=\"yoast-schema-graph\">{\"@context\":\"https:\\\/\\\/schema.org\",\"@graph\":[{\"@type\":\"WebPage\",\"@id\":\"https:\\\/\\\/atividademapa.com\\\/?product=mapa-direito-do-consumidor-e-comercial-51-2024\",\"url\":\"https:\\\/\\\/atividademapa.com\\\/?product=mapa-direito-do-consumidor-e-comercial-51-2024\",\"name\":\"MAPA Direito do Consumidor e Comercial 51\\\/2024\",\"isPartOf\":{\"@id\":\"https:\\\/\\\/atividademapa.com\\\/#website\"},\"primaryImageOfPage\":{\"@id\":\"https:\\\/\\\/atividademapa.com\\\/?product=mapa-direito-do-consumidor-e-comercial-51-2024#primaryimage\"},\"image\":{\"@id\":\"https:\\\/\\\/atividademapa.com\\\/?product=mapa-direito-do-consumidor-e-comercial-51-2024#primaryimage\"},\"thumbnailUrl\":\"https:\\\/\\\/i0.wp.com\\\/atividademapa.com\\\/wp-content\\\/uploads\\\/2023\\\/03\\\/Atividade-M.A.P.A-3.png?fit=300%2C300&ssl=1\",\"datePublished\":\"2024-02-25T12:43:47+00:00\",\"dateModified\":\"2024-03-05T15:59:03+00:00\",\"description\":\"Atividade MAPA Direito do Consumidor e Comercial 51\\\/2024 &#8902; Unicesumar. Baixe agora mesmo um Mapa Pronto resolvido!\",\"breadcrumb\":{\"@id\":\"https:\\\/\\\/atividademapa.com\\\/?product=mapa-direito-do-consumidor-e-comercial-51-2024#breadcrumb\"},\"inLanguage\":\"pt-BR\",\"potentialAction\":[{\"@type\":\"ReadAction\",\"target\":[\"https:\\\/\\\/atividademapa.com\\\/?product=mapa-direito-do-consumidor-e-comercial-51-2024\"]}]},{\"@type\":\"ImageObject\",\"inLanguage\":\"pt-BR\",\"@id\":\"https:\\\/\\\/atividademapa.com\\\/?product=mapa-direito-do-consumidor-e-comercial-51-2024#primaryimage\",\"url\":\"https:\\\/\\\/i0.wp.com\\\/atividademapa.com\\\/wp-content\\\/uploads\\\/2023\\\/03\\\/Atividade-M.A.P.A-3.png?fit=300%2C300&ssl=1\",\"contentUrl\":\"https:\\\/\\\/i0.wp.com\\\/atividademapa.com\\\/wp-content\\\/uploads\\\/2023\\\/03\\\/Atividade-M.A.P.A-3.png?fit=300%2C300&ssl=1\",\"width\":300,\"height\":300,\"caption\":\"Mapa Unicesumar Atividade\"},{\"@type\":\"BreadcrumbList\",\"@id\":\"https:\\\/\\\/atividademapa.com\\\/?product=mapa-direito-do-consumidor-e-comercial-51-2024#breadcrumb\",\"itemListElement\":[{\"@type\":\"ListItem\",\"position\":1,\"name\":\"In\u00edcio\",\"item\":\"https:\\\/\\\/atividademapa.com\\\/\"},{\"@type\":\"ListItem\",\"position\":2,\"name\":\"MAPAS\",\"item\":\"https:\\\/\\\/atividademapa.com\\\/?page_id=5\"},{\"@type\":\"ListItem\",\"position\":3,\"name\":\"MAPA Direito do Consumidor e Comercial 51\\\/2024\"}]},{\"@type\":\"WebSite\",\"@id\":\"https:\\\/\\\/atividademapa.com\\\/#website\",\"url\":\"https:\\\/\\\/atividademapa.com\\\/\",\"name\":\"Atividade Mapa\",\"description\":\"StudeO | Unicesumar\",\"publisher\":{\"@id\":\"https:\\\/\\\/atividademapa.com\\\/#organization\"},\"potentialAction\":[{\"@type\":\"SearchAction\",\"target\":{\"@type\":\"EntryPoint\",\"urlTemplate\":\"https:\\\/\\\/atividademapa.com\\\/?s={search_term_string}\"},\"query-input\":{\"@type\":\"PropertyValueSpecification\",\"valueRequired\":true,\"valueName\":\"search_term_string\"}}],\"inLanguage\":\"pt-BR\"},{\"@type\":\"Organization\",\"@id\":\"https:\\\/\\\/atividademapa.com\\\/#organization\",\"name\":\"Atividade MAPA\",\"url\":\"https:\\\/\\\/atividademapa.com\\\/\",\"logo\":{\"@type\":\"ImageObject\",\"inLanguage\":\"pt-BR\",\"@id\":\"https:\\\/\\\/atividademapa.com\\\/#\\\/schema\\\/logo\\\/image\\\/\",\"url\":\"https:\\\/\\\/i0.wp.com\\\/atividademapa.com\\\/wp-content\\\/uploads\\\/2023\\\/02\\\/ATIVIDADE.png?fit=600%2C300&ssl=1\",\"contentUrl\":\"https:\\\/\\\/i0.wp.com\\\/atividademapa.com\\\/wp-content\\\/uploads\\\/2023\\\/02\\\/ATIVIDADE.png?fit=600%2C300&ssl=1\",\"width\":600,\"height\":300,\"caption\":\"Atividade MAPA\"},\"image\":{\"@id\":\"https:\\\/\\\/atividademapa.com\\\/#\\\/schema\\\/logo\\\/image\\\/\"}}]}<\/script>\n<!-- \/ Yoast SEO plugin. -->","yoast_head_json":{"title":"MAPA Direito do Consumidor e Comercial 51\/2024","description":"Atividade MAPA Direito do Consumidor e Comercial 51\/2024 &#8902; Unicesumar. Baixe agora mesmo um Mapa Pronto resolvido!","robots":{"index":"index","follow":"follow","max-snippet":"max-snippet:-1","max-image-preview":"max-image-preview:large","max-video-preview":"max-video-preview:-1"},"canonical":"https:\/\/atividademapa.com\/?product=mapa-direito-do-consumidor-e-comercial-51-2024","og_locale":"pt_BR","og_type":"article","og_title":"MAPA Direito do Consumidor e Comercial 51\/2024","og_description":"Atividade MAPA Direito do Consumidor e Comercial 51\/2024 &#8902; Unicesumar. Baixe agora mesmo um Mapa Pronto resolvido!","og_url":"https:\/\/atividademapa.com\/?product=mapa-direito-do-consumidor-e-comercial-51-2024","og_site_name":"Atividade Mapa","article_modified_time":"2024-03-05T15:59:03+00:00","og_image":[{"width":300,"height":300,"url":"https:\/\/i0.wp.com\/atividademapa.com\/wp-content\/uploads\/2023\/03\/Atividade-M.A.P.A-3.png?fit=300%2C300&ssl=1","type":"image\/png"}],"twitter_card":"summary_large_image","twitter_misc":{"Est. tempo de leitura":"3 minutos"},"schema":{"@context":"https:\/\/schema.org","@graph":[{"@type":"WebPage","@id":"https:\/\/atividademapa.com\/?product=mapa-direito-do-consumidor-e-comercial-51-2024","url":"https:\/\/atividademapa.com\/?product=mapa-direito-do-consumidor-e-comercial-51-2024","name":"MAPA Direito do Consumidor e Comercial 51\/2024","isPartOf":{"@id":"https:\/\/atividademapa.com\/#website"},"primaryImageOfPage":{"@id":"https:\/\/atividademapa.com\/?product=mapa-direito-do-consumidor-e-comercial-51-2024#primaryimage"},"image":{"@id":"https:\/\/atividademapa.com\/?product=mapa-direito-do-consumidor-e-comercial-51-2024#primaryimage"},"thumbnailUrl":"https:\/\/i0.wp.com\/atividademapa.com\/wp-content\/uploads\/2023\/03\/Atividade-M.A.P.A-3.png?fit=300%2C300&ssl=1","datePublished":"2024-02-25T12:43:47+00:00","dateModified":"2024-03-05T15:59:03+00:00","description":"Atividade MAPA Direito do Consumidor e Comercial 51\/2024 &#8902; Unicesumar. Baixe agora mesmo um Mapa Pronto resolvido!","breadcrumb":{"@id":"https:\/\/atividademapa.com\/?product=mapa-direito-do-consumidor-e-comercial-51-2024#breadcrumb"},"inLanguage":"pt-BR","potentialAction":[{"@type":"ReadAction","target":["https:\/\/atividademapa.com\/?product=mapa-direito-do-consumidor-e-comercial-51-2024"]}]},{"@type":"ImageObject","inLanguage":"pt-BR","@id":"https:\/\/atividademapa.com\/?product=mapa-direito-do-consumidor-e-comercial-51-2024#primaryimage","url":"https:\/\/i0.wp.com\/atividademapa.com\/wp-content\/uploads\/2023\/03\/Atividade-M.A.P.A-3.png?fit=300%2C300&ssl=1","contentUrl":"https:\/\/i0.wp.com\/atividademapa.com\/wp-content\/uploads\/2023\/03\/Atividade-M.A.P.A-3.png?fit=300%2C300&ssl=1","width":300,"height":300,"caption":"Mapa Unicesumar Atividade"},{"@type":"BreadcrumbList","@id":"https:\/\/atividademapa.com\/?product=mapa-direito-do-consumidor-e-comercial-51-2024#breadcrumb","itemListElement":[{"@type":"ListItem","position":1,"name":"In\u00edcio","item":"https:\/\/atividademapa.com\/"},{"@type":"ListItem","position":2,"name":"MAPAS","item":"https:\/\/atividademapa.com\/?page_id=5"},{"@type":"ListItem","position":3,"name":"MAPA Direito do Consumidor e Comercial 51\/2024"}]},{"@type":"WebSite","@id":"https:\/\/atividademapa.com\/#website","url":"https:\/\/atividademapa.com\/","name":"Atividade Mapa","description":"StudeO | Unicesumar","publisher":{"@id":"https:\/\/atividademapa.com\/#organization"},"potentialAction":[{"@type":"SearchAction","target":{"@type":"EntryPoint","urlTemplate":"https:\/\/atividademapa.com\/?s={search_term_string}"},"query-input":{"@type":"PropertyValueSpecification","valueRequired":true,"valueName":"search_term_string"}}],"inLanguage":"pt-BR"},{"@type":"Organization","@id":"https:\/\/atividademapa.com\/#organization","name":"Atividade MAPA","url":"https:\/\/atividademapa.com\/","logo":{"@type":"ImageObject","inLanguage":"pt-BR","@id":"https:\/\/atividademapa.com\/#\/schema\/logo\/image\/","url":"https:\/\/i0.wp.com\/atividademapa.com\/wp-content\/uploads\/2023\/02\/ATIVIDADE.png?fit=600%2C300&ssl=1","contentUrl":"https:\/\/i0.wp.com\/atividademapa.com\/wp-content\/uploads\/2023\/02\/ATIVIDADE.png?fit=600%2C300&ssl=1","width":600,"height":300,"caption":"Atividade MAPA"},"image":{"@id":"https:\/\/atividademapa.com\/#\/schema\/logo\/image\/"}}]}},"_links":{"self":[{"href":"https:\/\/atividademapa.com\/index.php?rest_route=\/wp\/v2\/product\/3446","targetHints":{"allow":["GET"]}}],"collection":[{"href":"https:\/\/atividademapa.com\/index.php?rest_route=\/wp\/v2\/product"}],"about":[{"href":"https:\/\/atividademapa.com\/index.php?rest_route=\/wp\/v2\/types\/product"}],"version-history":[{"count":2,"href":"https:\/\/atividademapa.com\/index.php?rest_route=\/wp\/v2\/product\/3446\/revisions"}],"predecessor-version":[{"id":3526,"href":"https:\/\/atividademapa.com\/index.php?rest_route=\/wp\/v2\/product\/3446\/revisions\/3526"}],"wp:featuredmedia":[{"embeddable":true,"href":"https:\/\/atividademapa.com\/index.php?rest_route=\/wp\/v2\/media\/2326"}],"wp:attachment":[{"href":"https:\/\/atividademapa.com\/index.php?rest_route=%2Fwp%2Fv2%2Fmedia&parent=3446"}],"wp:term":[{"taxonomy":"product_brand","embeddable":true,"href":"https:\/\/atividademapa.com\/index.php?rest_route=%2Fwp%2Fv2%2Fproduct_brand&post=3446"},{"taxonomy":"product_cat","embeddable":true,"href":"https:\/\/atividademapa.com\/index.php?rest_route=%2Fwp%2Fv2%2Fproduct_cat&post=3446"},{"taxonomy":"product_tag","embeddable":true,"href":"https:\/\/atividademapa.com\/index.php?rest_route=%2Fwp%2Fv2%2Fproduct_tag&post=3446"}],"curies":[{"name":"wp","href":"https:\/\/api.w.org\/{rel}","templated":true}]}}