{"id":3453,"date":"2024-02-26T14:23:11","date_gmt":"2024-02-26T17:23:11","guid":{"rendered":"https:\/\/atividademapa.com\/?post_type=product&#038;p=3453"},"modified":"2024-03-04T16:39:34","modified_gmt":"2024-03-04T19:39:34","slug":"mapa-biosseguranca-e-bioetica-512024","status":"publish","type":"product","link":"https:\/\/atividademapa.com\/?product=mapa-biosseguranca-e-bioetica-512024","title":{"rendered":"MAPA Biosseguran\u00e7a e  Bio\u00e9tica 51\/2024"},"content":{"rendered":"<p>MAPA Biosseguran\u00e7a e Bio\u00e9tica 51\/2024<\/p>\n<p>BIOSSEGURAN\u00c7A EM SA\u00daDE<\/p>\n<p>A biosseguran\u00e7a pode ser compreendida como um conjunto de normas e medidas que visa \u00e0 prote\u00e7\u00e3o da popula\u00e7\u00e3o e dos profissionais de sa\u00fade.<br \/>\nProfissionais da sa\u00fade est\u00e3o expostos a diversos riscos em suas profiss\u00f5es, devendo seguir sempre as medidas de biosseguran\u00e7a<br \/>\nA biosseguran\u00e7a pode ser definida como um conjunto de medidas que busca minimizar os riscos inerentes a uma determinada atividade. Esses riscos n\u00e3o s\u00e3o apenas aqueles que afetam o profissional que desempenha uma fun\u00e7\u00e3o, e sim todos aqueles que podem causar danos ao meio ambiente e \u00e0 sa\u00fade das pessoas.<br \/>\nNo que diz respeito aos profissionais de sa\u00fade, a biosseguran\u00e7a preocupa-se com as instala\u00e7\u00f5es laboratoriais, as boas pr\u00e1ticas em laborat\u00f3rio, os agentes biol\u00f3gicos aos quais o profissional est\u00e1 exposto e at\u00e9 mesmo a qualifica\u00e7\u00e3o da equipe de trabalho. Isso \u00e9 importante porque, nesses locais, existe a frequente exposi\u00e7\u00e3o a agentes patog\u00eanicos, al\u00e9m, \u00e9 claro, de riscos f\u00edsicos e qu\u00edmicos.<br \/>\nApesar de muitos profissionais considerarem a biosseguran\u00e7a como normas que dificultam a execu\u00e7\u00e3o de seu trabalho, s\u00e3o essas regras que garantem a sa\u00fade do trabalhador e do restante da popula\u00e7\u00e3o. O n\u00e3o cumprimento das normas b\u00e1sicas de biosseguran\u00e7a pode acarretar problemas como transmiss\u00e3o de doen\u00e7as e at\u00e9 mesmo epidemias.<\/p>\n<p>Fonte: SANTOS, Vanessa S. Mundo Educa\u00e7\u00e3o Uol. Dispon\u00edvel em: &lt; https:\/\/mundoeducacao.uol.com.br\/saude-bem-estar\/biosseguranca-saude.htm&gt;. Acesso em 05 de fev. 2024.<\/p>\n<p>TEXTO 02:<\/p>\n<p>BIO\u00c9TICA<\/p>\n<p>A bio\u00e9tica \u00e9 definida como o estudo transdisciplinar das ci\u00eancias biol\u00f3gicas, ci\u00eancias da sa\u00fade, \u00e9tica e do direito, tendo como finalidade investigar todas as situa\u00e7\u00f5es que est\u00e3o relacionadas com a vida humana, animal ou vegetal. O uso do termo bio\u00e9tica para designar uma \u00e1rea de atua\u00e7\u00e3o foi institu\u00eddo por Andr\u00e9 Hellegers em 1971.<\/p>\n<p>&nbsp;<\/p>\n<p>No Brasil, todas as profiss\u00f5es da sa\u00fade possuem c\u00f3digos de \u00e9tica espec\u00edficos, que s\u00e3o estabelecidos pelos Conselhos Federais e Regionais de cada profiss\u00e3o. Essas normas garantem, ent\u00e3o, um padr\u00e3o de como deve ser a conduta de cada profissional junto aos seus colegas de profiss\u00e3o, aos outros profissionais e na rela\u00e7\u00e3o com os clientes\/pacientes, seus familiares e com as outras pessoas em geral. Essa forma de conduta adotada no Brasil \u00e9 diferente, por exemplo, dos Estados Unidos, j\u00e1 que l\u00e1 os profissionais n\u00e3o s\u00e3o obrigados a ser filiados aos Conselhos de sua profiss\u00e3o; l\u00e1 essas normas s\u00e3o apenas diretivas, n\u00e3o obriga\u00e7\u00f5es. A bio\u00e9tica est\u00e1 relacionada especificamente \u00e0 abordagem de conflitos morais e \u00e9ticos na sa\u00fade. O Relat\u00f3rio de Belmont foi editado em 1978 pela Comiss\u00e3o Nacional para Prote\u00e7\u00e3o de Pessoas Humanas na pesquisa biom\u00e9dica e comportamental, sendo o primeiro a estabelecer o uso sistem\u00e1tico de princ\u00edpios. Bio\u00e9tica \u2013 \u00c9 uma palavra composta das palavras de origem grega \u201cbios\u201d = vida e \u201c\u00eathos\u201d = \u00e9tica.<\/p>\n<p>Os princ\u00edpios da bio\u00e9tica s\u00e3o atualmente divididos em quatro se\u00e7\u00f5es, que v\u00e3o nortear as discuss\u00f5es, decis\u00f5es, procedimentos e a\u00e7\u00f5es, sendo elas: benefic\u00eancia, n\u00e3o malefic\u00eancia, autonomia, e justi\u00e7a ou equidade.<\/p>\n<p>Fonte: VALLE, Paulo Heraldo Costa do. Bio\u00e9tica e Biosseguran\u00e7a. Editora e Distribuidora Educacional S\/A. Londrina, 2016. Dispon\u00edvel em: &lt; https:\/\/cm-kls-content.s3.amazonaws.com\/201601\/INTERATIVAS_2_0\/BIOETICA_E_BIOSSEGURANCA\/U1\/LIVRO_UNICO.pdf&gt;. Acesso em: 05 de fev. 2024.<\/p>\n<p>TEXTO 03:<\/p>\n<p>MAT\u00c9RIA DO JORNAL REGIONAL (situa\u00e7\u00e3o hipot\u00e9tica)<\/p>\n<p>\u201cNo hospital Santo Lar no Menino Jesus da Cidade Verde, uma situa\u00e7\u00e3o coloca em evid\u00eancia a import\u00e2ncia da biosseguran\u00e7a. Um novo paciente, Sr. Silva, foi admitido com uma doen\u00e7a misteriosa e de origem desconhecida. Ele apresenta sintomas graves, incluindo febre alta, dificuldade respirat\u00f3ria e manchas na pele. Os m\u00e9dicos est\u00e3o perplexos com a natureza da doen\u00e7a e suspeitam de um agente patog\u00eanico desconhecido. O paciente, por sua vez, precisa ser submetido a uma s\u00e9rie de exames, incluindo coleta de amostras de sangue, saliva e tecidos. Diante da incerteza sobre a origem da doen\u00e7a e do potencial risco de contamina\u00e7\u00e3o, o setor de biosseguran\u00e7a \u00e9 acionado, e os profissionais especializados entram em a\u00e7\u00e3o imediatamente com os protocolos de biosseguran\u00e7a do hospital\u201d.<\/p>\n<p>Fonte: Professor, 2024.<\/p>\n<p>ATIVIDADE\/AVALIA\u00c7\u00c3O:<\/p>\n<p>Considere que voc\u00ea \u00e9 o coordenador (a) da equipe de biosseguran\u00e7a do hospital \u201cSanto Lar do Menino Jesus\u201d, apresentado no caso fict\u00edcio. Ap\u00f3s o conhecimento da doen\u00e7a em que o paciente (Sr. Silva) foi acometido, dos seus sintomas e potenciais riscos, uma entrevista coletiva foi agendada pelo setor de comunica\u00e7\u00e3o da institui\u00e7\u00e3o, onde voc\u00ea dever\u00e1 apresentar as principais medidas preventivas que ser\u00e3o adotadas.<\/p>\n<p>RESPONDA:<\/p>\n<p>Pontue as a\u00e7\u00f5es e os motivos pelos quais elas ser\u00e3o necess\u00e1rias respondendo aos t\u00f3picos a seguir:<\/p>\n<p>a) ISOLAMENTO DO PACIENTE: esta medida objetiva&#8230;.<\/p>\n<p>b) REFOR\u00c7O DE EPIS: os EPIs s\u00e3o&#8230;<\/p>\n<p>c) CONTROLE DO ACESSO DE FUNCION\u00c1RIOS:<\/p>\n<p>d) MANUSEIO DAS AMOSTRAS CONTAMINADAS:<\/p>\n<p>e) TREINAMENTO COM OS POPs:<\/p>\n<p>&nbsp;<\/p>\n","protected":false},"excerpt":{"rendered":"<p>MAPA Biosseguran\u00e7a e Bio\u00e9tica 51\/2024 BIOSSEGURAN\u00c7A EM SA\u00daDE A biosseguran\u00e7a pode ser compreendida como um conjunto de normas e medidas<\/p>\n","protected":false},"featured_media":2326,"template":"","meta":{"_monsterinsights_skip_tracking":false,"_monsterinsights_sitenote_active":false,"_monsterinsights_sitenote_note":"","_monsterinsights_sitenote_category":0},"product_brand":[],"product_cat":[58],"product_tag":[],"class_list":{"0":"post-3453","1":"product","2":"type-product","3":"status-publish","4":"has-post-thumbnail","6":"product_cat-biomedicina","8":"first","9":"instock","10":"downloadable","11":"virtual","12":"purchasable","13":"product-type-simple"},"yoast_head":"<!-- This site is optimized with the Yoast SEO plugin v27.4 - https:\/\/yoast.com\/product\/yoast-seo-wordpress\/ -->\n<title>MAPA Biosseguran\u00e7a e Bio\u00e9tica 51\/2024<\/title>\n<meta name=\"description\" content=\"Atividade MAPA Biosseguran\u00e7a e Bio\u00e9tica 51\/2024 &#8902; Unicesumar. Baixe agora mesmo um Mapa Pronto resolvido!\" \/>\n<meta name=\"robots\" content=\"index, follow, max-snippet:-1, max-image-preview:large, max-video-preview:-1\" \/>\n<link rel=\"canonical\" href=\"https:\/\/atividademapa.com\/?product=mapa-biosseguranca-e-bioetica-512024\" \/>\n<meta property=\"og:locale\" content=\"pt_BR\" \/>\n<meta property=\"og:type\" content=\"article\" \/>\n<meta property=\"og:title\" content=\"MAPA Biosseguran\u00e7a e Bio\u00e9tica 51\/2024\" \/>\n<meta property=\"og:description\" content=\"Atividade MAPA Biosseguran\u00e7a e Bio\u00e9tica 51\/2024 &#8902; Unicesumar. Baixe agora mesmo um Mapa Pronto resolvido!\" \/>\n<meta property=\"og:url\" content=\"https:\/\/atividademapa.com\/?product=mapa-biosseguranca-e-bioetica-512024\" \/>\n<meta property=\"og:site_name\" content=\"Atividade Mapa\" \/>\n<meta property=\"article:modified_time\" content=\"2024-03-04T19:39:34+00:00\" \/>\n<meta property=\"og:image\" content=\"https:\/\/i0.wp.com\/atividademapa.com\/wp-content\/uploads\/2023\/03\/Atividade-M.A.P.A-3.png?fit=300%2C300&ssl=1\" \/>\n\t<meta property=\"og:image:width\" content=\"300\" \/>\n\t<meta property=\"og:image:height\" content=\"300\" \/>\n\t<meta property=\"og:image:type\" content=\"image\/png\" \/>\n<meta name=\"twitter:card\" content=\"summary_large_image\" \/>\n<meta name=\"twitter:label1\" content=\"Est. tempo de leitura\" \/>\n\t<meta name=\"twitter:data1\" content=\"4 minutos\" \/>\n<script type=\"application\/ld+json\" class=\"yoast-schema-graph\">{\"@context\":\"https:\\\/\\\/schema.org\",\"@graph\":[{\"@type\":\"WebPage\",\"@id\":\"https:\\\/\\\/atividademapa.com\\\/?product=mapa-biosseguranca-e-bioetica-512024\",\"url\":\"https:\\\/\\\/atividademapa.com\\\/?product=mapa-biosseguranca-e-bioetica-512024\",\"name\":\"MAPA Biosseguran\u00e7a e Bio\u00e9tica 51\\\/2024\",\"isPartOf\":{\"@id\":\"https:\\\/\\\/atividademapa.com\\\/#website\"},\"primaryImageOfPage\":{\"@id\":\"https:\\\/\\\/atividademapa.com\\\/?product=mapa-biosseguranca-e-bioetica-512024#primaryimage\"},\"image\":{\"@id\":\"https:\\\/\\\/atividademapa.com\\\/?product=mapa-biosseguranca-e-bioetica-512024#primaryimage\"},\"thumbnailUrl\":\"https:\\\/\\\/i0.wp.com\\\/atividademapa.com\\\/wp-content\\\/uploads\\\/2023\\\/03\\\/Atividade-M.A.P.A-3.png?fit=300%2C300&ssl=1\",\"datePublished\":\"2024-02-26T17:23:11+00:00\",\"dateModified\":\"2024-03-04T19:39:34+00:00\",\"description\":\"Atividade MAPA Biosseguran\u00e7a e Bio\u00e9tica 51\\\/2024 &#8902; Unicesumar. Baixe agora mesmo um Mapa Pronto resolvido!\",\"breadcrumb\":{\"@id\":\"https:\\\/\\\/atividademapa.com\\\/?product=mapa-biosseguranca-e-bioetica-512024#breadcrumb\"},\"inLanguage\":\"pt-BR\",\"potentialAction\":[{\"@type\":\"ReadAction\",\"target\":[\"https:\\\/\\\/atividademapa.com\\\/?product=mapa-biosseguranca-e-bioetica-512024\"]}]},{\"@type\":\"ImageObject\",\"inLanguage\":\"pt-BR\",\"@id\":\"https:\\\/\\\/atividademapa.com\\\/?product=mapa-biosseguranca-e-bioetica-512024#primaryimage\",\"url\":\"https:\\\/\\\/i0.wp.com\\\/atividademapa.com\\\/wp-content\\\/uploads\\\/2023\\\/03\\\/Atividade-M.A.P.A-3.png?fit=300%2C300&ssl=1\",\"contentUrl\":\"https:\\\/\\\/i0.wp.com\\\/atividademapa.com\\\/wp-content\\\/uploads\\\/2023\\\/03\\\/Atividade-M.A.P.A-3.png?fit=300%2C300&ssl=1\",\"width\":300,\"height\":300,\"caption\":\"Mapa Unicesumar Atividade\"},{\"@type\":\"BreadcrumbList\",\"@id\":\"https:\\\/\\\/atividademapa.com\\\/?product=mapa-biosseguranca-e-bioetica-512024#breadcrumb\",\"itemListElement\":[{\"@type\":\"ListItem\",\"position\":1,\"name\":\"In\u00edcio\",\"item\":\"https:\\\/\\\/atividademapa.com\\\/\"},{\"@type\":\"ListItem\",\"position\":2,\"name\":\"MAPAS\",\"item\":\"https:\\\/\\\/atividademapa.com\\\/?page_id=5\"},{\"@type\":\"ListItem\",\"position\":3,\"name\":\"MAPA Biosseguran\u00e7a e Bio\u00e9tica 51\\\/2024\"}]},{\"@type\":\"WebSite\",\"@id\":\"https:\\\/\\\/atividademapa.com\\\/#website\",\"url\":\"https:\\\/\\\/atividademapa.com\\\/\",\"name\":\"Atividade Mapa\",\"description\":\"StudeO | Unicesumar\",\"publisher\":{\"@id\":\"https:\\\/\\\/atividademapa.com\\\/#organization\"},\"potentialAction\":[{\"@type\":\"SearchAction\",\"target\":{\"@type\":\"EntryPoint\",\"urlTemplate\":\"https:\\\/\\\/atividademapa.com\\\/?s={search_term_string}\"},\"query-input\":{\"@type\":\"PropertyValueSpecification\",\"valueRequired\":true,\"valueName\":\"search_term_string\"}}],\"inLanguage\":\"pt-BR\"},{\"@type\":\"Organization\",\"@id\":\"https:\\\/\\\/atividademapa.com\\\/#organization\",\"name\":\"Atividade MAPA\",\"url\":\"https:\\\/\\\/atividademapa.com\\\/\",\"logo\":{\"@type\":\"ImageObject\",\"inLanguage\":\"pt-BR\",\"@id\":\"https:\\\/\\\/atividademapa.com\\\/#\\\/schema\\\/logo\\\/image\\\/\",\"url\":\"https:\\\/\\\/i0.wp.com\\\/atividademapa.com\\\/wp-content\\\/uploads\\\/2023\\\/02\\\/ATIVIDADE.png?fit=600%2C300&ssl=1\",\"contentUrl\":\"https:\\\/\\\/i0.wp.com\\\/atividademapa.com\\\/wp-content\\\/uploads\\\/2023\\\/02\\\/ATIVIDADE.png?fit=600%2C300&ssl=1\",\"width\":600,\"height\":300,\"caption\":\"Atividade MAPA\"},\"image\":{\"@id\":\"https:\\\/\\\/atividademapa.com\\\/#\\\/schema\\\/logo\\\/image\\\/\"}}]}<\/script>\n<!-- \/ Yoast SEO plugin. -->","yoast_head_json":{"title":"MAPA Biosseguran\u00e7a e Bio\u00e9tica 51\/2024","description":"Atividade MAPA Biosseguran\u00e7a e Bio\u00e9tica 51\/2024 &#8902; Unicesumar. Baixe agora mesmo um Mapa Pronto resolvido!","robots":{"index":"index","follow":"follow","max-snippet":"max-snippet:-1","max-image-preview":"max-image-preview:large","max-video-preview":"max-video-preview:-1"},"canonical":"https:\/\/atividademapa.com\/?product=mapa-biosseguranca-e-bioetica-512024","og_locale":"pt_BR","og_type":"article","og_title":"MAPA Biosseguran\u00e7a e Bio\u00e9tica 51\/2024","og_description":"Atividade MAPA Biosseguran\u00e7a e Bio\u00e9tica 51\/2024 &#8902; Unicesumar. Baixe agora mesmo um Mapa Pronto resolvido!","og_url":"https:\/\/atividademapa.com\/?product=mapa-biosseguranca-e-bioetica-512024","og_site_name":"Atividade Mapa","article_modified_time":"2024-03-04T19:39:34+00:00","og_image":[{"width":300,"height":300,"url":"https:\/\/i0.wp.com\/atividademapa.com\/wp-content\/uploads\/2023\/03\/Atividade-M.A.P.A-3.png?fit=300%2C300&ssl=1","type":"image\/png"}],"twitter_card":"summary_large_image","twitter_misc":{"Est. tempo de leitura":"4 minutos"},"schema":{"@context":"https:\/\/schema.org","@graph":[{"@type":"WebPage","@id":"https:\/\/atividademapa.com\/?product=mapa-biosseguranca-e-bioetica-512024","url":"https:\/\/atividademapa.com\/?product=mapa-biosseguranca-e-bioetica-512024","name":"MAPA Biosseguran\u00e7a e Bio\u00e9tica 51\/2024","isPartOf":{"@id":"https:\/\/atividademapa.com\/#website"},"primaryImageOfPage":{"@id":"https:\/\/atividademapa.com\/?product=mapa-biosseguranca-e-bioetica-512024#primaryimage"},"image":{"@id":"https:\/\/atividademapa.com\/?product=mapa-biosseguranca-e-bioetica-512024#primaryimage"},"thumbnailUrl":"https:\/\/i0.wp.com\/atividademapa.com\/wp-content\/uploads\/2023\/03\/Atividade-M.A.P.A-3.png?fit=300%2C300&ssl=1","datePublished":"2024-02-26T17:23:11+00:00","dateModified":"2024-03-04T19:39:34+00:00","description":"Atividade MAPA Biosseguran\u00e7a e Bio\u00e9tica 51\/2024 &#8902; Unicesumar. Baixe agora mesmo um Mapa Pronto resolvido!","breadcrumb":{"@id":"https:\/\/atividademapa.com\/?product=mapa-biosseguranca-e-bioetica-512024#breadcrumb"},"inLanguage":"pt-BR","potentialAction":[{"@type":"ReadAction","target":["https:\/\/atividademapa.com\/?product=mapa-biosseguranca-e-bioetica-512024"]}]},{"@type":"ImageObject","inLanguage":"pt-BR","@id":"https:\/\/atividademapa.com\/?product=mapa-biosseguranca-e-bioetica-512024#primaryimage","url":"https:\/\/i0.wp.com\/atividademapa.com\/wp-content\/uploads\/2023\/03\/Atividade-M.A.P.A-3.png?fit=300%2C300&ssl=1","contentUrl":"https:\/\/i0.wp.com\/atividademapa.com\/wp-content\/uploads\/2023\/03\/Atividade-M.A.P.A-3.png?fit=300%2C300&ssl=1","width":300,"height":300,"caption":"Mapa Unicesumar Atividade"},{"@type":"BreadcrumbList","@id":"https:\/\/atividademapa.com\/?product=mapa-biosseguranca-e-bioetica-512024#breadcrumb","itemListElement":[{"@type":"ListItem","position":1,"name":"In\u00edcio","item":"https:\/\/atividademapa.com\/"},{"@type":"ListItem","position":2,"name":"MAPAS","item":"https:\/\/atividademapa.com\/?page_id=5"},{"@type":"ListItem","position":3,"name":"MAPA Biosseguran\u00e7a e Bio\u00e9tica 51\/2024"}]},{"@type":"WebSite","@id":"https:\/\/atividademapa.com\/#website","url":"https:\/\/atividademapa.com\/","name":"Atividade Mapa","description":"StudeO | Unicesumar","publisher":{"@id":"https:\/\/atividademapa.com\/#organization"},"potentialAction":[{"@type":"SearchAction","target":{"@type":"EntryPoint","urlTemplate":"https:\/\/atividademapa.com\/?s={search_term_string}"},"query-input":{"@type":"PropertyValueSpecification","valueRequired":true,"valueName":"search_term_string"}}],"inLanguage":"pt-BR"},{"@type":"Organization","@id":"https:\/\/atividademapa.com\/#organization","name":"Atividade MAPA","url":"https:\/\/atividademapa.com\/","logo":{"@type":"ImageObject","inLanguage":"pt-BR","@id":"https:\/\/atividademapa.com\/#\/schema\/logo\/image\/","url":"https:\/\/i0.wp.com\/atividademapa.com\/wp-content\/uploads\/2023\/02\/ATIVIDADE.png?fit=600%2C300&ssl=1","contentUrl":"https:\/\/i0.wp.com\/atividademapa.com\/wp-content\/uploads\/2023\/02\/ATIVIDADE.png?fit=600%2C300&ssl=1","width":600,"height":300,"caption":"Atividade MAPA"},"image":{"@id":"https:\/\/atividademapa.com\/#\/schema\/logo\/image\/"}}]}},"_links":{"self":[{"href":"https:\/\/atividademapa.com\/index.php?rest_route=\/wp\/v2\/product\/3453","targetHints":{"allow":["GET"]}}],"collection":[{"href":"https:\/\/atividademapa.com\/index.php?rest_route=\/wp\/v2\/product"}],"about":[{"href":"https:\/\/atividademapa.com\/index.php?rest_route=\/wp\/v2\/types\/product"}],"version-history":[{"count":3,"href":"https:\/\/atividademapa.com\/index.php?rest_route=\/wp\/v2\/product\/3453\/revisions"}],"predecessor-version":[{"id":3457,"href":"https:\/\/atividademapa.com\/index.php?rest_route=\/wp\/v2\/product\/3453\/revisions\/3457"}],"wp:featuredmedia":[{"embeddable":true,"href":"https:\/\/atividademapa.com\/index.php?rest_route=\/wp\/v2\/media\/2326"}],"wp:attachment":[{"href":"https:\/\/atividademapa.com\/index.php?rest_route=%2Fwp%2Fv2%2Fmedia&parent=3453"}],"wp:term":[{"taxonomy":"product_brand","embeddable":true,"href":"https:\/\/atividademapa.com\/index.php?rest_route=%2Fwp%2Fv2%2Fproduct_brand&post=3453"},{"taxonomy":"product_cat","embeddable":true,"href":"https:\/\/atividademapa.com\/index.php?rest_route=%2Fwp%2Fv2%2Fproduct_cat&post=3453"},{"taxonomy":"product_tag","embeddable":true,"href":"https:\/\/atividademapa.com\/index.php?rest_route=%2Fwp%2Fv2%2Fproduct_tag&post=3453"}],"curies":[{"name":"wp","href":"https:\/\/api.w.org\/{rel}","templated":true}]}}