{"id":3460,"date":"2024-02-28T10:58:44","date_gmt":"2024-02-28T13:58:44","guid":{"rendered":"https:\/\/atividademapa.com\/?post_type=product&#038;p=3460"},"modified":"2024-04-15T22:39:40","modified_gmt":"2024-04-16T01:39:40","slug":"mapa-bioestatistica-e-epidemiologia-51-2024","status":"publish","type":"product","link":"https:\/\/atividademapa.com\/?product=mapa-bioestatistica-e-epidemiologia-51-2024","title":{"rendered":"MAPA Bioestat\u00edstica e Epidemiologia 51\/2024"},"content":{"rendered":"<p>MAPA Bioestat\u00edstica e Epidemiologia 51\/2024<\/p>\n<table width=\"99%\">\n<tbody>\n<tr>\n<td width=\"598\"><strong>\u00a0<\/strong><\/p>\n<p><strong>**ATEN\u00c7\u00c3O! <\/strong><strong>CASO PREFIRA, voc\u00ea pode realizar os c\u00e1lculos \u00e0 m\u00e3o ou utilizando a ferramenta equa\u00e7\u00e3o do office. Caso opte por fazer \u00e0 m\u00e3o, basta tirar uma foto ou scanear a folha com o c\u00e1lculo e inserir a imagem no arquivo word.<\/strong><\/p>\n<p><strong>\u00a0<\/strong><strong><u>ENUNCIADO<\/u><\/strong><\/p>\n<p><strong>\u00a0<\/strong><strong>Considere a situa\u00e7\u00e3o em que voc\u00ea participe de uma junta m\u00e9dica que estuda a <span style=\"color: #333333;\"><a style=\"color: #333333;\" href=\"https:\/\/bvsms.saude.gov.br\/aterosclerose-e-arteriosclerose\/\">aterosclerose<\/a><\/span> (ac\u00famulo de placas de gordura nas art\u00e9rias) em um centro de refer\u00eancia card\u00edaca. No Quadro 1 \u00e9 apresentado o resultado dos exames de triglic\u00e9rides, expresso em mg\/dL, de uma amostra dos exames de pacientes acometidos com aterosclerose.<\/strong><\/p>\n<p><strong>\u00a0<\/strong><\/p>\n<p><strong>Quadro 1 &#8211; Resultado dos exames de triglic\u00e9rides (mg\/dL) em pacientes acometidos com aterosclerose.* <\/strong><\/p>\n<table>\n<tbody>\n<tr>\n<td width=\"58\">1800<\/td>\n<td width=\"58\">960<\/td>\n<td width=\"58\">1220<\/td>\n<td width=\"58\">945<\/td>\n<td width=\"58\">1410<\/td>\n<td width=\"58\">1600<\/td>\n<td width=\"58\">1450<\/td>\n<td width=\"58\">1510<\/td>\n<td width=\"58\">1060<\/td>\n<td width=\"58\">980<\/td>\n<\/tr>\n<tr>\n<td width=\"58\">1330<\/td>\n<td width=\"58\">1190<\/td>\n<td width=\"58\">1130<\/td>\n<td width=\"58\">1800<\/td>\n<td width=\"58\">1390<\/td>\n<td width=\"58\">1740<\/td>\n<td width=\"58\">1660<\/td>\n<td width=\"58\">1400<\/td>\n<td width=\"58\">1760<\/td>\n<td width=\"58\">1840<\/td>\n<\/tr>\n<tr>\n<td width=\"58\">1270<\/td>\n<td width=\"58\">990<\/td>\n<td width=\"58\">1380<\/td>\n<td width=\"58\">1550<\/td>\n<td width=\"58\">1020<\/td>\n<td width=\"58\">1730<\/td>\n<td width=\"58\">1210<\/td>\n<td width=\"58\">1100<\/td>\n<td width=\"58\">1000<\/td>\n<td width=\"58\">1580<\/td>\n<\/tr>\n<tr>\n<td width=\"58\">980<\/td>\n<td width=\"58\">1650<\/td>\n<td width=\"58\">1500<\/td>\n<td width=\"58\">950<\/td>\n<td width=\"58\">1800<\/td>\n<td width=\"58\">1620<\/td>\n<td width=\"58\">1280<\/td>\n<td width=\"58\">1300<\/td>\n<td width=\"58\">1220<\/td>\n<td width=\"58\">1440<\/td>\n<\/tr>\n<tr>\n<td width=\"58\">1510<\/td>\n<td width=\"58\">1660<\/td>\n<td width=\"58\">1200<\/td>\n<td width=\"58\">1330<\/td>\n<td width=\"58\">1700<\/td>\n<td width=\"58\">980<\/td>\n<td width=\"58\">1050<\/td>\n<td width=\"58\">1340<\/td>\n<td width=\"58\">1855<\/td>\n<td width=\"58\">1000<\/td>\n<\/tr>\n<\/tbody>\n<\/table>\n<p><strong>*os dados desse Quadro s\u00e3o hipot\u00e9ticos.<\/strong><\/p>\n<p><strong>\u00a0<\/strong><\/p>\n<p><strong>Com base nessas informa\u00e7\u00f5es, resolva os itens que seguem:<\/strong><\/p>\n<p><strong>\u00a0<\/strong><\/td>\n<\/tr>\n<\/tbody>\n<\/table>\n<p><strong>CITE<\/strong> qual \u00e9 a vari\u00e1vel de estudo e a <strong>CLASSIFIQUE<\/strong> de acordo com a figura 1 que est\u00e1 no livro da disciplina, na p\u00e1gina 19, <strong>JUSTIFICANDO<\/strong> a classifica\u00e7\u00e3o.<br \/>\nFigura 1:<\/p>\n<p><img data-recalc-dims=\"1\" loading=\"lazy\" decoding=\"async\" class=\"alignnone size-medium wp-image-3462\" src=\"https:\/\/i0.wp.com\/atividademapa.com\/wp-content\/uploads\/2024\/02\/Variavel-de-Estudo-300x212.png?resize=300%2C212&#038;ssl=1\" alt=\"\" width=\"300\" height=\"212\" srcset=\"https:\/\/i0.wp.com\/atividademapa.com\/wp-content\/uploads\/2024\/02\/Variavel-de-Estudo.png?resize=300%2C212&amp;ssl=1 300w, https:\/\/i0.wp.com\/atividademapa.com\/wp-content\/uploads\/2024\/02\/Variavel-de-Estudo.png?resize=150%2C106&amp;ssl=1 150w, https:\/\/i0.wp.com\/atividademapa.com\/wp-content\/uploads\/2024\/02\/Variavel-de-Estudo.png?w=483&amp;ssl=1 483w\" sizes=\"auto, (max-width: 300px) 100vw, 300px\" \/><\/p>\n<p>Fonte: DEMARCHI, I., CHATALOV, R. Bioestat\u00edstica e Epidemiologia. Unicesumar: Maring\u00e1 \u2013 PR, 2021, p. 19.<\/p>\n<p><strong>PREENCHA<\/strong> o quadro abaixo com os dados do Quadro 1 <strong>organizados em Rol Crescente<\/strong> e <strong>CALCULE <\/strong>a m\u00e9dia, a <span style=\"color: #333333;\"><a style=\"color: #333333;\" href=\"https:\/\/atividademapa.com\">median<\/a>a<\/span> e a moda (NECESS\u00c1RIO apresentar os C\u00c1LCULOS da m\u00e9dia aritm\u00e9tica e a mediana). Observando os resultados que voc\u00ea obteve <strong>qual seria a melhor medida de tend\u00eancia central para representar estes dados<\/strong>? JUSTIFIQUE sua resposta.<\/p>\n<p><strong>CONSTRUA<\/strong> a tabela de distribui\u00e7\u00e3o de frequ\u00eancia de forma <u>COMPLETA<\/u> (t\u00edtulo, fonte e todas as informa\u00e7\u00f5es solicitadas), <u>empregando o crit\u00e9rio de Sturges para definir o n\u00famero de classes<\/u>. Apresente nessa tabela as seguintes informa\u00e7\u00f5es: frequ\u00eancia absoluta, frequ\u00eancia relativa, frequ\u00eancia relativa percentual, frequ\u00eancia acumulada, frequ\u00eancia relativa acumulada e frequ\u00eancia relativa acumulada percentual. NECESS\u00c1RIO APRESENTAR OS C\u00c1LCULOS para n\u00famero de classe, amplitude total e amplitude do intervalo. Para as frequ\u00eancias da tabela, apresentar SOMENTE a f\u00f3rmula utilizada em cada uma delas.<\/p>\n<p>Assumindo que os dados seguem distribui\u00e7\u00e3o normal, construa, com 95% de confian\u00e7a, o <u>intervalo de confian\u00e7a<\/u> que contenha a m\u00e9dia da popula\u00e7\u00e3o de pacientes em tratamento de aterosclerose nesse centro de refer\u00eancia card\u00edaca. Use a vari\u00e2ncia amostral como aproxima\u00e7\u00e3o da vari\u00e2ncia populacional. Ao final RESPONDA o que esse valor encontrado de Intervalo de confian\u00e7a (IC) representa. NECESS\u00c1RIO APRESENTAR C\u00c1LCULO DO INTERVALO DE CONFIAN\u00c7A (IC).<\/p>\n<p>Considere um estudo de caso-controle (dados hipot\u00e9ticos) em que a alimenta\u00e7\u00e3o rica em gordura e carboidrato foi verificada como fator de associa\u00e7\u00e3o com a aterosclerose. Os casos de aterosclerose s\u00e3o aqueles confirmados por exames e cl\u00ednica, e os controles s\u00e3o indiv\u00edduos que diferem apenas na aus\u00eancia da doen\u00e7a, como ilustrado na Tabela a seguir. Determine a raz\u00e3o de chances (OR) e a raz\u00e3o de preval\u00eancia (RP) e DESCREVA a interpreta\u00e7\u00e3o de cada resultado. NECESS\u00c1RIO APRESENTAR OS C\u00c1LCULOS.<\/p>\n","protected":false},"excerpt":{"rendered":"<p><strong><span style=\"color: #0000ff;\">PARE DE QUEBRAR A CABE\u00c7A<\/span><\/strong><\/p>\n<ul>\n<li>Tabela em Rol, m\u00e9dia, mediana, moda<\/li>\n<li>Tabela de Distribui\u00e7\u00e3o de Frequ\u00eancia &#8211; empregando o crit\u00e9rio de Sturges<\/li>\n<li>Intervalo de Confian\u00e7a (IC) de 95% apresentando os c\u00e1lculos<\/li>\n<li>Raz\u00e3o de chances (OR) e a raz\u00e3o de preval\u00eancia (RP) &#8211; apresentando os c\u00e1lculos<\/li>\n<\/ul>\n","protected":false},"featured_media":2326,"template":"","meta":{"_monsterinsights_skip_tracking":false,"_monsterinsights_sitenote_active":false,"_monsterinsights_sitenote_note":"","_monsterinsights_sitenote_category":0},"product_brand":[],"product_cat":[58,35],"product_tag":[122,120],"class_list":{"0":"post-3460","1":"product","2":"type-product","3":"status-publish","4":"has-post-thumbnail","6":"product_cat-biomedicina","7":"product_cat-enfermagem","8":"product_tag-bioestatistica","9":"product_tag-modulo-51-2024","11":"first","12":"instock","13":"downloadable","14":"virtual","15":"purchasable","16":"product-type-simple"},"yoast_head":"<!-- This site is optimized with the Yoast SEO plugin v27.4 - https:\/\/yoast.com\/product\/yoast-seo-wordpress\/ -->\n<title>MAPA Bioestat\u00edstica e Epidemiologia 51\/2024<\/title>\n<meta name=\"description\" content=\"MAPA Bioestat\u00edstica e Epidemiologia 51\/2024 Unicesumar | Atividade MAPA Pronto. Baixe Agora! Crit\u00e9rio de Sturges para definir o n\u00famero de classes.\" \/>\n<meta name=\"robots\" content=\"index, follow, max-snippet:-1, max-image-preview:large, max-video-preview:-1\" \/>\n<link rel=\"canonical\" href=\"https:\/\/atividademapa.com\/?product=mapa-bioestatistica-e-epidemiologia-51-2024\" \/>\n<meta property=\"og:locale\" content=\"pt_BR\" \/>\n<meta property=\"og:type\" content=\"article\" \/>\n<meta property=\"og:title\" content=\"MAPA Bioestat\u00edstica e Epidemiologia 51\/2024\" \/>\n<meta property=\"og:description\" content=\"MAPA Bioestat\u00edstica e Epidemiologia 51\/2024 Unicesumar | Atividade MAPA Pronto. Baixe Agora! Crit\u00e9rio de Sturges para definir o n\u00famero de classes.\" \/>\n<meta property=\"og:url\" content=\"https:\/\/atividademapa.com\/?product=mapa-bioestatistica-e-epidemiologia-51-2024\" \/>\n<meta property=\"og:site_name\" content=\"Atividade Mapa\" \/>\n<meta property=\"article:modified_time\" content=\"2024-04-16T01:39:40+00:00\" \/>\n<meta property=\"og:image\" content=\"https:\/\/i0.wp.com\/atividademapa.com\/wp-content\/uploads\/2023\/03\/Atividade-M.A.P.A-3.png?fit=300%2C300&ssl=1\" \/>\n\t<meta property=\"og:image:width\" content=\"300\" \/>\n\t<meta property=\"og:image:height\" content=\"300\" \/>\n\t<meta property=\"og:image:type\" content=\"image\/png\" \/>\n<meta name=\"twitter:card\" content=\"summary_large_image\" \/>\n<meta name=\"twitter:label1\" content=\"Est. tempo de leitura\" \/>\n\t<meta name=\"twitter:data1\" content=\"3 minutos\" \/>\n<script type=\"application\/ld+json\" class=\"yoast-schema-graph\">{\"@context\":\"https:\\\/\\\/schema.org\",\"@graph\":[{\"@type\":\"WebPage\",\"@id\":\"https:\\\/\\\/atividademapa.com\\\/?product=mapa-bioestatistica-e-epidemiologia-51-2024\",\"url\":\"https:\\\/\\\/atividademapa.com\\\/?product=mapa-bioestatistica-e-epidemiologia-51-2024\",\"name\":\"MAPA Bioestat\u00edstica e Epidemiologia 51\\\/2024\",\"isPartOf\":{\"@id\":\"https:\\\/\\\/atividademapa.com\\\/#website\"},\"primaryImageOfPage\":{\"@id\":\"https:\\\/\\\/atividademapa.com\\\/?product=mapa-bioestatistica-e-epidemiologia-51-2024#primaryimage\"},\"image\":{\"@id\":\"https:\\\/\\\/atividademapa.com\\\/?product=mapa-bioestatistica-e-epidemiologia-51-2024#primaryimage\"},\"thumbnailUrl\":\"https:\\\/\\\/i0.wp.com\\\/atividademapa.com\\\/wp-content\\\/uploads\\\/2023\\\/03\\\/Atividade-M.A.P.A-3.png?fit=300%2C300&ssl=1\",\"datePublished\":\"2024-02-28T13:58:44+00:00\",\"dateModified\":\"2024-04-16T01:39:40+00:00\",\"description\":\"MAPA Bioestat\u00edstica e Epidemiologia 51\\\/2024 Unicesumar | Atividade MAPA Pronto. Baixe Agora! Crit\u00e9rio de Sturges para definir o n\u00famero de classes.\",\"breadcrumb\":{\"@id\":\"https:\\\/\\\/atividademapa.com\\\/?product=mapa-bioestatistica-e-epidemiologia-51-2024#breadcrumb\"},\"inLanguage\":\"pt-BR\",\"potentialAction\":[{\"@type\":\"ReadAction\",\"target\":[\"https:\\\/\\\/atividademapa.com\\\/?product=mapa-bioestatistica-e-epidemiologia-51-2024\"]}]},{\"@type\":\"ImageObject\",\"inLanguage\":\"pt-BR\",\"@id\":\"https:\\\/\\\/atividademapa.com\\\/?product=mapa-bioestatistica-e-epidemiologia-51-2024#primaryimage\",\"url\":\"https:\\\/\\\/i0.wp.com\\\/atividademapa.com\\\/wp-content\\\/uploads\\\/2023\\\/03\\\/Atividade-M.A.P.A-3.png?fit=300%2C300&ssl=1\",\"contentUrl\":\"https:\\\/\\\/i0.wp.com\\\/atividademapa.com\\\/wp-content\\\/uploads\\\/2023\\\/03\\\/Atividade-M.A.P.A-3.png?fit=300%2C300&ssl=1\",\"width\":300,\"height\":300,\"caption\":\"Mapa Unicesumar Atividade\"},{\"@type\":\"BreadcrumbList\",\"@id\":\"https:\\\/\\\/atividademapa.com\\\/?product=mapa-bioestatistica-e-epidemiologia-51-2024#breadcrumb\",\"itemListElement\":[{\"@type\":\"ListItem\",\"position\":1,\"name\":\"In\u00edcio\",\"item\":\"https:\\\/\\\/atividademapa.com\\\/\"},{\"@type\":\"ListItem\",\"position\":2,\"name\":\"MAPAS\",\"item\":\"https:\\\/\\\/atividademapa.com\\\/?page_id=5\"},{\"@type\":\"ListItem\",\"position\":3,\"name\":\"MAPA Bioestat\u00edstica e Epidemiologia 51\\\/2024\"}]},{\"@type\":\"WebSite\",\"@id\":\"https:\\\/\\\/atividademapa.com\\\/#website\",\"url\":\"https:\\\/\\\/atividademapa.com\\\/\",\"name\":\"Atividade Mapa\",\"description\":\"StudeO | Unicesumar\",\"publisher\":{\"@id\":\"https:\\\/\\\/atividademapa.com\\\/#organization\"},\"potentialAction\":[{\"@type\":\"SearchAction\",\"target\":{\"@type\":\"EntryPoint\",\"urlTemplate\":\"https:\\\/\\\/atividademapa.com\\\/?s={search_term_string}\"},\"query-input\":{\"@type\":\"PropertyValueSpecification\",\"valueRequired\":true,\"valueName\":\"search_term_string\"}}],\"inLanguage\":\"pt-BR\"},{\"@type\":\"Organization\",\"@id\":\"https:\\\/\\\/atividademapa.com\\\/#organization\",\"name\":\"Atividade MAPA\",\"url\":\"https:\\\/\\\/atividademapa.com\\\/\",\"logo\":{\"@type\":\"ImageObject\",\"inLanguage\":\"pt-BR\",\"@id\":\"https:\\\/\\\/atividademapa.com\\\/#\\\/schema\\\/logo\\\/image\\\/\",\"url\":\"https:\\\/\\\/i0.wp.com\\\/atividademapa.com\\\/wp-content\\\/uploads\\\/2023\\\/02\\\/ATIVIDADE.png?fit=600%2C300&ssl=1\",\"contentUrl\":\"https:\\\/\\\/i0.wp.com\\\/atividademapa.com\\\/wp-content\\\/uploads\\\/2023\\\/02\\\/ATIVIDADE.png?fit=600%2C300&ssl=1\",\"width\":600,\"height\":300,\"caption\":\"Atividade MAPA\"},\"image\":{\"@id\":\"https:\\\/\\\/atividademapa.com\\\/#\\\/schema\\\/logo\\\/image\\\/\"}}]}<\/script>\n<!-- \/ Yoast SEO plugin. -->","yoast_head_json":{"title":"MAPA Bioestat\u00edstica e Epidemiologia 51\/2024","description":"MAPA Bioestat\u00edstica e Epidemiologia 51\/2024 Unicesumar | Atividade MAPA Pronto. Baixe Agora! Crit\u00e9rio de Sturges para definir o n\u00famero de classes.","robots":{"index":"index","follow":"follow","max-snippet":"max-snippet:-1","max-image-preview":"max-image-preview:large","max-video-preview":"max-video-preview:-1"},"canonical":"https:\/\/atividademapa.com\/?product=mapa-bioestatistica-e-epidemiologia-51-2024","og_locale":"pt_BR","og_type":"article","og_title":"MAPA Bioestat\u00edstica e Epidemiologia 51\/2024","og_description":"MAPA Bioestat\u00edstica e Epidemiologia 51\/2024 Unicesumar | Atividade MAPA Pronto. Baixe Agora! Crit\u00e9rio de Sturges para definir o n\u00famero de classes.","og_url":"https:\/\/atividademapa.com\/?product=mapa-bioestatistica-e-epidemiologia-51-2024","og_site_name":"Atividade Mapa","article_modified_time":"2024-04-16T01:39:40+00:00","og_image":[{"width":300,"height":300,"url":"https:\/\/i0.wp.com\/atividademapa.com\/wp-content\/uploads\/2023\/03\/Atividade-M.A.P.A-3.png?fit=300%2C300&ssl=1","type":"image\/png"}],"twitter_card":"summary_large_image","twitter_misc":{"Est. tempo de leitura":"3 minutos"},"schema":{"@context":"https:\/\/schema.org","@graph":[{"@type":"WebPage","@id":"https:\/\/atividademapa.com\/?product=mapa-bioestatistica-e-epidemiologia-51-2024","url":"https:\/\/atividademapa.com\/?product=mapa-bioestatistica-e-epidemiologia-51-2024","name":"MAPA Bioestat\u00edstica e Epidemiologia 51\/2024","isPartOf":{"@id":"https:\/\/atividademapa.com\/#website"},"primaryImageOfPage":{"@id":"https:\/\/atividademapa.com\/?product=mapa-bioestatistica-e-epidemiologia-51-2024#primaryimage"},"image":{"@id":"https:\/\/atividademapa.com\/?product=mapa-bioestatistica-e-epidemiologia-51-2024#primaryimage"},"thumbnailUrl":"https:\/\/i0.wp.com\/atividademapa.com\/wp-content\/uploads\/2023\/03\/Atividade-M.A.P.A-3.png?fit=300%2C300&ssl=1","datePublished":"2024-02-28T13:58:44+00:00","dateModified":"2024-04-16T01:39:40+00:00","description":"MAPA Bioestat\u00edstica e Epidemiologia 51\/2024 Unicesumar | Atividade MAPA Pronto. Baixe Agora! Crit\u00e9rio de Sturges para definir o n\u00famero de classes.","breadcrumb":{"@id":"https:\/\/atividademapa.com\/?product=mapa-bioestatistica-e-epidemiologia-51-2024#breadcrumb"},"inLanguage":"pt-BR","potentialAction":[{"@type":"ReadAction","target":["https:\/\/atividademapa.com\/?product=mapa-bioestatistica-e-epidemiologia-51-2024"]}]},{"@type":"ImageObject","inLanguage":"pt-BR","@id":"https:\/\/atividademapa.com\/?product=mapa-bioestatistica-e-epidemiologia-51-2024#primaryimage","url":"https:\/\/i0.wp.com\/atividademapa.com\/wp-content\/uploads\/2023\/03\/Atividade-M.A.P.A-3.png?fit=300%2C300&ssl=1","contentUrl":"https:\/\/i0.wp.com\/atividademapa.com\/wp-content\/uploads\/2023\/03\/Atividade-M.A.P.A-3.png?fit=300%2C300&ssl=1","width":300,"height":300,"caption":"Mapa Unicesumar Atividade"},{"@type":"BreadcrumbList","@id":"https:\/\/atividademapa.com\/?product=mapa-bioestatistica-e-epidemiologia-51-2024#breadcrumb","itemListElement":[{"@type":"ListItem","position":1,"name":"In\u00edcio","item":"https:\/\/atividademapa.com\/"},{"@type":"ListItem","position":2,"name":"MAPAS","item":"https:\/\/atividademapa.com\/?page_id=5"},{"@type":"ListItem","position":3,"name":"MAPA Bioestat\u00edstica e Epidemiologia 51\/2024"}]},{"@type":"WebSite","@id":"https:\/\/atividademapa.com\/#website","url":"https:\/\/atividademapa.com\/","name":"Atividade Mapa","description":"StudeO | Unicesumar","publisher":{"@id":"https:\/\/atividademapa.com\/#organization"},"potentialAction":[{"@type":"SearchAction","target":{"@type":"EntryPoint","urlTemplate":"https:\/\/atividademapa.com\/?s={search_term_string}"},"query-input":{"@type":"PropertyValueSpecification","valueRequired":true,"valueName":"search_term_string"}}],"inLanguage":"pt-BR"},{"@type":"Organization","@id":"https:\/\/atividademapa.com\/#organization","name":"Atividade MAPA","url":"https:\/\/atividademapa.com\/","logo":{"@type":"ImageObject","inLanguage":"pt-BR","@id":"https:\/\/atividademapa.com\/#\/schema\/logo\/image\/","url":"https:\/\/i0.wp.com\/atividademapa.com\/wp-content\/uploads\/2023\/02\/ATIVIDADE.png?fit=600%2C300&ssl=1","contentUrl":"https:\/\/i0.wp.com\/atividademapa.com\/wp-content\/uploads\/2023\/02\/ATIVIDADE.png?fit=600%2C300&ssl=1","width":600,"height":300,"caption":"Atividade MAPA"},"image":{"@id":"https:\/\/atividademapa.com\/#\/schema\/logo\/image\/"}}]}},"_links":{"self":[{"href":"https:\/\/atividademapa.com\/index.php?rest_route=\/wp\/v2\/product\/3460","targetHints":{"allow":["GET"]}}],"collection":[{"href":"https:\/\/atividademapa.com\/index.php?rest_route=\/wp\/v2\/product"}],"about":[{"href":"https:\/\/atividademapa.com\/index.php?rest_route=\/wp\/v2\/types\/product"}],"version-history":[{"count":3,"href":"https:\/\/atividademapa.com\/index.php?rest_route=\/wp\/v2\/product\/3460\/revisions"}],"predecessor-version":[{"id":3467,"href":"https:\/\/atividademapa.com\/index.php?rest_route=\/wp\/v2\/product\/3460\/revisions\/3467"}],"wp:featuredmedia":[{"embeddable":true,"href":"https:\/\/atividademapa.com\/index.php?rest_route=\/wp\/v2\/media\/2326"}],"wp:attachment":[{"href":"https:\/\/atividademapa.com\/index.php?rest_route=%2Fwp%2Fv2%2Fmedia&parent=3460"}],"wp:term":[{"taxonomy":"product_brand","embeddable":true,"href":"https:\/\/atividademapa.com\/index.php?rest_route=%2Fwp%2Fv2%2Fproduct_brand&post=3460"},{"taxonomy":"product_cat","embeddable":true,"href":"https:\/\/atividademapa.com\/index.php?rest_route=%2Fwp%2Fv2%2Fproduct_cat&post=3460"},{"taxonomy":"product_tag","embeddable":true,"href":"https:\/\/atividademapa.com\/index.php?rest_route=%2Fwp%2Fv2%2Fproduct_tag&post=3460"}],"curies":[{"name":"wp","href":"https:\/\/api.w.org\/{rel}","templated":true}]}}